{"id":49471,"date":"2025-11-27T11:22:12","date_gmt":"2025-11-27T09:22:12","guid":{"rendered":"https:\/\/toidupakk.ee\/toode\/wafle-ziemniaczane-long-chips-o-smaku-kebabu\/"},"modified":"2026-04-15T05:00:45","modified_gmt":"2026-04-15T02:00:45","slug":"wafle-ziemniaczane-long-chips-o-smaku-kebabu","status":"publish","type":"product","link":"https:\/\/toidupakk.ee\/pl\/toode\/wafle-ziemniaczane-long-chips-o-smaku-kebabu\/","title":{"rendered":"Wafle ziemniaczane Long Chips o smaku kebabu"},"content":{"rendered":"<p><strong>Wafle ziemniaczane Long Chips o smaku kebabu zaskakuj\u0105 przyjemnym i pe\u0142nym smakiem. Po\u0142\u0105czenie pomidor\u00f3w, zi\u00f3\u0142 i \u0142agodnego czosnku tworzy ciep\u0142y klimat ulicznego jedzenia i wydobywa autentyczne niuanse charakterystyczne dla kebabu. <\/strong><\/p>\n<h2>Sugestie dotycz\u0105ce spo\u017cycia<\/h2>\n<ul>\n<li>Serwuj jako wykwintn\u0105 przek\u0105sk\u0119 do wina lub szampana.<\/li>\n<li>Dodaj do deski ser\u00f3w i w\u0119dlin, aby zaoferowa\u0107 go\u015bciom luksusowe doznania smakowe.<\/li>\n<li>Ciesz si\u0119 nimi jako wyj\u0105tkow\u0105 przek\u0105sk\u0105 podczas przerwy w pracy lub seansu filmowego.<\/li>\n<\/ul>\n<hr>\n<h2>Wafle ziemniaczane Long Chips o smaku kebabu \u2013 dlaczego warto je wybra\u0107?<\/h2>\n<ul>\n<li>Unikalny d\u0142ugi i cienki kszta\u0142t, kt\u00f3ry r\u00f3\u017cni si\u0119 od zwyk\u0142ych chips\u00f3w.<\/li>\n<li>Zachwycaj\u0105cy smak kebabu \u2013 przek\u0105ska dla tych, kt\u00f3rzy lubi\u0105 ciep\u0142e korzenne nuty i pe\u0142ny smak, daj\u0105cy przy ka\u017cdym k\u0119sie namiastk\u0119 street foodu.<\/li>\n<li>Lekka, chrupi\u0105ca tekstura i intensywne doznania smakowe.<\/li>\n<li>Idealne zar\u00f3wno na prezent, jak i do w\u0142asnego chrupania.<\/li>\n<\/ul>\n<p>Zobacz wi\u0119cej przek\u0105sek <a href=\"https:\/\/toidupakk.ee\/pl\/tootekategooria\/przekaski\/\">TUTAJ<\/a>.<\/p>\n<p>Znajd\u017a inspiracj\u0119 do kolejnych przyg\u00f3d na <a href=\"https:\/\/www.instagram.com\/toidupakk\/\">Instagramie<\/a> i <a href=\"https:\/\/www.facebook.com\/Toidupakk\/\">Facebooku<\/a> Toidupakk.<\/p>\n","protected":false},"excerpt":{"rendered":"<p><strong>Odkryj nowy poziom chrupi\u0105cych wafli ziemniaczanych \u2013 Long Chips oferuje smak kebabu, kt\u00f3ry \u0142\u0105czy przyjemn\u0105 pikantno\u015b\u0107 z \u0142agodn\u0105 mi\u0119sn\u0105 nut\u0105. Rezultatem jest przek\u0105ska idealna zar\u00f3wno na szybki k\u0119s, jak i spokojn\u0105 degustacj\u0119. <\/strong><\/p>\n<ul>\n<li>Wafle ziemniaczane Long Chips powstaj\u0105 z prawdziwego pur\u00e9e ziemniaczanego<\/li>\n<li>Idealna chrupko\u015b\u0107 i przyjemnie napowietrzona tekstura wafli to zas\u0142uga technologii szybkiego sma\u017cenia, w kt\u00f3rej ka\u017cdy chips sma\u017cy si\u0119 tylko przez 10 sekund<\/li>\n<li>Wyprodukowano na \u0141otwie<\/li>\n<li>Waga 75 g<\/li>\n<li>Przechowywa\u0107 w suchym i ch\u0142odnym miejscu<\/li>\n<\/ul>\n<p><strong>Sk\u0142ad:<\/strong> P\u0142atki ziemniaczane (48%), olej s\u0142onecznikowy, grysik pszenny, skrobia ziemniaczana, mieszanka aromatyzuj\u0105ca [m\u0105ka ry\u017cowa, s\u00f3l, cukier, suszona cebula, przyprawy, naturalny aromat, suszony czosnek, pomidory w proszku, zio\u0142a, ser w proszku (mleko), ekstrakty dro\u017cd\u017cowe, kwas (kwas cytrynowy, kwas mlekowy, mleczan wapnia)], s\u00f3l, przeciwutleniacz (ekstrakt z rozmarynu). Mo\u017ce zawiera\u0107 \u015bladowe ilo\u015bci gorczycy. <\/p>\n<p>\u2705 Dost\u0119pne w magazynie, szybka dostawa w 1-3 dni robocze<\/p>\n","protected":false},"featured_media":42857,"comment_status":"open","ping_status":"closed","template":"","meta":{"_acf_changed":false},"product_brand":[],"product_cat":[303,322,301,323],"product_tag":[305],"class_list":{"0":"post-49471","1":"product","2":"type-product","3":"status-publish","4":"has-post-thumbnail","6":"product_cat-akcesoria-turystyczne","7":"product_cat-przekaski","8":"product_cat-sprzet-turystyczny","9":"product_cat-wafle-ziemniaczane-long-chips","10":"product_tag-no_ads","12":"first","13":"instock","14":"taxable","15":"shipping-taxable","16":"purchasable","17":"product-type-simple"},"bundled_by":[],"bundle_stock_status":"instock","bundle_stock_quantity":8,"bundle_virtual":false,"bundle_layout":"","bundle_add_to_cart_form_location":"","bundle_editable_in_cart":false,"bundle_sold_individually_context":"","bundle_item_grouping":"","bundle_min_size":"","bundle_max_size":"","bundle_price":[],"bundled_items":[],"bundle_sell_ids":[],"acf":[],"yoast_head":"<!-- This site is optimized with the Yoast SEO plugin v27.3 - https:\/\/yoast.com\/product\/yoast-seo-wordpress\/ -->\n<title>Wafle ziemniaczane Long Chips o smaku kebabu<\/title>\n<meta name=\"description\" content=\"Wafle ziemniaczane o smaku kebabu oferuj\u0105 przyjemn\u0105 pikantno\u015b\u0107 i mi\u0119sn\u0105 nut\u0119, wnosz\u0105c do ka\u017cdego k\u0119sa klimat street foodu. Idealna przek\u0105ska na ka\u017cd\u0105 chwil\u0119.\" \/>\n<meta name=\"robots\" content=\"index, follow, max-snippet:-1, max-image-preview:large, max-video-preview:-1\" \/>\n<link rel=\"canonical\" href=\"https:\/\/toidupakk.ee\/pl\/toode\/wafle-ziemniaczane-long-chips-o-smaku-kebabu\/\" \/>\n<meta property=\"og:locale\" content=\"pl_PL\" \/>\n<meta property=\"og:type\" content=\"article\" \/>\n<meta property=\"og:title\" content=\"Wafle ziemniaczane Long Chips o smaku kebabu\" \/>\n<meta property=\"og:description\" content=\"Wafle ziemniaczane o smaku kebabu oferuj\u0105 przyjemn\u0105 pikantno\u015b\u0107 i mi\u0119sn\u0105 nut\u0119, wnosz\u0105c do ka\u017cdego k\u0119sa klimat street foodu. Idealna przek\u0105ska na ka\u017cd\u0105 chwil\u0119.\" \/>\n<meta property=\"og:url\" content=\"https:\/\/toidupakk.ee\/pl\/toode\/wafle-ziemniaczane-long-chips-o-smaku-kebabu\/\" \/>\n<meta property=\"og:site_name\" content=\"Toidupakk.ee - Tactical Foodpack toidupakid\" \/>\n<meta property=\"article:publisher\" content=\"https:\/\/www.facebook.com\/Toidupakk\" \/>\n<meta property=\"article:modified_time\" content=\"2026-04-15T02:00:45+00:00\" \/>\n<meta property=\"og:image\" content=\"https:\/\/toidupakk.ee\/wp-content\/uploads\/2025\/11\/Nimetu-kujundus-6.png\" \/>\n\t<meta property=\"og:image:width\" content=\"800\" \/>\n\t<meta property=\"og:image:height\" content=\"800\" \/>\n\t<meta property=\"og:image:type\" content=\"image\/png\" \/>\n<meta name=\"twitter:card\" content=\"summary_large_image\" \/>\n<meta name=\"twitter:label1\" content=\"Szacowany czas czytania\" \/>\n\t<meta name=\"twitter:data1\" content=\"1 minuta\" \/>\n<script type=\"application\/ld+json\" class=\"yoast-schema-graph\">{\"@context\":\"https:\\\/\\\/schema.org\",\"@graph\":[{\"@type\":\"WebPage\",\"@id\":\"https:\\\/\\\/toidupakk.ee\\\/pl\\\/toode\\\/wafle-ziemniaczane-long-chips-o-smaku-kebabu\\\/\",\"url\":\"https:\\\/\\\/toidupakk.ee\\\/pl\\\/toode\\\/wafle-ziemniaczane-long-chips-o-smaku-kebabu\\\/\",\"name\":\"Wafle ziemniaczane Long Chips o smaku kebabu\",\"isPartOf\":{\"@id\":\"https:\\\/\\\/toidupakk.ee\\\/pl\\\/#website\"},\"primaryImageOfPage\":{\"@id\":\"https:\\\/\\\/toidupakk.ee\\\/pl\\\/toode\\\/wafle-ziemniaczane-long-chips-o-smaku-kebabu\\\/#primaryimage\"},\"image\":{\"@id\":\"https:\\\/\\\/toidupakk.ee\\\/pl\\\/toode\\\/wafle-ziemniaczane-long-chips-o-smaku-kebabu\\\/#primaryimage\"},\"thumbnailUrl\":\"https:\\\/\\\/toidupakk.ee\\\/wp-content\\\/uploads\\\/2025\\\/11\\\/Nimetu-kujundus-6.png\",\"datePublished\":\"2025-11-27T09:22:12+00:00\",\"dateModified\":\"2026-04-15T02:00:45+00:00\",\"description\":\"Wafle ziemniaczane o smaku kebabu oferuj\u0105 przyjemn\u0105 pikantno\u015b\u0107 i mi\u0119sn\u0105 nut\u0119, wnosz\u0105c do ka\u017cdego k\u0119sa klimat street foodu. Idealna przek\u0105ska na ka\u017cd\u0105 chwil\u0119.\",\"breadcrumb\":{\"@id\":\"https:\\\/\\\/toidupakk.ee\\\/pl\\\/toode\\\/wafle-ziemniaczane-long-chips-o-smaku-kebabu\\\/#breadcrumb\"},\"inLanguage\":\"pl-PL\",\"potentialAction\":[{\"@type\":\"ReadAction\",\"target\":[\"https:\\\/\\\/toidupakk.ee\\\/pl\\\/toode\\\/wafle-ziemniaczane-long-chips-o-smaku-kebabu\\\/\"]}]},{\"@type\":\"ImageObject\",\"inLanguage\":\"pl-PL\",\"@id\":\"https:\\\/\\\/toidupakk.ee\\\/pl\\\/toode\\\/wafle-ziemniaczane-long-chips-o-smaku-kebabu\\\/#primaryimage\",\"url\":\"https:\\\/\\\/toidupakk.ee\\\/wp-content\\\/uploads\\\/2025\\\/11\\\/Nimetu-kujundus-6.png\",\"contentUrl\":\"https:\\\/\\\/toidupakk.ee\\\/wp-content\\\/uploads\\\/2025\\\/11\\\/Nimetu-kujundus-6.png\",\"width\":800,\"height\":800,\"caption\":\"Kartulivahvlid kebabi maitsega pakub m\u00f5nusat v\u00fcrtsikust ja lihast maitsetooni, tuues igasse ampsu kerge t\u00e4navatoidu h\u00f5ngu. Ideaalne sn\u00e4kk igaks hetkeks.\"},{\"@type\":\"BreadcrumbList\",\"@id\":\"https:\\\/\\\/toidupakk.ee\\\/pl\\\/toode\\\/wafle-ziemniaczane-long-chips-o-smaku-kebabu\\\/#breadcrumb\",\"itemListElement\":[{\"@type\":\"ListItem\",\"position\":1,\"name\":\"Avaleht\",\"item\":\"https:\\\/\\\/toidupakk.ee\\\/pl\\\/\"},{\"@type\":\"ListItem\",\"position\":2,\"name\":\"Sklep internetowy\",\"item\":\"https:\\\/\\\/toidupakk.ee\\\/pl\\\/sklep-internetowy\\\/\"},{\"@type\":\"ListItem\",\"position\":3,\"name\":\"Wafle ziemniaczane Long Chips o smaku kebabu\"}]},{\"@type\":\"WebSite\",\"@id\":\"https:\\\/\\\/toidupakk.ee\\\/pl\\\/#website\",\"url\":\"https:\\\/\\\/toidupakk.ee\\\/pl\\\/\",\"name\":\"Toidupakk.ee - Tactical Foodpack toidupakid\",\"description\":\"Tactical Foodpack k\u00fclmkuivatatud toidupakid ja matkaeined\",\"publisher\":{\"@id\":\"https:\\\/\\\/toidupakk.ee\\\/pl\\\/#organization\"},\"potentialAction\":[{\"@type\":\"SearchAction\",\"target\":{\"@type\":\"EntryPoint\",\"urlTemplate\":\"https:\\\/\\\/toidupakk.ee\\\/pl\\\/?s={search_term_string}\"},\"query-input\":{\"@type\":\"PropertyValueSpecification\",\"valueRequired\":true,\"valueName\":\"search_term_string\"}}],\"inLanguage\":\"pl-PL\"},{\"@type\":\"Organization\",\"@id\":\"https:\\\/\\\/toidupakk.ee\\\/pl\\\/#organization\",\"name\":\"Tactical Foodpack matkaeined\",\"url\":\"https:\\\/\\\/toidupakk.ee\\\/pl\\\/\",\"logo\":{\"@type\":\"ImageObject\",\"inLanguage\":\"pl-PL\",\"@id\":\"https:\\\/\\\/toidupakk.ee\\\/pl\\\/#\\\/schema\\\/logo\\\/image\\\/\",\"url\":\"https:\\\/\\\/toidupakk.ee\\\/wp-content\\\/uploads\\\/2022\\\/01\\\/Toidupakk-matkapood-logo-transparent.png\",\"contentUrl\":\"https:\\\/\\\/toidupakk.ee\\\/wp-content\\\/uploads\\\/2022\\\/01\\\/Toidupakk-matkapood-logo-transparent.png\",\"width\":500,\"height\":500,\"caption\":\"Tactical Foodpack matkaeined\"},\"image\":{\"@id\":\"https:\\\/\\\/toidupakk.ee\\\/pl\\\/#\\\/schema\\\/logo\\\/image\\\/\"},\"sameAs\":[\"https:\\\/\\\/www.facebook.com\\\/Toidupakk\",\"https:\\\/\\\/www.instagram.com\\\/toidupakk\\\/\"]}]}<\/script>\n<!-- \/ Yoast SEO plugin. -->","yoast_head_json":{"title":"Wafle ziemniaczane Long Chips o smaku kebabu","description":"Wafle ziemniaczane o smaku kebabu oferuj\u0105 przyjemn\u0105 pikantno\u015b\u0107 i mi\u0119sn\u0105 nut\u0119, wnosz\u0105c do ka\u017cdego k\u0119sa klimat street foodu. Idealna przek\u0105ska na ka\u017cd\u0105 chwil\u0119.","robots":{"index":"index","follow":"follow","max-snippet":"max-snippet:-1","max-image-preview":"max-image-preview:large","max-video-preview":"max-video-preview:-1"},"canonical":"https:\/\/toidupakk.ee\/pl\/toode\/wafle-ziemniaczane-long-chips-o-smaku-kebabu\/","og_locale":"pl_PL","og_type":"article","og_title":"Wafle ziemniaczane Long Chips o smaku kebabu","og_description":"Wafle ziemniaczane o smaku kebabu oferuj\u0105 przyjemn\u0105 pikantno\u015b\u0107 i mi\u0119sn\u0105 nut\u0119, wnosz\u0105c do ka\u017cdego k\u0119sa klimat street foodu. Idealna przek\u0105ska na ka\u017cd\u0105 chwil\u0119.","og_url":"https:\/\/toidupakk.ee\/pl\/toode\/wafle-ziemniaczane-long-chips-o-smaku-kebabu\/","og_site_name":"Toidupakk.ee - Tactical Foodpack toidupakid","article_publisher":"https:\/\/www.facebook.com\/Toidupakk","article_modified_time":"2026-04-15T02:00:45+00:00","og_image":[{"width":800,"height":800,"url":"https:\/\/toidupakk.ee\/wp-content\/uploads\/2025\/11\/Nimetu-kujundus-6.png","type":"image\/png"}],"twitter_card":"summary_large_image","twitter_misc":{"Szacowany czas czytania":"1 minuta"},"schema":{"@context":"https:\/\/schema.org","@graph":[{"@type":"WebPage","@id":"https:\/\/toidupakk.ee\/pl\/toode\/wafle-ziemniaczane-long-chips-o-smaku-kebabu\/","url":"https:\/\/toidupakk.ee\/pl\/toode\/wafle-ziemniaczane-long-chips-o-smaku-kebabu\/","name":"Wafle ziemniaczane Long Chips o smaku kebabu","isPartOf":{"@id":"https:\/\/toidupakk.ee\/pl\/#website"},"primaryImageOfPage":{"@id":"https:\/\/toidupakk.ee\/pl\/toode\/wafle-ziemniaczane-long-chips-o-smaku-kebabu\/#primaryimage"},"image":{"@id":"https:\/\/toidupakk.ee\/pl\/toode\/wafle-ziemniaczane-long-chips-o-smaku-kebabu\/#primaryimage"},"thumbnailUrl":"https:\/\/toidupakk.ee\/wp-content\/uploads\/2025\/11\/Nimetu-kujundus-6.png","datePublished":"2025-11-27T09:22:12+00:00","dateModified":"2026-04-15T02:00:45+00:00","description":"Wafle ziemniaczane o smaku kebabu oferuj\u0105 przyjemn\u0105 pikantno\u015b\u0107 i mi\u0119sn\u0105 nut\u0119, wnosz\u0105c do ka\u017cdego k\u0119sa klimat street foodu. Idealna przek\u0105ska na ka\u017cd\u0105 chwil\u0119.","breadcrumb":{"@id":"https:\/\/toidupakk.ee\/pl\/toode\/wafle-ziemniaczane-long-chips-o-smaku-kebabu\/#breadcrumb"},"inLanguage":"pl-PL","potentialAction":[{"@type":"ReadAction","target":["https:\/\/toidupakk.ee\/pl\/toode\/wafle-ziemniaczane-long-chips-o-smaku-kebabu\/"]}]},{"@type":"ImageObject","inLanguage":"pl-PL","@id":"https:\/\/toidupakk.ee\/pl\/toode\/wafle-ziemniaczane-long-chips-o-smaku-kebabu\/#primaryimage","url":"https:\/\/toidupakk.ee\/wp-content\/uploads\/2025\/11\/Nimetu-kujundus-6.png","contentUrl":"https:\/\/toidupakk.ee\/wp-content\/uploads\/2025\/11\/Nimetu-kujundus-6.png","width":800,"height":800,"caption":"Kartulivahvlid kebabi maitsega pakub m\u00f5nusat v\u00fcrtsikust ja lihast maitsetooni, tuues igasse ampsu kerge t\u00e4navatoidu h\u00f5ngu. Ideaalne sn\u00e4kk igaks hetkeks."},{"@type":"BreadcrumbList","@id":"https:\/\/toidupakk.ee\/pl\/toode\/wafle-ziemniaczane-long-chips-o-smaku-kebabu\/#breadcrumb","itemListElement":[{"@type":"ListItem","position":1,"name":"Avaleht","item":"https:\/\/toidupakk.ee\/pl\/"},{"@type":"ListItem","position":2,"name":"Sklep internetowy","item":"https:\/\/toidupakk.ee\/pl\/sklep-internetowy\/"},{"@type":"ListItem","position":3,"name":"Wafle ziemniaczane Long Chips o smaku kebabu"}]},{"@type":"WebSite","@id":"https:\/\/toidupakk.ee\/pl\/#website","url":"https:\/\/toidupakk.ee\/pl\/","name":"Toidupakk.ee - Tactical Foodpack toidupakid","description":"Tactical Foodpack k\u00fclmkuivatatud toidupakid ja matkaeined","publisher":{"@id":"https:\/\/toidupakk.ee\/pl\/#organization"},"potentialAction":[{"@type":"SearchAction","target":{"@type":"EntryPoint","urlTemplate":"https:\/\/toidupakk.ee\/pl\/?s={search_term_string}"},"query-input":{"@type":"PropertyValueSpecification","valueRequired":true,"valueName":"search_term_string"}}],"inLanguage":"pl-PL"},{"@type":"Organization","@id":"https:\/\/toidupakk.ee\/pl\/#organization","name":"Tactical Foodpack matkaeined","url":"https:\/\/toidupakk.ee\/pl\/","logo":{"@type":"ImageObject","inLanguage":"pl-PL","@id":"https:\/\/toidupakk.ee\/pl\/#\/schema\/logo\/image\/","url":"https:\/\/toidupakk.ee\/wp-content\/uploads\/2022\/01\/Toidupakk-matkapood-logo-transparent.png","contentUrl":"https:\/\/toidupakk.ee\/wp-content\/uploads\/2022\/01\/Toidupakk-matkapood-logo-transparent.png","width":500,"height":500,"caption":"Tactical Foodpack matkaeined"},"image":{"@id":"https:\/\/toidupakk.ee\/pl\/#\/schema\/logo\/image\/"},"sameAs":["https:\/\/www.facebook.com\/Toidupakk","https:\/\/www.instagram.com\/toidupakk\/"]}]}},"jetpack_sharing_enabled":true,"_links":{"self":[{"href":"https:\/\/toidupakk.ee\/pl\/wp-json\/wp\/v2\/product\/49471","targetHints":{"allow":["GET"]}}],"collection":[{"href":"https:\/\/toidupakk.ee\/pl\/wp-json\/wp\/v2\/product"}],"about":[{"href":"https:\/\/toidupakk.ee\/pl\/wp-json\/wp\/v2\/types\/product"}],"replies":[{"embeddable":true,"href":"https:\/\/toidupakk.ee\/pl\/wp-json\/wp\/v2\/comments?post=49471"}],"wp:featuredmedia":[{"embeddable":true,"href":"https:\/\/toidupakk.ee\/pl\/wp-json\/wp\/v2\/media\/42857"}],"wp:attachment":[{"href":"https:\/\/toidupakk.ee\/pl\/wp-json\/wp\/v2\/media?parent=49471"}],"wp:term":[{"taxonomy":"product_brand","embeddable":true,"href":"https:\/\/toidupakk.ee\/pl\/wp-json\/wp\/v2\/product_brand?post=49471"},{"taxonomy":"product_cat","embeddable":true,"href":"https:\/\/toidupakk.ee\/pl\/wp-json\/wp\/v2\/product_cat?post=49471"},{"taxonomy":"product_tag","embeddable":true,"href":"https:\/\/toidupakk.ee\/pl\/wp-json\/wp\/v2\/product_tag?post=49471"}],"curies":[{"name":"wp","href":"https:\/\/api.w.org\/{rel}","templated":true}]}}