{"id":49406,"date":"2025-10-20T11:38:38","date_gmt":"2025-10-20T08:38:38","guid":{"rendered":"https:\/\/toidupakk.ee\/toode\/zestaw-paneli-slonecznych-sandberg-30w\/"},"modified":"2026-04-15T20:30:36","modified_gmt":"2026-04-15T17:30:36","slug":"zestaw-paneli-slonecznych-sandberg-30w","status":"publish","type":"product","link":"https:\/\/toidupakk.ee\/pl\/toode\/zestaw-paneli-slonecznych-sandberg-30w\/","title":{"rendered":"Zestaw paneli s\u0142onecznych Sandberg 30W"},"content":{"rendered":"<h2>Panel s\u0142oneczny Sandberg 30W: Niezawodna zielona energia wsz\u0119dzie<\/h2>\n<p data-start=\"148\" data-end=\"564\"><strong data-start=\"148\" data-end=\"178\">Panel s\u0142oneczny Sandberg 30W<\/strong> to idealny towarzysz dla ka\u017cdego, kto ceni <strong data-start=\"222\" data-end=\"243\">zielon\u0105 energi\u0119<\/strong> i potrzebuje niezawodnego rozwi\u0105zania do \u0142adowania swoich urz\u0105dze\u0144 w terenie. Panelu mo\u017cna u\u017cywa\u0107 do \u0142adowania r\u00f3\u017cnych urz\u0105dze\u0144, takich jak <strong data-start=\"367\" data-end=\"385\">smartfony<\/strong>, <strong data-start=\"387\" data-end=\"405\">tablety<\/strong> i <strong data-start=\"409\" data-end=\"423\">powerbanki<\/strong>. Dzi\u0119ki <strong data-start=\"446\" data-end=\"490\">monokrystalicznemu panelowi s\u0142onecznemu 30W<\/strong> jest to wydajny wyb\u00f3r, kt\u00f3ry zapewnia szybkie \u0142adowanie, nawet gdy s\u0142o\u0144ce \u015bwieci s\u0142abiej.  <\/p>\n<p data-start=\"566\" data-end=\"1095\">Elementy panelu zosta\u0142y starannie dobrane: spe\u0142nia on <strong data-start=\"615\" data-end=\"642\">standard IP67<\/strong>, co oznacza, \u017ce jest zar\u00f3wno <strong data-start=\"672\" data-end=\"685\">wodoodporny<\/strong>, jak i <strong data-start=\"693\" data-end=\"708\">py\u0142oszczelny<\/strong>, daj\u0105c pewno\u015b\u0107 nawet w deszczowych lub zapylonych warunkach. Specjalna <strong data-start=\"784\" data-end=\"802\">pow\u0142oka ETFE<\/strong> zapewnia d\u0142ugowieczno\u015b\u0107 i maksymaln\u0105 wydajno\u015b\u0107 panelu, a lekka konstrukcja i waga zaledwie <strong data-start=\"917\" data-end=\"938\">700 g<\/strong> sprawiaj\u0105, \u017ce jest on wygodnym towarzyszem wszystkich przyg\u00f3d. Niezale\u017cnie od tego, czy w\u0119drujesz, biwakujesz czy podr\u00f3\u017cujesz, ten panel s\u0142oneczny sprawdzi si\u0119 w ka\u017cdych warunkach.  <\/p>\n<p data-start=\"566\" data-end=\"1095\"><img fetchpriority=\"high\" decoding=\"async\" class=\"alignnone wp-image-40037 size-thumbnail\" src=\"https:\/\/toidupakk.ee\/wp-content\/uploads\/2025\/10\/421-19_lg_0-500x500.png\" alt=\"Panel s\u0142oneczny roz\u0142o\u017cony\" width=\"500\" height=\"500\" srcset=\"https:\/\/toidupakk.ee\/wp-content\/uploads\/2025\/10\/421-19_lg_0-500x500.png 500w, https:\/\/toidupakk.ee\/wp-content\/uploads\/2025\/10\/421-19_lg_0-300x300.png 300w, https:\/\/toidupakk.ee\/wp-content\/uploads\/2025\/10\/421-19_lg_0-768x768.png 768w, https:\/\/toidupakk.ee\/wp-content\/uploads\/2025\/10\/421-19_lg_0-400x400.png 400w, https:\/\/toidupakk.ee\/wp-content\/uploads\/2025\/10\/421-19_lg_0-100x100.png 100w, https:\/\/toidupakk.ee\/wp-content\/uploads\/2025\/10\/421-19_lg_0.png 800w\" sizes=\"(max-width: 500px) 100vw, 500px\" \/><\/p>\n<p data-start=\"1097\" data-end=\"1622\">Konstrukcja panelu s\u0142onecznego jest kompaktowa i praktyczna, poniewa\u017c jest on <strong data-start=\"1159\" data-end=\"1174\">sk\u0142adany<\/strong>, co pozwala na \u0142atwy transport i przechowywanie. Niezale\u017cnie od tego, czy \u0142adujesz swoje urz\u0105dzenia podczas dziennej w\u0119dr\u00f3wki, czy po zako\u0144czeniu dnia w obozie, ten panel zawsze pomo\u017ce zapewni\u0107 niezb\u0119dne dostawy energii. Panel posiada kilka r\u00f3\u017cnych <strong data-start=\"1395\" data-end=\"1412\">port\u00f3w wyj\u015bciowych<\/strong>, w tym <strong data-start=\"1425\" data-end=\"1434\">USB-A<\/strong>, <strong data-start=\"1436\" data-end=\"1445\">USB-C<\/strong> i <strong data-start=\"1449\" data-end=\"1455\">DC<\/strong>, kt\u00f3re umo\u017cliwiaj\u0105 \u0142adowanie wielu urz\u0105dze\u0144 jednocze\u015bnie. Korzystanie z tego urz\u0105dzenia jest proste: pod\u0142\u0105czasz swoje urz\u0105dzenie do skrzynki sterowniczej panelu i pozwalasz s\u0142o\u0144cu wykona\u0107 reszt\u0119 pracy.   <\/p>\n<p data-start=\"1097\" data-end=\"1622\"><img decoding=\"async\" class=\"alignnone wp-image-40040 size-thumbnail\" src=\"https:\/\/toidupakk.ee\/wp-content\/uploads\/2025\/10\/421-19_lg_3-500x500.png\" alt=\"Z\u0142\u0105cza panelu s\u0142onecznego\" width=\"500\" height=\"500\" srcset=\"https:\/\/toidupakk.ee\/wp-content\/uploads\/2025\/10\/421-19_lg_3-500x500.png 500w, https:\/\/toidupakk.ee\/wp-content\/uploads\/2025\/10\/421-19_lg_3-300x300.png 300w, https:\/\/toidupakk.ee\/wp-content\/uploads\/2025\/10\/421-19_lg_3-768x768.png 768w, https:\/\/toidupakk.ee\/wp-content\/uploads\/2025\/10\/421-19_lg_3-400x400.png 400w, https:\/\/toidupakk.ee\/wp-content\/uploads\/2025\/10\/421-19_lg_3-100x100.png 100w, https:\/\/toidupakk.ee\/wp-content\/uploads\/2025\/10\/421-19_lg_3.png 800w\" sizes=\"(max-width: 500px) 100vw, 500px\" \/><\/p>\n<p data-start=\"1624\" data-end=\"2026\"><strong data-start=\"1624\" data-end=\"1654\">Panel s\u0142oneczny Sandberg 30W<\/strong> jest przeznaczony do u\u017cytku we wszystkich \u015brodowiskach, w kt\u00f3rych nie ma dost\u0119pu do <strong data-start=\"1706\" data-end=\"1722\">sieci elektrycznej<\/strong>. Jego <strong data-start=\"1737\" data-end=\"1750\">wodoodporna<\/strong> i wytrzyma\u0142a konstrukcja sprawia, \u017ce jest to idealne rozwi\u0105zanie dla wszystkich aktywno\u015bci rekreacyjnych, gdzie energia s\u0142oneczna mo\u017ce by\u0107 jedynym \u017ar\u00f3d\u0142em zasilania. Je\u015bli szukasz niezawodnego i <strong data-start=\"1920\" data-end=\"1953\">ekologicznego rozwi\u0105zania<\/strong>, <strong data-start=\"1963\" data-end=\"1993\">panel s\u0142oneczny Sandberg 30W<\/strong> jest idealnym wyborem na ka\u017cd\u0105 przygod\u0119.  <\/p>\n<h4 data-start=\"1624\" data-end=\"2026\"><img decoding=\"async\" class=\"alignnone wp-image-40038 size-thumbnail\" src=\"https:\/\/toidupakk.ee\/wp-content\/uploads\/2025\/10\/421-19_lg_1-500x500.png\" alt=\"Panel s\u0142oneczny z\u0142o\u017cony\" width=\"500\" height=\"500\" srcset=\"https:\/\/toidupakk.ee\/wp-content\/uploads\/2025\/10\/421-19_lg_1-500x500.png 500w, https:\/\/toidupakk.ee\/wp-content\/uploads\/2025\/10\/421-19_lg_1-300x300.png 300w, https:\/\/toidupakk.ee\/wp-content\/uploads\/2025\/10\/421-19_lg_1-768x768.png 768w, https:\/\/toidupakk.ee\/wp-content\/uploads\/2025\/10\/421-19_lg_1-400x400.png 400w, https:\/\/toidupakk.ee\/wp-content\/uploads\/2025\/10\/421-19_lg_1-100x100.png 100w, https:\/\/toidupakk.ee\/wp-content\/uploads\/2025\/10\/421-19_lg_1.png 800w\" sizes=\"(max-width: 500px) 100vw, 500px\" \/><\/h4>\n<h4 data-start=\"2028\" data-end=\"2050\"><strong data-start=\"2028\" data-end=\"2050\">Dane techniczne<\/strong><\/h4>\n<ul>\n<li data-start=\"2054\" data-end=\"2096\"><strong data-start=\"2054\" data-end=\"2072\">Panel s\u0142oneczny:<\/strong> 30W (monokrystaliczny)<\/li>\n<li data-start=\"2099\" data-end=\"2133\"><strong data-start=\"2099\" data-end=\"2128\">Wodoodporno\u015b\u0107 i py\u0142oszczelno\u015b\u0107:<\/strong> IP67<\/li>\n<li data-start=\"2136\" data-end=\"2168\"><strong data-start=\"2136\" data-end=\"2155\">Konstrukcja:<\/strong> z pow\u0142ok\u0105 ETFE<\/li>\n<li data-start=\"2171\" data-end=\"2275\"><strong data-start=\"2171\" data-end=\"2189\">Porty wyj\u015bciowe:<\/strong> USB-A (5V\/3.4A, 9V\/2.5A, 12V\/2A), USB-C (5V\/3A, 9V\/2.2A, 12V\/1.67A), DC (16.5V\/1.82A)<\/li>\n<li data-start=\"2278\" data-end=\"2312\"><strong data-start=\"2278\" data-end=\"2297\">Temperatura pracy:<\/strong> od -10\u2103 do +65\u2103<\/li>\n<li data-start=\"2315\" data-end=\"2330\"><strong data-start=\"2315\" data-end=\"2324\">Waga:<\/strong> 700 g<\/li>\n<li data-start=\"2333\" data-end=\"2374\"><strong data-start=\"2333\" data-end=\"2357\">Wymiary po roz\u0142o\u017ceniu:<\/strong> 620 x 345 x 5 mm<\/li>\n<li data-start=\"2377\" data-end=\"2419\"><strong data-start=\"2377\" data-end=\"2401\">Wymiary po z\u0142o\u017ceniu:<\/strong> 345 x 205 x 30 mm<\/li>\n<\/ul>\n<p>&nbsp;<\/p>\n<p>Znajd\u017a inspiracj\u0119 na kolejne przygody na <a href=\"https:\/\/www.instagram.com\/toidupakk\/\">Instagramie<\/a> i <a href=\"https:\/\/www.facebook.com\/Toidupakk\/\">Facebooku<\/a> Toidupakk.<\/p>\n<p>Zobacz akcesoria turystyczne <a href=\"https:\/\/toidupakk.ee\/pl\/tootekategooria\/sprzet-turystyczny\/#section-3-79\">TUTAJ<\/a>.<\/p>\n","protected":false},"excerpt":{"rendered":"<p data-start=\"92\" data-end=\"651\"><strong>Panel s\u0142oneczny Sandberg 30W to kompaktowe i wodoodporne rozwi\u0105zanie energetyczne, kt\u00f3re umo\u017cliwia \u0142adowanie smartfon\u00f3w, tablet\u00f3w i innych urz\u0105dze\u0144 na \u0142onie natury. Panel \u0142aduje urz\u0105dzenia bezpo\u015brednio energi\u0105 s\u0142oneczn\u0105 i jest wyposa\u017cony w porty USB-A, USB-C oraz DC. Dzi\u0119ki sk\u0142adanej konstrukcji jest wygodny do przenoszenia. Wodoodporna konstrukcja IP67 zapewnia niezawodno\u015b\u0107 nawet w deszczu i kurzu. Panel jest idealnym wyborem na w\u0119dr\u00f3wki, kemping i do u\u017cytku na zewn\u0105trz, oferuj\u0105c zielon\u0105 energi\u0119 w dowolnym czasie i miejscu.    <\/strong><\/p>\n<ul>\n<li data-start=\"655\" data-end=\"695\">Panel s\u0142oneczny: 30W monokrystaliczny<\/li>\n<li data-start=\"698\" data-end=\"732\">Wodoodporno\u015b\u0107 i py\u0142oszczelno\u015b\u0107: IP67<\/li>\n<li data-start=\"735\" data-end=\"750\">Waga: 700 g<\/li>\n<li data-start=\"753\" data-end=\"788\">Kompaktowa i sk\u0142adana konstrukcja<\/li>\n<li data-start=\"791\" data-end=\"836\">R\u00f3\u017cne porty \u0142adowania: USB-A, USB-C, DC<\/li>\n<li data-start=\"791\" data-end=\"836\">Gwarancja producenta 5 lat<\/li>\n<\/ul>\n<p data-start=\"838\" data-end=\"928\">\u2705 Dost\u0119pne w magazynie, szybka dostawa w 1-3 dni robocze<br data-start=\"883\" data-end=\"886\">\u2705 Kup teraz, zap\u0142a\u0107 p\u00f3\u017aniej (RRSO 0%)<\/p>\n","protected":false},"featured_media":49411,"comment_status":"open","ping_status":"closed","template":"","meta":{"_acf_changed":false},"product_brand":[],"product_cat":[303,315,311,301,316],"product_tag":[],"class_list":{"0":"post-49406","1":"product","2":"type-product","3":"status-publish","4":"has-post-thumbnail","6":"product_cat-akcesoria-turystyczne","7":"product_cat-elektronika","8":"product_cat-praktyczne-pomysly-na-prezent","9":"product_cat-sprzet-turystyczny","10":"product_cat-urzadzenia-z-panelem-slonecznym","12":"first","13":"onbackorder","14":"sale","15":"taxable","16":"shipping-taxable","17":"purchasable","18":"product-type-simple"},"bundled_by":[],"bundle_stock_status":"onbackorder","bundle_stock_quantity":-1,"bundle_virtual":false,"bundle_layout":"","bundle_add_to_cart_form_location":"","bundle_editable_in_cart":false,"bundle_sold_individually_context":"","bundle_item_grouping":"","bundle_min_size":"","bundle_max_size":"","bundle_price":[],"bundled_items":[],"bundle_sell_ids":[],"acf":[],"yoast_head":"<!-- This site is optimized with the Yoast SEO plugin v27.3 - https:\/\/yoast.com\/product\/yoast-seo-wordpress\/ -->\n<title>Zestaw paneli s\u0142onecznych Sandberg 30W<\/title>\n<meta name=\"description\" content=\"Panel s\u0142oneczny Sandberg 30W to wodoodporne i kompaktowe rozwi\u0105zanie energetyczne, kt\u00f3re pozwala szybko i wydajnie \u0142adowa\u0107 urz\u0105dzenia na \u0142onie natury.\" \/>\n<meta name=\"robots\" content=\"index, follow, max-snippet:-1, max-image-preview:large, max-video-preview:-1\" \/>\n<link rel=\"canonical\" href=\"https:\/\/toidupakk.ee\/pl\/toode\/zestaw-paneli-slonecznych-sandberg-30w\/\" \/>\n<meta property=\"og:locale\" content=\"pl_PL\" \/>\n<meta property=\"og:type\" content=\"article\" \/>\n<meta property=\"og:title\" content=\"Zestaw paneli s\u0142onecznych Sandberg 30W\" \/>\n<meta property=\"og:description\" content=\"Panel s\u0142oneczny Sandberg 30W to wodoodporne i kompaktowe rozwi\u0105zanie energetyczne, kt\u00f3re pozwala szybko i wydajnie \u0142adowa\u0107 urz\u0105dzenia na \u0142onie natury.\" \/>\n<meta property=\"og:url\" content=\"https:\/\/toidupakk.ee\/pl\/toode\/zestaw-paneli-slonecznych-sandberg-30w\/\" \/>\n<meta property=\"og:site_name\" content=\"Toidupakk.ee - Tactical Foodpack toidupakid\" \/>\n<meta property=\"article:publisher\" content=\"https:\/\/www.facebook.com\/Toidupakk\" \/>\n<meta property=\"article:modified_time\" content=\"2026-04-15T17:30:36+00:00\" \/>\n<meta property=\"og:image\" content=\"https:\/\/toidupakk.ee\/wp-content\/uploads\/2025\/10\/421-19_lg.png\" \/>\n\t<meta property=\"og:image:width\" content=\"800\" \/>\n\t<meta property=\"og:image:height\" content=\"800\" \/>\n\t<meta property=\"og:image:type\" content=\"image\/png\" \/>\n<meta name=\"twitter:card\" content=\"summary_large_image\" \/>\n<meta name=\"twitter:label1\" content=\"Szacowany czas czytania\" \/>\n\t<meta name=\"twitter:data1\" content=\"2 minuty\" \/>\n<script type=\"application\/ld+json\" class=\"yoast-schema-graph\">{\"@context\":\"https:\\\/\\\/schema.org\",\"@graph\":[{\"@type\":\"WebPage\",\"@id\":\"https:\\\/\\\/toidupakk.ee\\\/pl\\\/toode\\\/zestaw-paneli-slonecznych-sandberg-30w\\\/\",\"url\":\"https:\\\/\\\/toidupakk.ee\\\/pl\\\/toode\\\/zestaw-paneli-slonecznych-sandberg-30w\\\/\",\"name\":\"Zestaw paneli s\u0142onecznych Sandberg 30W\",\"isPartOf\":{\"@id\":\"https:\\\/\\\/toidupakk.ee\\\/pl\\\/#website\"},\"primaryImageOfPage\":{\"@id\":\"https:\\\/\\\/toidupakk.ee\\\/pl\\\/toode\\\/zestaw-paneli-slonecznych-sandberg-30w\\\/#primaryimage\"},\"image\":{\"@id\":\"https:\\\/\\\/toidupakk.ee\\\/pl\\\/toode\\\/zestaw-paneli-slonecznych-sandberg-30w\\\/#primaryimage\"},\"thumbnailUrl\":\"https:\\\/\\\/toidupakk.ee\\\/wp-content\\\/uploads\\\/2025\\\/10\\\/421-19_lg.png\",\"datePublished\":\"2025-10-20T08:38:38+00:00\",\"dateModified\":\"2026-04-15T17:30:36+00:00\",\"description\":\"Panel s\u0142oneczny Sandberg 30W to wodoodporne i kompaktowe rozwi\u0105zanie energetyczne, kt\u00f3re pozwala szybko i wydajnie \u0142adowa\u0107 urz\u0105dzenia na \u0142onie natury.\",\"breadcrumb\":{\"@id\":\"https:\\\/\\\/toidupakk.ee\\\/pl\\\/toode\\\/zestaw-paneli-slonecznych-sandberg-30w\\\/#breadcrumb\"},\"inLanguage\":\"pl-PL\",\"potentialAction\":[{\"@type\":\"ReadAction\",\"target\":[\"https:\\\/\\\/toidupakk.ee\\\/pl\\\/toode\\\/zestaw-paneli-slonecznych-sandberg-30w\\\/\"]}]},{\"@type\":\"ImageObject\",\"inLanguage\":\"pl-PL\",\"@id\":\"https:\\\/\\\/toidupakk.ee\\\/pl\\\/toode\\\/zestaw-paneli-slonecznych-sandberg-30w\\\/#primaryimage\",\"url\":\"https:\\\/\\\/toidupakk.ee\\\/wp-content\\\/uploads\\\/2025\\\/10\\\/421-19_lg.png\",\"contentUrl\":\"https:\\\/\\\/toidupakk.ee\\\/wp-content\\\/uploads\\\/2025\\\/10\\\/421-19_lg.png\",\"width\":800,\"height\":800,\"caption\":\"Panel s\u0142oneczny cz\u0119\u015bciowo roz\u0142o\u017cony\"},{\"@type\":\"BreadcrumbList\",\"@id\":\"https:\\\/\\\/toidupakk.ee\\\/pl\\\/toode\\\/zestaw-paneli-slonecznych-sandberg-30w\\\/#breadcrumb\",\"itemListElement\":[{\"@type\":\"ListItem\",\"position\":1,\"name\":\"Avaleht\",\"item\":\"https:\\\/\\\/toidupakk.ee\\\/pl\\\/\"},{\"@type\":\"ListItem\",\"position\":2,\"name\":\"Sklep internetowy\",\"item\":\"https:\\\/\\\/toidupakk.ee\\\/pl\\\/sklep-internetowy\\\/\"},{\"@type\":\"ListItem\",\"position\":3,\"name\":\"Zestaw paneli s\u0142onecznych Sandberg 30W\"}]},{\"@type\":\"WebSite\",\"@id\":\"https:\\\/\\\/toidupakk.ee\\\/pl\\\/#website\",\"url\":\"https:\\\/\\\/toidupakk.ee\\\/pl\\\/\",\"name\":\"Toidupakk.ee - Tactical Foodpack toidupakid\",\"description\":\"Tactical Foodpack k\u00fclmkuivatatud toidupakid ja matkaeined\",\"publisher\":{\"@id\":\"https:\\\/\\\/toidupakk.ee\\\/pl\\\/#organization\"},\"potentialAction\":[{\"@type\":\"SearchAction\",\"target\":{\"@type\":\"EntryPoint\",\"urlTemplate\":\"https:\\\/\\\/toidupakk.ee\\\/pl\\\/?s={search_term_string}\"},\"query-input\":{\"@type\":\"PropertyValueSpecification\",\"valueRequired\":true,\"valueName\":\"search_term_string\"}}],\"inLanguage\":\"pl-PL\"},{\"@type\":\"Organization\",\"@id\":\"https:\\\/\\\/toidupakk.ee\\\/pl\\\/#organization\",\"name\":\"Tactical Foodpack matkaeined\",\"url\":\"https:\\\/\\\/toidupakk.ee\\\/pl\\\/\",\"logo\":{\"@type\":\"ImageObject\",\"inLanguage\":\"pl-PL\",\"@id\":\"https:\\\/\\\/toidupakk.ee\\\/pl\\\/#\\\/schema\\\/logo\\\/image\\\/\",\"url\":\"https:\\\/\\\/toidupakk.ee\\\/wp-content\\\/uploads\\\/2022\\\/01\\\/Toidupakk-matkapood-logo-transparent.png\",\"contentUrl\":\"https:\\\/\\\/toidupakk.ee\\\/wp-content\\\/uploads\\\/2022\\\/01\\\/Toidupakk-matkapood-logo-transparent.png\",\"width\":500,\"height\":500,\"caption\":\"Tactical Foodpack matkaeined\"},\"image\":{\"@id\":\"https:\\\/\\\/toidupakk.ee\\\/pl\\\/#\\\/schema\\\/logo\\\/image\\\/\"},\"sameAs\":[\"https:\\\/\\\/www.facebook.com\\\/Toidupakk\",\"https:\\\/\\\/www.instagram.com\\\/toidupakk\\\/\"]}]}<\/script>\n<!-- \/ Yoast SEO plugin. -->","yoast_head_json":{"title":"Zestaw paneli s\u0142onecznych Sandberg 30W","description":"Panel s\u0142oneczny Sandberg 30W to wodoodporne i kompaktowe rozwi\u0105zanie energetyczne, kt\u00f3re pozwala szybko i wydajnie \u0142adowa\u0107 urz\u0105dzenia na \u0142onie natury.","robots":{"index":"index","follow":"follow","max-snippet":"max-snippet:-1","max-image-preview":"max-image-preview:large","max-video-preview":"max-video-preview:-1"},"canonical":"https:\/\/toidupakk.ee\/pl\/toode\/zestaw-paneli-slonecznych-sandberg-30w\/","og_locale":"pl_PL","og_type":"article","og_title":"Zestaw paneli s\u0142onecznych Sandberg 30W","og_description":"Panel s\u0142oneczny Sandberg 30W to wodoodporne i kompaktowe rozwi\u0105zanie energetyczne, kt\u00f3re pozwala szybko i wydajnie \u0142adowa\u0107 urz\u0105dzenia na \u0142onie natury.","og_url":"https:\/\/toidupakk.ee\/pl\/toode\/zestaw-paneli-slonecznych-sandberg-30w\/","og_site_name":"Toidupakk.ee - Tactical Foodpack toidupakid","article_publisher":"https:\/\/www.facebook.com\/Toidupakk","article_modified_time":"2026-04-15T17:30:36+00:00","og_image":[{"width":800,"height":800,"url":"https:\/\/toidupakk.ee\/wp-content\/uploads\/2025\/10\/421-19_lg.png","type":"image\/png"}],"twitter_card":"summary_large_image","twitter_misc":{"Szacowany czas czytania":"2 minuty"},"schema":{"@context":"https:\/\/schema.org","@graph":[{"@type":"WebPage","@id":"https:\/\/toidupakk.ee\/pl\/toode\/zestaw-paneli-slonecznych-sandberg-30w\/","url":"https:\/\/toidupakk.ee\/pl\/toode\/zestaw-paneli-slonecznych-sandberg-30w\/","name":"Zestaw paneli s\u0142onecznych Sandberg 30W","isPartOf":{"@id":"https:\/\/toidupakk.ee\/pl\/#website"},"primaryImageOfPage":{"@id":"https:\/\/toidupakk.ee\/pl\/toode\/zestaw-paneli-slonecznych-sandberg-30w\/#primaryimage"},"image":{"@id":"https:\/\/toidupakk.ee\/pl\/toode\/zestaw-paneli-slonecznych-sandberg-30w\/#primaryimage"},"thumbnailUrl":"https:\/\/toidupakk.ee\/wp-content\/uploads\/2025\/10\/421-19_lg.png","datePublished":"2025-10-20T08:38:38+00:00","dateModified":"2026-04-15T17:30:36+00:00","description":"Panel s\u0142oneczny Sandberg 30W to wodoodporne i kompaktowe rozwi\u0105zanie energetyczne, kt\u00f3re pozwala szybko i wydajnie \u0142adowa\u0107 urz\u0105dzenia na \u0142onie natury.","breadcrumb":{"@id":"https:\/\/toidupakk.ee\/pl\/toode\/zestaw-paneli-slonecznych-sandberg-30w\/#breadcrumb"},"inLanguage":"pl-PL","potentialAction":[{"@type":"ReadAction","target":["https:\/\/toidupakk.ee\/pl\/toode\/zestaw-paneli-slonecznych-sandberg-30w\/"]}]},{"@type":"ImageObject","inLanguage":"pl-PL","@id":"https:\/\/toidupakk.ee\/pl\/toode\/zestaw-paneli-slonecznych-sandberg-30w\/#primaryimage","url":"https:\/\/toidupakk.ee\/wp-content\/uploads\/2025\/10\/421-19_lg.png","contentUrl":"https:\/\/toidupakk.ee\/wp-content\/uploads\/2025\/10\/421-19_lg.png","width":800,"height":800,"caption":"Panel s\u0142oneczny cz\u0119\u015bciowo roz\u0142o\u017cony"},{"@type":"BreadcrumbList","@id":"https:\/\/toidupakk.ee\/pl\/toode\/zestaw-paneli-slonecznych-sandberg-30w\/#breadcrumb","itemListElement":[{"@type":"ListItem","position":1,"name":"Avaleht","item":"https:\/\/toidupakk.ee\/pl\/"},{"@type":"ListItem","position":2,"name":"Sklep internetowy","item":"https:\/\/toidupakk.ee\/pl\/sklep-internetowy\/"},{"@type":"ListItem","position":3,"name":"Zestaw paneli s\u0142onecznych Sandberg 30W"}]},{"@type":"WebSite","@id":"https:\/\/toidupakk.ee\/pl\/#website","url":"https:\/\/toidupakk.ee\/pl\/","name":"Toidupakk.ee - Tactical Foodpack toidupakid","description":"Tactical Foodpack k\u00fclmkuivatatud toidupakid ja matkaeined","publisher":{"@id":"https:\/\/toidupakk.ee\/pl\/#organization"},"potentialAction":[{"@type":"SearchAction","target":{"@type":"EntryPoint","urlTemplate":"https:\/\/toidupakk.ee\/pl\/?s={search_term_string}"},"query-input":{"@type":"PropertyValueSpecification","valueRequired":true,"valueName":"search_term_string"}}],"inLanguage":"pl-PL"},{"@type":"Organization","@id":"https:\/\/toidupakk.ee\/pl\/#organization","name":"Tactical Foodpack matkaeined","url":"https:\/\/toidupakk.ee\/pl\/","logo":{"@type":"ImageObject","inLanguage":"pl-PL","@id":"https:\/\/toidupakk.ee\/pl\/#\/schema\/logo\/image\/","url":"https:\/\/toidupakk.ee\/wp-content\/uploads\/2022\/01\/Toidupakk-matkapood-logo-transparent.png","contentUrl":"https:\/\/toidupakk.ee\/wp-content\/uploads\/2022\/01\/Toidupakk-matkapood-logo-transparent.png","width":500,"height":500,"caption":"Tactical Foodpack matkaeined"},"image":{"@id":"https:\/\/toidupakk.ee\/pl\/#\/schema\/logo\/image\/"},"sameAs":["https:\/\/www.facebook.com\/Toidupakk","https:\/\/www.instagram.com\/toidupakk\/"]}]}},"jetpack_sharing_enabled":true,"_links":{"self":[{"href":"https:\/\/toidupakk.ee\/pl\/wp-json\/wp\/v2\/product\/49406","targetHints":{"allow":["GET"]}}],"collection":[{"href":"https:\/\/toidupakk.ee\/pl\/wp-json\/wp\/v2\/product"}],"about":[{"href":"https:\/\/toidupakk.ee\/pl\/wp-json\/wp\/v2\/types\/product"}],"replies":[{"embeddable":true,"href":"https:\/\/toidupakk.ee\/pl\/wp-json\/wp\/v2\/comments?post=49406"}],"wp:featuredmedia":[{"embeddable":true,"href":"https:\/\/toidupakk.ee\/pl\/wp-json\/wp\/v2\/media\/49411"}],"wp:attachment":[{"href":"https:\/\/toidupakk.ee\/pl\/wp-json\/wp\/v2\/media?parent=49406"}],"wp:term":[{"taxonomy":"product_brand","embeddable":true,"href":"https:\/\/toidupakk.ee\/pl\/wp-json\/wp\/v2\/product_brand?post=49406"},{"taxonomy":"product_cat","embeddable":true,"href":"https:\/\/toidupakk.ee\/pl\/wp-json\/wp\/v2\/product_cat?post=49406"},{"taxonomy":"product_tag","embeddable":true,"href":"https:\/\/toidupakk.ee\/pl\/wp-json\/wp\/v2\/product_tag?post=49406"}],"curies":[{"name":"wp","href":"https:\/\/api.w.org\/{rel}","templated":true}]}}