{"id":49400,"date":"2025-07-16T09:52:34","date_gmt":"2025-07-16T06:52:34","guid":{"rendered":"https:\/\/toidupakk.ee\/toode\/plecak-norfin-adventure-65\/"},"modified":"2026-04-14T23:30:44","modified_gmt":"2026-04-14T20:30:44","slug":"plecak-norfin-adventure-65","status":"publish","type":"product","link":"https:\/\/toidupakk.ee\/pl\/toode\/plecak-norfin-adventure-65\/","title":{"rendered":"Plecak Norfin ADVENTURE 65"},"content":{"rendered":"<h2 data-start=\"153\" data-end=\"230\">Plecak Norfin ADVENTURE 65 \u2013 idealny wyb\u00f3r na d\u0142u\u017csze wyprawy<\/h2>\n<p data-start=\"232\" data-end=\"722\"><strong data-start=\"232\" data-end=\"265\">Plecak Norfin ADVENTURE 65<\/strong> to niezawodny plecak wyprawowy dla tych, kt\u00f3rzy potrzebuj\u0105 wystarczaj\u0105co du\u017co miejsca na ca\u0142y ekwipunek i nie chc\u0105 rezygnowa\u0107 z wygody nawet przy wi\u0119kszym obci\u0105\u017ceniu. Pojemno\u015b\u0107 65 litr\u00f3w pozwala zabra\u0107 wszystko, co niezb\u0119dne \u2014 namiot, \u015bpiw\u00f3r, zapasy jedzenia i inny sprz\u0119t wymagany na d\u0142ugiej trasie. Wytrzyma\u0142y poliester 420D ripstop oraz materia\u0142 600D Oxford z pow\u0142ok\u0105 PU zapewniaj\u0105 dobr\u0105 odporno\u015b\u0107 na wilgo\u0107 i zu\u017cycie, dzi\u0119ki czemu plecak wytrzyma cz\u0119ste u\u017cytkowanie.  <\/p>\n<p data-start=\"232\" data-end=\"722\"><img fetchpriority=\"high\" decoding=\"async\" class=\"alignnone wp-image-37340 size-thumbnail\" src=\"https:\/\/toidupakk.ee\/wp-content\/uploads\/2025\/07\/4-1-500x500.png\" alt=\"Plecak Norfin ADVENTURE 65\" width=\"500\" height=\"500\" srcset=\"https:\/\/toidupakk.ee\/wp-content\/uploads\/2025\/07\/4-1-500x500.png 500w, https:\/\/toidupakk.ee\/wp-content\/uploads\/2025\/07\/4-1-300x300.png 300w, https:\/\/toidupakk.ee\/wp-content\/uploads\/2025\/07\/4-1-768x768.png 768w, https:\/\/toidupakk.ee\/wp-content\/uploads\/2025\/07\/4-1-400x400.png 400w, https:\/\/toidupakk.ee\/wp-content\/uploads\/2025\/07\/4-1-100x100.png 100w, https:\/\/toidupakk.ee\/wp-content\/uploads\/2025\/07\/4-1.png 800w\" sizes=\"(max-width: 500px) 100vw, 500px\" \/><\/p>\n<h2 data-start=\"724\" data-end=\"761\">Regulowany i wygodny system no\u015bny<\/h2>\n<p data-start=\"763\" data-end=\"1246\">Jedn\u0105 z najwi\u0119kszych zalet <strong data-start=\"767\" data-end=\"800\">Plecaka Norfin ADVENTURE 65<\/strong> jest jego regulowany <strong data-start=\"842\" data-end=\"862\">system no\u015bny V-1<\/strong>, kt\u00f3ry pozwala precyzyjnie dopasowa\u0107 plecak do d\u0142ugo\u015bci plec\u00f3w. Szerokie, anatomiczne szelki oraz pas piersiowy z regulacj\u0105 wysoko\u015bci pomagaj\u0105 r\u00f3wnomiernie i komfortowo roz\u0142o\u017cy\u0107 ci\u0119\u017car, a anatomiczny pas biodrowy z kieszeniami siatkowymi zapewnia dodatkowe wsparcie i odci\u0105\u017ca ramiona. Dzi\u0119ki materia\u0142owi Air Mesh cyrkulacja powietrza jest lepsza, a d\u0142ugie dni na szlaku mijaj\u0105 w wi\u0119kszym komforcie.  <\/p>\n<p data-start=\"763\" data-end=\"1246\"><img decoding=\"async\" class=\"alignnone wp-image-37336 size-thumbnail\" src=\"https:\/\/toidupakk.ee\/wp-content\/uploads\/2025\/07\/5-500x500.png\" alt=\"Plecak Norfin ADVENTURE 65\" width=\"500\" height=\"500\" srcset=\"https:\/\/toidupakk.ee\/wp-content\/uploads\/2025\/07\/5-500x500.png 500w, https:\/\/toidupakk.ee\/wp-content\/uploads\/2025\/07\/5-300x300.png 300w, https:\/\/toidupakk.ee\/wp-content\/uploads\/2025\/07\/5-768x768.png 768w, https:\/\/toidupakk.ee\/wp-content\/uploads\/2025\/07\/5-400x400.png 400w, https:\/\/toidupakk.ee\/wp-content\/uploads\/2025\/07\/5-100x100.png 100w, https:\/\/toidupakk.ee\/wp-content\/uploads\/2025\/07\/5.png 800w\" sizes=\"(max-width: 500px) 100vw, 500px\" \/><\/p>\n<h2 data-start=\"1248\" data-end=\"1293\">Przemy\u015blane kieszenie i praktyczne detale \u2013 Plecak Norfin ADVENTURE 65<\/h2>\n<p data-start=\"1295\" data-end=\"1607\"><strong data-start=\"1295\" data-end=\"1328\">Plecak Norfin 65<\/strong> u\u0142atwia organizacj\u0119 sprz\u0119tu. G\u0142\u00f3wna komora jest podzielona membran\u0105 na dwie cz\u0119\u015bci, co pozwala lepiej posegregowa\u0107 ekwipunek. Co wi\u0119cej, do g\u0142\u00f3wnej cz\u0119\u015bci mo\u017cna dosta\u0107 si\u0119 nie tylko od g\u00f3ry, ale tak\u017ce od do\u0142u i z bok\u00f3w \u2014 to sprawia, \u017ce dost\u0119p do zawarto\u015bci jest wyj\u0105tkowo wygodny.  <\/p>\n<p data-start=\"1609\" data-end=\"2002\">Plecak wyposa\u017cono w du\u017c\u0105 przedni\u0105 kiesze\u0144 z regulowanymi zapi\u0119ciami, dodatkow\u0105 przedni\u0105 kiesze\u0144 na zamek na mniejsze przedmioty oraz dwie boczne kieszenie siatkowe na butelki z wod\u0105 lub inne akcesoria. Wbudowany \u201ehose portal\u201d dla systemu nawadniaj\u0105cego pozwala wygodnie pi\u0107 wod\u0119 w ruchu. W dolnej kieszeni ukryty jest praktyczny pokrowiec przeciwdeszczowy, chroni\u0105cy baga\u017c przed nag\u0142ymi opadami.  <\/p>\n<p data-start=\"2004\" data-end=\"2257\">Dla wzmocnienia konstrukcji dodano aluminiowe szyny, kt\u00f3re pomagaj\u0105 lepiej znosi\u0107 obci\u0105\u017cenie plec\u00f3w, nawet gdy plecak jest pe\u0142ny. Do plecaka mo\u017cna r\u00f3wnie\u017c przymocowa\u0107 kije trekkingowe i sprz\u0119t wspinaczkowy, co daje wi\u0119ksz\u0105 elastyczno\u015b\u0107 na wymagaj\u0105cych szlakach. <\/p>\n<h2 data-start=\"2259\" data-end=\"2298\">Wi\u0119cej przestrzeni i swobody na ka\u017cdym kroku<\/h2>\n<p data-start=\"2300\" data-end=\"2640\">65-litrowy <strong data-start=\"2312\" data-end=\"2345\">Plecak Norfin ADVENTURE 65<\/strong> stworzono dla tych, kt\u00f3rzy kochaj\u0105 d\u0142u\u017csze przebywanie na \u0142onie natury lub potrzebuj\u0105 zabra\u0107 wi\u0119cej sprz\u0119tu. Dzi\u0119ki sprytnie przemy\u015blanemu systemowi no\u015bnemu i praktycznym rozwi\u0105zaniom, plecak pos\u0142u\u017cy d\u0142ugo i sprawi, \u017ce ka\u017cda wyprawa b\u0119dzie przyjemno\u015bci\u0105 \u2014 czy to d\u0142uga w\u0119dr\u00f3wka w g\u00f3rach, czy kilkudniowy marsz le\u015bnym szlakiem. <\/p>\n<p>Znajd\u017a inspiracj\u0119 na kolejne przygody Toidupakk  <a href=\"https:\/\/www.instagram.com\/toidupakk\/\">na Instagramie<\/a>  i  <a href=\"https:\/\/www.facebook.com\/Toidupakk\/\">na Facebooku<\/a>.<\/p>\n<p>Zobacz akcesoria turystyczne <a href=\"https:\/\/toidupakk.ee\/pl\/tootekategooria\/sprzet-turystyczny\/#section-3-79\">TUTAJ<\/a>.<\/p>\n<p>Interesuje Ci\u0119 <strong data-start=\"2879\" data-end=\"2897\">jedzenie turystyczne<\/strong>? Sprawd\u017a <a href=\"https:\/\/toidupakk.ee\/tootekategooria\/matkatoidud\/pearoad\/\">TUTAJ<\/a> <\/p>\n","protected":false},"excerpt":{"rendered":"<p data-start=\"133\" data-end=\"398\"><strong>Plecak Norfin ADVENTURE 65 to lekki i funkcjonalny plecak wyprawowy, idealny na d\u0142u\u017csze przygody i podr\u00f3\u017ce. Pojemno\u015b\u0107 65 litr\u00f3w zapewnia mn\u00f3stwo miejsca na ekwipunek, a wygodny system no\u015bny sprawia, \u017ce nawet wi\u0119ksze obci\u0105\u017cenia nie m\u0119cz\u0105 nadmiernie. <\/strong><\/p>\n<ul>\n<li data-start=\"274\" data-end=\"751\">Pojemno\u015b\u0107 65 litr\u00f3w pozwala pomie\u015bci\u0107 wszystko, co niezb\u0119dne na kilka dni<\/li>\n<li>System no\u015bny V-1 umo\u017cliwia regulacj\u0119 plecaka wzgl\u0119dem d\u0142ugo\u015bci plec\u00f3w<\/li>\n<li>Anatomiczne, wy\u015bcie\u0142ane szelki, pas biodrowy i piersiowy pomagaj\u0105 r\u00f3wnomiernie roz\u0142o\u017cy\u0107 ci\u0119\u017car<\/li>\n<li>G\u0142\u00f3wna komora podzielona membran\u0105 na dwie cz\u0119\u015bci dla \u0142atwiejszej organizacji<\/li>\n<li>Dost\u0119p do g\u0142\u00f3wnej komory od g\u00f3ry, do\u0142u oraz z bok\u00f3w<\/li>\n<li>Du\u017ca przednia kiesze\u0144 z regulowanymi zapi\u0119ciami i przednia kiesze\u0144 na zamek<\/li>\n<li data-start=\"274\" data-end=\"751\">Szeroki i solidny pas biodrowy przenosi ci\u0119\u017car plecaka z plec\u00f3w na biodra<\/li>\n<li data-start=\"372\" data-end=\"863\">G\u00f3rna komora z regulowanymi paskami i praktyczne dodatkowe kieszenie na drobiazgi<\/li>\n<li>W zestawie pokrowiec przeciwdeszczowy ukryty w kieszeni plecaka<\/li>\n<li>Ultralekka aluminiowa p\u0142yta wewn\u0105trz usztywnia konstrukcj\u0119 plec\u00f3w<\/li>\n<li>Uchwyty na kije trekkingowe i sprz\u0119t wspinaczkowy<\/li>\n<li data-start=\"372\" data-end=\"863\">Regulowana wysoko\u015b\u0107 zapewnia idealne u\u0142o\u017cenie wzgl\u0119dem plec\u00f3w<\/li>\n<li>Otwory na rurk\u0119 systemu nawadniaj\u0105cego (camelbak)<\/li>\n<\/ul>\n<p data-start=\"892\" data-end=\"1019\" data-is-last-node=\"\" data-is-only-node=\"\"><strong data-start=\"892\" data-end=\"903\">Wymiary:<\/strong> 75 x 37 x 27 cm<br data-start=\"919\" data-end=\"922\"><strong data-start=\"922\" data-end=\"931\">Pojemno\u015b\u0107:<\/strong> 65L<br data-start=\"935\" data-end=\"938\"><strong data-start=\"938\" data-end=\"951\">Materia\u0142:<\/strong> 420D ripstop poliester, 600D Oxford, pow\u0142oka PU<br data-start=\"999\" data-end=\"1002\" data-is-only-node=\"\"><strong data-start=\"1002\" data-end=\"1011\">Waga:<\/strong> ok. 2 kg<\/p>\n<p data-start=\"753\" data-end=\"884\"><img decoding=\"async\" class=\"alignnone size-full wp-image-37368\" src=\"https:\/\/toidupakk.ee\/wp-content\/uploads\/2025\/07\/Norfin-logo-225x100-1.png\" alt=\"\" width=\"225\" height=\"100\"><\/p>\n<p data-start=\"753\" data-end=\"884\">Norfin to marka sprz\u0119tu outdoorowego stworzona z my\u015bl\u0105 o warunkach klimatycznych Europy P\u00f3\u0142nocnej, \u0142\u0105cz\u0105ca trwa\u0142o\u015b\u0107, praktyczno\u015b\u0107 i wygod\u0119.<br \/>\nIdealny wyb\u00f3r na trekking, w\u0119dkarstwo i aktywny wypoczynek na \u0142onie natury o ka\u017cdej porze roku.<\/p>\n<p data-start=\"892\" data-end=\"1019\" data-is-last-node=\"\" data-is-only-node=\"\">\u2705 Dost\u0119pne w magazynie, szybka dostawa 1\u20133 dni robocze<br data-start=\"925\" data-end=\"928\">\u2705 Kup teraz, zap\u0142a\u0107 p\u00f3\u017aniej (RRSO 0%)<\/p>\n","protected":false},"featured_media":37337,"comment_status":"open","ping_status":"closed","template":"","meta":{"_acf_changed":false},"product_brand":[],"product_cat":[303,309,311,301,310],"product_tag":[],"class_list":{"0":"post-49400","1":"product","2":"type-product","3":"status-publish","4":"has-post-thumbnail","6":"product_cat-akcesoria-turystyczne","7":"product_cat-plecaki","8":"product_cat-praktyczne-pomysly-na-prezent","9":"product_cat-sprzet-turystyczny","10":"product_cat-torby","12":"first","13":"instock","14":"taxable","15":"shipping-taxable","16":"purchasable","17":"product-type-simple"},"bundled_by":[],"bundle_stock_status":"instock","bundle_stock_quantity":1,"bundle_virtual":false,"bundle_layout":"","bundle_add_to_cart_form_location":"","bundle_editable_in_cart":false,"bundle_sold_individually_context":"","bundle_item_grouping":"","bundle_min_size":"","bundle_max_size":"","bundle_price":[],"bundled_items":[],"bundle_sell_ids":[],"acf":[],"yoast_head":"<!-- This site is optimized with the Yoast SEO plugin v27.3 - https:\/\/yoast.com\/product\/yoast-seo-wordpress\/ -->\n<title>Plecak Norfin ADVENTURE 65<\/title>\n<meta name=\"description\" content=\"Plecak Norfin ADVENTURE 65 to pojemny i wytrzyma\u0142y plecak turystyczny, kt\u00f3ry idealnie sprawdzi si\u0119 podczas d\u0142u\u017cszych wypraw, oferuj\u0105c wygod\u0119 i praktyczno\u015b\u0107 na ka\u017cdym kroku.\" \/>\n<meta name=\"robots\" content=\"index, follow, max-snippet:-1, max-image-preview:large, max-video-preview:-1\" \/>\n<link rel=\"canonical\" href=\"https:\/\/toidupakk.ee\/pl\/toode\/plecak-norfin-adventure-65\/\" \/>\n<meta property=\"og:locale\" content=\"pl_PL\" \/>\n<meta property=\"og:type\" content=\"article\" \/>\n<meta property=\"og:title\" content=\"Plecak Norfin ADVENTURE 65\" \/>\n<meta property=\"og:description\" content=\"Plecak Norfin ADVENTURE 65 to pojemny i wytrzyma\u0142y plecak turystyczny, kt\u00f3ry idealnie sprawdzi si\u0119 podczas d\u0142u\u017cszych wypraw, oferuj\u0105c wygod\u0119 i praktyczno\u015b\u0107 na ka\u017cdym kroku.\" \/>\n<meta property=\"og:url\" content=\"https:\/\/toidupakk.ee\/pl\/toode\/plecak-norfin-adventure-65\/\" \/>\n<meta property=\"og:site_name\" content=\"Toidupakk.ee - Tactical Foodpack toidupakid\" \/>\n<meta property=\"article:publisher\" content=\"https:\/\/www.facebook.com\/Toidupakk\" \/>\n<meta property=\"article:modified_time\" content=\"2026-04-14T20:30:44+00:00\" \/>\n<meta property=\"og:image\" content=\"https:\/\/toidupakk.ee\/wp-content\/uploads\/2025\/07\/1-2.png\" \/>\n\t<meta property=\"og:image:width\" content=\"800\" \/>\n\t<meta property=\"og:image:height\" content=\"800\" \/>\n\t<meta property=\"og:image:type\" content=\"image\/png\" \/>\n<meta name=\"twitter:card\" content=\"summary_large_image\" \/>\n<meta name=\"twitter:label1\" content=\"Szacowany czas czytania\" \/>\n\t<meta name=\"twitter:data1\" content=\"2 minuty\" \/>\n<script type=\"application\/ld+json\" class=\"yoast-schema-graph\">{\"@context\":\"https:\\\/\\\/schema.org\",\"@graph\":[{\"@type\":\"WebPage\",\"@id\":\"https:\\\/\\\/toidupakk.ee\\\/pl\\\/toode\\\/plecak-norfin-adventure-65\\\/\",\"url\":\"https:\\\/\\\/toidupakk.ee\\\/pl\\\/toode\\\/plecak-norfin-adventure-65\\\/\",\"name\":\"Plecak Norfin ADVENTURE 65\",\"isPartOf\":{\"@id\":\"https:\\\/\\\/toidupakk.ee\\\/pl\\\/#website\"},\"primaryImageOfPage\":{\"@id\":\"https:\\\/\\\/toidupakk.ee\\\/pl\\\/toode\\\/plecak-norfin-adventure-65\\\/#primaryimage\"},\"image\":{\"@id\":\"https:\\\/\\\/toidupakk.ee\\\/pl\\\/toode\\\/plecak-norfin-adventure-65\\\/#primaryimage\"},\"thumbnailUrl\":\"https:\\\/\\\/toidupakk.ee\\\/wp-content\\\/uploads\\\/2025\\\/07\\\/1-2.png\",\"datePublished\":\"2025-07-16T06:52:34+00:00\",\"dateModified\":\"2026-04-14T20:30:44+00:00\",\"description\":\"Plecak Norfin ADVENTURE 65 to pojemny i wytrzyma\u0142y plecak turystyczny, kt\u00f3ry idealnie sprawdzi si\u0119 podczas d\u0142u\u017cszych wypraw, oferuj\u0105c wygod\u0119 i praktyczno\u015b\u0107 na ka\u017cdym kroku.\",\"breadcrumb\":{\"@id\":\"https:\\\/\\\/toidupakk.ee\\\/pl\\\/toode\\\/plecak-norfin-adventure-65\\\/#breadcrumb\"},\"inLanguage\":\"pl-PL\",\"potentialAction\":[{\"@type\":\"ReadAction\",\"target\":[\"https:\\\/\\\/toidupakk.ee\\\/pl\\\/toode\\\/plecak-norfin-adventure-65\\\/\"]}]},{\"@type\":\"ImageObject\",\"inLanguage\":\"pl-PL\",\"@id\":\"https:\\\/\\\/toidupakk.ee\\\/pl\\\/toode\\\/plecak-norfin-adventure-65\\\/#primaryimage\",\"url\":\"https:\\\/\\\/toidupakk.ee\\\/wp-content\\\/uploads\\\/2025\\\/07\\\/1-2.png\",\"contentUrl\":\"https:\\\/\\\/toidupakk.ee\\\/wp-content\\\/uploads\\\/2025\\\/07\\\/1-2.png\",\"width\":800,\"height\":800},{\"@type\":\"BreadcrumbList\",\"@id\":\"https:\\\/\\\/toidupakk.ee\\\/pl\\\/toode\\\/plecak-norfin-adventure-65\\\/#breadcrumb\",\"itemListElement\":[{\"@type\":\"ListItem\",\"position\":1,\"name\":\"Avaleht\",\"item\":\"https:\\\/\\\/toidupakk.ee\\\/pl\\\/\"},{\"@type\":\"ListItem\",\"position\":2,\"name\":\"Sklep internetowy\",\"item\":\"https:\\\/\\\/toidupakk.ee\\\/pl\\\/sklep-internetowy\\\/\"},{\"@type\":\"ListItem\",\"position\":3,\"name\":\"Plecak Norfin ADVENTURE 65\"}]},{\"@type\":\"WebSite\",\"@id\":\"https:\\\/\\\/toidupakk.ee\\\/pl\\\/#website\",\"url\":\"https:\\\/\\\/toidupakk.ee\\\/pl\\\/\",\"name\":\"Toidupakk.ee - Tactical Foodpack toidupakid\",\"description\":\"Tactical Foodpack k\u00fclmkuivatatud toidupakid ja matkaeined\",\"publisher\":{\"@id\":\"https:\\\/\\\/toidupakk.ee\\\/pl\\\/#organization\"},\"potentialAction\":[{\"@type\":\"SearchAction\",\"target\":{\"@type\":\"EntryPoint\",\"urlTemplate\":\"https:\\\/\\\/toidupakk.ee\\\/pl\\\/?s={search_term_string}\"},\"query-input\":{\"@type\":\"PropertyValueSpecification\",\"valueRequired\":true,\"valueName\":\"search_term_string\"}}],\"inLanguage\":\"pl-PL\"},{\"@type\":\"Organization\",\"@id\":\"https:\\\/\\\/toidupakk.ee\\\/pl\\\/#organization\",\"name\":\"Tactical Foodpack matkaeined\",\"url\":\"https:\\\/\\\/toidupakk.ee\\\/pl\\\/\",\"logo\":{\"@type\":\"ImageObject\",\"inLanguage\":\"pl-PL\",\"@id\":\"https:\\\/\\\/toidupakk.ee\\\/pl\\\/#\\\/schema\\\/logo\\\/image\\\/\",\"url\":\"https:\\\/\\\/toidupakk.ee\\\/wp-content\\\/uploads\\\/2022\\\/01\\\/Toidupakk-matkapood-logo-transparent.png\",\"contentUrl\":\"https:\\\/\\\/toidupakk.ee\\\/wp-content\\\/uploads\\\/2022\\\/01\\\/Toidupakk-matkapood-logo-transparent.png\",\"width\":500,\"height\":500,\"caption\":\"Tactical Foodpack matkaeined\"},\"image\":{\"@id\":\"https:\\\/\\\/toidupakk.ee\\\/pl\\\/#\\\/schema\\\/logo\\\/image\\\/\"},\"sameAs\":[\"https:\\\/\\\/www.facebook.com\\\/Toidupakk\",\"https:\\\/\\\/www.instagram.com\\\/toidupakk\\\/\"]}]}<\/script>\n<!-- \/ Yoast SEO plugin. -->","yoast_head_json":{"title":"Plecak Norfin ADVENTURE 65","description":"Plecak Norfin ADVENTURE 65 to pojemny i wytrzyma\u0142y plecak turystyczny, kt\u00f3ry idealnie sprawdzi si\u0119 podczas d\u0142u\u017cszych wypraw, oferuj\u0105c wygod\u0119 i praktyczno\u015b\u0107 na ka\u017cdym kroku.","robots":{"index":"index","follow":"follow","max-snippet":"max-snippet:-1","max-image-preview":"max-image-preview:large","max-video-preview":"max-video-preview:-1"},"canonical":"https:\/\/toidupakk.ee\/pl\/toode\/plecak-norfin-adventure-65\/","og_locale":"pl_PL","og_type":"article","og_title":"Plecak Norfin ADVENTURE 65","og_description":"Plecak Norfin ADVENTURE 65 to pojemny i wytrzyma\u0142y plecak turystyczny, kt\u00f3ry idealnie sprawdzi si\u0119 podczas d\u0142u\u017cszych wypraw, oferuj\u0105c wygod\u0119 i praktyczno\u015b\u0107 na ka\u017cdym kroku.","og_url":"https:\/\/toidupakk.ee\/pl\/toode\/plecak-norfin-adventure-65\/","og_site_name":"Toidupakk.ee - Tactical Foodpack toidupakid","article_publisher":"https:\/\/www.facebook.com\/Toidupakk","article_modified_time":"2026-04-14T20:30:44+00:00","og_image":[{"width":800,"height":800,"url":"https:\/\/toidupakk.ee\/wp-content\/uploads\/2025\/07\/1-2.png","type":"image\/png"}],"twitter_card":"summary_large_image","twitter_misc":{"Szacowany czas czytania":"2 minuty"},"schema":{"@context":"https:\/\/schema.org","@graph":[{"@type":"WebPage","@id":"https:\/\/toidupakk.ee\/pl\/toode\/plecak-norfin-adventure-65\/","url":"https:\/\/toidupakk.ee\/pl\/toode\/plecak-norfin-adventure-65\/","name":"Plecak Norfin ADVENTURE 65","isPartOf":{"@id":"https:\/\/toidupakk.ee\/pl\/#website"},"primaryImageOfPage":{"@id":"https:\/\/toidupakk.ee\/pl\/toode\/plecak-norfin-adventure-65\/#primaryimage"},"image":{"@id":"https:\/\/toidupakk.ee\/pl\/toode\/plecak-norfin-adventure-65\/#primaryimage"},"thumbnailUrl":"https:\/\/toidupakk.ee\/wp-content\/uploads\/2025\/07\/1-2.png","datePublished":"2025-07-16T06:52:34+00:00","dateModified":"2026-04-14T20:30:44+00:00","description":"Plecak Norfin ADVENTURE 65 to pojemny i wytrzyma\u0142y plecak turystyczny, kt\u00f3ry idealnie sprawdzi si\u0119 podczas d\u0142u\u017cszych wypraw, oferuj\u0105c wygod\u0119 i praktyczno\u015b\u0107 na ka\u017cdym kroku.","breadcrumb":{"@id":"https:\/\/toidupakk.ee\/pl\/toode\/plecak-norfin-adventure-65\/#breadcrumb"},"inLanguage":"pl-PL","potentialAction":[{"@type":"ReadAction","target":["https:\/\/toidupakk.ee\/pl\/toode\/plecak-norfin-adventure-65\/"]}]},{"@type":"ImageObject","inLanguage":"pl-PL","@id":"https:\/\/toidupakk.ee\/pl\/toode\/plecak-norfin-adventure-65\/#primaryimage","url":"https:\/\/toidupakk.ee\/wp-content\/uploads\/2025\/07\/1-2.png","contentUrl":"https:\/\/toidupakk.ee\/wp-content\/uploads\/2025\/07\/1-2.png","width":800,"height":800},{"@type":"BreadcrumbList","@id":"https:\/\/toidupakk.ee\/pl\/toode\/plecak-norfin-adventure-65\/#breadcrumb","itemListElement":[{"@type":"ListItem","position":1,"name":"Avaleht","item":"https:\/\/toidupakk.ee\/pl\/"},{"@type":"ListItem","position":2,"name":"Sklep internetowy","item":"https:\/\/toidupakk.ee\/pl\/sklep-internetowy\/"},{"@type":"ListItem","position":3,"name":"Plecak Norfin ADVENTURE 65"}]},{"@type":"WebSite","@id":"https:\/\/toidupakk.ee\/pl\/#website","url":"https:\/\/toidupakk.ee\/pl\/","name":"Toidupakk.ee - Tactical Foodpack toidupakid","description":"Tactical Foodpack k\u00fclmkuivatatud toidupakid ja matkaeined","publisher":{"@id":"https:\/\/toidupakk.ee\/pl\/#organization"},"potentialAction":[{"@type":"SearchAction","target":{"@type":"EntryPoint","urlTemplate":"https:\/\/toidupakk.ee\/pl\/?s={search_term_string}"},"query-input":{"@type":"PropertyValueSpecification","valueRequired":true,"valueName":"search_term_string"}}],"inLanguage":"pl-PL"},{"@type":"Organization","@id":"https:\/\/toidupakk.ee\/pl\/#organization","name":"Tactical Foodpack matkaeined","url":"https:\/\/toidupakk.ee\/pl\/","logo":{"@type":"ImageObject","inLanguage":"pl-PL","@id":"https:\/\/toidupakk.ee\/pl\/#\/schema\/logo\/image\/","url":"https:\/\/toidupakk.ee\/wp-content\/uploads\/2022\/01\/Toidupakk-matkapood-logo-transparent.png","contentUrl":"https:\/\/toidupakk.ee\/wp-content\/uploads\/2022\/01\/Toidupakk-matkapood-logo-transparent.png","width":500,"height":500,"caption":"Tactical Foodpack matkaeined"},"image":{"@id":"https:\/\/toidupakk.ee\/pl\/#\/schema\/logo\/image\/"},"sameAs":["https:\/\/www.facebook.com\/Toidupakk","https:\/\/www.instagram.com\/toidupakk\/"]}]}},"jetpack_sharing_enabled":true,"_links":{"self":[{"href":"https:\/\/toidupakk.ee\/pl\/wp-json\/wp\/v2\/product\/49400","targetHints":{"allow":["GET"]}}],"collection":[{"href":"https:\/\/toidupakk.ee\/pl\/wp-json\/wp\/v2\/product"}],"about":[{"href":"https:\/\/toidupakk.ee\/pl\/wp-json\/wp\/v2\/types\/product"}],"replies":[{"embeddable":true,"href":"https:\/\/toidupakk.ee\/pl\/wp-json\/wp\/v2\/comments?post=49400"}],"wp:featuredmedia":[{"embeddable":true,"href":"https:\/\/toidupakk.ee\/pl\/wp-json\/wp\/v2\/media\/37337"}],"wp:attachment":[{"href":"https:\/\/toidupakk.ee\/pl\/wp-json\/wp\/v2\/media?parent=49400"}],"wp:term":[{"taxonomy":"product_brand","embeddable":true,"href":"https:\/\/toidupakk.ee\/pl\/wp-json\/wp\/v2\/product_brand?post=49400"},{"taxonomy":"product_cat","embeddable":true,"href":"https:\/\/toidupakk.ee\/pl\/wp-json\/wp\/v2\/product_cat?post=49400"},{"taxonomy":"product_tag","embeddable":true,"href":"https:\/\/toidupakk.ee\/pl\/wp-json\/wp\/v2\/product_tag?post=49400"}],"curies":[{"name":"wp","href":"https:\/\/api.w.org\/{rel}","templated":true}]}}