{"id":49394,"date":"2025-09-04T15:24:51","date_gmt":"2025-09-04T12:24:51","guid":{"rendered":"https:\/\/toidupakk.ee\/toode\/tarp-3x3-woodland\/"},"modified":"2026-04-16T07:30:42","modified_gmt":"2026-04-16T04:30:42","slug":"tarp-3x3-woodland","status":"publish","type":"product","link":"https:\/\/toidupakk.ee\/pl\/toode\/tarp-3x3-woodland\/","title":{"rendered":"Tarp 3&#215;3 Woodland"},"content":{"rendered":"<h2 data-start=\"207\" data-end=\"280\">Tarp 3&#215;3 Woodland \u2013 tw\u00f3j wytrzyma\u0142y i wszechstronny towarzysz w naturze<\/h2>\n<p data-start=\"282\" data-end=\"639\">Je\u015bli jeste\u015b mi\u0142o\u015bnikiem w\u0119dr\u00f3wek, poszukiwaczem przyg\u00f3d lub my\u015bliwym, wiesz, jak wa\u017cny jest niezawodny sprz\u0119t. <strong data-start=\"416\" data-end=\"437\">Tarp 3&#215;3 Woodland<\/strong> zosta\u0142 stworzony, aby zapewnia\u0107 ochron\u0119 i komfort w ka\u017cdej sytuacji \u2013 w deszczu, s\u0142o\u0144cu czy na wietrze. Dzi\u0119ki wytrzyma\u0142emu polietylenowi i wodoodpornemu wyko\u0144czeniu ten tarp to idealne rozwi\u0105zanie na ka\u017cd\u0105 wypraw\u0119. <\/p>\n<p data-start=\"282\" data-end=\"639\"><img fetchpriority=\"high\" decoding=\"async\" class=\"alignnone wp-image-38736 size-thumbnail\" src=\"https:\/\/toidupakk.ee\/wp-content\/uploads\/2025\/09\/319600_51_04-500x500.jpg\" alt=\"Tarp 3x3 Woodland to wodoodporna i wytrzyma\u0142a p\u0142achta biwakowa na wyprawy, polowania czy kemping. Lekka i kompaktowa, zapewnia ochron\u0119 przed deszczem, wiatrem i s\u0142o\u0144cem.\" width=\"500\" height=\"500\" srcset=\"https:\/\/toidupakk.ee\/wp-content\/uploads\/2025\/09\/319600_51_04-500x500.jpg 500w, https:\/\/toidupakk.ee\/wp-content\/uploads\/2025\/09\/319600_51_04-300x300.jpg 300w, https:\/\/toidupakk.ee\/wp-content\/uploads\/2025\/09\/319600_51_04-768x768.jpg 768w, https:\/\/toidupakk.ee\/wp-content\/uploads\/2025\/09\/319600_51_04-400x400.jpg 400w, https:\/\/toidupakk.ee\/wp-content\/uploads\/2025\/09\/319600_51_04-800x800.jpg 800w, https:\/\/toidupakk.ee\/wp-content\/uploads\/2025\/09\/319600_51_04-100x100.jpg 100w, https:\/\/toidupakk.ee\/wp-content\/uploads\/2025\/09\/319600_51_04.jpg 960w\" sizes=\"(max-width: 500px) 100vw, 500px\" \/><\/p>\n<h2 data-start=\"646\" data-end=\"681\">Dlaczego warto wybra\u0107 Tarp 3&#215;3 Woodland?<\/h2>\n<h3 data-start=\"683\" data-end=\"726\">1. Wysokiej jako\u015bci wytrzyma\u0142y materia\u0142<\/h3>\n<p data-start=\"727\" data-end=\"864\">Tarp wykonano w 100% z polietylenu, kt\u00f3ry jest jednocze\u015bnie lekki i mocny. Zapewnia to d\u0142ug\u0105 \u017cywotno\u015b\u0107 i ochron\u0119 nawet w trudniejszych warunkach. <\/p>\n<h3 data-start=\"866\" data-end=\"909\">2. Wodoodporno\u015b\u0107 i niezawodna ochrona<\/h3>\n<p data-start=\"910\" data-end=\"1116\">Niewa\u017cne, czy z\u0142apa\u0142 ci\u0119 deszcz, czy potrzebujesz dodatkowej ochrony przed wilgoci\u0105 \u2013 <strong data-start=\"995\" data-end=\"1016\">Tarp 3&#215;3 Woodland<\/strong> zapewni ci sucho\u015b\u0107. Dzi\u0119ki niemu skutecznie os\u0142onisz sw\u00f3j ekwipunek, sprz\u0119t turystyczny lub obozowisko. <\/p>\n<h3 data-start=\"1118\" data-end=\"1157\">3. Wszechstronne zastosowanie<\/h3>\n<p>Tarp to nie tylko zwyk\u0142e przykrycie \u2013 to prawdziwy uniwersalny pomocnik w terenie:<\/p>\n<ul>\n<li data-start=\"1158\" data-end=\"1602\"><strong data-start=\"1241\" data-end=\"1252\">Jako namiot<\/strong> \u2013 szybkie i lekkie schronienie do spania lub odpoczynku.<\/li>\n<li data-start=\"1158\" data-end=\"1602\"><strong data-start=\"1312\" data-end=\"1329\">Ochrona przed deszczem<\/strong> \u2013 chroni ciebie i tw\u00f3j sprz\u0119t przed zamoczeniem.<\/li>\n<li data-start=\"1158\" data-end=\"1602\"><strong data-start=\"1372\" data-end=\"1391\">Ochrona przed s\u0142o\u0144cem<\/strong> \u2013 zapewnia cie\u0144 w upalny letni dzie\u0144.<\/li>\n<li data-start=\"1158\" data-end=\"1602\"><strong data-start=\"1429\" data-end=\"1443\">Jako pod\u0142oga<\/strong> \u2013 mo\u017cesz u\u017cy\u0107 go jako podk\u0142adu, aby odizolowa\u0107 siebie i sprz\u0119t od wilgoci.<\/li>\n<li data-start=\"1158\" data-end=\"1602\"><strong data-start=\"1512\" data-end=\"1535\">Do przykrycia sprz\u0119tu<\/strong> \u2013 chroni plecaki, narz\u0119dzia i inne przedmioty przed warunkami atmosferycznymi.<\/li>\n<\/ul>\n<h3 data-start=\"1604\" data-end=\"1631\">4. Wygodny transport<\/h3>\n<p data-start=\"1632\" data-end=\"1811\">Dzi\u0119ki niskiej wadze (tylko 590 g) i kompaktowo\u015bci mo\u017cesz zawsze mie\u0107 tarp przy sobie. Powierzchnia 3 x 3 m zapewnia wystarczaj\u0105co du\u017co miejsca, a jednocze\u015bnie p\u0142achta prawie nie zajmuje miejsca w plecaku. <\/p>\n<h3 data-start=\"1813\" data-end=\"1844\">5. Naturalny wygl\u0105d<\/h3>\n<p data-start=\"1845\" data-end=\"2068\">Wz\u00f3r Woodland \u015bwietnie wtapia si\u0119 w otoczenie, zapewniaj\u0105c kamufla\u017c i harmoni\u0119 w lesie lub na obozowisku. Dzi\u0119ki temu tarp jest idealny dla my\u015bliwych, fan\u00f3w bushcraftu i ka\u017cdego, kto ceni praktyczno\u015b\u0107 w blisko\u015bci z natur\u0105. <\/p>\n<h2><strong data-start=\"2090\" data-end=\"2111\">Tarp 3&#215;3 Woodland \u2013<\/strong> Podsumowanie<\/h2>\n<p data-start=\"2090\" data-end=\"2432\"><strong data-start=\"2090\" data-end=\"2111\">Tarp 3&#215;3 <\/strong>to niezawodna, lekka i wodoodporna p\u0142achta, kt\u00f3ra sprawdzi si\u0119 podczas w\u0119dr\u00f3wek, polowa\u0144, na kempingu czy w ogrodzie. Wytrzyma\u0142y materia\u0142, \u0142atwy monta\u017c i naturalna kolorystyka czyni\u0105 go niezb\u0119dnym elementem wyposa\u017cenia ka\u017cdego mi\u0142o\u015bnika natury. Je\u015bli szukasz praktycznego i trwa\u0142ego rozwi\u0105zania, ten tarp jest w\u0142a\u015bnie dla ciebie!  <\/p>\n<p>Dowiedz si\u0119 wi\u0119cej o posi\u0142kach turystycznych Tactical Foodpack  <a href=\"https:\/\/toidupakk.ee\/tootekategooria\/tactical-foodpack-eined\/\">TUTAJ.<\/a><\/p>\n<p>Zobacz wi\u0119cej akcesori\u00f3w turystycznych <a href=\"https:\/\/toidupakk.ee\/pl\/tootekategooria\/sprzet-turystyczny\/#section-3-79\">TUTAJ<\/a><\/p>\n<p>Znajd\u017a inspiracj\u0119 na kolejne przygody na <a href=\"https:\/\/www.instagram.com\/toidupakk\/\">Instagramie<\/a> i <a href=\"https:\/\/www.facebook.com\/Toidupakk\/\">Facebooku<\/a> Toidupakk.<\/p>\n","protected":false},"excerpt":{"rendered":"<p data-start=\"152\" data-end=\"548\"><strong>Tarp 3&#215;3 Woodland to wszechstronne i wodoodporne schronienie, kt\u00f3re doskonale nadaje si\u0119 do r\u00f3\u017cnych aktywno\u015bci na \u015bwie\u017cym powietrzu. Niezale\u017cnie od tego, czy planujesz w\u0119dr\u00f3wk\u0119, kurs przetrwania czy po prostu rozbicie obozu \u2013 ten tarp zapewnia niezawodn\u0105 ochron\u0119 przed deszczem, wiatrem i s\u0142o\u0144cem. Dzi\u0119ki naturalnym odcieniom idealnie wtapia si\u0119 w las i otoczenie, co sprawia, \u017ce nadaje si\u0119 r\u00f3wnie\u017c do u\u017cytku w ogrodzie.  <\/strong><\/p>\n<ul>\n<li data-start=\"550\" data-end=\"876\"><strong data-start=\"552\" data-end=\"570\">Wodoodporna p\u0142achta<\/strong> \u2013 chroni przed deszczem i wilgoci\u0105 w ka\u017cdej sytuacji<\/li>\n<li data-start=\"550\" data-end=\"876\"><strong data-start=\"623\" data-end=\"646\">Wytrzyma\u0142y materia\u0142<\/strong> \u2013 wykonany w 100% z polietylenu<\/li>\n<li data-start=\"550\" data-end=\"876\"><strong data-start=\"685\" data-end=\"708\">Lekki i praktyczny<\/strong> \u2013 waga tylko 590 g, \u0142atwy do zabrania i rozstawienia<\/li>\n<li data-start=\"550\" data-end=\"876\"><strong data-start=\"765\" data-end=\"776\">Wymiary:<\/strong> 3 x 3 metry<\/li>\n<li data-start=\"550\" data-end=\"876\"><strong data-start=\"795\" data-end=\"823\">Wielofunkcyjny<\/strong> \u2013 na w\u0119dr\u00f3wki, kemping lub do ogrodu<\/li>\n<\/ul>\n<p data-start=\"878\" data-end=\"930\"><strong data-start=\"878\" data-end=\"888\">Marka:<\/strong> Fosco Industries<br data-start=\"905\" data-end=\"908\"><strong data-start=\"908\" data-end=\"919\">Kolor:<\/strong> Woodland camo<\/p>\n<p data-start=\"932\" data-end=\"1010\">\u2705 Produkt w magazynie, szybka dostawa 1\u20133 dni robocze<\/p>\n","protected":false},"featured_media":38735,"comment_status":"open","ping_status":"closed","template":"","meta":{"_acf_changed":false},"product_brand":[],"product_cat":[303,313,312,314,301],"product_tag":[],"class_list":{"0":"post-49394","1":"product","2":"type-product","3":"status-publish","4":"has-post-thumbnail","6":"product_cat-akcesoria-turystyczne","7":"product_cat-hamaki","8":"product_cat-namioty","9":"product_cat-nocowanie-w-naturze","10":"product_cat-sprzet-turystyczny","12":"first","13":"instock","14":"taxable","15":"shipping-taxable","16":"purchasable","17":"product-type-simple"},"bundled_by":[],"bundle_stock_status":"instock","bundle_stock_quantity":5,"bundle_virtual":false,"bundle_layout":"","bundle_add_to_cart_form_location":"","bundle_editable_in_cart":false,"bundle_sold_individually_context":"","bundle_item_grouping":"","bundle_min_size":"","bundle_max_size":"","bundle_price":[],"bundled_items":[],"bundle_sell_ids":[],"acf":[],"yoast_head":"<!-- This site is optimized with the Yoast SEO plugin v27.3 - https:\/\/yoast.com\/product\/yoast-seo-wordpress\/ -->\n<title>Tarp 3x3 Woodland<\/title>\n<meta name=\"description\" content=\"Tarp 3x3 Woodland to wodoodporna i wytrzyma\u0142a p\u0142achta biwakowa na wyprawy, polowania czy kemping. Lekka i kompaktowa, zapewnia ochron\u0119 przed deszczem, wiatrem i s\u0142o\u0144cem.\" \/>\n<meta name=\"robots\" content=\"index, follow, max-snippet:-1, max-image-preview:large, max-video-preview:-1\" \/>\n<link rel=\"canonical\" href=\"https:\/\/toidupakk.ee\/pl\/toode\/tarp-3x3-woodland\/\" \/>\n<meta property=\"og:locale\" content=\"pl_PL\" \/>\n<meta property=\"og:type\" content=\"article\" \/>\n<meta property=\"og:title\" content=\"Tarp 3x3 Woodland\" \/>\n<meta property=\"og:description\" content=\"Tarp 3x3 Woodland to wodoodporna i wytrzyma\u0142a p\u0142achta biwakowa na wyprawy, polowania czy kemping. Lekka i kompaktowa, zapewnia ochron\u0119 przed deszczem, wiatrem i s\u0142o\u0144cem.\" \/>\n<meta property=\"og:url\" content=\"https:\/\/toidupakk.ee\/pl\/toode\/tarp-3x3-woodland\/\" \/>\n<meta property=\"og:site_name\" content=\"Toidupakk.ee - Tactical Foodpack toidupakid\" \/>\n<meta property=\"article:publisher\" content=\"https:\/\/www.facebook.com\/Toidupakk\" \/>\n<meta property=\"article:modified_time\" content=\"2026-04-16T04:30:42+00:00\" \/>\n<meta property=\"og:image\" content=\"https:\/\/toidupakk.ee\/wp-content\/uploads\/2025\/09\/Nimetu-kujundus-29.png\" \/>\n\t<meta property=\"og:image:width\" content=\"800\" \/>\n\t<meta property=\"og:image:height\" content=\"800\" \/>\n\t<meta property=\"og:image:type\" content=\"image\/png\" \/>\n<meta name=\"twitter:card\" content=\"summary_large_image\" \/>\n<meta name=\"twitter:label1\" content=\"Szacowany czas czytania\" \/>\n\t<meta name=\"twitter:data1\" content=\"2 minuty\" \/>\n<script type=\"application\/ld+json\" class=\"yoast-schema-graph\">{\"@context\":\"https:\\\/\\\/schema.org\",\"@graph\":[{\"@type\":\"WebPage\",\"@id\":\"https:\\\/\\\/toidupakk.ee\\\/pl\\\/toode\\\/tarp-3x3-woodland\\\/\",\"url\":\"https:\\\/\\\/toidupakk.ee\\\/pl\\\/toode\\\/tarp-3x3-woodland\\\/\",\"name\":\"Tarp 3x3 Woodland\",\"isPartOf\":{\"@id\":\"https:\\\/\\\/toidupakk.ee\\\/pl\\\/#website\"},\"primaryImageOfPage\":{\"@id\":\"https:\\\/\\\/toidupakk.ee\\\/pl\\\/toode\\\/tarp-3x3-woodland\\\/#primaryimage\"},\"image\":{\"@id\":\"https:\\\/\\\/toidupakk.ee\\\/pl\\\/toode\\\/tarp-3x3-woodland\\\/#primaryimage\"},\"thumbnailUrl\":\"https:\\\/\\\/toidupakk.ee\\\/wp-content\\\/uploads\\\/2025\\\/09\\\/Nimetu-kujundus-29.png\",\"datePublished\":\"2025-09-04T12:24:51+00:00\",\"dateModified\":\"2026-04-16T04:30:42+00:00\",\"description\":\"Tarp 3x3 Woodland to wodoodporna i wytrzyma\u0142a p\u0142achta biwakowa na wyprawy, polowania czy kemping. Lekka i kompaktowa, zapewnia ochron\u0119 przed deszczem, wiatrem i s\u0142o\u0144cem.\",\"breadcrumb\":{\"@id\":\"https:\\\/\\\/toidupakk.ee\\\/pl\\\/toode\\\/tarp-3x3-woodland\\\/#breadcrumb\"},\"inLanguage\":\"pl-PL\",\"potentialAction\":[{\"@type\":\"ReadAction\",\"target\":[\"https:\\\/\\\/toidupakk.ee\\\/pl\\\/toode\\\/tarp-3x3-woodland\\\/\"]}]},{\"@type\":\"ImageObject\",\"inLanguage\":\"pl-PL\",\"@id\":\"https:\\\/\\\/toidupakk.ee\\\/pl\\\/toode\\\/tarp-3x3-woodland\\\/#primaryimage\",\"url\":\"https:\\\/\\\/toidupakk.ee\\\/wp-content\\\/uploads\\\/2025\\\/09\\\/Nimetu-kujundus-29.png\",\"contentUrl\":\"https:\\\/\\\/toidupakk.ee\\\/wp-content\\\/uploads\\\/2025\\\/09\\\/Nimetu-kujundus-29.png\",\"width\":800,\"height\":800},{\"@type\":\"BreadcrumbList\",\"@id\":\"https:\\\/\\\/toidupakk.ee\\\/pl\\\/toode\\\/tarp-3x3-woodland\\\/#breadcrumb\",\"itemListElement\":[{\"@type\":\"ListItem\",\"position\":1,\"name\":\"Avaleht\",\"item\":\"https:\\\/\\\/toidupakk.ee\\\/pl\\\/\"},{\"@type\":\"ListItem\",\"position\":2,\"name\":\"Sklep internetowy\",\"item\":\"https:\\\/\\\/toidupakk.ee\\\/pl\\\/sklep-internetowy\\\/\"},{\"@type\":\"ListItem\",\"position\":3,\"name\":\"Tarp 3&#215;3 Woodland\"}]},{\"@type\":\"WebSite\",\"@id\":\"https:\\\/\\\/toidupakk.ee\\\/pl\\\/#website\",\"url\":\"https:\\\/\\\/toidupakk.ee\\\/pl\\\/\",\"name\":\"Toidupakk.ee - Tactical Foodpack toidupakid\",\"description\":\"Tactical Foodpack k\u00fclmkuivatatud toidupakid ja matkaeined\",\"publisher\":{\"@id\":\"https:\\\/\\\/toidupakk.ee\\\/pl\\\/#organization\"},\"potentialAction\":[{\"@type\":\"SearchAction\",\"target\":{\"@type\":\"EntryPoint\",\"urlTemplate\":\"https:\\\/\\\/toidupakk.ee\\\/pl\\\/?s={search_term_string}\"},\"query-input\":{\"@type\":\"PropertyValueSpecification\",\"valueRequired\":true,\"valueName\":\"search_term_string\"}}],\"inLanguage\":\"pl-PL\"},{\"@type\":\"Organization\",\"@id\":\"https:\\\/\\\/toidupakk.ee\\\/pl\\\/#organization\",\"name\":\"Tactical Foodpack matkaeined\",\"url\":\"https:\\\/\\\/toidupakk.ee\\\/pl\\\/\",\"logo\":{\"@type\":\"ImageObject\",\"inLanguage\":\"pl-PL\",\"@id\":\"https:\\\/\\\/toidupakk.ee\\\/pl\\\/#\\\/schema\\\/logo\\\/image\\\/\",\"url\":\"https:\\\/\\\/toidupakk.ee\\\/wp-content\\\/uploads\\\/2022\\\/01\\\/Toidupakk-matkapood-logo-transparent.png\",\"contentUrl\":\"https:\\\/\\\/toidupakk.ee\\\/wp-content\\\/uploads\\\/2022\\\/01\\\/Toidupakk-matkapood-logo-transparent.png\",\"width\":500,\"height\":500,\"caption\":\"Tactical Foodpack matkaeined\"},\"image\":{\"@id\":\"https:\\\/\\\/toidupakk.ee\\\/pl\\\/#\\\/schema\\\/logo\\\/image\\\/\"},\"sameAs\":[\"https:\\\/\\\/www.facebook.com\\\/Toidupakk\",\"https:\\\/\\\/www.instagram.com\\\/toidupakk\\\/\"]}]}<\/script>\n<!-- \/ Yoast SEO plugin. -->","yoast_head_json":{"title":"Tarp 3x3 Woodland","description":"Tarp 3x3 Woodland to wodoodporna i wytrzyma\u0142a p\u0142achta biwakowa na wyprawy, polowania czy kemping. Lekka i kompaktowa, zapewnia ochron\u0119 przed deszczem, wiatrem i s\u0142o\u0144cem.","robots":{"index":"index","follow":"follow","max-snippet":"max-snippet:-1","max-image-preview":"max-image-preview:large","max-video-preview":"max-video-preview:-1"},"canonical":"https:\/\/toidupakk.ee\/pl\/toode\/tarp-3x3-woodland\/","og_locale":"pl_PL","og_type":"article","og_title":"Tarp 3x3 Woodland","og_description":"Tarp 3x3 Woodland to wodoodporna i wytrzyma\u0142a p\u0142achta biwakowa na wyprawy, polowania czy kemping. Lekka i kompaktowa, zapewnia ochron\u0119 przed deszczem, wiatrem i s\u0142o\u0144cem.","og_url":"https:\/\/toidupakk.ee\/pl\/toode\/tarp-3x3-woodland\/","og_site_name":"Toidupakk.ee - Tactical Foodpack toidupakid","article_publisher":"https:\/\/www.facebook.com\/Toidupakk","article_modified_time":"2026-04-16T04:30:42+00:00","og_image":[{"width":800,"height":800,"url":"https:\/\/toidupakk.ee\/wp-content\/uploads\/2025\/09\/Nimetu-kujundus-29.png","type":"image\/png"}],"twitter_card":"summary_large_image","twitter_misc":{"Szacowany czas czytania":"2 minuty"},"schema":{"@context":"https:\/\/schema.org","@graph":[{"@type":"WebPage","@id":"https:\/\/toidupakk.ee\/pl\/toode\/tarp-3x3-woodland\/","url":"https:\/\/toidupakk.ee\/pl\/toode\/tarp-3x3-woodland\/","name":"Tarp 3x3 Woodland","isPartOf":{"@id":"https:\/\/toidupakk.ee\/pl\/#website"},"primaryImageOfPage":{"@id":"https:\/\/toidupakk.ee\/pl\/toode\/tarp-3x3-woodland\/#primaryimage"},"image":{"@id":"https:\/\/toidupakk.ee\/pl\/toode\/tarp-3x3-woodland\/#primaryimage"},"thumbnailUrl":"https:\/\/toidupakk.ee\/wp-content\/uploads\/2025\/09\/Nimetu-kujundus-29.png","datePublished":"2025-09-04T12:24:51+00:00","dateModified":"2026-04-16T04:30:42+00:00","description":"Tarp 3x3 Woodland to wodoodporna i wytrzyma\u0142a p\u0142achta biwakowa na wyprawy, polowania czy kemping. Lekka i kompaktowa, zapewnia ochron\u0119 przed deszczem, wiatrem i s\u0142o\u0144cem.","breadcrumb":{"@id":"https:\/\/toidupakk.ee\/pl\/toode\/tarp-3x3-woodland\/#breadcrumb"},"inLanguage":"pl-PL","potentialAction":[{"@type":"ReadAction","target":["https:\/\/toidupakk.ee\/pl\/toode\/tarp-3x3-woodland\/"]}]},{"@type":"ImageObject","inLanguage":"pl-PL","@id":"https:\/\/toidupakk.ee\/pl\/toode\/tarp-3x3-woodland\/#primaryimage","url":"https:\/\/toidupakk.ee\/wp-content\/uploads\/2025\/09\/Nimetu-kujundus-29.png","contentUrl":"https:\/\/toidupakk.ee\/wp-content\/uploads\/2025\/09\/Nimetu-kujundus-29.png","width":800,"height":800},{"@type":"BreadcrumbList","@id":"https:\/\/toidupakk.ee\/pl\/toode\/tarp-3x3-woodland\/#breadcrumb","itemListElement":[{"@type":"ListItem","position":1,"name":"Avaleht","item":"https:\/\/toidupakk.ee\/pl\/"},{"@type":"ListItem","position":2,"name":"Sklep internetowy","item":"https:\/\/toidupakk.ee\/pl\/sklep-internetowy\/"},{"@type":"ListItem","position":3,"name":"Tarp 3&#215;3 Woodland"}]},{"@type":"WebSite","@id":"https:\/\/toidupakk.ee\/pl\/#website","url":"https:\/\/toidupakk.ee\/pl\/","name":"Toidupakk.ee - Tactical Foodpack toidupakid","description":"Tactical Foodpack k\u00fclmkuivatatud toidupakid ja matkaeined","publisher":{"@id":"https:\/\/toidupakk.ee\/pl\/#organization"},"potentialAction":[{"@type":"SearchAction","target":{"@type":"EntryPoint","urlTemplate":"https:\/\/toidupakk.ee\/pl\/?s={search_term_string}"},"query-input":{"@type":"PropertyValueSpecification","valueRequired":true,"valueName":"search_term_string"}}],"inLanguage":"pl-PL"},{"@type":"Organization","@id":"https:\/\/toidupakk.ee\/pl\/#organization","name":"Tactical Foodpack matkaeined","url":"https:\/\/toidupakk.ee\/pl\/","logo":{"@type":"ImageObject","inLanguage":"pl-PL","@id":"https:\/\/toidupakk.ee\/pl\/#\/schema\/logo\/image\/","url":"https:\/\/toidupakk.ee\/wp-content\/uploads\/2022\/01\/Toidupakk-matkapood-logo-transparent.png","contentUrl":"https:\/\/toidupakk.ee\/wp-content\/uploads\/2022\/01\/Toidupakk-matkapood-logo-transparent.png","width":500,"height":500,"caption":"Tactical Foodpack matkaeined"},"image":{"@id":"https:\/\/toidupakk.ee\/pl\/#\/schema\/logo\/image\/"},"sameAs":["https:\/\/www.facebook.com\/Toidupakk","https:\/\/www.instagram.com\/toidupakk\/"]}]}},"jetpack_sharing_enabled":true,"_links":{"self":[{"href":"https:\/\/toidupakk.ee\/pl\/wp-json\/wp\/v2\/product\/49394","targetHints":{"allow":["GET"]}}],"collection":[{"href":"https:\/\/toidupakk.ee\/pl\/wp-json\/wp\/v2\/product"}],"about":[{"href":"https:\/\/toidupakk.ee\/pl\/wp-json\/wp\/v2\/types\/product"}],"replies":[{"embeddable":true,"href":"https:\/\/toidupakk.ee\/pl\/wp-json\/wp\/v2\/comments?post=49394"}],"wp:featuredmedia":[{"embeddable":true,"href":"https:\/\/toidupakk.ee\/pl\/wp-json\/wp\/v2\/media\/38735"}],"wp:attachment":[{"href":"https:\/\/toidupakk.ee\/pl\/wp-json\/wp\/v2\/media?parent=49394"}],"wp:term":[{"taxonomy":"product_brand","embeddable":true,"href":"https:\/\/toidupakk.ee\/pl\/wp-json\/wp\/v2\/product_brand?post=49394"},{"taxonomy":"product_cat","embeddable":true,"href":"https:\/\/toidupakk.ee\/pl\/wp-json\/wp\/v2\/product_cat?post=49394"},{"taxonomy":"product_tag","embeddable":true,"href":"https:\/\/toidupakk.ee\/pl\/wp-json\/wp\/v2\/product_tag?post=49394"}],"curies":[{"name":"wp","href":"https:\/\/api.w.org\/{rel}","templated":true}]}}