{"id":49382,"date":"2026-02-10T11:44:28","date_gmt":"2026-02-10T09:44:28","guid":{"rendered":"https:\/\/toidupakk.ee\/toode\/kawa-rozpuszczalna-kohe-colombia-10x18-g\/"},"modified":"2026-05-14T08:31:26","modified_gmt":"2026-05-14T05:31:26","slug":"kawa-rozpuszczalna-kohe-colombia-10x18-g","status":"publish","type":"product","link":"https:\/\/toidupakk.ee\/pl\/toode\/kawa-rozpuszczalna-kohe-colombia-10x18-g\/","title":{"rendered":"Kawa rozpuszczalna KOHE Colombia (10&#215;1,8 g)"},"content":{"rendered":"<h1 data-start=\"23\" data-end=\"293\"><strong data-start=\"23\" data-end=\"64\">Kawa rozpuszczalna KOHE Colombia (10&#215;1,8 g)<\/strong><\/h1>\n<p data-start=\"23\" data-end=\"293\"><strong data-start=\"23\" data-end=\"64\">Kawa rozpuszczalna KOHE Colombia (10&#215;1,8 g)<\/strong> jest produkowana z kolumbijskich ziaren kawy i pakowana w wygodne pude\u0142ko zawieraj\u0105ce dziesi\u0119\u0107 oddzielnych porcji. Ka\u017cda saszetka wa\u017cy 1,8 grama, oferuj\u0105c prosty spos\u00f3b na delektowanie si\u0119 wysokiej jako\u015bci kaw\u0105 dok\u0142adnie wtedy, gdy masz na to ochot\u0119. <\/p>\n<p data-start=\"295\" data-end=\"514\">Ta kawa pochodzi z obszaru upraw Caldas w Kolumbii i jest uprawiana w regionie Huila, kt\u00f3ry nale\u017cy do najwi\u0119kszych region\u00f3w uprawy kawy. Tamtejsza uprawa kawy to dla wielu rodzin dzie\u0142o \u017cycia, rozwijane z pokolenia na pokolenie. <\/p>\n<p data-start=\"295\" data-end=\"514\"><img fetchpriority=\"high\" decoding=\"async\" class=\"alignright wp-image-44912\" src=\"https:\/\/toidupakk.ee\/wp-content\/uploads\/2026\/02\/flat_col2.jpg\" alt=\"Kawa rozpuszczalna KOHE Colombia (10x1,8 g) to pochodz\u0105ca z Kolumbii kawa o czystym i \u0142agodnym smaku z nutami kakao, karmelu i granatu.\" width=\"500\" height=\"500\" srcset=\"https:\/\/toidupakk.ee\/wp-content\/uploads\/2026\/02\/flat_col2.jpg 1200w, https:\/\/toidupakk.ee\/wp-content\/uploads\/2026\/02\/flat_col2-300x300.jpg 300w, https:\/\/toidupakk.ee\/wp-content\/uploads\/2026\/02\/flat_col2-1024x1024.jpg 1024w, https:\/\/toidupakk.ee\/wp-content\/uploads\/2026\/02\/flat_col2-500x500.jpg 500w, https:\/\/toidupakk.ee\/wp-content\/uploads\/2026\/02\/flat_col2-768x768.jpg 768w, https:\/\/toidupakk.ee\/wp-content\/uploads\/2026\/02\/flat_col2-400x400.jpg 400w, https:\/\/toidupakk.ee\/wp-content\/uploads\/2026\/02\/flat_col2-800x800.jpg 800w, https:\/\/toidupakk.ee\/wp-content\/uploads\/2026\/02\/flat_col2-100x100.jpg 100w, https:\/\/toidupakk.ee\/wp-content\/uploads\/2026\/02\/flat_col2-50x50.jpg 50w\" sizes=\"(max-width: 500px) 100vw, 500px\" \/><\/p>\n<h2 data-start=\"521\" data-end=\"543\">Smak i doznania \u2013 kawa rozpuszczalna KOHE Colombia (10&#215;1,8 g)<\/h2>\n<p data-start=\"545\" data-end=\"818\">Smak kawy jest czysty, \u0142agodny i z\u0142o\u017cony. W ka\u017cdej fili\u017cance wyczuwalne s\u0105 nuty kakao, karmelu i granatu, kt\u00f3re tworz\u0105 r\u00f3\u017cnorodn\u0105 i harmonijn\u0105 kompozycj\u0119. Te niuanse smakowe nadaj\u0105 napojowi g\u0142\u0119bi\u0119 i przyjemn\u0105 mi\u0119kko\u015b\u0107, pozostaj\u0105c jednocze\u015bnie wyra\u017anymi i zr\u00f3wnowa\u017conymi.  <\/p>\n<p data-start=\"820\" data-end=\"936\">Charakter kawy odzwierciedla obszar uprawy oraz starann\u0105 obr\u00f3bk\u0119, wydobywaj\u0105c zar\u00f3wno \u0142agodny, jak i bogaty profil smakowy.<\/p>\n<h2 data-start=\"943\" data-end=\"979\">Pochodzenie i warunki uprawy<\/h2>\n<p data-start=\"981\" data-end=\"1125\">Kawa jest uprawiana na wysoko\u015bci 1300\u20131700 metr\u00f3w nad poziomem morza. Pod\u0142o\u017cem jest gleba wulkaniczna, kt\u00f3ra stanowi cz\u0119\u015b\u0107 \u015brodowiska uprawy kawy w tym regionie. <\/p>\n<p data-start=\"1127\" data-end=\"1350\">Kaw\u0119 uprawiaj\u0105 drobni rolnicy, kt\u00f3rzy stale doskonal\u0105 swoj\u0105 wiedz\u0119 i umiej\u0119tno\u015bci, aby zapewni\u0107 sta\u0142y poziom jako\u015bci kawy. Ich oddanie i staranna praca s\u0105 wyra\u017anie wyczuwalne w czystym smaku i wszechstronnym charakterze kawy. <\/p>\n<h2 data-start=\"1357\" data-end=\"1391\">Odmiany kawy i metoda obr\u00f3bki<\/h2>\n<p data-start=\"1393\" data-end=\"1564\">Kawa sk\u0142ada si\u0119 w 100% z ziaren Arabiki. Wi\u0119kszo\u015b\u0107 stanowi odmiana Caturra, a mniejsz\u0105 cz\u0119\u015b\u0107 odmiana Catuai. Po\u0142\u0105czenie tych odmian nadaje napojowi czysty i r\u00f3\u017cnorodny profil smakowy.  <\/p>\n<p data-start=\"1566\" data-end=\"1724\">Do obr\u00f3bki ziaren kawy zastosowano metod\u0119 na mokro. Ta metoda pomaga ukszta\u0142towa\u0107 wyj\u0105tkowo czyste i z\u0142o\u017cone doznania smakowe, kt\u00f3re s\u0105 wyra\u017anie wyczuwalne w fili\u017cance. <\/p>\n<p data-start=\"1731\" data-end=\"2063\"><strong data-start=\"1731\" data-end=\"1772\">Kawa rozpuszczalna<\/strong> \u0142\u0105czy w sobie specyfik\u0119 kolumbijskich obszar\u00f3w upraw, oddanie drobnych rolnik\u00f3w oraz r\u00f3\u017cnorodny profil smakowy. To kawa, kt\u00f3ra opowiada swoj\u0105 histori\u0119 w ka\u017cdym \u0142yku \u2013 histori\u0119 wysokich g\u00f3r, wulkanicznej gleby i starannie wyhodowanych ziaren, kt\u00f3re trafi\u0142y do wygodnego opakowania w formie rozpuszczalnej. \u2615<\/p>\n<div class=\"woocommerce-tabs wc-tabs-wrapper\">\n<div id=\"tab-description\" class=\"woocommerce-Tabs-panel woocommerce-Tabs-panel--description panel entry-content wc-tab\" role=\"tabpanel\" aria-labelledby=\"tab-title-description\">\n<p>Dowiedz si\u0119 wi\u0119cej o posi\u0142kach turystycznych Tactical Foodpack <a href=\"https:\/\/toidupakk.ee\/tootekategooria\/tactical-foodpack-eined\/\">TUTAJ.<\/a><\/p>\n<p>Zobacz wi\u0119cej akcesori\u00f3w turystycznych <a href=\"https:\/\/toidupakk.ee\/pl\/tootekategooria\/sprzet-turystyczny\/#section-3-79\">TUTAJ<\/a><\/p>\n<p>Znajd\u017a inspiracj\u0119 na kolejne przygody na <a href=\"https:\/\/www.instagram.com\/toidupakk\/\">Instagramie<\/a> i <a href=\"https:\/\/www.facebook.com\/Toidupakk\/\">Facebooku<\/a> Toidupakk.<\/p>\n<\/div>\n<\/div>\n","protected":false},"excerpt":{"rendered":"<p data-start=\"105\" data-end=\"404\"><strong>Kawa rozpuszczalna KOHE Colombia (10&#215;1,8 g) to kawa rozpuszczalna z Kolumbii o czystym i \u0142agodnym smaku, z\u0142o\u017conym profilu smakowym oraz nutach kakao, karmelu i granatu. Wyprodukowana z ziaren Arabiki (Caturra i Catuai), obrabiana na mokro i uprawiana na wysoko\u015bci 1300\u20131700 m na glebie wulkanicznej. <\/strong><\/p>\n<ul>\n<li><strong data-start=\"408\" data-end=\"421\">Pochodzenie:<\/strong> Caldas, Kolumbia (region Huila)<\/li>\n<li><strong data-start=\"460\" data-end=\"478\" data-is-only-node=\"\">Profil smakowy:<\/strong> czysty, \u0142agodny, z\u0142o\u017cony, nuty kakao, karmelu i granatu<\/li>\n<li><strong data-start=\"547\" data-end=\"565\">Metoda obr\u00f3bki:<\/strong> na mokro<\/li>\n<li><strong data-start=\"583\" data-end=\"599\">Wysoko\u015b\u0107 uprawy:<\/strong> 1300\u20131700 m n.p.m.<\/li>\n<li><strong data-start=\"630\" data-end=\"641\">Opakowanie:<\/strong> 1 pude\u0142ko (10 \u00d7 1,8 g)<\/li>\n<\/ul>\n<p><strong><img decoding=\"async\" class=\"emoji\" role=\"img\" draggable=\"false\" src=\"https:\/\/s.w.org\/images\/core\/emoji\/17.0.2\/svg\/2705.svg\" alt=\"\u2705\"> <\/strong>Dost\u0119pne w magazynie, szybka dostawa w 1-3 dni robocze<\/p>\n","protected":false},"featured_media":55011,"comment_status":"open","ping_status":"closed","template":"","meta":{"_acf_changed":false},"product_brand":[],"product_cat":[303,306,307,301],"product_tag":[305],"class_list":{"0":"post-49382","1":"product","2":"type-product","3":"status-publish","4":"has-post-thumbnail","6":"product_cat-akcesoria-turystyczne","7":"product_cat-napoje-kawowe","8":"product_cat-przygotowywanie-posilkow","9":"product_cat-sprzet-turystyczny","10":"product_tag-no_ads","12":"first","13":"instock","14":"sale","15":"taxable","16":"shipping-taxable","17":"purchasable","18":"product-type-simple"},"bundled_by":[],"bundle_stock_status":"instock","bundle_stock_quantity":12,"bundle_virtual":false,"bundle_layout":"","bundle_add_to_cart_form_location":"","bundle_editable_in_cart":false,"bundle_sold_individually_context":"","bundle_item_grouping":"","bundle_min_size":"","bundle_max_size":"","bundle_price":[],"bundled_items":[],"bundle_sell_ids":[],"acf":[],"yoast_head":"<!-- This site is optimized with the Yoast SEO plugin v27.3 - https:\/\/yoast.com\/product\/yoast-seo-wordpress\/ -->\n<title>Kawa rozpuszczalna KOHE Colombia (10x1,8 g)<\/title>\n<meta name=\"description\" content=\"Kawa rozpuszczalna KOHE Colombia (10x1,8 g) to pochodz\u0105ca z Kolumbii kawa o czystym i \u0142agodnym smaku z nutami kakao, karmelu i granatu.\" \/>\n<meta name=\"robots\" content=\"index, follow, max-snippet:-1, max-image-preview:large, max-video-preview:-1\" \/>\n<link rel=\"canonical\" href=\"https:\/\/toidupakk.ee\/pl\/toode\/kawa-rozpuszczalna-kohe-colombia-10x18-g\/\" \/>\n<meta property=\"og:locale\" content=\"pl_PL\" \/>\n<meta property=\"og:type\" content=\"article\" \/>\n<meta property=\"og:title\" content=\"Kawa rozpuszczalna KOHE Colombia (10x1,8 g)\" \/>\n<meta property=\"og:description\" content=\"Kawa rozpuszczalna KOHE Colombia (10x1,8 g) to pochodz\u0105ca z Kolumbii kawa o czystym i \u0142agodnym smaku z nutami kakao, karmelu i granatu.\" \/>\n<meta property=\"og:url\" content=\"https:\/\/toidupakk.ee\/pl\/toode\/kawa-rozpuszczalna-kohe-colombia-10x18-g\/\" \/>\n<meta property=\"og:site_name\" content=\"Toidupakk.ee - Tactical Foodpack toidupakid\" \/>\n<meta property=\"article:publisher\" content=\"https:\/\/www.facebook.com\/Toidupakk\" \/>\n<meta property=\"article:modified_time\" content=\"2026-05-14T05:31:26+00:00\" \/>\n<meta property=\"og:image\" content=\"https:\/\/toidupakk.ee\/wp-content\/uploads\/2026\/02\/1-1.png\" \/>\n\t<meta property=\"og:image:width\" content=\"800\" \/>\n\t<meta property=\"og:image:height\" content=\"800\" \/>\n\t<meta property=\"og:image:type\" content=\"image\/png\" \/>\n<meta name=\"twitter:card\" content=\"summary_large_image\" \/>\n<meta name=\"twitter:label1\" content=\"Szacowany czas czytania\" \/>\n\t<meta name=\"twitter:data1\" content=\"2 minuty\" \/>\n<script type=\"application\/ld+json\" class=\"yoast-schema-graph\">{\"@context\":\"https:\\\/\\\/schema.org\",\"@graph\":[{\"@type\":\"WebPage\",\"@id\":\"https:\\\/\\\/toidupakk.ee\\\/pl\\\/toode\\\/kawa-rozpuszczalna-kohe-colombia-10x18-g\\\/\",\"url\":\"https:\\\/\\\/toidupakk.ee\\\/pl\\\/toode\\\/kawa-rozpuszczalna-kohe-colombia-10x18-g\\\/\",\"name\":\"Kawa rozpuszczalna KOHE Colombia (10x1,8 g)\",\"isPartOf\":{\"@id\":\"https:\\\/\\\/toidupakk.ee\\\/pl\\\/#website\"},\"primaryImageOfPage\":{\"@id\":\"https:\\\/\\\/toidupakk.ee\\\/pl\\\/toode\\\/kawa-rozpuszczalna-kohe-colombia-10x18-g\\\/#primaryimage\"},\"image\":{\"@id\":\"https:\\\/\\\/toidupakk.ee\\\/pl\\\/toode\\\/kawa-rozpuszczalna-kohe-colombia-10x18-g\\\/#primaryimage\"},\"thumbnailUrl\":\"https:\\\/\\\/toidupakk.ee\\\/wp-content\\\/uploads\\\/2026\\\/02\\\/1-1.png\",\"datePublished\":\"2026-02-10T09:44:28+00:00\",\"dateModified\":\"2026-05-14T05:31:26+00:00\",\"description\":\"Kawa rozpuszczalna KOHE Colombia (10x1,8 g) to pochodz\u0105ca z Kolumbii kawa o czystym i \u0142agodnym smaku z nutami kakao, karmelu i granatu.\",\"breadcrumb\":{\"@id\":\"https:\\\/\\\/toidupakk.ee\\\/pl\\\/toode\\\/kawa-rozpuszczalna-kohe-colombia-10x18-g\\\/#breadcrumb\"},\"inLanguage\":\"pl-PL\",\"potentialAction\":[{\"@type\":\"ReadAction\",\"target\":[\"https:\\\/\\\/toidupakk.ee\\\/pl\\\/toode\\\/kawa-rozpuszczalna-kohe-colombia-10x18-g\\\/\"]}]},{\"@type\":\"ImageObject\",\"inLanguage\":\"pl-PL\",\"@id\":\"https:\\\/\\\/toidupakk.ee\\\/pl\\\/toode\\\/kawa-rozpuszczalna-kohe-colombia-10x18-g\\\/#primaryimage\",\"url\":\"https:\\\/\\\/toidupakk.ee\\\/wp-content\\\/uploads\\\/2026\\\/02\\\/1-1.png\",\"contentUrl\":\"https:\\\/\\\/toidupakk.ee\\\/wp-content\\\/uploads\\\/2026\\\/02\\\/1-1.png\",\"width\":800,\"height\":800},{\"@type\":\"BreadcrumbList\",\"@id\":\"https:\\\/\\\/toidupakk.ee\\\/pl\\\/toode\\\/kawa-rozpuszczalna-kohe-colombia-10x18-g\\\/#breadcrumb\",\"itemListElement\":[{\"@type\":\"ListItem\",\"position\":1,\"name\":\"Avaleht\",\"item\":\"https:\\\/\\\/toidupakk.ee\\\/pl\\\/\"},{\"@type\":\"ListItem\",\"position\":2,\"name\":\"Sklep internetowy\",\"item\":\"https:\\\/\\\/toidupakk.ee\\\/pl\\\/sklep-internetowy\\\/\"},{\"@type\":\"ListItem\",\"position\":3,\"name\":\"Kawa rozpuszczalna KOHE Colombia (10&#215;1,8 g)\"}]},{\"@type\":\"WebSite\",\"@id\":\"https:\\\/\\\/toidupakk.ee\\\/pl\\\/#website\",\"url\":\"https:\\\/\\\/toidupakk.ee\\\/pl\\\/\",\"name\":\"Toidupakk.ee - Tactical Foodpack toidupakid\",\"description\":\"Tactical Foodpack k\u00fclmkuivatatud toidupakid ja matkaeined\",\"publisher\":{\"@id\":\"https:\\\/\\\/toidupakk.ee\\\/pl\\\/#organization\"},\"potentialAction\":[{\"@type\":\"SearchAction\",\"target\":{\"@type\":\"EntryPoint\",\"urlTemplate\":\"https:\\\/\\\/toidupakk.ee\\\/pl\\\/?s={search_term_string}\"},\"query-input\":{\"@type\":\"PropertyValueSpecification\",\"valueRequired\":true,\"valueName\":\"search_term_string\"}}],\"inLanguage\":\"pl-PL\"},{\"@type\":\"Organization\",\"@id\":\"https:\\\/\\\/toidupakk.ee\\\/pl\\\/#organization\",\"name\":\"Tactical Foodpack matkaeined\",\"url\":\"https:\\\/\\\/toidupakk.ee\\\/pl\\\/\",\"logo\":{\"@type\":\"ImageObject\",\"inLanguage\":\"pl-PL\",\"@id\":\"https:\\\/\\\/toidupakk.ee\\\/pl\\\/#\\\/schema\\\/logo\\\/image\\\/\",\"url\":\"https:\\\/\\\/toidupakk.ee\\\/wp-content\\\/uploads\\\/2022\\\/01\\\/Toidupakk-matkapood-logo-transparent.png\",\"contentUrl\":\"https:\\\/\\\/toidupakk.ee\\\/wp-content\\\/uploads\\\/2022\\\/01\\\/Toidupakk-matkapood-logo-transparent.png\",\"width\":500,\"height\":500,\"caption\":\"Tactical Foodpack matkaeined\"},\"image\":{\"@id\":\"https:\\\/\\\/toidupakk.ee\\\/pl\\\/#\\\/schema\\\/logo\\\/image\\\/\"},\"sameAs\":[\"https:\\\/\\\/www.facebook.com\\\/Toidupakk\",\"https:\\\/\\\/www.instagram.com\\\/toidupakk\\\/\"]}]}<\/script>\n<!-- \/ Yoast SEO plugin. -->","yoast_head_json":{"title":"Kawa rozpuszczalna KOHE Colombia (10x1,8 g)","description":"Kawa rozpuszczalna KOHE Colombia (10x1,8 g) to pochodz\u0105ca z Kolumbii kawa o czystym i \u0142agodnym smaku z nutami kakao, karmelu i granatu.","robots":{"index":"index","follow":"follow","max-snippet":"max-snippet:-1","max-image-preview":"max-image-preview:large","max-video-preview":"max-video-preview:-1"},"canonical":"https:\/\/toidupakk.ee\/pl\/toode\/kawa-rozpuszczalna-kohe-colombia-10x18-g\/","og_locale":"pl_PL","og_type":"article","og_title":"Kawa rozpuszczalna KOHE Colombia (10x1,8 g)","og_description":"Kawa rozpuszczalna KOHE Colombia (10x1,8 g) to pochodz\u0105ca z Kolumbii kawa o czystym i \u0142agodnym smaku z nutami kakao, karmelu i granatu.","og_url":"https:\/\/toidupakk.ee\/pl\/toode\/kawa-rozpuszczalna-kohe-colombia-10x18-g\/","og_site_name":"Toidupakk.ee - Tactical Foodpack toidupakid","article_publisher":"https:\/\/www.facebook.com\/Toidupakk","article_modified_time":"2026-05-14T05:31:26+00:00","og_image":[{"width":800,"height":800,"url":"https:\/\/toidupakk.ee\/wp-content\/uploads\/2026\/02\/1-1.png","type":"image\/png"}],"twitter_card":"summary_large_image","twitter_misc":{"Szacowany czas czytania":"2 minuty"},"schema":{"@context":"https:\/\/schema.org","@graph":[{"@type":"WebPage","@id":"https:\/\/toidupakk.ee\/pl\/toode\/kawa-rozpuszczalna-kohe-colombia-10x18-g\/","url":"https:\/\/toidupakk.ee\/pl\/toode\/kawa-rozpuszczalna-kohe-colombia-10x18-g\/","name":"Kawa rozpuszczalna KOHE Colombia (10x1,8 g)","isPartOf":{"@id":"https:\/\/toidupakk.ee\/pl\/#website"},"primaryImageOfPage":{"@id":"https:\/\/toidupakk.ee\/pl\/toode\/kawa-rozpuszczalna-kohe-colombia-10x18-g\/#primaryimage"},"image":{"@id":"https:\/\/toidupakk.ee\/pl\/toode\/kawa-rozpuszczalna-kohe-colombia-10x18-g\/#primaryimage"},"thumbnailUrl":"https:\/\/toidupakk.ee\/wp-content\/uploads\/2026\/02\/1-1.png","datePublished":"2026-02-10T09:44:28+00:00","dateModified":"2026-05-14T05:31:26+00:00","description":"Kawa rozpuszczalna KOHE Colombia (10x1,8 g) to pochodz\u0105ca z Kolumbii kawa o czystym i \u0142agodnym smaku z nutami kakao, karmelu i granatu.","breadcrumb":{"@id":"https:\/\/toidupakk.ee\/pl\/toode\/kawa-rozpuszczalna-kohe-colombia-10x18-g\/#breadcrumb"},"inLanguage":"pl-PL","potentialAction":[{"@type":"ReadAction","target":["https:\/\/toidupakk.ee\/pl\/toode\/kawa-rozpuszczalna-kohe-colombia-10x18-g\/"]}]},{"@type":"ImageObject","inLanguage":"pl-PL","@id":"https:\/\/toidupakk.ee\/pl\/toode\/kawa-rozpuszczalna-kohe-colombia-10x18-g\/#primaryimage","url":"https:\/\/toidupakk.ee\/wp-content\/uploads\/2026\/02\/1-1.png","contentUrl":"https:\/\/toidupakk.ee\/wp-content\/uploads\/2026\/02\/1-1.png","width":800,"height":800},{"@type":"BreadcrumbList","@id":"https:\/\/toidupakk.ee\/pl\/toode\/kawa-rozpuszczalna-kohe-colombia-10x18-g\/#breadcrumb","itemListElement":[{"@type":"ListItem","position":1,"name":"Avaleht","item":"https:\/\/toidupakk.ee\/pl\/"},{"@type":"ListItem","position":2,"name":"Sklep internetowy","item":"https:\/\/toidupakk.ee\/pl\/sklep-internetowy\/"},{"@type":"ListItem","position":3,"name":"Kawa rozpuszczalna KOHE Colombia (10&#215;1,8 g)"}]},{"@type":"WebSite","@id":"https:\/\/toidupakk.ee\/pl\/#website","url":"https:\/\/toidupakk.ee\/pl\/","name":"Toidupakk.ee - Tactical Foodpack toidupakid","description":"Tactical Foodpack k\u00fclmkuivatatud toidupakid ja matkaeined","publisher":{"@id":"https:\/\/toidupakk.ee\/pl\/#organization"},"potentialAction":[{"@type":"SearchAction","target":{"@type":"EntryPoint","urlTemplate":"https:\/\/toidupakk.ee\/pl\/?s={search_term_string}"},"query-input":{"@type":"PropertyValueSpecification","valueRequired":true,"valueName":"search_term_string"}}],"inLanguage":"pl-PL"},{"@type":"Organization","@id":"https:\/\/toidupakk.ee\/pl\/#organization","name":"Tactical Foodpack matkaeined","url":"https:\/\/toidupakk.ee\/pl\/","logo":{"@type":"ImageObject","inLanguage":"pl-PL","@id":"https:\/\/toidupakk.ee\/pl\/#\/schema\/logo\/image\/","url":"https:\/\/toidupakk.ee\/wp-content\/uploads\/2022\/01\/Toidupakk-matkapood-logo-transparent.png","contentUrl":"https:\/\/toidupakk.ee\/wp-content\/uploads\/2022\/01\/Toidupakk-matkapood-logo-transparent.png","width":500,"height":500,"caption":"Tactical Foodpack matkaeined"},"image":{"@id":"https:\/\/toidupakk.ee\/pl\/#\/schema\/logo\/image\/"},"sameAs":["https:\/\/www.facebook.com\/Toidupakk","https:\/\/www.instagram.com\/toidupakk\/"]}]}},"jetpack_sharing_enabled":true,"_links":{"self":[{"href":"https:\/\/toidupakk.ee\/pl\/wp-json\/wp\/v2\/product\/49382","targetHints":{"allow":["GET"]}}],"collection":[{"href":"https:\/\/toidupakk.ee\/pl\/wp-json\/wp\/v2\/product"}],"about":[{"href":"https:\/\/toidupakk.ee\/pl\/wp-json\/wp\/v2\/types\/product"}],"replies":[{"embeddable":true,"href":"https:\/\/toidupakk.ee\/pl\/wp-json\/wp\/v2\/comments?post=49382"}],"wp:featuredmedia":[{"embeddable":true,"href":"https:\/\/toidupakk.ee\/pl\/wp-json\/wp\/v2\/media\/55011"}],"wp:attachment":[{"href":"https:\/\/toidupakk.ee\/pl\/wp-json\/wp\/v2\/media?parent=49382"}],"wp:term":[{"taxonomy":"product_brand","embeddable":true,"href":"https:\/\/toidupakk.ee\/pl\/wp-json\/wp\/v2\/product_brand?post=49382"},{"taxonomy":"product_cat","embeddable":true,"href":"https:\/\/toidupakk.ee\/pl\/wp-json\/wp\/v2\/product_cat?post=49382"},{"taxonomy":"product_tag","embeddable":true,"href":"https:\/\/toidupakk.ee\/pl\/wp-json\/wp\/v2\/product_tag?post=49382"}],"curies":[{"name":"wp","href":"https:\/\/api.w.org\/{rel}","templated":true}]}}