{"id":49373,"date":"2026-02-10T11:29:37","date_gmt":"2026-02-10T09:29:37","guid":{"rendered":"https:\/\/toidupakk.ee\/toode\/wklad-do-plecaka-hydracyjnego-1-5l-m-tac\/"},"modified":"2026-04-15T23:01:29","modified_gmt":"2026-04-15T20:01:29","slug":"wklad-do-plecaka-hydracyjnego-1-5l-m-tac","status":"publish","type":"product","link":"https:\/\/toidupakk.ee\/pl\/toode\/wklad-do-plecaka-hydracyjnego-1-5l-m-tac\/","title":{"rendered":"Wk\u0142ad do plecaka hydracyjnego 1.5L M-TAC\u00ae"},"content":{"rendered":"<h2 data-start=\"0\" data-end=\"92\">Wk\u0142ad do plecaka hydracyjnego 1.5L M-TAC\u00ae \u2013 lekki i neutralny smakowo rezerwuar na wod\u0119<img fetchpriority=\"high\" decoding=\"async\" class=\"alignright wp-image-44891 \" src=\"https:\/\/toidupakk.ee\/wp-content\/uploads\/2026\/02\/MTC-HD1.webp\" alt=\"wk\u0142ad do buk\u0142aka 1.5L widok z przodu\" width=\"319\" height=\"319\" data-wp-editing=\"1\" srcset=\"https:\/\/toidupakk.ee\/wp-content\/uploads\/2026\/02\/MTC-HD1.webp 800w, https:\/\/toidupakk.ee\/wp-content\/uploads\/2026\/02\/MTC-HD1-300x300.webp 300w, https:\/\/toidupakk.ee\/wp-content\/uploads\/2026\/02\/MTC-HD1-500x500.webp 500w, https:\/\/toidupakk.ee\/wp-content\/uploads\/2026\/02\/MTC-HD1-768x768.webp 768w, https:\/\/toidupakk.ee\/wp-content\/uploads\/2026\/02\/MTC-HD1-400x400.webp 400w, https:\/\/toidupakk.ee\/wp-content\/uploads\/2026\/02\/MTC-HD1-100x100.webp 100w, https:\/\/toidupakk.ee\/wp-content\/uploads\/2026\/02\/MTC-HD1-50x50.webp 50w\" sizes=\"(max-width: 319px) 100vw, 319px\" \/><\/h2>\n<p data-start=\"113\" data-end=\"394\">Wk\u0142ad do plecaka hydracyjnego 1.5L M-TAC\u00ae to kompaktowy i wytrzyma\u0142y rezerwuar na wod\u0119 do plecak\u00f3w z systemem hydracyjnym. Zosta\u0142 zaprojektowany z my\u015bl\u0105 o aktywnym u\u017cytkowaniu \u2013 w\u0119dr\u00f3wkach, je\u017adzie na rowerze, airsofcie, wyposa\u017ceniu militarnym czy d\u0142u\u017cszych wyprawach, gdzie picie z butelki jest uci\u0105\u017cliwe i powolne. <\/p>\n<p data-start=\"396\" data-end=\"714\">Rezerwuar wykonano z polimeru PEVA, kt\u00f3ry jest wodoodporny, hipoalergiczny i wolny od szkodliwych substancji. W praktyce oznacza to dwie wa\u017cne rzeczy: \u0142atw\u0105 konserwacj\u0119 i brak plastikowego posmaku wody. W przypadku ta\u0144szych buk\u0142ak\u00f3w obcy posmak jest cz\u0119stym problemem, tutaj producent \u015bwiadomie go wyeliminowa\u0142.  <\/p>\n<p data-start=\"716\" data-end=\"967\">Pojemno\u015b\u0107 1.5L zapewnia doskona\u0142\u0105 r\u00f3wnowag\u0119 mi\u0119dzy wag\u0105 a zapasem wody. Wystarczy na kilka godzin aktywno\u015bci, nie czyni\u0105c plecaka niepor\u0119cznym. Umieszczona z boku miarka pozwala szybko oceni\u0107 ilo\u015b\u0107 pozosta\u0142ej wody bez wyjmowania rezerwuaru z plecaka.  <\/p>\n<p data-start=\"969\" data-end=\"1268\">Szeroki otw\u00f3r wlewowy umo\u017cliwia wygodne nape\u0142nianie i dok\u0142adne czyszczenie. Zamkni\u0119cie trzyma pewnie i zapewnia szczelno\u015b\u0107 nawet podczas ruchu. W\u0105\u017c jest odpinany, co u\u0142atwia mycie. Zintegrowany zaw\u00f3r pozwala pi\u0107 w ruchu i jedn\u0105 r\u0119k\u0105, bez konieczno\u015bci zwalniania tempa.   <\/p>\n<p data-start=\"1270\" data-end=\"1404\">Dzi\u0119ki swoim wymiarom wk\u0142ad 1.5L pasuje do wi\u0119kszo\u015bci plecak\u00f3w z kieszeni\u0105 hydracyjn\u0105. Uchwyt transportowy u\u0142atwia nape\u0142nianie i monta\u017c. <\/p>\n<h3 data-start=\"1697\" data-end=\"1717\">Dane techniczne<\/h3>\n<p data-start=\"1719\" data-end=\"1825\">Materia\u0142: PEVA<br data-start=\"1733\" data-end=\"1736\">Pojemno\u015b\u0107: 1.5L<br data-start=\"1746\" data-end=\"1749\">D\u0142ugo\u015b\u0107 z uchwytem: 28,5 cm<br data-start=\"1781\" data-end=\"1784\">Szeroko\u015b\u0107: 16,7 cm<br data-start=\"1798\" data-end=\"1801\">D\u0142ugo\u015b\u0107 w\u0119\u017ca: 112 cm<\/p>\n<p>Zobacz wi\u0119cej akcesori\u00f3w turystycznych  <a href=\"https:\/\/toidupakk.ee\/pl\/tootekategooria\/sprzet-turystyczny\/#section-3-79\">TUTAJ<\/a><\/p>\n<p>Znajd\u017a inspiracj\u0119 na kolejne przygody na <a href=\"https:\/\/www.instagram.com\/toidupakk\/\">Instagramie<\/a> i <a href=\"https:\/\/www.facebook.com\/Toidupakk\/\">Facebooku<\/a> Toidupakk.<\/p>\n","protected":false},"excerpt":{"rendered":"<p><strong>Idealne rozwi\u0105zanie w sytuacjach, gdy si\u0119ganie po butelk\u0119 jest niewygodne lub przeszkadza w ruchu \u2013 np. podczas w\u0119dr\u00f3wek, jazdy na rowerze, biegania czy innych aktywno\u015bci. Wk\u0142ad montowany w plecaku pozwala pi\u0107 wygodnie w drodze, maj\u0105c wolne r\u0119ce. <\/strong><\/p>\n<ul>\n<li>Pojemno\u015b\u0107: 1.5 litra<\/li>\n<li>Pasuje do wi\u0119kszo\u015bci plecak\u00f3w hydracyjnych i system\u00f3w typu camelpack<\/li>\n<li>Wykonany z materia\u0142u PEVA \u2013 lekki, trwa\u0142y i bez posmaku plastiku<\/li>\n<li>Odpinany w\u0105\u017c z zaworem zgryzowym<\/li>\n<li>Skala pomiarowa do monitorowania poziomu wody<\/li>\n<li>Szybko otwierana g\u00f3rna kraw\u0119d\u017a u\u0142atwiaj\u0105ca nape\u0142nianie i czyszczenie<\/li>\n<li>Wymiary: 28.5 \u00d7 16.7 cm, w\u0105\u017c 112 cm<\/li>\n<\/ul>\n<p><img decoding=\"async\" class=\"emoji\" role=\"img\" draggable=\"false\" src=\"https:\/\/s.w.org\/images\/core\/emoji\/17.0.2\/svg\/2705.svg\" alt=\"\u2705\">  Dost\u0119pne w magazynie, szybka dostawa w 1-3 dni robocze<\/p>\n","protected":false},"featured_media":44891,"comment_status":"open","ping_status":"closed","template":"","meta":{"_acf_changed":false},"product_brand":[],"product_cat":[303,301,308],"product_tag":[],"class_list":{"0":"post-49373","1":"product","2":"type-product","3":"status-publish","4":"has-post-thumbnail","6":"product_cat-akcesoria-turystyczne","7":"product_cat-sprzet-turystyczny","8":"product_cat-termosy-i-butelki","10":"first","11":"instock","12":"taxable","13":"shipping-taxable","14":"purchasable","15":"product-type-simple"},"bundled_by":[],"bundle_stock_status":"instock","bundle_stock_quantity":1,"bundle_virtual":false,"bundle_layout":"","bundle_add_to_cart_form_location":"","bundle_editable_in_cart":false,"bundle_sold_individually_context":"","bundle_item_grouping":"","bundle_min_size":"","bundle_max_size":"","bundle_price":[],"bundled_items":[],"bundle_sell_ids":[],"acf":[],"yoast_head":"<!-- This site is optimized with the Yoast SEO plugin v27.3 - https:\/\/yoast.com\/product\/yoast-seo-wordpress\/ -->\n<title>Wk\u0142ad do plecaka hydracyjnego 1.5L M-TAC\u00ae<\/title>\n<meta name=\"description\" content=\"Wk\u0142ad do plecaka hydracyjnego 1.5L M-TAC\u00ae \u2013 wytrzyma\u0142y materia\u0142 PEVA, odpinany w\u0105\u017c i szczelne zamkni\u0119cie. Idealny na w\u0119dr\u00f3wki, rower i w teren.\" \/>\n<meta name=\"robots\" content=\"index, follow, max-snippet:-1, max-image-preview:large, max-video-preview:-1\" \/>\n<link rel=\"canonical\" href=\"https:\/\/toidupakk.ee\/pl\/toode\/wklad-do-plecaka-hydracyjnego-1-5l-m-tac\/\" \/>\n<meta property=\"og:locale\" content=\"pl_PL\" \/>\n<meta property=\"og:type\" content=\"article\" \/>\n<meta property=\"og:title\" content=\"Wk\u0142ad do plecaka hydracyjnego 1.5L M-TAC\u00ae\" \/>\n<meta property=\"og:description\" content=\"Wk\u0142ad do plecaka hydracyjnego 1.5L M-TAC\u00ae \u2013 wytrzyma\u0142y materia\u0142 PEVA, odpinany w\u0105\u017c i szczelne zamkni\u0119cie. Idealny na w\u0119dr\u00f3wki, rower i w teren.\" \/>\n<meta property=\"og:url\" content=\"https:\/\/toidupakk.ee\/pl\/toode\/wklad-do-plecaka-hydracyjnego-1-5l-m-tac\/\" \/>\n<meta property=\"og:site_name\" content=\"Toidupakk.ee - Tactical Foodpack toidupakid\" \/>\n<meta property=\"article:publisher\" content=\"https:\/\/www.facebook.com\/Toidupakk\" \/>\n<meta property=\"article:modified_time\" content=\"2026-04-15T20:01:29+00:00\" \/>\n<meta property=\"og:image\" content=\"https:\/\/toidupakk.ee\/wp-content\/uploads\/2026\/02\/MTC-HD1.webp\" \/>\n\t<meta property=\"og:image:width\" content=\"800\" \/>\n\t<meta property=\"og:image:height\" content=\"800\" \/>\n\t<meta property=\"og:image:type\" content=\"image\/webp\" \/>\n<meta name=\"twitter:card\" content=\"summary_large_image\" \/>\n<meta name=\"twitter:label1\" content=\"Szacowany czas czytania\" \/>\n\t<meta name=\"twitter:data1\" content=\"1 minuta\" \/>\n<script type=\"application\/ld+json\" class=\"yoast-schema-graph\">{\"@context\":\"https:\\\/\\\/schema.org\",\"@graph\":[{\"@type\":\"WebPage\",\"@id\":\"https:\\\/\\\/toidupakk.ee\\\/pl\\\/toode\\\/wklad-do-plecaka-hydracyjnego-1-5l-m-tac\\\/\",\"url\":\"https:\\\/\\\/toidupakk.ee\\\/pl\\\/toode\\\/wklad-do-plecaka-hydracyjnego-1-5l-m-tac\\\/\",\"name\":\"Wk\u0142ad do plecaka hydracyjnego 1.5L M-TAC\u00ae\",\"isPartOf\":{\"@id\":\"https:\\\/\\\/toidupakk.ee\\\/pl\\\/#website\"},\"primaryImageOfPage\":{\"@id\":\"https:\\\/\\\/toidupakk.ee\\\/pl\\\/toode\\\/wklad-do-plecaka-hydracyjnego-1-5l-m-tac\\\/#primaryimage\"},\"image\":{\"@id\":\"https:\\\/\\\/toidupakk.ee\\\/pl\\\/toode\\\/wklad-do-plecaka-hydracyjnego-1-5l-m-tac\\\/#primaryimage\"},\"thumbnailUrl\":\"https:\\\/\\\/toidupakk.ee\\\/wp-content\\\/uploads\\\/2026\\\/02\\\/MTC-HD1.webp\",\"datePublished\":\"2026-02-10T09:29:37+00:00\",\"dateModified\":\"2026-04-15T20:01:29+00:00\",\"description\":\"Wk\u0142ad do plecaka hydracyjnego 1.5L M-TAC\u00ae \u2013 wytrzyma\u0142y materia\u0142 PEVA, odpinany w\u0105\u017c i szczelne zamkni\u0119cie. Idealny na w\u0119dr\u00f3wki, rower i w teren.\",\"breadcrumb\":{\"@id\":\"https:\\\/\\\/toidupakk.ee\\\/pl\\\/toode\\\/wklad-do-plecaka-hydracyjnego-1-5l-m-tac\\\/#breadcrumb\"},\"inLanguage\":\"pl-PL\",\"potentialAction\":[{\"@type\":\"ReadAction\",\"target\":[\"https:\\\/\\\/toidupakk.ee\\\/pl\\\/toode\\\/wklad-do-plecaka-hydracyjnego-1-5l-m-tac\\\/\"]}]},{\"@type\":\"ImageObject\",\"inLanguage\":\"pl-PL\",\"@id\":\"https:\\\/\\\/toidupakk.ee\\\/pl\\\/toode\\\/wklad-do-plecaka-hydracyjnego-1-5l-m-tac\\\/#primaryimage\",\"url\":\"https:\\\/\\\/toidupakk.ee\\\/wp-content\\\/uploads\\\/2026\\\/02\\\/MTC-HD1.webp\",\"contentUrl\":\"https:\\\/\\\/toidupakk.ee\\\/wp-content\\\/uploads\\\/2026\\\/02\\\/MTC-HD1.webp\",\"width\":800,\"height\":800,\"caption\":\"joogikoti sisu 1.5L eestvaade\"},{\"@type\":\"BreadcrumbList\",\"@id\":\"https:\\\/\\\/toidupakk.ee\\\/pl\\\/toode\\\/wklad-do-plecaka-hydracyjnego-1-5l-m-tac\\\/#breadcrumb\",\"itemListElement\":[{\"@type\":\"ListItem\",\"position\":1,\"name\":\"Avaleht\",\"item\":\"https:\\\/\\\/toidupakk.ee\\\/pl\\\/\"},{\"@type\":\"ListItem\",\"position\":2,\"name\":\"Sklep internetowy\",\"item\":\"https:\\\/\\\/toidupakk.ee\\\/pl\\\/sklep-internetowy\\\/\"},{\"@type\":\"ListItem\",\"position\":3,\"name\":\"Wk\u0142ad do plecaka hydracyjnego 1.5L M-TAC\u00ae\"}]},{\"@type\":\"WebSite\",\"@id\":\"https:\\\/\\\/toidupakk.ee\\\/pl\\\/#website\",\"url\":\"https:\\\/\\\/toidupakk.ee\\\/pl\\\/\",\"name\":\"Toidupakk.ee - Tactical Foodpack toidupakid\",\"description\":\"Tactical Foodpack k\u00fclmkuivatatud toidupakid ja matkaeined\",\"publisher\":{\"@id\":\"https:\\\/\\\/toidupakk.ee\\\/pl\\\/#organization\"},\"potentialAction\":[{\"@type\":\"SearchAction\",\"target\":{\"@type\":\"EntryPoint\",\"urlTemplate\":\"https:\\\/\\\/toidupakk.ee\\\/pl\\\/?s={search_term_string}\"},\"query-input\":{\"@type\":\"PropertyValueSpecification\",\"valueRequired\":true,\"valueName\":\"search_term_string\"}}],\"inLanguage\":\"pl-PL\"},{\"@type\":\"Organization\",\"@id\":\"https:\\\/\\\/toidupakk.ee\\\/pl\\\/#organization\",\"name\":\"Tactical Foodpack matkaeined\",\"url\":\"https:\\\/\\\/toidupakk.ee\\\/pl\\\/\",\"logo\":{\"@type\":\"ImageObject\",\"inLanguage\":\"pl-PL\",\"@id\":\"https:\\\/\\\/toidupakk.ee\\\/pl\\\/#\\\/schema\\\/logo\\\/image\\\/\",\"url\":\"https:\\\/\\\/toidupakk.ee\\\/wp-content\\\/uploads\\\/2022\\\/01\\\/Toidupakk-matkapood-logo-transparent.png\",\"contentUrl\":\"https:\\\/\\\/toidupakk.ee\\\/wp-content\\\/uploads\\\/2022\\\/01\\\/Toidupakk-matkapood-logo-transparent.png\",\"width\":500,\"height\":500,\"caption\":\"Tactical Foodpack matkaeined\"},\"image\":{\"@id\":\"https:\\\/\\\/toidupakk.ee\\\/pl\\\/#\\\/schema\\\/logo\\\/image\\\/\"},\"sameAs\":[\"https:\\\/\\\/www.facebook.com\\\/Toidupakk\",\"https:\\\/\\\/www.instagram.com\\\/toidupakk\\\/\"]}]}<\/script>\n<!-- \/ Yoast SEO plugin. -->","yoast_head_json":{"title":"Wk\u0142ad do plecaka hydracyjnego 1.5L M-TAC\u00ae","description":"Wk\u0142ad do plecaka hydracyjnego 1.5L M-TAC\u00ae \u2013 wytrzyma\u0142y materia\u0142 PEVA, odpinany w\u0105\u017c i szczelne zamkni\u0119cie. Idealny na w\u0119dr\u00f3wki, rower i w teren.","robots":{"index":"index","follow":"follow","max-snippet":"max-snippet:-1","max-image-preview":"max-image-preview:large","max-video-preview":"max-video-preview:-1"},"canonical":"https:\/\/toidupakk.ee\/pl\/toode\/wklad-do-plecaka-hydracyjnego-1-5l-m-tac\/","og_locale":"pl_PL","og_type":"article","og_title":"Wk\u0142ad do plecaka hydracyjnego 1.5L M-TAC\u00ae","og_description":"Wk\u0142ad do plecaka hydracyjnego 1.5L M-TAC\u00ae \u2013 wytrzyma\u0142y materia\u0142 PEVA, odpinany w\u0105\u017c i szczelne zamkni\u0119cie. Idealny na w\u0119dr\u00f3wki, rower i w teren.","og_url":"https:\/\/toidupakk.ee\/pl\/toode\/wklad-do-plecaka-hydracyjnego-1-5l-m-tac\/","og_site_name":"Toidupakk.ee - Tactical Foodpack toidupakid","article_publisher":"https:\/\/www.facebook.com\/Toidupakk","article_modified_time":"2026-04-15T20:01:29+00:00","og_image":[{"width":800,"height":800,"url":"https:\/\/toidupakk.ee\/wp-content\/uploads\/2026\/02\/MTC-HD1.webp","type":"image\/webp"}],"twitter_card":"summary_large_image","twitter_misc":{"Szacowany czas czytania":"1 minuta"},"schema":{"@context":"https:\/\/schema.org","@graph":[{"@type":"WebPage","@id":"https:\/\/toidupakk.ee\/pl\/toode\/wklad-do-plecaka-hydracyjnego-1-5l-m-tac\/","url":"https:\/\/toidupakk.ee\/pl\/toode\/wklad-do-plecaka-hydracyjnego-1-5l-m-tac\/","name":"Wk\u0142ad do plecaka hydracyjnego 1.5L M-TAC\u00ae","isPartOf":{"@id":"https:\/\/toidupakk.ee\/pl\/#website"},"primaryImageOfPage":{"@id":"https:\/\/toidupakk.ee\/pl\/toode\/wklad-do-plecaka-hydracyjnego-1-5l-m-tac\/#primaryimage"},"image":{"@id":"https:\/\/toidupakk.ee\/pl\/toode\/wklad-do-plecaka-hydracyjnego-1-5l-m-tac\/#primaryimage"},"thumbnailUrl":"https:\/\/toidupakk.ee\/wp-content\/uploads\/2026\/02\/MTC-HD1.webp","datePublished":"2026-02-10T09:29:37+00:00","dateModified":"2026-04-15T20:01:29+00:00","description":"Wk\u0142ad do plecaka hydracyjnego 1.5L M-TAC\u00ae \u2013 wytrzyma\u0142y materia\u0142 PEVA, odpinany w\u0105\u017c i szczelne zamkni\u0119cie. Idealny na w\u0119dr\u00f3wki, rower i w teren.","breadcrumb":{"@id":"https:\/\/toidupakk.ee\/pl\/toode\/wklad-do-plecaka-hydracyjnego-1-5l-m-tac\/#breadcrumb"},"inLanguage":"pl-PL","potentialAction":[{"@type":"ReadAction","target":["https:\/\/toidupakk.ee\/pl\/toode\/wklad-do-plecaka-hydracyjnego-1-5l-m-tac\/"]}]},{"@type":"ImageObject","inLanguage":"pl-PL","@id":"https:\/\/toidupakk.ee\/pl\/toode\/wklad-do-plecaka-hydracyjnego-1-5l-m-tac\/#primaryimage","url":"https:\/\/toidupakk.ee\/wp-content\/uploads\/2026\/02\/MTC-HD1.webp","contentUrl":"https:\/\/toidupakk.ee\/wp-content\/uploads\/2026\/02\/MTC-HD1.webp","width":800,"height":800,"caption":"joogikoti sisu 1.5L eestvaade"},{"@type":"BreadcrumbList","@id":"https:\/\/toidupakk.ee\/pl\/toode\/wklad-do-plecaka-hydracyjnego-1-5l-m-tac\/#breadcrumb","itemListElement":[{"@type":"ListItem","position":1,"name":"Avaleht","item":"https:\/\/toidupakk.ee\/pl\/"},{"@type":"ListItem","position":2,"name":"Sklep internetowy","item":"https:\/\/toidupakk.ee\/pl\/sklep-internetowy\/"},{"@type":"ListItem","position":3,"name":"Wk\u0142ad do plecaka hydracyjnego 1.5L M-TAC\u00ae"}]},{"@type":"WebSite","@id":"https:\/\/toidupakk.ee\/pl\/#website","url":"https:\/\/toidupakk.ee\/pl\/","name":"Toidupakk.ee - Tactical Foodpack toidupakid","description":"Tactical Foodpack k\u00fclmkuivatatud toidupakid ja matkaeined","publisher":{"@id":"https:\/\/toidupakk.ee\/pl\/#organization"},"potentialAction":[{"@type":"SearchAction","target":{"@type":"EntryPoint","urlTemplate":"https:\/\/toidupakk.ee\/pl\/?s={search_term_string}"},"query-input":{"@type":"PropertyValueSpecification","valueRequired":true,"valueName":"search_term_string"}}],"inLanguage":"pl-PL"},{"@type":"Organization","@id":"https:\/\/toidupakk.ee\/pl\/#organization","name":"Tactical Foodpack matkaeined","url":"https:\/\/toidupakk.ee\/pl\/","logo":{"@type":"ImageObject","inLanguage":"pl-PL","@id":"https:\/\/toidupakk.ee\/pl\/#\/schema\/logo\/image\/","url":"https:\/\/toidupakk.ee\/wp-content\/uploads\/2022\/01\/Toidupakk-matkapood-logo-transparent.png","contentUrl":"https:\/\/toidupakk.ee\/wp-content\/uploads\/2022\/01\/Toidupakk-matkapood-logo-transparent.png","width":500,"height":500,"caption":"Tactical Foodpack matkaeined"},"image":{"@id":"https:\/\/toidupakk.ee\/pl\/#\/schema\/logo\/image\/"},"sameAs":["https:\/\/www.facebook.com\/Toidupakk","https:\/\/www.instagram.com\/toidupakk\/"]}]}},"jetpack_sharing_enabled":true,"_links":{"self":[{"href":"https:\/\/toidupakk.ee\/pl\/wp-json\/wp\/v2\/product\/49373","targetHints":{"allow":["GET"]}}],"collection":[{"href":"https:\/\/toidupakk.ee\/pl\/wp-json\/wp\/v2\/product"}],"about":[{"href":"https:\/\/toidupakk.ee\/pl\/wp-json\/wp\/v2\/types\/product"}],"replies":[{"embeddable":true,"href":"https:\/\/toidupakk.ee\/pl\/wp-json\/wp\/v2\/comments?post=49373"}],"wp:featuredmedia":[{"embeddable":true,"href":"https:\/\/toidupakk.ee\/pl\/wp-json\/wp\/v2\/media\/44891"}],"wp:attachment":[{"href":"https:\/\/toidupakk.ee\/pl\/wp-json\/wp\/v2\/media?parent=49373"}],"wp:term":[{"taxonomy":"product_brand","embeddable":true,"href":"https:\/\/toidupakk.ee\/pl\/wp-json\/wp\/v2\/product_brand?post=49373"},{"taxonomy":"product_cat","embeddable":true,"href":"https:\/\/toidupakk.ee\/pl\/wp-json\/wp\/v2\/product_cat?post=49373"},{"taxonomy":"product_tag","embeddable":true,"href":"https:\/\/toidupakk.ee\/pl\/wp-json\/wp\/v2\/product_tag?post=49373"}],"curies":[{"name":"wp","href":"https:\/\/api.w.org\/{rel}","templated":true}]}}