{"id":49368,"date":"2026-02-10T11:44:37","date_gmt":"2026-02-10T09:44:37","guid":{"rendered":"https:\/\/toidupakk.ee\/toode\/kawa-rozpuszczalna-kohe-brazil-10x1-8-g\/"},"modified":"2026-05-14T08:30:22","modified_gmt":"2026-05-14T05:30:22","slug":"kawa-rozpuszczalna-kohe-brazil-10x1-8-g","status":"publish","type":"product","link":"https:\/\/toidupakk.ee\/pl\/toode\/kawa-rozpuszczalna-kohe-brazil-10x1-8-g\/","title":{"rendered":"Kawa rozpuszczalna KOHE Brazil (10&#215;1.8 g)"},"content":{"rendered":"<h1 data-start=\"23\" data-end=\"328\"><strong data-start=\"23\" data-end=\"62\">Kawa rozpuszczalna KOHE Brazil (10&#215;1.8 g)<\/strong><\/h1>\n<p data-start=\"23\" data-end=\"328\">Kawa rozpuszczalna KOHE Brazil (10&#215;1.8 g) jest produkowana z ziaren kawy pochodz\u0105cych z regionu Cerrado Mineiro w Brazylii. Kawa pochodzi z obszaru upraw Jo\u00e3o Pinheiro i jest zapakowana w wygodne pude\u0142ko zawieraj\u0105ce dziesi\u0119\u0107 oddzielnych porcji. Ka\u017cda porcja wa\u017cy 1,8 g, co pozwala na \u0142atwe i szybkie przygotowanie.  <img fetchpriority=\"high\" decoding=\"async\" class=\"alignright wp-image-44900\" src=\"https:\/\/toidupakk.ee\/wp-content\/uploads\/2026\/02\/flat_bra2-1024x1024.jpg\" alt=\"Kawa rozpuszczalna KOHE Brazil (10x1.8 g) oferuje czysty i g\u0142adki smak ze s\u0142odkimi nutami orzech\u00f3w laskowych z brazylijskiego regionu Cerrado Mineiro.\" width=\"500\" height=\"500\" srcset=\"https:\/\/toidupakk.ee\/wp-content\/uploads\/2026\/02\/flat_bra2-1024x1024.jpg 1024w, https:\/\/toidupakk.ee\/wp-content\/uploads\/2026\/02\/flat_bra2-300x300.jpg 300w, https:\/\/toidupakk.ee\/wp-content\/uploads\/2026\/02\/flat_bra2-500x500.jpg 500w, https:\/\/toidupakk.ee\/wp-content\/uploads\/2026\/02\/flat_bra2-768x768.jpg 768w, https:\/\/toidupakk.ee\/wp-content\/uploads\/2026\/02\/flat_bra2-400x400.jpg 400w, https:\/\/toidupakk.ee\/wp-content\/uploads\/2026\/02\/flat_bra2-800x800.jpg 800w, https:\/\/toidupakk.ee\/wp-content\/uploads\/2026\/02\/flat_bra2-100x100.jpg 100w, https:\/\/toidupakk.ee\/wp-content\/uploads\/2026\/02\/flat_bra2-50x50.jpg 50w, https:\/\/toidupakk.ee\/wp-content\/uploads\/2026\/02\/flat_bra2.jpg 1200w\" sizes=\"(max-width: 500px) 100vw, 500px\" \/><\/p>\n<h2 data-start=\"335\" data-end=\"359\">Smak i charakterystyka \u2013 Kawa rozpuszczalna KOHE Brazil<\/h2>\n<p data-start=\"361\" data-end=\"605\">Smak kawy jest opisywany jako czysty, g\u0142adki i z\u0142o\u017cony, uzupe\u0142niony s\u0142odkimi nutami orzech\u00f3w laskowych. Cechy te tworz\u0105 zr\u00f3wnowa\u017cone i przyjemne do\u015bwiadczenie kawowe, idealne dla os\u00f3b ceni\u0105cych \u0142agodny, a zarazem wielowymiarowy smak. <\/p>\n<h2 data-start=\"612\" data-end=\"648\">Pochodzenie i warunki uprawy<\/h2>\n<p data-start=\"650\" data-end=\"879\">Kawa jest uprawiana na wysoko\u015bci 850 m n.p.m. na \u017c\u00f3\u0142tej glebie. Stosowana odmiana kawy to Yellow Bourbon. Obr\u00f3bka odbywa si\u0119 metod\u0105 such\u0105, kt\u00f3ra jest jedn\u0105 z tradycyjnych metod przetwarzania ziaren kawy.  <\/p>\n<p data-start=\"881\" data-end=\"1008\">Region Cerrado Mineiro jest uznawany przez mi\u0142o\u015bnik\u00f3w kawy za doskona\u0142y obszar upraw dzi\u0119ki czystej wodzie i bogatej przyrodzie.<\/p>\n<h2 data-start=\"1015\" data-end=\"1055\">Farma Santa Rita i zr\u00f3wnowa\u017cony rozw\u00f3j<\/h2>\n<p data-start=\"1057\" data-end=\"1267\">Kawa pochodzi z farmy Santa Rita, gdzie stosuje si\u0119 nowoczesne technologie w celu zwi\u0119kszenia wydajno\u015bci produkcji i zapewnienia przyjazno\u015bci dla \u015brodowiska. Dzia\u0142alno\u015b\u0107 farmy opiera si\u0119 na szacunku dla zasob\u00f3w naturalnych i lokalnej spo\u0142eczno\u015bci. <\/p>\n<p data-start=\"1269\" data-end=\"1527\">Farma Santa Rita posiada certyfikaty Rainforest i UTZ, kt\u00f3re potwierdzaj\u0105 odpowiedzialn\u0105 produkcj\u0119. Ponadto farma aktywnie uczestniczy w brazylijskim projekcie zalesiania, w ramach kt\u00f3rego w ostatnich latach posadzono ponad 129 000 drzew w celu przywr\u00f3cenia i ochrony \u015brodowiska naturalnego. <\/p>\n<p>Dowiedz si\u0119 wi\u0119cej o posi\u0142kach turystycznych Tactical Foodpack  <a href=\"https:\/\/toidupakk.ee\/tootekategooria\/tactical-foodpack-eined\/\">TUTAJ.<\/a><\/p>\n<p>Zobacz wi\u0119cej akcesori\u00f3w turystycznych <a href=\"https:\/\/toidupakk.ee\/pl\/tootekategooria\/sprzet-turystyczny\/#section-3-79\">TUTAJ<\/a><\/p>\n<p>Znajd\u017a inspiracj\u0119 na kolejne przygody na <a href=\"https:\/\/www.instagram.com\/toidupakk\/\">Instagramie<\/a> i <a href=\"https:\/\/www.facebook.com\/Toidupakk\/\">Facebooku<\/a> Toidupakk.<\/p>\n","protected":false},"excerpt":{"rendered":"<p data-start=\"0\" data-end=\"233\"><strong>Kawa rozpuszczalna KOHE Brazil (10&#215;1.8 g) oferuje jedwabiste i zr\u00f3wnowa\u017cone doznania smakowe z brazylijskiego regionu Cerrado Mineiro, ze s\u0142odkimi nutami orzech\u00f3w laskowych. Wykonana z ziaren Yellow Bourbon i poddana obr\u00f3bce na sucho, aby wydoby\u0107 czysty i z\u0142o\u017cony charakter kawy. <\/strong><\/p>\n<ul>\n<li data-start=\"235\" data-end=\"466\"><strong data-start=\"237\" data-end=\"250\">Pochodzenie:<\/strong> Jo\u00e3o Pinheiro, Cerrado Mineiro, Brazylia<\/li>\n<li data-start=\"235\" data-end=\"466\"><strong data-start=\"297\" data-end=\"315\">Profil smakowy:<\/strong> Czysty, g\u0142adki, ze s\u0142odkimi nutami orzechowymi<\/li>\n<li data-start=\"235\" data-end=\"466\"><strong data-start=\"363\" data-end=\"375\">Obr\u00f3bka:<\/strong> Metoda sucha<\/li>\n<li data-start=\"235\" data-end=\"466\"><strong data-start=\"392\" data-end=\"408\">Wysoko\u015b\u0107 uprawy:<\/strong> 850 m n.p.m.<\/li>\n<li data-start=\"235\" data-end=\"466\"><strong data-start=\"433\" data-end=\"444\">Opakowanie:<\/strong> 1 pude\u0142ko (10 \u00d7 1,8 g)<\/li>\n<\/ul>\n<p><img decoding=\"async\" class=\"emoji\" role=\"img\" draggable=\"false\" src=\"https:\/\/s.w.org\/images\/core\/emoji\/17.0.2\/svg\/2705.svg\" alt=\"\u2705\">  Dost\u0119pne w magazynie, szybka dostawa w 1-3 dni robocze<\/p>\n","protected":false},"featured_media":55009,"comment_status":"open","ping_status":"closed","template":"","meta":{"_acf_changed":false},"product_brand":[],"product_cat":[303,306,307,301],"product_tag":[305],"class_list":{"0":"post-49368","1":"product","2":"type-product","3":"status-publish","4":"has-post-thumbnail","6":"product_cat-akcesoria-turystyczne","7":"product_cat-napoje-kawowe","8":"product_cat-przygotowywanie-posilkow","9":"product_cat-sprzet-turystyczny","10":"product_tag-no_ads","12":"first","13":"instock","14":"sale","15":"taxable","16":"shipping-taxable","17":"purchasable","18":"product-type-simple"},"bundled_by":[],"bundle_stock_status":"instock","bundle_stock_quantity":11,"bundle_virtual":false,"bundle_layout":"","bundle_add_to_cart_form_location":"","bundle_editable_in_cart":false,"bundle_sold_individually_context":"","bundle_item_grouping":"","bundle_min_size":"","bundle_max_size":"","bundle_price":[],"bundled_items":[],"bundle_sell_ids":[],"acf":[],"yoast_head":"<!-- This site is optimized with the Yoast SEO plugin v27.3 - https:\/\/yoast.com\/product\/yoast-seo-wordpress\/ -->\n<title>Kawa rozpuszczalna KOHE Brazil (10x1.8 g)<\/title>\n<meta name=\"description\" content=\"Kawa rozpuszczalna KOHE Brazil (10x1.8 g) oferuje czysty i g\u0142adki smak ze s\u0142odkimi nutami orzech\u00f3w laskowych z brazylijskiego regionu Cerrado Mineiro.\" \/>\n<meta name=\"robots\" content=\"index, follow, max-snippet:-1, max-image-preview:large, max-video-preview:-1\" \/>\n<link rel=\"canonical\" href=\"https:\/\/toidupakk.ee\/pl\/toode\/kawa-rozpuszczalna-kohe-brazil-10x1-8-g\/\" \/>\n<meta property=\"og:locale\" content=\"pl_PL\" \/>\n<meta property=\"og:type\" content=\"article\" \/>\n<meta property=\"og:title\" content=\"Kawa rozpuszczalna KOHE Brazil (10x1.8 g)\" \/>\n<meta property=\"og:description\" content=\"Kawa rozpuszczalna KOHE Brazil (10x1.8 g) oferuje czysty i g\u0142adki smak ze s\u0142odkimi nutami orzech\u00f3w laskowych z brazylijskiego regionu Cerrado Mineiro.\" \/>\n<meta property=\"og:url\" content=\"https:\/\/toidupakk.ee\/pl\/toode\/kawa-rozpuszczalna-kohe-brazil-10x1-8-g\/\" \/>\n<meta property=\"og:site_name\" content=\"Toidupakk.ee - Tactical Foodpack toidupakid\" \/>\n<meta property=\"article:publisher\" content=\"https:\/\/www.facebook.com\/Toidupakk\" \/>\n<meta property=\"article:modified_time\" content=\"2026-05-14T05:30:22+00:00\" \/>\n<meta property=\"og:image\" content=\"https:\/\/toidupakk.ee\/wp-content\/uploads\/2026\/02\/1.png\" \/>\n\t<meta property=\"og:image:width\" content=\"800\" \/>\n\t<meta property=\"og:image:height\" content=\"800\" \/>\n\t<meta property=\"og:image:type\" content=\"image\/png\" \/>\n<meta name=\"twitter:card\" content=\"summary_large_image\" \/>\n<meta name=\"twitter:label1\" content=\"Szacowany czas czytania\" \/>\n\t<meta name=\"twitter:data1\" content=\"1 minuta\" \/>\n<script type=\"application\/ld+json\" class=\"yoast-schema-graph\">{\"@context\":\"https:\\\/\\\/schema.org\",\"@graph\":[{\"@type\":\"WebPage\",\"@id\":\"https:\\\/\\\/toidupakk.ee\\\/pl\\\/toode\\\/kawa-rozpuszczalna-kohe-brazil-10x1-8-g\\\/\",\"url\":\"https:\\\/\\\/toidupakk.ee\\\/pl\\\/toode\\\/kawa-rozpuszczalna-kohe-brazil-10x1-8-g\\\/\",\"name\":\"Kawa rozpuszczalna KOHE Brazil (10x1.8 g)\",\"isPartOf\":{\"@id\":\"https:\\\/\\\/toidupakk.ee\\\/pl\\\/#website\"},\"primaryImageOfPage\":{\"@id\":\"https:\\\/\\\/toidupakk.ee\\\/pl\\\/toode\\\/kawa-rozpuszczalna-kohe-brazil-10x1-8-g\\\/#primaryimage\"},\"image\":{\"@id\":\"https:\\\/\\\/toidupakk.ee\\\/pl\\\/toode\\\/kawa-rozpuszczalna-kohe-brazil-10x1-8-g\\\/#primaryimage\"},\"thumbnailUrl\":\"https:\\\/\\\/toidupakk.ee\\\/wp-content\\\/uploads\\\/2026\\\/02\\\/1.png\",\"datePublished\":\"2026-02-10T09:44:37+00:00\",\"dateModified\":\"2026-05-14T05:30:22+00:00\",\"description\":\"Kawa rozpuszczalna KOHE Brazil (10x1.8 g) oferuje czysty i g\u0142adki smak ze s\u0142odkimi nutami orzech\u00f3w laskowych z brazylijskiego regionu Cerrado Mineiro.\",\"breadcrumb\":{\"@id\":\"https:\\\/\\\/toidupakk.ee\\\/pl\\\/toode\\\/kawa-rozpuszczalna-kohe-brazil-10x1-8-g\\\/#breadcrumb\"},\"inLanguage\":\"pl-PL\",\"potentialAction\":[{\"@type\":\"ReadAction\",\"target\":[\"https:\\\/\\\/toidupakk.ee\\\/pl\\\/toode\\\/kawa-rozpuszczalna-kohe-brazil-10x1-8-g\\\/\"]}]},{\"@type\":\"ImageObject\",\"inLanguage\":\"pl-PL\",\"@id\":\"https:\\\/\\\/toidupakk.ee\\\/pl\\\/toode\\\/kawa-rozpuszczalna-kohe-brazil-10x1-8-g\\\/#primaryimage\",\"url\":\"https:\\\/\\\/toidupakk.ee\\\/wp-content\\\/uploads\\\/2026\\\/02\\\/1.png\",\"contentUrl\":\"https:\\\/\\\/toidupakk.ee\\\/wp-content\\\/uploads\\\/2026\\\/02\\\/1.png\",\"width\":800,\"height\":800},{\"@type\":\"BreadcrumbList\",\"@id\":\"https:\\\/\\\/toidupakk.ee\\\/pl\\\/toode\\\/kawa-rozpuszczalna-kohe-brazil-10x1-8-g\\\/#breadcrumb\",\"itemListElement\":[{\"@type\":\"ListItem\",\"position\":1,\"name\":\"Avaleht\",\"item\":\"https:\\\/\\\/toidupakk.ee\\\/pl\\\/\"},{\"@type\":\"ListItem\",\"position\":2,\"name\":\"Sklep internetowy\",\"item\":\"https:\\\/\\\/toidupakk.ee\\\/pl\\\/sklep-internetowy\\\/\"},{\"@type\":\"ListItem\",\"position\":3,\"name\":\"Kawa rozpuszczalna KOHE Brazil (10&#215;1.8 g)\"}]},{\"@type\":\"WebSite\",\"@id\":\"https:\\\/\\\/toidupakk.ee\\\/pl\\\/#website\",\"url\":\"https:\\\/\\\/toidupakk.ee\\\/pl\\\/\",\"name\":\"Toidupakk.ee - Tactical Foodpack toidupakid\",\"description\":\"Tactical Foodpack k\u00fclmkuivatatud toidupakid ja matkaeined\",\"publisher\":{\"@id\":\"https:\\\/\\\/toidupakk.ee\\\/pl\\\/#organization\"},\"potentialAction\":[{\"@type\":\"SearchAction\",\"target\":{\"@type\":\"EntryPoint\",\"urlTemplate\":\"https:\\\/\\\/toidupakk.ee\\\/pl\\\/?s={search_term_string}\"},\"query-input\":{\"@type\":\"PropertyValueSpecification\",\"valueRequired\":true,\"valueName\":\"search_term_string\"}}],\"inLanguage\":\"pl-PL\"},{\"@type\":\"Organization\",\"@id\":\"https:\\\/\\\/toidupakk.ee\\\/pl\\\/#organization\",\"name\":\"Tactical Foodpack matkaeined\",\"url\":\"https:\\\/\\\/toidupakk.ee\\\/pl\\\/\",\"logo\":{\"@type\":\"ImageObject\",\"inLanguage\":\"pl-PL\",\"@id\":\"https:\\\/\\\/toidupakk.ee\\\/pl\\\/#\\\/schema\\\/logo\\\/image\\\/\",\"url\":\"https:\\\/\\\/toidupakk.ee\\\/wp-content\\\/uploads\\\/2022\\\/01\\\/Toidupakk-matkapood-logo-transparent.png\",\"contentUrl\":\"https:\\\/\\\/toidupakk.ee\\\/wp-content\\\/uploads\\\/2022\\\/01\\\/Toidupakk-matkapood-logo-transparent.png\",\"width\":500,\"height\":500,\"caption\":\"Tactical Foodpack matkaeined\"},\"image\":{\"@id\":\"https:\\\/\\\/toidupakk.ee\\\/pl\\\/#\\\/schema\\\/logo\\\/image\\\/\"},\"sameAs\":[\"https:\\\/\\\/www.facebook.com\\\/Toidupakk\",\"https:\\\/\\\/www.instagram.com\\\/toidupakk\\\/\"]}]}<\/script>\n<!-- \/ Yoast SEO plugin. -->","yoast_head_json":{"title":"Kawa rozpuszczalna KOHE Brazil (10x1.8 g)","description":"Kawa rozpuszczalna KOHE Brazil (10x1.8 g) oferuje czysty i g\u0142adki smak ze s\u0142odkimi nutami orzech\u00f3w laskowych z brazylijskiego regionu Cerrado Mineiro.","robots":{"index":"index","follow":"follow","max-snippet":"max-snippet:-1","max-image-preview":"max-image-preview:large","max-video-preview":"max-video-preview:-1"},"canonical":"https:\/\/toidupakk.ee\/pl\/toode\/kawa-rozpuszczalna-kohe-brazil-10x1-8-g\/","og_locale":"pl_PL","og_type":"article","og_title":"Kawa rozpuszczalna KOHE Brazil (10x1.8 g)","og_description":"Kawa rozpuszczalna KOHE Brazil (10x1.8 g) oferuje czysty i g\u0142adki smak ze s\u0142odkimi nutami orzech\u00f3w laskowych z brazylijskiego regionu Cerrado Mineiro.","og_url":"https:\/\/toidupakk.ee\/pl\/toode\/kawa-rozpuszczalna-kohe-brazil-10x1-8-g\/","og_site_name":"Toidupakk.ee - Tactical Foodpack toidupakid","article_publisher":"https:\/\/www.facebook.com\/Toidupakk","article_modified_time":"2026-05-14T05:30:22+00:00","og_image":[{"width":800,"height":800,"url":"https:\/\/toidupakk.ee\/wp-content\/uploads\/2026\/02\/1.png","type":"image\/png"}],"twitter_card":"summary_large_image","twitter_misc":{"Szacowany czas czytania":"1 minuta"},"schema":{"@context":"https:\/\/schema.org","@graph":[{"@type":"WebPage","@id":"https:\/\/toidupakk.ee\/pl\/toode\/kawa-rozpuszczalna-kohe-brazil-10x1-8-g\/","url":"https:\/\/toidupakk.ee\/pl\/toode\/kawa-rozpuszczalna-kohe-brazil-10x1-8-g\/","name":"Kawa rozpuszczalna KOHE Brazil (10x1.8 g)","isPartOf":{"@id":"https:\/\/toidupakk.ee\/pl\/#website"},"primaryImageOfPage":{"@id":"https:\/\/toidupakk.ee\/pl\/toode\/kawa-rozpuszczalna-kohe-brazil-10x1-8-g\/#primaryimage"},"image":{"@id":"https:\/\/toidupakk.ee\/pl\/toode\/kawa-rozpuszczalna-kohe-brazil-10x1-8-g\/#primaryimage"},"thumbnailUrl":"https:\/\/toidupakk.ee\/wp-content\/uploads\/2026\/02\/1.png","datePublished":"2026-02-10T09:44:37+00:00","dateModified":"2026-05-14T05:30:22+00:00","description":"Kawa rozpuszczalna KOHE Brazil (10x1.8 g) oferuje czysty i g\u0142adki smak ze s\u0142odkimi nutami orzech\u00f3w laskowych z brazylijskiego regionu Cerrado Mineiro.","breadcrumb":{"@id":"https:\/\/toidupakk.ee\/pl\/toode\/kawa-rozpuszczalna-kohe-brazil-10x1-8-g\/#breadcrumb"},"inLanguage":"pl-PL","potentialAction":[{"@type":"ReadAction","target":["https:\/\/toidupakk.ee\/pl\/toode\/kawa-rozpuszczalna-kohe-brazil-10x1-8-g\/"]}]},{"@type":"ImageObject","inLanguage":"pl-PL","@id":"https:\/\/toidupakk.ee\/pl\/toode\/kawa-rozpuszczalna-kohe-brazil-10x1-8-g\/#primaryimage","url":"https:\/\/toidupakk.ee\/wp-content\/uploads\/2026\/02\/1.png","contentUrl":"https:\/\/toidupakk.ee\/wp-content\/uploads\/2026\/02\/1.png","width":800,"height":800},{"@type":"BreadcrumbList","@id":"https:\/\/toidupakk.ee\/pl\/toode\/kawa-rozpuszczalna-kohe-brazil-10x1-8-g\/#breadcrumb","itemListElement":[{"@type":"ListItem","position":1,"name":"Avaleht","item":"https:\/\/toidupakk.ee\/pl\/"},{"@type":"ListItem","position":2,"name":"Sklep internetowy","item":"https:\/\/toidupakk.ee\/pl\/sklep-internetowy\/"},{"@type":"ListItem","position":3,"name":"Kawa rozpuszczalna KOHE Brazil (10&#215;1.8 g)"}]},{"@type":"WebSite","@id":"https:\/\/toidupakk.ee\/pl\/#website","url":"https:\/\/toidupakk.ee\/pl\/","name":"Toidupakk.ee - Tactical Foodpack toidupakid","description":"Tactical Foodpack k\u00fclmkuivatatud toidupakid ja matkaeined","publisher":{"@id":"https:\/\/toidupakk.ee\/pl\/#organization"},"potentialAction":[{"@type":"SearchAction","target":{"@type":"EntryPoint","urlTemplate":"https:\/\/toidupakk.ee\/pl\/?s={search_term_string}"},"query-input":{"@type":"PropertyValueSpecification","valueRequired":true,"valueName":"search_term_string"}}],"inLanguage":"pl-PL"},{"@type":"Organization","@id":"https:\/\/toidupakk.ee\/pl\/#organization","name":"Tactical Foodpack matkaeined","url":"https:\/\/toidupakk.ee\/pl\/","logo":{"@type":"ImageObject","inLanguage":"pl-PL","@id":"https:\/\/toidupakk.ee\/pl\/#\/schema\/logo\/image\/","url":"https:\/\/toidupakk.ee\/wp-content\/uploads\/2022\/01\/Toidupakk-matkapood-logo-transparent.png","contentUrl":"https:\/\/toidupakk.ee\/wp-content\/uploads\/2022\/01\/Toidupakk-matkapood-logo-transparent.png","width":500,"height":500,"caption":"Tactical Foodpack matkaeined"},"image":{"@id":"https:\/\/toidupakk.ee\/pl\/#\/schema\/logo\/image\/"},"sameAs":["https:\/\/www.facebook.com\/Toidupakk","https:\/\/www.instagram.com\/toidupakk\/"]}]}},"jetpack_sharing_enabled":true,"_links":{"self":[{"href":"https:\/\/toidupakk.ee\/pl\/wp-json\/wp\/v2\/product\/49368","targetHints":{"allow":["GET"]}}],"collection":[{"href":"https:\/\/toidupakk.ee\/pl\/wp-json\/wp\/v2\/product"}],"about":[{"href":"https:\/\/toidupakk.ee\/pl\/wp-json\/wp\/v2\/types\/product"}],"replies":[{"embeddable":true,"href":"https:\/\/toidupakk.ee\/pl\/wp-json\/wp\/v2\/comments?post=49368"}],"wp:featuredmedia":[{"embeddable":true,"href":"https:\/\/toidupakk.ee\/pl\/wp-json\/wp\/v2\/media\/55009"}],"wp:attachment":[{"href":"https:\/\/toidupakk.ee\/pl\/wp-json\/wp\/v2\/media?parent=49368"}],"wp:term":[{"taxonomy":"product_brand","embeddable":true,"href":"https:\/\/toidupakk.ee\/pl\/wp-json\/wp\/v2\/product_brand?post=49368"},{"taxonomy":"product_cat","embeddable":true,"href":"https:\/\/toidupakk.ee\/pl\/wp-json\/wp\/v2\/product_cat?post=49368"},{"taxonomy":"product_tag","embeddable":true,"href":"https:\/\/toidupakk.ee\/pl\/wp-json\/wp\/v2\/product_tag?post=49368"}],"curies":[{"name":"wp","href":"https:\/\/api.w.org\/{rel}","templated":true}]}}