{"id":49365,"date":"2026-02-10T11:42:28","date_gmt":"2026-02-10T09:42:28","guid":{"rendered":"https:\/\/toidupakk.ee\/toode\/kieszen-na-snus-z-mocowaniem-molle\/"},"modified":"2026-04-15T20:30:21","modified_gmt":"2026-04-15T17:30:21","slug":"kieszen-na-snus-z-mocowaniem-molle","status":"publish","type":"product","link":"https:\/\/toidupakk.ee\/pl\/toode\/kieszen-na-snus-z-mocowaniem-molle\/","title":{"rendered":"Kiesze\u0144 na snus z mocowaniem MOLLE"},"content":{"rendered":"<h1 data-start=\"23\" data-end=\"405\">Kiesze\u0144 na snus z mocowaniem MOLLE<\/h1>\n<p data-start=\"23\" data-end=\"405\"><strong data-start=\"23\" data-end=\"67\">Kiesze\u0144 na snus z mocowaniem MOLLE<\/strong> to ochronne i funkcjonalne etui przeznaczone do przechowywania tytoniu, snusu oraz akcesori\u00f3w do czyszczenia. Jest to produkt <strong data-start=\"192\" data-end=\"208\">TT DIP Pouch<\/strong>, stworzony do praktycznego u\u017cytku jako element oporz\u0105dzenia, pasuj\u0105cy do systemu MOLLE. Kiesze\u0144 ma kompaktowy kszta\u0142t i s\u0142u\u017cy do bezpiecznego przechowywania konkretnego przedmiotu.  <\/p>\n<p data-start=\"23\" data-end=\"405\"><img fetchpriority=\"high\" decoding=\"async\" class=\"alignright wp-image-44972 size-full\" src=\"https:\/\/toidupakk.ee\/wp-content\/uploads\/2026\/02\/1-2.png\" alt=\"Kiesze\u0144 na snus z mocowaniem MOLLE to wytrzyma\u0142e etui z materia\u0142u CORDURA\u00ae 700 den do przechowywania tytoniu, snusu lub akcesori\u00f3w do czyszczenia\" width=\"800\" height=\"800\" srcset=\"https:\/\/toidupakk.ee\/wp-content\/uploads\/2026\/02\/1-2.png 800w, https:\/\/toidupakk.ee\/wp-content\/uploads\/2026\/02\/1-2-300x300.png 300w, https:\/\/toidupakk.ee\/wp-content\/uploads\/2026\/02\/1-2-500x500.png 500w, https:\/\/toidupakk.ee\/wp-content\/uploads\/2026\/02\/1-2-768x768.png 768w, https:\/\/toidupakk.ee\/wp-content\/uploads\/2026\/02\/1-2-400x400.png 400w, https:\/\/toidupakk.ee\/wp-content\/uploads\/2026\/02\/1-2-100x100.png 100w, https:\/\/toidupakk.ee\/wp-content\/uploads\/2026\/02\/1-2-50x50.png 50w\" sizes=\"(max-width: 800px) 100vw, 800px\" \/><\/p>\n<h2 data-start=\"412\" data-end=\"436\">Zastosowanie i przeznaczenie \u2013<\/h2>\n<p data-start=\"438\" data-end=\"739\">Kiesze\u0144 s\u0142u\u017cy jako os\u0142ona na pude\u0142ka z tytoniem i snusem, a tak\u017ce na akcesoria do czyszczenia. Jej celem jest oddzielne, bezpieczne i uporz\u0105dkowane przechowywanie zawarto\u015bci. Dzi\u0119ki mocowaniu MOLLE mo\u017cna j\u0105 przypi\u0105\u0107 do r\u00f3\u017cnych powierzchni wyposa\u017conych w ten system. Do monta\u017cu wymagana jest jedna p\u0119tla MOLLE.   <\/p>\n<h2 data-start=\"746\" data-end=\"780\">Konstrukcja i materia\u0142y<\/h2>\n<p data-start=\"782\" data-end=\"1029\"><strong data-start=\"782\" data-end=\"826\">Kiesze\u0144 na snus<\/strong> jest wykonana z tkaniny CORDURA\u00ae 700 den. To materia\u0142 \u0142\u0105cz\u0105cy odporno\u015b\u0107 na \u015bcieranie klasycznej CORDURY\u00ae 1000 den z lekko\u015bci\u0105 tkaniny 500 den. Sk\u0142ad to 100% poliamid.  <\/p>\n<p data-start=\"1031\" data-end=\"1141\">Kiesze\u0144 posiada wyko\u0144czenie DWR wolne od PFC\/PFAS. System mocowania to MOLLE (typ 6002). <\/p>\n<h2 data-start=\"1148\" data-end=\"1181\">Wymiary i dane techniczne<\/h2>\n<p data-start=\"1183\" data-end=\"1352\">Wymiary kieszeni to \u00d8 8 \u00d7 2 cm, a jej waga wynosi 50 g.<\/p>\n<h2 data-start=\"1359\" data-end=\"1374\">Podsumowanie<\/h2>\n<p data-start=\"1376\" data-end=\"1705\" data-is-last-node=\"\" data-is-only-node=\"\"><strong data-start=\"1376\" data-end=\"1420\">Kiesze\u0144 na snus<\/strong> to etui o prostym i jasnym przeznaczeniu, stworzone do przechowywania tytoniu, snusu i akcesori\u00f3w do czyszczenia. Wytrzyma\u0142y materia\u0142, mocowanie MOLLE oraz precyzyjne wymiary czyni\u0105 j\u0105 praktycznym dodatkiem dla os\u00f3b korzystaj\u0105cych z oporz\u0105dzenia modu\u0142owego i ceni\u0105cych porz\u0105dek. <\/p>\n<p data-start=\"1661\" data-end=\"1758\">Interesuje Ci\u0119 jedzenie turystyczne? Zobacz <a href=\"\/?product_cat=snakk#section-3-79\">TUTAJ<\/a><\/p>\n<p data-start=\"1661\" data-end=\"1758\">Znajd\u017a inspiracj\u0119 na kolejne przygody na <a href=\"https:\/\/www.instagram.com\/toidupakk\/\">Instagramie<\/a> i <a href=\"https:\/\/www.facebook.com\/Toidupakk\/\">Facebooku<\/a> Toidupakk.<\/p>\n","protected":false},"excerpt":{"rendered":"<p data-start=\"164\" data-end=\"432\"><strong>Kiesze\u0144 na snus z mocowaniem MOLLE to wytrzyma\u0142e i praktyczne etui do przechowywania tytoniu, snusu lub akcesori\u00f3w do czyszczenia przy oporz\u0105dzeniu. Wykonana z odpornego na \u015bcieranie materia\u0142u CORDURA\u00ae 700 den i wyposa\u017cona w system MOLLE, kt\u00f3ry pozwala na pewne zamocowanie. <\/strong><\/p>\n<ul>\n<li data-start=\"434\" data-end=\"681\">Wygodna kiesze\u0144 na tyto\u0144<\/li>\n<li data-start=\"434\" data-end=\"681\">System mocowania MOLLE, pasuje do 1 p\u0119tli MOLLE<\/li>\n<li data-start=\"434\" data-end=\"681\">Hydrofobowe wyko\u0144czenie wolne od PFC\/PFAS<\/li>\n<li data-start=\"434\" data-end=\"681\">Wytrzyma\u0142y materia\u0142: CORDURA\u00ae 700 den<\/li>\n<li data-start=\"434\" data-end=\"681\">Lekka i kompaktowa konstrukcja<\/li>\n<\/ul>\n<p data-start=\"683\" data-end=\"761\"><strong data-start=\"685\" data-end=\"696\">Wymiary:<\/strong> \u00d8 8 \u00d7 2 cm<br data-start=\"707\" data-end=\"710\"><strong data-start=\"712\" data-end=\"721\">Waga:<\/strong> 50 g<br data-start=\"726\" data-end=\"729\"><strong data-start=\"731\" data-end=\"744\">Materia\u0142:<\/strong> 100% poliamid<\/p>\n<p data-start=\"683\" data-end=\"761\"><img decoding=\"async\" class=\"emoji\" role=\"img\" draggable=\"false\" src=\"https:\/\/s.w.org\/images\/core\/emoji\/17.0.2\/svg\/2705.svg\" alt=\"\u2705\">  Dost\u0119pne w magazynie, szybka dostawa 1-3 dni robocze<\/p>\n","protected":false},"featured_media":44972,"comment_status":"open","ping_status":"closed","template":"","meta":{"_acf_changed":false},"product_brand":[],"product_cat":[302,304],"product_tag":[305],"class_list":{"0":"post-49365","1":"product","2":"type-product","3":"status-publish","4":"has-post-thumbnail","6":"product_cat-kieszenie-i-akcesoria-molle","7":"product_cat-wyposazenie-militarne","8":"product_tag-no_ads","10":"first","11":"instock","12":"taxable","13":"shipping-taxable","14":"purchasable","15":"product-type-simple"},"bundled_by":[],"bundle_stock_status":"instock","bundle_stock_quantity":3,"bundle_virtual":false,"bundle_layout":"","bundle_add_to_cart_form_location":"","bundle_editable_in_cart":false,"bundle_sold_individually_context":"","bundle_item_grouping":"","bundle_min_size":"","bundle_max_size":"","bundle_price":[],"bundled_items":[],"bundle_sell_ids":[],"acf":[],"yoast_head":"<!-- This site is optimized with the Yoast SEO plugin v27.3 - https:\/\/yoast.com\/product\/yoast-seo-wordpress\/ -->\n<title>Kiesze\u0144 na snus z mocowaniem MOLLE<\/title>\n<meta name=\"description\" content=\"Kiesze\u0144 na snus z mocowaniem MOLLE to wytrzyma\u0142e etui z materia\u0142u CORDURA do przechowywania tytoniu, snusu lub akcesori\u00f3w do czyszczenia.\" \/>\n<meta name=\"robots\" content=\"index, follow, max-snippet:-1, max-image-preview:large, max-video-preview:-1\" \/>\n<link rel=\"canonical\" href=\"https:\/\/toidupakk.ee\/pl\/toode\/kieszen-na-snus-z-mocowaniem-molle\/\" \/>\n<meta property=\"og:locale\" content=\"pl_PL\" \/>\n<meta property=\"og:type\" content=\"article\" \/>\n<meta property=\"og:title\" content=\"Kiesze\u0144 na snus z mocowaniem MOLLE\" \/>\n<meta property=\"og:description\" content=\"Kiesze\u0144 na snus z mocowaniem MOLLE to wytrzyma\u0142e etui z materia\u0142u CORDURA do przechowywania tytoniu, snusu lub akcesori\u00f3w do czyszczenia.\" \/>\n<meta property=\"og:url\" content=\"https:\/\/toidupakk.ee\/pl\/toode\/kieszen-na-snus-z-mocowaniem-molle\/\" \/>\n<meta property=\"og:site_name\" content=\"Toidupakk.ee - Tactical Foodpack toidupakid\" \/>\n<meta property=\"article:publisher\" content=\"https:\/\/www.facebook.com\/Toidupakk\" \/>\n<meta property=\"article:modified_time\" content=\"2026-04-15T17:30:21+00:00\" \/>\n<meta property=\"og:image\" content=\"https:\/\/toidupakk.ee\/wp-content\/uploads\/2026\/02\/1-2.png\" \/>\n\t<meta property=\"og:image:width\" content=\"800\" \/>\n\t<meta property=\"og:image:height\" content=\"800\" \/>\n\t<meta property=\"og:image:type\" content=\"image\/png\" \/>\n<meta name=\"twitter:card\" content=\"summary_large_image\" \/>\n<meta name=\"twitter:label1\" content=\"Szacowany czas czytania\" \/>\n\t<meta name=\"twitter:data1\" content=\"1 minuta\" \/>\n<script type=\"application\/ld+json\" class=\"yoast-schema-graph\">{\"@context\":\"https:\\\/\\\/schema.org\",\"@graph\":[{\"@type\":\"WebPage\",\"@id\":\"https:\\\/\\\/toidupakk.ee\\\/pl\\\/toode\\\/kieszen-na-snus-z-mocowaniem-molle\\\/\",\"url\":\"https:\\\/\\\/toidupakk.ee\\\/pl\\\/toode\\\/kieszen-na-snus-z-mocowaniem-molle\\\/\",\"name\":\"Kiesze\u0144 na snus z mocowaniem MOLLE\",\"isPartOf\":{\"@id\":\"https:\\\/\\\/toidupakk.ee\\\/pl\\\/#website\"},\"primaryImageOfPage\":{\"@id\":\"https:\\\/\\\/toidupakk.ee\\\/pl\\\/toode\\\/kieszen-na-snus-z-mocowaniem-molle\\\/#primaryimage\"},\"image\":{\"@id\":\"https:\\\/\\\/toidupakk.ee\\\/pl\\\/toode\\\/kieszen-na-snus-z-mocowaniem-molle\\\/#primaryimage\"},\"thumbnailUrl\":\"https:\\\/\\\/toidupakk.ee\\\/wp-content\\\/uploads\\\/2026\\\/02\\\/1-2.png\",\"datePublished\":\"2026-02-10T09:42:28+00:00\",\"dateModified\":\"2026-04-15T17:30:21+00:00\",\"description\":\"Kiesze\u0144 na snus z mocowaniem MOLLE to wytrzyma\u0142e etui z materia\u0142u CORDURA do przechowywania tytoniu, snusu lub akcesori\u00f3w do czyszczenia.\",\"breadcrumb\":{\"@id\":\"https:\\\/\\\/toidupakk.ee\\\/pl\\\/toode\\\/kieszen-na-snus-z-mocowaniem-molle\\\/#breadcrumb\"},\"inLanguage\":\"pl-PL\",\"potentialAction\":[{\"@type\":\"ReadAction\",\"target\":[\"https:\\\/\\\/toidupakk.ee\\\/pl\\\/toode\\\/kieszen-na-snus-z-mocowaniem-molle\\\/\"]}]},{\"@type\":\"ImageObject\",\"inLanguage\":\"pl-PL\",\"@id\":\"https:\\\/\\\/toidupakk.ee\\\/pl\\\/toode\\\/kieszen-na-snus-z-mocowaniem-molle\\\/#primaryimage\",\"url\":\"https:\\\/\\\/toidupakk.ee\\\/wp-content\\\/uploads\\\/2026\\\/02\\\/1-2.png\",\"contentUrl\":\"https:\\\/\\\/toidupakk.ee\\\/wp-content\\\/uploads\\\/2026\\\/02\\\/1-2.png\",\"width\":800,\"height\":800},{\"@type\":\"BreadcrumbList\",\"@id\":\"https:\\\/\\\/toidupakk.ee\\\/pl\\\/toode\\\/kieszen-na-snus-z-mocowaniem-molle\\\/#breadcrumb\",\"itemListElement\":[{\"@type\":\"ListItem\",\"position\":1,\"name\":\"Avaleht\",\"item\":\"https:\\\/\\\/toidupakk.ee\\\/pl\\\/\"},{\"@type\":\"ListItem\",\"position\":2,\"name\":\"Sklep internetowy\",\"item\":\"https:\\\/\\\/toidupakk.ee\\\/pl\\\/sklep-internetowy\\\/\"},{\"@type\":\"ListItem\",\"position\":3,\"name\":\"Kiesze\u0144 na snus z mocowaniem MOLLE\"}]},{\"@type\":\"WebSite\",\"@id\":\"https:\\\/\\\/toidupakk.ee\\\/pl\\\/#website\",\"url\":\"https:\\\/\\\/toidupakk.ee\\\/pl\\\/\",\"name\":\"Toidupakk.ee - Tactical Foodpack toidupakid\",\"description\":\"Tactical Foodpack k\u00fclmkuivatatud toidupakid ja matkaeined\",\"publisher\":{\"@id\":\"https:\\\/\\\/toidupakk.ee\\\/pl\\\/#organization\"},\"potentialAction\":[{\"@type\":\"SearchAction\",\"target\":{\"@type\":\"EntryPoint\",\"urlTemplate\":\"https:\\\/\\\/toidupakk.ee\\\/pl\\\/?s={search_term_string}\"},\"query-input\":{\"@type\":\"PropertyValueSpecification\",\"valueRequired\":true,\"valueName\":\"search_term_string\"}}],\"inLanguage\":\"pl-PL\"},{\"@type\":\"Organization\",\"@id\":\"https:\\\/\\\/toidupakk.ee\\\/pl\\\/#organization\",\"name\":\"Tactical Foodpack matkaeined\",\"url\":\"https:\\\/\\\/toidupakk.ee\\\/pl\\\/\",\"logo\":{\"@type\":\"ImageObject\",\"inLanguage\":\"pl-PL\",\"@id\":\"https:\\\/\\\/toidupakk.ee\\\/pl\\\/#\\\/schema\\\/logo\\\/image\\\/\",\"url\":\"https:\\\/\\\/toidupakk.ee\\\/wp-content\\\/uploads\\\/2022\\\/01\\\/Toidupakk-matkapood-logo-transparent.png\",\"contentUrl\":\"https:\\\/\\\/toidupakk.ee\\\/wp-content\\\/uploads\\\/2022\\\/01\\\/Toidupakk-matkapood-logo-transparent.png\",\"width\":500,\"height\":500,\"caption\":\"Tactical Foodpack matkaeined\"},\"image\":{\"@id\":\"https:\\\/\\\/toidupakk.ee\\\/pl\\\/#\\\/schema\\\/logo\\\/image\\\/\"},\"sameAs\":[\"https:\\\/\\\/www.facebook.com\\\/Toidupakk\",\"https:\\\/\\\/www.instagram.com\\\/toidupakk\\\/\"]}]}<\/script>\n<!-- \/ Yoast SEO plugin. -->","yoast_head_json":{"title":"Kiesze\u0144 na snus z mocowaniem MOLLE","description":"Kiesze\u0144 na snus z mocowaniem MOLLE to wytrzyma\u0142e etui z materia\u0142u CORDURA do przechowywania tytoniu, snusu lub akcesori\u00f3w do czyszczenia.","robots":{"index":"index","follow":"follow","max-snippet":"max-snippet:-1","max-image-preview":"max-image-preview:large","max-video-preview":"max-video-preview:-1"},"canonical":"https:\/\/toidupakk.ee\/pl\/toode\/kieszen-na-snus-z-mocowaniem-molle\/","og_locale":"pl_PL","og_type":"article","og_title":"Kiesze\u0144 na snus z mocowaniem MOLLE","og_description":"Kiesze\u0144 na snus z mocowaniem MOLLE to wytrzyma\u0142e etui z materia\u0142u CORDURA do przechowywania tytoniu, snusu lub akcesori\u00f3w do czyszczenia.","og_url":"https:\/\/toidupakk.ee\/pl\/toode\/kieszen-na-snus-z-mocowaniem-molle\/","og_site_name":"Toidupakk.ee - Tactical Foodpack toidupakid","article_publisher":"https:\/\/www.facebook.com\/Toidupakk","article_modified_time":"2026-04-15T17:30:21+00:00","og_image":[{"width":800,"height":800,"url":"https:\/\/toidupakk.ee\/wp-content\/uploads\/2026\/02\/1-2.png","type":"image\/png"}],"twitter_card":"summary_large_image","twitter_misc":{"Szacowany czas czytania":"1 minuta"},"schema":{"@context":"https:\/\/schema.org","@graph":[{"@type":"WebPage","@id":"https:\/\/toidupakk.ee\/pl\/toode\/kieszen-na-snus-z-mocowaniem-molle\/","url":"https:\/\/toidupakk.ee\/pl\/toode\/kieszen-na-snus-z-mocowaniem-molle\/","name":"Kiesze\u0144 na snus z mocowaniem MOLLE","isPartOf":{"@id":"https:\/\/toidupakk.ee\/pl\/#website"},"primaryImageOfPage":{"@id":"https:\/\/toidupakk.ee\/pl\/toode\/kieszen-na-snus-z-mocowaniem-molle\/#primaryimage"},"image":{"@id":"https:\/\/toidupakk.ee\/pl\/toode\/kieszen-na-snus-z-mocowaniem-molle\/#primaryimage"},"thumbnailUrl":"https:\/\/toidupakk.ee\/wp-content\/uploads\/2026\/02\/1-2.png","datePublished":"2026-02-10T09:42:28+00:00","dateModified":"2026-04-15T17:30:21+00:00","description":"Kiesze\u0144 na snus z mocowaniem MOLLE to wytrzyma\u0142e etui z materia\u0142u CORDURA do przechowywania tytoniu, snusu lub akcesori\u00f3w do czyszczenia.","breadcrumb":{"@id":"https:\/\/toidupakk.ee\/pl\/toode\/kieszen-na-snus-z-mocowaniem-molle\/#breadcrumb"},"inLanguage":"pl-PL","potentialAction":[{"@type":"ReadAction","target":["https:\/\/toidupakk.ee\/pl\/toode\/kieszen-na-snus-z-mocowaniem-molle\/"]}]},{"@type":"ImageObject","inLanguage":"pl-PL","@id":"https:\/\/toidupakk.ee\/pl\/toode\/kieszen-na-snus-z-mocowaniem-molle\/#primaryimage","url":"https:\/\/toidupakk.ee\/wp-content\/uploads\/2026\/02\/1-2.png","contentUrl":"https:\/\/toidupakk.ee\/wp-content\/uploads\/2026\/02\/1-2.png","width":800,"height":800},{"@type":"BreadcrumbList","@id":"https:\/\/toidupakk.ee\/pl\/toode\/kieszen-na-snus-z-mocowaniem-molle\/#breadcrumb","itemListElement":[{"@type":"ListItem","position":1,"name":"Avaleht","item":"https:\/\/toidupakk.ee\/pl\/"},{"@type":"ListItem","position":2,"name":"Sklep internetowy","item":"https:\/\/toidupakk.ee\/pl\/sklep-internetowy\/"},{"@type":"ListItem","position":3,"name":"Kiesze\u0144 na snus z mocowaniem MOLLE"}]},{"@type":"WebSite","@id":"https:\/\/toidupakk.ee\/pl\/#website","url":"https:\/\/toidupakk.ee\/pl\/","name":"Toidupakk.ee - Tactical Foodpack toidupakid","description":"Tactical Foodpack k\u00fclmkuivatatud toidupakid ja matkaeined","publisher":{"@id":"https:\/\/toidupakk.ee\/pl\/#organization"},"potentialAction":[{"@type":"SearchAction","target":{"@type":"EntryPoint","urlTemplate":"https:\/\/toidupakk.ee\/pl\/?s={search_term_string}"},"query-input":{"@type":"PropertyValueSpecification","valueRequired":true,"valueName":"search_term_string"}}],"inLanguage":"pl-PL"},{"@type":"Organization","@id":"https:\/\/toidupakk.ee\/pl\/#organization","name":"Tactical Foodpack matkaeined","url":"https:\/\/toidupakk.ee\/pl\/","logo":{"@type":"ImageObject","inLanguage":"pl-PL","@id":"https:\/\/toidupakk.ee\/pl\/#\/schema\/logo\/image\/","url":"https:\/\/toidupakk.ee\/wp-content\/uploads\/2022\/01\/Toidupakk-matkapood-logo-transparent.png","contentUrl":"https:\/\/toidupakk.ee\/wp-content\/uploads\/2022\/01\/Toidupakk-matkapood-logo-transparent.png","width":500,"height":500,"caption":"Tactical Foodpack matkaeined"},"image":{"@id":"https:\/\/toidupakk.ee\/pl\/#\/schema\/logo\/image\/"},"sameAs":["https:\/\/www.facebook.com\/Toidupakk","https:\/\/www.instagram.com\/toidupakk\/"]}]}},"jetpack_sharing_enabled":true,"_links":{"self":[{"href":"https:\/\/toidupakk.ee\/pl\/wp-json\/wp\/v2\/product\/49365","targetHints":{"allow":["GET"]}}],"collection":[{"href":"https:\/\/toidupakk.ee\/pl\/wp-json\/wp\/v2\/product"}],"about":[{"href":"https:\/\/toidupakk.ee\/pl\/wp-json\/wp\/v2\/types\/product"}],"replies":[{"embeddable":true,"href":"https:\/\/toidupakk.ee\/pl\/wp-json\/wp\/v2\/comments?post=49365"}],"wp:featuredmedia":[{"embeddable":true,"href":"https:\/\/toidupakk.ee\/pl\/wp-json\/wp\/v2\/media\/44972"}],"wp:attachment":[{"href":"https:\/\/toidupakk.ee\/pl\/wp-json\/wp\/v2\/media?parent=49365"}],"wp:term":[{"taxonomy":"product_brand","embeddable":true,"href":"https:\/\/toidupakk.ee\/pl\/wp-json\/wp\/v2\/product_brand?post=49365"},{"taxonomy":"product_cat","embeddable":true,"href":"https:\/\/toidupakk.ee\/pl\/wp-json\/wp\/v2\/product_cat?post=49365"},{"taxonomy":"product_tag","embeddable":true,"href":"https:\/\/toidupakk.ee\/pl\/wp-json\/wp\/v2\/product_tag?post=49365"}],"curies":[{"name":"wp","href":"https:\/\/api.w.org\/{rel}","templated":true}]}}