{"id":49351,"date":"2021-08-29T07:00:24","date_gmt":"2021-08-29T04:00:24","guid":{"rendered":"https:\/\/toidupakk.ee\/warunki-sprzedazy\/"},"modified":"2026-02-19T16:51:15","modified_gmt":"2026-02-19T14:51:15","slug":"warunki-sprzedazy","status":"publish","type":"page","link":"https:\/\/toidupakk.ee\/pl\/warunki-sprzedazy\/","title":{"rendered":"Warunki sprzeda\u017cy"},"content":{"rendered":"\t\t<div data-elementor-type=\"wp-page\" data-elementor-id=\"49351\" class=\"elementor elementor-49351 elementor-45\" data-elementor-post-type=\"page\">\n\t\t\t\t<div class=\"elementor-element elementor-element-519b9186 e-flex e-con-boxed e-con e-parent\" data-id=\"519b9186\" data-element_type=\"container\" data-e-type=\"container\">\n\t\t\t\t\t<div class=\"e-con-inner\">\n\t\t\t\t<div class=\"elementor-element elementor-element-54d8405b elementor-widget elementor-widget-text-editor\" data-id=\"54d8405b\" data-element_type=\"widget\" data-e-type=\"widget\" data-widget_type=\"text-editor.default\">\n\t\t\t\t\t\t\t\t\t\n<p>Administratorem sklepu internetowego toidupakk.ee (dalej Sklep Internetowy) jest O\u00dc Unicorn Digital (numer rejestrowy 16219924) z siedzib\u0105 pod adresem Veski 5, Kiili.<\/p>\n<p> <\/p>\n\n<p><strong>Obowi\u0105zywanie umowy sprzeda\u017cy, informacje o produktach i cenach<\/strong><\/p>\n<p> <\/p>\n\n<p>Warunki sprzeda\u017cy obowi\u0105zuj\u0105 przy zakupie towar\u00f3w w Sklepie Internetowym.<\/p>\n\n<p>Ceny produkt\u00f3w sprzedawanych w Sklepie Internetowym s\u0105 podane przy produktach. Do ceny doliczana jest op\u0142ata za dostaw\u0119 towaru. Wszystkie ceny towar\u00f3w sprzedawanych w sklepie internetowym s\u0105 podane w euro.  <\/p>\n\n<p>Koszt dostawy towaru zale\u017cy od Twojej lokalizacji oraz wybranego sposobu dostawy. Koszt dostawy wy\u015bwietli Ci si\u0119 podczas sk\u0142adania zam\u00f3wienia. <\/p>\n\n<p>Informacje o towarze znajdziesz w Sklepie Internetowym bezpo\u015brednio przy danym produkcie.<\/p>\n<p> <\/p>\n\n<p><strong>Sk\u0142adanie zam\u00f3wienia<\/strong><\/p>\n<p> <\/p>\n\n<p>Aby zam\u00f3wi\u0107 towar, dodaj wybrane produkty do koszyka. \u017beby sfinalizowa\u0107 zam\u00f3wienie, wype\u0142nij wymagane pola danych i wybierz odpowiedni spos\u00f3b dostawy. Nast\u0119pnie na ekranie zobaczysz kwot\u0119 do zap\u0142aty, kt\u00f3r\u0105 mo\u017cesz bezpiecznie uregulowa\u0107 za pomoc\u0105 nast\u0119puj\u0105cych metod p\u0142atno\u015bci:  <\/p>\n\n<p>Linki bankowe: Swedbank, SEB, Luminor, LHV, Coop Pank, Citadele, Revolut.<\/p>\n\n<p>P\u0142atno\u015bci kart\u0105 Visa\/Mastercard, Google Pay, Apple Pay.<\/p>\n\n<p>Opcje p\u0142atno\u015bci odroczonej Inbank lub Esto.<\/p>\n\n<p>Je\u015bli zam\u00f3wionego towaru nie mo\u017cna dostarczy\u0107 z powodu jego wyczerpania lub z innej przyczyny, poinformujemy Ci\u0119 o tym przy najbli\u017cszej okazji i niezw\u0142ocznie zwr\u00f3cimy wp\u0142acone pieni\u0105dze (w tym koszty dostawy), nie p\u00f3\u017aniej ni\u017c w ci\u0105gu 14 dni od wys\u0142ania powiadomienia.<\/p>\n\n<p> <\/p>\n<p><strong>Dostawa<\/strong><\/p>\n\n<p> <\/p>\n<p>Towary wysy\u0142amy do nast\u0119puj\u0105cych kraj\u00f3w: Estonia<\/p>\n\n<p>W celu zam\u00f3wienia towaru poza Estoni\u0119, z\u0142\u00f3\u017c zam\u00f3wienie drog\u0105 mailow\u0105 \u2013 koszty dostawy ustalimy wtedy indywidualnie.<\/p>\n\n<p>Przy odbiorze towaru masz do wyboru nast\u0119puj\u0105ce opcje: paczkomaty Omniva w ca\u0142ej Estonii, paczkomaty Itella Smartpost w ca\u0142ej Estonii, automaty Venipak, kurier DPD lub odbi\u00f3r osobisty.<\/p>\n\n<p>Koszty wysy\u0142ki towaru ponosi kupuj\u0105cy, a odpowiednia informacja o cenie jest widoczna przy wyborze sposobu dostawy.<\/p>\n\n<p>Przesy\u0142ki na terenie Estonii docieraj\u0105 zazwyczaj do wskazanego miejsca w ci\u0105gu 1-3 dni roboczych od zakupu. Poza Estoni\u0105 dostawa odbywa si\u0119 zgodnie z ustaleniami. <\/p>\n\n<p>Paczkomaty Omniva i Itella przechowuj\u0105 paczk\u0119 zazwyczaj do 7 dni. Po dotarciu towaru do paczkomatu masz obowi\u0105zek odebra\u0107 go w ci\u0105gu 7 dni. <\/p>\n\n<p> <\/p>\n<p><strong>Prawo do odst\u0105pienia od umowy<\/strong><\/p>\n<p> <\/p>\n\n<p>Po otrzymaniu zam\u00f3wienia masz prawo odst\u0105pi\u0107 od umowy zawartej w sklepie internetowym w ci\u0105gu 14 dni.<\/p>\n\n<p>UWAGA! W zale\u017cno\u015bci od rodzaju produkt\u00f3w mo\u017cesz nie mie\u0107 prawa do odst\u0105pienia od umowy; w takim przypadku odpowiednie produkty i us\u0142ugi musz\u0105 zosta\u0107 wymienione i musz\u0105 spe\u0142nia\u0107 warunki okre\u015blone w \u00a7 53 ust. 4 ustawy o prawie zobowi\u0105za\u0144. <\/p>\n\n<p>Prawo do odst\u0105pienia od umowy nie obowi\u0105zuje, je\u015bli kupuj\u0105cym jest osoba prawna.<\/p>\n\n<p>Aby skorzysta\u0107 z 14-dniowego prawa do zwrotu, nie mo\u017cesz u\u017cywa\u0107 zam\u00f3wionego towaru w spos\u00f3b inny ni\u017c jest to konieczne do sprawdzenia jego charakteru, cech i funkcjonowania \u2013 tak, jak by\u0142oby to dozwolone podczas testowania produktu w sklepie stacjonarnym.<\/p>\n\n<p>Je\u015bli u\u017cywa\u0142e\u015b towaru w innym celu ni\u017c by\u0142o to konieczne do sprawdzenia jego w\u0142a\u015bciwo\u015bci lub je\u015bli produkt nosi \u015blady u\u017cytkowania b\u0105d\u017a zu\u017cycia, Sklep Internetowy ma prawo obni\u017cy\u0107 zwracan\u0105 kwot\u0119 odpowiednio do spadku warto\u015bci towaru. Zwracany towar musi by\u0107 nieu\u017cywany, posiada\u0107 metki i oryginalne opakowanie (np. pude\u0142ko na buty zapakowane w foli\u0119 itp.). <\/p>\n\n<p>Aby zwr\u00f3ci\u0107 towar, z\u0142\u00f3\u017c o\u015bwiadczenie o odst\u0105pieniu od zakupu i wy\u015blij je na adres e-mail <a href=\"mailto:tellimus@toidupakk.ee\">tellimus@toidupakk.ee<\/a> najp\u00f3\u017aniej w ci\u0105gu 14 dni od otrzymania towaru.<\/p>\n\n<p>Musisz zwr\u00f3ci\u0107 towar w ci\u0105gu 14 dni od z\u0142o\u017cenia o\u015bwiadczenia lub przedstawi\u0107 dow\u00f3d, \u017ce w tym terminie przekaza\u0142e\u015b towar przewo\u017anikowi.<\/p>\n\n<p>Sklep Internetowy po otrzymaniu zwracanego towaru niezw\u0142ocznie, ale nie p\u00f3\u017aniej ni\u017c w ci\u0105gu 14 dni od otrzymania o\u015bwiadczenia o odst\u0105pieniu od umowy, zwr\u00f3ci Ci wszystkie otrzymane p\u0142atno\u015bci.<\/p>\n\n<p>Sklep Internetowy mo\u017ce wstrzyma\u0107 si\u0119 ze zwrotem p\u0142atno\u015bci do czasu otrzymania towaru z powrotem lub do czasu dostarczenia przez Ciebie dowodu jego odes\u0142ania, w zale\u017cno\u015bci od tego, co nast\u0105pi wcze\u015bniej.<\/p>\n\n<p>Je\u015bli wyra\u017anie wybra\u0142e\u015b spos\u00f3b dostawy inny ni\u017c najta\u0144szy zwyk\u0142y spos\u00f3b oferowany przez Sklep Internetowy, nie mamy obowi\u0105zku zwraca\u0107 Ci koszt\u00f3w przekraczaj\u0105cych cen\u0119 standardowej dostawy.<\/p>\n\n<p>Sklep Internetowy ma prawo odst\u0105pi\u0107 od transakcji i \u017c\u0105da\u0107 zwrotu towaru, je\u015bli cena w sklepie na skutek b\u0142\u0119du by\u0142a znacznie ni\u017csza od ceny rynkowej.<\/p>\n\n<p> <\/p>\n<p><strong>Prawo do z\u0142o\u017cenia reklamacji<\/strong><\/p>\n\n<p> <\/p>\n<p>Sklep Internetowy odpowiada za niezgodno\u015b\u0107 towaru z umow\u0105 lub wady, kt\u00f3re istnia\u0142y w momencie wydania rzeczy i ujawni\u0142y si\u0119 w ci\u0105gu dw\u00f3ch lat od dostarczenia towaru. Przez pierwsze sze\u015b\u0107 miesi\u0119cy domniemywa si\u0119, \u017ce wada istnia\u0142a ju\u017c w chwili wydania \u2013 obalenie tego domniemania nale\u017cy do obowi\u0105zk\u00f3w Sklepu Internetowego.  <\/p>\n\n<p>W przypadku wyst\u0105pienia wady masz prawo zwr\u00f3ci\u0107 si\u0119 do sklepu internetowego najp\u00f3\u017aniej w ci\u0105gu dw\u00f3ch miesi\u0119cy, wysy\u0142aj\u0105c e-mail na adres tellimus@toidupakk.ee<\/p>\n\n<p>Sklep Internetowy nie ponosi odpowiedzialno\u015bci za wady powsta\u0142e po wydaniu towaru.<\/p>\n\n<p>Je\u015bli towar ma wady, za kt\u00f3re odpowiada Sklep Internetowy, naprawimy go lub wymienimy na nowy. Je\u015bli naprawa ani wymiana nie b\u0119d\u0105 mo\u017cliwe, zwr\u00f3cimy Ci wszystkie koszty poniesione w zwi\u0105zku z umow\u0105 sprzeda\u017cy. <\/p>\n\n<p>Sklep Internetowy odpowie na Twoj\u0105 reklamacj\u0119 pisemnie lub w formie umo\u017cliwiaj\u0105cej jej zapisanie w ci\u0105gu 15 dni.<\/p>\n\n<p> <\/p>\n<p><strong>Marketing bezpo\u015bredni i przetwarzanie danych osobowych<\/strong><\/p>\n\n<p> <\/p>\n<p>Sklep Internetowy wykorzystuje Twoje dane osobowe do realizacji zam\u00f3wienia, wysy\u0142ki towaru oraz w dzia\u0142aniach marketingowych. Przekazujemy dane firmom transportowym wy\u0142\u0105cznie w celu dostarczenia Twojego zam\u00f3wienia. <\/p>\n\n<p>Sklep Internetowy wysy\u0142a newslettery i informacje o promocjach (w tym SMS-y), je\u015bli wyrazisz na to ch\u0119\u0107, podaj\u0105c swoje dane kontaktowe na stronie.<\/p>\n\n<p>W ka\u017cdej chwili mo\u017cesz zrezygnowa\u0107 z otrzymywania ofert i newsletter\u00f3w, informuj\u0105c nas o tym mailowo, przez SMS lub post\u0119puj\u0105c zgodnie z instrukcjami w otrzymanej wiadomo\u015bci.<\/p>\n\n<p> <\/p>\n<p><strong>Rozstrzyganie spor\u00f3w<\/strong><\/p>\n\n<p> <\/p>\n<p>Je\u015bli masz zastrze\u017cenia do pracy Sklepu Internetowego, wy\u015blij je na adres e-mail tellimus lub skontaktuj si\u0119 z nami przez inne kana\u0142y podane na stronie.<\/p>\n\n<p>Je\u015bli nie uda nam si\u0119 rozwi\u0105za\u0107 sporu polubownie, mo\u017cesz zwr\u00f3ci\u0107 si\u0119 do Komisji ds. Spor\u00f3w Konsumenckich. Komisja zajmuje si\u0119 rozstrzyganiem spor\u00f3w wynikaj\u0105cych z um\u00f3w mi\u0119dzy kupuj\u0105cym a Sklepem Internetowym. Rozpatrzenie skargi przez komisj\u0119 jest bezp\u0142atne.  <\/p>\n\n<p>Mo\u017cesz r\u00f3wnie\u017c skorzysta\u0107 z unijnej platformy internetowego rozstrzygania spor\u00f3w (ODR).<\/p>\n\t\t\t\t\t\t\t\t<\/div>\n\t\t\t\t\t<\/div>\n\t\t\t\t<\/div>\n\t\t\t\t<\/div>\n\t\t","protected":false},"excerpt":{"rendered":"<p>Administratorem sklepu internetowego toidupakk.ee (dalej Sklep Internetowy) jest O\u00dc Unicorn Digital (numer rejestrowy 16219924) z siedzib\u0105 pod adresem Veski 5, Kiili. Obowi\u0105zywanie umowy sprzeda\u017cy, informacje o produktach i cenach Warunki sprzeda\u017cy obowi\u0105zuj\u0105 przy zakupie towar\u00f3w w Sklepie Internetowym. Ceny produkt\u00f3w sprzedawanych w Sklepie Internetowym s\u0105 podane przy produktach. Do ceny doliczana jest op\u0142ata za dostaw\u0119 [&hellip;]<\/p>\n","protected":false},"author":1,"featured_media":0,"parent":0,"menu_order":0,"comment_status":"closed","ping_status":"closed","template":"","meta":{"_acf_changed":false,"footnotes":""},"class_list":["post-49351","page","type-page","status-publish","hentry"],"acf":[],"yoast_head":"<!-- This site is optimized with the Yoast SEO plugin v27.3 - https:\/\/yoast.com\/product\/yoast-seo-wordpress\/ -->\n<title>Warunki sprzeda\u017cy - Toidupakk.ee - Tactical Foodpack toidupakid<\/title>\n<meta name=\"robots\" content=\"index, follow, max-snippet:-1, max-image-preview:large, max-video-preview:-1\" \/>\n<link rel=\"canonical\" href=\"https:\/\/toidupakk.ee\/pl\/warunki-sprzedazy\/\" \/>\n<meta property=\"og:locale\" content=\"pl_PL\" \/>\n<meta property=\"og:type\" content=\"article\" \/>\n<meta property=\"og:title\" content=\"Warunki sprzeda\u017cy - Toidupakk.ee - Tactical Foodpack toidupakid\" \/>\n<meta property=\"og:description\" content=\"Administratorem sklepu internetowego toidupakk.ee (dalej Sklep Internetowy) jest O\u00dc Unicorn Digital (numer rejestrowy 16219924) z siedzib\u0105 pod adresem Veski 5, Kiili. Obowi\u0105zywanie umowy sprzeda\u017cy, informacje o produktach i cenach Warunki sprzeda\u017cy obowi\u0105zuj\u0105 przy zakupie towar\u00f3w w Sklepie Internetowym. Ceny produkt\u00f3w sprzedawanych w Sklepie Internetowym s\u0105 podane przy produktach. Do ceny doliczana jest op\u0142ata za dostaw\u0119 [&hellip;]\" \/>\n<meta property=\"og:url\" content=\"https:\/\/toidupakk.ee\/pl\/warunki-sprzedazy\/\" \/>\n<meta property=\"og:site_name\" content=\"Toidupakk.ee - Tactical Foodpack toidupakid\" \/>\n<meta property=\"article:publisher\" content=\"https:\/\/www.facebook.com\/Toidupakk\" \/>\n<meta property=\"article:modified_time\" content=\"2026-02-19T14:51:15+00:00\" \/>\n<meta property=\"og:image\" content=\"https:\/\/toidupakk.ee\/wp-content\/uploads\/2026\/02\/Toidupakk-ee-MatkaPRO-matkatoidud-matkavarustus.jpg\" \/>\n\t<meta property=\"og:image:width\" content=\"1200\" \/>\n\t<meta property=\"og:image:height\" content=\"675\" \/>\n\t<meta property=\"og:image:type\" content=\"image\/jpeg\" \/>\n<meta name=\"twitter:card\" content=\"summary_large_image\" \/>\n<meta name=\"twitter:label1\" content=\"Szacowany czas czytania\" \/>\n\t<meta name=\"twitter:data1\" content=\"6 minut\" \/>\n<script type=\"application\/ld+json\" class=\"yoast-schema-graph\">{\"@context\":\"https:\\\/\\\/schema.org\",\"@graph\":[{\"@type\":\"WebPage\",\"@id\":\"https:\\\/\\\/toidupakk.ee\\\/pl\\\/warunki-sprzedazy\\\/\",\"url\":\"https:\\\/\\\/toidupakk.ee\\\/pl\\\/warunki-sprzedazy\\\/\",\"name\":\"Warunki sprzeda\u017cy - Toidupakk.ee - Tactical Foodpack toidupakid\",\"isPartOf\":{\"@id\":\"https:\\\/\\\/toidupakk.ee\\\/pl\\\/#website\"},\"datePublished\":\"2021-08-29T04:00:24+00:00\",\"dateModified\":\"2026-02-19T14:51:15+00:00\",\"breadcrumb\":{\"@id\":\"https:\\\/\\\/toidupakk.ee\\\/pl\\\/warunki-sprzedazy\\\/#breadcrumb\"},\"inLanguage\":\"pl-PL\",\"potentialAction\":[{\"@type\":\"ReadAction\",\"target\":[\"https:\\\/\\\/toidupakk.ee\\\/pl\\\/warunki-sprzedazy\\\/\"]}]},{\"@type\":\"BreadcrumbList\",\"@id\":\"https:\\\/\\\/toidupakk.ee\\\/pl\\\/warunki-sprzedazy\\\/#breadcrumb\",\"itemListElement\":[{\"@type\":\"ListItem\",\"position\":1,\"name\":\"Avaleht\",\"item\":\"https:\\\/\\\/toidupakk.ee\\\/pl\\\/\"},{\"@type\":\"ListItem\",\"position\":2,\"name\":\"Warunki sprzeda\u017cy\"}]},{\"@type\":\"WebSite\",\"@id\":\"https:\\\/\\\/toidupakk.ee\\\/pl\\\/#website\",\"url\":\"https:\\\/\\\/toidupakk.ee\\\/pl\\\/\",\"name\":\"Toidupakk.ee - Tactical Foodpack toidupakid\",\"description\":\"Tactical Foodpack k\u00fclmkuivatatud toidupakid ja matkaeined\",\"publisher\":{\"@id\":\"https:\\\/\\\/toidupakk.ee\\\/pl\\\/#organization\"},\"potentialAction\":[{\"@type\":\"SearchAction\",\"target\":{\"@type\":\"EntryPoint\",\"urlTemplate\":\"https:\\\/\\\/toidupakk.ee\\\/pl\\\/?s={search_term_string}\"},\"query-input\":{\"@type\":\"PropertyValueSpecification\",\"valueRequired\":true,\"valueName\":\"search_term_string\"}}],\"inLanguage\":\"pl-PL\"},{\"@type\":\"Organization\",\"@id\":\"https:\\\/\\\/toidupakk.ee\\\/pl\\\/#organization\",\"name\":\"Tactical Foodpack matkaeined\",\"url\":\"https:\\\/\\\/toidupakk.ee\\\/pl\\\/\",\"logo\":{\"@type\":\"ImageObject\",\"inLanguage\":\"pl-PL\",\"@id\":\"https:\\\/\\\/toidupakk.ee\\\/pl\\\/#\\\/schema\\\/logo\\\/image\\\/\",\"url\":\"https:\\\/\\\/toidupakk.ee\\\/wp-content\\\/uploads\\\/2022\\\/01\\\/Toidupakk-matkapood-logo-transparent.png\",\"contentUrl\":\"https:\\\/\\\/toidupakk.ee\\\/wp-content\\\/uploads\\\/2022\\\/01\\\/Toidupakk-matkapood-logo-transparent.png\",\"width\":500,\"height\":500,\"caption\":\"Tactical Foodpack matkaeined\"},\"image\":{\"@id\":\"https:\\\/\\\/toidupakk.ee\\\/pl\\\/#\\\/schema\\\/logo\\\/image\\\/\"},\"sameAs\":[\"https:\\\/\\\/www.facebook.com\\\/Toidupakk\",\"https:\\\/\\\/www.instagram.com\\\/toidupakk\\\/\"]}]}<\/script>\n<!-- \/ Yoast SEO plugin. -->","yoast_head_json":{"title":"Warunki sprzeda\u017cy - Toidupakk.ee - Tactical Foodpack toidupakid","robots":{"index":"index","follow":"follow","max-snippet":"max-snippet:-1","max-image-preview":"max-image-preview:large","max-video-preview":"max-video-preview:-1"},"canonical":"https:\/\/toidupakk.ee\/pl\/warunki-sprzedazy\/","og_locale":"pl_PL","og_type":"article","og_title":"Warunki sprzeda\u017cy - Toidupakk.ee - Tactical Foodpack toidupakid","og_description":"Administratorem sklepu internetowego toidupakk.ee (dalej Sklep Internetowy) jest O\u00dc Unicorn Digital (numer rejestrowy 16219924) z siedzib\u0105 pod adresem Veski 5, Kiili. Obowi\u0105zywanie umowy sprzeda\u017cy, informacje o produktach i cenach Warunki sprzeda\u017cy obowi\u0105zuj\u0105 przy zakupie towar\u00f3w w Sklepie Internetowym. Ceny produkt\u00f3w sprzedawanych w Sklepie Internetowym s\u0105 podane przy produktach. Do ceny doliczana jest op\u0142ata za dostaw\u0119 [&hellip;]","og_url":"https:\/\/toidupakk.ee\/pl\/warunki-sprzedazy\/","og_site_name":"Toidupakk.ee - Tactical Foodpack toidupakid","article_publisher":"https:\/\/www.facebook.com\/Toidupakk","article_modified_time":"2026-02-19T14:51:15+00:00","og_image":[{"width":1200,"height":675,"url":"https:\/\/toidupakk.ee\/wp-content\/uploads\/2026\/02\/Toidupakk-ee-MatkaPRO-matkatoidud-matkavarustus.jpg","type":"image\/jpeg"}],"twitter_card":"summary_large_image","twitter_misc":{"Szacowany czas czytania":"6 minut"},"schema":{"@context":"https:\/\/schema.org","@graph":[{"@type":"WebPage","@id":"https:\/\/toidupakk.ee\/pl\/warunki-sprzedazy\/","url":"https:\/\/toidupakk.ee\/pl\/warunki-sprzedazy\/","name":"Warunki sprzeda\u017cy - Toidupakk.ee - Tactical Foodpack toidupakid","isPartOf":{"@id":"https:\/\/toidupakk.ee\/pl\/#website"},"datePublished":"2021-08-29T04:00:24+00:00","dateModified":"2026-02-19T14:51:15+00:00","breadcrumb":{"@id":"https:\/\/toidupakk.ee\/pl\/warunki-sprzedazy\/#breadcrumb"},"inLanguage":"pl-PL","potentialAction":[{"@type":"ReadAction","target":["https:\/\/toidupakk.ee\/pl\/warunki-sprzedazy\/"]}]},{"@type":"BreadcrumbList","@id":"https:\/\/toidupakk.ee\/pl\/warunki-sprzedazy\/#breadcrumb","itemListElement":[{"@type":"ListItem","position":1,"name":"Avaleht","item":"https:\/\/toidupakk.ee\/pl\/"},{"@type":"ListItem","position":2,"name":"Warunki sprzeda\u017cy"}]},{"@type":"WebSite","@id":"https:\/\/toidupakk.ee\/pl\/#website","url":"https:\/\/toidupakk.ee\/pl\/","name":"Toidupakk.ee - Tactical Foodpack toidupakid","description":"Tactical Foodpack k\u00fclmkuivatatud toidupakid ja matkaeined","publisher":{"@id":"https:\/\/toidupakk.ee\/pl\/#organization"},"potentialAction":[{"@type":"SearchAction","target":{"@type":"EntryPoint","urlTemplate":"https:\/\/toidupakk.ee\/pl\/?s={search_term_string}"},"query-input":{"@type":"PropertyValueSpecification","valueRequired":true,"valueName":"search_term_string"}}],"inLanguage":"pl-PL"},{"@type":"Organization","@id":"https:\/\/toidupakk.ee\/pl\/#organization","name":"Tactical Foodpack matkaeined","url":"https:\/\/toidupakk.ee\/pl\/","logo":{"@type":"ImageObject","inLanguage":"pl-PL","@id":"https:\/\/toidupakk.ee\/pl\/#\/schema\/logo\/image\/","url":"https:\/\/toidupakk.ee\/wp-content\/uploads\/2022\/01\/Toidupakk-matkapood-logo-transparent.png","contentUrl":"https:\/\/toidupakk.ee\/wp-content\/uploads\/2022\/01\/Toidupakk-matkapood-logo-transparent.png","width":500,"height":500,"caption":"Tactical Foodpack matkaeined"},"image":{"@id":"https:\/\/toidupakk.ee\/pl\/#\/schema\/logo\/image\/"},"sameAs":["https:\/\/www.facebook.com\/Toidupakk","https:\/\/www.instagram.com\/toidupakk\/"]}]}},"jetpack_sharing_enabled":true,"_links":{"self":[{"href":"https:\/\/toidupakk.ee\/pl\/wp-json\/wp\/v2\/pages\/49351","targetHints":{"allow":["GET"]}}],"collection":[{"href":"https:\/\/toidupakk.ee\/pl\/wp-json\/wp\/v2\/pages"}],"about":[{"href":"https:\/\/toidupakk.ee\/pl\/wp-json\/wp\/v2\/types\/page"}],"author":[{"embeddable":true,"href":"https:\/\/toidupakk.ee\/pl\/wp-json\/wp\/v2\/users\/1"}],"replies":[{"embeddable":true,"href":"https:\/\/toidupakk.ee\/pl\/wp-json\/wp\/v2\/comments?post=49351"}],"version-history":[{"count":5,"href":"https:\/\/toidupakk.ee\/pl\/wp-json\/wp\/v2\/pages\/49351\/revisions"}],"predecessor-version":[{"id":49361,"href":"https:\/\/toidupakk.ee\/pl\/wp-json\/wp\/v2\/pages\/49351\/revisions\/49361"}],"wp:attachment":[{"href":"https:\/\/toidupakk.ee\/pl\/wp-json\/wp\/v2\/media?parent=49351"}],"curies":[{"name":"wp","href":"https:\/\/api.w.org\/{rel}","templated":true}]}}