{"id":49347,"date":"2021-08-23T15:09:01","date_gmt":"2021-08-23T12:09:01","guid":{"rendered":"https:\/\/toidupakk.ee\/polityka-prywatnosci\/"},"modified":"2026-02-19T16:51:15","modified_gmt":"2026-02-19T14:51:15","slug":"polityka-prywatnosci","status":"publish","type":"page","link":"https:\/\/toidupakk.ee\/pl\/polityka-prywatnosci\/","title":{"rendered":"Polityka prywatno\u015bci"},"content":{"rendered":"\t\t<div data-elementor-type=\"wp-page\" data-elementor-id=\"49347\" class=\"elementor elementor-49347 elementor-3\" data-elementor-post-type=\"page\">\n\t\t\t\t<div class=\"elementor-element elementor-element-79c41e0d e-flex e-con-boxed e-con e-parent\" data-id=\"79c41e0d\" data-element_type=\"container\" data-e-type=\"container\">\n\t\t\t\t\t<div class=\"e-con-inner\">\n\t\t\t\t<div class=\"elementor-element elementor-element-6f416fcc elementor-widget elementor-widget-text-editor\" data-id=\"6f416fcc\" data-element_type=\"widget\" data-e-type=\"widget\" data-widget_type=\"text-editor.default\">\n\t\t\t\t\t\t\t\t\t\n<h1>Polityka prywatno\u015bci<\/h1>\n\n<p>1. <strong>Postanowienia og\u00f3lne<br><br><\/strong><\/p>\n\n<p>1.1. Niniejsza polityka prywatno\u015bci reguluje zasady gromadzenia, przetwarzania i przechowywania danych osobowych. Dane osobowe gromadzi, przetwarza i przechowuje administrator danych osobowych Unicorn Digital O\u00dc (zwany dalej administratorem danych). <\/p>\n\n<p>1.2. Podmiotem danych w rozumieniu polityki prywatno\u015bci jest klient lub inna osoba fizyczna, kt\u00f3rej dane osobowe s\u0105 przetwarzane przez administratora danych.<\/p>\n\n<p>1.3. Klientem w rozumieniu polityki prywatno\u015bci jest ka\u017cda osoba, kt\u00f3ra kupuje towary lub us\u0142ugi na stronie internetowej administratora danych.<\/p>\n\n<p>1.4. Administrator danych przestrzega zasad przetwarzania danych okre\u015blonych w przepisach prawa, w tym przetwarza dane osobowe w spos\u00f3b zgodny z prawem, rzetelny i bezpieczny. Administrator danych jest w stanie potwierdzi\u0107, \u017ce dane osobowe by\u0142y przetwarzane zgodnie z przepisami prawa. <\/p>\n<p> <\/p>\n\n<p><strong>2. Gromadzenie, przetwarzanie i przechowywanie danych osobowych<\/strong><\/p>\n<p> <\/p>\n\n<p>2.1. Dane osobowe, kt\u00f3re administrator danych gromadzi, przetwarza i przechowuje, s\u0105 zbierane drog\u0105 elektroniczn\u0105, g\u0142\u00f3wnie za po\u015brednictwem strony internetowej i poczty e-mail.<\/p>\n\n<p>2.2. Udost\u0119pniaj\u0105c swoje dane osobowe, podmiot danych udziela administratorowi danych prawa do gromadzenia, porz\u0105dkowania, wykorzystywania i zarz\u0105dzania danymi osobowymi w celu okre\u015blonym w polityce prywatno\u015bci, kt\u00f3re podmiot danych udost\u0119pnia administratorowi bezpo\u015brednio lub po\u015brednio podczas zakupu towar\u00f3w lub us\u0142ug na stronie internetowej.<\/p>\n\n<p>2.3. Podmiot danych jest odpowiedzialny za to, aby podane przez niego dane by\u0142y dok\u0142adne, poprawne i kompletne. \u015awiadome podanie nieprawdziwych danych jest uwa\u017cane za naruszenie polityki prywatno\u015bci. Podmiot danych jest zobowi\u0105zany do niezw\u0142ocznego poinformowania administratora danych o zmianie podanych danych.  <\/p>\n\n<p>2.4. Administrator danych nie ponosi odpowiedzialno\u015bci za szkody wyrz\u0105dzone podmiotowi danych lub osobom trzecim wynikaj\u0105ce z podania przez podmiot danych nieprawdziwych informacji.<\/p>\n<p> <\/p>\n\n<p><strong>3. Przetwarzanie danych osobowych klient\u00f3w<\/strong><\/p>\n<p> <\/p>\n\n<p>3.1. Administrator danych mo\u017ce przetwarza\u0107 nast\u0119puj\u0105ce dane osobowe podmiotu danych:<\/p>\n\n<p>3.1.1. Imi\u0119 i nazwisko;<\/p>\n\n<p>3.1.2. Data urodzenia;<\/p>\n\n<p>3.1.3. Numer telefonu;<\/p>\n\n<p>3.1.4. Adres e-mail;<\/p>\n\n<p>3.1.5. Adres dostawy;<\/p>\n\n<p>3.1.6. Numer rachunku rozliczeniowego;<\/p>\n\n<p>3.1.7. Dane karty p\u0142atniczej;<\/p>\n\n<p>3.2. Opr\u00f3cz powy\u017cszego, administrator danych ma prawo gromadzi\u0107 dane o kliencie, kt\u00f3re s\u0105 dost\u0119pne w rejestrach publicznych.<\/p>\n\n<p>3.3. Podstaw\u0105 prawn\u0105 przetwarzania danych osobowych jest art. 6 ust. 1 lit. a), b), c) i f) og\u00f3lnego rozporz\u0105dzenia o ochronie danych:   <\/p>\n\n<p>a) osoba, kt\u00f3rej dane dotycz\u0105, wyrazi\u0142a zgod\u0119 na przetwarzanie swoich danych osobowych w jednym lub wi\u0119kszej liczbie okre\u015blonych cel\u00f3w;<\/p>\n\n<p>b) przetwarzanie jest niezb\u0119dne do wykonania umowy, kt\u00f3rej stron\u0105 jest osoba, kt\u00f3rej dane dotycz\u0105, lub do podj\u0119cia dzia\u0142a\u0144 na \u017c\u0105danie osoby, kt\u00f3rej dane dotycz\u0105, przed zawarciem umowy;<\/p>\n\n<p>c) przetwarzanie jest niezb\u0119dne do wype\u0142nienia obowi\u0105zku prawnego ci\u0105\u017c\u0105cego na administratorze;<\/p>\n\n<p>f) przetwarzanie jest niezb\u0119dne do cel\u00f3w wynikaj\u0105cych z prawnie uzasadnionych interes\u00f3w realizowanych przez administratora lub przez stron\u0119 trzeci\u0105, z wyj\u0105tkiem sytuacji, w kt\u00f3rych nadrz\u0119dny charakter wobec tych interes\u00f3w maj\u0105 interesy lub podstawowe prawa i wolno\u015bci osoby, kt\u00f3rej dane dotycz\u0105, wymagaj\u0105ce ochrony danych osobowych, w szczeg\u00f3lno\u015bci gdy osoba, kt\u00f3rej dane dotycz\u0105, jest dzieckiem.<\/p>\n\n<p>3.4. Przetwarzanie danych osobowych zgodnie z celem przetwarzania:<\/p>\n\n<p>3.4.1. Cel przetwarzania \u2013 bezpiecze\u0144stwo i ochrona<\/p>\n\n<p>Maksymalny czas przechowywania danych osobowych \u2013 zgodnie z terminami okre\u015blonymi w ustawie<\/p>\n\n<p>3.4.2. Cel przetwarzania \u2013 realizacja zam\u00f3wienia<\/p>\n\n<p>Maksymalny czas przechowywania danych osobowych \u2013 7 lat<\/p>\n\n<p>3.4.3. Cel przetwarzania \u2013 zapewnienie funkcjonowania us\u0142ug sklepu internetowego<\/p>\n\n<p>Maksymalny czas przechowywania danych osobowych \u2013 7 lat<\/p>\n\n<p>3.4.4. Cel przetwarzania \u2013 zarz\u0105dzanie klientami<\/p>\n\n<p>Maksymalny czas przechowywania danych osobowych \u2013 7 lat<\/p>\n\n<p>3.4.5. Cel przetwarzania \u2013 dzia\u0142alno\u015b\u0107 finansowa, ksi\u0119gowo\u015b\u0107<\/p>\n\n<p>Maksymalny czas przechowywania danych osobowych \u2013 7 lat<\/p>\n\n<p>3.4.6. Cel przetwarzania \u2013 marketing<\/p>\n\n<p>Maksymalny czas przechowywania danych osobowych \u2013 7 lat<\/p>\n\n<p>3.5. Administrator danych ma prawo udost\u0119pnia\u0107 dane osobowe klient\u00f3w osobom trzecim, takim jak upowa\u017cnieni przetwarzaj\u0105cy dane, ksi\u0119gowi, firmy transportowe i kurierskie, firmy oferuj\u0105ce us\u0142ugi transferowe. Administrator danych jest administratorem danych osobowych. Administrator danych przekazuje dane osobowe niezb\u0119dne do realizacji p\u0142atno\u015bci upowa\u017cnionemu podmiotowi przetwarzaj\u0105cemu Maksekeskus AS. <\/p>\n\n<p>3.6. Przy przetwarzaniu i przechowywaniu danych osobowych podmiotu danych administrator danych stosuje \u015brodki organizacyjne i techniczne zapewniaj\u0105ce ochron\u0119 danych osobowych przed przypadkowym lub niezgodnym z prawem zniszczeniem, zmian\u0105, ujawnieniem oraz jakimkolwiek innym niezgodnym z prawem przetwarzaniem.<\/p>\n\n<p>3.7. Administrator danych przechowuje dane podmiot\u00f3w danych w zale\u017cno\u015bci od celu przetwarzania, ale nie d\u0142u\u017cej ni\u017c przez 7 lat.<\/p>\n<p> <\/p>\n\n<p><strong>4. Prawa podmiotu danych<\/strong><\/p>\n<p> <\/p>\n\n<p>4.1. Podmiot danych ma prawo do uzyskania dost\u0119pu do swoich danych osobowych oraz zapoznania si\u0119 z nimi.<\/p>\n\n<p>4.2. Podmiot danych ma prawo do uzyskania informacji o przetwarzaniu jego danych osobowych.<\/p>\n\n<p>4.3. Podmiot danych ma prawo do uzupe\u0142nienia lub poprawienia nie\u015bcis\u0142ych danych.<\/p>\n\n<p>4.4. Je\u015bli administrator danych przetwarza dane osobowe podmiotu danych na podstawie jego zgody, podmiot danych ma prawo do wycofania zgody w dowolnym momencie.<\/p>\n\n<p>4.5. W celu skorzystania ze swoich praw podmiot danych mo\u017ce skontaktowa\u0107 si\u0119 z obs\u0142ug\u0105 klienta sklepu internetowego pod adresem tellimus@toidupakk.ee<\/p>\n\n<p>4.6. W celu ochrony swoich praw podmiot danych mo\u017ce z\u0142o\u017cy\u0107 skarg\u0119 do Inspektoratu Ochrony Danych.<\/p>\n<p> <\/p>\n\n<p><strong>5. Postanowienia ko\u0144cowe<\/strong><\/p>\n<p> <\/p>\n\n<p>5.1. Niniejsze warunki ochrony danych zosta\u0142y sporz\u0105dzone zgodnie z Rozporz\u0105dzeniem Parlamentu Europejskiego i Rady (UE) nr 2016\/679 w sprawie ochrony os\u00f3b fizycznych w zwi\u0105zku z przetwarzaniem danych osobowych i w sprawie swobodnego przep\u0142ywu takich danych oraz uchylenia dyrektywy 95\/46\/WE (og\u00f3lne rozporz\u0105dzenie o ochronie danych), ustaw\u0105 o ochronie danych osobowych Republiki Esto\u0144skiej oraz przepisami prawa Republiki Esto\u0144skiej i Unii Europejskiej.<\/p>\n\n<p>5.2. Administrator danych ma prawo do cz\u0119\u015bciowej lub ca\u0142kowitej zmiany warunk\u00f3w ochrony danych, informuj\u0105c podmioty danych o zmianach za po\u015brednictwem strony internetowej toidupakk.ee.<\/p>\n\t\t\t\t\t\t\t\t<\/div>\n\t\t\t\t\t<\/div>\n\t\t\t\t<\/div>\n\t\t\t\t<\/div>\n\t\t","protected":false},"excerpt":{"rendered":"<p>Polityka prywatno\u015bci 1. Postanowienia og\u00f3lne 1.1. Niniejsza polityka prywatno\u015bci reguluje zasady gromadzenia, przetwarzania i przechowywania danych osobowych. Dane osobowe gromadzi, przetwarza i przechowuje administrator danych osobowych Unicorn Digital O\u00dc (zwany dalej administratorem danych). 1.2. Podmiotem danych w rozumieniu polityki prywatno\u015bci jest klient lub inna osoba fizyczna, kt\u00f3rej dane osobowe s\u0105 przetwarzane przez administratora danych. 1.3. [&hellip;]<\/p>\n","protected":false},"author":1,"featured_media":0,"parent":0,"menu_order":0,"comment_status":"closed","ping_status":"closed","template":"","meta":{"_acf_changed":false,"footnotes":""},"class_list":["post-49347","page","type-page","status-publish","hentry"],"acf":[],"yoast_head":"<!-- This site is optimized with the Yoast SEO plugin v27.3 - https:\/\/yoast.com\/product\/yoast-seo-wordpress\/ -->\n<title>Polityka prywatno\u015bci - Toidupakk.ee - Tactical Foodpack toidupakid<\/title>\n<meta name=\"robots\" content=\"index, follow, max-snippet:-1, max-image-preview:large, max-video-preview:-1\" \/>\n<link rel=\"canonical\" href=\"https:\/\/toidupakk.ee\/pl\/polityka-prywatnosci\/\" \/>\n<meta property=\"og:locale\" content=\"pl_PL\" \/>\n<meta property=\"og:type\" content=\"article\" \/>\n<meta property=\"og:title\" content=\"Polityka prywatno\u015bci - Toidupakk.ee - Tactical Foodpack toidupakid\" \/>\n<meta property=\"og:description\" content=\"Polityka prywatno\u015bci 1. Postanowienia og\u00f3lne 1.1. Niniejsza polityka prywatno\u015bci reguluje zasady gromadzenia, przetwarzania i przechowywania danych osobowych. Dane osobowe gromadzi, przetwarza i przechowuje administrator danych osobowych Unicorn Digital O\u00dc (zwany dalej administratorem danych). 1.2. Podmiotem danych w rozumieniu polityki prywatno\u015bci jest klient lub inna osoba fizyczna, kt\u00f3rej dane osobowe s\u0105 przetwarzane przez administratora danych. 1.3. [&hellip;]\" \/>\n<meta property=\"og:url\" content=\"https:\/\/toidupakk.ee\/pl\/polityka-prywatnosci\/\" \/>\n<meta property=\"og:site_name\" content=\"Toidupakk.ee - Tactical Foodpack toidupakid\" \/>\n<meta property=\"article:publisher\" content=\"https:\/\/www.facebook.com\/Toidupakk\" \/>\n<meta property=\"article:modified_time\" content=\"2026-02-19T14:51:15+00:00\" \/>\n<meta property=\"og:image\" content=\"https:\/\/toidupakk.ee\/wp-content\/uploads\/2026\/02\/Toidupakk-ee-MatkaPRO-matkatoidud-matkavarustus.jpg\" \/>\n\t<meta property=\"og:image:width\" content=\"1200\" \/>\n\t<meta property=\"og:image:height\" content=\"675\" \/>\n\t<meta property=\"og:image:type\" content=\"image\/jpeg\" \/>\n<meta name=\"twitter:card\" content=\"summary_large_image\" \/>\n<meta name=\"twitter:label1\" content=\"Szacowany czas czytania\" \/>\n\t<meta name=\"twitter:data1\" content=\"4 minuty\" \/>\n<script type=\"application\/ld+json\" class=\"yoast-schema-graph\">{\"@context\":\"https:\\\/\\\/schema.org\",\"@graph\":[{\"@type\":\"WebPage\",\"@id\":\"https:\\\/\\\/toidupakk.ee\\\/pl\\\/polityka-prywatnosci\\\/\",\"url\":\"https:\\\/\\\/toidupakk.ee\\\/pl\\\/polityka-prywatnosci\\\/\",\"name\":\"Polityka prywatno\u015bci - Toidupakk.ee - Tactical Foodpack toidupakid\",\"isPartOf\":{\"@id\":\"https:\\\/\\\/toidupakk.ee\\\/pl\\\/#website\"},\"datePublished\":\"2021-08-23T12:09:01+00:00\",\"dateModified\":\"2026-02-19T14:51:15+00:00\",\"breadcrumb\":{\"@id\":\"https:\\\/\\\/toidupakk.ee\\\/pl\\\/polityka-prywatnosci\\\/#breadcrumb\"},\"inLanguage\":\"pl-PL\",\"potentialAction\":[{\"@type\":\"ReadAction\",\"target\":[\"https:\\\/\\\/toidupakk.ee\\\/pl\\\/polityka-prywatnosci\\\/\"]}]},{\"@type\":\"BreadcrumbList\",\"@id\":\"https:\\\/\\\/toidupakk.ee\\\/pl\\\/polityka-prywatnosci\\\/#breadcrumb\",\"itemListElement\":[{\"@type\":\"ListItem\",\"position\":1,\"name\":\"Avaleht\",\"item\":\"https:\\\/\\\/toidupakk.ee\\\/pl\\\/\"},{\"@type\":\"ListItem\",\"position\":2,\"name\":\"Polityka prywatno\u015bci\"}]},{\"@type\":\"WebSite\",\"@id\":\"https:\\\/\\\/toidupakk.ee\\\/pl\\\/#website\",\"url\":\"https:\\\/\\\/toidupakk.ee\\\/pl\\\/\",\"name\":\"Toidupakk.ee - Tactical Foodpack toidupakid\",\"description\":\"Tactical Foodpack k\u00fclmkuivatatud toidupakid ja matkaeined\",\"publisher\":{\"@id\":\"https:\\\/\\\/toidupakk.ee\\\/pl\\\/#organization\"},\"potentialAction\":[{\"@type\":\"SearchAction\",\"target\":{\"@type\":\"EntryPoint\",\"urlTemplate\":\"https:\\\/\\\/toidupakk.ee\\\/pl\\\/?s={search_term_string}\"},\"query-input\":{\"@type\":\"PropertyValueSpecification\",\"valueRequired\":true,\"valueName\":\"search_term_string\"}}],\"inLanguage\":\"pl-PL\"},{\"@type\":\"Organization\",\"@id\":\"https:\\\/\\\/toidupakk.ee\\\/pl\\\/#organization\",\"name\":\"Tactical Foodpack matkaeined\",\"url\":\"https:\\\/\\\/toidupakk.ee\\\/pl\\\/\",\"logo\":{\"@type\":\"ImageObject\",\"inLanguage\":\"pl-PL\",\"@id\":\"https:\\\/\\\/toidupakk.ee\\\/pl\\\/#\\\/schema\\\/logo\\\/image\\\/\",\"url\":\"https:\\\/\\\/toidupakk.ee\\\/wp-content\\\/uploads\\\/2022\\\/01\\\/Toidupakk-matkapood-logo-transparent.png\",\"contentUrl\":\"https:\\\/\\\/toidupakk.ee\\\/wp-content\\\/uploads\\\/2022\\\/01\\\/Toidupakk-matkapood-logo-transparent.png\",\"width\":500,\"height\":500,\"caption\":\"Tactical Foodpack matkaeined\"},\"image\":{\"@id\":\"https:\\\/\\\/toidupakk.ee\\\/pl\\\/#\\\/schema\\\/logo\\\/image\\\/\"},\"sameAs\":[\"https:\\\/\\\/www.facebook.com\\\/Toidupakk\",\"https:\\\/\\\/www.instagram.com\\\/toidupakk\\\/\"]}]}<\/script>\n<!-- \/ Yoast SEO plugin. -->","yoast_head_json":{"title":"Polityka prywatno\u015bci - Toidupakk.ee - Tactical Foodpack toidupakid","robots":{"index":"index","follow":"follow","max-snippet":"max-snippet:-1","max-image-preview":"max-image-preview:large","max-video-preview":"max-video-preview:-1"},"canonical":"https:\/\/toidupakk.ee\/pl\/polityka-prywatnosci\/","og_locale":"pl_PL","og_type":"article","og_title":"Polityka prywatno\u015bci - Toidupakk.ee - Tactical Foodpack toidupakid","og_description":"Polityka prywatno\u015bci 1. Postanowienia og\u00f3lne 1.1. Niniejsza polityka prywatno\u015bci reguluje zasady gromadzenia, przetwarzania i przechowywania danych osobowych. Dane osobowe gromadzi, przetwarza i przechowuje administrator danych osobowych Unicorn Digital O\u00dc (zwany dalej administratorem danych). 1.2. Podmiotem danych w rozumieniu polityki prywatno\u015bci jest klient lub inna osoba fizyczna, kt\u00f3rej dane osobowe s\u0105 przetwarzane przez administratora danych. 1.3. [&hellip;]","og_url":"https:\/\/toidupakk.ee\/pl\/polityka-prywatnosci\/","og_site_name":"Toidupakk.ee - Tactical Foodpack toidupakid","article_publisher":"https:\/\/www.facebook.com\/Toidupakk","article_modified_time":"2026-02-19T14:51:15+00:00","og_image":[{"width":1200,"height":675,"url":"https:\/\/toidupakk.ee\/wp-content\/uploads\/2026\/02\/Toidupakk-ee-MatkaPRO-matkatoidud-matkavarustus.jpg","type":"image\/jpeg"}],"twitter_card":"summary_large_image","twitter_misc":{"Szacowany czas czytania":"4 minuty"},"schema":{"@context":"https:\/\/schema.org","@graph":[{"@type":"WebPage","@id":"https:\/\/toidupakk.ee\/pl\/polityka-prywatnosci\/","url":"https:\/\/toidupakk.ee\/pl\/polityka-prywatnosci\/","name":"Polityka prywatno\u015bci - Toidupakk.ee - Tactical Foodpack toidupakid","isPartOf":{"@id":"https:\/\/toidupakk.ee\/pl\/#website"},"datePublished":"2021-08-23T12:09:01+00:00","dateModified":"2026-02-19T14:51:15+00:00","breadcrumb":{"@id":"https:\/\/toidupakk.ee\/pl\/polityka-prywatnosci\/#breadcrumb"},"inLanguage":"pl-PL","potentialAction":[{"@type":"ReadAction","target":["https:\/\/toidupakk.ee\/pl\/polityka-prywatnosci\/"]}]},{"@type":"BreadcrumbList","@id":"https:\/\/toidupakk.ee\/pl\/polityka-prywatnosci\/#breadcrumb","itemListElement":[{"@type":"ListItem","position":1,"name":"Avaleht","item":"https:\/\/toidupakk.ee\/pl\/"},{"@type":"ListItem","position":2,"name":"Polityka prywatno\u015bci"}]},{"@type":"WebSite","@id":"https:\/\/toidupakk.ee\/pl\/#website","url":"https:\/\/toidupakk.ee\/pl\/","name":"Toidupakk.ee - Tactical Foodpack toidupakid","description":"Tactical Foodpack k\u00fclmkuivatatud toidupakid ja matkaeined","publisher":{"@id":"https:\/\/toidupakk.ee\/pl\/#organization"},"potentialAction":[{"@type":"SearchAction","target":{"@type":"EntryPoint","urlTemplate":"https:\/\/toidupakk.ee\/pl\/?s={search_term_string}"},"query-input":{"@type":"PropertyValueSpecification","valueRequired":true,"valueName":"search_term_string"}}],"inLanguage":"pl-PL"},{"@type":"Organization","@id":"https:\/\/toidupakk.ee\/pl\/#organization","name":"Tactical Foodpack matkaeined","url":"https:\/\/toidupakk.ee\/pl\/","logo":{"@type":"ImageObject","inLanguage":"pl-PL","@id":"https:\/\/toidupakk.ee\/pl\/#\/schema\/logo\/image\/","url":"https:\/\/toidupakk.ee\/wp-content\/uploads\/2022\/01\/Toidupakk-matkapood-logo-transparent.png","contentUrl":"https:\/\/toidupakk.ee\/wp-content\/uploads\/2022\/01\/Toidupakk-matkapood-logo-transparent.png","width":500,"height":500,"caption":"Tactical Foodpack matkaeined"},"image":{"@id":"https:\/\/toidupakk.ee\/pl\/#\/schema\/logo\/image\/"},"sameAs":["https:\/\/www.facebook.com\/Toidupakk","https:\/\/www.instagram.com\/toidupakk\/"]}]}},"jetpack_sharing_enabled":true,"_links":{"self":[{"href":"https:\/\/toidupakk.ee\/pl\/wp-json\/wp\/v2\/pages\/49347","targetHints":{"allow":["GET"]}}],"collection":[{"href":"https:\/\/toidupakk.ee\/pl\/wp-json\/wp\/v2\/pages"}],"about":[{"href":"https:\/\/toidupakk.ee\/pl\/wp-json\/wp\/v2\/types\/page"}],"author":[{"embeddable":true,"href":"https:\/\/toidupakk.ee\/pl\/wp-json\/wp\/v2\/users\/1"}],"replies":[{"embeddable":true,"href":"https:\/\/toidupakk.ee\/pl\/wp-json\/wp\/v2\/comments?post=49347"}],"version-history":[{"count":5,"href":"https:\/\/toidupakk.ee\/pl\/wp-json\/wp\/v2\/pages\/49347\/revisions"}],"predecessor-version":[{"id":49359,"href":"https:\/\/toidupakk.ee\/pl\/wp-json\/wp\/v2\/pages\/49347\/revisions\/49359"}],"wp:attachment":[{"href":"https:\/\/toidupakk.ee\/pl\/wp-json\/wp\/v2\/media?parent=49347"}],"curies":[{"name":"wp","href":"https:\/\/api.w.org\/{rel}","templated":true}]}}