{"id":49272,"date":"2021-09-15T14:45:46","date_gmt":"2021-09-15T11:45:46","guid":{"rendered":"https:\/\/toidupakk.ee\/pliki-cookies\/"},"modified":"2026-02-19T16:47:06","modified_gmt":"2026-02-19T14:47:06","slug":"pliki-cookies","status":"publish","type":"page","link":"https:\/\/toidupakk.ee\/pl\/pliki-cookies\/","title":{"rendered":"Pliki cookies"},"content":{"rendered":"\t\t<div data-elementor-type=\"wp-page\" data-elementor-id=\"49272\" class=\"elementor elementor-49272 elementor-200\" data-elementor-post-type=\"page\">\n\t\t\t\t<div class=\"elementor-element elementor-element-5679078a e-flex e-con-boxed e-con e-parent\" data-id=\"5679078a\" data-element_type=\"container\" data-e-type=\"container\">\n\t\t\t\t\t<div class=\"e-con-inner\">\n\t\t\t\t<div class=\"elementor-element elementor-element-3a911fd3 elementor-widget elementor-widget-text-editor\" data-id=\"3a911fd3\" data-element_type=\"widget\" data-e-type=\"widget\" data-widget_type=\"text-editor.default\">\n\t\t\t\t\t\t\t\t\t\n<h3><strong>Czym s\u0105 pliki cookies?<\/strong><\/h3>\n\n\n\n<p>Plik cookie to plik zapisywany na Twoim komputerze lub urz\u0105dzeniu podczas odwiedzania strony internetowej, kt\u00f3ry zapami\u0119tuje Twoje dzia\u0142ania i preferencje (logowanie, wyb\u00f3r j\u0119zyka itp.), dzi\u0119ki czemu nie musisz ich ponownie wprowadza\u0107 przy kolejnych wizytach na stronie.<\/p>\n\n\n\n<p><strong>Rodzaje plik\u00f3w cookies<\/strong><\/p>\n\n\n\n<ul><li><strong>Techniczne pliki cookies <\/strong>zapewniaj\u0105 dzia\u0142anie strony internetowej; bez nich nie mo\u017cna korzysta\u0107 z jej istotnych cz\u0119\u015bci.<\/li><li><strong>Funkcjonalne pliki cookies <\/strong>pozwalaj\u0105 na oferowanie specjalnych funkcji i personalizacj\u0119 strony internetowej.<\/li><li><strong>Analityczne pliki cookies <\/strong>gromadz\u0105 w formie zanonimizowanej informacje o odwiedzaj\u0105cych i sposobie korzystania ze strony, aby mierzy\u0107 i poprawia\u0107 jej wydajno\u015b\u0107.<\/li><li>Za pomoc\u0105 <strong>reklamowych lub marketingowych plik\u00f3w cookies<\/strong> mo\u017cna wy\u015bwietla\u0107 odwiedzaj\u0105cym jak najbardziej trafne reklamy, mierzy\u0107 skuteczno\u015b\u0107 kampanii reklamowych i tworzy\u0107 profil, na podstawie kt\u00f3rego wy\u015bwietlane s\u0105 reklamy dopasowane do zainteresowa\u0144 r\u00f3wnie\u017c na innych stronach. Informacje s\u0105 zbierane w formie zanonimizowanej. <\/li><\/ul>\n\n\n\n<h3><strong>Zarz\u0105dzanie, ograniczanie lub usuwanie plik\u00f3w cookies z urz\u0105dzenia<\/strong><\/h3>\n\n\n\n<p>Pliki cookies mo\u017cna zablokowa\u0107, aktywuj\u0105c w przegl\u0105darce ustawienia odrzucaj\u0105ce instalacj\u0119 wszystkich lub niekt\u00f3rych plik\u00f3w cookies. Pami\u0119taj, \u017ce ograniczenie plik\u00f3w cookies na tej stronie mo\u017ce w mniejszym lub wi\u0119kszym stopniu wp\u0142yn\u0105\u0107 na niekt\u00f3re funkcje. Niemniej jednak nadal mo\u017cliwe jest zamawianie towar\u00f3w i sfinalizowanie zakupu w sklepie internetowym. Wi\u0119cej informacji o plikach cookies, zarz\u0105dzaniu nimi i ich usuwaniu znajdziesz pod adresami   &nbsp;<a rel=\"noreferrer noopener\" href=\"http:\/\/www.allaboutcookies.org\/\" target=\"_blank\">www.allaboutcookies.org<\/a> oraz&nbsp;<a rel=\"noreferrer noopener\" href=\"http:\/\/www.youronlinechoices.com\/\" target=\"_blank\">www.youronlinechoices.com<\/a> oraz w sekcji \u201ePomoc\u201d swojej przegl\u0105darki.<\/p>\n\n\n\n<h3><strong>Zmiany w polityce plik\u00f3w cookies<\/strong><\/h3>\n\n\n\n<p>Zastrzegamy sobie prawo do zmiany niniejszej polityki plik\u00f3w cookies. Zmienion\u0105 polityk\u0119 opublikujemy na naszej stronie internetowej i w razie potrzeby wyr\u00f3\u017cnimy stosowny komunikat w przegl\u0105darce. W razie pyta\u0144 <a href=\"mailto:tellimus@toidupakk.ee\">skontaktuj si\u0119 z nami.<\/a>  <\/p>\n\t\t\t\t\t\t\t\t<\/div>\n\t\t\t\t\t<\/div>\n\t\t\t\t<\/div>\n\t\t\t\t<\/div>\n\t\t","protected":false},"excerpt":{"rendered":"<p>Czym s\u0105 pliki cookies? Plik cookie to plik zapisywany na Twoim komputerze lub urz\u0105dzeniu podczas odwiedzania strony internetowej, kt\u00f3ry zapami\u0119tuje Twoje dzia\u0142ania i preferencje (logowanie, wyb\u00f3r j\u0119zyka itp.), dzi\u0119ki czemu nie musisz ich ponownie wprowadza\u0107 przy kolejnych wizytach na stronie. Rodzaje plik\u00f3w cookies Techniczne pliki cookies zapewniaj\u0105 dzia\u0142anie strony internetowej; bez nich nie mo\u017cna korzysta\u0107 [&hellip;]<\/p>\n","protected":false},"author":1,"featured_media":0,"parent":0,"menu_order":0,"comment_status":"closed","ping_status":"closed","template":"","meta":{"_acf_changed":false,"footnotes":""},"class_list":["post-49272","page","type-page","status-publish","hentry"],"acf":[],"yoast_head":"<!-- This site is optimized with the Yoast SEO plugin v27.3 - https:\/\/yoast.com\/product\/yoast-seo-wordpress\/ -->\n<title>Pliki cookies - Toidupakk.ee - Tactical Foodpack toidupakid<\/title>\n<meta name=\"robots\" content=\"index, follow, max-snippet:-1, max-image-preview:large, max-video-preview:-1\" \/>\n<link rel=\"canonical\" href=\"https:\/\/toidupakk.ee\/pl\/pliki-cookies\/\" \/>\n<meta property=\"og:locale\" content=\"pl_PL\" \/>\n<meta property=\"og:type\" content=\"article\" \/>\n<meta property=\"og:title\" content=\"Pliki cookies - Toidupakk.ee - Tactical Foodpack toidupakid\" \/>\n<meta property=\"og:description\" content=\"Czym s\u0105 pliki cookies? Plik cookie to plik zapisywany na Twoim komputerze lub urz\u0105dzeniu podczas odwiedzania strony internetowej, kt\u00f3ry zapami\u0119tuje Twoje dzia\u0142ania i preferencje (logowanie, wyb\u00f3r j\u0119zyka itp.), dzi\u0119ki czemu nie musisz ich ponownie wprowadza\u0107 przy kolejnych wizytach na stronie. Rodzaje plik\u00f3w cookies Techniczne pliki cookies zapewniaj\u0105 dzia\u0142anie strony internetowej; bez nich nie mo\u017cna korzysta\u0107 [&hellip;]\" \/>\n<meta property=\"og:url\" content=\"https:\/\/toidupakk.ee\/pl\/pliki-cookies\/\" \/>\n<meta property=\"og:site_name\" content=\"Toidupakk.ee - Tactical Foodpack toidupakid\" \/>\n<meta property=\"article:publisher\" content=\"https:\/\/www.facebook.com\/Toidupakk\" \/>\n<meta property=\"article:modified_time\" content=\"2026-02-19T14:47:06+00:00\" \/>\n<meta property=\"og:image\" content=\"https:\/\/toidupakk.ee\/wp-content\/uploads\/2026\/02\/Toidupakk-ee-MatkaPRO-matkatoidud-matkavarustus.jpg\" \/>\n\t<meta property=\"og:image:width\" content=\"1200\" \/>\n\t<meta property=\"og:image:height\" content=\"675\" \/>\n\t<meta property=\"og:image:type\" content=\"image\/jpeg\" \/>\n<meta name=\"twitter:card\" content=\"summary_large_image\" \/>\n<meta name=\"twitter:label1\" content=\"Szacowany czas czytania\" \/>\n\t<meta name=\"twitter:data1\" content=\"1 minuta\" \/>\n<script type=\"application\/ld+json\" class=\"yoast-schema-graph\">{\"@context\":\"https:\\\/\\\/schema.org\",\"@graph\":[{\"@type\":\"WebPage\",\"@id\":\"https:\\\/\\\/toidupakk.ee\\\/pl\\\/pliki-cookies\\\/\",\"url\":\"https:\\\/\\\/toidupakk.ee\\\/pl\\\/pliki-cookies\\\/\",\"name\":\"Pliki cookies - Toidupakk.ee - Tactical Foodpack toidupakid\",\"isPartOf\":{\"@id\":\"https:\\\/\\\/toidupakk.ee\\\/pl\\\/#website\"},\"datePublished\":\"2021-09-15T11:45:46+00:00\",\"dateModified\":\"2026-02-19T14:47:06+00:00\",\"breadcrumb\":{\"@id\":\"https:\\\/\\\/toidupakk.ee\\\/pl\\\/pliki-cookies\\\/#breadcrumb\"},\"inLanguage\":\"pl-PL\",\"potentialAction\":[{\"@type\":\"ReadAction\",\"target\":[\"https:\\\/\\\/toidupakk.ee\\\/pl\\\/pliki-cookies\\\/\"]}]},{\"@type\":\"BreadcrumbList\",\"@id\":\"https:\\\/\\\/toidupakk.ee\\\/pl\\\/pliki-cookies\\\/#breadcrumb\",\"itemListElement\":[{\"@type\":\"ListItem\",\"position\":1,\"name\":\"Avaleht\",\"item\":\"https:\\\/\\\/toidupakk.ee\\\/pl\\\/\"},{\"@type\":\"ListItem\",\"position\":2,\"name\":\"Pliki cookies\"}]},{\"@type\":\"WebSite\",\"@id\":\"https:\\\/\\\/toidupakk.ee\\\/pl\\\/#website\",\"url\":\"https:\\\/\\\/toidupakk.ee\\\/pl\\\/\",\"name\":\"Toidupakk.ee - Tactical Foodpack toidupakid\",\"description\":\"Tactical Foodpack k\u00fclmkuivatatud toidupakid ja matkaeined\",\"publisher\":{\"@id\":\"https:\\\/\\\/toidupakk.ee\\\/pl\\\/#organization\"},\"potentialAction\":[{\"@type\":\"SearchAction\",\"target\":{\"@type\":\"EntryPoint\",\"urlTemplate\":\"https:\\\/\\\/toidupakk.ee\\\/pl\\\/?s={search_term_string}\"},\"query-input\":{\"@type\":\"PropertyValueSpecification\",\"valueRequired\":true,\"valueName\":\"search_term_string\"}}],\"inLanguage\":\"pl-PL\"},{\"@type\":\"Organization\",\"@id\":\"https:\\\/\\\/toidupakk.ee\\\/pl\\\/#organization\",\"name\":\"Tactical Foodpack matkaeined\",\"url\":\"https:\\\/\\\/toidupakk.ee\\\/pl\\\/\",\"logo\":{\"@type\":\"ImageObject\",\"inLanguage\":\"pl-PL\",\"@id\":\"https:\\\/\\\/toidupakk.ee\\\/pl\\\/#\\\/schema\\\/logo\\\/image\\\/\",\"url\":\"https:\\\/\\\/toidupakk.ee\\\/wp-content\\\/uploads\\\/2022\\\/01\\\/Toidupakk-matkapood-logo-transparent.png\",\"contentUrl\":\"https:\\\/\\\/toidupakk.ee\\\/wp-content\\\/uploads\\\/2022\\\/01\\\/Toidupakk-matkapood-logo-transparent.png\",\"width\":500,\"height\":500,\"caption\":\"Tactical Foodpack matkaeined\"},\"image\":{\"@id\":\"https:\\\/\\\/toidupakk.ee\\\/pl\\\/#\\\/schema\\\/logo\\\/image\\\/\"},\"sameAs\":[\"https:\\\/\\\/www.facebook.com\\\/Toidupakk\",\"https:\\\/\\\/www.instagram.com\\\/toidupakk\\\/\"]}]}<\/script>\n<!-- \/ Yoast SEO plugin. -->","yoast_head_json":{"title":"Pliki cookies - Toidupakk.ee - Tactical Foodpack toidupakid","robots":{"index":"index","follow":"follow","max-snippet":"max-snippet:-1","max-image-preview":"max-image-preview:large","max-video-preview":"max-video-preview:-1"},"canonical":"https:\/\/toidupakk.ee\/pl\/pliki-cookies\/","og_locale":"pl_PL","og_type":"article","og_title":"Pliki cookies - Toidupakk.ee - Tactical Foodpack toidupakid","og_description":"Czym s\u0105 pliki cookies? Plik cookie to plik zapisywany na Twoim komputerze lub urz\u0105dzeniu podczas odwiedzania strony internetowej, kt\u00f3ry zapami\u0119tuje Twoje dzia\u0142ania i preferencje (logowanie, wyb\u00f3r j\u0119zyka itp.), dzi\u0119ki czemu nie musisz ich ponownie wprowadza\u0107 przy kolejnych wizytach na stronie. Rodzaje plik\u00f3w cookies Techniczne pliki cookies zapewniaj\u0105 dzia\u0142anie strony internetowej; bez nich nie mo\u017cna korzysta\u0107 [&hellip;]","og_url":"https:\/\/toidupakk.ee\/pl\/pliki-cookies\/","og_site_name":"Toidupakk.ee - Tactical Foodpack toidupakid","article_publisher":"https:\/\/www.facebook.com\/Toidupakk","article_modified_time":"2026-02-19T14:47:06+00:00","og_image":[{"width":1200,"height":675,"url":"https:\/\/toidupakk.ee\/wp-content\/uploads\/2026\/02\/Toidupakk-ee-MatkaPRO-matkatoidud-matkavarustus.jpg","type":"image\/jpeg"}],"twitter_card":"summary_large_image","twitter_misc":{"Szacowany czas czytania":"1 minuta"},"schema":{"@context":"https:\/\/schema.org","@graph":[{"@type":"WebPage","@id":"https:\/\/toidupakk.ee\/pl\/pliki-cookies\/","url":"https:\/\/toidupakk.ee\/pl\/pliki-cookies\/","name":"Pliki cookies - Toidupakk.ee - Tactical Foodpack toidupakid","isPartOf":{"@id":"https:\/\/toidupakk.ee\/pl\/#website"},"datePublished":"2021-09-15T11:45:46+00:00","dateModified":"2026-02-19T14:47:06+00:00","breadcrumb":{"@id":"https:\/\/toidupakk.ee\/pl\/pliki-cookies\/#breadcrumb"},"inLanguage":"pl-PL","potentialAction":[{"@type":"ReadAction","target":["https:\/\/toidupakk.ee\/pl\/pliki-cookies\/"]}]},{"@type":"BreadcrumbList","@id":"https:\/\/toidupakk.ee\/pl\/pliki-cookies\/#breadcrumb","itemListElement":[{"@type":"ListItem","position":1,"name":"Avaleht","item":"https:\/\/toidupakk.ee\/pl\/"},{"@type":"ListItem","position":2,"name":"Pliki cookies"}]},{"@type":"WebSite","@id":"https:\/\/toidupakk.ee\/pl\/#website","url":"https:\/\/toidupakk.ee\/pl\/","name":"Toidupakk.ee - Tactical Foodpack toidupakid","description":"Tactical Foodpack k\u00fclmkuivatatud toidupakid ja matkaeined","publisher":{"@id":"https:\/\/toidupakk.ee\/pl\/#organization"},"potentialAction":[{"@type":"SearchAction","target":{"@type":"EntryPoint","urlTemplate":"https:\/\/toidupakk.ee\/pl\/?s={search_term_string}"},"query-input":{"@type":"PropertyValueSpecification","valueRequired":true,"valueName":"search_term_string"}}],"inLanguage":"pl-PL"},{"@type":"Organization","@id":"https:\/\/toidupakk.ee\/pl\/#organization","name":"Tactical Foodpack matkaeined","url":"https:\/\/toidupakk.ee\/pl\/","logo":{"@type":"ImageObject","inLanguage":"pl-PL","@id":"https:\/\/toidupakk.ee\/pl\/#\/schema\/logo\/image\/","url":"https:\/\/toidupakk.ee\/wp-content\/uploads\/2022\/01\/Toidupakk-matkapood-logo-transparent.png","contentUrl":"https:\/\/toidupakk.ee\/wp-content\/uploads\/2022\/01\/Toidupakk-matkapood-logo-transparent.png","width":500,"height":500,"caption":"Tactical Foodpack matkaeined"},"image":{"@id":"https:\/\/toidupakk.ee\/pl\/#\/schema\/logo\/image\/"},"sameAs":["https:\/\/www.facebook.com\/Toidupakk","https:\/\/www.instagram.com\/toidupakk\/"]}]}},"jetpack_sharing_enabled":true,"_links":{"self":[{"href":"https:\/\/toidupakk.ee\/pl\/wp-json\/wp\/v2\/pages\/49272","targetHints":{"allow":["GET"]}}],"collection":[{"href":"https:\/\/toidupakk.ee\/pl\/wp-json\/wp\/v2\/pages"}],"about":[{"href":"https:\/\/toidupakk.ee\/pl\/wp-json\/wp\/v2\/types\/page"}],"author":[{"embeddable":true,"href":"https:\/\/toidupakk.ee\/pl\/wp-json\/wp\/v2\/users\/1"}],"replies":[{"embeddable":true,"href":"https:\/\/toidupakk.ee\/pl\/wp-json\/wp\/v2\/comments?post=49272"}],"version-history":[{"count":3,"href":"https:\/\/toidupakk.ee\/pl\/wp-json\/wp\/v2\/pages\/49272\/revisions"}],"predecessor-version":[{"id":49275,"href":"https:\/\/toidupakk.ee\/pl\/wp-json\/wp\/v2\/pages\/49272\/revisions\/49275"}],"wp:attachment":[{"href":"https:\/\/toidupakk.ee\/pl\/wp-json\/wp\/v2\/media?parent=49272"}],"curies":[{"name":"wp","href":"https:\/\/api.w.org\/{rel}","templated":true}]}}