{"id":48805,"date":"2021-09-01T10:05:28","date_gmt":"2021-09-01T07:05:28","guid":{"rendered":"https:\/\/toidupakk.ee\/jak-uzywac\/"},"modified":"2026-02-18T21:06:46","modified_gmt":"2026-02-18T19:06:46","slug":"jak-uzywac","status":"publish","type":"page","link":"https:\/\/toidupakk.ee\/pl\/jak-uzywac\/","title":{"rendered":"Jak u\u017cywa\u0107"},"content":{"rendered":"\t\t<div data-elementor-type=\"wp-page\" data-elementor-id=\"48805\" class=\"elementor elementor-48805 elementor-62\" data-elementor-post-type=\"page\">\n\t\t\t\t<div class=\"elementor-element elementor-element-719330e e-flex e-con-boxed e-con e-parent\" data-id=\"719330e\" data-element_type=\"container\" data-e-type=\"container\">\n\t\t\t\t\t<div class=\"e-con-inner\">\n\t\t<div class=\"elementor-element elementor-element-3f7261e e-con-full e-flex e-con e-child\" data-id=\"3f7261e\" data-element_type=\"container\" data-e-type=\"container\">\n\t\t\t\t<div class=\"elementor-element elementor-element-596704f elementor-widget elementor-widget-heading\" data-id=\"596704f\" data-element_type=\"widget\" data-e-type=\"widget\" data-widget_type=\"heading.default\">\n\t\t\t\t\t<h2 class=\"elementor-heading-title elementor-size-default\">Gotowe w 8 minut<\/h2>\t\t\t\t<\/div>\n\t\t\t\t<div class=\"elementor-element elementor-element-12229fa elementor-widget elementor-widget-text-editor\" data-id=\"12229fa\" data-element_type=\"widget\" data-e-type=\"widget\" data-widget_type=\"text-editor.default\">\n\t\t\t\t\t\t\t\t\t<p>Posi\u0142ki Tactical Foodpack to pe\u0142nowarto\u015bciowe jedzenie przygotowane z uczciwych sk\u0142adnik\u00f3w, kt\u00f3re dostarcza wy\u0142\u0105cznie warto\u015bciowych kalorii.<\/p>\t\t\t\t\t\t\t\t<\/div>\n\t\t\t\t<\/div>\n\t\t<div class=\"elementor-element elementor-element-3ad25fa e-con-full e-flex e-con e-child\" data-id=\"3ad25fa\" data-element_type=\"container\" data-e-type=\"container\">\n\t\t\t\t<div class=\"elementor-element elementor-element-defe940 elementor-widget elementor-widget-image\" data-id=\"defe940\" data-element_type=\"widget\" data-e-type=\"widget\" data-widget_type=\"image.default\">\n\t\t\t\t\t\t\t\t\t\t\t\t\t\t\t<img fetchpriority=\"high\" decoding=\"async\" width=\"1024\" height=\"1024\" src=\"https:\/\/toidupakk.ee\/wp-content\/uploads\/2025\/11\/Toidupakk-metsas-1024x1024.jpg\" class=\"attachment-large size-large wp-image-48806\" alt=\"\" srcset=\"https:\/\/toidupakk.ee\/wp-content\/uploads\/2025\/11\/Toidupakk-metsas-1024x1024.jpg 1024w, https:\/\/toidupakk.ee\/wp-content\/uploads\/2025\/11\/Toidupakk-metsas-300x300.jpg 300w, https:\/\/toidupakk.ee\/wp-content\/uploads\/2025\/11\/Toidupakk-metsas-500x500.jpg 500w, https:\/\/toidupakk.ee\/wp-content\/uploads\/2025\/11\/Toidupakk-metsas-768x768.jpg 768w, https:\/\/toidupakk.ee\/wp-content\/uploads\/2025\/11\/Toidupakk-metsas-400x400.jpg 400w, https:\/\/toidupakk.ee\/wp-content\/uploads\/2025\/11\/Toidupakk-metsas-800x800.jpg 800w, https:\/\/toidupakk.ee\/wp-content\/uploads\/2025\/11\/Toidupakk-metsas-100x100.jpg 100w, https:\/\/toidupakk.ee\/wp-content\/uploads\/2025\/11\/Toidupakk-metsas.jpg 1080w\" sizes=\"(max-width: 1024px) 100vw, 1024px\" \/>\t\t\t\t\t\t\t\t\t\t\t\t\t\t\t<\/div>\n\t\t\t\t<\/div>\n\t\t\t\t\t<\/div>\n\t\t\t\t<\/div>\n\t\t<div class=\"elementor-element elementor-element-6dd084c e-flex e-con-boxed e-con e-parent\" data-id=\"6dd084c\" data-element_type=\"container\" data-e-type=\"container\">\n\t\t\t\t\t<div class=\"e-con-inner\">\n\t\t<div class=\"elementor-element elementor-element-0adaf90 e-con-full e-flex e-con e-child\" data-id=\"0adaf90\" data-element_type=\"container\" data-e-type=\"container\">\n\t\t\t\t<div class=\"elementor-element elementor-element-f5fb5ca elementor-widget elementor-widget-heading\" data-id=\"f5fb5ca\" data-element_type=\"widget\" data-e-type=\"widget\" data-widget_type=\"heading.default\">\n\t\t\t\t\t<h2 class=\"elementor-heading-title elementor-size-default\">Jedz prosto z opakowania<\/h2>\t\t\t\t<\/div>\n\t\t\t\t<div class=\"elementor-element elementor-element-6ea965c elementor-widget elementor-widget-text-editor\" data-id=\"6ea965c\" data-element_type=\"widget\" data-e-type=\"widget\" data-widget_type=\"text-editor.default\">\n\t\t\t\t\t\t\t\t\t<p>Posi\u0142ki Tactical Foodpack zosta\u0142y opracowane tak, aby\u015b m\u00f3g\u0142 cieszy\u0107 si\u0119 ka\u017cdym k\u0119sem bez brudzenia r\u0105k. Zaokr\u0105glone rogi opakowania pozwalaj\u0105 wydoby\u0107 nawet ostatni kawa\u0142ek jedzenia. <\/p>\t\t\t\t\t\t\t\t<\/div>\n\t\t\t\t<\/div>\n\t\t<div class=\"elementor-element elementor-element-c939059 e-con-full e-flex e-con e-child\" data-id=\"c939059\" data-element_type=\"container\" data-e-type=\"container\">\n\t\t\t\t<div class=\"elementor-element elementor-element-7b5a7e2 elementor-widget elementor-widget-image\" data-id=\"7b5a7e2\" data-element_type=\"widget\" data-e-type=\"widget\" data-widget_type=\"image.default\">\n\t\t\t\t\t\t\t\t\t\t\t\t\t\t\t<img decoding=\"async\" width=\"1024\" height=\"667\" src=\"https:\/\/toidupakk.ee\/wp-content\/uploads\/2025\/11\/toidupakk-metsas2-1024x667.jpg\" class=\"attachment-large size-large wp-image-48807\" alt=\"\" srcset=\"https:\/\/toidupakk.ee\/wp-content\/uploads\/2025\/11\/toidupakk-metsas2-1024x667.jpg 1024w, https:\/\/toidupakk.ee\/wp-content\/uploads\/2025\/11\/toidupakk-metsas2-300x195.jpg 300w, https:\/\/toidupakk.ee\/wp-content\/uploads\/2025\/11\/toidupakk-metsas2-768x500.jpg 768w, https:\/\/toidupakk.ee\/wp-content\/uploads\/2025\/11\/toidupakk-metsas2-800x521.jpg 800w, https:\/\/toidupakk.ee\/wp-content\/uploads\/2025\/11\/toidupakk-metsas2.jpg 1248w\" sizes=\"(max-width: 1024px) 100vw, 1024px\" \/>\t\t\t\t\t\t\t\t\t\t\t\t\t\t\t<\/div>\n\t\t\t\t<\/div>\n\t\t\t\t\t<\/div>\n\t\t\t\t<\/div>\n\t\t<div class=\"elementor-element elementor-element-7d2bac4 e-flex e-con-boxed e-con e-parent\" data-id=\"7d2bac4\" data-element_type=\"container\" data-e-type=\"container\" data-settings=\"{&quot;background_background&quot;:&quot;classic&quot;}\">\n\t\t\t\t\t<div class=\"e-con-inner\">\n\t\t<div class=\"elementor-element elementor-element-d89727e e-con-full e-flex e-con e-child\" data-id=\"d89727e\" data-element_type=\"container\" data-e-type=\"container\">\n\t\t\t\t<div class=\"elementor-element elementor-element-a75272f elementor-widget elementor-widget-heading\" data-id=\"a75272f\" data-element_type=\"widget\" data-e-type=\"widget\" data-widget_type=\"heading.default\">\n\t\t\t\t\t<h2 class=\"elementor-heading-title elementor-size-default\">Jak u\u017cywa\u0107<\/h2>\t\t\t\t<\/div>\n\t\t\t\t<\/div>\n\t\t<div class=\"elementor-element elementor-element-c96801e e-con-full e-flex e-con e-child\" data-id=\"c96801e\" data-element_type=\"container\" data-e-type=\"container\">\n\t\t\t\t<div class=\"elementor-element elementor-element-a394416 elementor-widget elementor-widget-video\" data-id=\"a394416\" data-element_type=\"widget\" data-e-type=\"widget\" data-settings=\"{&quot;youtube_url&quot;:&quot;https:\\\/\\\/www.youtube.com\\\/embed\\\/uY7EbmkXwjY&quot;,&quot;video_type&quot;:&quot;youtube&quot;,&quot;controls&quot;:&quot;yes&quot;}\" data-widget_type=\"video.default\">\n\t\t\t\t\t\t\t<div class=\"elementor-wrapper elementor-open-inline\">\n\t\t\t<div class=\"elementor-video\"><\/div>\t\t<\/div>\n\t\t\t\t\t\t<\/div>\n\t\t\t\t<\/div>\n\t\t\t\t\t<\/div>\n\t\t\t\t<\/div>\n\t\t<div class=\"elementor-element elementor-element-9384710 e-flex e-con-boxed e-con e-parent\" data-id=\"9384710\" data-element_type=\"container\" data-e-type=\"container\" data-settings=\"{&quot;background_background&quot;:&quot;classic&quot;}\">\n\t\t\t\t\t<div class=\"e-con-inner\">\n\t\t<div class=\"elementor-element elementor-element-b3b92a7 e-con-full e-flex e-con e-child\" data-id=\"b3b92a7\" data-element_type=\"container\" data-e-type=\"container\">\n\t\t\t\t<div class=\"elementor-element elementor-element-a79c749 elementor-widget elementor-widget-heading\" data-id=\"a79c749\" data-element_type=\"widget\" data-e-type=\"widget\" data-widget_type=\"heading.default\">\n\t\t\t\t\t<h2 class=\"elementor-heading-title elementor-size-default\">Przygotowanie z \u017celem do rozpalania<\/h2>\t\t\t\t<\/div>\n\t\t\t\t<\/div>\n\t\t<div class=\"elementor-element elementor-element-c8e47a4 e-con-full e-flex e-con e-child\" data-id=\"c8e47a4\" data-element_type=\"container\" data-e-type=\"container\">\n\t\t\t\t<div class=\"elementor-element elementor-element-658eac6 elementor-widget elementor-widget-video\" data-id=\"658eac6\" data-element_type=\"widget\" data-e-type=\"widget\" data-settings=\"{&quot;youtube_url&quot;:&quot;https:\\\/\\\/www.youtube.com\\\/embed\\\/UJ0jJAV7dX0&quot;,&quot;video_type&quot;:&quot;youtube&quot;,&quot;controls&quot;:&quot;yes&quot;}\" data-widget_type=\"video.default\">\n\t\t\t\t\t\t\t<div class=\"elementor-wrapper elementor-open-inline\">\n\t\t\t<div class=\"elementor-video\"><\/div>\t\t<\/div>\n\t\t\t\t\t\t<\/div>\n\t\t\t\t<\/div>\n\t\t\t\t\t<\/div>\n\t\t\t\t<\/div>\n\t\t<div class=\"elementor-element elementor-element-9b87554 e-flex e-con-boxed e-con e-parent\" data-id=\"9b87554\" data-element_type=\"container\" data-e-type=\"container\" data-settings=\"{&quot;background_background&quot;:&quot;classic&quot;}\">\n\t\t\t\t\t<div class=\"e-con-inner\">\n\t\t<div class=\"elementor-element elementor-element-24f9909 e-con-full e-flex e-con e-child\" data-id=\"24f9909\" data-element_type=\"container\" data-e-type=\"container\">\n\t\t\t\t<div class=\"elementor-element elementor-element-2a95467 elementor-widget elementor-widget-heading\" data-id=\"2a95467\" data-element_type=\"widget\" data-e-type=\"widget\" data-widget_type=\"heading.default\">\n\t\t\t\t\t<h2 class=\"elementor-heading-title elementor-size-default\">Przygotowanie z workiem grzewczym<\/h2>\t\t\t\t<\/div>\n\t\t\t\t<\/div>\n\t\t<div class=\"elementor-element elementor-element-cebbe2b e-con-full e-flex e-con e-child\" data-id=\"cebbe2b\" data-element_type=\"container\" data-e-type=\"container\">\n\t\t\t\t<div class=\"elementor-element elementor-element-fd79cee elementor-widget elementor-widget-video\" data-id=\"fd79cee\" data-element_type=\"widget\" data-e-type=\"widget\" data-settings=\"{&quot;youtube_url&quot;:&quot;https:\\\/\\\/www.youtube.com\\\/embed\\\/HEW_HiSK4Wo&quot;,&quot;video_type&quot;:&quot;youtube&quot;,&quot;controls&quot;:&quot;yes&quot;}\" data-widget_type=\"video.default\">\n\t\t\t\t\t\t\t<div class=\"elementor-wrapper elementor-open-inline\">\n\t\t\t<div class=\"elementor-video\"><\/div>\t\t<\/div>\n\t\t\t\t\t\t<\/div>\n\t\t\t\t<\/div>\n\t\t\t\t\t<\/div>\n\t\t\t\t<\/div>\n\t\t<div class=\"elementor-element elementor-element-9bcfae9 e-flex e-con-boxed e-con e-parent\" data-id=\"9bcfae9\" data-element_type=\"container\" data-e-type=\"container\" data-settings=\"{&quot;background_background&quot;:&quot;classic&quot;}\">\n\t\t\t\t\t<div class=\"e-con-inner\">\n\t\t<div class=\"elementor-element elementor-element-37703be e-con-full e-flex e-con e-child\" data-id=\"37703be\" data-element_type=\"container\" data-e-type=\"container\">\n\t\t\t\t<div class=\"elementor-element elementor-element-de89114 elementor-widget elementor-widget-heading\" data-id=\"de89114\" data-element_type=\"widget\" data-e-type=\"widget\" data-widget_type=\"heading.default\">\n\t\t\t\t\t<h2 class=\"elementor-heading-title elementor-size-default\">Przygotowanie z palnikiem<\/h2>\t\t\t\t<\/div>\n\t\t\t\t<\/div>\n\t\t<div class=\"elementor-element elementor-element-b405fdf e-con-full e-flex e-con e-child\" data-id=\"b405fdf\" data-element_type=\"container\" data-e-type=\"container\">\n\t\t\t\t<div class=\"elementor-element elementor-element-7c790b7 elementor-widget elementor-widget-video\" data-id=\"7c790b7\" data-element_type=\"widget\" data-e-type=\"widget\" data-settings=\"{&quot;youtube_url&quot;:&quot;https:\\\/\\\/www.youtube.com\\\/embed\\\/BdCLkVxVTlQ&quot;,&quot;video_type&quot;:&quot;youtube&quot;,&quot;controls&quot;:&quot;yes&quot;}\" data-widget_type=\"video.default\">\n\t\t\t\t\t\t\t<div class=\"elementor-wrapper elementor-open-inline\">\n\t\t\t<div class=\"elementor-video\"><\/div>\t\t<\/div>\n\t\t\t\t\t\t<\/div>\n\t\t\t\t<\/div>\n\t\t\t\t\t<\/div>\n\t\t\t\t<\/div>\n\t\t<div class=\"elementor-element elementor-element-03ae3e9 e-flex e-con-boxed e-con e-parent\" data-id=\"03ae3e9\" data-element_type=\"container\" data-e-type=\"container\" data-settings=\"{&quot;background_background&quot;:&quot;classic&quot;}\">\n\t\t\t\t\t<div class=\"e-con-inner\">\n\t\t<div class=\"elementor-element elementor-element-5c357d6 e-con-full e-flex e-con e-child\" data-id=\"5c357d6\" data-element_type=\"container\" data-e-type=\"container\">\n\t\t\t\t<div class=\"elementor-element elementor-element-91dc221 elementor-widget elementor-widget-button\" data-id=\"91dc221\" data-element_type=\"widget\" data-e-type=\"widget\" data-widget_type=\"button.default\">\n\t\t\t\t\t\t\t\t\t\t<a class=\"elementor-button elementor-button-link elementor-size-sm\" href=\"https:\/\/toidupakk.ee\/e-pood\/\">\n\t\t\t\t\t\t<span class=\"elementor-button-content-wrapper\">\n\t\t\t\t\t\t\t\t\t<span class=\"elementor-button-text\">Dokonaj wyboru w sklepie internetowym<\/span>\n\t\t\t\t\t<\/span>\n\t\t\t\t\t<\/a>\n\t\t\t\t\t\t\t\t<\/div>\n\t\t\t\t<\/div>\n\t\t\t\t\t<\/div>\n\t\t\t\t<\/div>\n\t\t\t\t<\/div>\n\t\t","protected":false},"excerpt":{"rendered":"<p>Gotowe w 8 minut Posi\u0142ki Tactical Foodpack to pe\u0142nowarto\u015bciowe jedzenie przygotowane z uczciwych sk\u0142adnik\u00f3w, kt\u00f3re dostarcza wy\u0142\u0105cznie warto\u015bciowych kalorii. Jedz prosto z opakowania Posi\u0142ki Tactical Foodpack zosta\u0142y opracowane tak, aby\u015b m\u00f3g\u0142 cieszy\u0107 si\u0119 ka\u017cdym k\u0119sem bez brudzenia r\u0105k. Zaokr\u0105glone rogi opakowania pozwalaj\u0105 wydoby\u0107 nawet ostatni kawa\u0142ek jedzenia. Jak u\u017cywa\u0107 https:\/\/www.youtube.com\/embed\/uY7EbmkXwjY Przygotowanie z \u017celem do rozpalania [&hellip;]<\/p>\n","protected":false},"author":1,"featured_media":0,"parent":0,"menu_order":0,"comment_status":"closed","ping_status":"closed","template":"","meta":{"_acf_changed":false,"footnotes":""},"class_list":["post-48805","page","type-page","status-publish","hentry"],"acf":[],"yoast_head":"<!-- This site is optimized with the Yoast SEO plugin v27.3 - https:\/\/yoast.com\/product\/yoast-seo-wordpress\/ -->\n<title>Jak u\u017cywa\u0107 - Toidupakk.ee - Tactical Foodpack toidupakid<\/title>\n<meta name=\"robots\" content=\"index, follow, max-snippet:-1, max-image-preview:large, max-video-preview:-1\" \/>\n<link rel=\"canonical\" href=\"https:\/\/toidupakk.ee\/pl\/jak-uzywac\/\" \/>\n<meta property=\"og:locale\" content=\"pl_PL\" \/>\n<meta property=\"og:type\" content=\"article\" \/>\n<meta property=\"og:title\" content=\"Jak u\u017cywa\u0107 - Toidupakk.ee - Tactical Foodpack toidupakid\" \/>\n<meta property=\"og:description\" content=\"Gotowe w 8 minut Posi\u0142ki Tactical Foodpack to pe\u0142nowarto\u015bciowe jedzenie przygotowane z uczciwych sk\u0142adnik\u00f3w, kt\u00f3re dostarcza wy\u0142\u0105cznie warto\u015bciowych kalorii. Jedz prosto z opakowania Posi\u0142ki Tactical Foodpack zosta\u0142y opracowane tak, aby\u015b m\u00f3g\u0142 cieszy\u0107 si\u0119 ka\u017cdym k\u0119sem bez brudzenia r\u0105k. Zaokr\u0105glone rogi opakowania pozwalaj\u0105 wydoby\u0107 nawet ostatni kawa\u0142ek jedzenia. Jak u\u017cywa\u0107 https:\/\/www.youtube.com\/embed\/uY7EbmkXwjY Przygotowanie z \u017celem do rozpalania [&hellip;]\" \/>\n<meta property=\"og:url\" content=\"https:\/\/toidupakk.ee\/pl\/jak-uzywac\/\" \/>\n<meta property=\"og:site_name\" content=\"Toidupakk.ee - Tactical Foodpack toidupakid\" \/>\n<meta property=\"article:publisher\" content=\"https:\/\/www.facebook.com\/Toidupakk\" \/>\n<meta property=\"article:modified_time\" content=\"2026-02-18T19:06:46+00:00\" \/>\n<meta property=\"og:image\" content=\"https:\/\/toidupakk.ee\/wp-content\/uploads\/2025\/11\/Toidupakk-metsas.jpg\" \/>\n\t<meta property=\"og:image:width\" content=\"1080\" \/>\n\t<meta property=\"og:image:height\" content=\"1080\" \/>\n\t<meta property=\"og:image:type\" content=\"image\/jpeg\" \/>\n<meta name=\"twitter:card\" content=\"summary_large_image\" \/>\n<meta name=\"twitter:label1\" content=\"Szacowany czas czytania\" \/>\n\t<meta name=\"twitter:data1\" content=\"1 minuta\" \/>\n<script type=\"application\/ld+json\" class=\"yoast-schema-graph\">{\"@context\":\"https:\\\/\\\/schema.org\",\"@graph\":[{\"@type\":\"WebPage\",\"@id\":\"https:\\\/\\\/toidupakk.ee\\\/pl\\\/jak-uzywac\\\/\",\"url\":\"https:\\\/\\\/toidupakk.ee\\\/pl\\\/jak-uzywac\\\/\",\"name\":\"Jak u\u017cywa\u0107 - Toidupakk.ee - Tactical Foodpack toidupakid\",\"isPartOf\":{\"@id\":\"https:\\\/\\\/toidupakk.ee\\\/pl\\\/#website\"},\"primaryImageOfPage\":{\"@id\":\"https:\\\/\\\/toidupakk.ee\\\/pl\\\/jak-uzywac\\\/#primaryimage\"},\"image\":{\"@id\":\"https:\\\/\\\/toidupakk.ee\\\/pl\\\/jak-uzywac\\\/#primaryimage\"},\"thumbnailUrl\":\"https:\\\/\\\/toidupakk.ee\\\/wp-content\\\/uploads\\\/2025\\\/11\\\/Toidupakk-metsas-1024x1024.jpg\",\"datePublished\":\"2021-09-01T07:05:28+00:00\",\"dateModified\":\"2026-02-18T19:06:46+00:00\",\"breadcrumb\":{\"@id\":\"https:\\\/\\\/toidupakk.ee\\\/pl\\\/jak-uzywac\\\/#breadcrumb\"},\"inLanguage\":\"pl-PL\",\"potentialAction\":[{\"@type\":\"ReadAction\",\"target\":[\"https:\\\/\\\/toidupakk.ee\\\/pl\\\/jak-uzywac\\\/\"]}]},{\"@type\":\"ImageObject\",\"inLanguage\":\"pl-PL\",\"@id\":\"https:\\\/\\\/toidupakk.ee\\\/pl\\\/jak-uzywac\\\/#primaryimage\",\"url\":\"https:\\\/\\\/toidupakk.ee\\\/wp-content\\\/uploads\\\/2025\\\/11\\\/Toidupakk-metsas-1024x1024.jpg\",\"contentUrl\":\"https:\\\/\\\/toidupakk.ee\\\/wp-content\\\/uploads\\\/2025\\\/11\\\/Toidupakk-metsas-1024x1024.jpg\"},{\"@type\":\"BreadcrumbList\",\"@id\":\"https:\\\/\\\/toidupakk.ee\\\/pl\\\/jak-uzywac\\\/#breadcrumb\",\"itemListElement\":[{\"@type\":\"ListItem\",\"position\":1,\"name\":\"Avaleht\",\"item\":\"https:\\\/\\\/toidupakk.ee\\\/pl\\\/\"},{\"@type\":\"ListItem\",\"position\":2,\"name\":\"Jak u\u017cywa\u0107\"}]},{\"@type\":\"WebSite\",\"@id\":\"https:\\\/\\\/toidupakk.ee\\\/pl\\\/#website\",\"url\":\"https:\\\/\\\/toidupakk.ee\\\/pl\\\/\",\"name\":\"Toidupakk.ee - Tactical Foodpack toidupakid\",\"description\":\"Tactical Foodpack k\u00fclmkuivatatud toidupakid ja matkaeined\",\"publisher\":{\"@id\":\"https:\\\/\\\/toidupakk.ee\\\/pl\\\/#organization\"},\"potentialAction\":[{\"@type\":\"SearchAction\",\"target\":{\"@type\":\"EntryPoint\",\"urlTemplate\":\"https:\\\/\\\/toidupakk.ee\\\/pl\\\/?s={search_term_string}\"},\"query-input\":{\"@type\":\"PropertyValueSpecification\",\"valueRequired\":true,\"valueName\":\"search_term_string\"}}],\"inLanguage\":\"pl-PL\"},{\"@type\":\"Organization\",\"@id\":\"https:\\\/\\\/toidupakk.ee\\\/pl\\\/#organization\",\"name\":\"Tactical Foodpack matkaeined\",\"url\":\"https:\\\/\\\/toidupakk.ee\\\/pl\\\/\",\"logo\":{\"@type\":\"ImageObject\",\"inLanguage\":\"pl-PL\",\"@id\":\"https:\\\/\\\/toidupakk.ee\\\/pl\\\/#\\\/schema\\\/logo\\\/image\\\/\",\"url\":\"https:\\\/\\\/toidupakk.ee\\\/wp-content\\\/uploads\\\/2022\\\/01\\\/Toidupakk-matkapood-logo-transparent.png\",\"contentUrl\":\"https:\\\/\\\/toidupakk.ee\\\/wp-content\\\/uploads\\\/2022\\\/01\\\/Toidupakk-matkapood-logo-transparent.png\",\"width\":500,\"height\":500,\"caption\":\"Tactical Foodpack matkaeined\"},\"image\":{\"@id\":\"https:\\\/\\\/toidupakk.ee\\\/pl\\\/#\\\/schema\\\/logo\\\/image\\\/\"},\"sameAs\":[\"https:\\\/\\\/www.facebook.com\\\/Toidupakk\",\"https:\\\/\\\/www.instagram.com\\\/toidupakk\\\/\"]}]}<\/script>\n<!-- \/ Yoast SEO plugin. -->","yoast_head_json":{"title":"Jak u\u017cywa\u0107 - Toidupakk.ee - Tactical Foodpack toidupakid","robots":{"index":"index","follow":"follow","max-snippet":"max-snippet:-1","max-image-preview":"max-image-preview:large","max-video-preview":"max-video-preview:-1"},"canonical":"https:\/\/toidupakk.ee\/pl\/jak-uzywac\/","og_locale":"pl_PL","og_type":"article","og_title":"Jak u\u017cywa\u0107 - Toidupakk.ee - Tactical Foodpack toidupakid","og_description":"Gotowe w 8 minut Posi\u0142ki Tactical Foodpack to pe\u0142nowarto\u015bciowe jedzenie przygotowane z uczciwych sk\u0142adnik\u00f3w, kt\u00f3re dostarcza wy\u0142\u0105cznie warto\u015bciowych kalorii. Jedz prosto z opakowania Posi\u0142ki Tactical Foodpack zosta\u0142y opracowane tak, aby\u015b m\u00f3g\u0142 cieszy\u0107 si\u0119 ka\u017cdym k\u0119sem bez brudzenia r\u0105k. Zaokr\u0105glone rogi opakowania pozwalaj\u0105 wydoby\u0107 nawet ostatni kawa\u0142ek jedzenia. Jak u\u017cywa\u0107 https:\/\/www.youtube.com\/embed\/uY7EbmkXwjY Przygotowanie z \u017celem do rozpalania [&hellip;]","og_url":"https:\/\/toidupakk.ee\/pl\/jak-uzywac\/","og_site_name":"Toidupakk.ee - Tactical Foodpack toidupakid","article_publisher":"https:\/\/www.facebook.com\/Toidupakk","article_modified_time":"2026-02-18T19:06:46+00:00","og_image":[{"width":1080,"height":1080,"url":"https:\/\/toidupakk.ee\/wp-content\/uploads\/2025\/11\/Toidupakk-metsas.jpg","type":"image\/jpeg"}],"twitter_card":"summary_large_image","twitter_misc":{"Szacowany czas czytania":"1 minuta"},"schema":{"@context":"https:\/\/schema.org","@graph":[{"@type":"WebPage","@id":"https:\/\/toidupakk.ee\/pl\/jak-uzywac\/","url":"https:\/\/toidupakk.ee\/pl\/jak-uzywac\/","name":"Jak u\u017cywa\u0107 - Toidupakk.ee - Tactical Foodpack toidupakid","isPartOf":{"@id":"https:\/\/toidupakk.ee\/pl\/#website"},"primaryImageOfPage":{"@id":"https:\/\/toidupakk.ee\/pl\/jak-uzywac\/#primaryimage"},"image":{"@id":"https:\/\/toidupakk.ee\/pl\/jak-uzywac\/#primaryimage"},"thumbnailUrl":"https:\/\/toidupakk.ee\/wp-content\/uploads\/2025\/11\/Toidupakk-metsas-1024x1024.jpg","datePublished":"2021-09-01T07:05:28+00:00","dateModified":"2026-02-18T19:06:46+00:00","breadcrumb":{"@id":"https:\/\/toidupakk.ee\/pl\/jak-uzywac\/#breadcrumb"},"inLanguage":"pl-PL","potentialAction":[{"@type":"ReadAction","target":["https:\/\/toidupakk.ee\/pl\/jak-uzywac\/"]}]},{"@type":"ImageObject","inLanguage":"pl-PL","@id":"https:\/\/toidupakk.ee\/pl\/jak-uzywac\/#primaryimage","url":"https:\/\/toidupakk.ee\/wp-content\/uploads\/2025\/11\/Toidupakk-metsas-1024x1024.jpg","contentUrl":"https:\/\/toidupakk.ee\/wp-content\/uploads\/2025\/11\/Toidupakk-metsas-1024x1024.jpg"},{"@type":"BreadcrumbList","@id":"https:\/\/toidupakk.ee\/pl\/jak-uzywac\/#breadcrumb","itemListElement":[{"@type":"ListItem","position":1,"name":"Avaleht","item":"https:\/\/toidupakk.ee\/pl\/"},{"@type":"ListItem","position":2,"name":"Jak u\u017cywa\u0107"}]},{"@type":"WebSite","@id":"https:\/\/toidupakk.ee\/pl\/#website","url":"https:\/\/toidupakk.ee\/pl\/","name":"Toidupakk.ee - Tactical Foodpack toidupakid","description":"Tactical Foodpack k\u00fclmkuivatatud toidupakid ja matkaeined","publisher":{"@id":"https:\/\/toidupakk.ee\/pl\/#organization"},"potentialAction":[{"@type":"SearchAction","target":{"@type":"EntryPoint","urlTemplate":"https:\/\/toidupakk.ee\/pl\/?s={search_term_string}"},"query-input":{"@type":"PropertyValueSpecification","valueRequired":true,"valueName":"search_term_string"}}],"inLanguage":"pl-PL"},{"@type":"Organization","@id":"https:\/\/toidupakk.ee\/pl\/#organization","name":"Tactical Foodpack matkaeined","url":"https:\/\/toidupakk.ee\/pl\/","logo":{"@type":"ImageObject","inLanguage":"pl-PL","@id":"https:\/\/toidupakk.ee\/pl\/#\/schema\/logo\/image\/","url":"https:\/\/toidupakk.ee\/wp-content\/uploads\/2022\/01\/Toidupakk-matkapood-logo-transparent.png","contentUrl":"https:\/\/toidupakk.ee\/wp-content\/uploads\/2022\/01\/Toidupakk-matkapood-logo-transparent.png","width":500,"height":500,"caption":"Tactical Foodpack matkaeined"},"image":{"@id":"https:\/\/toidupakk.ee\/pl\/#\/schema\/logo\/image\/"},"sameAs":["https:\/\/www.facebook.com\/Toidupakk","https:\/\/www.instagram.com\/toidupakk\/"]}]}},"jetpack_sharing_enabled":true,"_links":{"self":[{"href":"https:\/\/toidupakk.ee\/pl\/wp-json\/wp\/v2\/pages\/48805","targetHints":{"allow":["GET"]}}],"collection":[{"href":"https:\/\/toidupakk.ee\/pl\/wp-json\/wp\/v2\/pages"}],"about":[{"href":"https:\/\/toidupakk.ee\/pl\/wp-json\/wp\/v2\/types\/page"}],"author":[{"embeddable":true,"href":"https:\/\/toidupakk.ee\/pl\/wp-json\/wp\/v2\/users\/1"}],"replies":[{"embeddable":true,"href":"https:\/\/toidupakk.ee\/pl\/wp-json\/wp\/v2\/comments?post=48805"}],"version-history":[{"count":1,"href":"https:\/\/toidupakk.ee\/pl\/wp-json\/wp\/v2\/pages\/48805\/revisions"}],"predecessor-version":[{"id":48812,"href":"https:\/\/toidupakk.ee\/pl\/wp-json\/wp\/v2\/pages\/48805\/revisions\/48812"}],"wp:attachment":[{"href":"https:\/\/toidupakk.ee\/pl\/wp-json\/wp\/v2\/media?parent=48805"}],"curies":[{"name":"wp","href":"https:\/\/api.w.org\/{rel}","templated":true}]}}