{"id":48694,"date":"2024-10-14T13:56:06","date_gmt":"2024-10-14T10:56:06","guid":{"rendered":"https:\/\/toidupakk.ee\/toode\/dinaminiu-budu-ikraunamas-led-zibintuvelis-varta\/"},"modified":"2026-04-21T12:01:20","modified_gmt":"2026-04-21T09:01:20","slug":"dinaminiu-budu-ikraunamas-led-zibintuvelis-varta","status":"publish","type":"product","link":"https:\/\/toidupakk.ee\/lt\/toode\/dinaminiu-budu-ikraunamas-led-zibintuvelis-varta\/","title":{"rendered":"Dinaminiu b\u016bdu \u012fkraunamas LED \u017eibintuv\u0117lis VARTA"},"content":{"rendered":"<h3><img fetchpriority=\"high\" decoding=\"async\" class=\"alignright wp-image-27790 size-thumbnail\" src=\"https:\/\/toidupakk.ee\/wp-content\/uploads\/2024\/10\/Dunamoga-laetav-LED-taskulamp-VARTA-17-500x500.png\" alt=\"ranken\u0117le \u012fkraunamas \u017eibintuv\u0117lis\" width=\"500\" height=\"500\" srcset=\"https:\/\/toidupakk.ee\/wp-content\/uploads\/2024\/10\/Dunamoga-laetav-LED-taskulamp-VARTA-17-500x500.png 500w, https:\/\/toidupakk.ee\/wp-content\/uploads\/2024\/10\/Dunamoga-laetav-LED-taskulamp-VARTA-17-400x400.png 400w, https:\/\/toidupakk.ee\/wp-content\/uploads\/2024\/10\/Dunamoga-laetav-LED-taskulamp-VARTA-17-100x100.png 100w, https:\/\/toidupakk.ee\/wp-content\/uploads\/2024\/10\/Dunamoga-laetav-LED-taskulamp-VARTA-17-300x300.png 300w, https:\/\/toidupakk.ee\/wp-content\/uploads\/2024\/10\/Dunamoga-laetav-LED-taskulamp-VARTA-17-768x768.png 768w, https:\/\/toidupakk.ee\/wp-content\/uploads\/2024\/10\/Dunamoga-laetav-LED-taskulamp-VARTA-17.png 800w\" sizes=\"(max-width: 500px) 100vw, 500px\" \/><\/h3>\n<h3>Dinaminiu b\u016bdu \u012fkraunamas LED \u017eibintuv\u0117lis VARTA \u2013 tavo patikimas \u0161viesos \u0161altinis<\/h3>\n<p>Ar susim\u0105stei, kas nutikt\u0173, jei elektra dingt\u0173 kelioms dienoms? Tokioje situacijoje b\u016btina tur\u0117ti \u017eibintuv\u0117l\u012f, kuris nepriklauso nuo baterij\u0173 ar \u012fkraut\u0173 akumuliatori\u0173. <strong>Dinaminiu b\u016bdu \u012fkraunamas \u017eibintuv\u0117lis<\/strong> yra geriausia alternatyva. Jo i\u0161skirtin\u0117 savyb\u0117 \u2013 ranken\u0117l\u0117s mechanizmas, u\u017etikrinantis reikiam\u0105 \u0161vies\u0105 bet kokiomis aplinkyb\u0117mis, nesukant galvos d\u0117l baterij\u0173 atsarg\u0173.  <\/p>\n<h4>Kod\u0117l verta rinktis VARTA dinaminiu b\u016bdu \u012fkraunam\u0105 LED \u017eibintuv\u0117l\u012f?<\/h4>\n<p><strong>Dinaminiu b\u016bdu \u012fkraunamas \u017eibintuv\u0117lis<\/strong> suteikia tau laisv\u0119 ir u\u017etikrintum\u0105. Dingus elektrai ar i\u0161sieikvojus baterijoms, pakanka vos vien\u0105 minut\u0119 pasukti ranken\u0117l\u0119, kad gautum iki 30 minu\u010di\u0173 \u0161viesos. Tai puikus sprendimas \u017eygiams, stovyklavimui ir kasdien\u0117ms avarin\u0117ms situacijoms.  <\/p>\n<p><strong>Pagrindin\u0117s savyb\u0117s:<\/strong><\/p>\n<ul>\n<li><strong>Nepriklausomas nuo baterij\u0173<\/strong> \u2013 ranken\u0117l\u0117s mechanizmas u\u017etikrina energij\u0105, kuri\u0105 gali pasigaminti bet kada ir bet kur.<\/li>\n<li><strong>Efektyvus \u0161viesos \u0161altinis<\/strong> \u2013 trys 5 mm balti LED elementai suteikia stipri\u0105 ir tolygi\u0105 \u0161vies\u0105, kurios spindulys siekia iki 26 metr\u0173.<\/li>\n<li><strong>\u012ekrovimas ranken\u0117le<\/strong> \u2013 tik 1 minut\u0117 sukimo suteikia iki 30 minu\u010di\u0173 \u0161viesos.<\/li>\n<li><strong>Li\u010dio jon\u0173 \u012fkraunamas akumuliatorius<\/strong> \u2013 integruota 120 mAh baterija i\u0161laiko pakankamai energijos, kad u\u017etikrint\u0173 iki valandos nepertraukiamo ap\u0161vietimo.<\/li>\n<li><strong>Tvirtas ir atsparus<\/strong> \u2013 plastikinis \u017eibintuv\u0117lio korpusas pasi\u017eymi vanden\u012f atstumian\u010diomis savyb\u0117mis, tod\u0117l tinka naudoti tiek viduje, tiek lauke.<\/li>\n<\/ul>\n<h4>Kompakti\u0161kas ir patogus dizainas<\/h4>\n<p>Ranken\u0117le \u012fkraunamas \u017eibintuv\u0117lis yra <strong>kompakti\u0161kas ir lengvas<\/strong> (grynasis svoris 400 g), tod\u0117l j\u012f lengva pasiimti visur. \u017dibintuv\u0117lio ilgis \u2013 tik 14,2 cm, jis patogiai guli delne. Be to, jis pa\u017eym\u0117tas CE \u017eenklu, patvirtinan\u010diu atitikt\u012f ES saugumo reikalavimams.  <\/p>\n<h4>Puikus \u0161viesos srautas<\/h4>\n<p>\u017dibintuv\u0117lio \u0161viesos srautas yra <strong>28 liumenai<\/strong>, u\u017etikrinantys ai\u0161k\u0173 ir sufokusuot\u0105 spindul\u012f. Tai garantuoja pakankam\u0105 matomum\u0105 tiek \u017eygio take, tiek nam\u0173 aplinkoje. <\/p>\n<h4>Visi\u0161kas pasitenkinimas ir greitas pristatymas<\/h4>\n<p>M\u016bs\u0173 <strong>dinamin\u012f \u017eibintuv\u0117l\u012f<\/strong> turime sand\u0117lyje ir pristatysime tau per 1\u20133 darbo dienas. Be to, si\u016blome NEMOKAM\u0104 gr\u0105\u017einim\u0105 ir keitim\u0105, jei prek\u0117 neatitiks tavo l\u016bkes\u010di\u0173. <\/p>\n<p>Pirkdamas VARTA \u017eibintuv\u0117l\u012f, gali pasinaudoti galimybe <strong>pirkti dabar, o mok\u0117ti v\u0117liau<\/strong> be joki\u0173 pal\u016bkan\u0173! Tai patogus b\u016bdas \u012fsigyti reikiam\u0105 \u012frang\u0105 i\u0161kart, be finansin\u0117s na\u0161tos. <\/p>\n<p><img decoding=\"async\" class=\"wp-image-27796 size-thumbnail alignleft\" src=\"https:\/\/toidupakk.ee\/wp-content\/uploads\/2024\/10\/Dunamoga-laetav-LED-taskulamp-VARTA-5-500x500.png\" alt=\"dinaminis \u017eibintuv\u0117lis\" width=\"500\" height=\"500\" srcset=\"https:\/\/toidupakk.ee\/wp-content\/uploads\/2024\/10\/Dunamoga-laetav-LED-taskulamp-VARTA-5-500x500.png 500w, https:\/\/toidupakk.ee\/wp-content\/uploads\/2024\/10\/Dunamoga-laetav-LED-taskulamp-VARTA-5-400x400.png 400w, https:\/\/toidupakk.ee\/wp-content\/uploads\/2024\/10\/Dunamoga-laetav-LED-taskulamp-VARTA-5-100x100.png 100w, https:\/\/toidupakk.ee\/wp-content\/uploads\/2024\/10\/Dunamoga-laetav-LED-taskulamp-VARTA-5-300x300.png 300w, https:\/\/toidupakk.ee\/wp-content\/uploads\/2024\/10\/Dunamoga-laetav-LED-taskulamp-VARTA-5-768x768.png 768w, https:\/\/toidupakk.ee\/wp-content\/uploads\/2024\/10\/Dunamoga-laetav-LED-taskulamp-VARTA-5.png 800w\" sizes=\"(max-width: 500px) 100vw, 500px\" \/><\/p>\n<h4>Santrauka<\/h4>\n<p><strong>Ranken\u0117le \u012fkraunamas LED \u017eibintuv\u0117lis<\/strong> yra idealus pasirinkimas ie\u0161kantiems patikimo ir patvaraus \u0161viesos \u0161altinio, nepriklausan\u010dio nuo baterij\u0173. Su ranken\u0117l\u0117s mechanizmu u\u017esitikrinsi \u0161vies\u0105 bet kokioje avarin\u0117je situacijoje. Nelik tamsoje \u2013 u\u017esisakyk savo <strong>dinamin\u012f \u017eibintuv\u0117l\u012f<\/strong> jau \u0161iandien!  <\/p>\n<hr>\n<p><strong>Pagrindiniai privalumai:<\/strong><\/p>\n<ul>\n<li>\u012ekrovimas ranken\u0117le \u2013 baterij\u0173 nereikia.<\/li>\n<li>1 minut\u0117 sukimo = 30 minu\u010di\u0173 \u0161viesos.<\/li>\n<li>Kompakti\u0161kas ir patvarus dizainas, idealiai tinka \u017eygiams ir skubiai pagalbai.<\/li>\n<li><strong>CE \u017eenklas<\/strong>, 1 met\u0173 garantija.<\/li>\n<\/ul>\n<p>Per\u017ei\u016br\u0117k kitas \u017eygio prekes <a href=\"https:\/\/toidupakk.ee\/lt\/tootekategooria\/zygio-iranga\/#section-3-79\">\u010cIA<\/a><\/p>\n<p>Per\u017ei\u016br\u0117k \u017eygio maist\u0105 <a href=\"https:\/\/toidupakk.ee\/lt\/el-parduotuve\/\">\u010cIA<\/a><\/p>\n<p>Pasisemk \u012fkv\u0117pimo kitiems nuotykiams \u201eToidupakk\u201c <a href=\"https:\/\/www.instagram.com\/toidupakk\/\">Instagram<\/a> ir <a href=\"https:\/\/www.facebook.com\/Toidupakk\/\">Facebook<\/a> paskyrose.<\/p>\n","protected":false},"excerpt":{"rendered":"<p><strong>Ar pagalvojai, kas b\u016bt\u0173, jei elektra dingt\u0173 kelioms dienoms? Tokiu atveju gerai tur\u0117ti \u017eibintuv\u0117l\u012f su pilnai \u012fkrautais akumuliatoriais ar baterijomis. Alternatyvus sprendimas \u2013 dinaminiu b\u016bdu \u012fkraunamas LED \u017eibintuv\u0117lis. Jo ypatyb\u0117 ta, kad nereikia kaupti baterij\u0173 atsarg\u0173. \u017dibintuv\u0117lis \u012fkraunamas ranken\u0117le. 1 minut\u0117 sukimo = 30 min. \u0161viesos     <\/strong><\/p>\n<ul>\n<li><strong>Dinaminis \u012fkrovimas ranken\u0117le<\/strong> \u2013 nepriklausyk nuo baterij\u0173<\/li>\n<li><strong>1 minut\u0117 \u012fkrovimo ranken\u0117le sugeneruoja 30 minu\u010di\u0173 \u017eibintuv\u0117lio \u0161viesos<\/strong><\/li>\n<li>Paprastas ir patikimas \u017eibintuv\u0117lis, komplekte yra ir dir\u017eelis rie\u0161ui<\/li>\n<li>Li\u010dio jon\u0173 \u012fkraunamas akumuliatorius, talpa 120 mAh<\/li>\n<li>3 balti 5 mm LED elementai<\/li>\n<li>Tvirtas plastikinis korpusas pasi\u017eymi vanden\u012f atstumian\u010diomis savyb\u0117mis<\/li>\n<li>CE \u017eenklas<\/li>\n<li>Spalva: pilka<\/li>\n<li>\u0160viesos spindulio atstumas: iki 26 m<\/li>\n<li>\u0160viesos srautas: 28 lm<\/li>\n<li>Grynasis prek\u0117s svoris: 400 g<\/li>\n<li>Akumuliatoriaus veikimo trukm\u0117: iki 1 val.<\/li>\n<li>\u017dibintuv\u0117lio matmenys: ilgis 14,2 cm<\/li>\n<li>Prek\u0117s \u017eenklas: VARTA<\/li>\n<\/ul>\n<p>\u2705 Turime sand\u0117lyje, greitas pristatymas per 1-3 d. d.<br \/>\n\u2705 Pirk dabar, mok\u0117k v\u0117liau (0 % pal\u016bkan\u0173)<\/p>\n","protected":false},"featured_media":27784,"comment_status":"open","ping_status":"closed","template":"","meta":{"_acf_changed":false},"product_brand":[],"product_cat":[200,206,189,190],"product_tag":[],"class_list":{"0":"post-48694","1":"product","2":"type-product","3":"status-publish","4":"has-post-thumbnail","6":"product_cat-praktiskos-dovanu-idejos","7":"product_cat-prozektoriai","8":"product_cat-zygio-iranga","9":"product_cat-zygio-prekes","11":"first","12":"instock","13":"taxable","14":"shipping-taxable","15":"purchasable","16":"product-type-simple"},"bundled_by":[],"bundle_stock_status":"instock","bundle_stock_quantity":5,"bundle_virtual":false,"bundle_layout":"","bundle_add_to_cart_form_location":"","bundle_editable_in_cart":false,"bundle_sold_individually_context":"","bundle_item_grouping":"","bundle_min_size":"","bundle_max_size":"","bundle_price":[],"bundled_items":[],"bundle_sell_ids":[],"acf":[],"yoast_head":"<!-- This site is optimized with the Yoast SEO plugin v27.3 - https:\/\/yoast.com\/product\/yoast-seo-wordpress\/ -->\n<title>Dinaminiu b\u016bdu \u012fkraunamas LED \u017eibintuv\u0117lis VARTA<\/title>\n<meta name=\"description\" content=\"Dinaminiu b\u016bdu \u012fkraunamas LED \u017eibintuv\u0117lis. 1 minut\u0117 sukimo = 30 min. \u0161viesos. \u012ekrovimas ranken\u0117le \u2013 nepriklausyk nuo baterij\u0173. Garantuota \u0161viesa bet kokioje situacijoje.\" \/>\n<meta name=\"robots\" content=\"index, follow, max-snippet:-1, max-image-preview:large, max-video-preview:-1\" \/>\n<link rel=\"canonical\" href=\"https:\/\/toidupakk.ee\/lt\/toode\/dinaminiu-budu-ikraunamas-led-zibintuvelis-varta\/\" \/>\n<meta property=\"og:locale\" content=\"lt_LT\" \/>\n<meta property=\"og:type\" content=\"article\" \/>\n<meta property=\"og:title\" content=\"Dinaminiu b\u016bdu \u012fkraunamas LED \u017eibintuv\u0117lis VARTA\" \/>\n<meta property=\"og:description\" content=\"Dinaminiu b\u016bdu \u012fkraunamas LED \u017eibintuv\u0117lis. 1 minut\u0117 sukimo = 30 min. \u0161viesos. \u012ekrovimas ranken\u0117le \u2013 nepriklausyk nuo baterij\u0173. Garantuota \u0161viesa bet kokioje situacijoje.\" \/>\n<meta property=\"og:url\" content=\"https:\/\/toidupakk.ee\/lt\/toode\/dinaminiu-budu-ikraunamas-led-zibintuvelis-varta\/\" \/>\n<meta property=\"og:site_name\" content=\"Toidupakk.ee - Tactical Foodpack toidupakid\" \/>\n<meta property=\"article:publisher\" content=\"https:\/\/www.facebook.com\/Toidupakk\" \/>\n<meta property=\"article:modified_time\" content=\"2026-04-21T09:01:20+00:00\" \/>\n<meta property=\"og:image\" content=\"https:\/\/toidupakk.ee\/wp-content\/uploads\/2024\/10\/Dunamoga-laetav-LED-taskulamp-VARTA-11.png\" \/>\n\t<meta property=\"og:image:width\" content=\"800\" \/>\n\t<meta property=\"og:image:height\" content=\"800\" \/>\n\t<meta property=\"og:image:type\" content=\"image\/png\" \/>\n<meta name=\"twitter:card\" content=\"summary_large_image\" \/>\n<meta name=\"twitter:label1\" content=\"Est. reading time\" \/>\n\t<meta name=\"twitter:data1\" content=\"2 minut\u0117s\" \/>\n<script type=\"application\/ld+json\" class=\"yoast-schema-graph\">{\"@context\":\"https:\\\/\\\/schema.org\",\"@graph\":[{\"@type\":\"WebPage\",\"@id\":\"https:\\\/\\\/toidupakk.ee\\\/lt\\\/toode\\\/dinaminiu-budu-ikraunamas-led-zibintuvelis-varta\\\/\",\"url\":\"https:\\\/\\\/toidupakk.ee\\\/lt\\\/toode\\\/dinaminiu-budu-ikraunamas-led-zibintuvelis-varta\\\/\",\"name\":\"Dinaminiu b\u016bdu \u012fkraunamas LED \u017eibintuv\u0117lis VARTA\",\"isPartOf\":{\"@id\":\"https:\\\/\\\/toidupakk.ee\\\/lt\\\/#website\"},\"primaryImageOfPage\":{\"@id\":\"https:\\\/\\\/toidupakk.ee\\\/lt\\\/toode\\\/dinaminiu-budu-ikraunamas-led-zibintuvelis-varta\\\/#primaryimage\"},\"image\":{\"@id\":\"https:\\\/\\\/toidupakk.ee\\\/lt\\\/toode\\\/dinaminiu-budu-ikraunamas-led-zibintuvelis-varta\\\/#primaryimage\"},\"thumbnailUrl\":\"https:\\\/\\\/toidupakk.ee\\\/wp-content\\\/uploads\\\/2024\\\/10\\\/Dunamoga-laetav-LED-taskulamp-VARTA-11.png\",\"datePublished\":\"2024-10-14T10:56:06+00:00\",\"dateModified\":\"2026-04-21T09:01:20+00:00\",\"description\":\"Dinaminiu b\u016bdu \u012fkraunamas LED \u017eibintuv\u0117lis. 1 minut\u0117 sukimo = 30 min. \u0161viesos. \u012ekrovimas ranken\u0117le \u2013 nepriklausyk nuo baterij\u0173. Garantuota \u0161viesa bet kokioje situacijoje.\",\"breadcrumb\":{\"@id\":\"https:\\\/\\\/toidupakk.ee\\\/lt\\\/toode\\\/dinaminiu-budu-ikraunamas-led-zibintuvelis-varta\\\/#breadcrumb\"},\"inLanguage\":\"lt-LT\",\"potentialAction\":[{\"@type\":\"ReadAction\",\"target\":[\"https:\\\/\\\/toidupakk.ee\\\/lt\\\/toode\\\/dinaminiu-budu-ikraunamas-led-zibintuvelis-varta\\\/\"]}]},{\"@type\":\"ImageObject\",\"inLanguage\":\"lt-LT\",\"@id\":\"https:\\\/\\\/toidupakk.ee\\\/lt\\\/toode\\\/dinaminiu-budu-ikraunamas-led-zibintuvelis-varta\\\/#primaryimage\",\"url\":\"https:\\\/\\\/toidupakk.ee\\\/wp-content\\\/uploads\\\/2024\\\/10\\\/Dunamoga-laetav-LED-taskulamp-VARTA-11.png\",\"contentUrl\":\"https:\\\/\\\/toidupakk.ee\\\/wp-content\\\/uploads\\\/2024\\\/10\\\/Dunamoga-laetav-LED-taskulamp-VARTA-11.png\",\"width\":800,\"height\":800,\"caption\":\"d\u00fcnamoga taskulamp\"},{\"@type\":\"BreadcrumbList\",\"@id\":\"https:\\\/\\\/toidupakk.ee\\\/lt\\\/toode\\\/dinaminiu-budu-ikraunamas-led-zibintuvelis-varta\\\/#breadcrumb\",\"itemListElement\":[{\"@type\":\"ListItem\",\"position\":1,\"name\":\"Avaleht\",\"item\":\"https:\\\/\\\/toidupakk.ee\\\/lt\\\/\"},{\"@type\":\"ListItem\",\"position\":2,\"name\":\"El. parduotuv\u0117\",\"item\":\"https:\\\/\\\/toidupakk.ee\\\/lt\\\/el-parduotuve\\\/\"},{\"@type\":\"ListItem\",\"position\":3,\"name\":\"Dinaminiu b\u016bdu \u012fkraunamas LED \u017eibintuv\u0117lis VARTA\"}]},{\"@type\":\"WebSite\",\"@id\":\"https:\\\/\\\/toidupakk.ee\\\/lt\\\/#website\",\"url\":\"https:\\\/\\\/toidupakk.ee\\\/lt\\\/\",\"name\":\"Toidupakk.ee - Tactical Foodpack toidupakid\",\"description\":\"Tactical Foodpack k\u00fclmkuivatatud toidupakid ja matkaeined\",\"publisher\":{\"@id\":\"https:\\\/\\\/toidupakk.ee\\\/lt\\\/#organization\"},\"potentialAction\":[{\"@type\":\"SearchAction\",\"target\":{\"@type\":\"EntryPoint\",\"urlTemplate\":\"https:\\\/\\\/toidupakk.ee\\\/lt\\\/?s={search_term_string}\"},\"query-input\":{\"@type\":\"PropertyValueSpecification\",\"valueRequired\":true,\"valueName\":\"search_term_string\"}}],\"inLanguage\":\"lt-LT\"},{\"@type\":\"Organization\",\"@id\":\"https:\\\/\\\/toidupakk.ee\\\/lt\\\/#organization\",\"name\":\"Tactical Foodpack matkaeined\",\"url\":\"https:\\\/\\\/toidupakk.ee\\\/lt\\\/\",\"logo\":{\"@type\":\"ImageObject\",\"inLanguage\":\"lt-LT\",\"@id\":\"https:\\\/\\\/toidupakk.ee\\\/lt\\\/#\\\/schema\\\/logo\\\/image\\\/\",\"url\":\"https:\\\/\\\/toidupakk.ee\\\/wp-content\\\/uploads\\\/2022\\\/01\\\/Toidupakk-matkapood-logo-transparent.png\",\"contentUrl\":\"https:\\\/\\\/toidupakk.ee\\\/wp-content\\\/uploads\\\/2022\\\/01\\\/Toidupakk-matkapood-logo-transparent.png\",\"width\":500,\"height\":500,\"caption\":\"Tactical Foodpack matkaeined\"},\"image\":{\"@id\":\"https:\\\/\\\/toidupakk.ee\\\/lt\\\/#\\\/schema\\\/logo\\\/image\\\/\"},\"sameAs\":[\"https:\\\/\\\/www.facebook.com\\\/Toidupakk\",\"https:\\\/\\\/www.instagram.com\\\/toidupakk\\\/\"]}]}<\/script>\n<!-- \/ Yoast SEO plugin. -->","yoast_head_json":{"title":"Dinaminiu b\u016bdu \u012fkraunamas LED \u017eibintuv\u0117lis VARTA","description":"Dinaminiu b\u016bdu \u012fkraunamas LED \u017eibintuv\u0117lis. 1 minut\u0117 sukimo = 30 min. \u0161viesos. \u012ekrovimas ranken\u0117le \u2013 nepriklausyk nuo baterij\u0173. Garantuota \u0161viesa bet kokioje situacijoje.","robots":{"index":"index","follow":"follow","max-snippet":"max-snippet:-1","max-image-preview":"max-image-preview:large","max-video-preview":"max-video-preview:-1"},"canonical":"https:\/\/toidupakk.ee\/lt\/toode\/dinaminiu-budu-ikraunamas-led-zibintuvelis-varta\/","og_locale":"lt_LT","og_type":"article","og_title":"Dinaminiu b\u016bdu \u012fkraunamas LED \u017eibintuv\u0117lis VARTA","og_description":"Dinaminiu b\u016bdu \u012fkraunamas LED \u017eibintuv\u0117lis. 1 minut\u0117 sukimo = 30 min. \u0161viesos. \u012ekrovimas ranken\u0117le \u2013 nepriklausyk nuo baterij\u0173. Garantuota \u0161viesa bet kokioje situacijoje.","og_url":"https:\/\/toidupakk.ee\/lt\/toode\/dinaminiu-budu-ikraunamas-led-zibintuvelis-varta\/","og_site_name":"Toidupakk.ee - Tactical Foodpack toidupakid","article_publisher":"https:\/\/www.facebook.com\/Toidupakk","article_modified_time":"2026-04-21T09:01:20+00:00","og_image":[{"width":800,"height":800,"url":"https:\/\/toidupakk.ee\/wp-content\/uploads\/2024\/10\/Dunamoga-laetav-LED-taskulamp-VARTA-11.png","type":"image\/png"}],"twitter_card":"summary_large_image","twitter_misc":{"Est. reading time":"2 minut\u0117s"},"schema":{"@context":"https:\/\/schema.org","@graph":[{"@type":"WebPage","@id":"https:\/\/toidupakk.ee\/lt\/toode\/dinaminiu-budu-ikraunamas-led-zibintuvelis-varta\/","url":"https:\/\/toidupakk.ee\/lt\/toode\/dinaminiu-budu-ikraunamas-led-zibintuvelis-varta\/","name":"Dinaminiu b\u016bdu \u012fkraunamas LED \u017eibintuv\u0117lis VARTA","isPartOf":{"@id":"https:\/\/toidupakk.ee\/lt\/#website"},"primaryImageOfPage":{"@id":"https:\/\/toidupakk.ee\/lt\/toode\/dinaminiu-budu-ikraunamas-led-zibintuvelis-varta\/#primaryimage"},"image":{"@id":"https:\/\/toidupakk.ee\/lt\/toode\/dinaminiu-budu-ikraunamas-led-zibintuvelis-varta\/#primaryimage"},"thumbnailUrl":"https:\/\/toidupakk.ee\/wp-content\/uploads\/2024\/10\/Dunamoga-laetav-LED-taskulamp-VARTA-11.png","datePublished":"2024-10-14T10:56:06+00:00","dateModified":"2026-04-21T09:01:20+00:00","description":"Dinaminiu b\u016bdu \u012fkraunamas LED \u017eibintuv\u0117lis. 1 minut\u0117 sukimo = 30 min. \u0161viesos. \u012ekrovimas ranken\u0117le \u2013 nepriklausyk nuo baterij\u0173. Garantuota \u0161viesa bet kokioje situacijoje.","breadcrumb":{"@id":"https:\/\/toidupakk.ee\/lt\/toode\/dinaminiu-budu-ikraunamas-led-zibintuvelis-varta\/#breadcrumb"},"inLanguage":"lt-LT","potentialAction":[{"@type":"ReadAction","target":["https:\/\/toidupakk.ee\/lt\/toode\/dinaminiu-budu-ikraunamas-led-zibintuvelis-varta\/"]}]},{"@type":"ImageObject","inLanguage":"lt-LT","@id":"https:\/\/toidupakk.ee\/lt\/toode\/dinaminiu-budu-ikraunamas-led-zibintuvelis-varta\/#primaryimage","url":"https:\/\/toidupakk.ee\/wp-content\/uploads\/2024\/10\/Dunamoga-laetav-LED-taskulamp-VARTA-11.png","contentUrl":"https:\/\/toidupakk.ee\/wp-content\/uploads\/2024\/10\/Dunamoga-laetav-LED-taskulamp-VARTA-11.png","width":800,"height":800,"caption":"d\u00fcnamoga taskulamp"},{"@type":"BreadcrumbList","@id":"https:\/\/toidupakk.ee\/lt\/toode\/dinaminiu-budu-ikraunamas-led-zibintuvelis-varta\/#breadcrumb","itemListElement":[{"@type":"ListItem","position":1,"name":"Avaleht","item":"https:\/\/toidupakk.ee\/lt\/"},{"@type":"ListItem","position":2,"name":"El. parduotuv\u0117","item":"https:\/\/toidupakk.ee\/lt\/el-parduotuve\/"},{"@type":"ListItem","position":3,"name":"Dinaminiu b\u016bdu \u012fkraunamas LED \u017eibintuv\u0117lis VARTA"}]},{"@type":"WebSite","@id":"https:\/\/toidupakk.ee\/lt\/#website","url":"https:\/\/toidupakk.ee\/lt\/","name":"Toidupakk.ee - Tactical Foodpack toidupakid","description":"Tactical Foodpack k\u00fclmkuivatatud toidupakid ja matkaeined","publisher":{"@id":"https:\/\/toidupakk.ee\/lt\/#organization"},"potentialAction":[{"@type":"SearchAction","target":{"@type":"EntryPoint","urlTemplate":"https:\/\/toidupakk.ee\/lt\/?s={search_term_string}"},"query-input":{"@type":"PropertyValueSpecification","valueRequired":true,"valueName":"search_term_string"}}],"inLanguage":"lt-LT"},{"@type":"Organization","@id":"https:\/\/toidupakk.ee\/lt\/#organization","name":"Tactical Foodpack matkaeined","url":"https:\/\/toidupakk.ee\/lt\/","logo":{"@type":"ImageObject","inLanguage":"lt-LT","@id":"https:\/\/toidupakk.ee\/lt\/#\/schema\/logo\/image\/","url":"https:\/\/toidupakk.ee\/wp-content\/uploads\/2022\/01\/Toidupakk-matkapood-logo-transparent.png","contentUrl":"https:\/\/toidupakk.ee\/wp-content\/uploads\/2022\/01\/Toidupakk-matkapood-logo-transparent.png","width":500,"height":500,"caption":"Tactical Foodpack matkaeined"},"image":{"@id":"https:\/\/toidupakk.ee\/lt\/#\/schema\/logo\/image\/"},"sameAs":["https:\/\/www.facebook.com\/Toidupakk","https:\/\/www.instagram.com\/toidupakk\/"]}]}},"jetpack_sharing_enabled":true,"_links":{"self":[{"href":"https:\/\/toidupakk.ee\/lt\/wp-json\/wp\/v2\/product\/48694","targetHints":{"allow":["GET"]}}],"collection":[{"href":"https:\/\/toidupakk.ee\/lt\/wp-json\/wp\/v2\/product"}],"about":[{"href":"https:\/\/toidupakk.ee\/lt\/wp-json\/wp\/v2\/types\/product"}],"replies":[{"embeddable":true,"href":"https:\/\/toidupakk.ee\/lt\/wp-json\/wp\/v2\/comments?post=48694"}],"wp:featuredmedia":[{"embeddable":true,"href":"https:\/\/toidupakk.ee\/lt\/wp-json\/wp\/v2\/media\/27784"}],"wp:attachment":[{"href":"https:\/\/toidupakk.ee\/lt\/wp-json\/wp\/v2\/media?parent=48694"}],"wp:term":[{"taxonomy":"product_brand","embeddable":true,"href":"https:\/\/toidupakk.ee\/lt\/wp-json\/wp\/v2\/product_brand?post=48694"},{"taxonomy":"product_cat","embeddable":true,"href":"https:\/\/toidupakk.ee\/lt\/wp-json\/wp\/v2\/product_cat?post=48694"},{"taxonomy":"product_tag","embeddable":true,"href":"https:\/\/toidupakk.ee\/lt\/wp-json\/wp\/v2\/product_tag?post=48694"}],"curies":[{"name":"wp","href":"https:\/\/api.w.org\/{rel}","templated":true}]}}