{"id":48640,"date":"2023-10-24T15:37:09","date_gmt":"2023-10-24T12:37:09","guid":{"rendered":"https:\/\/toidupakk.ee\/toode\/ziemines-pirstines-3m-thinsulate\/"},"modified":"2026-04-29T20:01:56","modified_gmt":"2026-04-29T17:01:56","slug":"ziemines-pirstines-3m-thinsulate","status":"publish","type":"product","link":"https:\/\/toidupakk.ee\/lt\/toode\/ziemines-pirstines-3m-thinsulate\/","title":{"rendered":"\u017diemin\u0117s pir\u0161tin\u0117s \u201e3M Thinsulate\u2122\u201c"},"content":{"rendered":"<p><img fetchpriority=\"high\" decoding=\"async\" class=\"wp-image-15141 size-thumbnail alignright\" src=\"https:\/\/toidupakk.ee\/wp-content\/uploads\/2023\/10\/5-500x500.png\" alt=\"\" width=\"500\" height=\"500\" srcset=\"https:\/\/toidupakk.ee\/wp-content\/uploads\/2023\/10\/5-500x500.png 500w, https:\/\/toidupakk.ee\/wp-content\/uploads\/2023\/10\/5-400x400.png 400w, https:\/\/toidupakk.ee\/wp-content\/uploads\/2023\/10\/5-100x100.png 100w, https:\/\/toidupakk.ee\/wp-content\/uploads\/2023\/10\/5-800x800.png 800w, https:\/\/toidupakk.ee\/wp-content\/uploads\/2023\/10\/5-300x300.png 300w, https:\/\/toidupakk.ee\/wp-content\/uploads\/2023\/10\/5-1024x1024.png 1024w, https:\/\/toidupakk.ee\/wp-content\/uploads\/2023\/10\/5-768x768.png 768w, https:\/\/toidupakk.ee\/wp-content\/uploads\/2023\/10\/5.png 1080w\" sizes=\"(max-width: 500px) 100vw, 500px\" \/><\/p>\n<p>\u017diemin\u0117s pir\u0161tin\u0117s \u201e3M Thinsulate\u2122\u201c pagamintos i\u0161 65 % poliesterio ir 35 % medviln\u0117s. Toks med\u017eiag\u0173 derinys u\u017etikrina patvarum\u0105 ir komfort\u0105. <\/p>\n<p class=\"my-1 text-base\">Pir\u0161tin\u0117s turi pamu\u0161al\u0105, pagamint\u0105 i\u0161 100 % poliesterio. Pamu\u0161alas padeda i\u0161laikyti rankas \u0161iltas ir suteikia papildom\u0105 izoliacij\u0105. <\/p>\n<p class=\"my-1 text-base\">Tarp pamu\u0161alo sluoksni\u0173 yra \u201eThinsulate\u2122\u201c izoliacija \u2013 tai sintetin\u0117 izoliacin\u0117 med\u017eiaga. \u201eThinsulate\u2122\u201c izoliacija suteikia puiki\u0105 \u0161ilum\u0105 nepadarydama pir\u0161tini\u0173 grem\u0117zdi\u0161k\u0173, tod\u0117l u\u017etikrinamas optimalus pir\u0161t\u0173 jud\u0117jimas ir lankstumas. <\/p>\n<p class=\"my-1 text-base\">Pir\u0161tin\u0117s turi elasting\u0105 megzt\u0105 rankogal\u012f, pagamint\u0105 i\u0161 100 % poliakrilo.<\/p>\n<p class=\"my-1 text-base\">\u017diemin\u0117s pir\u0161tin\u0117s turi sutvirtintus delnus, o tai suteikia papildomo saugumo ir apsaugos, ypa\u010d didesnio nusid\u0117v\u0117jimo vietose.<\/p>\n<p class=\"my-1 text-base\">Be to, ant rie\u0161o yra reguliuojamas \u201eVelcro\u201c u\u017esegimas. Tai leid\u017eia pritaikyti dyd\u012f ir u\u017etikrinti, kad pir\u0161tin\u0117s naudojimo metu nenuslyst\u0173. <\/p>\n<p>Vis\u0105 pir\u0161tini\u0173 asortiment\u0105 rasi <a href=\"https:\/\/toidupakk.ee\/lt\/tootekategooria\/pirstines\/\">\u010cIA<\/a> arba per\u017ei\u016br\u0117k kitas \u017eygio prekes   <a href=\"https:\/\/toidupakk.ee\/lt\/tootekategooria\/zygio-iranga\/#section-3-79\">\u010cIA<\/a><\/p>\n<p>Pasisemk \u012fkv\u0117pimo kitiems nuotykiams \u201eToidupakk\u201c <a href=\"https:\/\/www.instagram.com\/toidupakk\/\">Instagram<\/a> ir <a href=\"https:\/\/www.facebook.com\/Toidupakk\/\">Facebook<\/a> paskyrose.<\/p>\n","protected":false},"excerpt":{"rendered":"<p>\u017diemin\u0117s pir\u0161tin\u0117s \u201e3M Thinsulate\u2122\u201c pagamintos i\u0161 poliesterio bei medviln\u0117s ir turi poliesterio pamu\u0161al\u0105 su \u201eThinsulate\u2122\u201c izoliacija. Jos turi sutvirtint\u0105 deln\u0105 ir reguliuojam\u0105 \u201eVelcro\u201c u\u017esegim\u0105 ant rie\u0161o. \u0160ios pir\u0161tin\u0117s u\u017etikrina patvarum\u0105, \u0161ilum\u0105, komfort\u0105 ir apsaug\u0105 \u0161altu oru.  <\/p>\n<ul class=\"my-1 list-decimal pl-6\">\n<li class=\"my-1 text-base\">I\u0161orin\u0117 med\u017eiaga: 65 % poliesteris, 35 % medviln\u0117.<\/li>\n<li class=\"my-1 text-base\">Pamu\u0161alas: 100 % poliesteris.<\/li>\n<li class=\"my-1 text-base\">Tarp pamu\u0161alo sluoksni\u0173 yra \u201eThinsulate\u2122\u201c izoliacija.<\/li>\n<li class=\"my-1 text-base\">Megztas rankogalis: 100 % poliakrilas.<\/li>\n<li class=\"my-1 text-base\">Sutvirtintas delnas.<\/li>\n<li class=\"my-1 text-base\">Reguliuojamas \u201eVelcro\u201c u\u017esegimas ant rie\u0161o.<\/li>\n<\/ul>\n<p>\u2705 Turime sand\u0117lyje, greitas pristatymas per 1\u20133 d. d.<br \/>\n\u2705 NEMOKAMAS gr\u0105\u017einimas ir keitimas, jei netinka dydis<\/p>\n","protected":false},"featured_media":15133,"comment_status":"open","ping_status":"closed","template":"","meta":{"_acf_changed":false},"product_brand":[],"product_cat":[191,253,200,199,189,190],"product_tag":[],"class_list":{"0":"post-48640","1":"product","2":"type-product","3":"status-publish","4":"has-post-thumbnail","6":"product_cat-drabuziai","7":"product_cat-pirstines","8":"product_cat-praktiskos-dovanu-idejos","9":"product_cat-ziemos-prekes","10":"product_cat-zygio-iranga","11":"product_cat-zygio-prekes","13":"first","14":"instock","15":"taxable","16":"shipping-taxable","17":"purchasable","18":"product-type-variable","19":"has-default-attributes"},"bundled_by":[],"bundle_stock_status":"instock","bundle_stock_quantity":null,"bundle_virtual":false,"bundle_layout":"","bundle_add_to_cart_form_location":"","bundle_editable_in_cart":false,"bundle_sold_individually_context":"","bundle_item_grouping":"","bundle_min_size":"","bundle_max_size":"","bundle_price":[],"bundled_items":[],"bundle_sell_ids":[],"acf":[],"yoast_head":"<!-- This site is optimized with the Yoast SEO plugin v27.3 - https:\/\/yoast.com\/product\/yoast-seo-wordpress\/ -->\n<title>\u017diemin\u0117s pir\u0161tin\u0117s \u201e3M Thinsulate\u2122\u201c<\/title>\n<meta name=\"description\" content=\"\u017diemin\u0117s pir\u0161tin\u0117s \u201e3M Thinsulate\u2122\u201c sukurtos tam, kad tavo rankoms b\u016bt\u0173 patogu, \u0161ilta ir jos b\u016bt\u0173 gerai apsaugotos \u012fvairiomis \u0161alto oro s\u0105lygomis.\" \/>\n<meta name=\"robots\" content=\"index, follow, max-snippet:-1, max-image-preview:large, max-video-preview:-1\" \/>\n<link rel=\"canonical\" href=\"https:\/\/toidupakk.ee\/lt\/toode\/ziemines-pirstines-3m-thinsulate\/\" \/>\n<meta property=\"og:locale\" content=\"lt_LT\" \/>\n<meta property=\"og:type\" content=\"article\" \/>\n<meta property=\"og:title\" content=\"\u017diemin\u0117s pir\u0161tin\u0117s \u201e3M Thinsulate\u2122\u201c\" \/>\n<meta property=\"og:description\" content=\"\u017diemin\u0117s pir\u0161tin\u0117s \u201e3M Thinsulate\u2122\u201c sukurtos tam, kad tavo rankoms b\u016bt\u0173 patogu, \u0161ilta ir jos b\u016bt\u0173 gerai apsaugotos \u012fvairiomis \u0161alto oro s\u0105lygomis.\" \/>\n<meta property=\"og:url\" content=\"https:\/\/toidupakk.ee\/lt\/toode\/ziemines-pirstines-3m-thinsulate\/\" \/>\n<meta property=\"og:site_name\" content=\"Toidupakk.ee - Tactical Foodpack toidupakid\" \/>\n<meta property=\"article:publisher\" content=\"https:\/\/www.facebook.com\/Toidupakk\" \/>\n<meta property=\"article:modified_time\" content=\"2026-04-29T17:01:56+00:00\" \/>\n<meta property=\"og:image\" content=\"https:\/\/toidupakk.ee\/wp-content\/uploads\/2023\/10\/Talvekindad-3M-Thinsulate\u2122.png\" \/>\n\t<meta property=\"og:image:width\" content=\"800\" \/>\n\t<meta property=\"og:image:height\" content=\"800\" \/>\n\t<meta property=\"og:image:type\" content=\"image\/png\" \/>\n<meta name=\"twitter:card\" content=\"summary_large_image\" \/>\n<meta name=\"twitter:label1\" content=\"Est. reading time\" \/>\n\t<meta name=\"twitter:data1\" content=\"1 minut\u0117\" \/>\n<script type=\"application\/ld+json\" class=\"yoast-schema-graph\">{\"@context\":\"https:\\\/\\\/schema.org\",\"@graph\":[{\"@type\":\"WebPage\",\"@id\":\"https:\\\/\\\/toidupakk.ee\\\/lt\\\/toode\\\/ziemines-pirstines-3m-thinsulate\\\/\",\"url\":\"https:\\\/\\\/toidupakk.ee\\\/lt\\\/toode\\\/ziemines-pirstines-3m-thinsulate\\\/\",\"name\":\"\u017diemin\u0117s pir\u0161tin\u0117s \u201e3M Thinsulate\u2122\u201c\",\"isPartOf\":{\"@id\":\"https:\\\/\\\/toidupakk.ee\\\/lt\\\/#website\"},\"primaryImageOfPage\":{\"@id\":\"https:\\\/\\\/toidupakk.ee\\\/lt\\\/toode\\\/ziemines-pirstines-3m-thinsulate\\\/#primaryimage\"},\"image\":{\"@id\":\"https:\\\/\\\/toidupakk.ee\\\/lt\\\/toode\\\/ziemines-pirstines-3m-thinsulate\\\/#primaryimage\"},\"thumbnailUrl\":\"https:\\\/\\\/toidupakk.ee\\\/wp-content\\\/uploads\\\/2023\\\/10\\\/Talvekindad-3M-Thinsulate\u2122.png\",\"datePublished\":\"2023-10-24T12:37:09+00:00\",\"dateModified\":\"2026-04-29T17:01:56+00:00\",\"description\":\"\u017diemin\u0117s pir\u0161tin\u0117s \u201e3M Thinsulate\u2122\u201c sukurtos tam, kad tavo rankoms b\u016bt\u0173 patogu, \u0161ilta ir jos b\u016bt\u0173 gerai apsaugotos \u012fvairiomis \u0161alto oro s\u0105lygomis.\",\"breadcrumb\":{\"@id\":\"https:\\\/\\\/toidupakk.ee\\\/lt\\\/toode\\\/ziemines-pirstines-3m-thinsulate\\\/#breadcrumb\"},\"inLanguage\":\"lt-LT\",\"potentialAction\":[{\"@type\":\"ReadAction\",\"target\":[\"https:\\\/\\\/toidupakk.ee\\\/lt\\\/toode\\\/ziemines-pirstines-3m-thinsulate\\\/\"]}]},{\"@type\":\"ImageObject\",\"inLanguage\":\"lt-LT\",\"@id\":\"https:\\\/\\\/toidupakk.ee\\\/lt\\\/toode\\\/ziemines-pirstines-3m-thinsulate\\\/#primaryimage\",\"url\":\"https:\\\/\\\/toidupakk.ee\\\/wp-content\\\/uploads\\\/2023\\\/10\\\/Talvekindad-3M-Thinsulate\u2122.png\",\"contentUrl\":\"https:\\\/\\\/toidupakk.ee\\\/wp-content\\\/uploads\\\/2023\\\/10\\\/Talvekindad-3M-Thinsulate\u2122.png\",\"width\":800,\"height\":800,\"caption\":\"3M soojad kindad talveks\"},{\"@type\":\"BreadcrumbList\",\"@id\":\"https:\\\/\\\/toidupakk.ee\\\/lt\\\/toode\\\/ziemines-pirstines-3m-thinsulate\\\/#breadcrumb\",\"itemListElement\":[{\"@type\":\"ListItem\",\"position\":1,\"name\":\"Avaleht\",\"item\":\"https:\\\/\\\/toidupakk.ee\\\/lt\\\/\"},{\"@type\":\"ListItem\",\"position\":2,\"name\":\"El. parduotuv\u0117\",\"item\":\"https:\\\/\\\/toidupakk.ee\\\/lt\\\/el-parduotuve\\\/\"},{\"@type\":\"ListItem\",\"position\":3,\"name\":\"\u017diemin\u0117s pir\u0161tin\u0117s \u201e3M Thinsulate\u2122\u201c\"}]},{\"@type\":\"WebSite\",\"@id\":\"https:\\\/\\\/toidupakk.ee\\\/lt\\\/#website\",\"url\":\"https:\\\/\\\/toidupakk.ee\\\/lt\\\/\",\"name\":\"Toidupakk.ee - Tactical Foodpack toidupakid\",\"description\":\"Tactical Foodpack k\u00fclmkuivatatud toidupakid ja matkaeined\",\"publisher\":{\"@id\":\"https:\\\/\\\/toidupakk.ee\\\/lt\\\/#organization\"},\"potentialAction\":[{\"@type\":\"SearchAction\",\"target\":{\"@type\":\"EntryPoint\",\"urlTemplate\":\"https:\\\/\\\/toidupakk.ee\\\/lt\\\/?s={search_term_string}\"},\"query-input\":{\"@type\":\"PropertyValueSpecification\",\"valueRequired\":true,\"valueName\":\"search_term_string\"}}],\"inLanguage\":\"lt-LT\"},{\"@type\":\"Organization\",\"@id\":\"https:\\\/\\\/toidupakk.ee\\\/lt\\\/#organization\",\"name\":\"Tactical Foodpack matkaeined\",\"url\":\"https:\\\/\\\/toidupakk.ee\\\/lt\\\/\",\"logo\":{\"@type\":\"ImageObject\",\"inLanguage\":\"lt-LT\",\"@id\":\"https:\\\/\\\/toidupakk.ee\\\/lt\\\/#\\\/schema\\\/logo\\\/image\\\/\",\"url\":\"https:\\\/\\\/toidupakk.ee\\\/wp-content\\\/uploads\\\/2022\\\/01\\\/Toidupakk-matkapood-logo-transparent.png\",\"contentUrl\":\"https:\\\/\\\/toidupakk.ee\\\/wp-content\\\/uploads\\\/2022\\\/01\\\/Toidupakk-matkapood-logo-transparent.png\",\"width\":500,\"height\":500,\"caption\":\"Tactical Foodpack matkaeined\"},\"image\":{\"@id\":\"https:\\\/\\\/toidupakk.ee\\\/lt\\\/#\\\/schema\\\/logo\\\/image\\\/\"},\"sameAs\":[\"https:\\\/\\\/www.facebook.com\\\/Toidupakk\",\"https:\\\/\\\/www.instagram.com\\\/toidupakk\\\/\"]}]}<\/script>\n<!-- \/ Yoast SEO plugin. -->","yoast_head_json":{"title":"\u017diemin\u0117s pir\u0161tin\u0117s \u201e3M Thinsulate\u2122\u201c","description":"\u017diemin\u0117s pir\u0161tin\u0117s \u201e3M Thinsulate\u2122\u201c sukurtos tam, kad tavo rankoms b\u016bt\u0173 patogu, \u0161ilta ir jos b\u016bt\u0173 gerai apsaugotos \u012fvairiomis \u0161alto oro s\u0105lygomis.","robots":{"index":"index","follow":"follow","max-snippet":"max-snippet:-1","max-image-preview":"max-image-preview:large","max-video-preview":"max-video-preview:-1"},"canonical":"https:\/\/toidupakk.ee\/lt\/toode\/ziemines-pirstines-3m-thinsulate\/","og_locale":"lt_LT","og_type":"article","og_title":"\u017diemin\u0117s pir\u0161tin\u0117s \u201e3M Thinsulate\u2122\u201c","og_description":"\u017diemin\u0117s pir\u0161tin\u0117s \u201e3M Thinsulate\u2122\u201c sukurtos tam, kad tavo rankoms b\u016bt\u0173 patogu, \u0161ilta ir jos b\u016bt\u0173 gerai apsaugotos \u012fvairiomis \u0161alto oro s\u0105lygomis.","og_url":"https:\/\/toidupakk.ee\/lt\/toode\/ziemines-pirstines-3m-thinsulate\/","og_site_name":"Toidupakk.ee - Tactical Foodpack toidupakid","article_publisher":"https:\/\/www.facebook.com\/Toidupakk","article_modified_time":"2026-04-29T17:01:56+00:00","og_image":[{"width":800,"height":800,"url":"https:\/\/toidupakk.ee\/wp-content\/uploads\/2023\/10\/Talvekindad-3M-Thinsulate\u2122.png","type":"image\/png"}],"twitter_card":"summary_large_image","twitter_misc":{"Est. reading time":"1 minut\u0117"},"schema":{"@context":"https:\/\/schema.org","@graph":[{"@type":"WebPage","@id":"https:\/\/toidupakk.ee\/lt\/toode\/ziemines-pirstines-3m-thinsulate\/","url":"https:\/\/toidupakk.ee\/lt\/toode\/ziemines-pirstines-3m-thinsulate\/","name":"\u017diemin\u0117s pir\u0161tin\u0117s \u201e3M Thinsulate\u2122\u201c","isPartOf":{"@id":"https:\/\/toidupakk.ee\/lt\/#website"},"primaryImageOfPage":{"@id":"https:\/\/toidupakk.ee\/lt\/toode\/ziemines-pirstines-3m-thinsulate\/#primaryimage"},"image":{"@id":"https:\/\/toidupakk.ee\/lt\/toode\/ziemines-pirstines-3m-thinsulate\/#primaryimage"},"thumbnailUrl":"https:\/\/toidupakk.ee\/wp-content\/uploads\/2023\/10\/Talvekindad-3M-Thinsulate\u2122.png","datePublished":"2023-10-24T12:37:09+00:00","dateModified":"2026-04-29T17:01:56+00:00","description":"\u017diemin\u0117s pir\u0161tin\u0117s \u201e3M Thinsulate\u2122\u201c sukurtos tam, kad tavo rankoms b\u016bt\u0173 patogu, \u0161ilta ir jos b\u016bt\u0173 gerai apsaugotos \u012fvairiomis \u0161alto oro s\u0105lygomis.","breadcrumb":{"@id":"https:\/\/toidupakk.ee\/lt\/toode\/ziemines-pirstines-3m-thinsulate\/#breadcrumb"},"inLanguage":"lt-LT","potentialAction":[{"@type":"ReadAction","target":["https:\/\/toidupakk.ee\/lt\/toode\/ziemines-pirstines-3m-thinsulate\/"]}]},{"@type":"ImageObject","inLanguage":"lt-LT","@id":"https:\/\/toidupakk.ee\/lt\/toode\/ziemines-pirstines-3m-thinsulate\/#primaryimage","url":"https:\/\/toidupakk.ee\/wp-content\/uploads\/2023\/10\/Talvekindad-3M-Thinsulate\u2122.png","contentUrl":"https:\/\/toidupakk.ee\/wp-content\/uploads\/2023\/10\/Talvekindad-3M-Thinsulate\u2122.png","width":800,"height":800,"caption":"3M soojad kindad talveks"},{"@type":"BreadcrumbList","@id":"https:\/\/toidupakk.ee\/lt\/toode\/ziemines-pirstines-3m-thinsulate\/#breadcrumb","itemListElement":[{"@type":"ListItem","position":1,"name":"Avaleht","item":"https:\/\/toidupakk.ee\/lt\/"},{"@type":"ListItem","position":2,"name":"El. parduotuv\u0117","item":"https:\/\/toidupakk.ee\/lt\/el-parduotuve\/"},{"@type":"ListItem","position":3,"name":"\u017diemin\u0117s pir\u0161tin\u0117s \u201e3M Thinsulate\u2122\u201c"}]},{"@type":"WebSite","@id":"https:\/\/toidupakk.ee\/lt\/#website","url":"https:\/\/toidupakk.ee\/lt\/","name":"Toidupakk.ee - Tactical Foodpack toidupakid","description":"Tactical Foodpack k\u00fclmkuivatatud toidupakid ja matkaeined","publisher":{"@id":"https:\/\/toidupakk.ee\/lt\/#organization"},"potentialAction":[{"@type":"SearchAction","target":{"@type":"EntryPoint","urlTemplate":"https:\/\/toidupakk.ee\/lt\/?s={search_term_string}"},"query-input":{"@type":"PropertyValueSpecification","valueRequired":true,"valueName":"search_term_string"}}],"inLanguage":"lt-LT"},{"@type":"Organization","@id":"https:\/\/toidupakk.ee\/lt\/#organization","name":"Tactical Foodpack matkaeined","url":"https:\/\/toidupakk.ee\/lt\/","logo":{"@type":"ImageObject","inLanguage":"lt-LT","@id":"https:\/\/toidupakk.ee\/lt\/#\/schema\/logo\/image\/","url":"https:\/\/toidupakk.ee\/wp-content\/uploads\/2022\/01\/Toidupakk-matkapood-logo-transparent.png","contentUrl":"https:\/\/toidupakk.ee\/wp-content\/uploads\/2022\/01\/Toidupakk-matkapood-logo-transparent.png","width":500,"height":500,"caption":"Tactical Foodpack matkaeined"},"image":{"@id":"https:\/\/toidupakk.ee\/lt\/#\/schema\/logo\/image\/"},"sameAs":["https:\/\/www.facebook.com\/Toidupakk","https:\/\/www.instagram.com\/toidupakk\/"]}]}},"jetpack_sharing_enabled":true,"_links":{"self":[{"href":"https:\/\/toidupakk.ee\/lt\/wp-json\/wp\/v2\/product\/48640","targetHints":{"allow":["GET"]}}],"collection":[{"href":"https:\/\/toidupakk.ee\/lt\/wp-json\/wp\/v2\/product"}],"about":[{"href":"https:\/\/toidupakk.ee\/lt\/wp-json\/wp\/v2\/types\/product"}],"replies":[{"embeddable":true,"href":"https:\/\/toidupakk.ee\/lt\/wp-json\/wp\/v2\/comments?post=48640"}],"wp:featuredmedia":[{"embeddable":true,"href":"https:\/\/toidupakk.ee\/lt\/wp-json\/wp\/v2\/media\/15133"}],"wp:attachment":[{"href":"https:\/\/toidupakk.ee\/lt\/wp-json\/wp\/v2\/media?parent=48640"}],"wp:term":[{"taxonomy":"product_brand","embeddable":true,"href":"https:\/\/toidupakk.ee\/lt\/wp-json\/wp\/v2\/product_brand?post=48640"},{"taxonomy":"product_cat","embeddable":true,"href":"https:\/\/toidupakk.ee\/lt\/wp-json\/wp\/v2\/product_cat?post=48640"},{"taxonomy":"product_tag","embeddable":true,"href":"https:\/\/toidupakk.ee\/lt\/wp-json\/wp\/v2\/product_tag?post=48640"}],"curies":[{"name":"wp","href":"https:\/\/api.w.org\/{rel}","templated":true}]}}