{"id":48622,"date":"2024-03-05T14:48:51","date_gmt":"2024-03-05T12:48:51","guid":{"rendered":"https:\/\/toidupakk.ee\/toode\/iconfit-diet-shake-495-g\/"},"modified":"2026-04-30T00:01:41","modified_gmt":"2026-04-29T21:01:41","slug":"iconfit-diet-shake-495-g","status":"publish","type":"product","link":"https:\/\/toidupakk.ee\/lt\/toode\/iconfit-diet-shake-495-g\/","title":{"rendered":"ICONFIT Diet Shake (495 g)"},"content":{"rendered":"<h1>\u201eICONFIT Diet Shake\u201c pakei\u010dia praleist\u0105 valg\u012f<\/h1>\n<p>\u201eICONFIT Diet Shake\u201c \u2013 tai skanus ir subalansuotas valgio pakaitalas, padedantis numesti svorio. Kiekviename maistingame kokteilyje gausu baltym\u0173, skaidul\u0173, kolageno, riebal\u0173 deginim\u0105 skatinan\u010dio \u017ealiosios arbatos ekstrakto bei 23 svarbi\u0173 vitamin\u0173 ir mineral\u0173. Tik 210 kcal turintis kokteilis kelias valandas palaiko sotumo jausm\u0105 ir kartu padeda laikytis ma\u017eo kaloringumo dietos.  <\/p>\n<p>Daugiau nei 27 % baltym\u0173 ir daugiau nei 7 % skaidul\u0173 turintis kokteilis yra puikus kaloringo pagrindinio valgio pakaitalas. Galima rinktis i\u0161 keturi\u0173 skoni\u0173, o kokteil\u012f paruo\u0161ti plaktuv\u0117je su vandeniu paprasta ir malonu. CLA ir \u017ealiosios arbatos ekstraktas padeda deginti riebalus, kartu i\u0161laikant sotumo jausm\u0105 ir ma\u017e\u0105 paros kalorij\u0173 kiek\u012f.  <\/p>\n<p><img fetchpriority=\"high\" decoding=\"async\" class=\"alignnone wp-image-20885 size-thumbnail\" src=\"https:\/\/toidupakk.ee\/wp-content\/uploads\/2024\/03\/ICONFIT-Diet-Shake-sokolaadi-ja-seikeriga-500x500.jpeg\" alt=\"\" width=\"500\" height=\"500\" srcset=\"https:\/\/toidupakk.ee\/wp-content\/uploads\/2024\/03\/ICONFIT-Diet-Shake-sokolaadi-ja-seikeriga-500x500.jpeg 500w, https:\/\/toidupakk.ee\/wp-content\/uploads\/2024\/03\/ICONFIT-Diet-Shake-sokolaadi-ja-seikeriga-400x400.jpeg 400w, https:\/\/toidupakk.ee\/wp-content\/uploads\/2024\/03\/ICONFIT-Diet-Shake-sokolaadi-ja-seikeriga-100x100.jpeg 100w\" sizes=\"(max-width: 500px) 100vw, 500px\" \/><\/p>\n<h2>\u201eICONFIT Diet Shake\u201c ir paros kolageno kiekis<\/h2>\n<p>Dietiniai kokteiliai turi kolageno, tod\u0117l i\u0161geriant tris kokteilius per dien\u0105 u\u017etikrinama reikiama paros norma (10 g). Prebiotin\u0117 skaidulin\u0117 med\u017eiaga inulinas gerina vir\u0161kinim\u0105, o 23 skirting\u0173 vitamin\u0173 ir mineral\u0173 mikroelementai papildo organizm\u0105. <\/p>\n<p>ICONFIT produktai pasi\u017eymi puikiu skoniu, kokybi\u0161komis sudedamosiomis dalimis ir veiksmingais rezultatais. Tai lengviausias b\u016bdas numesti ar i\u0161laikyti svor\u012f naudojant tik geriausius funkcinius ingredientus. \u201eDiet Shake\u201c suteikia k\u016bnui tolygios energijos, pakeisdamas kaloring\u0105 maist\u0105 lengvais ir ma\u017eo kaloringumo (208\u2013211 kcal) kokteiliais.  <\/p>\n<p>Moksli\u0161kai pagr\u012fstas svorio metimo b\u016bdas \u2013 \u201eICONFIT Diet Shake\u201c yra praturtintas baltymais, skaidulomis, vitaminais ir mineralais, o \u017ealiosios arbatos ekstraktas skatina riebal\u0173 deginim\u0105. Kartu galima tur\u0117ti ICONBAR baton\u0117lius (208\u2013211 kcal), kurie puikiai dera su \u201eDiet Shake\u201c kokteiliais, u\u017etikrindami sotum\u0105 ir energingum\u0105. <\/p>\n<p>\u201eICONFIT Diet Shake\u201c kaip angliavandeni\u0173 \u0161altin\u012f naudoja \u017eemo glikeminio indekso \u201ePalatinose\u2122\u201c, u\u017etikrinan\u010di\u0105 ilgalaik\u012f energijos tiekim\u0105 organizmui. Nat\u016bralios inulino skaidulos padeda palaikyti normali\u0105 vir\u0161kinamojo trakto funkcij\u0105 ir prailgina sotumo jausm\u0105. <\/p>\n<p><img decoding=\"async\" class=\"alignnone wp-image-20880 size-thumbnail\" src=\"https:\/\/toidupakk.ee\/wp-content\/uploads\/2024\/03\/ICONFIT-Diet-Shake-5-500x500.jpg\" alt=\"\" width=\"500\" height=\"500\" srcset=\"https:\/\/toidupakk.ee\/wp-content\/uploads\/2024\/03\/ICONFIT-Diet-Shake-5-500x500.jpg 500w, https:\/\/toidupakk.ee\/wp-content\/uploads\/2024\/03\/ICONFIT-Diet-Shake-5-400x400.jpg 400w, https:\/\/toidupakk.ee\/wp-content\/uploads\/2024\/03\/ICONFIT-Diet-Shake-5-100x100.jpg 100w, https:\/\/toidupakk.ee\/wp-content\/uploads\/2024\/03\/ICONFIT-Diet-Shake-5-800x800.jpg 800w, https:\/\/toidupakk.ee\/wp-content\/uploads\/2024\/03\/ICONFIT-Diet-Shake-5-300x300.jpg 300w, https:\/\/toidupakk.ee\/wp-content\/uploads\/2024\/03\/ICONFIT-Diet-Shake-5-1024x1024.jpg 1024w, https:\/\/toidupakk.ee\/wp-content\/uploads\/2024\/03\/ICONFIT-Diet-Shake-5-768x768.jpg 768w, https:\/\/toidupakk.ee\/wp-content\/uploads\/2024\/03\/ICONFIT-Diet-Shake-5.jpg 1080w\" sizes=\"(max-width: 500px) 100vw, 500px\" \/><\/p>\n<h3>ICONFIT kokyb\u0117 ir r\u016bpestis<\/h3>\n<p>ICONFIT produktai sukurti Estijoje ir atitinka auk\u0161\u010diausius Europos kokyb\u0117s standartus. Savo produktus kuriame kartu su mitybos specialistais, sportininkais ir maisto technologais. <\/p>\n<p>ICONFIT produktuose n\u0117ra nereikaling\u0173 dirbtini\u0173 stabilizatori\u0173, da\u017eikli\u0173 ar konservant\u0173. M\u016bs\u0173 klientai gr\u012f\u017eta v\u0117l ir v\u0117l d\u0117l kokyb\u0117s, grynumo ir puikaus skonio. <\/p>\n<p><img decoding=\"async\" class=\"alignnone wp-image-15624 size-medium\" src=\"https:\/\/toidupakk.ee\/wp-content\/uploads\/2023\/11\/ICONFIT-kollageeni-pulber-liigestele-5-300x300.png\" alt=\"iconfit logotipas\" width=\"300\" height=\"300\" srcset=\"https:\/\/toidupakk.ee\/wp-content\/uploads\/2023\/11\/ICONFIT-kollageeni-pulber-liigestele-5-300x300.png 300w, https:\/\/toidupakk.ee\/wp-content\/uploads\/2023\/11\/ICONFIT-kollageeni-pulber-liigestele-5-400x400.png 400w, https:\/\/toidupakk.ee\/wp-content\/uploads\/2023\/11\/ICONFIT-kollageeni-pulber-liigestele-5-100x100.png 100w, https:\/\/toidupakk.ee\/wp-content\/uploads\/2023\/11\/ICONFIT-kollageeni-pulber-liigestele-5-500x500.png 500w, https:\/\/toidupakk.ee\/wp-content\/uploads\/2023\/11\/ICONFIT-kollageeni-pulber-liigestele-5-768x768.png 768w, https:\/\/toidupakk.ee\/wp-content\/uploads\/2023\/11\/ICONFIT-kollageeni-pulber-liigestele-5.png 800w\" sizes=\"(max-width: 300px) 100vw, 300px\" \/><\/p>\n<p>Domiesi \u017eygio reikmenimis? Su\u017einok daugiau <a href=\"https:\/\/toidupakk.ee\/lt\/tootekategooria\/zygio-iranga\/#section-3-79\">\u010cIA<\/a><\/p>\n<p>O gal domina \u017eygio maistas? \u017di\u016br\u0117k <a href=\"https:\/\/toidupakk.ee\/lt\/tootekategooria\/pagrindiniai-patiekalai\/\">\u010cIA<\/a><\/p>\n<p>Pasisemk \u012fkv\u0117pimo kitiems nuotykiams Toidupakk <a href=\"https:\/\/www.instagram.com\/toidupakk\/\">Instagram<\/a> ir <a href=\"https:\/\/www.facebook.com\/Toidupakk\/\">Facebook<\/a> paskyrose.<\/p>\n","protected":false},"excerpt":{"rendered":"<div class=\"\" data-block=\"true\" data-editor=\"c3fd1\" data-offset-key=\"3p28m-0-0\">\n<div class=\"_1mf _1mj\" data-offset-key=\"3p28m-0-0\">\n<p><strong>Nuolat kurkia pilvas, o alkis trukdo susikaupti? \u201eICONFIT Diet Shake\u201c pad\u0117s tau numesti svorio naudojant skanius ir subalansuotus valgio pakaital\u0173 kokteilius. \u201eICONFIT Diet Shake\u201c kokteiliai ilgiau i\u0161laiko sotumo jausm\u0105 ir yra be galo skan\u016bs.  <\/strong><\/p>\n<ul>\n<li>Padeda numesti svorio naudojant skanius ir subalansuotus valgio pakaital\u0173 kokteilius.<\/li>\n<li>Kiekvienoje \u201eDiet Shake\u201c porcijoje gausu baltym\u0173, skaidul\u0173, vitamin\u0173, mineral\u0173 ir kit\u0173 svarbi\u0173 maistini\u0173 med\u017eiag\u0173.<\/li>\n<li>Sud\u0117tyje taip pat yra riebal\u0173 deginim\u0105 skatinan\u010dio \u017ealiosios arbatos ekstrakto.<\/li>\n<li>Subalansuotas receptas padeda ma\u017einti k\u016bno svor\u012f<\/li>\n<li>Lengviausias ir maloniausias b\u016bdas numesti ar i\u0161laikyti svor\u012f. Gali rinktis i\u0161 keturi\u0173 skoni\u0173, o kokteilius paruo\u0161ti itin paprasta. <a href=\"https:\/\/toidupakk.ee\/toode\/shaker-800ml-iconfit\/\">Sumai\u0161yk plaktuv\u0117je<\/a> su vandeniu ir m\u0117gaukis! <\/li>\n<li>Daug baltym\u0173 (vir\u0161 27 %) ir skaidul\u0173 (vir\u0161 7 %), ma\u017eai kalorij\u0173 (tik 208\u2013211 kcal viename kokteilyje). Pakeisk vien\u0105 kaloring\u0105 pagrindin\u012f valg\u012f lengvu dietiniu kokteiliu. <\/li>\n<li>Kolagenas \u2013 per dien\u0105 i\u0161gerdamas bent 3 dietinius kokteilius, gausi reikiam\u0105 paros kolageno kiek\u012f (10 g).<\/li>\n<li>Prebiotin\u0117 skaidulin\u0117 med\u017eiaga inulinas gerina vir\u0161kinim\u0105.<\/li>\n<li>Mikroelementai i\u0161 23 skirting\u0173 vitamin\u0173 ir mineral\u0173.<\/li>\n<li><strong>4 skirtingi skoniai \u012fvairovei: BRA\u0160KI\u0172, \u0160OKOLADO, APELSIN\u0172 ir VANIL\u0116S<\/strong><\/li>\n<\/ul>\n<p>\u2705 Turime sand\u0117lyje, greitas pristatymas per 1\u20133 d. d.<\/p>\n<\/div>\n<\/div>\n","protected":false},"featured_media":20875,"comment_status":"open","ping_status":"closed","template":"","meta":{"_acf_changed":false},"product_brand":[],"product_cat":[237,270,238,189,190],"product_tag":[],"class_list":{"0":"post-48622","1":"product","2":"type-product","3":"status-publish","4":"has-post-thumbnail","6":"product_cat-maisto-papildai","7":"product_cat-milteliai","8":"product_cat-svorio-metimas","9":"product_cat-zygio-iranga","10":"product_cat-zygio-prekes","12":"first","13":"instock","14":"sale","15":"taxable","16":"shipping-taxable","17":"purchasable","18":"product-type-variable","19":"has-default-attributes"},"bundled_by":[],"bundle_stock_status":"instock","bundle_stock_quantity":null,"bundle_virtual":false,"bundle_layout":"","bundle_add_to_cart_form_location":"","bundle_editable_in_cart":false,"bundle_sold_individually_context":"","bundle_item_grouping":"","bundle_min_size":"","bundle_max_size":"","bundle_price":[],"bundled_items":[],"bundle_sell_ids":[],"acf":[],"yoast_head":"<!-- This site is optimized with the Yoast SEO plugin v27.3 - https:\/\/yoast.com\/product\/yoast-seo-wordpress\/ -->\n<title>ICONFIT Diet Shake (495 g)<\/title>\n<meta name=\"description\" content=\"\u201eICONFIT Diet Shake\u201c padeda numesti svorio naudojant skanius ir subalansuotus valgio pakaital\u0173 kokteilius. Jie padeda i\u0161vengti alkio jausmo.\" \/>\n<meta name=\"robots\" content=\"index, follow, max-snippet:-1, max-image-preview:large, max-video-preview:-1\" \/>\n<link rel=\"canonical\" href=\"https:\/\/toidupakk.ee\/lt\/toode\/iconfit-diet-shake-495-g\/\" \/>\n<meta property=\"og:locale\" content=\"lt_LT\" \/>\n<meta property=\"og:type\" content=\"article\" \/>\n<meta property=\"og:title\" content=\"ICONFIT Diet Shake (495 g)\" \/>\n<meta property=\"og:description\" content=\"\u201eICONFIT Diet Shake\u201c padeda numesti svorio naudojant skanius ir subalansuotus valgio pakaital\u0173 kokteilius. Jie padeda i\u0161vengti alkio jausmo.\" \/>\n<meta property=\"og:url\" content=\"https:\/\/toidupakk.ee\/lt\/toode\/iconfit-diet-shake-495-g\/\" \/>\n<meta property=\"og:site_name\" content=\"Toidupakk.ee - Tactical Foodpack toidupakid\" \/>\n<meta property=\"article:publisher\" content=\"https:\/\/www.facebook.com\/Toidupakk\" \/>\n<meta property=\"article:modified_time\" content=\"2026-04-29T21:01:41+00:00\" \/>\n<meta property=\"og:image\" content=\"https:\/\/toidupakk.ee\/wp-content\/uploads\/2024\/03\/ICONFIT-Diet-Shake-3.png\" \/>\n\t<meta property=\"og:image:width\" content=\"1080\" \/>\n\t<meta property=\"og:image:height\" content=\"1080\" \/>\n\t<meta property=\"og:image:type\" content=\"image\/png\" \/>\n<meta name=\"twitter:card\" content=\"summary_large_image\" \/>\n<meta name=\"twitter:label1\" content=\"Est. reading time\" \/>\n\t<meta name=\"twitter:data1\" content=\"2 minut\u0117s\" \/>\n<script type=\"application\/ld+json\" class=\"yoast-schema-graph\">{\"@context\":\"https:\\\/\\\/schema.org\",\"@graph\":[{\"@type\":\"WebPage\",\"@id\":\"https:\\\/\\\/toidupakk.ee\\\/lt\\\/toode\\\/iconfit-diet-shake-495-g\\\/\",\"url\":\"https:\\\/\\\/toidupakk.ee\\\/lt\\\/toode\\\/iconfit-diet-shake-495-g\\\/\",\"name\":\"ICONFIT Diet Shake (495 g)\",\"isPartOf\":{\"@id\":\"https:\\\/\\\/toidupakk.ee\\\/lt\\\/#website\"},\"primaryImageOfPage\":{\"@id\":\"https:\\\/\\\/toidupakk.ee\\\/lt\\\/toode\\\/iconfit-diet-shake-495-g\\\/#primaryimage\"},\"image\":{\"@id\":\"https:\\\/\\\/toidupakk.ee\\\/lt\\\/toode\\\/iconfit-diet-shake-495-g\\\/#primaryimage\"},\"thumbnailUrl\":\"https:\\\/\\\/toidupakk.ee\\\/wp-content\\\/uploads\\\/2024\\\/03\\\/ICONFIT-Diet-Shake-3.png\",\"datePublished\":\"2024-03-05T12:48:51+00:00\",\"dateModified\":\"2026-04-29T21:01:41+00:00\",\"description\":\"\u201eICONFIT Diet Shake\u201c padeda numesti svorio naudojant skanius ir subalansuotus valgio pakaital\u0173 kokteilius. Jie padeda i\u0161vengti alkio jausmo.\",\"breadcrumb\":{\"@id\":\"https:\\\/\\\/toidupakk.ee\\\/lt\\\/toode\\\/iconfit-diet-shake-495-g\\\/#breadcrumb\"},\"inLanguage\":\"lt-LT\",\"potentialAction\":[{\"@type\":\"ReadAction\",\"target\":[\"https:\\\/\\\/toidupakk.ee\\\/lt\\\/toode\\\/iconfit-diet-shake-495-g\\\/\"]}]},{\"@type\":\"ImageObject\",\"inLanguage\":\"lt-LT\",\"@id\":\"https:\\\/\\\/toidupakk.ee\\\/lt\\\/toode\\\/iconfit-diet-shake-495-g\\\/#primaryimage\",\"url\":\"https:\\\/\\\/toidupakk.ee\\\/wp-content\\\/uploads\\\/2024\\\/03\\\/ICONFIT-Diet-Shake-3.png\",\"contentUrl\":\"https:\\\/\\\/toidupakk.ee\\\/wp-content\\\/uploads\\\/2024\\\/03\\\/ICONFIT-Diet-Shake-3.png\",\"width\":1080,\"height\":1080,\"caption\":\"Diet shake apelsini maitseline\"},{\"@type\":\"BreadcrumbList\",\"@id\":\"https:\\\/\\\/toidupakk.ee\\\/lt\\\/toode\\\/iconfit-diet-shake-495-g\\\/#breadcrumb\",\"itemListElement\":[{\"@type\":\"ListItem\",\"position\":1,\"name\":\"Avaleht\",\"item\":\"https:\\\/\\\/toidupakk.ee\\\/lt\\\/\"},{\"@type\":\"ListItem\",\"position\":2,\"name\":\"El. parduotuv\u0117\",\"item\":\"https:\\\/\\\/toidupakk.ee\\\/lt\\\/el-parduotuve\\\/\"},{\"@type\":\"ListItem\",\"position\":3,\"name\":\"ICONFIT Diet Shake (495 g)\"}]},{\"@type\":\"WebSite\",\"@id\":\"https:\\\/\\\/toidupakk.ee\\\/lt\\\/#website\",\"url\":\"https:\\\/\\\/toidupakk.ee\\\/lt\\\/\",\"name\":\"Toidupakk.ee - Tactical Foodpack toidupakid\",\"description\":\"Tactical Foodpack k\u00fclmkuivatatud toidupakid ja matkaeined\",\"publisher\":{\"@id\":\"https:\\\/\\\/toidupakk.ee\\\/lt\\\/#organization\"},\"potentialAction\":[{\"@type\":\"SearchAction\",\"target\":{\"@type\":\"EntryPoint\",\"urlTemplate\":\"https:\\\/\\\/toidupakk.ee\\\/lt\\\/?s={search_term_string}\"},\"query-input\":{\"@type\":\"PropertyValueSpecification\",\"valueRequired\":true,\"valueName\":\"search_term_string\"}}],\"inLanguage\":\"lt-LT\"},{\"@type\":\"Organization\",\"@id\":\"https:\\\/\\\/toidupakk.ee\\\/lt\\\/#organization\",\"name\":\"Tactical Foodpack matkaeined\",\"url\":\"https:\\\/\\\/toidupakk.ee\\\/lt\\\/\",\"logo\":{\"@type\":\"ImageObject\",\"inLanguage\":\"lt-LT\",\"@id\":\"https:\\\/\\\/toidupakk.ee\\\/lt\\\/#\\\/schema\\\/logo\\\/image\\\/\",\"url\":\"https:\\\/\\\/toidupakk.ee\\\/wp-content\\\/uploads\\\/2022\\\/01\\\/Toidupakk-matkapood-logo-transparent.png\",\"contentUrl\":\"https:\\\/\\\/toidupakk.ee\\\/wp-content\\\/uploads\\\/2022\\\/01\\\/Toidupakk-matkapood-logo-transparent.png\",\"width\":500,\"height\":500,\"caption\":\"Tactical Foodpack matkaeined\"},\"image\":{\"@id\":\"https:\\\/\\\/toidupakk.ee\\\/lt\\\/#\\\/schema\\\/logo\\\/image\\\/\"},\"sameAs\":[\"https:\\\/\\\/www.facebook.com\\\/Toidupakk\",\"https:\\\/\\\/www.instagram.com\\\/toidupakk\\\/\"]}]}<\/script>\n<!-- \/ Yoast SEO plugin. -->","yoast_head_json":{"title":"ICONFIT Diet Shake (495 g)","description":"\u201eICONFIT Diet Shake\u201c padeda numesti svorio naudojant skanius ir subalansuotus valgio pakaital\u0173 kokteilius. Jie padeda i\u0161vengti alkio jausmo.","robots":{"index":"index","follow":"follow","max-snippet":"max-snippet:-1","max-image-preview":"max-image-preview:large","max-video-preview":"max-video-preview:-1"},"canonical":"https:\/\/toidupakk.ee\/lt\/toode\/iconfit-diet-shake-495-g\/","og_locale":"lt_LT","og_type":"article","og_title":"ICONFIT Diet Shake (495 g)","og_description":"\u201eICONFIT Diet Shake\u201c padeda numesti svorio naudojant skanius ir subalansuotus valgio pakaital\u0173 kokteilius. Jie padeda i\u0161vengti alkio jausmo.","og_url":"https:\/\/toidupakk.ee\/lt\/toode\/iconfit-diet-shake-495-g\/","og_site_name":"Toidupakk.ee - Tactical Foodpack toidupakid","article_publisher":"https:\/\/www.facebook.com\/Toidupakk","article_modified_time":"2026-04-29T21:01:41+00:00","og_image":[{"width":1080,"height":1080,"url":"https:\/\/toidupakk.ee\/wp-content\/uploads\/2024\/03\/ICONFIT-Diet-Shake-3.png","type":"image\/png"}],"twitter_card":"summary_large_image","twitter_misc":{"Est. reading time":"2 minut\u0117s"},"schema":{"@context":"https:\/\/schema.org","@graph":[{"@type":"WebPage","@id":"https:\/\/toidupakk.ee\/lt\/toode\/iconfit-diet-shake-495-g\/","url":"https:\/\/toidupakk.ee\/lt\/toode\/iconfit-diet-shake-495-g\/","name":"ICONFIT Diet Shake (495 g)","isPartOf":{"@id":"https:\/\/toidupakk.ee\/lt\/#website"},"primaryImageOfPage":{"@id":"https:\/\/toidupakk.ee\/lt\/toode\/iconfit-diet-shake-495-g\/#primaryimage"},"image":{"@id":"https:\/\/toidupakk.ee\/lt\/toode\/iconfit-diet-shake-495-g\/#primaryimage"},"thumbnailUrl":"https:\/\/toidupakk.ee\/wp-content\/uploads\/2024\/03\/ICONFIT-Diet-Shake-3.png","datePublished":"2024-03-05T12:48:51+00:00","dateModified":"2026-04-29T21:01:41+00:00","description":"\u201eICONFIT Diet Shake\u201c padeda numesti svorio naudojant skanius ir subalansuotus valgio pakaital\u0173 kokteilius. Jie padeda i\u0161vengti alkio jausmo.","breadcrumb":{"@id":"https:\/\/toidupakk.ee\/lt\/toode\/iconfit-diet-shake-495-g\/#breadcrumb"},"inLanguage":"lt-LT","potentialAction":[{"@type":"ReadAction","target":["https:\/\/toidupakk.ee\/lt\/toode\/iconfit-diet-shake-495-g\/"]}]},{"@type":"ImageObject","inLanguage":"lt-LT","@id":"https:\/\/toidupakk.ee\/lt\/toode\/iconfit-diet-shake-495-g\/#primaryimage","url":"https:\/\/toidupakk.ee\/wp-content\/uploads\/2024\/03\/ICONFIT-Diet-Shake-3.png","contentUrl":"https:\/\/toidupakk.ee\/wp-content\/uploads\/2024\/03\/ICONFIT-Diet-Shake-3.png","width":1080,"height":1080,"caption":"Diet shake apelsini maitseline"},{"@type":"BreadcrumbList","@id":"https:\/\/toidupakk.ee\/lt\/toode\/iconfit-diet-shake-495-g\/#breadcrumb","itemListElement":[{"@type":"ListItem","position":1,"name":"Avaleht","item":"https:\/\/toidupakk.ee\/lt\/"},{"@type":"ListItem","position":2,"name":"El. parduotuv\u0117","item":"https:\/\/toidupakk.ee\/lt\/el-parduotuve\/"},{"@type":"ListItem","position":3,"name":"ICONFIT Diet Shake (495 g)"}]},{"@type":"WebSite","@id":"https:\/\/toidupakk.ee\/lt\/#website","url":"https:\/\/toidupakk.ee\/lt\/","name":"Toidupakk.ee - Tactical Foodpack toidupakid","description":"Tactical Foodpack k\u00fclmkuivatatud toidupakid ja matkaeined","publisher":{"@id":"https:\/\/toidupakk.ee\/lt\/#organization"},"potentialAction":[{"@type":"SearchAction","target":{"@type":"EntryPoint","urlTemplate":"https:\/\/toidupakk.ee\/lt\/?s={search_term_string}"},"query-input":{"@type":"PropertyValueSpecification","valueRequired":true,"valueName":"search_term_string"}}],"inLanguage":"lt-LT"},{"@type":"Organization","@id":"https:\/\/toidupakk.ee\/lt\/#organization","name":"Tactical Foodpack matkaeined","url":"https:\/\/toidupakk.ee\/lt\/","logo":{"@type":"ImageObject","inLanguage":"lt-LT","@id":"https:\/\/toidupakk.ee\/lt\/#\/schema\/logo\/image\/","url":"https:\/\/toidupakk.ee\/wp-content\/uploads\/2022\/01\/Toidupakk-matkapood-logo-transparent.png","contentUrl":"https:\/\/toidupakk.ee\/wp-content\/uploads\/2022\/01\/Toidupakk-matkapood-logo-transparent.png","width":500,"height":500,"caption":"Tactical Foodpack matkaeined"},"image":{"@id":"https:\/\/toidupakk.ee\/lt\/#\/schema\/logo\/image\/"},"sameAs":["https:\/\/www.facebook.com\/Toidupakk","https:\/\/www.instagram.com\/toidupakk\/"]}]}},"jetpack_sharing_enabled":true,"_links":{"self":[{"href":"https:\/\/toidupakk.ee\/lt\/wp-json\/wp\/v2\/product\/48622","targetHints":{"allow":["GET"]}}],"collection":[{"href":"https:\/\/toidupakk.ee\/lt\/wp-json\/wp\/v2\/product"}],"about":[{"href":"https:\/\/toidupakk.ee\/lt\/wp-json\/wp\/v2\/types\/product"}],"replies":[{"embeddable":true,"href":"https:\/\/toidupakk.ee\/lt\/wp-json\/wp\/v2\/comments?post=48622"}],"wp:featuredmedia":[{"embeddable":true,"href":"https:\/\/toidupakk.ee\/lt\/wp-json\/wp\/v2\/media\/20875"}],"wp:attachment":[{"href":"https:\/\/toidupakk.ee\/lt\/wp-json\/wp\/v2\/media?parent=48622"}],"wp:term":[{"taxonomy":"product_brand","embeddable":true,"href":"https:\/\/toidupakk.ee\/lt\/wp-json\/wp\/v2\/product_brand?post=48622"},{"taxonomy":"product_cat","embeddable":true,"href":"https:\/\/toidupakk.ee\/lt\/wp-json\/wp\/v2\/product_cat?post=48622"},{"taxonomy":"product_tag","embeddable":true,"href":"https:\/\/toidupakk.ee\/lt\/wp-json\/wp\/v2\/product_tag?post=48622"}],"curies":[{"name":"wp","href":"https:\/\/api.w.org\/{rel}","templated":true}]}}