{"id":48590,"date":"2023-08-07T16:23:52","date_gmt":"2023-08-07T13:23:52","guid":{"rendered":"https:\/\/toidupakk.ee\/toode\/sapierine-lenta-sulankstoma-kastuvele-mil-tec\/"},"modified":"2026-04-13T19:01:50","modified_gmt":"2026-04-13T16:01:50","slug":"sapierine-lenta-sulankstoma-kastuvele-mil-tec","status":"publish","type":"product","link":"https:\/\/toidupakk.ee\/lt\/toode\/sapierine-lenta-sulankstoma-kastuvele-mil-tec\/","title":{"rendered":"Sapierin\u0117 lenta \u2013 sulankstoma kastuv\u0117l\u0117 MIL-TEC\u00ae"},"content":{"rendered":"<h1>Sapierin\u0117 lenta \u2013 sulankstoma kastuv\u0117l\u0117<\/h1>\n<p>B\u016bkite pasiruo\u0161\u0119 netik\u0117tumams. \u0160is universalus ir kompakti\u0161kas sapierin\u0117s lentos kastuv\u0117lis yra tikras pagalbininkas bet kokiomis oro s\u0105lygomis.<br \/>\n Nuo lau\u017eo k\u016brimo, automobilio i\u0161kasimo i\u0161 sniego iki dar\u017eo darb\u0173 \u2013 \u0161is kastuv\u0117lis tikrai yra geras \u012frankis.<br \/>\n<strong>Daugiau nei tik kastuv\u0117lis<\/strong> \u2013 tai universalus ir b\u016btinas \u012frankis lauko s\u0105lygomis keliaujantiems entuziastams, turistams ir visiems, kurie vertina kompakti\u0161k\u0105, patvari\u0105 ir universal\u0173 \u012frang\u0105.<\/p>\n<p><img fetchpriority=\"high\" decoding=\"async\" class=\"alignright wp-image-12607 size-thumbnail\" src=\"https:\/\/toidupakk.ee\/wp-content\/uploads\/2023\/08\/sapoorilabidas-kokkupandult-500x500.png\" alt=\"sapierin\u0117 lenta sulankstyta\" width=\"500\" height=\"500\" srcset=\"https:\/\/toidupakk.ee\/wp-content\/uploads\/2023\/08\/sapoorilabidas-kokkupandult-500x500.png 500w, https:\/\/toidupakk.ee\/wp-content\/uploads\/2023\/08\/sapoorilabidas-kokkupandult-400x400.png 400w, https:\/\/toidupakk.ee\/wp-content\/uploads\/2023\/08\/sapoorilabidas-kokkupandult-100x100.png 100w, https:\/\/toidupakk.ee\/wp-content\/uploads\/2023\/08\/sapoorilabidas-kokkupandult-800x800.png 800w, https:\/\/toidupakk.ee\/wp-content\/uploads\/2023\/08\/sapoorilabidas-kokkupandult-300x300.png 300w, https:\/\/toidupakk.ee\/wp-content\/uploads\/2023\/08\/sapoorilabidas-kokkupandult-1024x1024.png 1024w, https:\/\/toidupakk.ee\/wp-content\/uploads\/2023\/08\/sapoorilabidas-kokkupandult-768x768.png 768w, https:\/\/toidupakk.ee\/wp-content\/uploads\/2023\/08\/sapoorilabidas-kokkupandult.png 1080w\" sizes=\"(max-width: 500px) 100vw, 500px\" \/><\/p>\n<p>D\u0116MESIO! Kastuv\u0117lio sulankstymas yra labai paprastas. <\/p>\n<p>Sumontuoto kastuv\u0117lio sumanus dizainas leid\u017eia j\u012f kompakti\u0161kai sulankstyti, u\u017etikrinant minimal\u0173 vietos poreik\u012f j\u016bs\u0173 kuprin\u0117je, automobilio baga\u017ein\u0117je ar turizmo \u012frangoje.<\/p>\n<p>Kastuv\u0117lio rankena sukurta patogiam ir tvirtam laikymui, suma\u017einant rank\u0173 nuovarg\u012f ilgai naudojant.<\/p>\n<p>Pasisemk \u012fkv\u0117pimo kitiems nuotykiams \u201eToidupakk\u201c <a href=\"https:\/\/www.instagram.com\/toidupakk\/\">Instagram<\/a> ir <a href=\"https:\/\/www.facebook.com\/Toidupakk\/\">Facebook<\/a> paskyrose.<\/p>\n<p>\u017di\u016br\u0117k \u017eygio reikmenis <a href=\"https:\/\/toidupakk.ee\/lt\/tootekategooria\/zygio-iranga\/#section-3-79\">\u010cIA<\/a>.<\/p>\n","protected":false},"excerpt":{"rendered":"<p><strong>Sapierin\u0117 lenta \u2013 sulankstoma kastuv\u0117l\u0117 yra svarbi \u012frangos dalis turizmo kuprin\u0117je ar \u017evejo komplekte.<\/strong><\/p>\n<ul>\n<li>Stiprus plieninis kastuv\u0117lio gele\u017et\u0117<\/li>\n<li>Vienas gele\u017et\u0117s kra\u0161tas yra dantytas, padedantis kasti \u012f \u0161aknimis prasi\u0161lakstius\u012f dirvo\u017eem\u012f<\/li>\n<li>Kompakti\u0161kas \u2013 sulankstomas \u012f ma\u017e\u0105 dyd\u012f<\/li>\n<li>Metalin\u0117 konstrukcija yra patvari ir nel\u016b\u017eta tinkamai naudojant<\/li>\n<li>Patogus ir prakti\u0161kas<\/li>\n<li>Nepakei\u010diamas \u012frankis <strong>kari\u0161kiams, turistams, \u017evejams, med\u017eiotojams, automobili\u0173 vairuotojams<\/strong> ir kt.<\/li>\n<li>I\u0161matavimai sulankstyt\u0105: 24 x 15 cm. Storis 6 cm. <\/li>\n<li>I\u0161matavimai naudojimo pad\u0117tyje: 61 cm, kastuv\u0117lio gele\u017et\u0117 21 x 16 cm.<\/li>\n<li>Svoris: 1,6 kg<\/li>\n<\/ul>\n<p>\u2705 Turime sand\u0117lyje, greitas pristatymas per 1\u20133 darbo dienas<\/p>\n","protected":false},"featured_media":48613,"comment_status":"open","ping_status":"closed","template":"","meta":{"_acf_changed":false},"product_brand":[],"product_cat":[193,210,189,190],"product_tag":[],"class_list":{"0":"post-48590","1":"product","2":"type-product","3":"status-publish","4":"has-post-thumbnail","6":"product_cat-karine-ekipuote","7":"product_cat-mil-tec","8":"product_cat-zygio-iranga","9":"product_cat-zygio-prekes","11":"first","12":"instock","13":"sale","14":"taxable","15":"shipping-taxable","16":"purchasable","17":"product-type-variable","18":"has-default-attributes"},"bundled_by":[],"bundle_stock_status":"instock","bundle_stock_quantity":null,"bundle_virtual":false,"bundle_layout":"","bundle_add_to_cart_form_location":"","bundle_editable_in_cart":false,"bundle_sold_individually_context":"","bundle_item_grouping":"","bundle_min_size":"","bundle_max_size":"","bundle_price":[],"bundled_items":[],"bundle_sell_ids":[],"acf":[],"yoast_head":"<!-- This site is optimized with the Yoast SEO plugin v27.3 - https:\/\/yoast.com\/product\/yoast-seo-wordpress\/ -->\n<title>Sapierin\u0117 lenta \u2013 sulankstoma kastuv\u0117l\u0117 MIL-TEC\u00ae<\/title>\n<meta name=\"description\" content=\"Sapierin\u0117 lenta \u2013 sulankstoma kastuv\u0117l\u0117 yra patikimas ir patvarus \u012frankis kari\u0161kiams, turistams, \u017evejams, automobili\u0173 vairuotojams, med\u017eiotojams...\" \/>\n<meta name=\"robots\" content=\"index, follow, max-snippet:-1, max-image-preview:large, max-video-preview:-1\" \/>\n<link rel=\"canonical\" href=\"https:\/\/toidupakk.ee\/lt\/toode\/sapierine-lenta-sulankstoma-kastuvele-mil-tec\/\" \/>\n<meta property=\"og:locale\" content=\"lt_LT\" \/>\n<meta property=\"og:type\" content=\"article\" \/>\n<meta property=\"og:title\" content=\"Sapierin\u0117 lenta \u2013 sulankstoma kastuv\u0117l\u0117 MIL-TEC\u00ae\" \/>\n<meta property=\"og:description\" content=\"Sapierin\u0117 lenta \u2013 sulankstoma kastuv\u0117l\u0117 yra patikimas ir patvarus \u012frankis kari\u0161kiams, turistams, \u017evejams, automobili\u0173 vairuotojams, med\u017eiotojams...\" \/>\n<meta property=\"og:url\" content=\"https:\/\/toidupakk.ee\/lt\/toode\/sapierine-lenta-sulankstoma-kastuvele-mil-tec\/\" \/>\n<meta property=\"og:site_name\" content=\"Toidupakk.ee - Tactical Foodpack toidupakid\" \/>\n<meta property=\"article:publisher\" content=\"https:\/\/www.facebook.com\/Toidupakk\" \/>\n<meta property=\"article:modified_time\" content=\"2026-04-13T16:01:50+00:00\" \/>\n<meta property=\"og:image\" content=\"https:\/\/toidupakk.ee\/wp-content\/uploads\/2023\/08\/Sapoorilabidas-kokkupandav-labidas-1.png\" \/>\n\t<meta property=\"og:image:width\" content=\"800\" \/>\n\t<meta property=\"og:image:height\" content=\"800\" \/>\n\t<meta property=\"og:image:type\" content=\"image\/png\" \/>\n<meta name=\"twitter:card\" content=\"summary_large_image\" \/>\n<meta name=\"twitter:label1\" content=\"Est. reading time\" \/>\n\t<meta name=\"twitter:data1\" content=\"1 minut\u0117\" \/>\n<script type=\"application\/ld+json\" class=\"yoast-schema-graph\">{\"@context\":\"https:\\\/\\\/schema.org\",\"@graph\":[{\"@type\":\"WebPage\",\"@id\":\"https:\\\/\\\/toidupakk.ee\\\/lt\\\/toode\\\/sapierine-lenta-sulankstoma-kastuvele-mil-tec\\\/\",\"url\":\"https:\\\/\\\/toidupakk.ee\\\/lt\\\/toode\\\/sapierine-lenta-sulankstoma-kastuvele-mil-tec\\\/\",\"name\":\"Sapierin\u0117 lenta \u2013 sulankstoma kastuv\u0117l\u0117 MIL-TEC\u00ae\",\"isPartOf\":{\"@id\":\"https:\\\/\\\/toidupakk.ee\\\/lt\\\/#website\"},\"primaryImageOfPage\":{\"@id\":\"https:\\\/\\\/toidupakk.ee\\\/lt\\\/toode\\\/sapierine-lenta-sulankstoma-kastuvele-mil-tec\\\/#primaryimage\"},\"image\":{\"@id\":\"https:\\\/\\\/toidupakk.ee\\\/lt\\\/toode\\\/sapierine-lenta-sulankstoma-kastuvele-mil-tec\\\/#primaryimage\"},\"thumbnailUrl\":\"https:\\\/\\\/toidupakk.ee\\\/wp-content\\\/uploads\\\/2023\\\/08\\\/Sapoorilabidas-kokkupandav-labidas-1.png\",\"datePublished\":\"2023-08-07T13:23:52+00:00\",\"dateModified\":\"2026-04-13T16:01:50+00:00\",\"description\":\"Sapierin\u0117 lenta \u2013 sulankstoma kastuv\u0117l\u0117 yra patikimas ir patvarus \u012frankis kari\u0161kiams, turistams, \u017evejams, automobili\u0173 vairuotojams, med\u017eiotojams...\",\"breadcrumb\":{\"@id\":\"https:\\\/\\\/toidupakk.ee\\\/lt\\\/toode\\\/sapierine-lenta-sulankstoma-kastuvele-mil-tec\\\/#breadcrumb\"},\"inLanguage\":\"lt-LT\",\"potentialAction\":[{\"@type\":\"ReadAction\",\"target\":[\"https:\\\/\\\/toidupakk.ee\\\/lt\\\/toode\\\/sapierine-lenta-sulankstoma-kastuvele-mil-tec\\\/\"]}]},{\"@type\":\"ImageObject\",\"inLanguage\":\"lt-LT\",\"@id\":\"https:\\\/\\\/toidupakk.ee\\\/lt\\\/toode\\\/sapierine-lenta-sulankstoma-kastuvele-mil-tec\\\/#primaryimage\",\"url\":\"https:\\\/\\\/toidupakk.ee\\\/wp-content\\\/uploads\\\/2023\\\/08\\\/Sapoorilabidas-kokkupandav-labidas-1.png\",\"contentUrl\":\"https:\\\/\\\/toidupakk.ee\\\/wp-content\\\/uploads\\\/2023\\\/08\\\/Sapoorilabidas-kokkupandav-labidas-1.png\",\"width\":800,\"height\":800},{\"@type\":\"BreadcrumbList\",\"@id\":\"https:\\\/\\\/toidupakk.ee\\\/lt\\\/toode\\\/sapierine-lenta-sulankstoma-kastuvele-mil-tec\\\/#breadcrumb\",\"itemListElement\":[{\"@type\":\"ListItem\",\"position\":1,\"name\":\"Avaleht\",\"item\":\"https:\\\/\\\/toidupakk.ee\\\/lt\\\/\"},{\"@type\":\"ListItem\",\"position\":2,\"name\":\"El. parduotuv\u0117\",\"item\":\"https:\\\/\\\/toidupakk.ee\\\/lt\\\/el-parduotuve\\\/\"},{\"@type\":\"ListItem\",\"position\":3,\"name\":\"Sapierin\u0117 lenta \u2013 sulankstoma kastuv\u0117l\u0117 MIL-TEC\u00ae\"}]},{\"@type\":\"WebSite\",\"@id\":\"https:\\\/\\\/toidupakk.ee\\\/lt\\\/#website\",\"url\":\"https:\\\/\\\/toidupakk.ee\\\/lt\\\/\",\"name\":\"Toidupakk.ee - Tactical Foodpack toidupakid\",\"description\":\"Tactical Foodpack k\u00fclmkuivatatud toidupakid ja matkaeined\",\"publisher\":{\"@id\":\"https:\\\/\\\/toidupakk.ee\\\/lt\\\/#organization\"},\"potentialAction\":[{\"@type\":\"SearchAction\",\"target\":{\"@type\":\"EntryPoint\",\"urlTemplate\":\"https:\\\/\\\/toidupakk.ee\\\/lt\\\/?s={search_term_string}\"},\"query-input\":{\"@type\":\"PropertyValueSpecification\",\"valueRequired\":true,\"valueName\":\"search_term_string\"}}],\"inLanguage\":\"lt-LT\"},{\"@type\":\"Organization\",\"@id\":\"https:\\\/\\\/toidupakk.ee\\\/lt\\\/#organization\",\"name\":\"Tactical Foodpack matkaeined\",\"url\":\"https:\\\/\\\/toidupakk.ee\\\/lt\\\/\",\"logo\":{\"@type\":\"ImageObject\",\"inLanguage\":\"lt-LT\",\"@id\":\"https:\\\/\\\/toidupakk.ee\\\/lt\\\/#\\\/schema\\\/logo\\\/image\\\/\",\"url\":\"https:\\\/\\\/toidupakk.ee\\\/wp-content\\\/uploads\\\/2022\\\/01\\\/Toidupakk-matkapood-logo-transparent.png\",\"contentUrl\":\"https:\\\/\\\/toidupakk.ee\\\/wp-content\\\/uploads\\\/2022\\\/01\\\/Toidupakk-matkapood-logo-transparent.png\",\"width\":500,\"height\":500,\"caption\":\"Tactical Foodpack matkaeined\"},\"image\":{\"@id\":\"https:\\\/\\\/toidupakk.ee\\\/lt\\\/#\\\/schema\\\/logo\\\/image\\\/\"},\"sameAs\":[\"https:\\\/\\\/www.facebook.com\\\/Toidupakk\",\"https:\\\/\\\/www.instagram.com\\\/toidupakk\\\/\"]}]}<\/script>\n<!-- \/ Yoast SEO plugin. -->","yoast_head_json":{"title":"Sapierin\u0117 lenta \u2013 sulankstoma kastuv\u0117l\u0117 MIL-TEC\u00ae","description":"Sapierin\u0117 lenta \u2013 sulankstoma kastuv\u0117l\u0117 yra patikimas ir patvarus \u012frankis kari\u0161kiams, turistams, \u017evejams, automobili\u0173 vairuotojams, med\u017eiotojams...","robots":{"index":"index","follow":"follow","max-snippet":"max-snippet:-1","max-image-preview":"max-image-preview:large","max-video-preview":"max-video-preview:-1"},"canonical":"https:\/\/toidupakk.ee\/lt\/toode\/sapierine-lenta-sulankstoma-kastuvele-mil-tec\/","og_locale":"lt_LT","og_type":"article","og_title":"Sapierin\u0117 lenta \u2013 sulankstoma kastuv\u0117l\u0117 MIL-TEC\u00ae","og_description":"Sapierin\u0117 lenta \u2013 sulankstoma kastuv\u0117l\u0117 yra patikimas ir patvarus \u012frankis kari\u0161kiams, turistams, \u017evejams, automobili\u0173 vairuotojams, med\u017eiotojams...","og_url":"https:\/\/toidupakk.ee\/lt\/toode\/sapierine-lenta-sulankstoma-kastuvele-mil-tec\/","og_site_name":"Toidupakk.ee - Tactical Foodpack toidupakid","article_publisher":"https:\/\/www.facebook.com\/Toidupakk","article_modified_time":"2026-04-13T16:01:50+00:00","og_image":[{"width":800,"height":800,"url":"https:\/\/toidupakk.ee\/wp-content\/uploads\/2023\/08\/Sapoorilabidas-kokkupandav-labidas-1.png","type":"image\/png"}],"twitter_card":"summary_large_image","twitter_misc":{"Est. reading time":"1 minut\u0117"},"schema":{"@context":"https:\/\/schema.org","@graph":[{"@type":"WebPage","@id":"https:\/\/toidupakk.ee\/lt\/toode\/sapierine-lenta-sulankstoma-kastuvele-mil-tec\/","url":"https:\/\/toidupakk.ee\/lt\/toode\/sapierine-lenta-sulankstoma-kastuvele-mil-tec\/","name":"Sapierin\u0117 lenta \u2013 sulankstoma kastuv\u0117l\u0117 MIL-TEC\u00ae","isPartOf":{"@id":"https:\/\/toidupakk.ee\/lt\/#website"},"primaryImageOfPage":{"@id":"https:\/\/toidupakk.ee\/lt\/toode\/sapierine-lenta-sulankstoma-kastuvele-mil-tec\/#primaryimage"},"image":{"@id":"https:\/\/toidupakk.ee\/lt\/toode\/sapierine-lenta-sulankstoma-kastuvele-mil-tec\/#primaryimage"},"thumbnailUrl":"https:\/\/toidupakk.ee\/wp-content\/uploads\/2023\/08\/Sapoorilabidas-kokkupandav-labidas-1.png","datePublished":"2023-08-07T13:23:52+00:00","dateModified":"2026-04-13T16:01:50+00:00","description":"Sapierin\u0117 lenta \u2013 sulankstoma kastuv\u0117l\u0117 yra patikimas ir patvarus \u012frankis kari\u0161kiams, turistams, \u017evejams, automobili\u0173 vairuotojams, med\u017eiotojams...","breadcrumb":{"@id":"https:\/\/toidupakk.ee\/lt\/toode\/sapierine-lenta-sulankstoma-kastuvele-mil-tec\/#breadcrumb"},"inLanguage":"lt-LT","potentialAction":[{"@type":"ReadAction","target":["https:\/\/toidupakk.ee\/lt\/toode\/sapierine-lenta-sulankstoma-kastuvele-mil-tec\/"]}]},{"@type":"ImageObject","inLanguage":"lt-LT","@id":"https:\/\/toidupakk.ee\/lt\/toode\/sapierine-lenta-sulankstoma-kastuvele-mil-tec\/#primaryimage","url":"https:\/\/toidupakk.ee\/wp-content\/uploads\/2023\/08\/Sapoorilabidas-kokkupandav-labidas-1.png","contentUrl":"https:\/\/toidupakk.ee\/wp-content\/uploads\/2023\/08\/Sapoorilabidas-kokkupandav-labidas-1.png","width":800,"height":800},{"@type":"BreadcrumbList","@id":"https:\/\/toidupakk.ee\/lt\/toode\/sapierine-lenta-sulankstoma-kastuvele-mil-tec\/#breadcrumb","itemListElement":[{"@type":"ListItem","position":1,"name":"Avaleht","item":"https:\/\/toidupakk.ee\/lt\/"},{"@type":"ListItem","position":2,"name":"El. parduotuv\u0117","item":"https:\/\/toidupakk.ee\/lt\/el-parduotuve\/"},{"@type":"ListItem","position":3,"name":"Sapierin\u0117 lenta \u2013 sulankstoma kastuv\u0117l\u0117 MIL-TEC\u00ae"}]},{"@type":"WebSite","@id":"https:\/\/toidupakk.ee\/lt\/#website","url":"https:\/\/toidupakk.ee\/lt\/","name":"Toidupakk.ee - Tactical Foodpack toidupakid","description":"Tactical Foodpack k\u00fclmkuivatatud toidupakid ja matkaeined","publisher":{"@id":"https:\/\/toidupakk.ee\/lt\/#organization"},"potentialAction":[{"@type":"SearchAction","target":{"@type":"EntryPoint","urlTemplate":"https:\/\/toidupakk.ee\/lt\/?s={search_term_string}"},"query-input":{"@type":"PropertyValueSpecification","valueRequired":true,"valueName":"search_term_string"}}],"inLanguage":"lt-LT"},{"@type":"Organization","@id":"https:\/\/toidupakk.ee\/lt\/#organization","name":"Tactical Foodpack matkaeined","url":"https:\/\/toidupakk.ee\/lt\/","logo":{"@type":"ImageObject","inLanguage":"lt-LT","@id":"https:\/\/toidupakk.ee\/lt\/#\/schema\/logo\/image\/","url":"https:\/\/toidupakk.ee\/wp-content\/uploads\/2022\/01\/Toidupakk-matkapood-logo-transparent.png","contentUrl":"https:\/\/toidupakk.ee\/wp-content\/uploads\/2022\/01\/Toidupakk-matkapood-logo-transparent.png","width":500,"height":500,"caption":"Tactical Foodpack matkaeined"},"image":{"@id":"https:\/\/toidupakk.ee\/lt\/#\/schema\/logo\/image\/"},"sameAs":["https:\/\/www.facebook.com\/Toidupakk","https:\/\/www.instagram.com\/toidupakk\/"]}]}},"jetpack_sharing_enabled":true,"_links":{"self":[{"href":"https:\/\/toidupakk.ee\/lt\/wp-json\/wp\/v2\/product\/48590","targetHints":{"allow":["GET"]}}],"collection":[{"href":"https:\/\/toidupakk.ee\/lt\/wp-json\/wp\/v2\/product"}],"about":[{"href":"https:\/\/toidupakk.ee\/lt\/wp-json\/wp\/v2\/types\/product"}],"replies":[{"embeddable":true,"href":"https:\/\/toidupakk.ee\/lt\/wp-json\/wp\/v2\/comments?post=48590"}],"wp:featuredmedia":[{"embeddable":true,"href":"https:\/\/toidupakk.ee\/lt\/wp-json\/wp\/v2\/media\/48613"}],"wp:attachment":[{"href":"https:\/\/toidupakk.ee\/lt\/wp-json\/wp\/v2\/media?parent=48590"}],"wp:term":[{"taxonomy":"product_brand","embeddable":true,"href":"https:\/\/toidupakk.ee\/lt\/wp-json\/wp\/v2\/product_brand?post=48590"},{"taxonomy":"product_cat","embeddable":true,"href":"https:\/\/toidupakk.ee\/lt\/wp-json\/wp\/v2\/product_cat?post=48590"},{"taxonomy":"product_tag","embeddable":true,"href":"https:\/\/toidupakk.ee\/lt\/wp-json\/wp\/v2\/product_tag?post=48590"}],"curies":[{"name":"wp","href":"https:\/\/api.w.org\/{rel}","templated":true}]}}