{"id":48584,"date":"2023-12-28T11:03:27","date_gmt":"2023-12-28T09:03:27","guid":{"rendered":"https:\/\/toidupakk.ee\/toode\/kolageno-milteliai-iconfit-collagen-beauty-300-g\/"},"modified":"2026-04-04T00:01:51","modified_gmt":"2026-04-03T21:01:51","slug":"kolageno-milteliai-iconfit-collagen-beauty-300-g","status":"publish","type":"product","link":"https:\/\/toidupakk.ee\/lt\/toode\/kolageno-milteliai-iconfit-collagen-beauty-300-g\/","title":{"rendered":"Kolageno milteliai ICONFIT Collagen Beauty, 300 g"},"content":{"rendered":"<h1><img fetchpriority=\"high\" decoding=\"async\" class=\"alignright wp-image-34186 size-thumbnail\" src=\"https:\/\/toidupakk.ee\/wp-content\/uploads\/2023\/12\/Kollageeni-pulber-Collagen-Beauty-Iconfit31-500x500.jpg\" alt=\"kolageno milteliai beauty iconfit\" width=\"500\" height=\"500\" srcset=\"https:\/\/toidupakk.ee\/wp-content\/uploads\/2023\/12\/Kollageeni-pulber-Collagen-Beauty-Iconfit31-500x500.jpg 500w, https:\/\/toidupakk.ee\/wp-content\/uploads\/2023\/12\/Kollageeni-pulber-Collagen-Beauty-Iconfit31-400x400.jpg 400w, https:\/\/toidupakk.ee\/wp-content\/uploads\/2023\/12\/Kollageeni-pulber-Collagen-Beauty-Iconfit31-100x100.jpg 100w, https:\/\/toidupakk.ee\/wp-content\/uploads\/2023\/12\/Kollageeni-pulber-Collagen-Beauty-Iconfit31-300x300.jpg 300w, https:\/\/toidupakk.ee\/wp-content\/uploads\/2023\/12\/Kollageeni-pulber-Collagen-Beauty-Iconfit31-768x768.jpg 768w, https:\/\/toidupakk.ee\/wp-content\/uploads\/2023\/12\/Kollageeni-pulber-Collagen-Beauty-Iconfit31.jpg 800w\" sizes=\"(max-width: 500px) 100vw, 500px\" \/><\/h1>\n<h1>Kolageno milteliai ICONFIT Collagen Beauty<\/h1>\n<p>Kolageno milteliai ICONFIT Beauty Collagen susideda i\u0161 kokybi\u0161ko kolageno, hialurono r\u016bg\u0161ties, vitamino C, biotino ir cinko \u2013 visi jie yra vertinami ingredientai. Tai optimalus derinys <strong>geriausiems tavo odos, plauk\u0173 ir nag\u0173 rezultatams pasiekti<\/strong>! Tyrimai patvirtino, kad kolageno vartojimas <strong>skatina odos elastingum\u0105, ma\u017eina rauk\u0161les ir dr\u0117kina od\u0105.<\/strong> <\/p>\n<p>&nbsp;<\/p>\n<p>Kolagenas yra pagrindinis \u017emogaus k\u016bno baltymas, sudarantis 25\u201335 % vis\u0173 baltym\u0173. Nors jaunyst\u0117je organizmas geba pasigaminti reikiam\u0105 kiek\u012f kolageno, po ~25-\u0173j\u0173 gyvenimo met\u0173 jo gamyba kasmet suma\u017e\u0117ja apie 1,5 %. Tod\u0117l <strong>nuo 25\u201330 met\u0173 rekomenduojama papildyti kolageno atsargas.<\/strong> Dauguma kolageno kremuose ne\u012fsisavinami efektyviai, tod\u0117l su maistu ir g\u0117rimais vartojamas hidrolizuotas kolagenas pasisavinamas geriau. ICONFIT kolagenas gaminamas nenaudojant chemikal\u0173, u\u017etikrinant beveik 100 % grynum\u0105. M\u016bs\u0173 kolagenas yra gyv\u016bnin\u0117s kilm\u0117s.     <\/p>\n<p>Hialurono r\u016bg\u0161tis yra svarbi gra\u017eiai odai, jos randama \u012fvairiuose serumuose, kremuose ir injekcijose. Nors organizmas j\u0105 gamina pats, su am\u017eiumi r\u016bg\u0161ties kiekis ma\u017e\u0117ja, tod\u0117l rekomenduojama j\u0105 vartoti kaip maisto papild\u0105. <\/p>\n<p>Vitaminas C palaiko normal\u0173 kolageno susidarym\u0105 ir normali\u0105 odos funkcij\u0105, padeda ma\u017einti pavargimo jausm\u0105 ir nuovarg\u012f bei palaiko imunin\u0119 sistem\u0105.<\/p>\n<p>Cinkas ir biotinas padeda palaikyti normali\u0105 plauk\u0173, odos ir nag\u0173 b\u016bkl\u0119. ICONFIT Beauty Collagen yra kasdienis vitamin\u0173 kompleksas, kurio maistini\u0173 med\u017eiag\u0173 derinys maitina od\u0105 ir palaiko sveikus plaukus bei nagus. Pasiek sveik\u0105 \u0161vyt\u0117jim\u0105 i\u0161 vidaus!  <\/p>\n<p>&nbsp;<\/p>\n<h2>Kolageno milteliai &amp; ICONFIT kokyb\u0117 &amp; r\u016bpestis<\/h2>\n<p>ICONFIT produktai sukurti Estijoje ir atitinka auk\u0161\u010diausius Europos kokyb\u0117s standartus. Savo produktus kuriame kartu su mitybos specialistais, sportininkais ir maisto technologais. <\/p>\n<p>ICONFIT produktuose n\u0117ra nereikaling\u0173 dirbtini\u0173 stabilizatori\u0173, da\u017eikli\u0173 ar konservant\u0173. M\u016bs\u0173 klientai gr\u012f\u017eta v\u0117l ir v\u0117l d\u0117l kokyb\u0117s, grynumo ir puikaus skonio. <\/p>\n<p><img decoding=\"async\" class=\"alignright wp-image-34187 size-thumbnail\" src=\"https:\/\/toidupakk.ee\/wp-content\/uploads\/2023\/12\/Kollageeni-pulber-Collagen-Beauty-Iconfit32-500x500.jpg\" alt=\"\" width=\"500\" height=\"500\" srcset=\"https:\/\/toidupakk.ee\/wp-content\/uploads\/2023\/12\/Kollageeni-pulber-Collagen-Beauty-Iconfit32-500x500.jpg 500w, https:\/\/toidupakk.ee\/wp-content\/uploads\/2023\/12\/Kollageeni-pulber-Collagen-Beauty-Iconfit32-400x400.jpg 400w, https:\/\/toidupakk.ee\/wp-content\/uploads\/2023\/12\/Kollageeni-pulber-Collagen-Beauty-Iconfit32-100x100.jpg 100w, https:\/\/toidupakk.ee\/wp-content\/uploads\/2023\/12\/Kollageeni-pulber-Collagen-Beauty-Iconfit32-300x300.jpg 300w, https:\/\/toidupakk.ee\/wp-content\/uploads\/2023\/12\/Kollageeni-pulber-Collagen-Beauty-Iconfit32-768x768.jpg 768w, https:\/\/toidupakk.ee\/wp-content\/uploads\/2023\/12\/Kollageeni-pulber-Collagen-Beauty-Iconfit32.jpg 800w\" sizes=\"(max-width: 500px) 100vw, 500px\" \/><\/p>\n<p><img decoding=\"async\" class=\"alignnone wp-image-15624 size-medium\" src=\"https:\/\/toidupakk.ee\/wp-content\/uploads\/2023\/11\/ICONFIT-kollageeni-pulber-liigestele-5-300x300.png\" alt=\"iconfit logotipas\" width=\"300\" height=\"300\" srcset=\"https:\/\/toidupakk.ee\/wp-content\/uploads\/2023\/11\/ICONFIT-kollageeni-pulber-liigestele-5-300x300.png 300w, https:\/\/toidupakk.ee\/wp-content\/uploads\/2023\/11\/ICONFIT-kollageeni-pulber-liigestele-5-400x400.png 400w, https:\/\/toidupakk.ee\/wp-content\/uploads\/2023\/11\/ICONFIT-kollageeni-pulber-liigestele-5-100x100.png 100w, https:\/\/toidupakk.ee\/wp-content\/uploads\/2023\/11\/ICONFIT-kollageeni-pulber-liigestele-5-500x500.png 500w, https:\/\/toidupakk.ee\/wp-content\/uploads\/2023\/11\/ICONFIT-kollageeni-pulber-liigestele-5-768x768.png 768w, https:\/\/toidupakk.ee\/wp-content\/uploads\/2023\/11\/ICONFIT-kollageeni-pulber-liigestele-5.png 800w\" sizes=\"(max-width: 300px) 100vw, 300px\" \/><\/p>\n<p>&nbsp;<\/p>\n<p>Kitus maisto papildus per\u017ei\u016br\u0117k <a href=\"https:\/\/toidupakk.ee\/lt\/tootekategooria\/maisto-papildai\/\">\u010cIA<\/a><\/p>\n<p>Domiesi \u017eygi\u0173 maistu? \u017di\u016br\u0117k <a href=\"\/?product_cat=snakk#section-3-79\">\u010cIA<\/a><\/p>\n<p>Pasisemk \u012fkv\u0117pimo kitiems nuotykiams \u201eToidupakk\u201c <a href=\"https:\/\/www.instagram.com\/toidupakk\/\">Instagram<\/a> ir <a href=\"https:\/\/www.facebook.com\/Toidupakk\/\">Facebook<\/a> paskyrose.<\/p>\n","protected":false},"excerpt":{"rendered":"<p><strong>Kolageno milteliai ICONFIT Collagen Beauty yra Estijoje sukurtas ir pagamintas puikus kolageno ir vitamin\u0173 derinys, palaikantis odos, plauk\u0173 ir nag\u0173 sveikat\u0105. Produktas pagamintas naudojant gryniausi\u0105 kolagen\u0105, hialurono r\u016bg\u0161t\u012f, vitamin\u0105 C, biotin\u0105 ir cink\u0105 \u2013 viskas kartu, kad b\u016bt\u0173 pasiekti geriausi rezultatai odai, plaukams ir nagams. Produktas sukurtas bendradarbiaujant su mitybos ir gro\u017eio ekspertais, siekiant u\u017etikrinti ger\u0105 odos, plauk\u0173 ir nag\u0173 b\u016bkl\u0119.  <\/strong><\/p>\n<ul>\n<li>Sud\u0117tyje yra kokybi\u0161ko <strong>kolageno, vitamino C, hialurono r\u016bg\u0161ties, biotino ir cinko.<\/strong><\/li>\n<li>Sukurtas <strong>odos, nag\u0173 ir plauk\u0173 sveikatai palaikyti<\/strong>.<\/li>\n<li>Galima rinktis i\u0161 trij\u0173 skoni\u0173: <strong>apelsin\u0173, bra\u0161ki\u0173 ir m\u0117t\u0173 arba citrin\u0173 ir laim\u0173<\/strong><\/li>\n<li>Paruo\u0161ti paprasta \u2013 tiesiog sumai\u0161yk du matavimo \u0161auk\u0161telius milteli\u0173 su stikline vandens ir m\u0117gaukis!<\/li>\n<li>Vienos pakuot\u0117s u\u017etenka <strong>25 dienoms.<\/strong><\/li>\n<\/ul>\n<p>\u2705 Turime sand\u0117lyje, greitas pristatymas \u012f tavo pa\u0161tomat\u0105 per 1\u20133 darbo dienas<br \/>\n\u2705 Pirk dabar, mok\u0117k v\u0117liau (pal\u016bkanos 0 %)<\/p>\n","protected":false},"featured_media":34191,"comment_status":"open","ping_status":"closed","template":"","meta":{"_acf_changed":false},"product_brand":[],"product_cat":[237,270,189,190],"product_tag":[],"class_list":{"0":"post-48584","1":"product","2":"type-product","3":"status-publish","4":"has-post-thumbnail","6":"product_cat-maisto-papildai","7":"product_cat-milteliai","8":"product_cat-zygio-iranga","9":"product_cat-zygio-prekes","11":"first","12":"instock","13":"sale","14":"taxable","15":"shipping-taxable","16":"purchasable","17":"product-type-variable","18":"has-default-attributes"},"bundled_by":[],"bundle_stock_status":"instock","bundle_stock_quantity":null,"bundle_virtual":false,"bundle_layout":"","bundle_add_to_cart_form_location":"","bundle_editable_in_cart":false,"bundle_sold_individually_context":"","bundle_item_grouping":"","bundle_min_size":"","bundle_max_size":"","bundle_price":[],"bundled_items":[],"bundle_sell_ids":[],"acf":[],"yoast_head":"<!-- This site is optimized with the Yoast SEO plugin v27.1.1 - https:\/\/yoast.com\/product\/yoast-seo-wordpress\/ -->\n<title>Kolageno milteliai ICONFIT Collagen Beauty, 300 g<\/title>\n<meta name=\"description\" content=\"Kolageno milteliai ICONFIT Collagen Beauty yra puikus kolageno ir vitamin\u0173 derinys, palaikantis odos, plauk\u0173 ir nag\u0173 sveikat\u0105.\" \/>\n<meta name=\"robots\" content=\"index, follow, max-snippet:-1, max-image-preview:large, max-video-preview:-1\" \/>\n<link rel=\"canonical\" href=\"https:\/\/toidupakk.ee\/lt\/toode\/kolageno-milteliai-iconfit-collagen-beauty-300-g\/\" \/>\n<meta property=\"og:locale\" content=\"lt_LT\" \/>\n<meta property=\"og:type\" content=\"article\" \/>\n<meta property=\"og:title\" content=\"Kolageno milteliai ICONFIT Collagen Beauty, 300 g\" \/>\n<meta property=\"og:description\" content=\"Kolageno milteliai ICONFIT Collagen Beauty yra puikus kolageno ir vitamin\u0173 derinys, palaikantis odos, plauk\u0173 ir nag\u0173 sveikat\u0105.\" \/>\n<meta property=\"og:url\" content=\"https:\/\/toidupakk.ee\/lt\/toode\/kolageno-milteliai-iconfit-collagen-beauty-300-g\/\" \/>\n<meta property=\"og:site_name\" content=\"Toidupakk.ee - Tactical Foodpack toidupakid\" \/>\n<meta property=\"article:publisher\" content=\"https:\/\/www.facebook.com\/Toidupakk\" \/>\n<meta property=\"article:modified_time\" content=\"2026-04-03T21:01:51+00:00\" \/>\n<meta property=\"og:image\" content=\"https:\/\/toidupakk.ee\/wp-content\/uploads\/2023\/12\/Kollageeni-pulber-Collagen-Beauty-Iconfit2.png\" \/>\n\t<meta property=\"og:image:width\" content=\"800\" \/>\n\t<meta property=\"og:image:height\" content=\"800\" \/>\n\t<meta property=\"og:image:type\" content=\"image\/png\" \/>\n<meta name=\"twitter:card\" content=\"summary_large_image\" \/>\n<meta name=\"twitter:label1\" content=\"Est. reading time\" \/>\n\t<meta name=\"twitter:data1\" content=\"2 minut\u0117s\" \/>\n<script type=\"application\/ld+json\" class=\"yoast-schema-graph\">{\"@context\":\"https:\/\/schema.org\",\"@graph\":[{\"@type\":\"WebPage\",\"@id\":\"https:\/\/toidupakk.ee\/lt\/toode\/kolageno-milteliai-iconfit-collagen-beauty-300-g\/\",\"url\":\"https:\/\/toidupakk.ee\/lt\/toode\/kolageno-milteliai-iconfit-collagen-beauty-300-g\/\",\"name\":\"Kolageno milteliai ICONFIT Collagen Beauty, 300 g\",\"isPartOf\":{\"@id\":\"https:\/\/toidupakk.ee\/lt\/#website\"},\"primaryImageOfPage\":{\"@id\":\"https:\/\/toidupakk.ee\/lt\/toode\/kolageno-milteliai-iconfit-collagen-beauty-300-g\/#primaryimage\"},\"image\":{\"@id\":\"https:\/\/toidupakk.ee\/lt\/toode\/kolageno-milteliai-iconfit-collagen-beauty-300-g\/#primaryimage\"},\"thumbnailUrl\":\"https:\/\/toidupakk.ee\/wp-content\/uploads\/2023\/12\/Kollageeni-pulber-Collagen-Beauty-Iconfit2.png\",\"datePublished\":\"2023-12-28T09:03:27+00:00\",\"dateModified\":\"2026-04-03T21:01:51+00:00\",\"description\":\"Kolageno milteliai ICONFIT Collagen Beauty yra puikus kolageno ir vitamin\u0173 derinys, palaikantis odos, plauk\u0173 ir nag\u0173 sveikat\u0105.\",\"breadcrumb\":{\"@id\":\"https:\/\/toidupakk.ee\/lt\/toode\/kolageno-milteliai-iconfit-collagen-beauty-300-g\/#breadcrumb\"},\"inLanguage\":\"lt-LT\",\"potentialAction\":[{\"@type\":\"ReadAction\",\"target\":[\"https:\/\/toidupakk.ee\/lt\/toode\/kolageno-milteliai-iconfit-collagen-beauty-300-g\/\"]}]},{\"@type\":\"ImageObject\",\"inLanguage\":\"lt-LT\",\"@id\":\"https:\/\/toidupakk.ee\/lt\/toode\/kolageno-milteliai-iconfit-collagen-beauty-300-g\/#primaryimage\",\"url\":\"https:\/\/toidupakk.ee\/wp-content\/uploads\/2023\/12\/Kollageeni-pulber-Collagen-Beauty-Iconfit2.png\",\"contentUrl\":\"https:\/\/toidupakk.ee\/wp-content\/uploads\/2023\/12\/Kollageeni-pulber-Collagen-Beauty-Iconfit2.png\",\"width\":800,\"height\":800,\"caption\":\"collagen beauty iconfit\"},{\"@type\":\"BreadcrumbList\",\"@id\":\"https:\/\/toidupakk.ee\/lt\/toode\/kolageno-milteliai-iconfit-collagen-beauty-300-g\/#breadcrumb\",\"itemListElement\":[{\"@type\":\"ListItem\",\"position\":1,\"name\":\"Avaleht\",\"item\":\"https:\/\/toidupakk.ee\/lt\/\"},{\"@type\":\"ListItem\",\"position\":2,\"name\":\"El. parduotuv\u0117\",\"item\":\"https:\/\/toidupakk.ee\/lt\/el-parduotuve\/\"},{\"@type\":\"ListItem\",\"position\":3,\"name\":\"Kolageno milteliai ICONFIT Collagen Beauty, 300 g\"}]},{\"@type\":\"WebSite\",\"@id\":\"https:\/\/toidupakk.ee\/lt\/#website\",\"url\":\"https:\/\/toidupakk.ee\/lt\/\",\"name\":\"Toidupakk.ee - Tactical Foodpack toidupakid\",\"description\":\"Tactical Foodpack k\u00fclmkuivatatud toidupakid ja matkaeined\",\"publisher\":{\"@id\":\"https:\/\/toidupakk.ee\/lt\/#organization\"},\"potentialAction\":[{\"@type\":\"SearchAction\",\"target\":{\"@type\":\"EntryPoint\",\"urlTemplate\":\"https:\/\/toidupakk.ee\/lt\/?s={search_term_string}\"},\"query-input\":{\"@type\":\"PropertyValueSpecification\",\"valueRequired\":true,\"valueName\":\"search_term_string\"}}],\"inLanguage\":\"lt-LT\"},{\"@type\":\"Organization\",\"@id\":\"https:\/\/toidupakk.ee\/lt\/#organization\",\"name\":\"Tactical Foodpack matkaeined\",\"url\":\"https:\/\/toidupakk.ee\/lt\/\",\"logo\":{\"@type\":\"ImageObject\",\"inLanguage\":\"lt-LT\",\"@id\":\"https:\/\/toidupakk.ee\/lt\/#\/schema\/logo\/image\/\",\"url\":\"https:\/\/toidupakk.ee\/wp-content\/uploads\/2022\/01\/Toidupakk-matkapood-logo-transparent.png\",\"contentUrl\":\"https:\/\/toidupakk.ee\/wp-content\/uploads\/2022\/01\/Toidupakk-matkapood-logo-transparent.png\",\"width\":500,\"height\":500,\"caption\":\"Tactical Foodpack matkaeined\"},\"image\":{\"@id\":\"https:\/\/toidupakk.ee\/lt\/#\/schema\/logo\/image\/\"},\"sameAs\":[\"https:\/\/www.facebook.com\/Toidupakk\",\"https:\/\/www.instagram.com\/toidupakk\/\"]}]}<\/script>\n<!-- \/ Yoast SEO plugin. -->","yoast_head_json":{"title":"Kolageno milteliai ICONFIT Collagen Beauty, 300 g","description":"Kolageno milteliai ICONFIT Collagen Beauty yra puikus kolageno ir vitamin\u0173 derinys, palaikantis odos, plauk\u0173 ir nag\u0173 sveikat\u0105.","robots":{"index":"index","follow":"follow","max-snippet":"max-snippet:-1","max-image-preview":"max-image-preview:large","max-video-preview":"max-video-preview:-1"},"canonical":"https:\/\/toidupakk.ee\/lt\/toode\/kolageno-milteliai-iconfit-collagen-beauty-300-g\/","og_locale":"lt_LT","og_type":"article","og_title":"Kolageno milteliai ICONFIT Collagen Beauty, 300 g","og_description":"Kolageno milteliai ICONFIT Collagen Beauty yra puikus kolageno ir vitamin\u0173 derinys, palaikantis odos, plauk\u0173 ir nag\u0173 sveikat\u0105.","og_url":"https:\/\/toidupakk.ee\/lt\/toode\/kolageno-milteliai-iconfit-collagen-beauty-300-g\/","og_site_name":"Toidupakk.ee - Tactical Foodpack toidupakid","article_publisher":"https:\/\/www.facebook.com\/Toidupakk","article_modified_time":"2026-04-03T21:01:51+00:00","og_image":[{"width":800,"height":800,"url":"https:\/\/toidupakk.ee\/wp-content\/uploads\/2023\/12\/Kollageeni-pulber-Collagen-Beauty-Iconfit2.png","type":"image\/png"}],"twitter_card":"summary_large_image","twitter_misc":{"Est. reading time":"2 minut\u0117s"},"schema":{"@context":"https:\/\/schema.org","@graph":[{"@type":"WebPage","@id":"https:\/\/toidupakk.ee\/lt\/toode\/kolageno-milteliai-iconfit-collagen-beauty-300-g\/","url":"https:\/\/toidupakk.ee\/lt\/toode\/kolageno-milteliai-iconfit-collagen-beauty-300-g\/","name":"Kolageno milteliai ICONFIT Collagen Beauty, 300 g","isPartOf":{"@id":"https:\/\/toidupakk.ee\/lt\/#website"},"primaryImageOfPage":{"@id":"https:\/\/toidupakk.ee\/lt\/toode\/kolageno-milteliai-iconfit-collagen-beauty-300-g\/#primaryimage"},"image":{"@id":"https:\/\/toidupakk.ee\/lt\/toode\/kolageno-milteliai-iconfit-collagen-beauty-300-g\/#primaryimage"},"thumbnailUrl":"https:\/\/toidupakk.ee\/wp-content\/uploads\/2023\/12\/Kollageeni-pulber-Collagen-Beauty-Iconfit2.png","datePublished":"2023-12-28T09:03:27+00:00","dateModified":"2026-04-03T21:01:51+00:00","description":"Kolageno milteliai ICONFIT Collagen Beauty yra puikus kolageno ir vitamin\u0173 derinys, palaikantis odos, plauk\u0173 ir nag\u0173 sveikat\u0105.","breadcrumb":{"@id":"https:\/\/toidupakk.ee\/lt\/toode\/kolageno-milteliai-iconfit-collagen-beauty-300-g\/#breadcrumb"},"inLanguage":"lt-LT","potentialAction":[{"@type":"ReadAction","target":["https:\/\/toidupakk.ee\/lt\/toode\/kolageno-milteliai-iconfit-collagen-beauty-300-g\/"]}]},{"@type":"ImageObject","inLanguage":"lt-LT","@id":"https:\/\/toidupakk.ee\/lt\/toode\/kolageno-milteliai-iconfit-collagen-beauty-300-g\/#primaryimage","url":"https:\/\/toidupakk.ee\/wp-content\/uploads\/2023\/12\/Kollageeni-pulber-Collagen-Beauty-Iconfit2.png","contentUrl":"https:\/\/toidupakk.ee\/wp-content\/uploads\/2023\/12\/Kollageeni-pulber-Collagen-Beauty-Iconfit2.png","width":800,"height":800,"caption":"collagen beauty iconfit"},{"@type":"BreadcrumbList","@id":"https:\/\/toidupakk.ee\/lt\/toode\/kolageno-milteliai-iconfit-collagen-beauty-300-g\/#breadcrumb","itemListElement":[{"@type":"ListItem","position":1,"name":"Avaleht","item":"https:\/\/toidupakk.ee\/lt\/"},{"@type":"ListItem","position":2,"name":"El. parduotuv\u0117","item":"https:\/\/toidupakk.ee\/lt\/el-parduotuve\/"},{"@type":"ListItem","position":3,"name":"Kolageno milteliai ICONFIT Collagen Beauty, 300 g"}]},{"@type":"WebSite","@id":"https:\/\/toidupakk.ee\/lt\/#website","url":"https:\/\/toidupakk.ee\/lt\/","name":"Toidupakk.ee - Tactical Foodpack toidupakid","description":"Tactical Foodpack k\u00fclmkuivatatud toidupakid ja matkaeined","publisher":{"@id":"https:\/\/toidupakk.ee\/lt\/#organization"},"potentialAction":[{"@type":"SearchAction","target":{"@type":"EntryPoint","urlTemplate":"https:\/\/toidupakk.ee\/lt\/?s={search_term_string}"},"query-input":{"@type":"PropertyValueSpecification","valueRequired":true,"valueName":"search_term_string"}}],"inLanguage":"lt-LT"},{"@type":"Organization","@id":"https:\/\/toidupakk.ee\/lt\/#organization","name":"Tactical Foodpack matkaeined","url":"https:\/\/toidupakk.ee\/lt\/","logo":{"@type":"ImageObject","inLanguage":"lt-LT","@id":"https:\/\/toidupakk.ee\/lt\/#\/schema\/logo\/image\/","url":"https:\/\/toidupakk.ee\/wp-content\/uploads\/2022\/01\/Toidupakk-matkapood-logo-transparent.png","contentUrl":"https:\/\/toidupakk.ee\/wp-content\/uploads\/2022\/01\/Toidupakk-matkapood-logo-transparent.png","width":500,"height":500,"caption":"Tactical Foodpack matkaeined"},"image":{"@id":"https:\/\/toidupakk.ee\/lt\/#\/schema\/logo\/image\/"},"sameAs":["https:\/\/www.facebook.com\/Toidupakk","https:\/\/www.instagram.com\/toidupakk\/"]}]}},"jetpack_sharing_enabled":true,"_links":{"self":[{"href":"https:\/\/toidupakk.ee\/lt\/wp-json\/wp\/v2\/product\/48584","targetHints":{"allow":["GET"]}}],"collection":[{"href":"https:\/\/toidupakk.ee\/lt\/wp-json\/wp\/v2\/product"}],"about":[{"href":"https:\/\/toidupakk.ee\/lt\/wp-json\/wp\/v2\/types\/product"}],"replies":[{"embeddable":true,"href":"https:\/\/toidupakk.ee\/lt\/wp-json\/wp\/v2\/comments?post=48584"}],"wp:featuredmedia":[{"embeddable":true,"href":"https:\/\/toidupakk.ee\/lt\/wp-json\/wp\/v2\/media\/34191"}],"wp:attachment":[{"href":"https:\/\/toidupakk.ee\/lt\/wp-json\/wp\/v2\/media?parent=48584"}],"wp:term":[{"taxonomy":"product_brand","embeddable":true,"href":"https:\/\/toidupakk.ee\/lt\/wp-json\/wp\/v2\/product_brand?post=48584"},{"taxonomy":"product_cat","embeddable":true,"href":"https:\/\/toidupakk.ee\/lt\/wp-json\/wp\/v2\/product_cat?post=48584"},{"taxonomy":"product_tag","embeddable":true,"href":"https:\/\/toidupakk.ee\/lt\/wp-json\/wp\/v2\/product_tag?post=48584"}],"curies":[{"name":"wp","href":"https:\/\/api.w.org\/{rel}","templated":true}]}}