{"id":48580,"date":"2023-06-09T11:29:30","date_gmt":"2023-06-09T08:29:30","guid":{"rendered":"https:\/\/toidupakk.ee\/toode\/universalus-itvaras-pirmosios-pagalbos-rinkinio-priedas\/"},"modified":"2026-04-13T19:00:39","modified_gmt":"2026-04-13T16:00:39","slug":"universalus-itvaras-pirmosios-pagalbos-rinkinio-priedas","status":"publish","type":"product","link":"https:\/\/toidupakk.ee\/lt\/toode\/universalus-itvaras-pirmosios-pagalbos-rinkinio-priedas\/","title":{"rendered":"Universalus \u012ftvaras (pirmosios pagalbos rinkinio priedas)"},"content":{"rendered":"<h1>\u012etvaro naudojimo instrukcija<\/h1>\n<ol>\n<li>Suteik \u012ftvarui norim\u0105 form\u0105. Ideali forma yra tokia, kuri u\u017efiksuoja gal\u016bn\u0119 nejudamoje pad\u0117tyje. <\/li>\n<li>U\u017ed\u0117k \u012ftvar\u0105 aplink gal\u016bn\u0119 ir u\u017efiksuok elastiniu tvars\u010diu. Jei elastinio tvars\u010dio po ranka n\u0117ra, laikinai galima naudoti, pavyzd\u017eiui, lipni\u0105 juost\u0105. <\/li>\n<li>Fiksuodamas \u012ftvar\u0105 \u012fsitikink, kad jis neb\u016bt\u0173 per stipriai priver\u017etas ir nesutrikt\u0173 kraujotaka.<\/li>\n<\/ol>\n<p>NB! Prie\u0161 naudojant \u012ftvar\u0105, atviros \u017eaizdos turi b\u016bti u\u017edengtos steriliu tvars\u010diu. <\/p>\n<p>Naudojamos med\u017eiagos:<\/p>\n<p>I\u0161orinis sluoksnis: polietileno putos (PU)<\/p>\n<p>Vidus: aliuminis<\/p>\n<p>&nbsp;<\/p>\n<p>Daugiau \u017eygio preki\u0173 rasi <a href=\"https:\/\/toidupakk.ee\/lt\/tootekategooria\/zygio-iranga\/#section-3-79\">\u010cIA<\/a><\/p>\n<p>O gal domiesi \u017eygio maistu? \u017di\u016br\u0117k <a href=\"\/?product_cat=snakk#section-3-79\">\u010cIA<\/a><\/p>\n<p>Pasisemk \u012fkv\u0117pimo kitiems nuotykiams Toidupakk <a href=\"https:\/\/www.instagram.com\/toidupakk\/\">Instagram<\/a> ir <a href=\"https:\/\/www.facebook.com\/Toidupakk\/\">Facebook<\/a> paskyrose.<\/p>\n","protected":false},"excerpt":{"rendered":"<p>Universalus \u012ftvaras, skirtas pirmosios pagalbos rinkiniui. Tai pirmosios pagalbos priemon\u0117, skirta pirmiausia gamtoje laik\u0105 leid\u017eiantiems \u017emon\u0117ms \u2013 \u017eygeiviams, alpinistams. Taip pat populiari kari\u0173 savanori\u0173 ekipuot\u0117s dalis.  <\/p>\n<ul>\n<li>Universalus \u012ftvaras, tinkamas naudoti rank\u0173 ar koj\u0173 traum\u0173 atveju gal\u016bnei fiksuoti<\/li>\n<li>\u012etvaro viduje yra plonas aliuminio lak\u0161tas, leid\u017eiantis u\u017efiksuoti \u012ftvaro form\u0105. I\u0161or\u0117je \u2013 odai draugi\u0161ka mink\u0161ta put\u0173 med\u017eiaga. <\/li>\n<li>Leid\u017eia u\u017efiksuoti su\u017eeist\u0105 gal\u016bn\u0119.<\/li>\n<li>Itin lengvas (140 g)<\/li>\n<li>Kompakti\u0161kas ir neu\u017eima daug vietos kuprin\u0117je (supakuotas 8 cm x 11 cm)<\/li>\n<li>Atsparus vandeniui<\/li>\n<li>Prireikus lengvai kerpamas \u017eirkl\u0117mis<\/li>\n<li>I\u0161vynioto \u012ftvaro ilgis 91 cm.<\/li>\n<li>Daugkartinio naudojimo<\/li>\n<li>Lengvai plaunamas<\/li>\n<\/ul>\n<p>\u2705 Pristatymas per 1\u20133 darbo dienas<br \/>\n\u2705 NEMOKAMAS gr\u0105\u017einimas ir keitimas<\/p>\n","protected":false},"featured_media":9863,"comment_status":"open","ping_status":"closed","template":"","meta":{"_acf_changed":false},"product_brand":[],"product_cat":[189,190],"product_tag":[],"class_list":{"0":"post-48580","1":"product","2":"type-product","3":"status-publish","4":"has-post-thumbnail","6":"product_cat-zygio-iranga","7":"product_cat-zygio-prekes","9":"first","10":"instock","11":"sale","12":"taxable","13":"shipping-taxable","14":"purchasable","15":"product-type-simple"},"bundled_by":[],"bundle_stock_status":"instock","bundle_stock_quantity":1,"bundle_virtual":false,"bundle_layout":"","bundle_add_to_cart_form_location":"","bundle_editable_in_cart":false,"bundle_sold_individually_context":"","bundle_item_grouping":"","bundle_min_size":"","bundle_max_size":"","bundle_price":[],"bundled_items":[],"bundle_sell_ids":[],"acf":[],"yoast_head":"<!-- This site is optimized with the Yoast SEO plugin v27.3 - https:\/\/yoast.com\/product\/yoast-seo-wordpress\/ -->\n<title>Universalus \u012ftvaras (pirmosios pagalbos rinkinio priedas)<\/title>\n<meta name=\"description\" content=\"Universalus \u012ftvaras, skirtas pirmosios pagalbos rinkiniui. Naudojamas rank\u0173 ar koj\u0173 traum\u0173 atveju gal\u016bnei fiksuoti. Itin lengvas (140 g), puikiai telpa \u012f \u017eygio kuprin\u0119.\" \/>\n<meta name=\"robots\" content=\"index, follow, max-snippet:-1, max-image-preview:large, max-video-preview:-1\" \/>\n<link rel=\"canonical\" href=\"https:\/\/toidupakk.ee\/lt\/toode\/universalus-itvaras-pirmosios-pagalbos-rinkinio-priedas\/\" \/>\n<meta property=\"og:locale\" content=\"lt_LT\" \/>\n<meta property=\"og:type\" content=\"article\" \/>\n<meta property=\"og:title\" content=\"Universalus \u012ftvaras (pirmosios pagalbos rinkinio priedas)\" \/>\n<meta property=\"og:description\" content=\"Universalus \u012ftvaras, skirtas pirmosios pagalbos rinkiniui. Naudojamas rank\u0173 ar koj\u0173 traum\u0173 atveju gal\u016bnei fiksuoti. Itin lengvas (140 g), puikiai telpa \u012f \u017eygio kuprin\u0119.\" \/>\n<meta property=\"og:url\" content=\"https:\/\/toidupakk.ee\/lt\/toode\/universalus-itvaras-pirmosios-pagalbos-rinkinio-priedas\/\" \/>\n<meta property=\"og:site_name\" content=\"Toidupakk.ee - Tactical Foodpack toidupakid\" \/>\n<meta property=\"article:publisher\" content=\"https:\/\/www.facebook.com\/Toidupakk\" \/>\n<meta property=\"article:modified_time\" content=\"2026-04-13T16:00:39+00:00\" \/>\n<meta property=\"og:image\" content=\"https:\/\/toidupakk.ee\/wp-content\/uploads\/2023\/06\/Universaalne-lahas-kaele-jalale-1.png\" \/>\n\t<meta property=\"og:image:width\" content=\"1080\" \/>\n\t<meta property=\"og:image:height\" content=\"1080\" \/>\n\t<meta property=\"og:image:type\" content=\"image\/png\" \/>\n<meta name=\"twitter:card\" content=\"summary_large_image\" \/>\n<meta name=\"twitter:label1\" content=\"Est. reading time\" \/>\n\t<meta name=\"twitter:data1\" content=\"1 minut\u0117\" \/>\n<script type=\"application\/ld+json\" class=\"yoast-schema-graph\">{\"@context\":\"https:\\\/\\\/schema.org\",\"@graph\":[{\"@type\":\"WebPage\",\"@id\":\"https:\\\/\\\/toidupakk.ee\\\/lt\\\/toode\\\/universalus-itvaras-pirmosios-pagalbos-rinkinio-priedas\\\/\",\"url\":\"https:\\\/\\\/toidupakk.ee\\\/lt\\\/toode\\\/universalus-itvaras-pirmosios-pagalbos-rinkinio-priedas\\\/\",\"name\":\"Universalus \u012ftvaras (pirmosios pagalbos rinkinio priedas)\",\"isPartOf\":{\"@id\":\"https:\\\/\\\/toidupakk.ee\\\/lt\\\/#website\"},\"primaryImageOfPage\":{\"@id\":\"https:\\\/\\\/toidupakk.ee\\\/lt\\\/toode\\\/universalus-itvaras-pirmosios-pagalbos-rinkinio-priedas\\\/#primaryimage\"},\"image\":{\"@id\":\"https:\\\/\\\/toidupakk.ee\\\/lt\\\/toode\\\/universalus-itvaras-pirmosios-pagalbos-rinkinio-priedas\\\/#primaryimage\"},\"thumbnailUrl\":\"https:\\\/\\\/toidupakk.ee\\\/wp-content\\\/uploads\\\/2023\\\/06\\\/Universaalne-lahas-kaele-jalale-1.png\",\"datePublished\":\"2023-06-09T08:29:30+00:00\",\"dateModified\":\"2026-04-13T16:00:39+00:00\",\"description\":\"Universalus \u012ftvaras, skirtas pirmosios pagalbos rinkiniui. Naudojamas rank\u0173 ar koj\u0173 traum\u0173 atveju gal\u016bnei fiksuoti. Itin lengvas (140 g), puikiai telpa \u012f \u017eygio kuprin\u0119.\",\"breadcrumb\":{\"@id\":\"https:\\\/\\\/toidupakk.ee\\\/lt\\\/toode\\\/universalus-itvaras-pirmosios-pagalbos-rinkinio-priedas\\\/#breadcrumb\"},\"inLanguage\":\"lt-LT\",\"potentialAction\":[{\"@type\":\"ReadAction\",\"target\":[\"https:\\\/\\\/toidupakk.ee\\\/lt\\\/toode\\\/universalus-itvaras-pirmosios-pagalbos-rinkinio-priedas\\\/\"]}]},{\"@type\":\"ImageObject\",\"inLanguage\":\"lt-LT\",\"@id\":\"https:\\\/\\\/toidupakk.ee\\\/lt\\\/toode\\\/universalus-itvaras-pirmosios-pagalbos-rinkinio-priedas\\\/#primaryimage\",\"url\":\"https:\\\/\\\/toidupakk.ee\\\/wp-content\\\/uploads\\\/2023\\\/06\\\/Universaalne-lahas-kaele-jalale-1.png\",\"contentUrl\":\"https:\\\/\\\/toidupakk.ee\\\/wp-content\\\/uploads\\\/2023\\\/06\\\/Universaalne-lahas-kaele-jalale-1.png\",\"width\":1080,\"height\":1080,\"caption\":\"K\u00e4elahas jalalahas\"},{\"@type\":\"BreadcrumbList\",\"@id\":\"https:\\\/\\\/toidupakk.ee\\\/lt\\\/toode\\\/universalus-itvaras-pirmosios-pagalbos-rinkinio-priedas\\\/#breadcrumb\",\"itemListElement\":[{\"@type\":\"ListItem\",\"position\":1,\"name\":\"Avaleht\",\"item\":\"https:\\\/\\\/toidupakk.ee\\\/lt\\\/\"},{\"@type\":\"ListItem\",\"position\":2,\"name\":\"El. parduotuv\u0117\",\"item\":\"https:\\\/\\\/toidupakk.ee\\\/lt\\\/el-parduotuve\\\/\"},{\"@type\":\"ListItem\",\"position\":3,\"name\":\"Universalus \u012ftvaras (pirmosios pagalbos rinkinio priedas)\"}]},{\"@type\":\"WebSite\",\"@id\":\"https:\\\/\\\/toidupakk.ee\\\/lt\\\/#website\",\"url\":\"https:\\\/\\\/toidupakk.ee\\\/lt\\\/\",\"name\":\"Toidupakk.ee - Tactical Foodpack toidupakid\",\"description\":\"Tactical Foodpack k\u00fclmkuivatatud toidupakid ja matkaeined\",\"publisher\":{\"@id\":\"https:\\\/\\\/toidupakk.ee\\\/lt\\\/#organization\"},\"potentialAction\":[{\"@type\":\"SearchAction\",\"target\":{\"@type\":\"EntryPoint\",\"urlTemplate\":\"https:\\\/\\\/toidupakk.ee\\\/lt\\\/?s={search_term_string}\"},\"query-input\":{\"@type\":\"PropertyValueSpecification\",\"valueRequired\":true,\"valueName\":\"search_term_string\"}}],\"inLanguage\":\"lt-LT\"},{\"@type\":\"Organization\",\"@id\":\"https:\\\/\\\/toidupakk.ee\\\/lt\\\/#organization\",\"name\":\"Tactical Foodpack matkaeined\",\"url\":\"https:\\\/\\\/toidupakk.ee\\\/lt\\\/\",\"logo\":{\"@type\":\"ImageObject\",\"inLanguage\":\"lt-LT\",\"@id\":\"https:\\\/\\\/toidupakk.ee\\\/lt\\\/#\\\/schema\\\/logo\\\/image\\\/\",\"url\":\"https:\\\/\\\/toidupakk.ee\\\/wp-content\\\/uploads\\\/2022\\\/01\\\/Toidupakk-matkapood-logo-transparent.png\",\"contentUrl\":\"https:\\\/\\\/toidupakk.ee\\\/wp-content\\\/uploads\\\/2022\\\/01\\\/Toidupakk-matkapood-logo-transparent.png\",\"width\":500,\"height\":500,\"caption\":\"Tactical Foodpack matkaeined\"},\"image\":{\"@id\":\"https:\\\/\\\/toidupakk.ee\\\/lt\\\/#\\\/schema\\\/logo\\\/image\\\/\"},\"sameAs\":[\"https:\\\/\\\/www.facebook.com\\\/Toidupakk\",\"https:\\\/\\\/www.instagram.com\\\/toidupakk\\\/\"]}]}<\/script>\n<!-- \/ Yoast SEO plugin. -->","yoast_head_json":{"title":"Universalus \u012ftvaras (pirmosios pagalbos rinkinio priedas)","description":"Universalus \u012ftvaras, skirtas pirmosios pagalbos rinkiniui. Naudojamas rank\u0173 ar koj\u0173 traum\u0173 atveju gal\u016bnei fiksuoti. Itin lengvas (140 g), puikiai telpa \u012f \u017eygio kuprin\u0119.","robots":{"index":"index","follow":"follow","max-snippet":"max-snippet:-1","max-image-preview":"max-image-preview:large","max-video-preview":"max-video-preview:-1"},"canonical":"https:\/\/toidupakk.ee\/lt\/toode\/universalus-itvaras-pirmosios-pagalbos-rinkinio-priedas\/","og_locale":"lt_LT","og_type":"article","og_title":"Universalus \u012ftvaras (pirmosios pagalbos rinkinio priedas)","og_description":"Universalus \u012ftvaras, skirtas pirmosios pagalbos rinkiniui. Naudojamas rank\u0173 ar koj\u0173 traum\u0173 atveju gal\u016bnei fiksuoti. Itin lengvas (140 g), puikiai telpa \u012f \u017eygio kuprin\u0119.","og_url":"https:\/\/toidupakk.ee\/lt\/toode\/universalus-itvaras-pirmosios-pagalbos-rinkinio-priedas\/","og_site_name":"Toidupakk.ee - Tactical Foodpack toidupakid","article_publisher":"https:\/\/www.facebook.com\/Toidupakk","article_modified_time":"2026-04-13T16:00:39+00:00","og_image":[{"width":1080,"height":1080,"url":"https:\/\/toidupakk.ee\/wp-content\/uploads\/2023\/06\/Universaalne-lahas-kaele-jalale-1.png","type":"image\/png"}],"twitter_card":"summary_large_image","twitter_misc":{"Est. reading time":"1 minut\u0117"},"schema":{"@context":"https:\/\/schema.org","@graph":[{"@type":"WebPage","@id":"https:\/\/toidupakk.ee\/lt\/toode\/universalus-itvaras-pirmosios-pagalbos-rinkinio-priedas\/","url":"https:\/\/toidupakk.ee\/lt\/toode\/universalus-itvaras-pirmosios-pagalbos-rinkinio-priedas\/","name":"Universalus \u012ftvaras (pirmosios pagalbos rinkinio priedas)","isPartOf":{"@id":"https:\/\/toidupakk.ee\/lt\/#website"},"primaryImageOfPage":{"@id":"https:\/\/toidupakk.ee\/lt\/toode\/universalus-itvaras-pirmosios-pagalbos-rinkinio-priedas\/#primaryimage"},"image":{"@id":"https:\/\/toidupakk.ee\/lt\/toode\/universalus-itvaras-pirmosios-pagalbos-rinkinio-priedas\/#primaryimage"},"thumbnailUrl":"https:\/\/toidupakk.ee\/wp-content\/uploads\/2023\/06\/Universaalne-lahas-kaele-jalale-1.png","datePublished":"2023-06-09T08:29:30+00:00","dateModified":"2026-04-13T16:00:39+00:00","description":"Universalus \u012ftvaras, skirtas pirmosios pagalbos rinkiniui. Naudojamas rank\u0173 ar koj\u0173 traum\u0173 atveju gal\u016bnei fiksuoti. Itin lengvas (140 g), puikiai telpa \u012f \u017eygio kuprin\u0119.","breadcrumb":{"@id":"https:\/\/toidupakk.ee\/lt\/toode\/universalus-itvaras-pirmosios-pagalbos-rinkinio-priedas\/#breadcrumb"},"inLanguage":"lt-LT","potentialAction":[{"@type":"ReadAction","target":["https:\/\/toidupakk.ee\/lt\/toode\/universalus-itvaras-pirmosios-pagalbos-rinkinio-priedas\/"]}]},{"@type":"ImageObject","inLanguage":"lt-LT","@id":"https:\/\/toidupakk.ee\/lt\/toode\/universalus-itvaras-pirmosios-pagalbos-rinkinio-priedas\/#primaryimage","url":"https:\/\/toidupakk.ee\/wp-content\/uploads\/2023\/06\/Universaalne-lahas-kaele-jalale-1.png","contentUrl":"https:\/\/toidupakk.ee\/wp-content\/uploads\/2023\/06\/Universaalne-lahas-kaele-jalale-1.png","width":1080,"height":1080,"caption":"K\u00e4elahas jalalahas"},{"@type":"BreadcrumbList","@id":"https:\/\/toidupakk.ee\/lt\/toode\/universalus-itvaras-pirmosios-pagalbos-rinkinio-priedas\/#breadcrumb","itemListElement":[{"@type":"ListItem","position":1,"name":"Avaleht","item":"https:\/\/toidupakk.ee\/lt\/"},{"@type":"ListItem","position":2,"name":"El. parduotuv\u0117","item":"https:\/\/toidupakk.ee\/lt\/el-parduotuve\/"},{"@type":"ListItem","position":3,"name":"Universalus \u012ftvaras (pirmosios pagalbos rinkinio priedas)"}]},{"@type":"WebSite","@id":"https:\/\/toidupakk.ee\/lt\/#website","url":"https:\/\/toidupakk.ee\/lt\/","name":"Toidupakk.ee - Tactical Foodpack toidupakid","description":"Tactical Foodpack k\u00fclmkuivatatud toidupakid ja matkaeined","publisher":{"@id":"https:\/\/toidupakk.ee\/lt\/#organization"},"potentialAction":[{"@type":"SearchAction","target":{"@type":"EntryPoint","urlTemplate":"https:\/\/toidupakk.ee\/lt\/?s={search_term_string}"},"query-input":{"@type":"PropertyValueSpecification","valueRequired":true,"valueName":"search_term_string"}}],"inLanguage":"lt-LT"},{"@type":"Organization","@id":"https:\/\/toidupakk.ee\/lt\/#organization","name":"Tactical Foodpack matkaeined","url":"https:\/\/toidupakk.ee\/lt\/","logo":{"@type":"ImageObject","inLanguage":"lt-LT","@id":"https:\/\/toidupakk.ee\/lt\/#\/schema\/logo\/image\/","url":"https:\/\/toidupakk.ee\/wp-content\/uploads\/2022\/01\/Toidupakk-matkapood-logo-transparent.png","contentUrl":"https:\/\/toidupakk.ee\/wp-content\/uploads\/2022\/01\/Toidupakk-matkapood-logo-transparent.png","width":500,"height":500,"caption":"Tactical Foodpack matkaeined"},"image":{"@id":"https:\/\/toidupakk.ee\/lt\/#\/schema\/logo\/image\/"},"sameAs":["https:\/\/www.facebook.com\/Toidupakk","https:\/\/www.instagram.com\/toidupakk\/"]}]}},"jetpack_sharing_enabled":true,"_links":{"self":[{"href":"https:\/\/toidupakk.ee\/lt\/wp-json\/wp\/v2\/product\/48580","targetHints":{"allow":["GET"]}}],"collection":[{"href":"https:\/\/toidupakk.ee\/lt\/wp-json\/wp\/v2\/product"}],"about":[{"href":"https:\/\/toidupakk.ee\/lt\/wp-json\/wp\/v2\/types\/product"}],"replies":[{"embeddable":true,"href":"https:\/\/toidupakk.ee\/lt\/wp-json\/wp\/v2\/comments?post=48580"}],"wp:featuredmedia":[{"embeddable":true,"href":"https:\/\/toidupakk.ee\/lt\/wp-json\/wp\/v2\/media\/9863"}],"wp:attachment":[{"href":"https:\/\/toidupakk.ee\/lt\/wp-json\/wp\/v2\/media?parent=48580"}],"wp:term":[{"taxonomy":"product_brand","embeddable":true,"href":"https:\/\/toidupakk.ee\/lt\/wp-json\/wp\/v2\/product_brand?post=48580"},{"taxonomy":"product_cat","embeddable":true,"href":"https:\/\/toidupakk.ee\/lt\/wp-json\/wp\/v2\/product_cat?post=48580"},{"taxonomy":"product_tag","embeddable":true,"href":"https:\/\/toidupakk.ee\/lt\/wp-json\/wp\/v2\/product_tag?post=48580"}],"curies":[{"name":"wp","href":"https:\/\/api.w.org\/{rel}","templated":true}]}}