{"id":48576,"date":"2023-12-06T17:15:03","date_gmt":"2023-12-06T15:15:03","guid":{"rendered":"https:\/\/toidupakk.ee\/toode\/svirpliu-batonelis-raw-power\/"},"modified":"2026-04-21T12:00:32","modified_gmt":"2026-04-21T09:00:32","slug":"svirpliu-batonelis-raw-power","status":"publish","type":"product","link":"https:\/\/toidupakk.ee\/lt\/toode\/svirpliu-batonelis-raw-power\/","title":{"rendered":"Svirpli\u0173 baton\u0117lis \u201eRaw Power\u201c"},"content":{"rendered":"<p>Svirpli\u0173 baton\u0117lis \u201eRaw Power\u201c yra idealus pasirinkimas aktyviam gyvenimui, puikiai tinkantis sportuojant, \u017eygiuojant, va\u017ein\u0117jant dvira\u010diu, b\u0117giojant ar u\u017esiimant kita aktyvia veikla. Produktas pasi\u017eymi dideliu baltym\u0173 ir skaidul\u0173 kiekiu, jame yra vitamino B12, padedan\u010dio kovoti su nuovargiu. Be to, baton\u0117lyje yra magnio, kuris palaiko raumen\u0173 ir nerv\u0173 sistemos veikl\u0105.  <\/p>\n<p>Raumen\u0173 auginimui gali naudoti itin ekologi\u0161k\u0105 baltym\u0173 \u0161altin\u012f \u2013 svirplius. Svirpli\u0173 auginimui reikia gerokai ma\u017eiau i\u0161tekli\u0173 nei tradiciniams baltym\u0173 \u0161altiniams, pavyzd\u017eiui, jautienai. Taip pat svirpliuose gausu vitamin\u0173, mineral\u0173 ir omega-3 riebal\u0173 r\u016bg\u0161\u010di\u0173.  <\/p>\n<p>Kakavos ir apelsin\u0173 \u012fkv\u0117ptas, burnoje tirpstantis skoni\u0173 derinys suteikia sultingumo ir gaivumo. Nat\u016bralus saldumas i\u0161gaunamas i\u0161 datuli\u0173, o migdolai, skrudintos moli\u016bg\u0173 s\u0117klos ir cikorija suteikia malon\u0173 rie\u0161ut\u0173 poskon\u012f. Produkte n\u0117ra dirbtini\u0173 kvapi\u0173j\u0173 med\u017eiag\u0173 ar ne\u012fprasto poskonio. \u0160is skaniai mink\u0161tas ir sultingas u\u017ekandis suteiks tau energijos visai dienai.   <\/p>\n<p><img fetchpriority=\"high\" decoding=\"async\" class=\"alignleft wp-image-16407 size-thumbnail\" src=\"https:\/\/toidupakk.ee\/wp-content\/uploads\/2023\/11\/Kilgibatoon-Raw-Power21-500x500.jpg\" alt=\"Svirpli\u0173 baton\u0117lis \u201eRaw Power 2\u201c\" width=\"500\" height=\"500\" srcset=\"https:\/\/toidupakk.ee\/wp-content\/uploads\/2023\/11\/Kilgibatoon-Raw-Power21-500x500.jpg 500w, https:\/\/toidupakk.ee\/wp-content\/uploads\/2023\/11\/Kilgibatoon-Raw-Power21-400x400.jpg 400w, https:\/\/toidupakk.ee\/wp-content\/uploads\/2023\/11\/Kilgibatoon-Raw-Power21-100x100.jpg 100w, https:\/\/toidupakk.ee\/wp-content\/uploads\/2023\/11\/Kilgibatoon-Raw-Power21-300x300.jpg 300w, https:\/\/toidupakk.ee\/wp-content\/uploads\/2023\/11\/Kilgibatoon-Raw-Power21-768x768.jpg 768w, https:\/\/toidupakk.ee\/wp-content\/uploads\/2023\/11\/Kilgibatoon-Raw-Power21.jpg 800w\" sizes=\"(max-width: 500px) 100vw, 500px\" \/><\/p>\n<p>Produkte yra tik 8 ingredientai: svirpli\u0173 miltai, migdolai, skrudintos moli\u016bg\u0173 s\u0117klos, datul\u0117s, cikorij\u0173 sirupas, skrudintos kakavos pupel\u0117s ir apelsin\u0173 aliejus. Be prid\u0117tinio cukraus ir ne\u017einom\u0173 sudedam\u0173j\u0173 dali\u0173. Paleo, be glitimo, \u017ealiavalgi\u0161kas maistas.  <\/p>\n<p>Svirpliai daro minimal\u0173 poveik\u012f aplinkai \u2013 j\u0173 auginimui reikia 1 000 kart\u0173 ma\u017eiau vandens ir 100 kart\u0173 ma\u017eiau \u017eem\u0117s, lyginant su jautiena, o j\u0173 \u0161iltnamio efekt\u0105 sukelian\u010di\u0173 duj\u0173 p\u0117dsakas yra 100 kart\u0173 ma\u017eesnis. Rinkis \u0161varius baltymus, kurie naudingi ir tavo k\u016bnui, ir m\u016bs\u0173 planetai! <\/p>\n<p>Domiesi \u017eygio reikmenimis? Su\u017einok daugiau <a href=\"https:\/\/toidupakk.ee\/lt\/tootekategooria\/zygio-iranga\/#section-3-79\">\u010cIA<\/a><\/p>\n<p>O gal domina \u017eygio maistas? \u017di\u016br\u0117k <a href=\"https:\/\/toidupakk.ee\/lt\/tootekategooria\/pagrindiniai-patiekalai\/\">\u010cIA<\/a><\/p>\n<p>Pasisemk \u012fkv\u0117pimo kitiems nuotykiams \u201eToidupakk\u201c <a href=\"https:\/\/www.instagram.com\/toidupakk\/\">Instagram<\/a> ir <a href=\"https:\/\/www.facebook.com\/Toidupakk\/\">Facebook<\/a> paskyrose.<\/p>\n","protected":false},"excerpt":{"rendered":"<p>Svirpli\u0173 baton\u0117lis \u201eRaw Power\u201c yra sveikas ir skanus pasirinkimas, kurio burnoje tirpstantis kakavos ir apelsin\u0173 skonis prad\u017eiugins kiekvien\u0105 gurman\u0105. Produkto sud\u0117tyje yra \u012fvairi\u0173 maistini\u0173 med\u017eiag\u0173, \u012fskaitant vitaminus, mineralus ir skaidulas, kurios svarbios organizmo sveikatai. Be to, \u0161is baton\u0117lis yra ekologi\u0161kas pasirinkimas, palaikantis sveik\u0105 gyvenimo b\u016bd\u0105.  <\/p>\n<ul>\n<li class=\"my-1 text-base\">Tinka aktyviam gyvenimo b\u016bdui, idealiai tinka sporto sal\u0117je, \u017eygyje, va\u017eiuojant dvira\u010diu ir t. t.<\/li>\n<li class=\"my-1 text-base\">Kakavos ir apelsin\u0173 skonis, nat\u016bralus saldumas i\u0161 datuli\u0173 ir kakavos.<\/li>\n<li>Draugi\u0161kas aplinkai<\/li>\n<li><a>Paleo, be glitimo, \u017ealiavalgi\u0161kas maistas<\/a><\/li>\n<li>20 g baltym\u0173<\/li>\n<\/ul>\n<p>\u2705 Turime sand\u0117lyje, greitas pristatymas per 1\u20133 darbo dienas<\/p>\n","protected":false},"featured_media":16408,"comment_status":"open","ping_status":"closed","template":"","meta":{"_acf_changed":false},"product_brand":[],"product_cat":[214,239,215,189,190],"product_tag":[194],"class_list":{"0":"post-48576","1":"product","2":"type-product","3":"status-publish","4":"has-post-thumbnail","6":"product_cat-energijos-batoneliai","7":"product_cat-priedai","8":"product_cat-svirpliu-uzkandziai","9":"product_cat-zygio-iranga","10":"product_cat-zygio-prekes","11":"product_tag-no_ads","13":"first","14":"instock","15":"taxable","16":"shipping-taxable","17":"purchasable","18":"product-type-simple"},"bundled_by":[],"bundle_stock_status":"instock","bundle_stock_quantity":9,"bundle_virtual":false,"bundle_layout":"","bundle_add_to_cart_form_location":"","bundle_editable_in_cart":false,"bundle_sold_individually_context":"","bundle_item_grouping":"","bundle_min_size":"","bundle_max_size":"","bundle_price":[],"bundled_items":[],"bundle_sell_ids":[],"acf":[],"yoast_head":"<!-- This site is optimized with the Yoast SEO plugin v27.3 - https:\/\/yoast.com\/product\/yoast-seo-wordpress\/ -->\n<title>Svirpli\u0173 baton\u0117lis \u201eRaw Power\u201c<\/title>\n<meta name=\"description\" content=\"Svirpli\u0173 baton\u0117lis \u201eRaw Power\u201c \u2013 tai \u0161vie\u017eias nat\u016bralus pasirinkimas, pasi\u017eymintis burnoje tirpstan\u010diu kakavos kremu ir apelsin\u0173 skoniu bei praturtintas vitaminais, mineralais ir skaidulomis.\" \/>\n<meta name=\"robots\" content=\"index, follow, max-snippet:-1, max-image-preview:large, max-video-preview:-1\" \/>\n<link rel=\"canonical\" href=\"https:\/\/toidupakk.ee\/lt\/toode\/svirpliu-batonelis-raw-power\/\" \/>\n<meta property=\"og:locale\" content=\"lt_LT\" \/>\n<meta property=\"og:type\" content=\"article\" \/>\n<meta property=\"og:title\" content=\"Svirpli\u0173 baton\u0117lis \u201eRaw Power\u201c\" \/>\n<meta property=\"og:description\" content=\"Svirpli\u0173 baton\u0117lis \u201eRaw Power\u201c \u2013 tai \u0161vie\u017eias nat\u016bralus pasirinkimas, pasi\u017eymintis burnoje tirpstan\u010diu kakavos kremu ir apelsin\u0173 skoniu bei praturtintas vitaminais, mineralais ir skaidulomis.\" \/>\n<meta property=\"og:url\" content=\"https:\/\/toidupakk.ee\/lt\/toode\/svirpliu-batonelis-raw-power\/\" \/>\n<meta property=\"og:site_name\" content=\"Toidupakk.ee - Tactical Foodpack toidupakid\" \/>\n<meta property=\"article:publisher\" content=\"https:\/\/www.facebook.com\/Toidupakk\" \/>\n<meta property=\"article:modified_time\" content=\"2026-04-21T09:00:32+00:00\" \/>\n<meta property=\"og:image\" content=\"https:\/\/toidupakk.ee\/wp-content\/uploads\/2023\/11\/Kilgibatoon-Raw-Power22.png\" \/>\n\t<meta property=\"og:image:width\" content=\"800\" \/>\n\t<meta property=\"og:image:height\" content=\"800\" \/>\n\t<meta property=\"og:image:type\" content=\"image\/png\" \/>\n<meta name=\"twitter:card\" content=\"summary_large_image\" \/>\n<meta name=\"twitter:label1\" content=\"Est. reading time\" \/>\n\t<meta name=\"twitter:data1\" content=\"1 minut\u0117\" \/>\n<script type=\"application\/ld+json\" class=\"yoast-schema-graph\">{\"@context\":\"https:\\\/\\\/schema.org\",\"@graph\":[{\"@type\":\"WebPage\",\"@id\":\"https:\\\/\\\/toidupakk.ee\\\/lt\\\/toode\\\/svirpliu-batonelis-raw-power\\\/\",\"url\":\"https:\\\/\\\/toidupakk.ee\\\/lt\\\/toode\\\/svirpliu-batonelis-raw-power\\\/\",\"name\":\"Svirpli\u0173 baton\u0117lis \u201eRaw Power\u201c\",\"isPartOf\":{\"@id\":\"https:\\\/\\\/toidupakk.ee\\\/lt\\\/#website\"},\"primaryImageOfPage\":{\"@id\":\"https:\\\/\\\/toidupakk.ee\\\/lt\\\/toode\\\/svirpliu-batonelis-raw-power\\\/#primaryimage\"},\"image\":{\"@id\":\"https:\\\/\\\/toidupakk.ee\\\/lt\\\/toode\\\/svirpliu-batonelis-raw-power\\\/#primaryimage\"},\"thumbnailUrl\":\"https:\\\/\\\/toidupakk.ee\\\/wp-content\\\/uploads\\\/2023\\\/11\\\/Kilgibatoon-Raw-Power22.png\",\"datePublished\":\"2023-12-06T15:15:03+00:00\",\"dateModified\":\"2026-04-21T09:00:32+00:00\",\"description\":\"Svirpli\u0173 baton\u0117lis \u201eRaw Power\u201c \u2013 tai \u0161vie\u017eias nat\u016bralus pasirinkimas, pasi\u017eymintis burnoje tirpstan\u010diu kakavos kremu ir apelsin\u0173 skoniu bei praturtintas vitaminais, mineralais ir skaidulomis.\",\"breadcrumb\":{\"@id\":\"https:\\\/\\\/toidupakk.ee\\\/lt\\\/toode\\\/svirpliu-batonelis-raw-power\\\/#breadcrumb\"},\"inLanguage\":\"lt-LT\",\"potentialAction\":[{\"@type\":\"ReadAction\",\"target\":[\"https:\\\/\\\/toidupakk.ee\\\/lt\\\/toode\\\/svirpliu-batonelis-raw-power\\\/\"]}]},{\"@type\":\"ImageObject\",\"inLanguage\":\"lt-LT\",\"@id\":\"https:\\\/\\\/toidupakk.ee\\\/lt\\\/toode\\\/svirpliu-batonelis-raw-power\\\/#primaryimage\",\"url\":\"https:\\\/\\\/toidupakk.ee\\\/wp-content\\\/uploads\\\/2023\\\/11\\\/Kilgibatoon-Raw-Power22.png\",\"contentUrl\":\"https:\\\/\\\/toidupakk.ee\\\/wp-content\\\/uploads\\\/2023\\\/11\\\/Kilgibatoon-Raw-Power22.png\",\"width\":800,\"height\":800,\"caption\":\"Kilgibatoon Raw Power 1\"},{\"@type\":\"BreadcrumbList\",\"@id\":\"https:\\\/\\\/toidupakk.ee\\\/lt\\\/toode\\\/svirpliu-batonelis-raw-power\\\/#breadcrumb\",\"itemListElement\":[{\"@type\":\"ListItem\",\"position\":1,\"name\":\"Avaleht\",\"item\":\"https:\\\/\\\/toidupakk.ee\\\/lt\\\/\"},{\"@type\":\"ListItem\",\"position\":2,\"name\":\"El. parduotuv\u0117\",\"item\":\"https:\\\/\\\/toidupakk.ee\\\/lt\\\/el-parduotuve\\\/\"},{\"@type\":\"ListItem\",\"position\":3,\"name\":\"Svirpli\u0173 baton\u0117lis \u201eRaw Power\u201c\"}]},{\"@type\":\"WebSite\",\"@id\":\"https:\\\/\\\/toidupakk.ee\\\/lt\\\/#website\",\"url\":\"https:\\\/\\\/toidupakk.ee\\\/lt\\\/\",\"name\":\"Toidupakk.ee - Tactical Foodpack toidupakid\",\"description\":\"Tactical Foodpack k\u00fclmkuivatatud toidupakid ja matkaeined\",\"publisher\":{\"@id\":\"https:\\\/\\\/toidupakk.ee\\\/lt\\\/#organization\"},\"potentialAction\":[{\"@type\":\"SearchAction\",\"target\":{\"@type\":\"EntryPoint\",\"urlTemplate\":\"https:\\\/\\\/toidupakk.ee\\\/lt\\\/?s={search_term_string}\"},\"query-input\":{\"@type\":\"PropertyValueSpecification\",\"valueRequired\":true,\"valueName\":\"search_term_string\"}}],\"inLanguage\":\"lt-LT\"},{\"@type\":\"Organization\",\"@id\":\"https:\\\/\\\/toidupakk.ee\\\/lt\\\/#organization\",\"name\":\"Tactical Foodpack matkaeined\",\"url\":\"https:\\\/\\\/toidupakk.ee\\\/lt\\\/\",\"logo\":{\"@type\":\"ImageObject\",\"inLanguage\":\"lt-LT\",\"@id\":\"https:\\\/\\\/toidupakk.ee\\\/lt\\\/#\\\/schema\\\/logo\\\/image\\\/\",\"url\":\"https:\\\/\\\/toidupakk.ee\\\/wp-content\\\/uploads\\\/2022\\\/01\\\/Toidupakk-matkapood-logo-transparent.png\",\"contentUrl\":\"https:\\\/\\\/toidupakk.ee\\\/wp-content\\\/uploads\\\/2022\\\/01\\\/Toidupakk-matkapood-logo-transparent.png\",\"width\":500,\"height\":500,\"caption\":\"Tactical Foodpack matkaeined\"},\"image\":{\"@id\":\"https:\\\/\\\/toidupakk.ee\\\/lt\\\/#\\\/schema\\\/logo\\\/image\\\/\"},\"sameAs\":[\"https:\\\/\\\/www.facebook.com\\\/Toidupakk\",\"https:\\\/\\\/www.instagram.com\\\/toidupakk\\\/\"]}]}<\/script>\n<!-- \/ Yoast SEO plugin. -->","yoast_head_json":{"title":"Svirpli\u0173 baton\u0117lis \u201eRaw Power\u201c","description":"Svirpli\u0173 baton\u0117lis \u201eRaw Power\u201c \u2013 tai \u0161vie\u017eias nat\u016bralus pasirinkimas, pasi\u017eymintis burnoje tirpstan\u010diu kakavos kremu ir apelsin\u0173 skoniu bei praturtintas vitaminais, mineralais ir skaidulomis.","robots":{"index":"index","follow":"follow","max-snippet":"max-snippet:-1","max-image-preview":"max-image-preview:large","max-video-preview":"max-video-preview:-1"},"canonical":"https:\/\/toidupakk.ee\/lt\/toode\/svirpliu-batonelis-raw-power\/","og_locale":"lt_LT","og_type":"article","og_title":"Svirpli\u0173 baton\u0117lis \u201eRaw Power\u201c","og_description":"Svirpli\u0173 baton\u0117lis \u201eRaw Power\u201c \u2013 tai \u0161vie\u017eias nat\u016bralus pasirinkimas, pasi\u017eymintis burnoje tirpstan\u010diu kakavos kremu ir apelsin\u0173 skoniu bei praturtintas vitaminais, mineralais ir skaidulomis.","og_url":"https:\/\/toidupakk.ee\/lt\/toode\/svirpliu-batonelis-raw-power\/","og_site_name":"Toidupakk.ee - Tactical Foodpack toidupakid","article_publisher":"https:\/\/www.facebook.com\/Toidupakk","article_modified_time":"2026-04-21T09:00:32+00:00","og_image":[{"width":800,"height":800,"url":"https:\/\/toidupakk.ee\/wp-content\/uploads\/2023\/11\/Kilgibatoon-Raw-Power22.png","type":"image\/png"}],"twitter_card":"summary_large_image","twitter_misc":{"Est. reading time":"1 minut\u0117"},"schema":{"@context":"https:\/\/schema.org","@graph":[{"@type":"WebPage","@id":"https:\/\/toidupakk.ee\/lt\/toode\/svirpliu-batonelis-raw-power\/","url":"https:\/\/toidupakk.ee\/lt\/toode\/svirpliu-batonelis-raw-power\/","name":"Svirpli\u0173 baton\u0117lis \u201eRaw Power\u201c","isPartOf":{"@id":"https:\/\/toidupakk.ee\/lt\/#website"},"primaryImageOfPage":{"@id":"https:\/\/toidupakk.ee\/lt\/toode\/svirpliu-batonelis-raw-power\/#primaryimage"},"image":{"@id":"https:\/\/toidupakk.ee\/lt\/toode\/svirpliu-batonelis-raw-power\/#primaryimage"},"thumbnailUrl":"https:\/\/toidupakk.ee\/wp-content\/uploads\/2023\/11\/Kilgibatoon-Raw-Power22.png","datePublished":"2023-12-06T15:15:03+00:00","dateModified":"2026-04-21T09:00:32+00:00","description":"Svirpli\u0173 baton\u0117lis \u201eRaw Power\u201c \u2013 tai \u0161vie\u017eias nat\u016bralus pasirinkimas, pasi\u017eymintis burnoje tirpstan\u010diu kakavos kremu ir apelsin\u0173 skoniu bei praturtintas vitaminais, mineralais ir skaidulomis.","breadcrumb":{"@id":"https:\/\/toidupakk.ee\/lt\/toode\/svirpliu-batonelis-raw-power\/#breadcrumb"},"inLanguage":"lt-LT","potentialAction":[{"@type":"ReadAction","target":["https:\/\/toidupakk.ee\/lt\/toode\/svirpliu-batonelis-raw-power\/"]}]},{"@type":"ImageObject","inLanguage":"lt-LT","@id":"https:\/\/toidupakk.ee\/lt\/toode\/svirpliu-batonelis-raw-power\/#primaryimage","url":"https:\/\/toidupakk.ee\/wp-content\/uploads\/2023\/11\/Kilgibatoon-Raw-Power22.png","contentUrl":"https:\/\/toidupakk.ee\/wp-content\/uploads\/2023\/11\/Kilgibatoon-Raw-Power22.png","width":800,"height":800,"caption":"Kilgibatoon Raw Power 1"},{"@type":"BreadcrumbList","@id":"https:\/\/toidupakk.ee\/lt\/toode\/svirpliu-batonelis-raw-power\/#breadcrumb","itemListElement":[{"@type":"ListItem","position":1,"name":"Avaleht","item":"https:\/\/toidupakk.ee\/lt\/"},{"@type":"ListItem","position":2,"name":"El. parduotuv\u0117","item":"https:\/\/toidupakk.ee\/lt\/el-parduotuve\/"},{"@type":"ListItem","position":3,"name":"Svirpli\u0173 baton\u0117lis \u201eRaw Power\u201c"}]},{"@type":"WebSite","@id":"https:\/\/toidupakk.ee\/lt\/#website","url":"https:\/\/toidupakk.ee\/lt\/","name":"Toidupakk.ee - Tactical Foodpack toidupakid","description":"Tactical Foodpack k\u00fclmkuivatatud toidupakid ja matkaeined","publisher":{"@id":"https:\/\/toidupakk.ee\/lt\/#organization"},"potentialAction":[{"@type":"SearchAction","target":{"@type":"EntryPoint","urlTemplate":"https:\/\/toidupakk.ee\/lt\/?s={search_term_string}"},"query-input":{"@type":"PropertyValueSpecification","valueRequired":true,"valueName":"search_term_string"}}],"inLanguage":"lt-LT"},{"@type":"Organization","@id":"https:\/\/toidupakk.ee\/lt\/#organization","name":"Tactical Foodpack matkaeined","url":"https:\/\/toidupakk.ee\/lt\/","logo":{"@type":"ImageObject","inLanguage":"lt-LT","@id":"https:\/\/toidupakk.ee\/lt\/#\/schema\/logo\/image\/","url":"https:\/\/toidupakk.ee\/wp-content\/uploads\/2022\/01\/Toidupakk-matkapood-logo-transparent.png","contentUrl":"https:\/\/toidupakk.ee\/wp-content\/uploads\/2022\/01\/Toidupakk-matkapood-logo-transparent.png","width":500,"height":500,"caption":"Tactical Foodpack matkaeined"},"image":{"@id":"https:\/\/toidupakk.ee\/lt\/#\/schema\/logo\/image\/"},"sameAs":["https:\/\/www.facebook.com\/Toidupakk","https:\/\/www.instagram.com\/toidupakk\/"]}]}},"jetpack_sharing_enabled":true,"_links":{"self":[{"href":"https:\/\/toidupakk.ee\/lt\/wp-json\/wp\/v2\/product\/48576","targetHints":{"allow":["GET"]}}],"collection":[{"href":"https:\/\/toidupakk.ee\/lt\/wp-json\/wp\/v2\/product"}],"about":[{"href":"https:\/\/toidupakk.ee\/lt\/wp-json\/wp\/v2\/types\/product"}],"replies":[{"embeddable":true,"href":"https:\/\/toidupakk.ee\/lt\/wp-json\/wp\/v2\/comments?post=48576"}],"wp:featuredmedia":[{"embeddable":true,"href":"https:\/\/toidupakk.ee\/lt\/wp-json\/wp\/v2\/media\/16408"}],"wp:attachment":[{"href":"https:\/\/toidupakk.ee\/lt\/wp-json\/wp\/v2\/media?parent=48576"}],"wp:term":[{"taxonomy":"product_brand","embeddable":true,"href":"https:\/\/toidupakk.ee\/lt\/wp-json\/wp\/v2\/product_brand?post=48576"},{"taxonomy":"product_cat","embeddable":true,"href":"https:\/\/toidupakk.ee\/lt\/wp-json\/wp\/v2\/product_cat?post=48576"},{"taxonomy":"product_tag","embeddable":true,"href":"https:\/\/toidupakk.ee\/lt\/wp-json\/wp\/v2\/product_tag?post=48576"}],"curies":[{"name":"wp","href":"https:\/\/api.w.org\/{rel}","templated":true}]}}