{"id":48542,"date":"2022-03-11T17:37:10","date_gmt":"2022-03-11T15:37:10","guid":{"rendered":"https:\/\/toidupakk.ee\/toode\/galingas-led-galvos-zibintas-mil-tec-200-lm\/"},"modified":"2026-04-16T22:00:31","modified_gmt":"2026-04-16T19:00:31","slug":"galingas-led-galvos-zibintas-mil-tec-200-lm","status":"publish","type":"product","link":"https:\/\/toidupakk.ee\/lt\/toode\/galingas-led-galvos-zibintas-mil-tec-200-lm\/","title":{"rendered":"Galingas LED galvos \u017eibintas Mil-Tec 200 lm"},"content":{"rendered":"<h1><img fetchpriority=\"high\" decoding=\"async\" class=\"alignright wp-image-1540 size-thumbnail\" src=\"https:\/\/toidupakk.ee\/wp-content\/uploads\/2022\/03\/Voimas-LED-pealamp-3-500x500.png\" alt=\"\" width=\"500\" height=\"500\" srcset=\"https:\/\/toidupakk.ee\/wp-content\/uploads\/2022\/03\/Voimas-LED-pealamp-3-500x500.png 500w, https:\/\/toidupakk.ee\/wp-content\/uploads\/2022\/03\/Voimas-LED-pealamp-3-400x400.png 400w, https:\/\/toidupakk.ee\/wp-content\/uploads\/2022\/03\/Voimas-LED-pealamp-3-100x100.png 100w, https:\/\/toidupakk.ee\/wp-content\/uploads\/2022\/03\/Voimas-LED-pealamp-3-800x800.png 800w, https:\/\/toidupakk.ee\/wp-content\/uploads\/2022\/03\/Voimas-LED-pealamp-3-300x300.png 300w, https:\/\/toidupakk.ee\/wp-content\/uploads\/2022\/03\/Voimas-LED-pealamp-3-1024x1024.png 1024w, https:\/\/toidupakk.ee\/wp-content\/uploads\/2022\/03\/Voimas-LED-pealamp-3-768x768.png 768w, https:\/\/toidupakk.ee\/wp-content\/uploads\/2022\/03\/Voimas-LED-pealamp-3.png 1080w\" sizes=\"(max-width: 500px) 100vw, 500px\" \/><\/h1>\n<h1>Tikrai galingas galvos \u017eibintas<\/h1>\n<p>Puikiai tinka \u017eygiams, va\u017ein\u0117jimui dvira\u010diu tamsoje ar prieblandoje, kelion\u0117ms laivu, malk\u0173 skaldymui malkin\u0117je arba tiesiog tam atvejui, jei dingt\u0173 elektra. Ne\u0161iojamas \u017eibintuv\u0117lis tikrai yra geras pagalbininkas, ta\u010diau da\u017enai reikia abiej\u0173 laisv\u0173 rank\u0173 \u2013 remontuojant automobil\u012f po kapotu, ie\u0161kant ko nors sand\u0117liuke ar prireikus k\u0105 nors rasti tamsiame kambaryje dingus elektrai. Kai tos darb\u0161\u010dios rankos u\u017eimtos laikant \u017eibintuv\u0117l\u012f, \u012fprasta j\u012f \u012fsik\u0105sti \u012f dantis, ta\u010diau tai nepatogu ir nepatinka odontologams. Tod\u0117l puikus sprendimas tokioje situacijoje yra galvos \u017eibintas, kuris guma tvirtai laikosi ant galvos, ap\u0161vie\u010dia b\u016btent t\u0105 krypt\u012f, \u012f kuri\u0105 \u017ei\u016bri, ir palieka rankas laisvas reikiamiems darbams.   <\/p>\n<p>&nbsp;<\/p>\n<h2>Geras galvos \u017eibintas \u0161vie\u010dia galingai<\/h2>\n<p>Prakti\u0161kas \u201eMil-Tec\u201c galvos \u017eibintas skleid\u017eia balt\u0105 CREE XPE \u0161vies\u0105 ir raudon\u0105 LED \u0161vies\u0105. Baltos \u0161viesos galia yra 200 liumen\u0173, o raudonos \u2013 30 liumen\u0173. Abiej\u0173 spalv\u0173 ap\u0161vietim\u0105 galima \u012fjungti ir i\u0161jungti atskirais specialiais mygtukais. Taip pat abi \u0161viesos turi mirks\u0117jimo re\u017eim\u0105, jei prireikt\u0173 j\u012f naudoti.   <\/p>\n<p>Tiek balta, tiek raudona \u0161viesa turi reguliuojam\u0105 ap\u0161vietimo lyg\u012f, leid\u017eiant\u012f j\u012f pritaikyti pagal poreikius \u2013 baltas diodas turi tris \u0161viesos re\u017eimus, o raudonas \u2013 du.<\/p>\n<p>Lanksti reguliuojama galvos juosta u\u017etikrina naudojimo patogum\u0105.<\/p>\n<p>&nbsp;<\/p>\n<h3>Reikalingas kiekvienam<\/h3>\n<p>Pavyzd\u017eiui, \u017evejyboje, anksti ryte ar vakare galvos \u017eibintas yra nepakei\u010diamas palydovas! \u201eMil-Tec\u201c galvos \u017eibint\u0105 naudoja ir juo pasitiki ne tik \u017evejai, bet ir profesional\u016bs dviratininkai, \u017eygeiviai, sportininkai bei nam\u0173 vartotojai. \u201eMil-Tec\u201c galvos \u017eibintas yra patvarus ir ilgaam\u017eis, o tai rei\u0161kia, kad jam nereikia jokios kitos prie\u017ei\u016bros, i\u0161skyrus baterij\u0173 keitim\u0105.  <\/p>\n<p>&nbsp;<\/p>\n<h3>Kod\u0117l reikalinga raudona galvos \u017eibinto \u0161viesa?<\/h3>\n<p>Raudona \u0161viesa skleid\u017eia ma\u017eesn\u012f spindul\u012f, ta\u010diau pakankamai ap\u0161vie\u010dia aplink\u0105, kad b\u016bt\u0173 saugu jud\u0117ti. Jos reikia, pavyzd\u017eiui, kai judant mi\u0161ke norima likti nepasteb\u0117tam. Taip pat galvos \u017eibintas su raudona \u0161viesa praver\u010dia va\u017eiuojant dvira\u010diu, kai reikia b\u016bti geriau matomam i\u0161 auk\u0161\u010diau, pavyzd\u017eiui, vairuotojams. Tiesiog pasuk galvos \u017eibint\u0105 raudonu re\u017eimu \u012f pakau\u0161\u012f, jei nori, nustatyk mirks\u0117jim\u0105, ir b\u016bsi matomas i\u0161 labai toli.   <\/p>\n<p>&nbsp;<\/p>\n<p>Daugiau \u017eygio preki\u0173 rasi <a href=\"https:\/\/toidupakk.ee\/lt\/tootekategooria\/zygio-iranga\/#section-3-79\">\u010cIA<\/a><\/p>\n<p>Pasisemk \u012fkv\u0117pimo kitiems nuotykiams \u201eToidupakk\u201c <a href=\"https:\/\/www.instagram.com\/toidupakk\/\">Instagram<\/a> ir <a href=\"https:\/\/www.facebook.com\/Toidupakk\/\">Facebook<\/a> paskyrose.<\/p>\n","protected":false},"excerpt":{"rendered":"<p><strong>\u201eMil-Tec\u201c LED galvos \u017eibintas yra ma\u017eas ir lengvas, ta\u010diau 200 liumen\u0173 \u0161viesos galia ap\u0161vie\u010dia vis\u0105 stovyklaviet\u0119 ar mi\u0161ko paklot\u0119. Galingas \u017eibintas skleid\u017eia balt\u0105 CREE XPE \u0161vies\u0105 ir papildom\u0105 raudon\u0105 LED \u0161vies\u0105, kuri u\u017etikrina ger\u0105 matomum\u0105 tamsoje ir padeda tau b\u016bti matomam. <\/strong><\/p>\n<p>Techniniai duomenys:<\/p>\n<ul>\n<li>Baltos \u0161viesos galia: 200 liumen\u0173<\/li>\n<li>Raudonos \u0161viesos galia: 30 liumen\u0173<\/li>\n<li>24 valandos naudojimo taupymo re\u017eimu<\/li>\n<li>4 valandos naudojimo maksimalaus ap\u0161vietimo re\u017eimu<\/li>\n<li>Baltos \u0161viesos diodo tipas: CREE XPE<\/li>\n<li>Raudonos \u0161viesos diodo tipas: LED<\/li>\n<li>\u0160viesos mirks\u0117jimo re\u017eimai<\/li>\n<li>Maitinimo \u0161altinis: 3 x AAA (nepridedama)<\/li>\n<li>Dydis: 6,2 x 4,4 x 4,5 cm<\/li>\n<li>Svoris: 34 g<\/li>\n<li>Dir\u017eelis: patogus ir reguliuojamas, 100 % nailonas<\/li>\n<li>Spalva: juoda<\/li>\n<\/ul>\n<p>\u2705 Turime sand\u0117lyje, greitas pristatymas per 1\u20133 darbo dienas<\/p>\n","protected":false},"featured_media":1541,"comment_status":"open","ping_status":"closed","template":"","meta":{"_acf_changed":false},"product_brand":[],"product_cat":[241,193,210,208,189,190],"product_tag":[],"class_list":{"0":"post-48542","1":"product","2":"type-product","3":"status-publish","4":"has-post-thumbnail","6":"product_cat-galvos-zibintai","7":"product_cat-karine-ekipuote","8":"product_cat-mil-tec","9":"product_cat-sviesa","10":"product_cat-zygio-iranga","11":"product_cat-zygio-prekes","13":"first","14":"instock","15":"taxable","16":"shipping-taxable","17":"purchasable","18":"product-type-simple"},"bundled_by":[],"bundle_stock_status":"instock","bundle_stock_quantity":13,"bundle_virtual":false,"bundle_layout":"","bundle_add_to_cart_form_location":"","bundle_editable_in_cart":false,"bundle_sold_individually_context":"","bundle_item_grouping":"","bundle_min_size":"","bundle_max_size":"","bundle_price":[],"bundled_items":[],"bundle_sell_ids":[],"acf":[],"yoast_head":"<!-- This site is optimized with the Yoast SEO plugin v27.3 - https:\/\/yoast.com\/product\/yoast-seo-wordpress\/ -->\n<title>Galingas LED galvos \u017eibintas Mil-Tec 200 lm - Toidupakk.ee - Tactical Foodpack toidupakid<\/title>\n<meta name=\"description\" content=\"Prakti\u0161kas 200 lm galios \u201eMil-Tec\u201c galvos \u017eibintas u\u017etikrina ger\u0105 matomum\u0105 tamsiu paros metu ir padeda tau b\u016bti matomam.\" \/>\n<meta name=\"robots\" content=\"index, follow, max-snippet:-1, max-image-preview:large, max-video-preview:-1\" \/>\n<link rel=\"canonical\" href=\"https:\/\/toidupakk.ee\/lt\/toode\/galingas-led-galvos-zibintas-mil-tec-200-lm\/\" \/>\n<meta property=\"og:locale\" content=\"lt_LT\" \/>\n<meta property=\"og:type\" content=\"article\" \/>\n<meta property=\"og:title\" content=\"Galingas LED galvos \u017eibintas Mil-Tec 200 lm - Toidupakk.ee - Tactical Foodpack toidupakid\" \/>\n<meta property=\"og:description\" content=\"Prakti\u0161kas 200 lm galios \u201eMil-Tec\u201c galvos \u017eibintas u\u017etikrina ger\u0105 matomum\u0105 tamsiu paros metu ir padeda tau b\u016bti matomam.\" \/>\n<meta property=\"og:url\" content=\"https:\/\/toidupakk.ee\/lt\/toode\/galingas-led-galvos-zibintas-mil-tec-200-lm\/\" \/>\n<meta property=\"og:site_name\" content=\"Toidupakk.ee - Tactical Foodpack toidupakid\" \/>\n<meta property=\"article:publisher\" content=\"https:\/\/www.facebook.com\/Toidupakk\" \/>\n<meta property=\"article:modified_time\" content=\"2026-04-16T19:00:31+00:00\" \/>\n<meta property=\"og:image\" content=\"https:\/\/toidupakk.ee\/wp-content\/uploads\/2022\/03\/Voimas-LED-pealamp-4.png\" \/>\n\t<meta property=\"og:image:width\" content=\"1080\" \/>\n\t<meta property=\"og:image:height\" content=\"1080\" \/>\n\t<meta property=\"og:image:type\" content=\"image\/png\" \/>\n<meta name=\"twitter:card\" content=\"summary_large_image\" \/>\n<meta name=\"twitter:label1\" content=\"Est. reading time\" \/>\n\t<meta name=\"twitter:data1\" content=\"2 minut\u0117s\" \/>\n<script type=\"application\/ld+json\" class=\"yoast-schema-graph\">{\"@context\":\"https:\\\/\\\/schema.org\",\"@graph\":[{\"@type\":\"WebPage\",\"@id\":\"https:\\\/\\\/toidupakk.ee\\\/lt\\\/toode\\\/galingas-led-galvos-zibintas-mil-tec-200-lm\\\/\",\"url\":\"https:\\\/\\\/toidupakk.ee\\\/lt\\\/toode\\\/galingas-led-galvos-zibintas-mil-tec-200-lm\\\/\",\"name\":\"Galingas LED galvos \u017eibintas Mil-Tec 200 lm - Toidupakk.ee - Tactical Foodpack toidupakid\",\"isPartOf\":{\"@id\":\"https:\\\/\\\/toidupakk.ee\\\/lt\\\/#website\"},\"primaryImageOfPage\":{\"@id\":\"https:\\\/\\\/toidupakk.ee\\\/lt\\\/toode\\\/galingas-led-galvos-zibintas-mil-tec-200-lm\\\/#primaryimage\"},\"image\":{\"@id\":\"https:\\\/\\\/toidupakk.ee\\\/lt\\\/toode\\\/galingas-led-galvos-zibintas-mil-tec-200-lm\\\/#primaryimage\"},\"thumbnailUrl\":\"https:\\\/\\\/toidupakk.ee\\\/wp-content\\\/uploads\\\/2022\\\/03\\\/Voimas-LED-pealamp-4.png\",\"datePublished\":\"2022-03-11T15:37:10+00:00\",\"dateModified\":\"2026-04-16T19:00:31+00:00\",\"description\":\"Prakti\u0161kas 200 lm galios \u201eMil-Tec\u201c galvos \u017eibintas u\u017etikrina ger\u0105 matomum\u0105 tamsiu paros metu ir padeda tau b\u016bti matomam.\",\"breadcrumb\":{\"@id\":\"https:\\\/\\\/toidupakk.ee\\\/lt\\\/toode\\\/galingas-led-galvos-zibintas-mil-tec-200-lm\\\/#breadcrumb\"},\"inLanguage\":\"lt-LT\",\"potentialAction\":[{\"@type\":\"ReadAction\",\"target\":[\"https:\\\/\\\/toidupakk.ee\\\/lt\\\/toode\\\/galingas-led-galvos-zibintas-mil-tec-200-lm\\\/\"]}]},{\"@type\":\"ImageObject\",\"inLanguage\":\"lt-LT\",\"@id\":\"https:\\\/\\\/toidupakk.ee\\\/lt\\\/toode\\\/galingas-led-galvos-zibintas-mil-tec-200-lm\\\/#primaryimage\",\"url\":\"https:\\\/\\\/toidupakk.ee\\\/wp-content\\\/uploads\\\/2022\\\/03\\\/Voimas-LED-pealamp-4.png\",\"contentUrl\":\"https:\\\/\\\/toidupakk.ee\\\/wp-content\\\/uploads\\\/2022\\\/03\\\/Voimas-LED-pealamp-4.png\",\"width\":1080,\"height\":1080,\"caption\":\"V\u00f5imas pealamp Mil-Tec\"},{\"@type\":\"BreadcrumbList\",\"@id\":\"https:\\\/\\\/toidupakk.ee\\\/lt\\\/toode\\\/galingas-led-galvos-zibintas-mil-tec-200-lm\\\/#breadcrumb\",\"itemListElement\":[{\"@type\":\"ListItem\",\"position\":1,\"name\":\"Avaleht\",\"item\":\"https:\\\/\\\/toidupakk.ee\\\/lt\\\/\"},{\"@type\":\"ListItem\",\"position\":2,\"name\":\"El. parduotuv\u0117\",\"item\":\"https:\\\/\\\/toidupakk.ee\\\/lt\\\/el-parduotuve\\\/\"},{\"@type\":\"ListItem\",\"position\":3,\"name\":\"Galingas LED galvos \u017eibintas Mil-Tec 200 lm\"}]},{\"@type\":\"WebSite\",\"@id\":\"https:\\\/\\\/toidupakk.ee\\\/lt\\\/#website\",\"url\":\"https:\\\/\\\/toidupakk.ee\\\/lt\\\/\",\"name\":\"Toidupakk.ee - Tactical Foodpack toidupakid\",\"description\":\"Tactical Foodpack k\u00fclmkuivatatud toidupakid ja matkaeined\",\"publisher\":{\"@id\":\"https:\\\/\\\/toidupakk.ee\\\/lt\\\/#organization\"},\"potentialAction\":[{\"@type\":\"SearchAction\",\"target\":{\"@type\":\"EntryPoint\",\"urlTemplate\":\"https:\\\/\\\/toidupakk.ee\\\/lt\\\/?s={search_term_string}\"},\"query-input\":{\"@type\":\"PropertyValueSpecification\",\"valueRequired\":true,\"valueName\":\"search_term_string\"}}],\"inLanguage\":\"lt-LT\"},{\"@type\":\"Organization\",\"@id\":\"https:\\\/\\\/toidupakk.ee\\\/lt\\\/#organization\",\"name\":\"Tactical Foodpack matkaeined\",\"url\":\"https:\\\/\\\/toidupakk.ee\\\/lt\\\/\",\"logo\":{\"@type\":\"ImageObject\",\"inLanguage\":\"lt-LT\",\"@id\":\"https:\\\/\\\/toidupakk.ee\\\/lt\\\/#\\\/schema\\\/logo\\\/image\\\/\",\"url\":\"https:\\\/\\\/toidupakk.ee\\\/wp-content\\\/uploads\\\/2022\\\/01\\\/Toidupakk-matkapood-logo-transparent.png\",\"contentUrl\":\"https:\\\/\\\/toidupakk.ee\\\/wp-content\\\/uploads\\\/2022\\\/01\\\/Toidupakk-matkapood-logo-transparent.png\",\"width\":500,\"height\":500,\"caption\":\"Tactical Foodpack matkaeined\"},\"image\":{\"@id\":\"https:\\\/\\\/toidupakk.ee\\\/lt\\\/#\\\/schema\\\/logo\\\/image\\\/\"},\"sameAs\":[\"https:\\\/\\\/www.facebook.com\\\/Toidupakk\",\"https:\\\/\\\/www.instagram.com\\\/toidupakk\\\/\"]}]}<\/script>\n<!-- \/ Yoast SEO plugin. -->","yoast_head_json":{"title":"Galingas LED galvos \u017eibintas Mil-Tec 200 lm - Toidupakk.ee - Tactical Foodpack toidupakid","description":"Prakti\u0161kas 200 lm galios \u201eMil-Tec\u201c galvos \u017eibintas u\u017etikrina ger\u0105 matomum\u0105 tamsiu paros metu ir padeda tau b\u016bti matomam.","robots":{"index":"index","follow":"follow","max-snippet":"max-snippet:-1","max-image-preview":"max-image-preview:large","max-video-preview":"max-video-preview:-1"},"canonical":"https:\/\/toidupakk.ee\/lt\/toode\/galingas-led-galvos-zibintas-mil-tec-200-lm\/","og_locale":"lt_LT","og_type":"article","og_title":"Galingas LED galvos \u017eibintas Mil-Tec 200 lm - Toidupakk.ee - Tactical Foodpack toidupakid","og_description":"Prakti\u0161kas 200 lm galios \u201eMil-Tec\u201c galvos \u017eibintas u\u017etikrina ger\u0105 matomum\u0105 tamsiu paros metu ir padeda tau b\u016bti matomam.","og_url":"https:\/\/toidupakk.ee\/lt\/toode\/galingas-led-galvos-zibintas-mil-tec-200-lm\/","og_site_name":"Toidupakk.ee - Tactical Foodpack toidupakid","article_publisher":"https:\/\/www.facebook.com\/Toidupakk","article_modified_time":"2026-04-16T19:00:31+00:00","og_image":[{"width":1080,"height":1080,"url":"https:\/\/toidupakk.ee\/wp-content\/uploads\/2022\/03\/Voimas-LED-pealamp-4.png","type":"image\/png"}],"twitter_card":"summary_large_image","twitter_misc":{"Est. reading time":"2 minut\u0117s"},"schema":{"@context":"https:\/\/schema.org","@graph":[{"@type":"WebPage","@id":"https:\/\/toidupakk.ee\/lt\/toode\/galingas-led-galvos-zibintas-mil-tec-200-lm\/","url":"https:\/\/toidupakk.ee\/lt\/toode\/galingas-led-galvos-zibintas-mil-tec-200-lm\/","name":"Galingas LED galvos \u017eibintas Mil-Tec 200 lm - Toidupakk.ee - Tactical Foodpack toidupakid","isPartOf":{"@id":"https:\/\/toidupakk.ee\/lt\/#website"},"primaryImageOfPage":{"@id":"https:\/\/toidupakk.ee\/lt\/toode\/galingas-led-galvos-zibintas-mil-tec-200-lm\/#primaryimage"},"image":{"@id":"https:\/\/toidupakk.ee\/lt\/toode\/galingas-led-galvos-zibintas-mil-tec-200-lm\/#primaryimage"},"thumbnailUrl":"https:\/\/toidupakk.ee\/wp-content\/uploads\/2022\/03\/Voimas-LED-pealamp-4.png","datePublished":"2022-03-11T15:37:10+00:00","dateModified":"2026-04-16T19:00:31+00:00","description":"Prakti\u0161kas 200 lm galios \u201eMil-Tec\u201c galvos \u017eibintas u\u017etikrina ger\u0105 matomum\u0105 tamsiu paros metu ir padeda tau b\u016bti matomam.","breadcrumb":{"@id":"https:\/\/toidupakk.ee\/lt\/toode\/galingas-led-galvos-zibintas-mil-tec-200-lm\/#breadcrumb"},"inLanguage":"lt-LT","potentialAction":[{"@type":"ReadAction","target":["https:\/\/toidupakk.ee\/lt\/toode\/galingas-led-galvos-zibintas-mil-tec-200-lm\/"]}]},{"@type":"ImageObject","inLanguage":"lt-LT","@id":"https:\/\/toidupakk.ee\/lt\/toode\/galingas-led-galvos-zibintas-mil-tec-200-lm\/#primaryimage","url":"https:\/\/toidupakk.ee\/wp-content\/uploads\/2022\/03\/Voimas-LED-pealamp-4.png","contentUrl":"https:\/\/toidupakk.ee\/wp-content\/uploads\/2022\/03\/Voimas-LED-pealamp-4.png","width":1080,"height":1080,"caption":"V\u00f5imas pealamp Mil-Tec"},{"@type":"BreadcrumbList","@id":"https:\/\/toidupakk.ee\/lt\/toode\/galingas-led-galvos-zibintas-mil-tec-200-lm\/#breadcrumb","itemListElement":[{"@type":"ListItem","position":1,"name":"Avaleht","item":"https:\/\/toidupakk.ee\/lt\/"},{"@type":"ListItem","position":2,"name":"El. parduotuv\u0117","item":"https:\/\/toidupakk.ee\/lt\/el-parduotuve\/"},{"@type":"ListItem","position":3,"name":"Galingas LED galvos \u017eibintas Mil-Tec 200 lm"}]},{"@type":"WebSite","@id":"https:\/\/toidupakk.ee\/lt\/#website","url":"https:\/\/toidupakk.ee\/lt\/","name":"Toidupakk.ee - Tactical Foodpack toidupakid","description":"Tactical Foodpack k\u00fclmkuivatatud toidupakid ja matkaeined","publisher":{"@id":"https:\/\/toidupakk.ee\/lt\/#organization"},"potentialAction":[{"@type":"SearchAction","target":{"@type":"EntryPoint","urlTemplate":"https:\/\/toidupakk.ee\/lt\/?s={search_term_string}"},"query-input":{"@type":"PropertyValueSpecification","valueRequired":true,"valueName":"search_term_string"}}],"inLanguage":"lt-LT"},{"@type":"Organization","@id":"https:\/\/toidupakk.ee\/lt\/#organization","name":"Tactical Foodpack matkaeined","url":"https:\/\/toidupakk.ee\/lt\/","logo":{"@type":"ImageObject","inLanguage":"lt-LT","@id":"https:\/\/toidupakk.ee\/lt\/#\/schema\/logo\/image\/","url":"https:\/\/toidupakk.ee\/wp-content\/uploads\/2022\/01\/Toidupakk-matkapood-logo-transparent.png","contentUrl":"https:\/\/toidupakk.ee\/wp-content\/uploads\/2022\/01\/Toidupakk-matkapood-logo-transparent.png","width":500,"height":500,"caption":"Tactical Foodpack matkaeined"},"image":{"@id":"https:\/\/toidupakk.ee\/lt\/#\/schema\/logo\/image\/"},"sameAs":["https:\/\/www.facebook.com\/Toidupakk","https:\/\/www.instagram.com\/toidupakk\/"]}]}},"jetpack_sharing_enabled":true,"_links":{"self":[{"href":"https:\/\/toidupakk.ee\/lt\/wp-json\/wp\/v2\/product\/48542","targetHints":{"allow":["GET"]}}],"collection":[{"href":"https:\/\/toidupakk.ee\/lt\/wp-json\/wp\/v2\/product"}],"about":[{"href":"https:\/\/toidupakk.ee\/lt\/wp-json\/wp\/v2\/types\/product"}],"replies":[{"embeddable":true,"href":"https:\/\/toidupakk.ee\/lt\/wp-json\/wp\/v2\/comments?post=48542"}],"wp:featuredmedia":[{"embeddable":true,"href":"https:\/\/toidupakk.ee\/lt\/wp-json\/wp\/v2\/media\/1541"}],"wp:attachment":[{"href":"https:\/\/toidupakk.ee\/lt\/wp-json\/wp\/v2\/media?parent=48542"}],"wp:term":[{"taxonomy":"product_brand","embeddable":true,"href":"https:\/\/toidupakk.ee\/lt\/wp-json\/wp\/v2\/product_brand?post=48542"},{"taxonomy":"product_cat","embeddable":true,"href":"https:\/\/toidupakk.ee\/lt\/wp-json\/wp\/v2\/product_cat?post=48542"},{"taxonomy":"product_tag","embeddable":true,"href":"https:\/\/toidupakk.ee\/lt\/wp-json\/wp\/v2\/product_tag?post=48542"}],"curies":[{"name":"wp","href":"https:\/\/api.w.org\/{rel}","templated":true}]}}