{"id":48519,"date":"2023-02-02T15:39:28","date_gmt":"2023-02-02T13:39:28","guid":{"rendered":"https:\/\/toidupakk.ee\/toode\/led-zibintuvelis-mission-520\/"},"modified":"2026-04-14T11:31:28","modified_gmt":"2026-04-14T08:31:28","slug":"led-zibintuvelis-mission-520","status":"publish","type":"product","link":"https:\/\/toidupakk.ee\/lt\/toode\/led-zibintuvelis-mission-520\/","title":{"rendered":"LED \u017eibintuv\u0117lis MISSION 520"},"content":{"rendered":"<h1>Ma\u017eas, bet galingas LED \u017eibintuv\u0117lis, kuris pad\u0117s tau bet kokioje situacijoje<\/h1>\n<p>MISSION 520 LED \u017eibintuv\u0117lis yra baterijomis maitinamas galingas prietaisas, turintis keturis skirtingus \u0161viesos re\u017eimus. Re\u017eimus patogu ir paprasta perjungti net ir m\u016bvint storas \u017eiemines pir\u0161tines. Galingas \u017eibintuv\u0117lio LED elementas ap\u0161vie\u010dia iki 275 metr\u0173 atstum\u0105.  <\/p>\n<p>&nbsp;<\/p>\n<h2>\u017dibintuv\u0117lis turi keturis \u0161viesos re\u017eimus:<\/h2>\n<p>Norint matyti didesniu atstumu, tinka stiprios \u0161viesos re\u017eimas su sutelkta spinduliuote. \u0160iuo re\u017eimu \u017eibintuv\u0117lio \u0161viesos srautas siekia 520 liumen\u0173, o veikimo laikas \u2013 iki 2 valand\u0173. <\/p>\n<p>Jud\u0117jimui ir darbui idealiai tinka vidutinio stiprumo \u0161viesos re\u017eimas, leid\u017eiantis patogiai atlikti u\u017eduotis. \u0160iuo re\u017eimu \u0161viesos srautas yra 180 liumen\u0173, o veikimo laikas \u2013 iki 6 valand\u0173. <\/p>\n<p>Super taupymo re\u017eimas leid\u017eia \u017eibintuv\u0117l\u012f naudoti iki 22 val. be pertraukos.<\/p>\n<p>\u017dibintuv\u0117lis taip pat turi stroboskopo \/ greito mirks\u0117jimo re\u017eim\u0105 avarin\u0117ms situacijoms. Norint \u012fjungti mirks\u0117jim\u0105, maitinimo mygtuk\u0105 reikia palaikyti nuspaust\u0105 3 sekundes, o norint i\u0161jungti \u2013 taip pat palaikyti 3 sekundes. <\/p>\n<p>\u017dibintuv\u0117lis turi \u0161viesos spindulio reguliavimo funkcij\u0105, kuri\u0105 patogu valdyti viena ranka. Nor\u0117damas sutelkti arba i\u0161sklaidyti spindul\u012f, tiesiog pastumk priekin\u0119 \u017eibintuv\u0117lio dal\u012f pirmyn arba atgal. <\/p>\n<p><img fetchpriority=\"high\" decoding=\"async\" class=\"alignright wp-image-12321 size-medium\" src=\"https:\/\/toidupakk.ee\/wp-content\/uploads\/2023\/02\/LED-taskulamp-MISSION-520-4-300x300.png\" alt=\"led \u017eibintuv\u0117lis su d\u0117klu\" width=\"300\" height=\"300\" srcset=\"https:\/\/toidupakk.ee\/wp-content\/uploads\/2023\/02\/LED-taskulamp-MISSION-520-4-300x300.png 300w, https:\/\/toidupakk.ee\/wp-content\/uploads\/2023\/02\/LED-taskulamp-MISSION-520-4-400x400.png 400w, https:\/\/toidupakk.ee\/wp-content\/uploads\/2023\/02\/LED-taskulamp-MISSION-520-4-100x100.png 100w, https:\/\/toidupakk.ee\/wp-content\/uploads\/2023\/02\/LED-taskulamp-MISSION-520-4-800x800.png 800w, https:\/\/toidupakk.ee\/wp-content\/uploads\/2023\/02\/LED-taskulamp-MISSION-520-4-1024x1024.png 1024w, https:\/\/toidupakk.ee\/wp-content\/uploads\/2023\/02\/LED-taskulamp-MISSION-520-4-500x500.png 500w, https:\/\/toidupakk.ee\/wp-content\/uploads\/2023\/02\/LED-taskulamp-MISSION-520-4-768x768.png 768w, https:\/\/toidupakk.ee\/wp-content\/uploads\/2023\/02\/LED-taskulamp-MISSION-520-4.png 1080w\" sizes=\"(max-width: 300px) 100vw, 300px\" \/><\/p>\n<h2>LED \u017eibintuv\u0117lis \u2013 darbo re\u017eimai:<\/h2>\n<p>&nbsp;<\/p>\n<p>\ud83d\udca5<strong>Stiprios \u0161viesos re\u017eimas:<\/strong><\/p>\n<p>520 liumen\u0173;<\/p>\n<p>veikimo laikas: 2 valandos<\/p>\n<p>&nbsp;<\/p>\n<p>\ud83d\udca5<strong>Vidutinio stiprumo \u0161viesos re\u017eimas:<\/strong><\/p>\n<p>180 liumen\u0173;<\/p>\n<p>veikimo laikas: 6 valandos<\/p>\n<p>&nbsp;<\/p>\n<p>\ud83d\udca5<strong>Super akumuliatoriaus<\/strong><strong> taupymo re\u017eimas:<\/strong><\/p>\n<p>45 liumenai;<\/p>\n<p>veikimo laikas: 22 valandos<\/p>\n<p>&nbsp;<\/p>\n<p>\u017dibintuv\u0117lio korpusas pagamintas i\u0161 kokybi\u0161ko metalo. Tvirtas metalas saugo i\u0161gaubt\u0105 l\u0119\u0161\u012f ir baterij\u0105 nuo pa\u017eeidim\u0173. Esant reikalui, \u017eibintuv\u0117l\u012f galima naudoti ir savigynai avarin\u0117se situacijose. IPX4 vandeniui atsparus dizainas atlaiko ekstremalias s\u0105lygas, tokias kaip audros ar stiprus sniegas. Gaminio atsparumo vandeniui reitingas IPX4 rei\u0161kia apsaug\u0105 nuo pursl\u0173 i\u0161 vis\u0173 pusi\u0173.    <\/p>\n<p>\u017dibintuv\u0117lyje naudojama LED technologija u\u017etikrina, kad \u0161viesos ry\u0161kumas b\u0117gant metams nema\u017e\u0117t\u0173. Naudojamas itin ry\u0161kus Cree LED elementas. <\/p>\n<p>Galingas LED \u017eibintuv\u0117lis naudoja baterijas \u2013 \u012f j\u012f reikia \u012fd\u0117ti 4 x AAA tipo baterijas (komplekte n\u0117ra). <\/p>\n<p>&nbsp;<\/p>\n<p>Pasisemk \u012fkv\u0117pimo kitiems nuotykiams Toidupakk <a href=\"https:\/\/www.instagram.com\/toidupakk\/\">Instagram<\/a> ir <a href=\"https:\/\/www.facebook.com\/Toidupakk\/\">Facebook<\/a> paskyrose.<\/p>\n<p>\u017dygio reikmenis ap\u017ei\u016br\u0117k <a href=\"https:\/\/toidupakk.ee\/lt\/tootekategooria\/zygio-iranga\/#section-3-79\">\u010cIA<\/a>.<\/p>\n","protected":false},"excerpt":{"rendered":"<p>Galingas <strong>taktinis \u017eibintuv\u0117lis<\/strong>. 520 liumen\u0173 \u0161viesos srautas ap\u0161vie\u010dia <strong>iki 275 m<\/strong>. Naudojamas su 4 x AAA baterijomis. Kiekvienuose namuose nenumatytiems atvejams tur\u0117t\u0173 b\u016bti bent 1 kokybi\u0161kas \u017eibintuv\u0117lis. Puikiai tinka dovanoti, nes parduodamas su <strong>stilinga matine juoda pakuote<\/strong>.    <\/p>\n<ul>\n<li>\u0160viesos nuotolis: 275 m (maks. re\u017eimu)<\/li>\n<li>Elemento tipas: galingas Cree XP-G LED<\/li>\n<li>baterijos: 4 x AAA (nepridedamos)<\/li>\n<li>matmenys: 13 x 3,8 cm<\/li>\n<li>svoris: 201 g (su baterijomis)<\/li>\n<li>Komplekte esantis d\u0117klas dir\u017eui: 100 % poliesteris<\/li>\n<li>patvarus, itin ry\u0161kus Cree LED<\/li>\n<li>nuimamas rie\u0161o dir\u017eelis<\/li>\n<li>\u0161viesos spindulio reguliavimo viena ranka funkcija<\/li>\n<li>4 \u0161viesos re\u017eimai: &#8211; stiprus &#8211; vidutinis &#8211; eco &#8211; stroboskopinis mirks\u0117jimas<\/li>\n<li>IPX4 atsparumo vandeniui lygis<\/li>\n<li>Komplekte matin\u0117 juoda dovan\u0173 d\u0117\u017eut\u0117<\/li>\n<\/ul>\n<p>\u2705 Prek\u0117 \u0161iuo metu u\u017esakoma, pristatymo terminas 1\u20132 savait\u0117s<br \/>\n\u2705 Pirk dabar, mok\u0117k v\u0117liau (pal\u016bkanos 0 %)<\/p>\n","protected":false},"featured_media":48537,"comment_status":"open","ping_status":"closed","template":"","meta":{"_acf_changed":false},"product_brand":[],"product_cat":[210,200,206,208,189,190],"product_tag":[],"class_list":{"0":"post-48519","1":"product","2":"type-product","3":"status-publish","4":"has-post-thumbnail","6":"product_cat-mil-tec","7":"product_cat-praktiskos-dovanu-idejos","8":"product_cat-prozektoriai","9":"product_cat-sviesa","10":"product_cat-zygio-iranga","11":"product_cat-zygio-prekes","13":"first","14":"instock","15":"sale","16":"taxable","17":"shipping-taxable","18":"purchasable","19":"product-type-simple"},"bundled_by":[],"bundle_stock_status":"instock","bundle_stock_quantity":3,"bundle_virtual":false,"bundle_layout":"","bundle_add_to_cart_form_location":"","bundle_editable_in_cart":false,"bundle_sold_individually_context":"","bundle_item_grouping":"","bundle_min_size":"","bundle_max_size":"","bundle_price":[],"bundled_items":[],"bundle_sell_ids":[],"acf":[],"yoast_head":"<!-- This site is optimized with the Yoast SEO plugin v27.3 - https:\/\/yoast.com\/product\/yoast-seo-wordpress\/ -->\n<title>LED \u017eibintuv\u0117lis MISSION 520<\/title>\n<meta name=\"description\" content=\"LED \u017eibintuv\u0117lis ap\u0161vie\u010dia iki 240 m atstum\u0105. Galingas LED, kurio \u0161viesos srautas \u2013 520 liumen\u0173. IPX4 atsparumo vandeniui lygis. Tvirtas aliuminio korpusas. Komplekte yra matin\u0117 juoda dovan\u0173 d\u0117\u017eut\u0117.\" \/>\n<meta name=\"robots\" content=\"index, follow, max-snippet:-1, max-image-preview:large, max-video-preview:-1\" \/>\n<link rel=\"canonical\" href=\"https:\/\/toidupakk.ee\/lt\/toode\/led-zibintuvelis-mission-520\/\" \/>\n<meta property=\"og:locale\" content=\"lt_LT\" \/>\n<meta property=\"og:type\" content=\"article\" \/>\n<meta property=\"og:title\" content=\"LED \u017eibintuv\u0117lis MISSION 520\" \/>\n<meta property=\"og:description\" content=\"LED \u017eibintuv\u0117lis ap\u0161vie\u010dia iki 240 m atstum\u0105. Galingas LED, kurio \u0161viesos srautas \u2013 520 liumen\u0173. IPX4 atsparumo vandeniui lygis. Tvirtas aliuminio korpusas. Komplekte yra matin\u0117 juoda dovan\u0173 d\u0117\u017eut\u0117.\" \/>\n<meta property=\"og:url\" content=\"https:\/\/toidupakk.ee\/lt\/toode\/led-zibintuvelis-mission-520\/\" \/>\n<meta property=\"og:site_name\" content=\"Toidupakk.ee - Tactical Foodpack toidupakid\" \/>\n<meta property=\"article:publisher\" content=\"https:\/\/www.facebook.com\/Toidupakk\" \/>\n<meta property=\"article:modified_time\" content=\"2026-04-14T08:31:28+00:00\" \/>\n<meta property=\"og:image\" content=\"https:\/\/toidupakk.ee\/wp-content\/uploads\/2023\/02\/LED-taskulamp-MISSION-520-1.png\" \/>\n\t<meta property=\"og:image:width\" content=\"1080\" \/>\n\t<meta property=\"og:image:height\" content=\"1080\" \/>\n\t<meta property=\"og:image:type\" content=\"image\/png\" \/>\n<meta name=\"twitter:card\" content=\"summary_large_image\" \/>\n<meta name=\"twitter:label1\" content=\"Est. reading time\" \/>\n\t<meta name=\"twitter:data1\" content=\"2 minut\u0117s\" \/>\n<script type=\"application\/ld+json\" class=\"yoast-schema-graph\">{\"@context\":\"https:\\\/\\\/schema.org\",\"@graph\":[{\"@type\":\"WebPage\",\"@id\":\"https:\\\/\\\/toidupakk.ee\\\/lt\\\/toode\\\/led-zibintuvelis-mission-520\\\/\",\"url\":\"https:\\\/\\\/toidupakk.ee\\\/lt\\\/toode\\\/led-zibintuvelis-mission-520\\\/\",\"name\":\"LED \u017eibintuv\u0117lis MISSION 520\",\"isPartOf\":{\"@id\":\"https:\\\/\\\/toidupakk.ee\\\/lt\\\/#website\"},\"primaryImageOfPage\":{\"@id\":\"https:\\\/\\\/toidupakk.ee\\\/lt\\\/toode\\\/led-zibintuvelis-mission-520\\\/#primaryimage\"},\"image\":{\"@id\":\"https:\\\/\\\/toidupakk.ee\\\/lt\\\/toode\\\/led-zibintuvelis-mission-520\\\/#primaryimage\"},\"thumbnailUrl\":\"https:\\\/\\\/toidupakk.ee\\\/wp-content\\\/uploads\\\/2023\\\/02\\\/LED-taskulamp-MISSION-520-1.png\",\"datePublished\":\"2023-02-02T13:39:28+00:00\",\"dateModified\":\"2026-04-14T08:31:28+00:00\",\"description\":\"LED \u017eibintuv\u0117lis ap\u0161vie\u010dia iki 240 m atstum\u0105. Galingas LED, kurio \u0161viesos srautas \u2013 520 liumen\u0173. IPX4 atsparumo vandeniui lygis. Tvirtas aliuminio korpusas. Komplekte yra matin\u0117 juoda dovan\u0173 d\u0117\u017eut\u0117.\",\"breadcrumb\":{\"@id\":\"https:\\\/\\\/toidupakk.ee\\\/lt\\\/toode\\\/led-zibintuvelis-mission-520\\\/#breadcrumb\"},\"inLanguage\":\"lt-LT\",\"potentialAction\":[{\"@type\":\"ReadAction\",\"target\":[\"https:\\\/\\\/toidupakk.ee\\\/lt\\\/toode\\\/led-zibintuvelis-mission-520\\\/\"]}]},{\"@type\":\"ImageObject\",\"inLanguage\":\"lt-LT\",\"@id\":\"https:\\\/\\\/toidupakk.ee\\\/lt\\\/toode\\\/led-zibintuvelis-mission-520\\\/#primaryimage\",\"url\":\"https:\\\/\\\/toidupakk.ee\\\/wp-content\\\/uploads\\\/2023\\\/02\\\/LED-taskulamp-MISSION-520-1.png\",\"contentUrl\":\"https:\\\/\\\/toidupakk.ee\\\/wp-content\\\/uploads\\\/2023\\\/02\\\/LED-taskulamp-MISSION-520-1.png\",\"width\":1080,\"height\":1080,\"caption\":\"LED \u017eibintuv\u0117lis\"},{\"@type\":\"BreadcrumbList\",\"@id\":\"https:\\\/\\\/toidupakk.ee\\\/lt\\\/toode\\\/led-zibintuvelis-mission-520\\\/#breadcrumb\",\"itemListElement\":[{\"@type\":\"ListItem\",\"position\":1,\"name\":\"Avaleht\",\"item\":\"https:\\\/\\\/toidupakk.ee\\\/lt\\\/\"},{\"@type\":\"ListItem\",\"position\":2,\"name\":\"El. parduotuv\u0117\",\"item\":\"https:\\\/\\\/toidupakk.ee\\\/lt\\\/el-parduotuve\\\/\"},{\"@type\":\"ListItem\",\"position\":3,\"name\":\"LED \u017eibintuv\u0117lis MISSION 520\"}]},{\"@type\":\"WebSite\",\"@id\":\"https:\\\/\\\/toidupakk.ee\\\/lt\\\/#website\",\"url\":\"https:\\\/\\\/toidupakk.ee\\\/lt\\\/\",\"name\":\"Toidupakk.ee - Tactical Foodpack toidupakid\",\"description\":\"Tactical Foodpack k\u00fclmkuivatatud toidupakid ja matkaeined\",\"publisher\":{\"@id\":\"https:\\\/\\\/toidupakk.ee\\\/lt\\\/#organization\"},\"potentialAction\":[{\"@type\":\"SearchAction\",\"target\":{\"@type\":\"EntryPoint\",\"urlTemplate\":\"https:\\\/\\\/toidupakk.ee\\\/lt\\\/?s={search_term_string}\"},\"query-input\":{\"@type\":\"PropertyValueSpecification\",\"valueRequired\":true,\"valueName\":\"search_term_string\"}}],\"inLanguage\":\"lt-LT\"},{\"@type\":\"Organization\",\"@id\":\"https:\\\/\\\/toidupakk.ee\\\/lt\\\/#organization\",\"name\":\"Tactical Foodpack matkaeined\",\"url\":\"https:\\\/\\\/toidupakk.ee\\\/lt\\\/\",\"logo\":{\"@type\":\"ImageObject\",\"inLanguage\":\"lt-LT\",\"@id\":\"https:\\\/\\\/toidupakk.ee\\\/lt\\\/#\\\/schema\\\/logo\\\/image\\\/\",\"url\":\"https:\\\/\\\/toidupakk.ee\\\/wp-content\\\/uploads\\\/2022\\\/01\\\/Toidupakk-matkapood-logo-transparent.png\",\"contentUrl\":\"https:\\\/\\\/toidupakk.ee\\\/wp-content\\\/uploads\\\/2022\\\/01\\\/Toidupakk-matkapood-logo-transparent.png\",\"width\":500,\"height\":500,\"caption\":\"Tactical Foodpack matkaeined\"},\"image\":{\"@id\":\"https:\\\/\\\/toidupakk.ee\\\/lt\\\/#\\\/schema\\\/logo\\\/image\\\/\"},\"sameAs\":[\"https:\\\/\\\/www.facebook.com\\\/Toidupakk\",\"https:\\\/\\\/www.instagram.com\\\/toidupakk\\\/\"]}]}<\/script>\n<!-- \/ Yoast SEO plugin. -->","yoast_head_json":{"title":"LED \u017eibintuv\u0117lis MISSION 520","description":"LED \u017eibintuv\u0117lis ap\u0161vie\u010dia iki 240 m atstum\u0105. Galingas LED, kurio \u0161viesos srautas \u2013 520 liumen\u0173. IPX4 atsparumo vandeniui lygis. Tvirtas aliuminio korpusas. Komplekte yra matin\u0117 juoda dovan\u0173 d\u0117\u017eut\u0117.","robots":{"index":"index","follow":"follow","max-snippet":"max-snippet:-1","max-image-preview":"max-image-preview:large","max-video-preview":"max-video-preview:-1"},"canonical":"https:\/\/toidupakk.ee\/lt\/toode\/led-zibintuvelis-mission-520\/","og_locale":"lt_LT","og_type":"article","og_title":"LED \u017eibintuv\u0117lis MISSION 520","og_description":"LED \u017eibintuv\u0117lis ap\u0161vie\u010dia iki 240 m atstum\u0105. Galingas LED, kurio \u0161viesos srautas \u2013 520 liumen\u0173. IPX4 atsparumo vandeniui lygis. Tvirtas aliuminio korpusas. Komplekte yra matin\u0117 juoda dovan\u0173 d\u0117\u017eut\u0117.","og_url":"https:\/\/toidupakk.ee\/lt\/toode\/led-zibintuvelis-mission-520\/","og_site_name":"Toidupakk.ee - Tactical Foodpack toidupakid","article_publisher":"https:\/\/www.facebook.com\/Toidupakk","article_modified_time":"2026-04-14T08:31:28+00:00","og_image":[{"width":1080,"height":1080,"url":"https:\/\/toidupakk.ee\/wp-content\/uploads\/2023\/02\/LED-taskulamp-MISSION-520-1.png","type":"image\/png"}],"twitter_card":"summary_large_image","twitter_misc":{"Est. reading time":"2 minut\u0117s"},"schema":{"@context":"https:\/\/schema.org","@graph":[{"@type":"WebPage","@id":"https:\/\/toidupakk.ee\/lt\/toode\/led-zibintuvelis-mission-520\/","url":"https:\/\/toidupakk.ee\/lt\/toode\/led-zibintuvelis-mission-520\/","name":"LED \u017eibintuv\u0117lis MISSION 520","isPartOf":{"@id":"https:\/\/toidupakk.ee\/lt\/#website"},"primaryImageOfPage":{"@id":"https:\/\/toidupakk.ee\/lt\/toode\/led-zibintuvelis-mission-520\/#primaryimage"},"image":{"@id":"https:\/\/toidupakk.ee\/lt\/toode\/led-zibintuvelis-mission-520\/#primaryimage"},"thumbnailUrl":"https:\/\/toidupakk.ee\/wp-content\/uploads\/2023\/02\/LED-taskulamp-MISSION-520-1.png","datePublished":"2023-02-02T13:39:28+00:00","dateModified":"2026-04-14T08:31:28+00:00","description":"LED \u017eibintuv\u0117lis ap\u0161vie\u010dia iki 240 m atstum\u0105. Galingas LED, kurio \u0161viesos srautas \u2013 520 liumen\u0173. IPX4 atsparumo vandeniui lygis. Tvirtas aliuminio korpusas. Komplekte yra matin\u0117 juoda dovan\u0173 d\u0117\u017eut\u0117.","breadcrumb":{"@id":"https:\/\/toidupakk.ee\/lt\/toode\/led-zibintuvelis-mission-520\/#breadcrumb"},"inLanguage":"lt-LT","potentialAction":[{"@type":"ReadAction","target":["https:\/\/toidupakk.ee\/lt\/toode\/led-zibintuvelis-mission-520\/"]}]},{"@type":"ImageObject","inLanguage":"lt-LT","@id":"https:\/\/toidupakk.ee\/lt\/toode\/led-zibintuvelis-mission-520\/#primaryimage","url":"https:\/\/toidupakk.ee\/wp-content\/uploads\/2023\/02\/LED-taskulamp-MISSION-520-1.png","contentUrl":"https:\/\/toidupakk.ee\/wp-content\/uploads\/2023\/02\/LED-taskulamp-MISSION-520-1.png","width":1080,"height":1080,"caption":"LED \u017eibintuv\u0117lis"},{"@type":"BreadcrumbList","@id":"https:\/\/toidupakk.ee\/lt\/toode\/led-zibintuvelis-mission-520\/#breadcrumb","itemListElement":[{"@type":"ListItem","position":1,"name":"Avaleht","item":"https:\/\/toidupakk.ee\/lt\/"},{"@type":"ListItem","position":2,"name":"El. parduotuv\u0117","item":"https:\/\/toidupakk.ee\/lt\/el-parduotuve\/"},{"@type":"ListItem","position":3,"name":"LED \u017eibintuv\u0117lis MISSION 520"}]},{"@type":"WebSite","@id":"https:\/\/toidupakk.ee\/lt\/#website","url":"https:\/\/toidupakk.ee\/lt\/","name":"Toidupakk.ee - Tactical Foodpack toidupakid","description":"Tactical Foodpack k\u00fclmkuivatatud toidupakid ja matkaeined","publisher":{"@id":"https:\/\/toidupakk.ee\/lt\/#organization"},"potentialAction":[{"@type":"SearchAction","target":{"@type":"EntryPoint","urlTemplate":"https:\/\/toidupakk.ee\/lt\/?s={search_term_string}"},"query-input":{"@type":"PropertyValueSpecification","valueRequired":true,"valueName":"search_term_string"}}],"inLanguage":"lt-LT"},{"@type":"Organization","@id":"https:\/\/toidupakk.ee\/lt\/#organization","name":"Tactical Foodpack matkaeined","url":"https:\/\/toidupakk.ee\/lt\/","logo":{"@type":"ImageObject","inLanguage":"lt-LT","@id":"https:\/\/toidupakk.ee\/lt\/#\/schema\/logo\/image\/","url":"https:\/\/toidupakk.ee\/wp-content\/uploads\/2022\/01\/Toidupakk-matkapood-logo-transparent.png","contentUrl":"https:\/\/toidupakk.ee\/wp-content\/uploads\/2022\/01\/Toidupakk-matkapood-logo-transparent.png","width":500,"height":500,"caption":"Tactical Foodpack matkaeined"},"image":{"@id":"https:\/\/toidupakk.ee\/lt\/#\/schema\/logo\/image\/"},"sameAs":["https:\/\/www.facebook.com\/Toidupakk","https:\/\/www.instagram.com\/toidupakk\/"]}]}},"jetpack_sharing_enabled":true,"_links":{"self":[{"href":"https:\/\/toidupakk.ee\/lt\/wp-json\/wp\/v2\/product\/48519","targetHints":{"allow":["GET"]}}],"collection":[{"href":"https:\/\/toidupakk.ee\/lt\/wp-json\/wp\/v2\/product"}],"about":[{"href":"https:\/\/toidupakk.ee\/lt\/wp-json\/wp\/v2\/types\/product"}],"replies":[{"embeddable":true,"href":"https:\/\/toidupakk.ee\/lt\/wp-json\/wp\/v2\/comments?post=48519"}],"wp:featuredmedia":[{"embeddable":true,"href":"https:\/\/toidupakk.ee\/lt\/wp-json\/wp\/v2\/media\/48537"}],"wp:attachment":[{"href":"https:\/\/toidupakk.ee\/lt\/wp-json\/wp\/v2\/media?parent=48519"}],"wp:term":[{"taxonomy":"product_brand","embeddable":true,"href":"https:\/\/toidupakk.ee\/lt\/wp-json\/wp\/v2\/product_brand?post=48519"},{"taxonomy":"product_cat","embeddable":true,"href":"https:\/\/toidupakk.ee\/lt\/wp-json\/wp\/v2\/product_cat?post=48519"},{"taxonomy":"product_tag","embeddable":true,"href":"https:\/\/toidupakk.ee\/lt\/wp-json\/wp\/v2\/product_tag?post=48519"}],"curies":[{"name":"wp","href":"https:\/\/api.w.org\/{rel}","templated":true}]}}