{"id":48514,"date":"2023-01-26T15:17:52","date_gmt":"2023-01-26T13:17:52","guid":{"rendered":"https:\/\/toidupakk.ee\/toode\/ikraunamas-led-galvos-zibintas-recharge-gc260\/"},"modified":"2026-04-29T18:00:11","modified_gmt":"2026-04-29T15:00:11","slug":"ikraunamas-led-galvos-zibintas-recharge-gc260","status":"publish","type":"product","link":"https:\/\/toidupakk.ee\/lt\/toode\/ikraunamas-led-galvos-zibintas-recharge-gc260\/","title":{"rendered":"\u012ekraunamas LED galvos \u017eibintas Recharge GC260"},"content":{"rendered":"<h1 style=\"font-size: 32px;\">\u012ekraunamas LED galvos \u017eibintas \u2013 naudingas pagalbininkas prasto ap\u0161vietimo s\u0105lygomis<\/h1>\n<p>Kompakti\u0161kas, galingas ir \u012fkraunamas LED galvos \u017eibintas. Jis suteikia laisv\u0119 atlikti reikiamus darbus neu\u017eimant rank\u0173. D\u0117l elastingos juostos \u017eibint\u0105 galima naudoti ant galvos, d\u0117v\u0117ti ant \u0161almo arba pastatyti ant stalo.  <\/p>\n<h2><\/h2>\n<h2>LED galvos \u017eibintas turi penkis \u0161viesos re\u017eimus:<\/h2>\n<p>Galvos \u017eibintas turi penkis \u0161viesos re\u017eimus:<\/p>\n<p>Matymui didesniu atstumu tinka stiprus re\u017eimas su sufokusuota, labai a\u0161tria \u0161viesa. \u0160is re\u017eimas siekia 265 liumenus, o \u017eibinto veikimo laikas tokiu atveju yra 4 valandos. <\/p>\n<p>Darbams i\u0161 arti tinka silpnas re\u017eimas: 75 liumenai, veikimo laikas \u2013 8 valandos.<\/p>\n<p>\u017dibintas turi raudon\u0105 \u0161vies\u0105 ir raudon\u0105 mirksint\u012f re\u017eim\u0105. Raudona \u0161viesa yra ma\u017eo intensyvumo. Gamtoje esantys gyv\u016bnai nebijo raudonos \u0161viesos, tod\u0117l \u017eibintas idealiai tinka \u017eygiams, \u017evejybai, stovyklavimui ir vaik\u0161\u010diojimui mi\u0161ke.  <\/p>\n<p>Paskutinis \u0161viesos re\u017eimas yra \u017ealia \u0161viesa, kuri puikiai tinka jud\u0117jimui tamsiu paros metu.<\/p>\n<p>\u017dibintas taip pat turi judesio jutiklio re\u017eim\u0105, leid\u017eiant\u012f \u012fjungti ir i\u0161jungti \u0161vies\u0105 rankos mostu.<\/p>\n<h2><img fetchpriority=\"high\" decoding=\"async\" class=\"alignnone size-medium wp-image-5391\" src=\"https:\/\/toidupakk.ee\/wp-content\/uploads\/2023\/01\/Laetav-akuga-LED-pealamp-Recharge-2-300x300.png\" alt=\"galvos \u017eibintas 260 i\u0161 arti\" width=\"300\" height=\"300\" srcset=\"https:\/\/toidupakk.ee\/wp-content\/uploads\/2023\/01\/Laetav-akuga-LED-pealamp-Recharge-2-300x300.png 300w, https:\/\/toidupakk.ee\/wp-content\/uploads\/2023\/01\/Laetav-akuga-LED-pealamp-Recharge-2-400x400.png 400w, https:\/\/toidupakk.ee\/wp-content\/uploads\/2023\/01\/Laetav-akuga-LED-pealamp-Recharge-2-100x100.png 100w, https:\/\/toidupakk.ee\/wp-content\/uploads\/2023\/01\/Laetav-akuga-LED-pealamp-Recharge-2-800x800.png 800w, https:\/\/toidupakk.ee\/wp-content\/uploads\/2023\/01\/Laetav-akuga-LED-pealamp-Recharge-2-1024x1024.png 1024w, https:\/\/toidupakk.ee\/wp-content\/uploads\/2023\/01\/Laetav-akuga-LED-pealamp-Recharge-2-500x500.png 500w, https:\/\/toidupakk.ee\/wp-content\/uploads\/2023\/01\/Laetav-akuga-LED-pealamp-Recharge-2-768x768.png 768w, https:\/\/toidupakk.ee\/wp-content\/uploads\/2023\/01\/Laetav-akuga-LED-pealamp-Recharge-2.png 1080w\" sizes=\"(max-width: 300px) 100vw, 300px\" \/><\/h2>\n<h2>\u012ekraunamas LED galvos \u017eibintas \u2013 darbo re\u017eimai:<\/h2>\n<p>&nbsp;<\/p>\n<p>\ud83d\udca5<strong>Stiprios \u0161viesos re\u017eimas:<\/strong><\/p>\n<p>\u0160viesos srautas: 265 liumenai<\/p>\n<p>\u0160vietimo laikas: 4 valandos<\/p>\n<p>&nbsp;<\/p>\n<p>\ud83d\udca5<strong>Energijos taupymo re\u017eimas:<\/strong><\/p>\n<p>\u0160viesos srautas: 75 liumenai<\/p>\n<p>\u0160vietimo laikas: 8 valandos<\/p>\n<p>&nbsp;<\/p>\n<p>Lemput\u0117s tipas: LED<\/p>\n<p>Akumuliatorius: 3,7 V li\u010dio akumuliatorius<\/p>\n<p>Talpa: 600 mAh<\/p>\n<p>Matmenys: 33,2 x 39,1 x 58,3 mm<\/p>\n<p>svoris: 68 g<\/p>\n<p>&nbsp;<\/p>\n<h3>Kam reikalinga raudona galvos \u017eibinto \u0161viesa?<\/h3>\n<p>Raudona \u0161viesa skleid\u017eia ma\u017eesn\u012f spindul\u012f, ta\u010diau pakankamai ap\u0161vie\u010dia aplink\u0105, kad b\u016bt\u0173 saugu jud\u0117ti. Tai reikalinga, pavyzd\u017eiui, kai judant mi\u0161ke nori likti nepasteb\u0117tas. Taip pat raudona \u0161viesa naudinga va\u017eiuojant dvira\u010diu, kai reikia b\u016bti geriau matomam vairuotojams i\u0161 auk\u0161\u010diau. Tiesiog pasuk \u017eibint\u0105 ant pakau\u0161io raudonu re\u017eimu (galima ir mirksin\u010diu) ir b\u016bsi matomas i\u0161 tolo.   <\/p>\n<p>&nbsp;<\/p>\n<h3>Kam reikalinga \u017ealia galvos \u017eibinto \u0161viesa?<\/h3>\n<p>Dauguma \u017einduoli\u0173 turi tik dichromatin\u012f reg\u0117jim\u0105, tod\u0117l jie negali atskirti \u017ealios ir raudonos \u0161viesos bang\u0173 ilgi\u0173. \u017dalia LED \u0161viesa populiar\u0117ja, ypa\u010d med\u017eiojant \u0161ernus, nes u\u017etikrina puik\u0173 intensyvumo ir ry\u0161kumo balans\u0105. Ji sukuria ry\u0161k\u0173 kontrast\u0105, tod\u0117l \u017emogaus akiai lengviau suvokti formas. \u017dalia \u0161viesa efektyviau ap\u0161vie\u010dia tamsius \u0161ern\u0173 ir kit\u0173 tamsaus kailio gyv\u016bn\u0173 k\u016bnus. \u0160ernams sunkiau pasteb\u0117ti \u017eali\u0105 \u0161vies\u0105 nei raudon\u0105. Be to, ji padeda i\u0161saugoti med\u017eiotojo naktin\u012f reg\u0117jim\u0105, pritraukia ma\u017eiau uod\u0173 ir yra geriau matoma kitiems med\u017eiotojams, taip didinant saugum\u0105.         <\/p>\n<p>&nbsp;<\/p>\n<p>\u017dibintas naudoja LED technologij\u0105, kuri u\u017etikrina, kad \u0161viesos intensyvumas b\u0117gant metams nema\u017e\u0117t\u0173.<\/p>\n<p>Be to, \u017eibinto pasvirimo kamp\u0105 galima keisti 45\u00b0 ribose pagal poreik\u012f.<\/p>\n<p>\u012ekraunamas LED galvos \u017eibintas turi li\u010dio akumuliatori\u0173, tod\u0117l yra draugi\u0161kesnis aplinkai. Akumuliatoriaus tarnavimo laikas yra 1000 \u012fkrovimo cikl\u0173. Apatin\u0117je dalyje yra indikatorius, rodantis, ar \u017eibint\u0105 reikia \u012fkrauti.  <\/p>\n<p>Reguliuojam\u0105 elasting\u0105 juost\u0105 lengva nuimti nuo \u017eibinto, jei j\u0105 reikia i\u0161skalbti.<\/p>\n<p>Kartu su \u017eibintu pridedamas USB-C laidas (be maitinimo bloko).<\/p>\n<p>&nbsp;<\/p>\n<p>Pasisemk \u012fkv\u0117pimo kitiems nuotykiams Toidupakk <a href=\"https:\/\/www.instagram.com\/toidupakk\/\">Instagram<\/a> ir <a href=\"https:\/\/www.facebook.com\/Toidupakk\/\">Facebook<\/a> paskyrose.<\/p>\n<p>\u017dygio reikmenis ap\u017ei\u016br\u0117k <a href=\"https:\/\/toidupakk.ee\/lt\/tootekategooria\/zygio-iranga\/#section-3-79\">\u010cIA<\/a>.<\/p>\n","protected":false},"excerpt":{"rendered":"<p><strong>Ruo\u0161iesi \u017eygiui ar \u017evejybai tamsoje? Nori dirbti prieblandoje laisvomis rankomis?  <\/strong><\/p>\n<p><strong>\u0160is kompakti\u0161kas ir galingas galvos \u017eibintas suteikia puiki\u0105 galimyb\u0119 be r\u016bpes\u010di\u0173 daryti visk\u0105, k\u0105 reikia.<\/strong><\/p>\n<p><strong>\u017dibintas yra \u012fkraunamas, o be \u012fprastos \u0161viesos turi raudon\u0105 LED, raudon\u0105 mirksint\u012f ir \u017eali\u0105 re\u017eimus.<\/strong><\/p>\n<ul>\n<li>\u0161viesos srautas: 265 liumenai<\/li>\n<li>su reguliuojamu elastiniu galvos laikikliu<\/li>\n<li>su reguliuojamu \u017eibinto pasvirimo kampu<\/li>\n<li>draugi\u0161kas aplinkai d\u0117l \u012fkraunamo akumuliatoriaus<\/li>\n<li>akumuliatoriaus tarnavimo laikas: 1000 \u012fkrovimo cikl\u0173<\/li>\n<li>akumuliatoriaus b\u016bsenos indikatorius<\/li>\n<li>USB-C laidas pridedamas (be maitinimo bloko)<\/li>\n<li>5 \u0161viesos re\u017eimai (stiprus, silpnas, raudonas, raudonas mirksintis, \u017ealias)<\/li>\n<li>judesio jutiklio re\u017eimas (\u012fjungimas \/ i\u0161jungimas rankos mostu)<\/li>\n<\/ul>\n<p>\u2705 Turime sand\u0117lyje, greitas pristatymas per 1\u20133 darbo dienas<\/p>\n","protected":false},"featured_media":5392,"comment_status":"open","ping_status":"closed","template":"","meta":{"_acf_changed":false},"product_brand":[],"product_cat":[241,193,210,200,208,189,190],"product_tag":[],"class_list":{"0":"post-48514","1":"product","2":"type-product","3":"status-publish","4":"has-post-thumbnail","6":"product_cat-galvos-zibintai","7":"product_cat-karine-ekipuote","8":"product_cat-mil-tec","9":"product_cat-praktiskos-dovanu-idejos","10":"product_cat-sviesa","11":"product_cat-zygio-iranga","12":"product_cat-zygio-prekes","14":"first","15":"instock","16":"taxable","17":"shipping-taxable","18":"purchasable","19":"product-type-simple"},"bundled_by":[],"bundle_stock_status":"instock","bundle_stock_quantity":2,"bundle_virtual":false,"bundle_layout":"","bundle_add_to_cart_form_location":"","bundle_editable_in_cart":false,"bundle_sold_individually_context":"","bundle_item_grouping":"","bundle_min_size":"","bundle_max_size":"","bundle_price":[],"bundled_items":[],"bundle_sell_ids":[],"acf":[],"yoast_head":"<!-- This site is optimized with the Yoast SEO plugin v27.3 - https:\/\/yoast.com\/product\/yoast-seo-wordpress\/ -->\n<title>\u012ekraunamas LED galvos \u017eibintas Recharge GC260<\/title>\n<meta name=\"description\" content=\"\u012ekraunamas LED galvos \u017eibintas \u2013 kompakti\u0161kas ir galingas, suteikiantis laisv\u0119 patogiai veikti tamsoje. 265 liumenai bei raudona ir \u017ealia \u0161viesa.\" \/>\n<meta name=\"robots\" content=\"index, follow, max-snippet:-1, max-image-preview:large, max-video-preview:-1\" \/>\n<link rel=\"canonical\" href=\"https:\/\/toidupakk.ee\/lt\/toode\/ikraunamas-led-galvos-zibintas-recharge-gc260\/\" \/>\n<meta property=\"og:locale\" content=\"lt_LT\" \/>\n<meta property=\"og:type\" content=\"article\" \/>\n<meta property=\"og:title\" content=\"\u012ekraunamas LED galvos \u017eibintas Recharge GC260\" \/>\n<meta property=\"og:description\" content=\"\u012ekraunamas LED galvos \u017eibintas \u2013 kompakti\u0161kas ir galingas, suteikiantis laisv\u0119 patogiai veikti tamsoje. 265 liumenai bei raudona ir \u017ealia \u0161viesa.\" \/>\n<meta property=\"og:url\" content=\"https:\/\/toidupakk.ee\/lt\/toode\/ikraunamas-led-galvos-zibintas-recharge-gc260\/\" \/>\n<meta property=\"og:site_name\" content=\"Toidupakk.ee - Tactical Foodpack toidupakid\" \/>\n<meta property=\"article:publisher\" content=\"https:\/\/www.facebook.com\/Toidupakk\" \/>\n<meta property=\"article:modified_time\" content=\"2026-04-29T15:00:11+00:00\" \/>\n<meta property=\"og:image\" content=\"https:\/\/toidupakk.ee\/wp-content\/uploads\/2023\/01\/gc2600-2.png\" \/>\n\t<meta property=\"og:image:width\" content=\"1080\" \/>\n\t<meta property=\"og:image:height\" content=\"1080\" \/>\n\t<meta property=\"og:image:type\" content=\"image\/png\" \/>\n<meta name=\"twitter:card\" content=\"summary_large_image\" \/>\n<meta name=\"twitter:label1\" content=\"Est. reading time\" \/>\n\t<meta name=\"twitter:data1\" content=\"2 minut\u0117s\" \/>\n<script type=\"application\/ld+json\" class=\"yoast-schema-graph\">{\"@context\":\"https:\\\/\\\/schema.org\",\"@graph\":[{\"@type\":\"WebPage\",\"@id\":\"https:\\\/\\\/toidupakk.ee\\\/lt\\\/toode\\\/ikraunamas-led-galvos-zibintas-recharge-gc260\\\/\",\"url\":\"https:\\\/\\\/toidupakk.ee\\\/lt\\\/toode\\\/ikraunamas-led-galvos-zibintas-recharge-gc260\\\/\",\"name\":\"\u012ekraunamas LED galvos \u017eibintas Recharge GC260\",\"isPartOf\":{\"@id\":\"https:\\\/\\\/toidupakk.ee\\\/lt\\\/#website\"},\"primaryImageOfPage\":{\"@id\":\"https:\\\/\\\/toidupakk.ee\\\/lt\\\/toode\\\/ikraunamas-led-galvos-zibintas-recharge-gc260\\\/#primaryimage\"},\"image\":{\"@id\":\"https:\\\/\\\/toidupakk.ee\\\/lt\\\/toode\\\/ikraunamas-led-galvos-zibintas-recharge-gc260\\\/#primaryimage\"},\"thumbnailUrl\":\"https:\\\/\\\/toidupakk.ee\\\/wp-content\\\/uploads\\\/2023\\\/01\\\/gc2600-2.png\",\"datePublished\":\"2023-01-26T13:17:52+00:00\",\"dateModified\":\"2026-04-29T15:00:11+00:00\",\"description\":\"\u012ekraunamas LED galvos \u017eibintas \u2013 kompakti\u0161kas ir galingas, suteikiantis laisv\u0119 patogiai veikti tamsoje. 265 liumenai bei raudona ir \u017ealia \u0161viesa.\",\"breadcrumb\":{\"@id\":\"https:\\\/\\\/toidupakk.ee\\\/lt\\\/toode\\\/ikraunamas-led-galvos-zibintas-recharge-gc260\\\/#breadcrumb\"},\"inLanguage\":\"lt-LT\",\"potentialAction\":[{\"@type\":\"ReadAction\",\"target\":[\"https:\\\/\\\/toidupakk.ee\\\/lt\\\/toode\\\/ikraunamas-led-galvos-zibintas-recharge-gc260\\\/\"]}]},{\"@type\":\"ImageObject\",\"inLanguage\":\"lt-LT\",\"@id\":\"https:\\\/\\\/toidupakk.ee\\\/lt\\\/toode\\\/ikraunamas-led-galvos-zibintas-recharge-gc260\\\/#primaryimage\",\"url\":\"https:\\\/\\\/toidupakk.ee\\\/wp-content\\\/uploads\\\/2023\\\/01\\\/gc2600-2.png\",\"contentUrl\":\"https:\\\/\\\/toidupakk.ee\\\/wp-content\\\/uploads\\\/2023\\\/01\\\/gc2600-2.png\",\"width\":1080,\"height\":1080,\"caption\":\"Akuga LED pealamp 260\"},{\"@type\":\"BreadcrumbList\",\"@id\":\"https:\\\/\\\/toidupakk.ee\\\/lt\\\/toode\\\/ikraunamas-led-galvos-zibintas-recharge-gc260\\\/#breadcrumb\",\"itemListElement\":[{\"@type\":\"ListItem\",\"position\":1,\"name\":\"Avaleht\",\"item\":\"https:\\\/\\\/toidupakk.ee\\\/lt\\\/\"},{\"@type\":\"ListItem\",\"position\":2,\"name\":\"El. parduotuv\u0117\",\"item\":\"https:\\\/\\\/toidupakk.ee\\\/lt\\\/el-parduotuve\\\/\"},{\"@type\":\"ListItem\",\"position\":3,\"name\":\"\u012ekraunamas LED galvos \u017eibintas Recharge GC260\"}]},{\"@type\":\"WebSite\",\"@id\":\"https:\\\/\\\/toidupakk.ee\\\/lt\\\/#website\",\"url\":\"https:\\\/\\\/toidupakk.ee\\\/lt\\\/\",\"name\":\"Toidupakk.ee - Tactical Foodpack toidupakid\",\"description\":\"Tactical Foodpack k\u00fclmkuivatatud toidupakid ja matkaeined\",\"publisher\":{\"@id\":\"https:\\\/\\\/toidupakk.ee\\\/lt\\\/#organization\"},\"potentialAction\":[{\"@type\":\"SearchAction\",\"target\":{\"@type\":\"EntryPoint\",\"urlTemplate\":\"https:\\\/\\\/toidupakk.ee\\\/lt\\\/?s={search_term_string}\"},\"query-input\":{\"@type\":\"PropertyValueSpecification\",\"valueRequired\":true,\"valueName\":\"search_term_string\"}}],\"inLanguage\":\"lt-LT\"},{\"@type\":\"Organization\",\"@id\":\"https:\\\/\\\/toidupakk.ee\\\/lt\\\/#organization\",\"name\":\"Tactical Foodpack matkaeined\",\"url\":\"https:\\\/\\\/toidupakk.ee\\\/lt\\\/\",\"logo\":{\"@type\":\"ImageObject\",\"inLanguage\":\"lt-LT\",\"@id\":\"https:\\\/\\\/toidupakk.ee\\\/lt\\\/#\\\/schema\\\/logo\\\/image\\\/\",\"url\":\"https:\\\/\\\/toidupakk.ee\\\/wp-content\\\/uploads\\\/2022\\\/01\\\/Toidupakk-matkapood-logo-transparent.png\",\"contentUrl\":\"https:\\\/\\\/toidupakk.ee\\\/wp-content\\\/uploads\\\/2022\\\/01\\\/Toidupakk-matkapood-logo-transparent.png\",\"width\":500,\"height\":500,\"caption\":\"Tactical Foodpack matkaeined\"},\"image\":{\"@id\":\"https:\\\/\\\/toidupakk.ee\\\/lt\\\/#\\\/schema\\\/logo\\\/image\\\/\"},\"sameAs\":[\"https:\\\/\\\/www.facebook.com\\\/Toidupakk\",\"https:\\\/\\\/www.instagram.com\\\/toidupakk\\\/\"]}]}<\/script>\n<!-- \/ Yoast SEO plugin. -->","yoast_head_json":{"title":"\u012ekraunamas LED galvos \u017eibintas Recharge GC260","description":"\u012ekraunamas LED galvos \u017eibintas \u2013 kompakti\u0161kas ir galingas, suteikiantis laisv\u0119 patogiai veikti tamsoje. 265 liumenai bei raudona ir \u017ealia \u0161viesa.","robots":{"index":"index","follow":"follow","max-snippet":"max-snippet:-1","max-image-preview":"max-image-preview:large","max-video-preview":"max-video-preview:-1"},"canonical":"https:\/\/toidupakk.ee\/lt\/toode\/ikraunamas-led-galvos-zibintas-recharge-gc260\/","og_locale":"lt_LT","og_type":"article","og_title":"\u012ekraunamas LED galvos \u017eibintas Recharge GC260","og_description":"\u012ekraunamas LED galvos \u017eibintas \u2013 kompakti\u0161kas ir galingas, suteikiantis laisv\u0119 patogiai veikti tamsoje. 265 liumenai bei raudona ir \u017ealia \u0161viesa.","og_url":"https:\/\/toidupakk.ee\/lt\/toode\/ikraunamas-led-galvos-zibintas-recharge-gc260\/","og_site_name":"Toidupakk.ee - Tactical Foodpack toidupakid","article_publisher":"https:\/\/www.facebook.com\/Toidupakk","article_modified_time":"2026-04-29T15:00:11+00:00","og_image":[{"width":1080,"height":1080,"url":"https:\/\/toidupakk.ee\/wp-content\/uploads\/2023\/01\/gc2600-2.png","type":"image\/png"}],"twitter_card":"summary_large_image","twitter_misc":{"Est. reading time":"2 minut\u0117s"},"schema":{"@context":"https:\/\/schema.org","@graph":[{"@type":"WebPage","@id":"https:\/\/toidupakk.ee\/lt\/toode\/ikraunamas-led-galvos-zibintas-recharge-gc260\/","url":"https:\/\/toidupakk.ee\/lt\/toode\/ikraunamas-led-galvos-zibintas-recharge-gc260\/","name":"\u012ekraunamas LED galvos \u017eibintas Recharge GC260","isPartOf":{"@id":"https:\/\/toidupakk.ee\/lt\/#website"},"primaryImageOfPage":{"@id":"https:\/\/toidupakk.ee\/lt\/toode\/ikraunamas-led-galvos-zibintas-recharge-gc260\/#primaryimage"},"image":{"@id":"https:\/\/toidupakk.ee\/lt\/toode\/ikraunamas-led-galvos-zibintas-recharge-gc260\/#primaryimage"},"thumbnailUrl":"https:\/\/toidupakk.ee\/wp-content\/uploads\/2023\/01\/gc2600-2.png","datePublished":"2023-01-26T13:17:52+00:00","dateModified":"2026-04-29T15:00:11+00:00","description":"\u012ekraunamas LED galvos \u017eibintas \u2013 kompakti\u0161kas ir galingas, suteikiantis laisv\u0119 patogiai veikti tamsoje. 265 liumenai bei raudona ir \u017ealia \u0161viesa.","breadcrumb":{"@id":"https:\/\/toidupakk.ee\/lt\/toode\/ikraunamas-led-galvos-zibintas-recharge-gc260\/#breadcrumb"},"inLanguage":"lt-LT","potentialAction":[{"@type":"ReadAction","target":["https:\/\/toidupakk.ee\/lt\/toode\/ikraunamas-led-galvos-zibintas-recharge-gc260\/"]}]},{"@type":"ImageObject","inLanguage":"lt-LT","@id":"https:\/\/toidupakk.ee\/lt\/toode\/ikraunamas-led-galvos-zibintas-recharge-gc260\/#primaryimage","url":"https:\/\/toidupakk.ee\/wp-content\/uploads\/2023\/01\/gc2600-2.png","contentUrl":"https:\/\/toidupakk.ee\/wp-content\/uploads\/2023\/01\/gc2600-2.png","width":1080,"height":1080,"caption":"Akuga LED pealamp 260"},{"@type":"BreadcrumbList","@id":"https:\/\/toidupakk.ee\/lt\/toode\/ikraunamas-led-galvos-zibintas-recharge-gc260\/#breadcrumb","itemListElement":[{"@type":"ListItem","position":1,"name":"Avaleht","item":"https:\/\/toidupakk.ee\/lt\/"},{"@type":"ListItem","position":2,"name":"El. parduotuv\u0117","item":"https:\/\/toidupakk.ee\/lt\/el-parduotuve\/"},{"@type":"ListItem","position":3,"name":"\u012ekraunamas LED galvos \u017eibintas Recharge GC260"}]},{"@type":"WebSite","@id":"https:\/\/toidupakk.ee\/lt\/#website","url":"https:\/\/toidupakk.ee\/lt\/","name":"Toidupakk.ee - Tactical Foodpack toidupakid","description":"Tactical Foodpack k\u00fclmkuivatatud toidupakid ja matkaeined","publisher":{"@id":"https:\/\/toidupakk.ee\/lt\/#organization"},"potentialAction":[{"@type":"SearchAction","target":{"@type":"EntryPoint","urlTemplate":"https:\/\/toidupakk.ee\/lt\/?s={search_term_string}"},"query-input":{"@type":"PropertyValueSpecification","valueRequired":true,"valueName":"search_term_string"}}],"inLanguage":"lt-LT"},{"@type":"Organization","@id":"https:\/\/toidupakk.ee\/lt\/#organization","name":"Tactical Foodpack matkaeined","url":"https:\/\/toidupakk.ee\/lt\/","logo":{"@type":"ImageObject","inLanguage":"lt-LT","@id":"https:\/\/toidupakk.ee\/lt\/#\/schema\/logo\/image\/","url":"https:\/\/toidupakk.ee\/wp-content\/uploads\/2022\/01\/Toidupakk-matkapood-logo-transparent.png","contentUrl":"https:\/\/toidupakk.ee\/wp-content\/uploads\/2022\/01\/Toidupakk-matkapood-logo-transparent.png","width":500,"height":500,"caption":"Tactical Foodpack matkaeined"},"image":{"@id":"https:\/\/toidupakk.ee\/lt\/#\/schema\/logo\/image\/"},"sameAs":["https:\/\/www.facebook.com\/Toidupakk","https:\/\/www.instagram.com\/toidupakk\/"]}]}},"jetpack_sharing_enabled":true,"_links":{"self":[{"href":"https:\/\/toidupakk.ee\/lt\/wp-json\/wp\/v2\/product\/48514","targetHints":{"allow":["GET"]}}],"collection":[{"href":"https:\/\/toidupakk.ee\/lt\/wp-json\/wp\/v2\/product"}],"about":[{"href":"https:\/\/toidupakk.ee\/lt\/wp-json\/wp\/v2\/types\/product"}],"replies":[{"embeddable":true,"href":"https:\/\/toidupakk.ee\/lt\/wp-json\/wp\/v2\/comments?post=48514"}],"wp:featuredmedia":[{"embeddable":true,"href":"https:\/\/toidupakk.ee\/lt\/wp-json\/wp\/v2\/media\/5392"}],"wp:attachment":[{"href":"https:\/\/toidupakk.ee\/lt\/wp-json\/wp\/v2\/media?parent=48514"}],"wp:term":[{"taxonomy":"product_brand","embeddable":true,"href":"https:\/\/toidupakk.ee\/lt\/wp-json\/wp\/v2\/product_brand?post=48514"},{"taxonomy":"product_cat","embeddable":true,"href":"https:\/\/toidupakk.ee\/lt\/wp-json\/wp\/v2\/product_cat?post=48514"},{"taxonomy":"product_tag","embeddable":true,"href":"https:\/\/toidupakk.ee\/lt\/wp-json\/wp\/v2\/product_tag?post=48514"}],"curies":[{"name":"wp","href":"https:\/\/api.w.org\/{rel}","templated":true}]}}