{"id":48501,"date":"2021-09-03T14:55:51","date_gmt":"2021-09-03T11:55:51","guid":{"rendered":"https:\/\/toidupakk.ee\/toode\/weekpack-alpha-2080-g\/"},"modified":"2026-04-03T22:00:31","modified_gmt":"2026-04-03T19:00:31","slug":"weekpack-alpha-2080-g","status":"publish","type":"product","link":"https:\/\/toidupakk.ee\/lt\/toode\/weekpack-alpha-2080-g\/","title":{"rendered":"WeekPack Alpha 2080 g"},"content":{"rendered":"<h1><img fetchpriority=\"high\" decoding=\"async\" class=\"alignright wp-image-32486 size-thumbnail\" src=\"https:\/\/toidupakk.ee\/wp-content\/uploads\/2021\/09\/Tactical-Foodpack-Weekpack-Alpha1-500x500.png\" alt=\"Weekpack Alpha produkto nuotrauka\" width=\"500\" height=\"500\" srcset=\"https:\/\/toidupakk.ee\/wp-content\/uploads\/2021\/09\/Tactical-Foodpack-Weekpack-Alpha1-500x500.png 500w, https:\/\/toidupakk.ee\/wp-content\/uploads\/2021\/09\/Tactical-Foodpack-Weekpack-Alpha1-400x400.png 400w, https:\/\/toidupakk.ee\/wp-content\/uploads\/2021\/09\/Tactical-Foodpack-Weekpack-Alpha1-100x100.png 100w, https:\/\/toidupakk.ee\/wp-content\/uploads\/2021\/09\/Tactical-Foodpack-Weekpack-Alpha1-300x300.png 300w, https:\/\/toidupakk.ee\/wp-content\/uploads\/2021\/09\/Tactical-Foodpack-Weekpack-Alpha1-768x768.png 768w, https:\/\/toidupakk.ee\/wp-content\/uploads\/2021\/09\/Tactical-Foodpack-Weekpack-Alpha1.png 800w\" sizes=\"(max-width: 500px) 100vw, 500px\" \/><\/h1>\n<h1><strong>Kada ir kod\u0117l \u201eTactical Foodpack Weekpack Alpha\u201c tau bus naudingas?<\/strong><\/h1>\n<p>\u201eTactical Foodpack Weekpack Alpha\u201c rinkinyje \u2013 maisto atsargos visai savaitei vienam asmeniui! Su juo b\u016bsi pasiruo\u0161\u0119s mi\u0161ke, j\u016broje, nuotykiuose ar bet kokiam atvejui namuose: netik\u0117tai p\u016bgai, potvyniui ar elektros dingimui. Savait\u0117s maisto atsargos su 21 porcija u\u017etikrins ramyb\u0119.  <\/p>\n<h2><strong>\u201eTactical Foodpack\u201c savait\u0117s maisto rinkin\u012f galima dalintis<\/strong><\/h2>\n<p>Jei \u012f nuotyk\u012f leistis vienas, maisto u\u017eteks visai savaitei. O jei vyksti \u012f savaitgalio \u017eyg\u012f su draugais ar \u0161eima, \u0161io rinkinio pakaks net keliems valgymams. Jau i\u0161band\u0119 \u201eWeekPack\u201c dalijasi teigiama patirtimi i\u0161 \u017evejybos, \u0161eimos atostog\u0173 ar i\u0161vyk\u0173 dvira\u010diais: pakuot\u0117s patvarios, ne\u012ftik\u0117tinai lengvos, maistas skanus, o paruo\u0161imas \u2013 daugiau nei paprastas.  <\/p>\n<p>&nbsp;<\/p>\n<h3><strong>I\u0161manus derina!<\/strong><\/h3>\n<p>Nepamir\u0161k, kad \u201eWeekPack\u201c rinkin\u012f visada gali derinti su kitu maistu. \u017dygyje, kelion\u0117je ar j\u016broje pusry\u010diams ar vakarienei rinkis sot\u0173 ir sveik\u0105 rinkinio turin\u012f, o kitus dienos valgymus planuok restorane ar gamink i\u0161 \u0161vie\u017ei\u0173 produkt\u0173. Taip geriau suplanuosi laik\u0105 ir sutaupysi gaminimo valand\u0173. Be to, b\u016bsi tikras, kad maistas yra maistingas, skanus ir kokybi\u0161kas.   <\/p>\n<p>Maisto galiojimo laikas ilgas, tad jei ko nesuvalgysi, gal\u0117si pasiimti kit\u0105 kart\u0105 \u2013 net po 8 met\u0173. Svarbu pamin\u0117ti, kad maiste n\u0117ra joki\u0173 konservant\u0173 ar skonio stiprikli\u0173. <\/p>\n<p>&nbsp;<\/p>\n<p><img decoding=\"async\" class=\"alignright wp-image-34329 size-thumbnail\" src=\"https:\/\/toidupakk.ee\/wp-content\/uploads\/2021\/09\/Weekpack-Alpha-Tactical-Foodpack-20256-500x500.jpg\" alt=\"\" width=\"500\" height=\"500\" srcset=\"https:\/\/toidupakk.ee\/wp-content\/uploads\/2021\/09\/Weekpack-Alpha-Tactical-Foodpack-20256-500x500.jpg 500w, https:\/\/toidupakk.ee\/wp-content\/uploads\/2021\/09\/Weekpack-Alpha-Tactical-Foodpack-20256-400x400.jpg 400w, https:\/\/toidupakk.ee\/wp-content\/uploads\/2021\/09\/Weekpack-Alpha-Tactical-Foodpack-20256-100x100.jpg 100w, https:\/\/toidupakk.ee\/wp-content\/uploads\/2021\/09\/Weekpack-Alpha-Tactical-Foodpack-20256-600x600.jpg 600w, https:\/\/toidupakk.ee\/wp-content\/uploads\/2021\/09\/Weekpack-Alpha-Tactical-Foodpack-20256-300x300.jpg 300w, https:\/\/toidupakk.ee\/wp-content\/uploads\/2021\/09\/Weekpack-Alpha-Tactical-Foodpack-20256-768x768.jpg 768w, https:\/\/toidupakk.ee\/wp-content\/uploads\/2021\/09\/Weekpack-Alpha-Tactical-Foodpack-20256.jpg 800w\" sizes=\"(max-width: 500px) 100vw, 500px\" \/><\/p>\n<h3>\u201eTactical Weekpack Alpha\u201c \u2013 garantuotas skonis<\/h3>\n<p><strong>Prad\u0117k dien\u0105 so\u010diais pusry\u010diais<\/strong><\/p>\n<p>Geras nuotykis prasideda nuo pilno pilvo! \u201eWeekpack Alpha\u201c pusry\u010di\u0173 asortimentas suteiks energijos: m\u0117gaukis 4\u00d7 avi\u017eine ko\u0161e su obuoliais arba 3\u00d7 kreminiu ry\u017ei\u0173 pudingu su aviet\u0117mis. Jie \u0161veln\u016bs, lengvi ir puikiai tinka aktyvios dienos prad\u017eiai.  <\/p>\n<p><strong>\u012evair\u016bs piet\u016bs ir vakarien\u0117s kiekvienai dienai<\/strong><\/p>\n<p>Po aktyvaus ryto tav\u0119s laukia gausus piet\u0173 ir vakarieni\u0173 pasirinkimas. Augalinis gryb\u0173 rizotas suteiks \u012fvairov\u0117s, o klasikin\u0117 jautienos pasta \u201eBolognese\u201c primins Italij\u0105. Bulvi\u0173 ko\u0161\u0117 su vi\u0161tiena, makaronai su vi\u0161tiena ir a\u0161trus vi\u0161tienos karis nukels \u012f skoni\u0173 kelion\u0119 po pasaul\u012f \u2013 tiek su\u0161ilti po ilgo \u017eygio, tiek pasistiprinti stovykloje.  <\/p>\n<p><strong>Lankstus pasirinkimas \u012fvairiems poreikiams<\/strong><\/p>\n<p>\u201eWeekpack Alpha\u201c patiekalai subalansuoti skonio ir maistin\u0117s vert\u0117s at\u017evilgiu. Jei nori derinti m\u0117sos patiekalus su augaliniais arba ie\u0161kai alternatyvos be m\u0117sos, per\u017ei\u016br\u0117k \u201eWeekpack Juliett\u201c rinkin\u012f \u2013 tai savait\u0117s maisto atsargos be m\u0117sos, kurios puikiai dera su \u201eAlpha\u201c meniu. <\/p>\n<p>Kaip paruo\u0161ti maist\u0105, \u017ei\u016br\u0117k <a href=\"https:\/\/toidupakk.ee\/kuidas-kasutada\/\">\u010cIA<\/a>.<\/p>\n<p>Pasisemk \u012fkv\u0117pimo kitiems nuotykiams \u201eToidupakk\u201c <a href=\"https:\/\/www.instagram.com\/toidupakk\/\">Instagram<\/a> ir <a href=\"https:\/\/www.facebook.com\/Toidupakk\/\">Facebook<\/a> paskyrose.<\/p>\n","protected":false},"excerpt":{"rendered":"<p><strong>\u201eTactical Foodpack Weekpack Alpha\u201c \u2013 maisto atsargos visai savaitei. Jei esi mi\u0161ke, kalnuose ar tyrin\u0117ji gamt\u0105, \u0161is rinkinys \u2013 geriausias tavo pasirinkimas. Lengvas ir skanus 21 liofilizuoto valgio komplektas suteiks j\u0117g\u0173 sunkiausiuose nuotykiuose arba taps patikima atsarga namuose ar biure.  <\/strong><\/p>\n<p><b>Kod\u0117l verta rinktis \u201eWeekpack Alpha\u201c?<\/b><\/p>\n<ul>\n<li><b>Greitas ir patogus paruo\u0161imas:<\/b><span style=\"font-weight: 400;\"> tiesiog \u012fpilk kar\u0161to vandens, palauk 10 minu\u010di\u0173 ir m\u0117gaukis tiesiai i\u0161 pakuot\u0117s. Nereikia puod\u0173, keptuvi\u0173 ar tvarkymosi! Kadangi maistas yra 100 % liofilizuotas, j\u012f galima paruo\u0161ti ir su \u0161altu vandeniu \u2013 tai idealu ekstremaliomis s\u0105lygomis ar auk\u0161tai kalnuose.<\/span><\/li>\n<li><b>Didel\u0117 energin\u0117 vert\u0117 ir ilgas galiojimas:<\/b><span style=\"font-weight: 400;\"> maistingi patiekalai sveria tik 2,2 kg ir suteikia 10 206 kcal energijos. Galiojimo laikas \u2013 iki 8 met\u0173 nuo pagaminimo datos, tod\u0117l rinkinys tinka tiek vartoti i\u0161kart, tiek ilgalaikiam saugojimui.<\/span><\/li>\n<li><b>Vandeniui atspari pakuot\u0117: tvirta ir kompakti\u0161ka<\/b> \u2013 patiekalai supakuoti \u012f vandeniui atspar\u0173 plastikin\u012f kibir\u0105, kur\u012f patogu laikyti gara\u017ee, stal\u010diuje ar automobilyje. Ruo\u0161iesi \u012f \u017eyg\u012f? Tiesiog pasiimk reikiamas pakuotes \u012f kuprin\u0119. Atskiros pakuot\u0117s taip pat atsparios vandeniui ir or\u0173 s\u0105lygoms, o prireikus jas galima \u0161ildyti tiesiai vir\u0161 nedidel\u0117s ugnies.   <\/li>\n<li><b>Gurmani\u0161kos kokyb\u0117s \u017eygio maistas<\/b> \u2013 pagamintas i\u0161 nat\u016brali\u0173 ingredient\u0173, be joki\u0173 pried\u0173. Visi patiekalai yra i\u0161 anksto pagaminti ir tada 100 % liofilizuoti, kad i\u0161likt\u0173 visos maistin\u0117s med\u017eiagos ir sodrus skonis. <\/li>\n<\/ul>\n<ul>\n<li>Vyksti \u012f \u017eyg\u012f, \u017evejyb\u0105 su draugais ar \u012f j\u016br\u0105 \u2013 pasiimk \u201eTactical Weekpack\u201c ir tau nereik\u0117s sukti galvos d\u0117l maisto.<\/li>\n<li>Nori tur\u0117ti maisto atsarg\u0173 namuose, kurios suteikt\u0173 saugumo tavo \u0161eimai p\u016bgos, potvynio ar elektros dingimo atveju.<\/li>\n<li>Esti\u0161ki receptai, pagaminta Vokietijoje, \u201eTactical Foodpack\u201c gamykloje.<\/li>\n<li>Norint m\u0117gautis \u0161iltu maistu, tereikia \u012fpilti vandens.<\/li>\n<li>Yra ir variantas be m\u0117sos \u2013 <a href=\"https:\/\/toidupakk.ee\/lt\/toode\/weekpack-juliett-2010-g-be-mesos\/\">Vegan Weekpack Juliett<\/a>.<\/li>\n<\/ul>\n<p>Jei neturi galimyb\u0117s u\u017esivirti vandens, rekomenduojame \u012fsigyti <a href=\"https:\/\/toidupakk.ee\/tactical-foodpack\/tactical-fire-pot-suutegeel-40ml\/\"><span style=\"color: #0000ff;\">deg\u0173j\u012f gel\u012f<\/span><\/a>, kuris leis lengvai pa\u0161ildyti maist\u0105 bet kokiomis s\u0105lygomis. \u201eTactical Fire Pot\u201c degusis gelis leid\u017eia pa\u0161ildyti iki 10 maisto pakuo\u010di\u0173. <\/p>\n<p>Jei negalima naudoti atviros liepsnos ar u\u017evirti vandens, maistui pa\u0161ildyti yra <a href=\"https:\/\/toidupakk.ee\/tactical-foodpack\/toidu-kuumutuskott-kutteelemendiga\/\">\u0161ildymo mai\u0161elis su kaitinimo elementu<\/a>. Jis tinka visiems \u201eTactical Foodpack\u201c patiekalams. Kaitinimo elementas <strong>reaguoja su \u0161altu vandeniu<\/strong>, pakeldamas temperat\u016br\u0105 iki 100 laipsni\u0173.  <\/p>\n<p>&nbsp;<\/p>\n<p><strong>\u201eWeekpack Alpha\u201c sud\u0117tis:<\/strong><\/p>\n<ul>\n<li>4\u00d7 <a href=\"https:\/\/toidupakk.ee\/lt\/toode\/avizine-kose-su-obuoliais-110-g\/\">avi\u017ein\u0117 ko\u0161\u0117 su obuoliais<\/a> (442 kcal\/pak.)<\/li>\n<li>3\u00d7 <a href=\"https:\/\/toidupakk.ee\/lt\/toode\/ryziu-pudingas-su-avietemis-110-g\/\">ry\u017ei\u0173 pudingas su aviet\u0117mis<\/a> (427 kcal\/pak.)<\/li>\n<li>2\u00d7 <a href=\"https:\/\/toidupakk.ee\/lt\/toode\/grybu-rizotas-100-g\/\">gryb\u0173 rizotas<\/a> (517 kcal\/pak.)<\/li>\n<li>3\u00d7 <a href=\"https:\/\/toidupakk.ee\/lt\/toode\/makaronai-bolognese-110-g\/\">makaronai \u201eBolognese\u201c<\/a> (507 kcal\/pak.)<\/li>\n<li>3\u00d7 <a href=\"https:\/\/toidupakk.ee\/lt\/toode\/bulviu-kose-su-vistiena\/\">bulvi\u0173 ko\u0161\u0117 su vi\u0161tiena<\/a> (506 kcal\/pak.)<\/li>\n<li>3\u00d7 <a href=\"https:\/\/toidupakk.ee\/lt\/toode\/makaronu-patiekalas-su-vistiena\/\">makaronai su vi\u0161tiena<\/a> (514 kcal\/pak.)<\/li>\n<li>3\u00d7 <a href=\"https:\/\/toidupakk.ee\/lt\/toode\/astrus-vistienos-karis-su-ryziais\/\">a\u0161trus vi\u0161tienos karis<\/a> (514 kcal\/pak.)<\/li>\n<\/ul>\n<p>&nbsp;<\/p>\n<p><b>Pagrindin\u0117s savyb\u0117s:<\/b><\/p>\n<ul>\n<li>21 skanus liofilizuotas valgis 7 dienoms.<\/li>\n<li>Bendras svoris: 2,2 kg (10 206 kcal).<\/li>\n<li>Galiojimo laikas: iki 8 met\u0173 nuo pagaminimo datos.<\/li>\n<li>Paruo\u0161iama tiek kar\u0161tu, tiek \u0161altu vandeniu.<\/li>\n<li>Supakuota \u012f vandeniui atspar\u0173 plastikin\u012f kibir\u0105, lengva laikyti.<\/li>\n<li>Tinka \u017eygiams, stovyklavimui, i\u0161gyvenimui ar kaip atsarg\u0173 rinkinys.<\/li>\n<\/ul>\n<p>&nbsp;<\/p>\n<p><span style=\"font-weight: 400;\">Nesvarbu, ar laukia sunk\u016bs keliai, sud\u0117tingos s\u0105lygos ar netik\u0117tumai, \u201eTactical Foodpack Weekpack Alpha\u201c visada pasiruo\u0161\u0119s. Laikyk j\u012f namuose, automobilyje arba pasiimk \u012f kit\u0105 didel\u012f nuotyk\u012f. U\u017esisakyk dabar ir b\u016bk pasiruo\u0161\u0119s viskam!  <\/span><\/p>\n<p><strong>Geriausias iki: 8 metai nuo pagaminimo datos<\/strong><\/p>\n<p>\u2705 Turime sand\u0117lyje, greitas pristatymas per 1\u20133 d. d.<br \/>\n\u2705 NEMOKAMAS pristatymas \u012f pa\u0161tomatus<br \/>\n\u2705 Pirk dabar, mok\u0117k v\u0117liau (pal\u016bkanos 0 %)<\/p>\n","protected":false},"featured_media":48507,"comment_status":"open","ping_status":"closed","template":"","meta":{"_acf_changed":false},"product_brand":[],"product_cat":[235,246,200,230,204,231,190],"product_tag":[205],"class_list":{"0":"post-48501","1":"product","2":"type-product","3":"status-publish","4":"has-post-thumbnail","6":"product_cat-dideli-maisto-atsargu-rinkiniai","7":"product_cat-maisto-atsargu-rinkiniai","8":"product_cat-praktiskos-dovanu-idejos","9":"product_cat-savaites-maisto-atsargu-rinkiniai","10":"product_cat-tactical-foodpack-patiekalai","11":"product_cat-zygio-maistas","12":"product_cat-zygio-prekes","13":"product_tag-tactical-foodpack","15":"first","16":"instock","17":"featured","18":"taxable","19":"shipping-taxable","20":"purchasable","21":"product-type-simple"},"bundled_by":[],"bundle_stock_status":"instock","bundle_stock_quantity":9,"bundle_virtual":false,"bundle_layout":"","bundle_add_to_cart_form_location":"","bundle_editable_in_cart":false,"bundle_sold_individually_context":"","bundle_item_grouping":"","bundle_min_size":"","bundle_max_size":"","bundle_price":[],"bundled_items":[],"bundle_sell_ids":[],"acf":[],"yoast_head":"<!-- This site is optimized with the Yoast SEO plugin v27.1.1 - https:\/\/yoast.com\/product\/yoast-seo-wordpress\/ -->\n<title>WeekPack Alpha 2080 g<\/title>\n<meta name=\"description\" content=\"Tactical Weekpack Alpha \u2013 maisto atsargos visai savaitei vienam asmeniui. Pasiimk \u201eTactical Foodpack\u201c \u012f \u017eyg\u012f arba papildyk atsargas namuose.\" \/>\n<meta name=\"robots\" content=\"index, follow, max-snippet:-1, max-image-preview:large, max-video-preview:-1\" \/>\n<link rel=\"canonical\" href=\"https:\/\/toidupakk.ee\/lt\/toode\/weekpack-alpha-2080-g\/\" \/>\n<meta property=\"og:locale\" content=\"lt_LT\" \/>\n<meta property=\"og:type\" content=\"article\" \/>\n<meta property=\"og:title\" content=\"WeekPack Alpha 2080 g\" \/>\n<meta property=\"og:description\" content=\"Tactical Weekpack Alpha \u2013 maisto atsargos visai savaitei vienam asmeniui. Pasiimk \u201eTactical Foodpack\u201c \u012f \u017eyg\u012f arba papildyk atsargas namuose.\" \/>\n<meta property=\"og:url\" content=\"https:\/\/toidupakk.ee\/lt\/toode\/weekpack-alpha-2080-g\/\" \/>\n<meta property=\"og:site_name\" content=\"Toidupakk.ee - Tactical Foodpack toidupakid\" \/>\n<meta property=\"article:publisher\" content=\"https:\/\/www.facebook.com\/Toidupakk\" \/>\n<meta property=\"article:modified_time\" content=\"2026-04-03T19:00:31+00:00\" \/>\n<meta property=\"og:image\" content=\"https:\/\/toidupakk.ee\/wp-content\/uploads\/2021\/09\/Tactical-Foodpack-Weekpack-Alpha1.png\" \/>\n\t<meta property=\"og:image:width\" content=\"800\" \/>\n\t<meta property=\"og:image:height\" content=\"800\" \/>\n\t<meta property=\"og:image:type\" content=\"image\/png\" \/>\n<meta name=\"twitter:card\" content=\"summary_large_image\" \/>\n<meta name=\"twitter:label1\" content=\"Est. reading time\" \/>\n\t<meta name=\"twitter:data1\" content=\"2 minut\u0117s\" \/>\n<script type=\"application\/ld+json\" class=\"yoast-schema-graph\">{\"@context\":\"https:\/\/schema.org\",\"@graph\":[{\"@type\":\"WebPage\",\"@id\":\"https:\/\/toidupakk.ee\/lt\/toode\/weekpack-alpha-2080-g\/\",\"url\":\"https:\/\/toidupakk.ee\/lt\/toode\/weekpack-alpha-2080-g\/\",\"name\":\"WeekPack Alpha 2080 g\",\"isPartOf\":{\"@id\":\"https:\/\/toidupakk.ee\/lt\/#website\"},\"primaryImageOfPage\":{\"@id\":\"https:\/\/toidupakk.ee\/lt\/toode\/weekpack-alpha-2080-g\/#primaryimage\"},\"image\":{\"@id\":\"https:\/\/toidupakk.ee\/lt\/toode\/weekpack-alpha-2080-g\/#primaryimage\"},\"thumbnailUrl\":\"https:\/\/toidupakk.ee\/wp-content\/uploads\/2021\/09\/Tactical-Foodpack-Weekpack-Alpha1.png\",\"datePublished\":\"2021-09-03T11:55:51+00:00\",\"dateModified\":\"2026-04-03T19:00:31+00:00\",\"description\":\"Tactical Weekpack Alpha \u2013 maisto atsargos visai savaitei vienam asmeniui. Pasiimk \u201eTactical Foodpack\u201c \u012f \u017eyg\u012f arba papildyk atsargas namuose.\",\"breadcrumb\":{\"@id\":\"https:\/\/toidupakk.ee\/lt\/toode\/weekpack-alpha-2080-g\/#breadcrumb\"},\"inLanguage\":\"lt-LT\",\"potentialAction\":[{\"@type\":\"ReadAction\",\"target\":[\"https:\/\/toidupakk.ee\/lt\/toode\/weekpack-alpha-2080-g\/\"]}]},{\"@type\":\"ImageObject\",\"inLanguage\":\"lt-LT\",\"@id\":\"https:\/\/toidupakk.ee\/lt\/toode\/weekpack-alpha-2080-g\/#primaryimage\",\"url\":\"https:\/\/toidupakk.ee\/wp-content\/uploads\/2021\/09\/Tactical-Foodpack-Weekpack-Alpha1.png\",\"contentUrl\":\"https:\/\/toidupakk.ee\/wp-content\/uploads\/2021\/09\/Tactical-Foodpack-Weekpack-Alpha1.png\",\"width\":800,\"height\":800,\"caption\":\"\u201eWeekpack Alpha\u201c produkto nuotrauka\"},{\"@type\":\"BreadcrumbList\",\"@id\":\"https:\/\/toidupakk.ee\/lt\/toode\/weekpack-alpha-2080-g\/#breadcrumb\",\"itemListElement\":[{\"@type\":\"ListItem\",\"position\":1,\"name\":\"Avaleht\",\"item\":\"https:\/\/toidupakk.ee\/lt\/\"},{\"@type\":\"ListItem\",\"position\":2,\"name\":\"El. parduotuv\u0117\",\"item\":\"https:\/\/toidupakk.ee\/lt\/el-parduotuve\/\"},{\"@type\":\"ListItem\",\"position\":3,\"name\":\"WeekPack Alpha 2080 g\"}]},{\"@type\":\"WebSite\",\"@id\":\"https:\/\/toidupakk.ee\/lt\/#website\",\"url\":\"https:\/\/toidupakk.ee\/lt\/\",\"name\":\"Toidupakk.ee - Tactical Foodpack toidupakid\",\"description\":\"Tactical Foodpack k\u00fclmkuivatatud toidupakid ja matkaeined\",\"publisher\":{\"@id\":\"https:\/\/toidupakk.ee\/lt\/#organization\"},\"potentialAction\":[{\"@type\":\"SearchAction\",\"target\":{\"@type\":\"EntryPoint\",\"urlTemplate\":\"https:\/\/toidupakk.ee\/lt\/?s={search_term_string}\"},\"query-input\":{\"@type\":\"PropertyValueSpecification\",\"valueRequired\":true,\"valueName\":\"search_term_string\"}}],\"inLanguage\":\"lt-LT\"},{\"@type\":\"Organization\",\"@id\":\"https:\/\/toidupakk.ee\/lt\/#organization\",\"name\":\"Tactical Foodpack matkaeined\",\"url\":\"https:\/\/toidupakk.ee\/lt\/\",\"logo\":{\"@type\":\"ImageObject\",\"inLanguage\":\"lt-LT\",\"@id\":\"https:\/\/toidupakk.ee\/lt\/#\/schema\/logo\/image\/\",\"url\":\"https:\/\/toidupakk.ee\/wp-content\/uploads\/2022\/01\/Toidupakk-matkapood-logo-transparent.png\",\"contentUrl\":\"https:\/\/toidupakk.ee\/wp-content\/uploads\/2022\/01\/Toidupakk-matkapood-logo-transparent.png\",\"width\":500,\"height\":500,\"caption\":\"Tactical Foodpack matkaeined\"},\"image\":{\"@id\":\"https:\/\/toidupakk.ee\/lt\/#\/schema\/logo\/image\/\"},\"sameAs\":[\"https:\/\/www.facebook.com\/Toidupakk\",\"https:\/\/www.instagram.com\/toidupakk\/\"]}]}<\/script>\n<!-- \/ Yoast SEO plugin. -->","yoast_head_json":{"title":"WeekPack Alpha 2080 g","description":"Tactical Weekpack Alpha \u2013 maisto atsargos visai savaitei vienam asmeniui. Pasiimk \u201eTactical Foodpack\u201c \u012f \u017eyg\u012f arba papildyk atsargas namuose.","robots":{"index":"index","follow":"follow","max-snippet":"max-snippet:-1","max-image-preview":"max-image-preview:large","max-video-preview":"max-video-preview:-1"},"canonical":"https:\/\/toidupakk.ee\/lt\/toode\/weekpack-alpha-2080-g\/","og_locale":"lt_LT","og_type":"article","og_title":"WeekPack Alpha 2080 g","og_description":"Tactical Weekpack Alpha \u2013 maisto atsargos visai savaitei vienam asmeniui. Pasiimk \u201eTactical Foodpack\u201c \u012f \u017eyg\u012f arba papildyk atsargas namuose.","og_url":"https:\/\/toidupakk.ee\/lt\/toode\/weekpack-alpha-2080-g\/","og_site_name":"Toidupakk.ee - Tactical Foodpack toidupakid","article_publisher":"https:\/\/www.facebook.com\/Toidupakk","article_modified_time":"2026-04-03T19:00:31+00:00","og_image":[{"width":800,"height":800,"url":"https:\/\/toidupakk.ee\/wp-content\/uploads\/2021\/09\/Tactical-Foodpack-Weekpack-Alpha1.png","type":"image\/png"}],"twitter_card":"summary_large_image","twitter_misc":{"Est. reading time":"2 minut\u0117s"},"schema":{"@context":"https:\/\/schema.org","@graph":[{"@type":"WebPage","@id":"https:\/\/toidupakk.ee\/lt\/toode\/weekpack-alpha-2080-g\/","url":"https:\/\/toidupakk.ee\/lt\/toode\/weekpack-alpha-2080-g\/","name":"WeekPack Alpha 2080 g","isPartOf":{"@id":"https:\/\/toidupakk.ee\/lt\/#website"},"primaryImageOfPage":{"@id":"https:\/\/toidupakk.ee\/lt\/toode\/weekpack-alpha-2080-g\/#primaryimage"},"image":{"@id":"https:\/\/toidupakk.ee\/lt\/toode\/weekpack-alpha-2080-g\/#primaryimage"},"thumbnailUrl":"https:\/\/toidupakk.ee\/wp-content\/uploads\/2021\/09\/Tactical-Foodpack-Weekpack-Alpha1.png","datePublished":"2021-09-03T11:55:51+00:00","dateModified":"2026-04-03T19:00:31+00:00","description":"Tactical Weekpack Alpha \u2013 maisto atsargos visai savaitei vienam asmeniui. Pasiimk \u201eTactical Foodpack\u201c \u012f \u017eyg\u012f arba papildyk atsargas namuose.","breadcrumb":{"@id":"https:\/\/toidupakk.ee\/lt\/toode\/weekpack-alpha-2080-g\/#breadcrumb"},"inLanguage":"lt-LT","potentialAction":[{"@type":"ReadAction","target":["https:\/\/toidupakk.ee\/lt\/toode\/weekpack-alpha-2080-g\/"]}]},{"@type":"ImageObject","inLanguage":"lt-LT","@id":"https:\/\/toidupakk.ee\/lt\/toode\/weekpack-alpha-2080-g\/#primaryimage","url":"https:\/\/toidupakk.ee\/wp-content\/uploads\/2021\/09\/Tactical-Foodpack-Weekpack-Alpha1.png","contentUrl":"https:\/\/toidupakk.ee\/wp-content\/uploads\/2021\/09\/Tactical-Foodpack-Weekpack-Alpha1.png","width":800,"height":800,"caption":"\u201eWeekpack Alpha\u201c produkto nuotrauka"},{"@type":"BreadcrumbList","@id":"https:\/\/toidupakk.ee\/lt\/toode\/weekpack-alpha-2080-g\/#breadcrumb","itemListElement":[{"@type":"ListItem","position":1,"name":"Avaleht","item":"https:\/\/toidupakk.ee\/lt\/"},{"@type":"ListItem","position":2,"name":"El. parduotuv\u0117","item":"https:\/\/toidupakk.ee\/lt\/el-parduotuve\/"},{"@type":"ListItem","position":3,"name":"WeekPack Alpha 2080 g"}]},{"@type":"WebSite","@id":"https:\/\/toidupakk.ee\/lt\/#website","url":"https:\/\/toidupakk.ee\/lt\/","name":"Toidupakk.ee - Tactical Foodpack toidupakid","description":"Tactical Foodpack k\u00fclmkuivatatud toidupakid ja matkaeined","publisher":{"@id":"https:\/\/toidupakk.ee\/lt\/#organization"},"potentialAction":[{"@type":"SearchAction","target":{"@type":"EntryPoint","urlTemplate":"https:\/\/toidupakk.ee\/lt\/?s={search_term_string}"},"query-input":{"@type":"PropertyValueSpecification","valueRequired":true,"valueName":"search_term_string"}}],"inLanguage":"lt-LT"},{"@type":"Organization","@id":"https:\/\/toidupakk.ee\/lt\/#organization","name":"Tactical Foodpack matkaeined","url":"https:\/\/toidupakk.ee\/lt\/","logo":{"@type":"ImageObject","inLanguage":"lt-LT","@id":"https:\/\/toidupakk.ee\/lt\/#\/schema\/logo\/image\/","url":"https:\/\/toidupakk.ee\/wp-content\/uploads\/2022\/01\/Toidupakk-matkapood-logo-transparent.png","contentUrl":"https:\/\/toidupakk.ee\/wp-content\/uploads\/2022\/01\/Toidupakk-matkapood-logo-transparent.png","width":500,"height":500,"caption":"Tactical Foodpack matkaeined"},"image":{"@id":"https:\/\/toidupakk.ee\/lt\/#\/schema\/logo\/image\/"},"sameAs":["https:\/\/www.facebook.com\/Toidupakk","https:\/\/www.instagram.com\/toidupakk\/"]}]}},"jetpack_sharing_enabled":true,"_links":{"self":[{"href":"https:\/\/toidupakk.ee\/lt\/wp-json\/wp\/v2\/product\/48501","targetHints":{"allow":["GET"]}}],"collection":[{"href":"https:\/\/toidupakk.ee\/lt\/wp-json\/wp\/v2\/product"}],"about":[{"href":"https:\/\/toidupakk.ee\/lt\/wp-json\/wp\/v2\/types\/product"}],"replies":[{"embeddable":true,"href":"https:\/\/toidupakk.ee\/lt\/wp-json\/wp\/v2\/comments?post=48501"}],"wp:featuredmedia":[{"embeddable":true,"href":"https:\/\/toidupakk.ee\/lt\/wp-json\/wp\/v2\/media\/48507"}],"wp:attachment":[{"href":"https:\/\/toidupakk.ee\/lt\/wp-json\/wp\/v2\/media?parent=48501"}],"wp:term":[{"taxonomy":"product_brand","embeddable":true,"href":"https:\/\/toidupakk.ee\/lt\/wp-json\/wp\/v2\/product_brand?post=48501"},{"taxonomy":"product_cat","embeddable":true,"href":"https:\/\/toidupakk.ee\/lt\/wp-json\/wp\/v2\/product_cat?post=48501"},{"taxonomy":"product_tag","embeddable":true,"href":"https:\/\/toidupakk.ee\/lt\/wp-json\/wp\/v2\/product_tag?post=48501"}],"curies":[{"name":"wp","href":"https:\/\/api.w.org\/{rel}","templated":true}]}}