{"id":48464,"date":"2025-06-16T14:20:30","date_gmt":"2025-06-16T11:20:30","guid":{"rendered":"https:\/\/toidupakk.ee\/toode\/itin-galingas-prozektorius-fitorch-p200-searchlight-14000-liumenu\/"},"modified":"2026-04-15T17:31:30","modified_gmt":"2026-04-15T14:31:30","slug":"itin-galingas-prozektorius-fitorch-p200-searchlight-14000-liumenu","status":"publish","type":"product","link":"https:\/\/toidupakk.ee\/lt\/toode\/itin-galingas-prozektorius-fitorch-p200-searchlight-14000-liumenu\/","title":{"rendered":"Itin galingas pro\u017eektorius Fitorch P200 Searchlight 14000 liumen\u0173"},"content":{"rendered":"<h3>Itin galingas pro\u017eektorius Fitorch P200 \u2013 itin ry\u0161kus paie\u0161kos \u017eibintas, kurio \u0161viesa siekia iki 650 metr\u0173<\/h3>\n<p data-start=\"437\" data-end=\"836\">Fitorch P200 yra <strong data-start=\"453\" data-end=\"476\">itin galingas pro\u017eektorius<\/strong>, sukurtas tiems, kuriems reikia patikimo \u0161viesos \u0161altinio bet kokioje situacijoje. Jo \u012fsp\u016bdingas 14 000 liumen\u0173 \u0161viesos srautas ir iki 650 metr\u0173 siekiantis spindulys paver\u010dia j\u012f vienu galingiausi\u0173 savo klas\u0117s \u0161viestuv\u0173. Fitorch P200 tinka tiek profesionalams, tiek entuziastams, kurie juda tamsioje gamtoje, dirba lauko s\u0105lygomis ar ie\u0161ko saugumo sprendimo namams.  <\/p>\n<p data-start=\"838\" data-end=\"1082\">\u0160vies\u0105 skleid\u017eia keturi LED diodai, kuri\u0173 srautas perduodamas per special\u0173 optin\u012f stikl\u0105. Tai u\u017etikrina tolyg\u0173 ir stipr\u0173 spindul\u012f net dideliuose plotuose. Pro\u017eektorius sukurtas tarnauti ir veikti net at\u0161iauriomis s\u0105lygomis \u2013 lyjant lietui, dulk\u0117se ar \u0161altyje.  <\/p>\n<p data-start=\"1084\" data-end=\"1346\"><strong data-start=\"1084\" data-end=\"1107\">Itin galingas pro\u017eektorius<\/strong> Fitorch P200 yra ne tik ry\u0161kus \u2013 jis ir i\u0161manus. Jame sumontuotas 24 000 mAh akumuliatorius, leid\u017eiantis naudoti \u017eibint\u0105 iki 68 valand\u0173. Be to, jis veikia kaip i\u0161orin\u0117 baterija (powerbank), kuria gali \u012fkrauti telefon\u0105, GPS \u012frenginius ar kitus per USB kraunamus prietaisus.  <\/p>\n<p data-start=\"1348\" data-end=\"1628\">Greitas USB Type-C \u012fkrovimas u\u017etikrina patog\u0173 naudojim\u0105. Pro\u017eektorius palaiko iki 3A srov\u0119, o tai rei\u0161kia greit\u0105 \u012fkrovim\u0105 tiek \u012f vid\u0173, tiek \u012f i\u0161or\u0119. \u012erenginys turi kelis \u0161viesos re\u017eimus: Turbo, High, Medium, Low, Eco bei mirksin\u010dius Strobe ir SOS. Gali pasirinkti b\u016btent tai, ko reikalauja situacija.   <\/p>\n<p data-start=\"1630\" data-end=\"1783\">Fitorch P200 taip pat turi automatin\u012f u\u017erakt\u0105, kuris apsaugo nuo atsitiktinio \u012fsijungimo. Akumuliatoriaus lygio indikatorius visada prane\u0161a, kiek energijos dar liko. <\/p>\n<p data-start=\"1785\" data-end=\"1984\">Jei tau reikia \u017eibinto, kuriuo gal\u0117tum pasikliauti sunkiausiomis s\u0105lygomis, <strong data-start=\"1859\" data-end=\"1895\">itin galingas pro\u017eektorius Fitorch P200<\/strong> yra b\u016btent tai, ko ie\u0161kai. Tai galios, patvarumo ir i\u0161manumo derinys. <\/p>\n<p data-start=\"1703\" data-end=\"1973\"><img fetchpriority=\"high\" decoding=\"async\" class=\"alignnone wp-image-36361\" src=\"https:\/\/toidupakk.ee\/wp-content\/uploads\/2025\/06\/P200-2E-300x198.webp\" alt=\"\" width=\"1170\" height=\"772\" srcset=\"https:\/\/toidupakk.ee\/wp-content\/uploads\/2025\/06\/P200-2E-300x198.webp 300w, https:\/\/toidupakk.ee\/wp-content\/uploads\/2025\/06\/P200-2E-1024x676.webp 1024w, https:\/\/toidupakk.ee\/wp-content\/uploads\/2025\/06\/P200-2E-768x507.webp 768w, https:\/\/toidupakk.ee\/wp-content\/uploads\/2025\/06\/P200-2E-800x528.webp 800w, https:\/\/toidupakk.ee\/wp-content\/uploads\/2025\/06\/P200-2E.webp 1440w\" sizes=\"(max-width: 1170px) 100vw, 1170px\" \/><\/p>\n<p><img decoding=\"async\" class=\"alignnone wp-image-36363\" src=\"https:\/\/toidupakk.ee\/wp-content\/uploads\/2025\/06\/P200-4E-300x198.webp\" alt=\"\" width=\"1170\" height=\"772\" srcset=\"https:\/\/toidupakk.ee\/wp-content\/uploads\/2025\/06\/P200-4E-300x198.webp 300w, https:\/\/toidupakk.ee\/wp-content\/uploads\/2025\/06\/P200-4E-1024x676.webp 1024w, https:\/\/toidupakk.ee\/wp-content\/uploads\/2025\/06\/P200-4E-768x507.webp 768w, https:\/\/toidupakk.ee\/wp-content\/uploads\/2025\/06\/P200-4E-800x528.webp 800w, https:\/\/toidupakk.ee\/wp-content\/uploads\/2025\/06\/P200-4E.webp 1440w\" sizes=\"(max-width: 1170px) 100vw, 1170px\" \/><\/p>\n<p><img decoding=\"async\" class=\"alignnone wp-image-36362\" src=\"https:\/\/toidupakk.ee\/wp-content\/uploads\/2025\/06\/P200-3E-300x198.webp\" alt=\"\" width=\"1170\" height=\"772\" srcset=\"https:\/\/toidupakk.ee\/wp-content\/uploads\/2025\/06\/P200-3E-300x198.webp 300w, https:\/\/toidupakk.ee\/wp-content\/uploads\/2025\/06\/P200-3E-1024x676.webp 1024w, https:\/\/toidupakk.ee\/wp-content\/uploads\/2025\/06\/P200-3E-768x507.webp 768w, https:\/\/toidupakk.ee\/wp-content\/uploads\/2025\/06\/P200-3E-800x528.webp 800w, https:\/\/toidupakk.ee\/wp-content\/uploads\/2025\/06\/P200-3E.webp 1440w\" sizes=\"(max-width: 1170px) 100vw, 1170px\" \/><\/p>\n<p><img loading=\"lazy\" decoding=\"async\" class=\"alignnone wp-image-36365\" src=\"https:\/\/toidupakk.ee\/wp-content\/uploads\/2025\/06\/P200-5E-1-300x198.webp\" alt=\"\" width=\"1170\" height=\"772\" srcset=\"https:\/\/toidupakk.ee\/wp-content\/uploads\/2025\/06\/P200-5E-1-300x198.webp 300w, https:\/\/toidupakk.ee\/wp-content\/uploads\/2025\/06\/P200-5E-1-1024x676.webp 1024w, https:\/\/toidupakk.ee\/wp-content\/uploads\/2025\/06\/P200-5E-1-768x507.webp 768w, https:\/\/toidupakk.ee\/wp-content\/uploads\/2025\/06\/P200-5E-1-800x528.webp 800w, https:\/\/toidupakk.ee\/wp-content\/uploads\/2025\/06\/P200-5E-1.webp 1440w\" sizes=\"(max-width: 1170px) 100vw, 1170px\" \/><\/p>\n<p>Pasisemk \u012fkv\u0117pimo kitiems nuotykiams \u201eToidupakk\u201c <a href=\"https:\/\/www.instagram.com\/toidupakk\/\">Instagram<\/a> ir <a href=\"https:\/\/www.facebook.com\/Toidupakk\/\">Facebook<\/a> paskyrose.<\/p>\n<p>\u017di\u016br\u0117k \u017eygio prekes <a href=\"https:\/\/toidupakk.ee\/lt\/tootekategooria\/zygio-iranga\/#section-3-79\">\u010cIA<\/a>.<\/p>\n","protected":false},"excerpt":{"rendered":"<ul>\n<li data-st=\"\">Itin galingas, super ry\u0161kus paie\u0161kos pro\u017eektorius profesionaliam naudojimui<\/li>\n<li data-start=\"183\" data-end=\"246\">14 000 liumen\u0173 \u0161viesos galia ir iki 650 metr\u0173 spindulio nuotolis<\/li>\n<li data-start=\"249\" data-end=\"312\">Didel\u0117s talpos 24 000 mAh akumuliatorius u\u017etikrina iki 68 valand\u0173 veikim\u0105<\/li>\n<li data-start=\"315\" data-end=\"365\">Veikia ir kaip i\u0161orin\u0117 baterija kitiems \u012frenginiams \u012fkrauti<\/li>\n<li data-start=\"368\" data-end=\"445\">5 \u0161viesos re\u017eimai: Turbo, High, Medium, Low, Eco + Strobe ir SOS funkcijos<\/li>\n<li data-start=\"448\" data-end=\"512\">USB Type-C \u012fkrovimas, automatinis u\u017eraktas ir baterijos lygio indikatorius<\/li>\n<\/ul>\n<p data-start=\"543\" data-end=\"584\">\u2705 Turime sand\u0117lyje, greitas pristatymas per 1\u20133 darbo dienas<\/p>\n","protected":false},"featured_media":36357,"comment_status":"open","ping_status":"closed","template":"","meta":{"_acf_changed":false},"product_brand":[],"product_cat":[207,200,206,208,189,190],"product_tag":[],"class_list":{"0":"post-48464","1":"product","2":"type-product","3":"status-publish","4":"has-post-thumbnail","6":"product_cat-elektronika","7":"product_cat-praktiskos-dovanu-idejos","8":"product_cat-prozektoriai","9":"product_cat-sviesa","10":"product_cat-zygio-iranga","11":"product_cat-zygio-prekes","13":"first","14":"instock","15":"taxable","16":"shipping-taxable","17":"purchasable","18":"product-type-simple"},"bundled_by":[],"bundle_stock_status":"instock","bundle_stock_quantity":4,"bundle_virtual":false,"bundle_layout":"","bundle_add_to_cart_form_location":"","bundle_editable_in_cart":false,"bundle_sold_individually_context":"","bundle_item_grouping":"","bundle_min_size":"","bundle_max_size":"","bundle_price":[],"bundled_items":[],"bundle_sell_ids":[],"acf":[],"yoast_head":"<!-- This site is optimized with the Yoast SEO plugin v27.3 - https:\/\/yoast.com\/product\/yoast-seo-wordpress\/ -->\n<title>Itin galingas pro\u017eektorius Fitorch P200 Searchlight 14000 liumen\u0173<\/title>\n<meta name=\"description\" content=\"Fitorch P200 yra itin galingas pro\u017eektorius, kurio spindulys siekia 650 metr\u0173. Idealiai tinka paie\u0161kai, \u017eygiams ir gelb\u0117jimo darbams \u2013 veikimo laikas iki 68 valand\u0173.\" \/>\n<meta name=\"robots\" content=\"index, follow, max-snippet:-1, max-image-preview:large, max-video-preview:-1\" \/>\n<link rel=\"canonical\" href=\"https:\/\/toidupakk.ee\/lt\/toode\/itin-galingas-prozektorius-fitorch-p200-searchlight-14000-liumenu\/\" \/>\n<meta property=\"og:locale\" content=\"lt_LT\" \/>\n<meta property=\"og:type\" content=\"article\" \/>\n<meta property=\"og:title\" content=\"Itin galingas pro\u017eektorius Fitorch P200 Searchlight 14000 liumen\u0173\" \/>\n<meta property=\"og:description\" content=\"Fitorch P200 yra itin galingas pro\u017eektorius, kurio spindulys siekia 650 metr\u0173. Idealiai tinka paie\u0161kai, \u017eygiams ir gelb\u0117jimo darbams \u2013 veikimo laikas iki 68 valand\u0173.\" \/>\n<meta property=\"og:url\" content=\"https:\/\/toidupakk.ee\/lt\/toode\/itin-galingas-prozektorius-fitorch-p200-searchlight-14000-liumenu\/\" \/>\n<meta property=\"og:site_name\" content=\"Toidupakk.ee - Tactical Foodpack toidupakid\" \/>\n<meta property=\"article:publisher\" content=\"https:\/\/www.facebook.com\/Toidupakk\" \/>\n<meta property=\"article:modified_time\" content=\"2026-04-15T14:31:30+00:00\" \/>\n<meta property=\"og:image\" content=\"https:\/\/toidupakk.ee\/wp-content\/uploads\/2025\/06\/p200-1.png\" \/>\n\t<meta property=\"og:image:width\" content=\"800\" \/>\n\t<meta property=\"og:image:height\" content=\"800\" \/>\n\t<meta property=\"og:image:type\" content=\"image\/png\" \/>\n<meta name=\"twitter:card\" content=\"summary_large_image\" \/>\n<meta name=\"twitter:label1\" content=\"Est. reading time\" \/>\n\t<meta name=\"twitter:data1\" content=\"1 minut\u0117\" \/>\n<script type=\"application\/ld+json\" class=\"yoast-schema-graph\">{\"@context\":\"https:\\\/\\\/schema.org\",\"@graph\":[{\"@type\":\"WebPage\",\"@id\":\"https:\\\/\\\/toidupakk.ee\\\/lt\\\/toode\\\/itin-galingas-prozektorius-fitorch-p200-searchlight-14000-liumenu\\\/\",\"url\":\"https:\\\/\\\/toidupakk.ee\\\/lt\\\/toode\\\/itin-galingas-prozektorius-fitorch-p200-searchlight-14000-liumenu\\\/\",\"name\":\"Itin galingas pro\u017eektorius Fitorch P200 Searchlight 14000 liumen\u0173\",\"isPartOf\":{\"@id\":\"https:\\\/\\\/toidupakk.ee\\\/lt\\\/#website\"},\"primaryImageOfPage\":{\"@id\":\"https:\\\/\\\/toidupakk.ee\\\/lt\\\/toode\\\/itin-galingas-prozektorius-fitorch-p200-searchlight-14000-liumenu\\\/#primaryimage\"},\"image\":{\"@id\":\"https:\\\/\\\/toidupakk.ee\\\/lt\\\/toode\\\/itin-galingas-prozektorius-fitorch-p200-searchlight-14000-liumenu\\\/#primaryimage\"},\"thumbnailUrl\":\"https:\\\/\\\/toidupakk.ee\\\/wp-content\\\/uploads\\\/2025\\\/06\\\/p200-1.png\",\"datePublished\":\"2025-06-16T11:20:30+00:00\",\"dateModified\":\"2026-04-15T14:31:30+00:00\",\"description\":\"Fitorch P200 yra itin galingas pro\u017eektorius, kurio spindulys siekia 650 metr\u0173. Idealiai tinka paie\u0161kai, \u017eygiams ir gelb\u0117jimo darbams \u2013 veikimo laikas iki 68 valand\u0173.\",\"breadcrumb\":{\"@id\":\"https:\\\/\\\/toidupakk.ee\\\/lt\\\/toode\\\/itin-galingas-prozektorius-fitorch-p200-searchlight-14000-liumenu\\\/#breadcrumb\"},\"inLanguage\":\"lt-LT\",\"potentialAction\":[{\"@type\":\"ReadAction\",\"target\":[\"https:\\\/\\\/toidupakk.ee\\\/lt\\\/toode\\\/itin-galingas-prozektorius-fitorch-p200-searchlight-14000-liumenu\\\/\"]}]},{\"@type\":\"ImageObject\",\"inLanguage\":\"lt-LT\",\"@id\":\"https:\\\/\\\/toidupakk.ee\\\/lt\\\/toode\\\/itin-galingas-prozektorius-fitorch-p200-searchlight-14000-liumenu\\\/#primaryimage\",\"url\":\"https:\\\/\\\/toidupakk.ee\\\/wp-content\\\/uploads\\\/2025\\\/06\\\/p200-1.png\",\"contentUrl\":\"https:\\\/\\\/toidupakk.ee\\\/wp-content\\\/uploads\\\/2025\\\/06\\\/p200-1.png\",\"width\":800,\"height\":800,\"caption\":\"suur taskulamp\"},{\"@type\":\"BreadcrumbList\",\"@id\":\"https:\\\/\\\/toidupakk.ee\\\/lt\\\/toode\\\/itin-galingas-prozektorius-fitorch-p200-searchlight-14000-liumenu\\\/#breadcrumb\",\"itemListElement\":[{\"@type\":\"ListItem\",\"position\":1,\"name\":\"Avaleht\",\"item\":\"https:\\\/\\\/toidupakk.ee\\\/lt\\\/\"},{\"@type\":\"ListItem\",\"position\":2,\"name\":\"El. parduotuv\u0117\",\"item\":\"https:\\\/\\\/toidupakk.ee\\\/lt\\\/el-parduotuve\\\/\"},{\"@type\":\"ListItem\",\"position\":3,\"name\":\"Itin galingas pro\u017eektorius Fitorch P200 Searchlight 14000 liumen\u0173\"}]},{\"@type\":\"WebSite\",\"@id\":\"https:\\\/\\\/toidupakk.ee\\\/lt\\\/#website\",\"url\":\"https:\\\/\\\/toidupakk.ee\\\/lt\\\/\",\"name\":\"Toidupakk.ee - Tactical Foodpack toidupakid\",\"description\":\"Tactical Foodpack k\u00fclmkuivatatud toidupakid ja matkaeined\",\"publisher\":{\"@id\":\"https:\\\/\\\/toidupakk.ee\\\/lt\\\/#organization\"},\"potentialAction\":[{\"@type\":\"SearchAction\",\"target\":{\"@type\":\"EntryPoint\",\"urlTemplate\":\"https:\\\/\\\/toidupakk.ee\\\/lt\\\/?s={search_term_string}\"},\"query-input\":{\"@type\":\"PropertyValueSpecification\",\"valueRequired\":true,\"valueName\":\"search_term_string\"}}],\"inLanguage\":\"lt-LT\"},{\"@type\":\"Organization\",\"@id\":\"https:\\\/\\\/toidupakk.ee\\\/lt\\\/#organization\",\"name\":\"Tactical Foodpack matkaeined\",\"url\":\"https:\\\/\\\/toidupakk.ee\\\/lt\\\/\",\"logo\":{\"@type\":\"ImageObject\",\"inLanguage\":\"lt-LT\",\"@id\":\"https:\\\/\\\/toidupakk.ee\\\/lt\\\/#\\\/schema\\\/logo\\\/image\\\/\",\"url\":\"https:\\\/\\\/toidupakk.ee\\\/wp-content\\\/uploads\\\/2022\\\/01\\\/Toidupakk-matkapood-logo-transparent.png\",\"contentUrl\":\"https:\\\/\\\/toidupakk.ee\\\/wp-content\\\/uploads\\\/2022\\\/01\\\/Toidupakk-matkapood-logo-transparent.png\",\"width\":500,\"height\":500,\"caption\":\"Tactical Foodpack matkaeined\"},\"image\":{\"@id\":\"https:\\\/\\\/toidupakk.ee\\\/lt\\\/#\\\/schema\\\/logo\\\/image\\\/\"},\"sameAs\":[\"https:\\\/\\\/www.facebook.com\\\/Toidupakk\",\"https:\\\/\\\/www.instagram.com\\\/toidupakk\\\/\"]}]}<\/script>\n<!-- \/ Yoast SEO plugin. -->","yoast_head_json":{"title":"Itin galingas pro\u017eektorius Fitorch P200 Searchlight 14000 liumen\u0173","description":"Fitorch P200 yra itin galingas pro\u017eektorius, kurio spindulys siekia 650 metr\u0173. Idealiai tinka paie\u0161kai, \u017eygiams ir gelb\u0117jimo darbams \u2013 veikimo laikas iki 68 valand\u0173.","robots":{"index":"index","follow":"follow","max-snippet":"max-snippet:-1","max-image-preview":"max-image-preview:large","max-video-preview":"max-video-preview:-1"},"canonical":"https:\/\/toidupakk.ee\/lt\/toode\/itin-galingas-prozektorius-fitorch-p200-searchlight-14000-liumenu\/","og_locale":"lt_LT","og_type":"article","og_title":"Itin galingas pro\u017eektorius Fitorch P200 Searchlight 14000 liumen\u0173","og_description":"Fitorch P200 yra itin galingas pro\u017eektorius, kurio spindulys siekia 650 metr\u0173. Idealiai tinka paie\u0161kai, \u017eygiams ir gelb\u0117jimo darbams \u2013 veikimo laikas iki 68 valand\u0173.","og_url":"https:\/\/toidupakk.ee\/lt\/toode\/itin-galingas-prozektorius-fitorch-p200-searchlight-14000-liumenu\/","og_site_name":"Toidupakk.ee - Tactical Foodpack toidupakid","article_publisher":"https:\/\/www.facebook.com\/Toidupakk","article_modified_time":"2026-04-15T14:31:30+00:00","og_image":[{"width":800,"height":800,"url":"https:\/\/toidupakk.ee\/wp-content\/uploads\/2025\/06\/p200-1.png","type":"image\/png"}],"twitter_card":"summary_large_image","twitter_misc":{"Est. reading time":"1 minut\u0117"},"schema":{"@context":"https:\/\/schema.org","@graph":[{"@type":"WebPage","@id":"https:\/\/toidupakk.ee\/lt\/toode\/itin-galingas-prozektorius-fitorch-p200-searchlight-14000-liumenu\/","url":"https:\/\/toidupakk.ee\/lt\/toode\/itin-galingas-prozektorius-fitorch-p200-searchlight-14000-liumenu\/","name":"Itin galingas pro\u017eektorius Fitorch P200 Searchlight 14000 liumen\u0173","isPartOf":{"@id":"https:\/\/toidupakk.ee\/lt\/#website"},"primaryImageOfPage":{"@id":"https:\/\/toidupakk.ee\/lt\/toode\/itin-galingas-prozektorius-fitorch-p200-searchlight-14000-liumenu\/#primaryimage"},"image":{"@id":"https:\/\/toidupakk.ee\/lt\/toode\/itin-galingas-prozektorius-fitorch-p200-searchlight-14000-liumenu\/#primaryimage"},"thumbnailUrl":"https:\/\/toidupakk.ee\/wp-content\/uploads\/2025\/06\/p200-1.png","datePublished":"2025-06-16T11:20:30+00:00","dateModified":"2026-04-15T14:31:30+00:00","description":"Fitorch P200 yra itin galingas pro\u017eektorius, kurio spindulys siekia 650 metr\u0173. Idealiai tinka paie\u0161kai, \u017eygiams ir gelb\u0117jimo darbams \u2013 veikimo laikas iki 68 valand\u0173.","breadcrumb":{"@id":"https:\/\/toidupakk.ee\/lt\/toode\/itin-galingas-prozektorius-fitorch-p200-searchlight-14000-liumenu\/#breadcrumb"},"inLanguage":"lt-LT","potentialAction":[{"@type":"ReadAction","target":["https:\/\/toidupakk.ee\/lt\/toode\/itin-galingas-prozektorius-fitorch-p200-searchlight-14000-liumenu\/"]}]},{"@type":"ImageObject","inLanguage":"lt-LT","@id":"https:\/\/toidupakk.ee\/lt\/toode\/itin-galingas-prozektorius-fitorch-p200-searchlight-14000-liumenu\/#primaryimage","url":"https:\/\/toidupakk.ee\/wp-content\/uploads\/2025\/06\/p200-1.png","contentUrl":"https:\/\/toidupakk.ee\/wp-content\/uploads\/2025\/06\/p200-1.png","width":800,"height":800,"caption":"suur taskulamp"},{"@type":"BreadcrumbList","@id":"https:\/\/toidupakk.ee\/lt\/toode\/itin-galingas-prozektorius-fitorch-p200-searchlight-14000-liumenu\/#breadcrumb","itemListElement":[{"@type":"ListItem","position":1,"name":"Avaleht","item":"https:\/\/toidupakk.ee\/lt\/"},{"@type":"ListItem","position":2,"name":"El. parduotuv\u0117","item":"https:\/\/toidupakk.ee\/lt\/el-parduotuve\/"},{"@type":"ListItem","position":3,"name":"Itin galingas pro\u017eektorius Fitorch P200 Searchlight 14000 liumen\u0173"}]},{"@type":"WebSite","@id":"https:\/\/toidupakk.ee\/lt\/#website","url":"https:\/\/toidupakk.ee\/lt\/","name":"Toidupakk.ee - Tactical Foodpack toidupakid","description":"Tactical Foodpack k\u00fclmkuivatatud toidupakid ja matkaeined","publisher":{"@id":"https:\/\/toidupakk.ee\/lt\/#organization"},"potentialAction":[{"@type":"SearchAction","target":{"@type":"EntryPoint","urlTemplate":"https:\/\/toidupakk.ee\/lt\/?s={search_term_string}"},"query-input":{"@type":"PropertyValueSpecification","valueRequired":true,"valueName":"search_term_string"}}],"inLanguage":"lt-LT"},{"@type":"Organization","@id":"https:\/\/toidupakk.ee\/lt\/#organization","name":"Tactical Foodpack matkaeined","url":"https:\/\/toidupakk.ee\/lt\/","logo":{"@type":"ImageObject","inLanguage":"lt-LT","@id":"https:\/\/toidupakk.ee\/lt\/#\/schema\/logo\/image\/","url":"https:\/\/toidupakk.ee\/wp-content\/uploads\/2022\/01\/Toidupakk-matkapood-logo-transparent.png","contentUrl":"https:\/\/toidupakk.ee\/wp-content\/uploads\/2022\/01\/Toidupakk-matkapood-logo-transparent.png","width":500,"height":500,"caption":"Tactical Foodpack matkaeined"},"image":{"@id":"https:\/\/toidupakk.ee\/lt\/#\/schema\/logo\/image\/"},"sameAs":["https:\/\/www.facebook.com\/Toidupakk","https:\/\/www.instagram.com\/toidupakk\/"]}]}},"jetpack_sharing_enabled":true,"_links":{"self":[{"href":"https:\/\/toidupakk.ee\/lt\/wp-json\/wp\/v2\/product\/48464","targetHints":{"allow":["GET"]}}],"collection":[{"href":"https:\/\/toidupakk.ee\/lt\/wp-json\/wp\/v2\/product"}],"about":[{"href":"https:\/\/toidupakk.ee\/lt\/wp-json\/wp\/v2\/types\/product"}],"replies":[{"embeddable":true,"href":"https:\/\/toidupakk.ee\/lt\/wp-json\/wp\/v2\/comments?post=48464"}],"wp:featuredmedia":[{"embeddable":true,"href":"https:\/\/toidupakk.ee\/lt\/wp-json\/wp\/v2\/media\/36357"}],"wp:attachment":[{"href":"https:\/\/toidupakk.ee\/lt\/wp-json\/wp\/v2\/media?parent=48464"}],"wp:term":[{"taxonomy":"product_brand","embeddable":true,"href":"https:\/\/toidupakk.ee\/lt\/wp-json\/wp\/v2\/product_brand?post=48464"},{"taxonomy":"product_cat","embeddable":true,"href":"https:\/\/toidupakk.ee\/lt\/wp-json\/wp\/v2\/product_cat?post=48464"},{"taxonomy":"product_tag","embeddable":true,"href":"https:\/\/toidupakk.ee\/lt\/wp-json\/wp\/v2\/product_tag?post=48464"}],"curies":[{"name":"wp","href":"https:\/\/api.w.org\/{rel}","templated":true}]}}