{"id":48439,"date":"2025-04-11T08:16:54","date_gmt":"2025-04-11T05:16:54","guid":{"rendered":"https:\/\/toidupakk.ee\/toode\/vandeniui-atsparus-kelioninis-krepsys-commander-pro\/"},"modified":"2026-04-29T17:01:04","modified_gmt":"2026-04-29T14:01:04","slug":"vandeniui-atsparus-kelioninis-krepsys-commander-pro","status":"publish","type":"product","link":"https:\/\/toidupakk.ee\/lt\/toode\/vandeniui-atsparus-kelioninis-krepsys-commander-pro\/","title":{"rendered":"Vandeniui atsparus kelioninis krep\u0161ys \u201eCommander PRO\u201c"},"content":{"rendered":"<h2 data-start=\"302\" data-end=\"689\"><strong data-start=\"155\" data-end=\"226\">TF-2215 Commander Pro \u2013 vandeniui atsparus kelioninis krep\u0161ys dideliems i\u0161\u0161\u016bkiams<\/strong><\/h2>\n<p class=\"\" data-start=\"302\" data-end=\"689\">\u201eTF-2215 Commander Pro\u201c yra talpus ir patvarus <strong data-start=\"276\" data-end=\"299\">vandeniui atsparus kelioninis krep\u0161ys<\/strong>, sukurtas aktyviam ir intensyviam naudojimui. \u0160is krep\u0161ys idealiai tinka \u017emon\u0117ms, kuriems reikia patikimo sprendimo \u012frangai transportuoti \u012fvairiomis s\u0105lygomis. Nesvarbu, ar tai \u017eygis gamtoje, darbo kelion\u0117 \u012f statybviet\u0119, ar ilga kelion\u0117, kurioje \u012franga turi b\u016bti apsaugota ir tvarkinga. D\u0117l tvirtos 500D PVC med\u017eiagos konstrukcijos ir prakti\u0161kos ratuk\u0173 sistemos \u201eCommander Pro\u201c pasi\u017eymi puikiu patvarumo, atsparumo vandeniui ir patogumo deriniu. Tai idealus pasirinkimas tiek m\u0117g\u0117jams, tiek profesionalams, kuriems bet kokioje situacijoje reikia patikimo ir ilgaam\u017eio kelioninio krep\u0161io.    <\/p>\n<p data-start=\"302\" data-end=\"689\"><img fetchpriority=\"high\" decoding=\"async\" class=\"alignnone wp-image-33751 size-full\" src=\"https:\/\/toidupakk.ee\/wp-content\/uploads\/2025\/04\/1-1.png\" alt=\"Atviras \u201eTF-2215 Commander Pro\u201c vandeniui atsparus kelioninis krep\u0161ys \u2013 matomas didelis pagrindinis skyrius su supakuotais drabu\u017eiais, dvigubas u\u017etrauktukas ir tvirtas PVC pamu\u0161alas.\" width=\"800\" height=\"800\" srcset=\"https:\/\/toidupakk.ee\/wp-content\/uploads\/2025\/04\/1-1.png 800w, https:\/\/toidupakk.ee\/wp-content\/uploads\/2025\/04\/1-1-400x400.png 400w, https:\/\/toidupakk.ee\/wp-content\/uploads\/2025\/04\/1-1-100x100.png 100w, https:\/\/toidupakk.ee\/wp-content\/uploads\/2025\/04\/1-1-300x300.png 300w, https:\/\/toidupakk.ee\/wp-content\/uploads\/2025\/04\/1-1-500x500.png 500w, https:\/\/toidupakk.ee\/wp-content\/uploads\/2025\/04\/1-1-768x768.png 768w\" sizes=\"(max-width: 800px) 100vw, 800px\" \/><\/p>\n<h3 data-start=\"926\" data-end=\"1258\">Vandeniui atsparus kelioninis krep\u0161ys i\u0161 500D PVC med\u017eiagos \u2013 patikimas ir atsparus oro s\u0105lygoms<\/h3>\n<p class=\"\" data-start=\"926\" data-end=\"1258\">\u201eCommander Pro\u201c pagamintas i\u0161 auk\u0161tos kokyb\u0117s <strong data-start=\"1028\" data-end=\"1043\">500D PVC<\/strong>, \u017einomo d\u0117l savo atsparumo dilimui ir vandeniui. Jis saugo krep\u0161io turin\u012f nuo dr\u0117gm\u0117s, lietaus ir purvo. Krep\u0161ys tinka naudoti dr\u0117gnomis ir purvinomis s\u0105lygomis, u\u017etikrinant, kad \u012franga i\u0161liks sausa.  <\/p>\n<p class=\"\" data-start=\"1260\" data-end=\"1465\">Krep\u0161io <strong data-start=\"1265\" data-end=\"1294\">vidinis t\u016bris yra 100 litr\u0173<\/strong>, o tai rei\u0161kia, kad jame pakanka vietos \u012frangai, drabu\u017eiams ar kitiems reikmenims laikyti. D\u0117l <strong data-start=\"1391\" data-end=\"1410\">78 \u00d7 40 \u00d7 33 cm<\/strong> matmen\u0173 jis yra pakankamai didelis, bet kartu patogiai valdomas. <\/p>\n<p data-start=\"1260\" data-end=\"1465\"><img decoding=\"async\" class=\"alignnone wp-image-33753 size-full\" src=\"https:\/\/toidupakk.ee\/wp-content\/uploads\/2025\/04\/2-1.png\" alt=\"\u201eTF-2215 Commander Pro\u201c vandeniui atsparaus kelioninio krep\u0161io vaizdas i\u0161 arti \u2013 matoma vanden\u012f atstumianti 500D PVC med\u017eiaga ir sutvirtinta rankena.\" width=\"800\" height=\"800\" srcset=\"https:\/\/toidupakk.ee\/wp-content\/uploads\/2025\/04\/2-1.png 800w, https:\/\/toidupakk.ee\/wp-content\/uploads\/2025\/04\/2-1-400x400.png 400w, https:\/\/toidupakk.ee\/wp-content\/uploads\/2025\/04\/2-1-100x100.png 100w, https:\/\/toidupakk.ee\/wp-content\/uploads\/2025\/04\/2-1-300x300.png 300w, https:\/\/toidupakk.ee\/wp-content\/uploads\/2025\/04\/2-1-500x500.png 500w, https:\/\/toidupakk.ee\/wp-content\/uploads\/2025\/04\/2-1-768x768.png 768w\" sizes=\"(max-width: 800px) 100vw, 800px\" \/><\/p>\n<h3 data-start=\"164\" data-end=\"583\"><strong data-start=\"164\" data-end=\"202\">Skyrius su dvigubu u\u017etrauktuku ir ne\u0161imo rankenos<\/strong><\/h3>\n<p class=\"\" data-start=\"164\" data-end=\"583\">\u201eTF-2215 Commander Pro\u201c turi <strong data-start=\"241\" data-end=\"265\">erdv\u0173 pagrindin\u012f skyri\u0173<\/strong> su <strong data-start=\"277\" data-end=\"305\">kokybi\u0161kais dvigubais u\u017etrauktukais<\/strong>. \u0160is sprendimas u\u017etikrina greit\u0105 ir saugi\u0105 prieig\u0105 prie turinio \u2013 u\u017etrauktukus galima atsegti i\u0161 abiej\u0173 pusi\u0173, tod\u0117l supakuot\u0105 \u012frang\u0105 lengva rasti net skubant. Dvigub\u0173 u\u017etrauktuk\u0173 sistema suteikia patogumo ir patvarumo net tada, kai krep\u0161ys yra pilnas. Krep\u0161io vidus erdvus ir paprastas, su dideliu pagrindiniu skyriumi, leid\u017eian\u010diu \u012frang\u0105 susid\u0117ti talpiai ir tvarkingai.   <\/p>\n<h3 data-start=\"1527\" data-end=\"1776\"><strong data-start=\"1527\" data-end=\"1565\">Skyrius su dvigubu u\u017etrauktuku ir ne\u0161imo rankenos<\/strong><\/h3>\n<p class=\"\" data-start=\"1527\" data-end=\"1776\">Pagrindinis skyrius yra su <strong data-start=\"1582\" data-end=\"1598\">dvigubu u\u017etrauktuku<\/strong>, tod\u0117l atidarymas ir u\u017edarymas yra greitas bei saugus. Krep\u0161io <strong data-start=\"1661\" data-end=\"1686\">ne\u0161imo rankenos ir dir\u017eai<\/strong> leid\u017eia j\u012f prireikus transportuoti ir rankomis. Konstrukcija paprasta, bet efektyvi ir sukurta tarnauti net da\u017enai ir intensyviai naudojant.  <\/p>\n<h3 data-start=\"1783\" data-end=\"2014\"><strong data-start=\"1783\" data-end=\"1828\">Techniniai duomenys \u2013 \u201eTF-2215 Commander Pro\u201c<\/strong><\/h3>\n<ul>\n<li data-start=\"1783\" data-end=\"2014\">Med\u017eiaga: 500D PVC<\/li>\n<li data-start=\"1783\" data-end=\"2014\">Talpa: 100 litr\u0173<\/li>\n<li data-start=\"1783\" data-end=\"2014\">Matmenys: 78 \u00d7 40 \u00d7 33 cm<\/li>\n<li data-start=\"1783\" data-end=\"2014\">Svoris: 3514 g<\/li>\n<li data-start=\"1783\" data-end=\"2014\">Ratukai: 3<\/li>\n<li data-start=\"1783\" data-end=\"2014\">Skyrius: su dvigubu u\u017etrauktuku<\/li>\n<li data-start=\"1783\" data-end=\"2014\">Ne\u0161imo rankenos ir dir\u017eai: Taip<\/li>\n<\/ul>\n<p>Kitus \u017eygio reikmenis per\u017ei\u016br\u0117k <a href=\"https:\/\/toidupakk.ee\/lt\/tootekategooria\/zygio-iranga\/#section-3-79\">\u010cIA<\/a><\/p>\n<p>Jei domina maistas \u017eygiams \u2013 \u017ei\u016br\u0117k <a href=\"https:\/\/toidupakk.ee\/lt\/tootekategooria\/pagrindiniai-patiekalai\/\">\u010cIA<\/a><\/p>\n<p>Pasisemk \u012fkv\u0117pimo kitiems nuotykiams Toidupakk <a href=\"https:\/\/www.instagram.com\/toidupakk\/\">Instagram<\/a> ir <a href=\"https:\/\/www.facebook.com\/Toidupakk\/\">Facebook<\/a> paskyrose.<\/p>\n","protected":false},"excerpt":{"rendered":"<p class=\"\" data-start=\"366\" data-end=\"577\"><strong data-start=\"366\" data-end=\"414\">\u201eTF-2215 Commander Pro\u201c yra vandeniui atsparus kelioninis krep\u0161ys<\/strong>, puikiai tinkantis \u012frangai transportuoti keliaujant ar naudojant lauko s\u0105lygomis. Trij\u0173 ratuk\u0173 ir tvirtos med\u017eiagos krep\u0161ys yra patvarus ir talpus. <\/p>\n<ul>\n<li data-start=\"579\" data-end=\"693\"><strong data-start=\"579\" data-end=\"601\">500D PVC med\u017eiaga:<\/strong> pagaminta i\u0161 patvaraus ir vandeniui atsparaus 500D PVC, saugan\u010dio turin\u012f nuo i\u0161or\u0117s poveikio.<\/li>\n<li data-start=\"695\" data-end=\"781\"><strong data-start=\"695\" data-end=\"721\">100 litr\u0173 talpa:<\/strong> didelis vidinis t\u016bris leid\u017eia patogiai pasiimti visk\u0105, ko reikia.<\/li>\n<li data-start=\"783\" data-end=\"858\"><strong data-start=\"783\" data-end=\"799\">Trys ratukai:<\/strong> u\u017etikrina stabilum\u0105 ir lengv\u0105 jud\u0117jim\u0105 \u012fvairiais pavir\u0161iais.<\/li>\n<li data-start=\"860\" data-end=\"943\"><strong data-start=\"860\" data-end=\"888\">Pagrindinis skyrius su dvigubu u\u017etrauktuku:<\/strong> patogi ir saugi prieiga prie krep\u0161yje esan\u010dios \u012frangos.<\/li>\n<li data-start=\"945\" data-end=\"1013\"><strong data-start=\"945\" data-end=\"978\">Kelios ne\u0161imo rankenos ir dir\u017eai:<\/strong> suteikia lankstumo ne\u0161ant krep\u0161\u012f.<\/li>\n<li data-start=\"1015\" data-end=\"1065\"><strong data-start=\"1015\" data-end=\"1035\">Matmenys ir svoris:<\/strong> 78 \u00d7 40 \u00d7 33 cm, svoris 3514 g.<\/li>\n<\/ul>\n<p class=\"\" data-start=\"1235\" data-end=\"1317\">\u2705 Turime sand\u0117lyje, greitas pristatymas per 1\u20133 darbo dienas<br data-start=\"1276\" data-end=\"1279\">\u2705 Pirk dabar, mok\u0117k v\u0117liau (pal\u016bkanos 0 %)<\/p>\n","protected":false},"featured_media":33715,"comment_status":"open","ping_status":"closed","template":"","meta":{"_acf_changed":false},"product_brand":[],"product_cat":[274,202,189,190],"product_tag":[],"class_list":{"0":"post-48439","1":"product","2":"type-product","3":"status-publish","4":"has-post-thumbnail","6":"product_cat-kelioniniai-krepsiai","7":"product_cat-krepsiai","8":"product_cat-zygio-iranga","9":"product_cat-zygio-prekes","11":"first","12":"onbackorder","13":"taxable","14":"shipping-taxable","15":"purchasable","16":"product-type-simple"},"bundled_by":[],"bundle_stock_status":"onbackorder","bundle_stock_quantity":-1,"bundle_virtual":false,"bundle_layout":"","bundle_add_to_cart_form_location":"","bundle_editable_in_cart":false,"bundle_sold_individually_context":"","bundle_item_grouping":"","bundle_min_size":"","bundle_max_size":"","bundle_price":[],"bundled_items":[],"bundle_sell_ids":[],"acf":[],"yoast_head":"<!-- This site is optimized with the Yoast SEO plugin v27.3 - https:\/\/yoast.com\/product\/yoast-seo-wordpress\/ -->\n<title>Vandeniui atsparus kelioninis krep\u0161ys \u201eCommander PRO\u201c<\/title>\n<meta name=\"description\" content=\"\u201eTF-2215 Commander Pro\u201c yra 100 litr\u0173 talpos vandeniui atsparus kelioninis krep\u0161ys, pagamintas i\u0161 500D PVC med\u017eiagos, turintis tris ratukus ir pagrindin\u012f skyri\u0173 su dvigubu u\u017etrauktuku.\" \/>\n<meta name=\"robots\" content=\"index, follow, max-snippet:-1, max-image-preview:large, max-video-preview:-1\" \/>\n<link rel=\"canonical\" href=\"https:\/\/toidupakk.ee\/lt\/toode\/vandeniui-atsparus-kelioninis-krepsys-commander-pro\/\" \/>\n<meta property=\"og:locale\" content=\"lt_LT\" \/>\n<meta property=\"og:type\" content=\"article\" \/>\n<meta property=\"og:title\" content=\"Vandeniui atsparus kelioninis krep\u0161ys \u201eCommander PRO\u201c\" \/>\n<meta property=\"og:description\" content=\"\u201eTF-2215 Commander Pro\u201c yra 100 litr\u0173 talpos vandeniui atsparus kelioninis krep\u0161ys, pagamintas i\u0161 500D PVC med\u017eiagos, turintis tris ratukus ir pagrindin\u012f skyri\u0173 su dvigubu u\u017etrauktuku.\" \/>\n<meta property=\"og:url\" content=\"https:\/\/toidupakk.ee\/lt\/toode\/vandeniui-atsparus-kelioninis-krepsys-commander-pro\/\" \/>\n<meta property=\"og:site_name\" content=\"Toidupakk.ee - Tactical Foodpack toidupakid\" \/>\n<meta property=\"article:publisher\" content=\"https:\/\/www.facebook.com\/Toidupakk\" \/>\n<meta property=\"article:modified_time\" content=\"2026-04-29T14:01:04+00:00\" \/>\n<meta property=\"og:image\" content=\"https:\/\/toidupakk.ee\/wp-content\/uploads\/2025\/04\/1.png\" \/>\n\t<meta property=\"og:image:width\" content=\"800\" \/>\n\t<meta property=\"og:image:height\" content=\"800\" \/>\n\t<meta property=\"og:image:type\" content=\"image\/png\" \/>\n<meta name=\"twitter:card\" content=\"summary_large_image\" \/>\n<meta name=\"twitter:label1\" content=\"Est. reading time\" \/>\n\t<meta name=\"twitter:data1\" content=\"2 minut\u0117s\" \/>\n<script type=\"application\/ld+json\" class=\"yoast-schema-graph\">{\"@context\":\"https:\\\/\\\/schema.org\",\"@graph\":[{\"@type\":\"WebPage\",\"@id\":\"https:\\\/\\\/toidupakk.ee\\\/lt\\\/toode\\\/vandeniui-atsparus-kelioninis-krepsys-commander-pro\\\/\",\"url\":\"https:\\\/\\\/toidupakk.ee\\\/lt\\\/toode\\\/vandeniui-atsparus-kelioninis-krepsys-commander-pro\\\/\",\"name\":\"Vandeniui atsparus kelioninis krep\u0161ys \u201eCommander PRO\u201c\",\"isPartOf\":{\"@id\":\"https:\\\/\\\/toidupakk.ee\\\/lt\\\/#website\"},\"primaryImageOfPage\":{\"@id\":\"https:\\\/\\\/toidupakk.ee\\\/lt\\\/toode\\\/vandeniui-atsparus-kelioninis-krepsys-commander-pro\\\/#primaryimage\"},\"image\":{\"@id\":\"https:\\\/\\\/toidupakk.ee\\\/lt\\\/toode\\\/vandeniui-atsparus-kelioninis-krepsys-commander-pro\\\/#primaryimage\"},\"thumbnailUrl\":\"https:\\\/\\\/toidupakk.ee\\\/wp-content\\\/uploads\\\/2025\\\/04\\\/1.png\",\"datePublished\":\"2025-04-11T05:16:54+00:00\",\"dateModified\":\"2026-04-29T14:01:04+00:00\",\"description\":\"\u201eTF-2215 Commander Pro\u201c yra 100 litr\u0173 talpos vandeniui atsparus kelioninis krep\u0161ys, pagamintas i\u0161 500D PVC med\u017eiagos, turintis tris ratukus ir pagrindin\u012f skyri\u0173 su dvigubu u\u017etrauktuku.\",\"breadcrumb\":{\"@id\":\"https:\\\/\\\/toidupakk.ee\\\/lt\\\/toode\\\/vandeniui-atsparus-kelioninis-krepsys-commander-pro\\\/#breadcrumb\"},\"inLanguage\":\"lt-LT\",\"potentialAction\":[{\"@type\":\"ReadAction\",\"target\":[\"https:\\\/\\\/toidupakk.ee\\\/lt\\\/toode\\\/vandeniui-atsparus-kelioninis-krepsys-commander-pro\\\/\"]}]},{\"@type\":\"ImageObject\",\"inLanguage\":\"lt-LT\",\"@id\":\"https:\\\/\\\/toidupakk.ee\\\/lt\\\/toode\\\/vandeniui-atsparus-kelioninis-krepsys-commander-pro\\\/#primaryimage\",\"url\":\"https:\\\/\\\/toidupakk.ee\\\/wp-content\\\/uploads\\\/2025\\\/04\\\/1.png\",\"contentUrl\":\"https:\\\/\\\/toidupakk.ee\\\/wp-content\\\/uploads\\\/2025\\\/04\\\/1.png\",\"width\":800,\"height\":800},{\"@type\":\"BreadcrumbList\",\"@id\":\"https:\\\/\\\/toidupakk.ee\\\/lt\\\/toode\\\/vandeniui-atsparus-kelioninis-krepsys-commander-pro\\\/#breadcrumb\",\"itemListElement\":[{\"@type\":\"ListItem\",\"position\":1,\"name\":\"Avaleht\",\"item\":\"https:\\\/\\\/toidupakk.ee\\\/lt\\\/\"},{\"@type\":\"ListItem\",\"position\":2,\"name\":\"El. parduotuv\u0117\",\"item\":\"https:\\\/\\\/toidupakk.ee\\\/lt\\\/el-parduotuve\\\/\"},{\"@type\":\"ListItem\",\"position\":3,\"name\":\"Vandeniui atsparus kelioninis krep\u0161ys \u201eCommander PRO\u201c\"}]},{\"@type\":\"WebSite\",\"@id\":\"https:\\\/\\\/toidupakk.ee\\\/lt\\\/#website\",\"url\":\"https:\\\/\\\/toidupakk.ee\\\/lt\\\/\",\"name\":\"Toidupakk.ee - Tactical Foodpack toidupakid\",\"description\":\"Tactical Foodpack k\u00fclmkuivatatud toidupakid ja matkaeined\",\"publisher\":{\"@id\":\"https:\\\/\\\/toidupakk.ee\\\/lt\\\/#organization\"},\"potentialAction\":[{\"@type\":\"SearchAction\",\"target\":{\"@type\":\"EntryPoint\",\"urlTemplate\":\"https:\\\/\\\/toidupakk.ee\\\/lt\\\/?s={search_term_string}\"},\"query-input\":{\"@type\":\"PropertyValueSpecification\",\"valueRequired\":true,\"valueName\":\"search_term_string\"}}],\"inLanguage\":\"lt-LT\"},{\"@type\":\"Organization\",\"@id\":\"https:\\\/\\\/toidupakk.ee\\\/lt\\\/#organization\",\"name\":\"Tactical Foodpack matkaeined\",\"url\":\"https:\\\/\\\/toidupakk.ee\\\/lt\\\/\",\"logo\":{\"@type\":\"ImageObject\",\"inLanguage\":\"lt-LT\",\"@id\":\"https:\\\/\\\/toidupakk.ee\\\/lt\\\/#\\\/schema\\\/logo\\\/image\\\/\",\"url\":\"https:\\\/\\\/toidupakk.ee\\\/wp-content\\\/uploads\\\/2022\\\/01\\\/Toidupakk-matkapood-logo-transparent.png\",\"contentUrl\":\"https:\\\/\\\/toidupakk.ee\\\/wp-content\\\/uploads\\\/2022\\\/01\\\/Toidupakk-matkapood-logo-transparent.png\",\"width\":500,\"height\":500,\"caption\":\"Tactical Foodpack matkaeined\"},\"image\":{\"@id\":\"https:\\\/\\\/toidupakk.ee\\\/lt\\\/#\\\/schema\\\/logo\\\/image\\\/\"},\"sameAs\":[\"https:\\\/\\\/www.facebook.com\\\/Toidupakk\",\"https:\\\/\\\/www.instagram.com\\\/toidupakk\\\/\"]}]}<\/script>\n<!-- \/ Yoast SEO plugin. -->","yoast_head_json":{"title":"Vandeniui atsparus kelioninis krep\u0161ys \u201eCommander PRO\u201c","description":"\u201eTF-2215 Commander Pro\u201c yra 100 litr\u0173 talpos vandeniui atsparus kelioninis krep\u0161ys, pagamintas i\u0161 500D PVC med\u017eiagos, turintis tris ratukus ir pagrindin\u012f skyri\u0173 su dvigubu u\u017etrauktuku.","robots":{"index":"index","follow":"follow","max-snippet":"max-snippet:-1","max-image-preview":"max-image-preview:large","max-video-preview":"max-video-preview:-1"},"canonical":"https:\/\/toidupakk.ee\/lt\/toode\/vandeniui-atsparus-kelioninis-krepsys-commander-pro\/","og_locale":"lt_LT","og_type":"article","og_title":"Vandeniui atsparus kelioninis krep\u0161ys \u201eCommander PRO\u201c","og_description":"\u201eTF-2215 Commander Pro\u201c yra 100 litr\u0173 talpos vandeniui atsparus kelioninis krep\u0161ys, pagamintas i\u0161 500D PVC med\u017eiagos, turintis tris ratukus ir pagrindin\u012f skyri\u0173 su dvigubu u\u017etrauktuku.","og_url":"https:\/\/toidupakk.ee\/lt\/toode\/vandeniui-atsparus-kelioninis-krepsys-commander-pro\/","og_site_name":"Toidupakk.ee - Tactical Foodpack toidupakid","article_publisher":"https:\/\/www.facebook.com\/Toidupakk","article_modified_time":"2026-04-29T14:01:04+00:00","og_image":[{"width":800,"height":800,"url":"https:\/\/toidupakk.ee\/wp-content\/uploads\/2025\/04\/1.png","type":"image\/png"}],"twitter_card":"summary_large_image","twitter_misc":{"Est. reading time":"2 minut\u0117s"},"schema":{"@context":"https:\/\/schema.org","@graph":[{"@type":"WebPage","@id":"https:\/\/toidupakk.ee\/lt\/toode\/vandeniui-atsparus-kelioninis-krepsys-commander-pro\/","url":"https:\/\/toidupakk.ee\/lt\/toode\/vandeniui-atsparus-kelioninis-krepsys-commander-pro\/","name":"Vandeniui atsparus kelioninis krep\u0161ys \u201eCommander PRO\u201c","isPartOf":{"@id":"https:\/\/toidupakk.ee\/lt\/#website"},"primaryImageOfPage":{"@id":"https:\/\/toidupakk.ee\/lt\/toode\/vandeniui-atsparus-kelioninis-krepsys-commander-pro\/#primaryimage"},"image":{"@id":"https:\/\/toidupakk.ee\/lt\/toode\/vandeniui-atsparus-kelioninis-krepsys-commander-pro\/#primaryimage"},"thumbnailUrl":"https:\/\/toidupakk.ee\/wp-content\/uploads\/2025\/04\/1.png","datePublished":"2025-04-11T05:16:54+00:00","dateModified":"2026-04-29T14:01:04+00:00","description":"\u201eTF-2215 Commander Pro\u201c yra 100 litr\u0173 talpos vandeniui atsparus kelioninis krep\u0161ys, pagamintas i\u0161 500D PVC med\u017eiagos, turintis tris ratukus ir pagrindin\u012f skyri\u0173 su dvigubu u\u017etrauktuku.","breadcrumb":{"@id":"https:\/\/toidupakk.ee\/lt\/toode\/vandeniui-atsparus-kelioninis-krepsys-commander-pro\/#breadcrumb"},"inLanguage":"lt-LT","potentialAction":[{"@type":"ReadAction","target":["https:\/\/toidupakk.ee\/lt\/toode\/vandeniui-atsparus-kelioninis-krepsys-commander-pro\/"]}]},{"@type":"ImageObject","inLanguage":"lt-LT","@id":"https:\/\/toidupakk.ee\/lt\/toode\/vandeniui-atsparus-kelioninis-krepsys-commander-pro\/#primaryimage","url":"https:\/\/toidupakk.ee\/wp-content\/uploads\/2025\/04\/1.png","contentUrl":"https:\/\/toidupakk.ee\/wp-content\/uploads\/2025\/04\/1.png","width":800,"height":800},{"@type":"BreadcrumbList","@id":"https:\/\/toidupakk.ee\/lt\/toode\/vandeniui-atsparus-kelioninis-krepsys-commander-pro\/#breadcrumb","itemListElement":[{"@type":"ListItem","position":1,"name":"Avaleht","item":"https:\/\/toidupakk.ee\/lt\/"},{"@type":"ListItem","position":2,"name":"El. parduotuv\u0117","item":"https:\/\/toidupakk.ee\/lt\/el-parduotuve\/"},{"@type":"ListItem","position":3,"name":"Vandeniui atsparus kelioninis krep\u0161ys \u201eCommander PRO\u201c"}]},{"@type":"WebSite","@id":"https:\/\/toidupakk.ee\/lt\/#website","url":"https:\/\/toidupakk.ee\/lt\/","name":"Toidupakk.ee - Tactical Foodpack toidupakid","description":"Tactical Foodpack k\u00fclmkuivatatud toidupakid ja matkaeined","publisher":{"@id":"https:\/\/toidupakk.ee\/lt\/#organization"},"potentialAction":[{"@type":"SearchAction","target":{"@type":"EntryPoint","urlTemplate":"https:\/\/toidupakk.ee\/lt\/?s={search_term_string}"},"query-input":{"@type":"PropertyValueSpecification","valueRequired":true,"valueName":"search_term_string"}}],"inLanguage":"lt-LT"},{"@type":"Organization","@id":"https:\/\/toidupakk.ee\/lt\/#organization","name":"Tactical Foodpack matkaeined","url":"https:\/\/toidupakk.ee\/lt\/","logo":{"@type":"ImageObject","inLanguage":"lt-LT","@id":"https:\/\/toidupakk.ee\/lt\/#\/schema\/logo\/image\/","url":"https:\/\/toidupakk.ee\/wp-content\/uploads\/2022\/01\/Toidupakk-matkapood-logo-transparent.png","contentUrl":"https:\/\/toidupakk.ee\/wp-content\/uploads\/2022\/01\/Toidupakk-matkapood-logo-transparent.png","width":500,"height":500,"caption":"Tactical Foodpack matkaeined"},"image":{"@id":"https:\/\/toidupakk.ee\/lt\/#\/schema\/logo\/image\/"},"sameAs":["https:\/\/www.facebook.com\/Toidupakk","https:\/\/www.instagram.com\/toidupakk\/"]}]}},"jetpack_sharing_enabled":true,"_links":{"self":[{"href":"https:\/\/toidupakk.ee\/lt\/wp-json\/wp\/v2\/product\/48439","targetHints":{"allow":["GET"]}}],"collection":[{"href":"https:\/\/toidupakk.ee\/lt\/wp-json\/wp\/v2\/product"}],"about":[{"href":"https:\/\/toidupakk.ee\/lt\/wp-json\/wp\/v2\/types\/product"}],"replies":[{"embeddable":true,"href":"https:\/\/toidupakk.ee\/lt\/wp-json\/wp\/v2\/comments?post=48439"}],"wp:featuredmedia":[{"embeddable":true,"href":"https:\/\/toidupakk.ee\/lt\/wp-json\/wp\/v2\/media\/33715"}],"wp:attachment":[{"href":"https:\/\/toidupakk.ee\/lt\/wp-json\/wp\/v2\/media?parent=48439"}],"wp:term":[{"taxonomy":"product_brand","embeddable":true,"href":"https:\/\/toidupakk.ee\/lt\/wp-json\/wp\/v2\/product_brand?post=48439"},{"taxonomy":"product_cat","embeddable":true,"href":"https:\/\/toidupakk.ee\/lt\/wp-json\/wp\/v2\/product_cat?post=48439"},{"taxonomy":"product_tag","embeddable":true,"href":"https:\/\/toidupakk.ee\/lt\/wp-json\/wp\/v2\/product_tag?post=48439"}],"curies":[{"name":"wp","href":"https:\/\/api.w.org\/{rel}","templated":true}]}}