{"id":48409,"date":"2024-08-08T12:43:04","date_gmt":"2024-08-08T09:43:04","guid":{"rendered":"https:\/\/toidupakk.ee\/toode\/virve-3-mm\/"},"modified":"2026-04-15T10:31:42","modified_gmt":"2026-04-15T07:31:42","slug":"virve-3-mm","status":"publish","type":"product","link":"https:\/\/toidupakk.ee\/lt\/toode\/virve-3-mm\/","title":{"rendered":"Virv\u0117 3 mm"},"content":{"rendered":"<h1><img fetchpriority=\"high\" decoding=\"async\" class=\"alignright wp-image-25790 size-thumbnail\" src=\"https:\/\/toidupakk.ee\/wp-content\/uploads\/2024\/08\/Noor-3mm-60m-nailon-1-500x500.png\" alt=\"3 mm nailonin\u0117 virv\u0117\" width=\"500\" height=\"500\" srcset=\"https:\/\/toidupakk.ee\/wp-content\/uploads\/2024\/08\/Noor-3mm-60m-nailon-1-500x500.png 500w, https:\/\/toidupakk.ee\/wp-content\/uploads\/2024\/08\/Noor-3mm-60m-nailon-1-400x400.png 400w, https:\/\/toidupakk.ee\/wp-content\/uploads\/2024\/08\/Noor-3mm-60m-nailon-1-100x100.png 100w, https:\/\/toidupakk.ee\/wp-content\/uploads\/2024\/08\/Noor-3mm-60m-nailon-1-300x300.png 300w, https:\/\/toidupakk.ee\/wp-content\/uploads\/2024\/08\/Noor-3mm-60m-nailon-1-768x768.png 768w, https:\/\/toidupakk.ee\/wp-content\/uploads\/2024\/08\/Noor-3mm-60m-nailon-1.png 800w\" sizes=\"(max-width: 500px) 100vw, 500px\" \/><\/h1>\n<h1><strong>Virv\u0117 3 mm \u2013 60 metr\u0173 patvarumo ir patikimumo<\/strong><\/h1>\n<h4><strong>Produkto apra\u0161ymas:<\/strong><\/h4>\n<p>\u201eFosco Industries\u201c patvari nailonin\u0117 virv\u0117, sukurta tiems, kuriems reikia patikimos virv\u0117s kasdieniam naudojimui. \u0160i <strong>100 % nailono<\/strong> virv\u0117 yra 3 mm storio, pasi\u017eymi puikiu tvirtumu bei universalumu ir idealiai tinka nam\u0173 darbams, rankdarbiams, \u017eygiams ar kitiems tikslams. <strong>60 metr\u0173<\/strong> ilgio virv\u0117 leid\u017eia atlikti \u012fvairias u\u017eduotis: ri\u0161ti, tvirtinti ar prilaikyti kitus daiktus. <\/p>\n<h4><strong>Panaudojimo galimyb\u0117s:<\/strong><\/h4>\n<p>\u0160i virv\u0117 yra puikus palydovas \u017eygiuose, sodo darbuose, rankdarbi\u0173 projektuose ir atliekant kitus nam\u0173 ruo\u0161os darbus. Nesvarbu, ar tau reikia tvirtos ri\u0161imo priemon\u0117s, ar tiesiog patikimo \u012frankio kasdienyb\u0117je \u2013 \u0161i virv\u0117 tav\u0119s nenuvils! \u0160i\u0105 virv\u0119 gali naudoti \u012fvairioms u\u017eduotims atlikti, o d\u0117l jos universalumo ir kokyb\u0117s tai tikrai vertinga investicija. Tai puikus pasirinkimas tiek nam\u0173 vartotojams, tiek profesionalams.<\/p>\n<p><img decoding=\"async\" class=\"alignnone wp-image-25792 size-thumbnail\" src=\"https:\/\/toidupakk.ee\/wp-content\/uploads\/2024\/08\/Noor-3mm-60m-nailon-3-500x500.jpg\" alt=\"\" width=\"500\" height=\"500\" srcset=\"https:\/\/toidupakk.ee\/wp-content\/uploads\/2024\/08\/Noor-3mm-60m-nailon-3-500x500.jpg 500w, https:\/\/toidupakk.ee\/wp-content\/uploads\/2024\/08\/Noor-3mm-60m-nailon-3-400x400.jpg 400w, https:\/\/toidupakk.ee\/wp-content\/uploads\/2024\/08\/Noor-3mm-60m-nailon-3-100x100.jpg 100w, https:\/\/toidupakk.ee\/wp-content\/uploads\/2024\/08\/Noor-3mm-60m-nailon-3-300x300.jpg 300w, https:\/\/toidupakk.ee\/wp-content\/uploads\/2024\/08\/Noor-3mm-60m-nailon-3-768x768.jpg 768w, https:\/\/toidupakk.ee\/wp-content\/uploads\/2024\/08\/Noor-3mm-60m-nailon-3.jpg 800w\" sizes=\"(max-width: 500px) 100vw, 500px\" \/><\/p>\n<hr>\n<p>Daugiau \u017eygio reikmen\u0173 rasi <a href=\"https:\/\/toidupakk.ee\/lt\/tootekategooria\/zygio-iranga\/#section-3-79\">\u010cIA<\/a><\/p>\n<p>Pasisemk \u012fkv\u0117pimo kitiems nuotykiams \u201eToidupakk\u201c <a href=\"https:\/\/www.instagram.com\/toidupakk\/\">Instagram<\/a> ir <a href=\"https:\/\/www.facebook.com\/Toidupakk\/\">Facebook<\/a> paskyrose.<\/p>\n","protected":false},"excerpt":{"rendered":"<ul>\n<li><strong>Storis:<\/strong> 3 mm<\/li>\n<li><strong>Ilgis:<\/strong> 60 metr\u0173<\/li>\n<li><strong>Med\u017eiaga:<\/strong> 100 % nailonas<\/li>\n<li><strong>Spalva:<\/strong> \u017ealia arba juoda<\/li>\n<li><strong>Prek\u0117s \u017eenklas:<\/strong> Fosco Industries<\/li>\n<li><strong>Svoris:<\/strong> 410 g<\/li>\n<li><strong>Stipri ir patvari:<\/strong> nailonas u\u017etikrina puik\u0173 virv\u0117s atsparum\u0105 ir ilgaam\u017ei\u0161kum\u0105.<\/li>\n<li>Idealiai tinka naudoti tiek viduje, tiek lauke, tinka ri\u0161imui, tvirtinimui ir daugeliui kit\u0173 darb\u0173.<\/li>\n<li>Kompakti\u0161ka pakuot\u0117: 60 metr\u0173 virv\u0117s vienoje rit\u0117je u\u017etikrina patog\u0173 laikym\u0105 ir naudojim\u0105.<\/li>\n<\/ul>\n<p>\u2705 Turime sand\u0117lyje, greitas pristatymas per 1\u20133 darbo dienas<\/p>\n","protected":false},"featured_media":25790,"comment_status":"open","ping_status":"closed","template":"","meta":{"_acf_changed":false},"product_brand":[],"product_cat":[282,189,190],"product_tag":[194],"class_list":{"0":"post-48409","1":"product","2":"type-product","3":"status-publish","4":"has-post-thumbnail","6":"product_cat-virves","7":"product_cat-zygio-iranga","8":"product_cat-zygio-prekes","9":"product_tag-no_ads","11":"first","12":"instock","13":"sale","14":"taxable","15":"shipping-taxable","16":"purchasable","17":"product-type-variable","18":"has-default-attributes"},"bundled_by":[],"bundle_stock_status":"instock","bundle_stock_quantity":5,"bundle_virtual":false,"bundle_layout":"","bundle_add_to_cart_form_location":"","bundle_editable_in_cart":false,"bundle_sold_individually_context":"","bundle_item_grouping":"","bundle_min_size":"","bundle_max_size":"","bundle_price":[],"bundled_items":[],"bundle_sell_ids":[],"acf":[],"yoast_head":"<!-- This site is optimized with the Yoast SEO plugin v27.3 - https:\/\/yoast.com\/product\/yoast-seo-wordpress\/ -->\n<title>Virv\u0117 3 mm<\/title>\n<meta name=\"description\" content=\"3 mm storio ir 60 m ilgio virv\u0117s rit\u0117. Nailonas yra atsparus, gerai atlaiko \u012fvairias oro s\u0105lygas ir ilgai tarnauja. Skirta ri\u0161imui, tvirtinimui...\" \/>\n<meta name=\"robots\" content=\"index, follow, max-snippet:-1, max-image-preview:large, max-video-preview:-1\" \/>\n<link rel=\"canonical\" href=\"https:\/\/toidupakk.ee\/lt\/toode\/virve-3-mm\/\" \/>\n<meta property=\"og:locale\" content=\"lt_LT\" \/>\n<meta property=\"og:type\" content=\"article\" \/>\n<meta property=\"og:title\" content=\"Virv\u0117 3 mm\" \/>\n<meta property=\"og:description\" content=\"3 mm storio ir 60 m ilgio virv\u0117s rit\u0117. Nailonas yra atsparus, gerai atlaiko \u012fvairias oro s\u0105lygas ir ilgai tarnauja. Skirta ri\u0161imui, tvirtinimui...\" \/>\n<meta property=\"og:url\" content=\"https:\/\/toidupakk.ee\/lt\/toode\/virve-3-mm\/\" \/>\n<meta property=\"og:site_name\" content=\"Toidupakk.ee - Tactical Foodpack toidupakid\" \/>\n<meta property=\"article:publisher\" content=\"https:\/\/www.facebook.com\/Toidupakk\" \/>\n<meta property=\"article:modified_time\" content=\"2026-04-15T07:31:42+00:00\" \/>\n<meta property=\"og:image\" content=\"https:\/\/toidupakk.ee\/wp-content\/uploads\/2024\/08\/Noor-3mm-60m-nailon-1.png\" \/>\n\t<meta property=\"og:image:width\" content=\"800\" \/>\n\t<meta property=\"og:image:height\" content=\"800\" \/>\n\t<meta property=\"og:image:type\" content=\"image\/png\" \/>\n<meta name=\"twitter:card\" content=\"summary_large_image\" \/>\n<meta name=\"twitter:label1\" content=\"Est. reading time\" \/>\n\t<meta name=\"twitter:data1\" content=\"1 minut\u0117\" \/>\n<script type=\"application\/ld+json\" class=\"yoast-schema-graph\">{\"@context\":\"https:\\\/\\\/schema.org\",\"@graph\":[{\"@type\":\"WebPage\",\"@id\":\"https:\\\/\\\/toidupakk.ee\\\/lt\\\/toode\\\/virve-3-mm\\\/\",\"url\":\"https:\\\/\\\/toidupakk.ee\\\/lt\\\/toode\\\/virve-3-mm\\\/\",\"name\":\"Virv\u0117 3 mm\",\"isPartOf\":{\"@id\":\"https:\\\/\\\/toidupakk.ee\\\/lt\\\/#website\"},\"primaryImageOfPage\":{\"@id\":\"https:\\\/\\\/toidupakk.ee\\\/lt\\\/toode\\\/virve-3-mm\\\/#primaryimage\"},\"image\":{\"@id\":\"https:\\\/\\\/toidupakk.ee\\\/lt\\\/toode\\\/virve-3-mm\\\/#primaryimage\"},\"thumbnailUrl\":\"https:\\\/\\\/toidupakk.ee\\\/wp-content\\\/uploads\\\/2024\\\/08\\\/Noor-3mm-60m-nailon-1.png\",\"datePublished\":\"2024-08-08T09:43:04+00:00\",\"dateModified\":\"2026-04-15T07:31:42+00:00\",\"description\":\"3 mm storio ir 60 m ilgio virv\u0117s rit\u0117. Nailonas yra atsparus, gerai atlaiko \u012fvairias oro s\u0105lygas ir ilgai tarnauja. Skirta ri\u0161imui, tvirtinimui...\",\"breadcrumb\":{\"@id\":\"https:\\\/\\\/toidupakk.ee\\\/lt\\\/toode\\\/virve-3-mm\\\/#breadcrumb\"},\"inLanguage\":\"lt-LT\",\"potentialAction\":[{\"@type\":\"ReadAction\",\"target\":[\"https:\\\/\\\/toidupakk.ee\\\/lt\\\/toode\\\/virve-3-mm\\\/\"]}]},{\"@type\":\"ImageObject\",\"inLanguage\":\"lt-LT\",\"@id\":\"https:\\\/\\\/toidupakk.ee\\\/lt\\\/toode\\\/virve-3-mm\\\/#primaryimage\",\"url\":\"https:\\\/\\\/toidupakk.ee\\\/wp-content\\\/uploads\\\/2024\\\/08\\\/Noor-3mm-60m-nailon-1.png\",\"contentUrl\":\"https:\\\/\\\/toidupakk.ee\\\/wp-content\\\/uploads\\\/2024\\\/08\\\/Noor-3mm-60m-nailon-1.png\",\"width\":800,\"height\":800,\"caption\":\"n\u00f6\u00f6r 3 mm nailonist\"},{\"@type\":\"BreadcrumbList\",\"@id\":\"https:\\\/\\\/toidupakk.ee\\\/lt\\\/toode\\\/virve-3-mm\\\/#breadcrumb\",\"itemListElement\":[{\"@type\":\"ListItem\",\"position\":1,\"name\":\"Avaleht\",\"item\":\"https:\\\/\\\/toidupakk.ee\\\/lt\\\/\"},{\"@type\":\"ListItem\",\"position\":2,\"name\":\"El. parduotuv\u0117\",\"item\":\"https:\\\/\\\/toidupakk.ee\\\/lt\\\/el-parduotuve\\\/\"},{\"@type\":\"ListItem\",\"position\":3,\"name\":\"Virv\u0117 3 mm\"}]},{\"@type\":\"WebSite\",\"@id\":\"https:\\\/\\\/toidupakk.ee\\\/lt\\\/#website\",\"url\":\"https:\\\/\\\/toidupakk.ee\\\/lt\\\/\",\"name\":\"Toidupakk.ee - Tactical Foodpack toidupakid\",\"description\":\"Tactical Foodpack k\u00fclmkuivatatud toidupakid ja matkaeined\",\"publisher\":{\"@id\":\"https:\\\/\\\/toidupakk.ee\\\/lt\\\/#organization\"},\"potentialAction\":[{\"@type\":\"SearchAction\",\"target\":{\"@type\":\"EntryPoint\",\"urlTemplate\":\"https:\\\/\\\/toidupakk.ee\\\/lt\\\/?s={search_term_string}\"},\"query-input\":{\"@type\":\"PropertyValueSpecification\",\"valueRequired\":true,\"valueName\":\"search_term_string\"}}],\"inLanguage\":\"lt-LT\"},{\"@type\":\"Organization\",\"@id\":\"https:\\\/\\\/toidupakk.ee\\\/lt\\\/#organization\",\"name\":\"Tactical Foodpack matkaeined\",\"url\":\"https:\\\/\\\/toidupakk.ee\\\/lt\\\/\",\"logo\":{\"@type\":\"ImageObject\",\"inLanguage\":\"lt-LT\",\"@id\":\"https:\\\/\\\/toidupakk.ee\\\/lt\\\/#\\\/schema\\\/logo\\\/image\\\/\",\"url\":\"https:\\\/\\\/toidupakk.ee\\\/wp-content\\\/uploads\\\/2022\\\/01\\\/Toidupakk-matkapood-logo-transparent.png\",\"contentUrl\":\"https:\\\/\\\/toidupakk.ee\\\/wp-content\\\/uploads\\\/2022\\\/01\\\/Toidupakk-matkapood-logo-transparent.png\",\"width\":500,\"height\":500,\"caption\":\"Tactical Foodpack matkaeined\"},\"image\":{\"@id\":\"https:\\\/\\\/toidupakk.ee\\\/lt\\\/#\\\/schema\\\/logo\\\/image\\\/\"},\"sameAs\":[\"https:\\\/\\\/www.facebook.com\\\/Toidupakk\",\"https:\\\/\\\/www.instagram.com\\\/toidupakk\\\/\"]}]}<\/script>\n<!-- \/ Yoast SEO plugin. -->","yoast_head_json":{"title":"Virv\u0117 3 mm","description":"3 mm storio ir 60 m ilgio virv\u0117s rit\u0117. Nailonas yra atsparus, gerai atlaiko \u012fvairias oro s\u0105lygas ir ilgai tarnauja. Skirta ri\u0161imui, tvirtinimui...","robots":{"index":"index","follow":"follow","max-snippet":"max-snippet:-1","max-image-preview":"max-image-preview:large","max-video-preview":"max-video-preview:-1"},"canonical":"https:\/\/toidupakk.ee\/lt\/toode\/virve-3-mm\/","og_locale":"lt_LT","og_type":"article","og_title":"Virv\u0117 3 mm","og_description":"3 mm storio ir 60 m ilgio virv\u0117s rit\u0117. Nailonas yra atsparus, gerai atlaiko \u012fvairias oro s\u0105lygas ir ilgai tarnauja. Skirta ri\u0161imui, tvirtinimui...","og_url":"https:\/\/toidupakk.ee\/lt\/toode\/virve-3-mm\/","og_site_name":"Toidupakk.ee - Tactical Foodpack toidupakid","article_publisher":"https:\/\/www.facebook.com\/Toidupakk","article_modified_time":"2026-04-15T07:31:42+00:00","og_image":[{"width":800,"height":800,"url":"https:\/\/toidupakk.ee\/wp-content\/uploads\/2024\/08\/Noor-3mm-60m-nailon-1.png","type":"image\/png"}],"twitter_card":"summary_large_image","twitter_misc":{"Est. reading time":"1 minut\u0117"},"schema":{"@context":"https:\/\/schema.org","@graph":[{"@type":"WebPage","@id":"https:\/\/toidupakk.ee\/lt\/toode\/virve-3-mm\/","url":"https:\/\/toidupakk.ee\/lt\/toode\/virve-3-mm\/","name":"Virv\u0117 3 mm","isPartOf":{"@id":"https:\/\/toidupakk.ee\/lt\/#website"},"primaryImageOfPage":{"@id":"https:\/\/toidupakk.ee\/lt\/toode\/virve-3-mm\/#primaryimage"},"image":{"@id":"https:\/\/toidupakk.ee\/lt\/toode\/virve-3-mm\/#primaryimage"},"thumbnailUrl":"https:\/\/toidupakk.ee\/wp-content\/uploads\/2024\/08\/Noor-3mm-60m-nailon-1.png","datePublished":"2024-08-08T09:43:04+00:00","dateModified":"2026-04-15T07:31:42+00:00","description":"3 mm storio ir 60 m ilgio virv\u0117s rit\u0117. Nailonas yra atsparus, gerai atlaiko \u012fvairias oro s\u0105lygas ir ilgai tarnauja. Skirta ri\u0161imui, tvirtinimui...","breadcrumb":{"@id":"https:\/\/toidupakk.ee\/lt\/toode\/virve-3-mm\/#breadcrumb"},"inLanguage":"lt-LT","potentialAction":[{"@type":"ReadAction","target":["https:\/\/toidupakk.ee\/lt\/toode\/virve-3-mm\/"]}]},{"@type":"ImageObject","inLanguage":"lt-LT","@id":"https:\/\/toidupakk.ee\/lt\/toode\/virve-3-mm\/#primaryimage","url":"https:\/\/toidupakk.ee\/wp-content\/uploads\/2024\/08\/Noor-3mm-60m-nailon-1.png","contentUrl":"https:\/\/toidupakk.ee\/wp-content\/uploads\/2024\/08\/Noor-3mm-60m-nailon-1.png","width":800,"height":800,"caption":"n\u00f6\u00f6r 3 mm nailonist"},{"@type":"BreadcrumbList","@id":"https:\/\/toidupakk.ee\/lt\/toode\/virve-3-mm\/#breadcrumb","itemListElement":[{"@type":"ListItem","position":1,"name":"Avaleht","item":"https:\/\/toidupakk.ee\/lt\/"},{"@type":"ListItem","position":2,"name":"El. parduotuv\u0117","item":"https:\/\/toidupakk.ee\/lt\/el-parduotuve\/"},{"@type":"ListItem","position":3,"name":"Virv\u0117 3 mm"}]},{"@type":"WebSite","@id":"https:\/\/toidupakk.ee\/lt\/#website","url":"https:\/\/toidupakk.ee\/lt\/","name":"Toidupakk.ee - Tactical Foodpack toidupakid","description":"Tactical Foodpack k\u00fclmkuivatatud toidupakid ja matkaeined","publisher":{"@id":"https:\/\/toidupakk.ee\/lt\/#organization"},"potentialAction":[{"@type":"SearchAction","target":{"@type":"EntryPoint","urlTemplate":"https:\/\/toidupakk.ee\/lt\/?s={search_term_string}"},"query-input":{"@type":"PropertyValueSpecification","valueRequired":true,"valueName":"search_term_string"}}],"inLanguage":"lt-LT"},{"@type":"Organization","@id":"https:\/\/toidupakk.ee\/lt\/#organization","name":"Tactical Foodpack matkaeined","url":"https:\/\/toidupakk.ee\/lt\/","logo":{"@type":"ImageObject","inLanguage":"lt-LT","@id":"https:\/\/toidupakk.ee\/lt\/#\/schema\/logo\/image\/","url":"https:\/\/toidupakk.ee\/wp-content\/uploads\/2022\/01\/Toidupakk-matkapood-logo-transparent.png","contentUrl":"https:\/\/toidupakk.ee\/wp-content\/uploads\/2022\/01\/Toidupakk-matkapood-logo-transparent.png","width":500,"height":500,"caption":"Tactical Foodpack matkaeined"},"image":{"@id":"https:\/\/toidupakk.ee\/lt\/#\/schema\/logo\/image\/"},"sameAs":["https:\/\/www.facebook.com\/Toidupakk","https:\/\/www.instagram.com\/toidupakk\/"]}]}},"jetpack_sharing_enabled":true,"_links":{"self":[{"href":"https:\/\/toidupakk.ee\/lt\/wp-json\/wp\/v2\/product\/48409","targetHints":{"allow":["GET"]}}],"collection":[{"href":"https:\/\/toidupakk.ee\/lt\/wp-json\/wp\/v2\/product"}],"about":[{"href":"https:\/\/toidupakk.ee\/lt\/wp-json\/wp\/v2\/types\/product"}],"replies":[{"embeddable":true,"href":"https:\/\/toidupakk.ee\/lt\/wp-json\/wp\/v2\/comments?post=48409"}],"wp:featuredmedia":[{"embeddable":true,"href":"https:\/\/toidupakk.ee\/lt\/wp-json\/wp\/v2\/media\/25790"}],"wp:attachment":[{"href":"https:\/\/toidupakk.ee\/lt\/wp-json\/wp\/v2\/media?parent=48409"}],"wp:term":[{"taxonomy":"product_brand","embeddable":true,"href":"https:\/\/toidupakk.ee\/lt\/wp-json\/wp\/v2\/product_brand?post=48409"},{"taxonomy":"product_cat","embeddable":true,"href":"https:\/\/toidupakk.ee\/lt\/wp-json\/wp\/v2\/product_cat?post=48409"},{"taxonomy":"product_tag","embeddable":true,"href":"https:\/\/toidupakk.ee\/lt\/wp-json\/wp\/v2\/product_tag?post=48409"}],"curies":[{"name":"wp","href":"https:\/\/api.w.org\/{rel}","templated":true}]}}