{"id":48392,"date":"2024-05-27T15:18:58","date_gmt":"2024-05-27T12:18:58","guid":{"rendered":"https:\/\/toidupakk.ee\/toode\/sulankstoma-gertuve-500-ml\/"},"modified":"2026-04-15T16:30:03","modified_gmt":"2026-04-15T13:30:03","slug":"sulankstoma-gertuve-500-ml","status":"publish","type":"product","link":"https:\/\/toidupakk.ee\/lt\/toode\/sulankstoma-gertuve-500-ml\/","title":{"rendered":"Sulankstoma gertuv\u0117 500 ml"},"content":{"rendered":"<h1>Prakti\u0161ka ir aplinkai draugi\u0161ka gertuv\u0117 \u2013 idealus tavo aktyvaus gyvenimo b\u016bdo palydovas<\/h1>\n<h2>Sulankstoma gertuv\u0117 500 ml<\/h2>\n<p>Sulankstoma gertuv\u0117 yra puikus sprendimas \u017eygeiviams, \u017evejams, stovyklautojams, dviratininkams ir sportininkams, vertinantiems patogum\u0105, kompakti\u0161kum\u0105 ir draugi\u0161kum\u0105 aplinkai. \u0160i prakti\u0161ka gertuv\u0117 talpina 500 ml vandens ir yra pagaminta i\u0161 saugaus TPU, u\u017etikrinan\u010dio jos patvarum\u0105 bei saugum\u0105. <\/p>\n<h2><strong>Kompakti\u0161ka ir lengva<\/strong>:<\/h2>\n<ul>\n<li>Gertuv\u0119 galima sulankstyti, taip sutaupant vertingos vietos tavo krep\u0161yje ar kuprin\u0117je.<\/li>\n<li>Sveria vos 45 gramus, tod\u0117l j\u0105 ne\u0161iotis itin patogu ir paprasta.<\/li>\n<\/ul>\n<p><img fetchpriority=\"high\" decoding=\"async\" class=\"size-thumbnail wp-image-23226 alignright\" src=\"https:\/\/toidupakk.ee\/wp-content\/uploads\/2024\/05\/Kokkuvolditav-veepudel-500ml-3-500x500.png\" alt=\"mink\u0161ta gertuv\u0117\" width=\"500\" height=\"500\" srcset=\"https:\/\/toidupakk.ee\/wp-content\/uploads\/2024\/05\/Kokkuvolditav-veepudel-500ml-3-500x500.png 500w, https:\/\/toidupakk.ee\/wp-content\/uploads\/2024\/05\/Kokkuvolditav-veepudel-500ml-3-400x400.png 400w, https:\/\/toidupakk.ee\/wp-content\/uploads\/2024\/05\/Kokkuvolditav-veepudel-500ml-3-100x100.png 100w, https:\/\/toidupakk.ee\/wp-content\/uploads\/2024\/05\/Kokkuvolditav-veepudel-500ml-3-300x300.png 300w, https:\/\/toidupakk.ee\/wp-content\/uploads\/2024\/05\/Kokkuvolditav-veepudel-500ml-3-768x768.png 768w, https:\/\/toidupakk.ee\/wp-content\/uploads\/2024\/05\/Kokkuvolditav-veepudel-500ml-3.png 800w\" sizes=\"(max-width: 500px) 100vw, 500px\" \/><\/p>\n<h2><strong>Sulankstoma gertuv\u0117 pagaminta i\u0161 saugios ir aplinkai draugi\u0161kos med\u017eiagos:<\/strong><\/h2>\n<ul>\n<li>Pagaminta i\u0161 saugaus TPU (termoplastinio poliuretano), kurio sud\u0117tyje n\u0117ra BPA ar PVC.<\/li>\n<li>TPU yra ekologi\u0161kas pasirinkimas, nes jis yra perdirbamas ir ma\u017eiau kenksmingas aplinkai nei tradicinis plastikas.<\/li>\n<\/ul>\n<h2><strong>Idealios naudojimo sritys<\/strong>:<\/h2>\n<ul>\n<li><strong>\u017dygiai ir stovyklavimas<\/strong>: gertuv\u0117je telpa pakankamai vandens, kad atsigaivintum po sunkios dienos \u017eygyje ar stovyklaviet\u0117je.<\/li>\n<li><strong>Va\u017eiavimas dvira\u010diu ir sportas<\/strong>: d\u0117l ma\u017eo svorio ir kompakti\u0161ko dizaino tai idealus pasirinkimas va\u017ein\u0117jant dvira\u010diu ar treniruojantis.<\/li>\n<li><strong>Kelion\u0117s ir kasdienis naudojimas<\/strong>: puikiai tinka kelion\u0117ms ir kasdienai, kai nori visada su savimi tur\u0117ti gertuv\u0119.<\/li>\n<\/ul>\n<p><img decoding=\"async\" class=\"alignnone size-thumbnail wp-image-23224\" src=\"https:\/\/toidupakk.ee\/wp-content\/uploads\/2024\/05\/Kokkuvolditav-veepudel-500ml-1-500x500.png\" alt=\"sulankstoma gertuv\u0117\" width=\"500\" height=\"500\" srcset=\"https:\/\/toidupakk.ee\/wp-content\/uploads\/2024\/05\/Kokkuvolditav-veepudel-500ml-1-500x500.png 500w, https:\/\/toidupakk.ee\/wp-content\/uploads\/2024\/05\/Kokkuvolditav-veepudel-500ml-1-400x400.png 400w, https:\/\/toidupakk.ee\/wp-content\/uploads\/2024\/05\/Kokkuvolditav-veepudel-500ml-1-100x100.png 100w, https:\/\/toidupakk.ee\/wp-content\/uploads\/2024\/05\/Kokkuvolditav-veepudel-500ml-1-300x300.png 300w, https:\/\/toidupakk.ee\/wp-content\/uploads\/2024\/05\/Kokkuvolditav-veepudel-500ml-1-768x768.png 768w, https:\/\/toidupakk.ee\/wp-content\/uploads\/2024\/05\/Kokkuvolditav-veepudel-500ml-1.png 800w\" sizes=\"(max-width: 500px) 100vw, 500px\" \/><\/p>\n<p>Sulankstoma gertuv\u0117 yra geriausias pasirinkimas ie\u0161kantiems patogaus ir ekologi\u0161ko sprendimo geriamajam vandeniui ne\u0161iotis. U\u017esisakyk dabar ir m\u0117gaukis \u0161ios universalios gertuv\u0117s privalumais! <\/p>\n<h2>Techniniai duomenys:<\/h2>\n<ul>\n<li><strong>Talpa<\/strong>: 500 ml<\/li>\n<li><strong>Svoris<\/strong>: 45 gramai<\/li>\n<li><strong>Med\u017eiaga<\/strong>: saugus TPU (termoplastinis poliuretanas)<\/li>\n<\/ul>\n<p>Daugiau \u017eygio reikmen\u0173 rasi <a href=\"https:\/\/toidupakk.ee\/lt\/tootekategooria\/zygio-iranga\/#section-3-79\">\u010cIA<\/a><\/p>\n<p>Pasisemk \u012fkv\u0117pimo kitiems nuotykiams \u201eToidupakk\u201c <a href=\"https:\/\/www.instagram.com\/toidupakk\/\">Instagram<\/a> ir <a href=\"https:\/\/www.facebook.com\/Toidupakk\/\">Facebook<\/a> paskyrose.<\/p>\n","protected":false},"excerpt":{"rendered":"<p><strong>Prakti\u0161ka ir aplinkai draugi\u0161ka sulankstoma gertuv\u0117<\/strong><\/p>\n<ul>\n<li>Gertuv\u0117, kuri\u0105 galima sulankstyti. Taip tau nereik\u0117s \u0161vaistyti brangios vietos krep\u0161yje tu\u0161\u010diai gertuvei. <\/li>\n<li>Talpa 500 ml<\/li>\n<li>Sveria vos 45 gramus<\/li>\n<li>Pagaminta i\u0161 saugaus TPU<\/li>\n<\/ul>\n<p>\u2705 Turime sand\u0117lyje, greitas pristatymas per 1\u20133 darbo dienas<\/p>\n","protected":false},"featured_media":23226,"comment_status":"open","ping_status":"closed","template":"","meta":{"_acf_changed":false},"product_brand":[],"product_cat":[203,189,190],"product_tag":[],"class_list":{"0":"post-48392","1":"product","2":"type-product","3":"status-publish","4":"has-post-thumbnail","6":"product_cat-termosai-ir-gertuves","7":"product_cat-zygio-iranga","8":"product_cat-zygio-prekes","10":"first","11":"instock","12":"taxable","13":"shipping-taxable","14":"purchasable","15":"product-type-simple"},"bundled_by":[],"bundle_stock_status":"instock","bundle_stock_quantity":2,"bundle_virtual":false,"bundle_layout":"","bundle_add_to_cart_form_location":"","bundle_editable_in_cart":false,"bundle_sold_individually_context":"","bundle_item_grouping":"","bundle_min_size":"","bundle_max_size":"","bundle_price":[],"bundled_items":[],"bundle_sell_ids":[],"acf":[],"yoast_head":"<!-- This site is optimized with the Yoast SEO plugin v27.3 - https:\/\/yoast.com\/product\/yoast-seo-wordpress\/ -->\n<title>Sulankstoma gertuv\u0117 500 ml<\/title>\n<meta name=\"description\" content=\"Aplinkai draugi\u0161ka sulankstoma gertuv\u0117. Talpina 500 ml ir yra pagaminta i\u0161 saugaus TPU (termoplastinio poliuretano).\" \/>\n<meta name=\"robots\" content=\"index, follow, max-snippet:-1, max-image-preview:large, max-video-preview:-1\" \/>\n<link rel=\"canonical\" href=\"https:\/\/toidupakk.ee\/lt\/toode\/sulankstoma-gertuve-500-ml\/\" \/>\n<meta property=\"og:locale\" content=\"lt_LT\" \/>\n<meta property=\"og:type\" content=\"article\" \/>\n<meta property=\"og:title\" content=\"Sulankstoma gertuv\u0117 500 ml\" \/>\n<meta property=\"og:description\" content=\"Aplinkai draugi\u0161ka sulankstoma gertuv\u0117. Talpina 500 ml ir yra pagaminta i\u0161 saugaus TPU (termoplastinio poliuretano).\" \/>\n<meta property=\"og:url\" content=\"https:\/\/toidupakk.ee\/lt\/toode\/sulankstoma-gertuve-500-ml\/\" \/>\n<meta property=\"og:site_name\" content=\"Toidupakk.ee - Tactical Foodpack toidupakid\" \/>\n<meta property=\"article:publisher\" content=\"https:\/\/www.facebook.com\/Toidupakk\" \/>\n<meta property=\"article:modified_time\" content=\"2026-04-15T13:30:03+00:00\" \/>\n<meta property=\"og:image\" content=\"https:\/\/toidupakk.ee\/wp-content\/uploads\/2024\/05\/Kokkuvolditav-veepudel-500ml-3.png\" \/>\n\t<meta property=\"og:image:width\" content=\"800\" \/>\n\t<meta property=\"og:image:height\" content=\"800\" \/>\n\t<meta property=\"og:image:type\" content=\"image\/png\" \/>\n<meta name=\"twitter:card\" content=\"summary_large_image\" \/>\n<meta name=\"twitter:label1\" content=\"Est. reading time\" \/>\n\t<meta name=\"twitter:data1\" content=\"1 minut\u0117\" \/>\n<script type=\"application\/ld+json\" class=\"yoast-schema-graph\">{\"@context\":\"https:\\\/\\\/schema.org\",\"@graph\":[{\"@type\":\"WebPage\",\"@id\":\"https:\\\/\\\/toidupakk.ee\\\/lt\\\/toode\\\/sulankstoma-gertuve-500-ml\\\/\",\"url\":\"https:\\\/\\\/toidupakk.ee\\\/lt\\\/toode\\\/sulankstoma-gertuve-500-ml\\\/\",\"name\":\"Sulankstoma gertuv\u0117 500 ml\",\"isPartOf\":{\"@id\":\"https:\\\/\\\/toidupakk.ee\\\/lt\\\/#website\"},\"primaryImageOfPage\":{\"@id\":\"https:\\\/\\\/toidupakk.ee\\\/lt\\\/toode\\\/sulankstoma-gertuve-500-ml\\\/#primaryimage\"},\"image\":{\"@id\":\"https:\\\/\\\/toidupakk.ee\\\/lt\\\/toode\\\/sulankstoma-gertuve-500-ml\\\/#primaryimage\"},\"thumbnailUrl\":\"https:\\\/\\\/toidupakk.ee\\\/wp-content\\\/uploads\\\/2024\\\/05\\\/Kokkuvolditav-veepudel-500ml-3.png\",\"datePublished\":\"2024-05-27T12:18:58+00:00\",\"dateModified\":\"2026-04-15T13:30:03+00:00\",\"description\":\"Aplinkai draugi\u0161ka sulankstoma gertuv\u0117. Talpina 500 ml ir yra pagaminta i\u0161 saugaus TPU (termoplastinio poliuretano).\",\"breadcrumb\":{\"@id\":\"https:\\\/\\\/toidupakk.ee\\\/lt\\\/toode\\\/sulankstoma-gertuve-500-ml\\\/#breadcrumb\"},\"inLanguage\":\"lt-LT\",\"potentialAction\":[{\"@type\":\"ReadAction\",\"target\":[\"https:\\\/\\\/toidupakk.ee\\\/lt\\\/toode\\\/sulankstoma-gertuve-500-ml\\\/\"]}]},{\"@type\":\"ImageObject\",\"inLanguage\":\"lt-LT\",\"@id\":\"https:\\\/\\\/toidupakk.ee\\\/lt\\\/toode\\\/sulankstoma-gertuve-500-ml\\\/#primaryimage\",\"url\":\"https:\\\/\\\/toidupakk.ee\\\/wp-content\\\/uploads\\\/2024\\\/05\\\/Kokkuvolditav-veepudel-500ml-3.png\",\"contentUrl\":\"https:\\\/\\\/toidupakk.ee\\\/wp-content\\\/uploads\\\/2024\\\/05\\\/Kokkuvolditav-veepudel-500ml-3.png\",\"width\":800,\"height\":800,\"caption\":\"pehme veepudel\"},{\"@type\":\"BreadcrumbList\",\"@id\":\"https:\\\/\\\/toidupakk.ee\\\/lt\\\/toode\\\/sulankstoma-gertuve-500-ml\\\/#breadcrumb\",\"itemListElement\":[{\"@type\":\"ListItem\",\"position\":1,\"name\":\"Avaleht\",\"item\":\"https:\\\/\\\/toidupakk.ee\\\/lt\\\/\"},{\"@type\":\"ListItem\",\"position\":2,\"name\":\"El. parduotuv\u0117\",\"item\":\"https:\\\/\\\/toidupakk.ee\\\/lt\\\/el-parduotuve\\\/\"},{\"@type\":\"ListItem\",\"position\":3,\"name\":\"Sulankstoma gertuv\u0117 500 ml\"}]},{\"@type\":\"WebSite\",\"@id\":\"https:\\\/\\\/toidupakk.ee\\\/lt\\\/#website\",\"url\":\"https:\\\/\\\/toidupakk.ee\\\/lt\\\/\",\"name\":\"Toidupakk.ee - Tactical Foodpack toidupakid\",\"description\":\"Tactical Foodpack k\u00fclmkuivatatud toidupakid ja matkaeined\",\"publisher\":{\"@id\":\"https:\\\/\\\/toidupakk.ee\\\/lt\\\/#organization\"},\"potentialAction\":[{\"@type\":\"SearchAction\",\"target\":{\"@type\":\"EntryPoint\",\"urlTemplate\":\"https:\\\/\\\/toidupakk.ee\\\/lt\\\/?s={search_term_string}\"},\"query-input\":{\"@type\":\"PropertyValueSpecification\",\"valueRequired\":true,\"valueName\":\"search_term_string\"}}],\"inLanguage\":\"lt-LT\"},{\"@type\":\"Organization\",\"@id\":\"https:\\\/\\\/toidupakk.ee\\\/lt\\\/#organization\",\"name\":\"Tactical Foodpack matkaeined\",\"url\":\"https:\\\/\\\/toidupakk.ee\\\/lt\\\/\",\"logo\":{\"@type\":\"ImageObject\",\"inLanguage\":\"lt-LT\",\"@id\":\"https:\\\/\\\/toidupakk.ee\\\/lt\\\/#\\\/schema\\\/logo\\\/image\\\/\",\"url\":\"https:\\\/\\\/toidupakk.ee\\\/wp-content\\\/uploads\\\/2022\\\/01\\\/Toidupakk-matkapood-logo-transparent.png\",\"contentUrl\":\"https:\\\/\\\/toidupakk.ee\\\/wp-content\\\/uploads\\\/2022\\\/01\\\/Toidupakk-matkapood-logo-transparent.png\",\"width\":500,\"height\":500,\"caption\":\"Tactical Foodpack matkaeined\"},\"image\":{\"@id\":\"https:\\\/\\\/toidupakk.ee\\\/lt\\\/#\\\/schema\\\/logo\\\/image\\\/\"},\"sameAs\":[\"https:\\\/\\\/www.facebook.com\\\/Toidupakk\",\"https:\\\/\\\/www.instagram.com\\\/toidupakk\\\/\"]}]}<\/script>\n<!-- \/ Yoast SEO plugin. -->","yoast_head_json":{"title":"Sulankstoma gertuv\u0117 500 ml","description":"Aplinkai draugi\u0161ka sulankstoma gertuv\u0117. Talpina 500 ml ir yra pagaminta i\u0161 saugaus TPU (termoplastinio poliuretano).","robots":{"index":"index","follow":"follow","max-snippet":"max-snippet:-1","max-image-preview":"max-image-preview:large","max-video-preview":"max-video-preview:-1"},"canonical":"https:\/\/toidupakk.ee\/lt\/toode\/sulankstoma-gertuve-500-ml\/","og_locale":"lt_LT","og_type":"article","og_title":"Sulankstoma gertuv\u0117 500 ml","og_description":"Aplinkai draugi\u0161ka sulankstoma gertuv\u0117. Talpina 500 ml ir yra pagaminta i\u0161 saugaus TPU (termoplastinio poliuretano).","og_url":"https:\/\/toidupakk.ee\/lt\/toode\/sulankstoma-gertuve-500-ml\/","og_site_name":"Toidupakk.ee - Tactical Foodpack toidupakid","article_publisher":"https:\/\/www.facebook.com\/Toidupakk","article_modified_time":"2026-04-15T13:30:03+00:00","og_image":[{"width":800,"height":800,"url":"https:\/\/toidupakk.ee\/wp-content\/uploads\/2024\/05\/Kokkuvolditav-veepudel-500ml-3.png","type":"image\/png"}],"twitter_card":"summary_large_image","twitter_misc":{"Est. reading time":"1 minut\u0117"},"schema":{"@context":"https:\/\/schema.org","@graph":[{"@type":"WebPage","@id":"https:\/\/toidupakk.ee\/lt\/toode\/sulankstoma-gertuve-500-ml\/","url":"https:\/\/toidupakk.ee\/lt\/toode\/sulankstoma-gertuve-500-ml\/","name":"Sulankstoma gertuv\u0117 500 ml","isPartOf":{"@id":"https:\/\/toidupakk.ee\/lt\/#website"},"primaryImageOfPage":{"@id":"https:\/\/toidupakk.ee\/lt\/toode\/sulankstoma-gertuve-500-ml\/#primaryimage"},"image":{"@id":"https:\/\/toidupakk.ee\/lt\/toode\/sulankstoma-gertuve-500-ml\/#primaryimage"},"thumbnailUrl":"https:\/\/toidupakk.ee\/wp-content\/uploads\/2024\/05\/Kokkuvolditav-veepudel-500ml-3.png","datePublished":"2024-05-27T12:18:58+00:00","dateModified":"2026-04-15T13:30:03+00:00","description":"Aplinkai draugi\u0161ka sulankstoma gertuv\u0117. Talpina 500 ml ir yra pagaminta i\u0161 saugaus TPU (termoplastinio poliuretano).","breadcrumb":{"@id":"https:\/\/toidupakk.ee\/lt\/toode\/sulankstoma-gertuve-500-ml\/#breadcrumb"},"inLanguage":"lt-LT","potentialAction":[{"@type":"ReadAction","target":["https:\/\/toidupakk.ee\/lt\/toode\/sulankstoma-gertuve-500-ml\/"]}]},{"@type":"ImageObject","inLanguage":"lt-LT","@id":"https:\/\/toidupakk.ee\/lt\/toode\/sulankstoma-gertuve-500-ml\/#primaryimage","url":"https:\/\/toidupakk.ee\/wp-content\/uploads\/2024\/05\/Kokkuvolditav-veepudel-500ml-3.png","contentUrl":"https:\/\/toidupakk.ee\/wp-content\/uploads\/2024\/05\/Kokkuvolditav-veepudel-500ml-3.png","width":800,"height":800,"caption":"pehme veepudel"},{"@type":"BreadcrumbList","@id":"https:\/\/toidupakk.ee\/lt\/toode\/sulankstoma-gertuve-500-ml\/#breadcrumb","itemListElement":[{"@type":"ListItem","position":1,"name":"Avaleht","item":"https:\/\/toidupakk.ee\/lt\/"},{"@type":"ListItem","position":2,"name":"El. parduotuv\u0117","item":"https:\/\/toidupakk.ee\/lt\/el-parduotuve\/"},{"@type":"ListItem","position":3,"name":"Sulankstoma gertuv\u0117 500 ml"}]},{"@type":"WebSite","@id":"https:\/\/toidupakk.ee\/lt\/#website","url":"https:\/\/toidupakk.ee\/lt\/","name":"Toidupakk.ee - Tactical Foodpack toidupakid","description":"Tactical Foodpack k\u00fclmkuivatatud toidupakid ja matkaeined","publisher":{"@id":"https:\/\/toidupakk.ee\/lt\/#organization"},"potentialAction":[{"@type":"SearchAction","target":{"@type":"EntryPoint","urlTemplate":"https:\/\/toidupakk.ee\/lt\/?s={search_term_string}"},"query-input":{"@type":"PropertyValueSpecification","valueRequired":true,"valueName":"search_term_string"}}],"inLanguage":"lt-LT"},{"@type":"Organization","@id":"https:\/\/toidupakk.ee\/lt\/#organization","name":"Tactical Foodpack matkaeined","url":"https:\/\/toidupakk.ee\/lt\/","logo":{"@type":"ImageObject","inLanguage":"lt-LT","@id":"https:\/\/toidupakk.ee\/lt\/#\/schema\/logo\/image\/","url":"https:\/\/toidupakk.ee\/wp-content\/uploads\/2022\/01\/Toidupakk-matkapood-logo-transparent.png","contentUrl":"https:\/\/toidupakk.ee\/wp-content\/uploads\/2022\/01\/Toidupakk-matkapood-logo-transparent.png","width":500,"height":500,"caption":"Tactical Foodpack matkaeined"},"image":{"@id":"https:\/\/toidupakk.ee\/lt\/#\/schema\/logo\/image\/"},"sameAs":["https:\/\/www.facebook.com\/Toidupakk","https:\/\/www.instagram.com\/toidupakk\/"]}]}},"jetpack_sharing_enabled":true,"_links":{"self":[{"href":"https:\/\/toidupakk.ee\/lt\/wp-json\/wp\/v2\/product\/48392","targetHints":{"allow":["GET"]}}],"collection":[{"href":"https:\/\/toidupakk.ee\/lt\/wp-json\/wp\/v2\/product"}],"about":[{"href":"https:\/\/toidupakk.ee\/lt\/wp-json\/wp\/v2\/types\/product"}],"replies":[{"embeddable":true,"href":"https:\/\/toidupakk.ee\/lt\/wp-json\/wp\/v2\/comments?post=48392"}],"wp:featuredmedia":[{"embeddable":true,"href":"https:\/\/toidupakk.ee\/lt\/wp-json\/wp\/v2\/media\/23226"}],"wp:attachment":[{"href":"https:\/\/toidupakk.ee\/lt\/wp-json\/wp\/v2\/media?parent=48392"}],"wp:term":[{"taxonomy":"product_brand","embeddable":true,"href":"https:\/\/toidupakk.ee\/lt\/wp-json\/wp\/v2\/product_brand?post=48392"},{"taxonomy":"product_cat","embeddable":true,"href":"https:\/\/toidupakk.ee\/lt\/wp-json\/wp\/v2\/product_cat?post=48392"},{"taxonomy":"product_tag","embeddable":true,"href":"https:\/\/toidupakk.ee\/lt\/wp-json\/wp\/v2\/product_tag?post=48392"}],"curies":[{"name":"wp","href":"https:\/\/api.w.org\/{rel}","templated":true}]}}