{"id":48391,"date":"2024-06-26T14:46:49","date_gmt":"2024-06-26T11:46:49","guid":{"rendered":"https:\/\/toidupakk.ee\/toode\/uodu-baidykle-flextail-tiny-repeller-su-led-zibintu\/"},"modified":"2026-04-15T11:30:09","modified_gmt":"2026-04-15T08:30:09","slug":"uodu-baidykle-flextail-tiny-repeller-su-led-zibintu","status":"publish","type":"product","link":"https:\/\/toidupakk.ee\/lt\/toode\/uodu-baidykle-flextail-tiny-repeller-su-led-zibintu\/","title":{"rendered":"Uod\u0173 baidykl\u0117 FLEXTAIL Tiny Repeller su LED \u017eibintu"},"content":{"rendered":"<h1><img fetchpriority=\"high\" decoding=\"async\" class=\"alignnone wp-image-23753 size-thumbnail\" src=\"https:\/\/toidupakk.ee\/wp-content\/uploads\/2024\/06\/Saasepeletaja-koos-LED-laternaga-2-500x500.png\" alt=\"\" width=\"500\" height=\"500\" srcset=\"https:\/\/toidupakk.ee\/wp-content\/uploads\/2024\/06\/Saasepeletaja-koos-LED-laternaga-2-500x500.png 500w, https:\/\/toidupakk.ee\/wp-content\/uploads\/2024\/06\/Saasepeletaja-koos-LED-laternaga-2-400x400.png 400w, https:\/\/toidupakk.ee\/wp-content\/uploads\/2024\/06\/Saasepeletaja-koos-LED-laternaga-2-100x100.png 100w, https:\/\/toidupakk.ee\/wp-content\/uploads\/2024\/06\/Saasepeletaja-koos-LED-laternaga-2-300x300.png 300w, https:\/\/toidupakk.ee\/wp-content\/uploads\/2024\/06\/Saasepeletaja-koos-LED-laternaga-2-768x768.png 768w, https:\/\/toidupakk.ee\/wp-content\/uploads\/2024\/06\/Saasepeletaja-koos-LED-laternaga-2.png 800w\" sizes=\"(max-width: 500px) 100vw, 500px\" \/><\/h1>\n<h1>Uod\u0173 baidykl\u0117 FLEXTAIL Tiny Repeller su LED \u017eibintu \u2013 geriausias tavo patogaus vasaros vakaro palydovas<\/h1>\n<p>Jei pavargai nuo \u012fkyri\u0173 uod\u0173 ir ie\u0161kai veiksmingo sprendimo, kaip m\u0117gautis laiku lauke be erzinan\u010di\u0173 vabzd\u017ei\u0173, <strong>uod\u0173 baidykl\u0117 FLEXTAIL Tiny Repeller su LED \u017eibintu<\/strong> yra b\u016btent tai, ko tau reikia. \u0160is inovatyvus \u201edu viename\u201c \u012frenginys sujungia efektyvi\u0105 uod\u0173 baidykl\u0119 ir universal\u0173 LED \u0161viestuv\u0105, kad tavo vakarai b\u016bt\u0173 laisvi ir nuo tamsos, ir nuo uod\u0173. <\/p>\n<p><img decoding=\"async\" class=\"alignnone wp-image-23755 size-thumbnail\" src=\"https:\/\/toidupakk.ee\/wp-content\/uploads\/2024\/06\/Saasepeletaja-koos-LED-laternaga-4-500x500.jpg\" alt=\"akumuliatorin\u0117 uod\u0173 baidykl\u0117\" width=\"500\" height=\"500\" srcset=\"https:\/\/toidupakk.ee\/wp-content\/uploads\/2024\/06\/Saasepeletaja-koos-LED-laternaga-4-500x500.jpg 500w, https:\/\/toidupakk.ee\/wp-content\/uploads\/2024\/06\/Saasepeletaja-koos-LED-laternaga-4-400x400.jpg 400w, https:\/\/toidupakk.ee\/wp-content\/uploads\/2024\/06\/Saasepeletaja-koos-LED-laternaga-4-100x100.jpg 100w, https:\/\/toidupakk.ee\/wp-content\/uploads\/2024\/06\/Saasepeletaja-koos-LED-laternaga-4-300x300.jpg 300w, https:\/\/toidupakk.ee\/wp-content\/uploads\/2024\/06\/Saasepeletaja-koos-LED-laternaga-4-768x768.jpg 768w, https:\/\/toidupakk.ee\/wp-content\/uploads\/2024\/06\/Saasepeletaja-koos-LED-laternaga-4.jpg 800w\" sizes=\"(max-width: 500px) 100vw, 500px\" \/><\/p>\n<h2>Kod\u0117l verta rinktis uod\u0173 baidykl\u0119 FLEXTAIL Tiny Repeller?<\/h2>\n<h3>Efektyvi ir saugi apsauga nuo uod\u0173<\/h3>\n<p>FLEXTAIL Tiny Repeller sukurta u\u017etikrinti efektyvi\u0105 apsaug\u0105 nuo uod\u0173 be kenksming\u0173 chemikal\u0173. \u012erenginio be d\u016bm\u0173 ir be kvapo technologija garantuoja, kad tavo vakarai bus malon\u016bs ir saug\u016bs. Kadangi prietaise n\u0117ra DEET, jis tinka vaikams ir augintiniams.  <\/p>\n<h3>Patogumas ir mobilumas<\/h3>\n<p>Naudok FLEXTAIL Tiny Repeller bet kur \u2013 sode, \u017eygyje mi\u0161ke, stovyklaujant ar \u017evejojant. D\u0117l \u012fkraunamo akumuliatoriaus sistemos tau nereik\u0117s r\u016bpintis duj\u0173 balion\u0117liais ar baterijomis. Tiesiog \u012fkrauk \u012frengin\u012f ir m\u0117gaukis iki 12 kvadratini\u0173 metr\u0173 apsauginiu barjeru nuo uod\u0173.  <\/p>\n<h3>Universali ir patogi naudoti<\/h3>\n<p>LED \u0161viestuvas turi tris skirtingus re\u017eimus (50, 200 arba 400 liumen\u0173), kurie padeda sukurti tinkam\u0105 atmosfer\u0105 bet kokiai situacijai. Naudotis paprasta \u2013 \u012frenginys iki darbin\u0117s temperat\u016bros \u012fkaista vos per 50 sekund\u017ei\u0173, o d\u0117l magnetinio tvirtinimo ir pridedamo laikiklio j\u012f patogu pritvirtinti tiek prie kuprin\u0117s, tiek prie kit\u0173 metalini\u0173 pavir\u0161i\u0173. <\/p>\n<p><img decoding=\"async\" class=\"alignnone wp-image-23759 size-thumbnail\" src=\"https:\/\/toidupakk.ee\/wp-content\/uploads\/2024\/06\/Saasepeletaja-koos-LED-laternaga-8-500x500.jpg\" alt=\"\" width=\"500\" height=\"500\" srcset=\"https:\/\/toidupakk.ee\/wp-content\/uploads\/2024\/06\/Saasepeletaja-koos-LED-laternaga-8-500x500.jpg 500w, https:\/\/toidupakk.ee\/wp-content\/uploads\/2024\/06\/Saasepeletaja-koos-LED-laternaga-8-400x400.jpg 400w, https:\/\/toidupakk.ee\/wp-content\/uploads\/2024\/06\/Saasepeletaja-koos-LED-laternaga-8-100x100.jpg 100w, https:\/\/toidupakk.ee\/wp-content\/uploads\/2024\/06\/Saasepeletaja-koos-LED-laternaga-8-300x300.jpg 300w, https:\/\/toidupakk.ee\/wp-content\/uploads\/2024\/06\/Saasepeletaja-koos-LED-laternaga-8-768x768.jpg 768w, https:\/\/toidupakk.ee\/wp-content\/uploads\/2024\/06\/Saasepeletaja-koos-LED-laternaga-8.jpg 800w\" sizes=\"(max-width: 500px) 100vw, 500px\" \/><\/p>\n<h2>Kaip veikia uod\u0173 baidykl\u0117 FLEXTAIL Tiny Repeller?<\/h2>\n<p>FLEXTAIL Tiny Repeller skleid\u017eia uodams nemalon\u0173, ta\u010diau \u017emon\u0117ms bekvap\u012f aromat\u0105, kuris efektyviai atbaido uodus. IPX5 atsparumo vandeniui klas\u0117 u\u017etikrina, kad \u012frengin\u012f galima naudoti ir dr\u0117gnomis s\u0105lygomis, tod\u0117l tai puikus pasirinkimas bet kokiai veiklai lauke. <\/p>\n<p><img loading=\"lazy\" decoding=\"async\" class=\"alignnone wp-image-23756 size-thumbnail\" src=\"https:\/\/toidupakk.ee\/wp-content\/uploads\/2024\/06\/Saasepeletaja-koos-LED-laternaga-5-500x500.jpg\" alt=\"Uod\u0173 baidykl\u0117 su LED \u017eibintu\" width=\"500\" height=\"500\" srcset=\"https:\/\/toidupakk.ee\/wp-content\/uploads\/2024\/06\/Saasepeletaja-koos-LED-laternaga-5-500x500.jpg 500w, https:\/\/toidupakk.ee\/wp-content\/uploads\/2024\/06\/Saasepeletaja-koos-LED-laternaga-5-400x400.jpg 400w, https:\/\/toidupakk.ee\/wp-content\/uploads\/2024\/06\/Saasepeletaja-koos-LED-laternaga-5-100x100.jpg 100w, https:\/\/toidupakk.ee\/wp-content\/uploads\/2024\/06\/Saasepeletaja-koos-LED-laternaga-5-300x300.jpg 300w, https:\/\/toidupakk.ee\/wp-content\/uploads\/2024\/06\/Saasepeletaja-koos-LED-laternaga-5-768x768.jpg 768w, https:\/\/toidupakk.ee\/wp-content\/uploads\/2024\/06\/Saasepeletaja-koos-LED-laternaga-5.jpg 800w\" sizes=\"(max-width: 500px) 100vw, 500px\" \/><\/p>\n<h2>Santrauka<\/h2>\n<p>Rinkis <strong>uod\u0173 baidykl\u0119 FLEXTAIL Tiny Repeller su LED \u017eibintu<\/strong>, kad tavo vasaros vakarai ir veikla lauke b\u016bt\u0173 malonesni. \u0160is lengvas ir kompakti\u0161kas \u012frenginys u\u017etikrins, kad gal\u0117tum susikoncentruoti \u012f akimirk\u0105, nesir\u016bpindamas uodais. U\u017esisakyk dabar ir gauk savo \u012frengin\u012f greitai \u2013 vos per 1\u20133 darbo dienas.  <\/p>\n<p><strong>Atkreipk d\u0117mes\u012f: uod\u0173 baidykl\u0117s plok\u0161tel\u0117s \u012f komplekt\u0105 ne\u012feina, ta\u010diau jas galima lengvai \u012fsigyti papildomai.<\/strong><\/p>\n<p><img loading=\"lazy\" decoding=\"async\" class=\"alignnone wp-image-23758 size-thumbnail\" src=\"https:\/\/toidupakk.ee\/wp-content\/uploads\/2024\/06\/Saasepeletaja-koos-LED-laternaga-7-500x500.jpg\" alt=\"\" width=\"500\" height=\"500\" srcset=\"https:\/\/toidupakk.ee\/wp-content\/uploads\/2024\/06\/Saasepeletaja-koos-LED-laternaga-7-500x500.jpg 500w, https:\/\/toidupakk.ee\/wp-content\/uploads\/2024\/06\/Saasepeletaja-koos-LED-laternaga-7-400x400.jpg 400w, https:\/\/toidupakk.ee\/wp-content\/uploads\/2024\/06\/Saasepeletaja-koos-LED-laternaga-7-100x100.jpg 100w, https:\/\/toidupakk.ee\/wp-content\/uploads\/2024\/06\/Saasepeletaja-koos-LED-laternaga-7-300x300.jpg 300w, https:\/\/toidupakk.ee\/wp-content\/uploads\/2024\/06\/Saasepeletaja-koos-LED-laternaga-7-768x768.jpg 768w, https:\/\/toidupakk.ee\/wp-content\/uploads\/2024\/06\/Saasepeletaja-koos-LED-laternaga-7.jpg 800w\" sizes=\"(max-width: 500px) 100vw, 500px\" \/><\/p>\n<p>Daugiau apie Tactical Foodpack \u017eygio maist\u0105 su\u017einok <a href=\"https:\/\/toidupakk.ee\/lt\/tootekategooria\/tactical-foodpack-patiekalai\/\">\u010cIA.<\/a><\/p>\n<p>Daugiau \u017eygio reikmen\u0173 rasi <a href=\"https:\/\/toidupakk.ee\/lt\/tootekategooria\/zygio-iranga\/#section-3-79\">\u010cIA<\/a><\/p>\n<p>Pasisemk \u012fkv\u0117pimo kitiems nuotykiams \u201eToidupakk\u201c <a href=\"https:\/\/www.instagram.com\/toidupakk\/\">Instagram<\/a> ir <a href=\"https:\/\/www.facebook.com\/Toidupakk\/\">Facebook<\/a> paskyrose.<\/p>\n","protected":false},"excerpt":{"rendered":"<p><strong>Uod\u0173 baidykl\u0117 FLEXTAIL Tiny Repeller su LED \u017eibintu yra geriausias sprendimas nuo uod\u0173. Elektronin\u0117 uod\u0173 baidykl\u0117 ir LED \u0161viestuvas \u201edu viename\u201c. Skirta naudoti vasaros vakarais s\u0117dint sode, \u017eygiuojant mi\u0161ke, stovyklaujant, \u017evejojant ar med\u017eiokl\u0117je. Nebereikia purk\u0161tis nuodingomis priemon\u0117mis su DEET. FLEXTAIL baidykl\u0117 veikia be d\u016bm\u0173 ir kvapo.     <\/strong><\/p>\n<ul>\n<li><strong>\u012ekraunama akumuliatoriumi \u2013 nebereikia pirkti duj\u0173 balion\u0117li\u0173<\/strong><\/li>\n<li>U\u017etikrina apsaug\u0105 <strong>iki 12 kvadratini\u0173 metr\u0173<\/strong> plote<\/li>\n<li><strong>Dvipus\u0117<\/strong> \u2013 pastatyta ant stalo skleid\u017eia uodams nemalon\u0173 kvap\u0105 \u012f abi puses (\u017emon\u0117ms bekvapis)<\/li>\n<li>\u012erenginys turi <strong>SDS sertifikat\u0105<\/strong>, u\u017etikrinant\u012f gaminio saugum\u0105 ir efektyvum\u0105<\/li>\n<li>Tinka ir <strong>augintiniams<\/strong><\/li>\n<li>Greitas poveikis \u2013 iki <strong>165 \u00b0C darbin\u0117s temperat\u016bros \u012fkaista per 50 sekund\u017ei\u0173<\/strong><\/li>\n<li><strong>LED \u0161viestuvas<\/strong> turi 3 re\u017eimus (50 liumen\u0173, 200 liumen\u0173 arba 400 liumen\u0173)<\/li>\n<li>Atsparumo vandeniui klas\u0117 <strong>IPX5<\/strong><\/li>\n<li><strong>Itin lengva<\/strong> \u2013 sveria tik 150 gram\u0173<\/li>\n<li>Akumuliatoriaus talpa <strong>4800 mAh<\/strong> (leid\u017eia naudoti \u012frengin\u012f iki 11 val.)<\/li>\n<li><strong>Magnetinis tvirtinimas<\/strong> leid\u017eia pritvirtinti \u012frengin\u012f prie metalini\u0173 pavir\u0161i\u0173<\/li>\n<li>Komplekte esantis laikiklis leid\u017eia naudoti \u012frengin\u012f, pavyzd\u017eiui, <strong>pritvirtinus prie kuprin\u0117s judant mi\u0161ke<\/strong><\/li>\n<li>Komplekt\u0105 sudaro \u012frenginys <strong>uod\u0173 baidykl\u0117 FLEXTAIL Tiny Repeller su LED \u017eibintu<\/strong>, patogus <strong>d\u0117klas<\/strong>, <strong>Type-C<\/strong> \u012fkrovimo laidas ir <strong>naudojimo instrukcija<\/strong><\/li>\n<li>Akumuliatorius veikia 10\u201340 val. priklausomai nuo naudojamo re\u017eimo. Re\u017eimai reguliuojami pagal poreik\u012f. <strong><br \/>\n<\/strong><\/li>\n<li><strong>NB! Uod\u0173 baidykl\u0117s u\u017epildai \u012f komplekt\u0105 ne\u012feina <\/strong><\/li>\n<\/ul>\n<p>\u2705 Greitas pristatymas per 1\u20133 darbo dienas<\/p>\n","protected":false},"featured_media":23752,"comment_status":"open","ping_status":"closed","template":"","meta":{"_acf_changed":false},"product_brand":[],"product_cat":[259,207,208,244,189,190],"product_tag":[194],"class_list":{"0":"post-48391","1":"product","2":"type-product","3":"status-publish","4":"has-post-thumbnail","6":"product_cat-apsauga-nuo-uodu-apsauga-nuo-vabzdziu-apsauga-nuo-erkiu","7":"product_cat-elektronika","8":"product_cat-sviesa","9":"product_cat-zibintai","10":"product_cat-zygio-iranga","11":"product_cat-zygio-prekes","12":"product_tag-no_ads","14":"first","15":"instock","16":"sale","17":"taxable","18":"shipping-taxable","19":"purchasable","20":"product-type-simple"},"bundled_by":[],"bundle_stock_status":"instock","bundle_stock_quantity":37,"bundle_virtual":false,"bundle_layout":"","bundle_add_to_cart_form_location":"","bundle_editable_in_cart":false,"bundle_sold_individually_context":"","bundle_item_grouping":"","bundle_min_size":"","bundle_max_size":"","bundle_price":[],"bundled_items":[],"bundle_sell_ids":[],"acf":[],"yoast_head":"<!-- This site is optimized with the Yoast SEO plugin v27.3 - https:\/\/yoast.com\/product\/yoast-seo-wordpress\/ -->\n<title>Uod\u0173 baidykl\u0117 FLEXTAIL Tiny Repeller su LED \u017eibintu<\/title>\n<meta name=\"description\" content=\"Uod\u0173 baidykl\u0117 su LED \u017eibintu yra geriausias sprendimas nuo uod\u0173. Akumuliatoriaus technologija leid\u017eia pamir\u0161ti kei\u010diamus duj\u0173 balion\u0117lius. M\u0117gaukis vakarais be uod\u0173.\" \/>\n<meta name=\"robots\" content=\"index, follow, max-snippet:-1, max-image-preview:large, max-video-preview:-1\" \/>\n<link rel=\"canonical\" href=\"https:\/\/toidupakk.ee\/lt\/toode\/uodu-baidykle-flextail-tiny-repeller-su-led-zibintu\/\" \/>\n<meta property=\"og:locale\" content=\"lt_LT\" \/>\n<meta property=\"og:type\" content=\"article\" \/>\n<meta property=\"og:title\" content=\"Uod\u0173 baidykl\u0117 FLEXTAIL Tiny Repeller su LED \u017eibintu\" \/>\n<meta property=\"og:description\" content=\"Uod\u0173 baidykl\u0117 su LED \u017eibintu yra geriausias sprendimas nuo uod\u0173. Akumuliatoriaus technologija leid\u017eia pamir\u0161ti kei\u010diamus duj\u0173 balion\u0117lius. M\u0117gaukis vakarais be uod\u0173.\" \/>\n<meta property=\"og:url\" content=\"https:\/\/toidupakk.ee\/lt\/toode\/uodu-baidykle-flextail-tiny-repeller-su-led-zibintu\/\" \/>\n<meta property=\"og:site_name\" content=\"Toidupakk.ee - Tactical Foodpack toidupakid\" \/>\n<meta property=\"article:publisher\" content=\"https:\/\/www.facebook.com\/Toidupakk\" \/>\n<meta property=\"article:modified_time\" content=\"2026-04-15T08:30:09+00:00\" \/>\n<meta property=\"og:image\" content=\"https:\/\/toidupakk.ee\/wp-content\/uploads\/2024\/06\/Saasepeletaja-koos-LED-laternaga-1.png\" \/>\n\t<meta property=\"og:image:width\" content=\"800\" \/>\n\t<meta property=\"og:image:height\" content=\"800\" \/>\n\t<meta property=\"og:image:type\" content=\"image\/png\" \/>\n<meta name=\"twitter:card\" content=\"summary_large_image\" \/>\n<meta name=\"twitter:label1\" content=\"Est. reading time\" \/>\n\t<meta name=\"twitter:data1\" content=\"2 minut\u0117s\" \/>\n<script type=\"application\/ld+json\" class=\"yoast-schema-graph\">{\"@context\":\"https:\\\/\\\/schema.org\",\"@graph\":[{\"@type\":\"WebPage\",\"@id\":\"https:\\\/\\\/toidupakk.ee\\\/lt\\\/toode\\\/uodu-baidykle-flextail-tiny-repeller-su-led-zibintu\\\/\",\"url\":\"https:\\\/\\\/toidupakk.ee\\\/lt\\\/toode\\\/uodu-baidykle-flextail-tiny-repeller-su-led-zibintu\\\/\",\"name\":\"Uod\u0173 baidykl\u0117 FLEXTAIL Tiny Repeller su LED \u017eibintu\",\"isPartOf\":{\"@id\":\"https:\\\/\\\/toidupakk.ee\\\/lt\\\/#website\"},\"primaryImageOfPage\":{\"@id\":\"https:\\\/\\\/toidupakk.ee\\\/lt\\\/toode\\\/uodu-baidykle-flextail-tiny-repeller-su-led-zibintu\\\/#primaryimage\"},\"image\":{\"@id\":\"https:\\\/\\\/toidupakk.ee\\\/lt\\\/toode\\\/uodu-baidykle-flextail-tiny-repeller-su-led-zibintu\\\/#primaryimage\"},\"thumbnailUrl\":\"https:\\\/\\\/toidupakk.ee\\\/wp-content\\\/uploads\\\/2024\\\/06\\\/Saasepeletaja-koos-LED-laternaga-1.png\",\"datePublished\":\"2024-06-26T11:46:49+00:00\",\"dateModified\":\"2026-04-15T08:30:09+00:00\",\"description\":\"Uod\u0173 baidykl\u0117 su LED \u017eibintu yra geriausias sprendimas nuo uod\u0173. Akumuliatoriaus technologija leid\u017eia pamir\u0161ti kei\u010diamus duj\u0173 balion\u0117lius. M\u0117gaukis vakarais be uod\u0173.\",\"breadcrumb\":{\"@id\":\"https:\\\/\\\/toidupakk.ee\\\/lt\\\/toode\\\/uodu-baidykle-flextail-tiny-repeller-su-led-zibintu\\\/#breadcrumb\"},\"inLanguage\":\"lt-LT\",\"potentialAction\":[{\"@type\":\"ReadAction\",\"target\":[\"https:\\\/\\\/toidupakk.ee\\\/lt\\\/toode\\\/uodu-baidykle-flextail-tiny-repeller-su-led-zibintu\\\/\"]}]},{\"@type\":\"ImageObject\",\"inLanguage\":\"lt-LT\",\"@id\":\"https:\\\/\\\/toidupakk.ee\\\/lt\\\/toode\\\/uodu-baidykle-flextail-tiny-repeller-su-led-zibintu\\\/#primaryimage\",\"url\":\"https:\\\/\\\/toidupakk.ee\\\/wp-content\\\/uploads\\\/2024\\\/06\\\/Saasepeletaja-koos-LED-laternaga-1.png\",\"contentUrl\":\"https:\\\/\\\/toidupakk.ee\\\/wp-content\\\/uploads\\\/2024\\\/06\\\/Saasepeletaja-koos-LED-laternaga-1.png\",\"width\":800,\"height\":800,\"caption\":\"S\u00e4\u00e4sepeletaja\"},{\"@type\":\"BreadcrumbList\",\"@id\":\"https:\\\/\\\/toidupakk.ee\\\/lt\\\/toode\\\/uodu-baidykle-flextail-tiny-repeller-su-led-zibintu\\\/#breadcrumb\",\"itemListElement\":[{\"@type\":\"ListItem\",\"position\":1,\"name\":\"Avaleht\",\"item\":\"https:\\\/\\\/toidupakk.ee\\\/lt\\\/\"},{\"@type\":\"ListItem\",\"position\":2,\"name\":\"El. parduotuv\u0117\",\"item\":\"https:\\\/\\\/toidupakk.ee\\\/lt\\\/el-parduotuve\\\/\"},{\"@type\":\"ListItem\",\"position\":3,\"name\":\"Uod\u0173 baidykl\u0117 FLEXTAIL Tiny Repeller su LED \u017eibintu\"}]},{\"@type\":\"WebSite\",\"@id\":\"https:\\\/\\\/toidupakk.ee\\\/lt\\\/#website\",\"url\":\"https:\\\/\\\/toidupakk.ee\\\/lt\\\/\",\"name\":\"Toidupakk.ee - Tactical Foodpack toidupakid\",\"description\":\"Tactical Foodpack k\u00fclmkuivatatud toidupakid ja matkaeined\",\"publisher\":{\"@id\":\"https:\\\/\\\/toidupakk.ee\\\/lt\\\/#organization\"},\"potentialAction\":[{\"@type\":\"SearchAction\",\"target\":{\"@type\":\"EntryPoint\",\"urlTemplate\":\"https:\\\/\\\/toidupakk.ee\\\/lt\\\/?s={search_term_string}\"},\"query-input\":{\"@type\":\"PropertyValueSpecification\",\"valueRequired\":true,\"valueName\":\"search_term_string\"}}],\"inLanguage\":\"lt-LT\"},{\"@type\":\"Organization\",\"@id\":\"https:\\\/\\\/toidupakk.ee\\\/lt\\\/#organization\",\"name\":\"Tactical Foodpack matkaeined\",\"url\":\"https:\\\/\\\/toidupakk.ee\\\/lt\\\/\",\"logo\":{\"@type\":\"ImageObject\",\"inLanguage\":\"lt-LT\",\"@id\":\"https:\\\/\\\/toidupakk.ee\\\/lt\\\/#\\\/schema\\\/logo\\\/image\\\/\",\"url\":\"https:\\\/\\\/toidupakk.ee\\\/wp-content\\\/uploads\\\/2022\\\/01\\\/Toidupakk-matkapood-logo-transparent.png\",\"contentUrl\":\"https:\\\/\\\/toidupakk.ee\\\/wp-content\\\/uploads\\\/2022\\\/01\\\/Toidupakk-matkapood-logo-transparent.png\",\"width\":500,\"height\":500,\"caption\":\"Tactical Foodpack matkaeined\"},\"image\":{\"@id\":\"https:\\\/\\\/toidupakk.ee\\\/lt\\\/#\\\/schema\\\/logo\\\/image\\\/\"},\"sameAs\":[\"https:\\\/\\\/www.facebook.com\\\/Toidupakk\",\"https:\\\/\\\/www.instagram.com\\\/toidupakk\\\/\"]}]}<\/script>\n<!-- \/ Yoast SEO plugin. -->","yoast_head_json":{"title":"Uod\u0173 baidykl\u0117 FLEXTAIL Tiny Repeller su LED \u017eibintu","description":"Uod\u0173 baidykl\u0117 su LED \u017eibintu yra geriausias sprendimas nuo uod\u0173. Akumuliatoriaus technologija leid\u017eia pamir\u0161ti kei\u010diamus duj\u0173 balion\u0117lius. M\u0117gaukis vakarais be uod\u0173.","robots":{"index":"index","follow":"follow","max-snippet":"max-snippet:-1","max-image-preview":"max-image-preview:large","max-video-preview":"max-video-preview:-1"},"canonical":"https:\/\/toidupakk.ee\/lt\/toode\/uodu-baidykle-flextail-tiny-repeller-su-led-zibintu\/","og_locale":"lt_LT","og_type":"article","og_title":"Uod\u0173 baidykl\u0117 FLEXTAIL Tiny Repeller su LED \u017eibintu","og_description":"Uod\u0173 baidykl\u0117 su LED \u017eibintu yra geriausias sprendimas nuo uod\u0173. Akumuliatoriaus technologija leid\u017eia pamir\u0161ti kei\u010diamus duj\u0173 balion\u0117lius. M\u0117gaukis vakarais be uod\u0173.","og_url":"https:\/\/toidupakk.ee\/lt\/toode\/uodu-baidykle-flextail-tiny-repeller-su-led-zibintu\/","og_site_name":"Toidupakk.ee - Tactical Foodpack toidupakid","article_publisher":"https:\/\/www.facebook.com\/Toidupakk","article_modified_time":"2026-04-15T08:30:09+00:00","og_image":[{"width":800,"height":800,"url":"https:\/\/toidupakk.ee\/wp-content\/uploads\/2024\/06\/Saasepeletaja-koos-LED-laternaga-1.png","type":"image\/png"}],"twitter_card":"summary_large_image","twitter_misc":{"Est. reading time":"2 minut\u0117s"},"schema":{"@context":"https:\/\/schema.org","@graph":[{"@type":"WebPage","@id":"https:\/\/toidupakk.ee\/lt\/toode\/uodu-baidykle-flextail-tiny-repeller-su-led-zibintu\/","url":"https:\/\/toidupakk.ee\/lt\/toode\/uodu-baidykle-flextail-tiny-repeller-su-led-zibintu\/","name":"Uod\u0173 baidykl\u0117 FLEXTAIL Tiny Repeller su LED \u017eibintu","isPartOf":{"@id":"https:\/\/toidupakk.ee\/lt\/#website"},"primaryImageOfPage":{"@id":"https:\/\/toidupakk.ee\/lt\/toode\/uodu-baidykle-flextail-tiny-repeller-su-led-zibintu\/#primaryimage"},"image":{"@id":"https:\/\/toidupakk.ee\/lt\/toode\/uodu-baidykle-flextail-tiny-repeller-su-led-zibintu\/#primaryimage"},"thumbnailUrl":"https:\/\/toidupakk.ee\/wp-content\/uploads\/2024\/06\/Saasepeletaja-koos-LED-laternaga-1.png","datePublished":"2024-06-26T11:46:49+00:00","dateModified":"2026-04-15T08:30:09+00:00","description":"Uod\u0173 baidykl\u0117 su LED \u017eibintu yra geriausias sprendimas nuo uod\u0173. Akumuliatoriaus technologija leid\u017eia pamir\u0161ti kei\u010diamus duj\u0173 balion\u0117lius. M\u0117gaukis vakarais be uod\u0173.","breadcrumb":{"@id":"https:\/\/toidupakk.ee\/lt\/toode\/uodu-baidykle-flextail-tiny-repeller-su-led-zibintu\/#breadcrumb"},"inLanguage":"lt-LT","potentialAction":[{"@type":"ReadAction","target":["https:\/\/toidupakk.ee\/lt\/toode\/uodu-baidykle-flextail-tiny-repeller-su-led-zibintu\/"]}]},{"@type":"ImageObject","inLanguage":"lt-LT","@id":"https:\/\/toidupakk.ee\/lt\/toode\/uodu-baidykle-flextail-tiny-repeller-su-led-zibintu\/#primaryimage","url":"https:\/\/toidupakk.ee\/wp-content\/uploads\/2024\/06\/Saasepeletaja-koos-LED-laternaga-1.png","contentUrl":"https:\/\/toidupakk.ee\/wp-content\/uploads\/2024\/06\/Saasepeletaja-koos-LED-laternaga-1.png","width":800,"height":800,"caption":"S\u00e4\u00e4sepeletaja"},{"@type":"BreadcrumbList","@id":"https:\/\/toidupakk.ee\/lt\/toode\/uodu-baidykle-flextail-tiny-repeller-su-led-zibintu\/#breadcrumb","itemListElement":[{"@type":"ListItem","position":1,"name":"Avaleht","item":"https:\/\/toidupakk.ee\/lt\/"},{"@type":"ListItem","position":2,"name":"El. parduotuv\u0117","item":"https:\/\/toidupakk.ee\/lt\/el-parduotuve\/"},{"@type":"ListItem","position":3,"name":"Uod\u0173 baidykl\u0117 FLEXTAIL Tiny Repeller su LED \u017eibintu"}]},{"@type":"WebSite","@id":"https:\/\/toidupakk.ee\/lt\/#website","url":"https:\/\/toidupakk.ee\/lt\/","name":"Toidupakk.ee - Tactical Foodpack toidupakid","description":"Tactical Foodpack k\u00fclmkuivatatud toidupakid ja matkaeined","publisher":{"@id":"https:\/\/toidupakk.ee\/lt\/#organization"},"potentialAction":[{"@type":"SearchAction","target":{"@type":"EntryPoint","urlTemplate":"https:\/\/toidupakk.ee\/lt\/?s={search_term_string}"},"query-input":{"@type":"PropertyValueSpecification","valueRequired":true,"valueName":"search_term_string"}}],"inLanguage":"lt-LT"},{"@type":"Organization","@id":"https:\/\/toidupakk.ee\/lt\/#organization","name":"Tactical Foodpack matkaeined","url":"https:\/\/toidupakk.ee\/lt\/","logo":{"@type":"ImageObject","inLanguage":"lt-LT","@id":"https:\/\/toidupakk.ee\/lt\/#\/schema\/logo\/image\/","url":"https:\/\/toidupakk.ee\/wp-content\/uploads\/2022\/01\/Toidupakk-matkapood-logo-transparent.png","contentUrl":"https:\/\/toidupakk.ee\/wp-content\/uploads\/2022\/01\/Toidupakk-matkapood-logo-transparent.png","width":500,"height":500,"caption":"Tactical Foodpack matkaeined"},"image":{"@id":"https:\/\/toidupakk.ee\/lt\/#\/schema\/logo\/image\/"},"sameAs":["https:\/\/www.facebook.com\/Toidupakk","https:\/\/www.instagram.com\/toidupakk\/"]}]}},"jetpack_sharing_enabled":true,"_links":{"self":[{"href":"https:\/\/toidupakk.ee\/lt\/wp-json\/wp\/v2\/product\/48391","targetHints":{"allow":["GET"]}}],"collection":[{"href":"https:\/\/toidupakk.ee\/lt\/wp-json\/wp\/v2\/product"}],"about":[{"href":"https:\/\/toidupakk.ee\/lt\/wp-json\/wp\/v2\/types\/product"}],"replies":[{"embeddable":true,"href":"https:\/\/toidupakk.ee\/lt\/wp-json\/wp\/v2\/comments?post=48391"}],"wp:featuredmedia":[{"embeddable":true,"href":"https:\/\/toidupakk.ee\/lt\/wp-json\/wp\/v2\/media\/23752"}],"wp:attachment":[{"href":"https:\/\/toidupakk.ee\/lt\/wp-json\/wp\/v2\/media?parent=48391"}],"wp:term":[{"taxonomy":"product_brand","embeddable":true,"href":"https:\/\/toidupakk.ee\/lt\/wp-json\/wp\/v2\/product_brand?post=48391"},{"taxonomy":"product_cat","embeddable":true,"href":"https:\/\/toidupakk.ee\/lt\/wp-json\/wp\/v2\/product_cat?post=48391"},{"taxonomy":"product_tag","embeddable":true,"href":"https:\/\/toidupakk.ee\/lt\/wp-json\/wp\/v2\/product_tag?post=48391"}],"curies":[{"name":"wp","href":"https:\/\/api.w.org\/{rel}","templated":true}]}}