{"id":48389,"date":"2024-05-14T15:17:24","date_gmt":"2024-05-14T12:17:24","guid":{"rendered":"https:\/\/toidupakk.ee\/toode\/ikraunamas-led-galvos-zibintas-su-akumuliatoriumi\/"},"modified":"2026-04-29T18:01:42","modified_gmt":"2026-04-29T15:01:42","slug":"ikraunamas-led-galvos-zibintas-su-akumuliatoriumi","status":"publish","type":"product","link":"https:\/\/toidupakk.ee\/lt\/toode\/ikraunamas-led-galvos-zibintas-su-akumuliatoriumi\/","title":{"rendered":"\u012ekraunamas LED galvos \u017eibintas su akumuliatoriumi"},"content":{"rendered":"<h1><img fetchpriority=\"high\" decoding=\"async\" class=\"alignright wp-image-22941 size-thumbnail\" style=\"font-size: 16px; font-weight: 400;\" src=\"https:\/\/toidupakk.ee\/wp-content\/uploads\/2024\/05\/Laetav-pealamp-akuga-LED-500x500.png\" alt=\"Galvos \u017eibintas su akumuliatoriumi\" width=\"500\" height=\"500\" srcset=\"https:\/\/toidupakk.ee\/wp-content\/uploads\/2024\/05\/Laetav-pealamp-akuga-LED-500x500.png 500w, https:\/\/toidupakk.ee\/wp-content\/uploads\/2024\/05\/Laetav-pealamp-akuga-LED-400x400.png 400w, https:\/\/toidupakk.ee\/wp-content\/uploads\/2024\/05\/Laetav-pealamp-akuga-LED-100x100.png 100w, https:\/\/toidupakk.ee\/wp-content\/uploads\/2024\/05\/Laetav-pealamp-akuga-LED-300x300.png 300w, https:\/\/toidupakk.ee\/wp-content\/uploads\/2024\/05\/Laetav-pealamp-akuga-LED-768x768.png 768w, https:\/\/toidupakk.ee\/wp-content\/uploads\/2024\/05\/Laetav-pealamp-akuga-LED.png 800w\" sizes=\"(max-width: 500px) 100vw, 500px\" \/><\/h1>\n<h1>\u012ekraunamas LED galvos \u017eibintas: ma\u017eas, bet galingas tavo nuotyki\u0173 palydovas<\/h1>\n<h2>Puikus pasirinkimas kiekvienam nuotykiui<\/h2>\n<p>Esi aistringas \u017eygeivis, patyr\u0119s \u017evejys ar tiesiog m\u0117gsti leisti laik\u0105 gamtoje? M\u016bs\u0173 <strong>\u012fkraunamas LED galvos \u017eibintas<\/strong> sukurtas galvojant b\u016btent apie tavo poreikius. Ma\u017eas ir kompakti\u0161kas, bet pakankamai galingas, kad ap\u0161viest\u0173 tavo keli\u0105 net tamsiausiomis s\u0105lygomis. D\u0117l ma\u017eo svorio ir nedideli\u0173 matmen\u0173 (45 x 30 x 37 mm) \u017eibint\u0105 lengva pasiimti \u012f bet kok\u012f nuotyk\u012f. \u017dibintas \u012fkraunamas mikro-USB laidu. Prie galvos tvirtinamas reguliuojama elastine juosta, kuri nespaud\u017eia. Galvos \u017eibintas yra puikus pagalbininkas situacijose, kai rankos u\u017eimtos ir laikyti pro\u017eektori\u0173 viena ranka ne\u012fmanoma.      <\/p>\n<h2>Daugiafunkcis ir draugi\u0161kas aplinkai<\/h2>\n<p>\u017dibinto universalum\u0105 u\u017etikrina keli \u0161vietimo re\u017eimai: stipri \u0161viesa kasdieniam naudojimui, energijos taupymo re\u017eimas ilgesniems \u017eygiams, mirksintis re\u017eimas saugumui u\u017etikrinti ir speciali raudona \u0161viesa, idealiai tinkanti jud\u0117ti gamtoje nakt\u012f. \u017dibintas naudoja aplinkai draugi\u0161k\u0105 500 mAh li\u010dio akumuliatori\u0173 (tipas 802030), kur\u012f galima \u012fkrauti pakartotinai, taip ma\u017einant vienkartini\u0173 baterij\u0173 atliek\u0173 kiek\u012f. <\/p>\n<p>Galvos \u017eibinto \u0161viesos srautas siekia iki 80 liumen\u0173, tod\u0117l ai\u0161kiai matysi net tamsiausiomis s\u0105lygomis. Akumuliatorius veikia apie 2 valandas \u2013 to pakanka saugiai \u012fveikti \u012fvairius i\u0161\u0161\u016bkius. Pridedamas mikro-USB laidas leid\u017eia patogiai \u012fkrauti \u017eibint\u0105 i\u0161 kompiuterio, automobilyje ar naudojant i\u0161orin\u0119 baterij\u0105.  <\/p>\n<h2>\u012ekraunamas LED galvos \u017eibintas \u2013 patogus ir prakti\u0161kas<\/h2>\n<p>\u017dibint\u0105 galima tvirtinti ir prie \u0161almo, tod\u0117l jis yra puikus palydovas tiek kopiant \u012f kalnus, tiek atliekant statybos darbus. Itin ma\u017eas svoris (tik 36 g) u\u017etikrina, kad \u017eibintas nevargins net ilgai d\u0117vint. Ma\u017ei matmenys ir lanks\u010dios panaudojimo galimyb\u0117s paver\u010dia j\u012f nepakei\u010diamu \u012frankiu bet kurioje situacijoje, kai reikia patikimo \u0161viesos \u0161altinio.  <\/p>\n<p>U\u017esisakyk savo <strong>\u012fkraunam\u0105 LED galvos \u017eibint\u0105<\/strong> jau \u0161iandien ir pasinaudok greitu pristatymu per 1\u20133 darbo dienas. B\u016bk pasiruo\u0161\u0119s bet kokiam laukian\u010diam nuotykiui \u2013 m\u016bs\u0173 \u017eibintas ap\u0161vies tavo keli\u0105! <\/p>\n<p>Daugiau \u017eygio preki\u0173 rasi <a href=\"https:\/\/toidupakk.ee\/lt\/tootekategooria\/zygio-iranga\/#section-3-79\">\u010cIA<\/a><\/p>\n<p>Pasisemk \u012fkv\u0117pimo kitiems nuotykiams Toidupakk <a href=\"https:\/\/www.instagram.com\/toidupakk\/\">Instagram<\/a> ir <a href=\"https:\/\/www.facebook.com\/Toidupakk\/\">Facebook<\/a> paskyrose.<\/p>\n","protected":false},"excerpt":{"rendered":"<p><strong>Ma\u017eas, bet galingas LED galvos \u017eibintas, pad\u0117siantis situacijose, kai tr\u016bksta \u0161viesos.<\/strong><\/p>\n<ul>\n<li>Ma\u017eas ir kompakti\u0161kas galvos \u017eibintas<\/li>\n<li>Puikiai tinka tvirtinti ir prie \u0161almo<\/li>\n<li>Draugi\u0161kas aplinkai, nes akumuliatorius yra \u012fkraunamas (nereikia naudoti vienkartini\u0173 baterij\u0173)<\/li>\n<li>Akumuliatoriaus talpa: 500 mAh \/ li\u010dio akumuliatoriaus tipas 802030<\/li>\n<li>Keli re\u017eimai: stipri \u0161viesa, energijos taupymo, mirksintis ir raudona \u0161viesa<\/li>\n<li>\u0160viesos srautas: 80 liumen\u0173<\/li>\n<li>Akumuliatoriaus veikimo laikas: apie 2 val. <\/li>\n<li>\u0160viesos \u0161altinio tipas: LED<\/li>\n<li>Svoris: itin lengvas, 36 g<\/li>\n<li>Matmenys: 45 x 30 x 37 mm<\/li>\n<li>Komplekte yra mikro-USB laidas<\/li>\n<\/ul>\n<p>\u2705 Turime sand\u0117lyje, pristatymas per 1\u20133 darbo dienas<\/p>\n","protected":false},"featured_media":22941,"comment_status":"open","ping_status":"closed","template":"","meta":{"_acf_changed":false},"product_brand":[],"product_cat":[241,193,210,189,190],"product_tag":[],"class_list":{"0":"post-48389","1":"product","2":"type-product","3":"status-publish","4":"has-post-thumbnail","6":"product_cat-galvos-zibintai","7":"product_cat-karine-ekipuote","8":"product_cat-mil-tec","9":"product_cat-zygio-iranga","10":"product_cat-zygio-prekes","12":"first","13":"instock","14":"taxable","15":"shipping-taxable","16":"purchasable","17":"product-type-simple"},"bundled_by":[],"bundle_stock_status":"instock","bundle_stock_quantity":7,"bundle_virtual":false,"bundle_layout":"","bundle_add_to_cart_form_location":"","bundle_editable_in_cart":false,"bundle_sold_individually_context":"","bundle_item_grouping":"","bundle_min_size":"","bundle_max_size":"","bundle_price":[],"bundled_items":[],"bundle_sell_ids":[],"acf":[],"yoast_head":"<!-- This site is optimized with the Yoast SEO plugin v27.3 - https:\/\/yoast.com\/product\/yoast-seo-wordpress\/ -->\n<title>\u012ekraunamas LED galvos \u017eibintas su akumuliatoriumi<\/title>\n<meta name=\"description\" content=\"\u012ekraunamas galvos \u017eibintas su 500 mAh akumuliatoriumi naudoja LED technologij\u0105. Ma\u017eas ir kompakti\u0161kas \u017eibintas, kurio \u0161viesos srautas siekia 80 liumen\u0173, o svoris \u2013 tik 36 g.\" \/>\n<meta name=\"robots\" content=\"index, follow, max-snippet:-1, max-image-preview:large, max-video-preview:-1\" \/>\n<link rel=\"canonical\" href=\"https:\/\/toidupakk.ee\/lt\/toode\/ikraunamas-led-galvos-zibintas-su-akumuliatoriumi\/\" \/>\n<meta property=\"og:locale\" content=\"lt_LT\" \/>\n<meta property=\"og:type\" content=\"article\" \/>\n<meta property=\"og:title\" content=\"\u012ekraunamas LED galvos \u017eibintas su akumuliatoriumi\" \/>\n<meta property=\"og:description\" content=\"\u012ekraunamas galvos \u017eibintas su 500 mAh akumuliatoriumi naudoja LED technologij\u0105. Ma\u017eas ir kompakti\u0161kas \u017eibintas, kurio \u0161viesos srautas siekia 80 liumen\u0173, o svoris \u2013 tik 36 g.\" \/>\n<meta property=\"og:url\" content=\"https:\/\/toidupakk.ee\/lt\/toode\/ikraunamas-led-galvos-zibintas-su-akumuliatoriumi\/\" \/>\n<meta property=\"og:site_name\" content=\"Toidupakk.ee - Tactical Foodpack toidupakid\" \/>\n<meta property=\"article:publisher\" content=\"https:\/\/www.facebook.com\/Toidupakk\" \/>\n<meta property=\"article:modified_time\" content=\"2026-04-29T15:01:42+00:00\" \/>\n<meta property=\"og:image\" content=\"https:\/\/toidupakk.ee\/wp-content\/uploads\/2024\/05\/Laetav-pealamp-akuga-LED.png\" \/>\n\t<meta property=\"og:image:width\" content=\"800\" \/>\n\t<meta property=\"og:image:height\" content=\"800\" \/>\n\t<meta property=\"og:image:type\" content=\"image\/png\" \/>\n<meta name=\"twitter:card\" content=\"summary_large_image\" \/>\n<meta name=\"twitter:label1\" content=\"Est. reading time\" \/>\n\t<meta name=\"twitter:data1\" content=\"2 minut\u0117s\" \/>\n<script type=\"application\/ld+json\" class=\"yoast-schema-graph\">{\"@context\":\"https:\\\/\\\/schema.org\",\"@graph\":[{\"@type\":\"WebPage\",\"@id\":\"https:\\\/\\\/toidupakk.ee\\\/lt\\\/toode\\\/ikraunamas-led-galvos-zibintas-su-akumuliatoriumi\\\/\",\"url\":\"https:\\\/\\\/toidupakk.ee\\\/lt\\\/toode\\\/ikraunamas-led-galvos-zibintas-su-akumuliatoriumi\\\/\",\"name\":\"\u012ekraunamas LED galvos \u017eibintas su akumuliatoriumi\",\"isPartOf\":{\"@id\":\"https:\\\/\\\/toidupakk.ee\\\/lt\\\/#website\"},\"primaryImageOfPage\":{\"@id\":\"https:\\\/\\\/toidupakk.ee\\\/lt\\\/toode\\\/ikraunamas-led-galvos-zibintas-su-akumuliatoriumi\\\/#primaryimage\"},\"image\":{\"@id\":\"https:\\\/\\\/toidupakk.ee\\\/lt\\\/toode\\\/ikraunamas-led-galvos-zibintas-su-akumuliatoriumi\\\/#primaryimage\"},\"thumbnailUrl\":\"https:\\\/\\\/toidupakk.ee\\\/wp-content\\\/uploads\\\/2024\\\/05\\\/Laetav-pealamp-akuga-LED.png\",\"datePublished\":\"2024-05-14T12:17:24+00:00\",\"dateModified\":\"2026-04-29T15:01:42+00:00\",\"description\":\"\u012ekraunamas galvos \u017eibintas su 500 mAh akumuliatoriumi naudoja LED technologij\u0105. Ma\u017eas ir kompakti\u0161kas \u017eibintas, kurio \u0161viesos srautas siekia 80 liumen\u0173, o svoris \u2013 tik 36 g.\",\"breadcrumb\":{\"@id\":\"https:\\\/\\\/toidupakk.ee\\\/lt\\\/toode\\\/ikraunamas-led-galvos-zibintas-su-akumuliatoriumi\\\/#breadcrumb\"},\"inLanguage\":\"lt-LT\",\"potentialAction\":[{\"@type\":\"ReadAction\",\"target\":[\"https:\\\/\\\/toidupakk.ee\\\/lt\\\/toode\\\/ikraunamas-led-galvos-zibintas-su-akumuliatoriumi\\\/\"]}]},{\"@type\":\"ImageObject\",\"inLanguage\":\"lt-LT\",\"@id\":\"https:\\\/\\\/toidupakk.ee\\\/lt\\\/toode\\\/ikraunamas-led-galvos-zibintas-su-akumuliatoriumi\\\/#primaryimage\",\"url\":\"https:\\\/\\\/toidupakk.ee\\\/wp-content\\\/uploads\\\/2024\\\/05\\\/Laetav-pealamp-akuga-LED.png\",\"contentUrl\":\"https:\\\/\\\/toidupakk.ee\\\/wp-content\\\/uploads\\\/2024\\\/05\\\/Laetav-pealamp-akuga-LED.png\",\"width\":800,\"height\":800,\"caption\":\"Pealamp akuga\"},{\"@type\":\"BreadcrumbList\",\"@id\":\"https:\\\/\\\/toidupakk.ee\\\/lt\\\/toode\\\/ikraunamas-led-galvos-zibintas-su-akumuliatoriumi\\\/#breadcrumb\",\"itemListElement\":[{\"@type\":\"ListItem\",\"position\":1,\"name\":\"Avaleht\",\"item\":\"https:\\\/\\\/toidupakk.ee\\\/lt\\\/\"},{\"@type\":\"ListItem\",\"position\":2,\"name\":\"El. parduotuv\u0117\",\"item\":\"https:\\\/\\\/toidupakk.ee\\\/lt\\\/el-parduotuve\\\/\"},{\"@type\":\"ListItem\",\"position\":3,\"name\":\"\u012ekraunamas LED galvos \u017eibintas su akumuliatoriumi\"}]},{\"@type\":\"WebSite\",\"@id\":\"https:\\\/\\\/toidupakk.ee\\\/lt\\\/#website\",\"url\":\"https:\\\/\\\/toidupakk.ee\\\/lt\\\/\",\"name\":\"Toidupakk.ee - Tactical Foodpack toidupakid\",\"description\":\"Tactical Foodpack k\u00fclmkuivatatud toidupakid ja matkaeined\",\"publisher\":{\"@id\":\"https:\\\/\\\/toidupakk.ee\\\/lt\\\/#organization\"},\"potentialAction\":[{\"@type\":\"SearchAction\",\"target\":{\"@type\":\"EntryPoint\",\"urlTemplate\":\"https:\\\/\\\/toidupakk.ee\\\/lt\\\/?s={search_term_string}\"},\"query-input\":{\"@type\":\"PropertyValueSpecification\",\"valueRequired\":true,\"valueName\":\"search_term_string\"}}],\"inLanguage\":\"lt-LT\"},{\"@type\":\"Organization\",\"@id\":\"https:\\\/\\\/toidupakk.ee\\\/lt\\\/#organization\",\"name\":\"Tactical Foodpack matkaeined\",\"url\":\"https:\\\/\\\/toidupakk.ee\\\/lt\\\/\",\"logo\":{\"@type\":\"ImageObject\",\"inLanguage\":\"lt-LT\",\"@id\":\"https:\\\/\\\/toidupakk.ee\\\/lt\\\/#\\\/schema\\\/logo\\\/image\\\/\",\"url\":\"https:\\\/\\\/toidupakk.ee\\\/wp-content\\\/uploads\\\/2022\\\/01\\\/Toidupakk-matkapood-logo-transparent.png\",\"contentUrl\":\"https:\\\/\\\/toidupakk.ee\\\/wp-content\\\/uploads\\\/2022\\\/01\\\/Toidupakk-matkapood-logo-transparent.png\",\"width\":500,\"height\":500,\"caption\":\"Tactical Foodpack matkaeined\"},\"image\":{\"@id\":\"https:\\\/\\\/toidupakk.ee\\\/lt\\\/#\\\/schema\\\/logo\\\/image\\\/\"},\"sameAs\":[\"https:\\\/\\\/www.facebook.com\\\/Toidupakk\",\"https:\\\/\\\/www.instagram.com\\\/toidupakk\\\/\"]}]}<\/script>\n<!-- \/ Yoast SEO plugin. -->","yoast_head_json":{"title":"\u012ekraunamas LED galvos \u017eibintas su akumuliatoriumi","description":"\u012ekraunamas galvos \u017eibintas su 500 mAh akumuliatoriumi naudoja LED technologij\u0105. Ma\u017eas ir kompakti\u0161kas \u017eibintas, kurio \u0161viesos srautas siekia 80 liumen\u0173, o svoris \u2013 tik 36 g.","robots":{"index":"index","follow":"follow","max-snippet":"max-snippet:-1","max-image-preview":"max-image-preview:large","max-video-preview":"max-video-preview:-1"},"canonical":"https:\/\/toidupakk.ee\/lt\/toode\/ikraunamas-led-galvos-zibintas-su-akumuliatoriumi\/","og_locale":"lt_LT","og_type":"article","og_title":"\u012ekraunamas LED galvos \u017eibintas su akumuliatoriumi","og_description":"\u012ekraunamas galvos \u017eibintas su 500 mAh akumuliatoriumi naudoja LED technologij\u0105. Ma\u017eas ir kompakti\u0161kas \u017eibintas, kurio \u0161viesos srautas siekia 80 liumen\u0173, o svoris \u2013 tik 36 g.","og_url":"https:\/\/toidupakk.ee\/lt\/toode\/ikraunamas-led-galvos-zibintas-su-akumuliatoriumi\/","og_site_name":"Toidupakk.ee - Tactical Foodpack toidupakid","article_publisher":"https:\/\/www.facebook.com\/Toidupakk","article_modified_time":"2026-04-29T15:01:42+00:00","og_image":[{"width":800,"height":800,"url":"https:\/\/toidupakk.ee\/wp-content\/uploads\/2024\/05\/Laetav-pealamp-akuga-LED.png","type":"image\/png"}],"twitter_card":"summary_large_image","twitter_misc":{"Est. reading time":"2 minut\u0117s"},"schema":{"@context":"https:\/\/schema.org","@graph":[{"@type":"WebPage","@id":"https:\/\/toidupakk.ee\/lt\/toode\/ikraunamas-led-galvos-zibintas-su-akumuliatoriumi\/","url":"https:\/\/toidupakk.ee\/lt\/toode\/ikraunamas-led-galvos-zibintas-su-akumuliatoriumi\/","name":"\u012ekraunamas LED galvos \u017eibintas su akumuliatoriumi","isPartOf":{"@id":"https:\/\/toidupakk.ee\/lt\/#website"},"primaryImageOfPage":{"@id":"https:\/\/toidupakk.ee\/lt\/toode\/ikraunamas-led-galvos-zibintas-su-akumuliatoriumi\/#primaryimage"},"image":{"@id":"https:\/\/toidupakk.ee\/lt\/toode\/ikraunamas-led-galvos-zibintas-su-akumuliatoriumi\/#primaryimage"},"thumbnailUrl":"https:\/\/toidupakk.ee\/wp-content\/uploads\/2024\/05\/Laetav-pealamp-akuga-LED.png","datePublished":"2024-05-14T12:17:24+00:00","dateModified":"2026-04-29T15:01:42+00:00","description":"\u012ekraunamas galvos \u017eibintas su 500 mAh akumuliatoriumi naudoja LED technologij\u0105. Ma\u017eas ir kompakti\u0161kas \u017eibintas, kurio \u0161viesos srautas siekia 80 liumen\u0173, o svoris \u2013 tik 36 g.","breadcrumb":{"@id":"https:\/\/toidupakk.ee\/lt\/toode\/ikraunamas-led-galvos-zibintas-su-akumuliatoriumi\/#breadcrumb"},"inLanguage":"lt-LT","potentialAction":[{"@type":"ReadAction","target":["https:\/\/toidupakk.ee\/lt\/toode\/ikraunamas-led-galvos-zibintas-su-akumuliatoriumi\/"]}]},{"@type":"ImageObject","inLanguage":"lt-LT","@id":"https:\/\/toidupakk.ee\/lt\/toode\/ikraunamas-led-galvos-zibintas-su-akumuliatoriumi\/#primaryimage","url":"https:\/\/toidupakk.ee\/wp-content\/uploads\/2024\/05\/Laetav-pealamp-akuga-LED.png","contentUrl":"https:\/\/toidupakk.ee\/wp-content\/uploads\/2024\/05\/Laetav-pealamp-akuga-LED.png","width":800,"height":800,"caption":"Pealamp akuga"},{"@type":"BreadcrumbList","@id":"https:\/\/toidupakk.ee\/lt\/toode\/ikraunamas-led-galvos-zibintas-su-akumuliatoriumi\/#breadcrumb","itemListElement":[{"@type":"ListItem","position":1,"name":"Avaleht","item":"https:\/\/toidupakk.ee\/lt\/"},{"@type":"ListItem","position":2,"name":"El. parduotuv\u0117","item":"https:\/\/toidupakk.ee\/lt\/el-parduotuve\/"},{"@type":"ListItem","position":3,"name":"\u012ekraunamas LED galvos \u017eibintas su akumuliatoriumi"}]},{"@type":"WebSite","@id":"https:\/\/toidupakk.ee\/lt\/#website","url":"https:\/\/toidupakk.ee\/lt\/","name":"Toidupakk.ee - Tactical Foodpack toidupakid","description":"Tactical Foodpack k\u00fclmkuivatatud toidupakid ja matkaeined","publisher":{"@id":"https:\/\/toidupakk.ee\/lt\/#organization"},"potentialAction":[{"@type":"SearchAction","target":{"@type":"EntryPoint","urlTemplate":"https:\/\/toidupakk.ee\/lt\/?s={search_term_string}"},"query-input":{"@type":"PropertyValueSpecification","valueRequired":true,"valueName":"search_term_string"}}],"inLanguage":"lt-LT"},{"@type":"Organization","@id":"https:\/\/toidupakk.ee\/lt\/#organization","name":"Tactical Foodpack matkaeined","url":"https:\/\/toidupakk.ee\/lt\/","logo":{"@type":"ImageObject","inLanguage":"lt-LT","@id":"https:\/\/toidupakk.ee\/lt\/#\/schema\/logo\/image\/","url":"https:\/\/toidupakk.ee\/wp-content\/uploads\/2022\/01\/Toidupakk-matkapood-logo-transparent.png","contentUrl":"https:\/\/toidupakk.ee\/wp-content\/uploads\/2022\/01\/Toidupakk-matkapood-logo-transparent.png","width":500,"height":500,"caption":"Tactical Foodpack matkaeined"},"image":{"@id":"https:\/\/toidupakk.ee\/lt\/#\/schema\/logo\/image\/"},"sameAs":["https:\/\/www.facebook.com\/Toidupakk","https:\/\/www.instagram.com\/toidupakk\/"]}]}},"jetpack_sharing_enabled":true,"_links":{"self":[{"href":"https:\/\/toidupakk.ee\/lt\/wp-json\/wp\/v2\/product\/48389","targetHints":{"allow":["GET"]}}],"collection":[{"href":"https:\/\/toidupakk.ee\/lt\/wp-json\/wp\/v2\/product"}],"about":[{"href":"https:\/\/toidupakk.ee\/lt\/wp-json\/wp\/v2\/types\/product"}],"replies":[{"embeddable":true,"href":"https:\/\/toidupakk.ee\/lt\/wp-json\/wp\/v2\/comments?post=48389"}],"wp:featuredmedia":[{"embeddable":true,"href":"https:\/\/toidupakk.ee\/lt\/wp-json\/wp\/v2\/media\/22941"}],"wp:attachment":[{"href":"https:\/\/toidupakk.ee\/lt\/wp-json\/wp\/v2\/media?parent=48389"}],"wp:term":[{"taxonomy":"product_brand","embeddable":true,"href":"https:\/\/toidupakk.ee\/lt\/wp-json\/wp\/v2\/product_brand?post=48389"},{"taxonomy":"product_cat","embeddable":true,"href":"https:\/\/toidupakk.ee\/lt\/wp-json\/wp\/v2\/product_cat?post=48389"},{"taxonomy":"product_tag","embeddable":true,"href":"https:\/\/toidupakk.ee\/lt\/wp-json\/wp\/v2\/product_tag?post=48389"}],"curies":[{"name":"wp","href":"https:\/\/api.w.org\/{rel}","templated":true}]}}