{"id":48382,"date":"2024-05-03T17:06:02","date_gmt":"2024-05-03T14:06:02","guid":{"rendered":"https:\/\/toidupakk.ee\/toode\/taktikinis-sausmaisis-kuprine-mil-tec\/"},"modified":"2026-04-29T16:30:37","modified_gmt":"2026-04-29T13:30:37","slug":"taktikinis-sausmaisis-kuprine-mil-tec","status":"publish","type":"product","link":"https:\/\/toidupakk.ee\/lt\/toode\/taktikinis-sausmaisis-kuprine-mil-tec\/","title":{"rendered":"Taktikinis sausmai\u0161is \/ kuprin\u0117 MIL-TEC\u00ae"},"content":{"rendered":"<h1>Taktinis sausmai\u0161is-kuprin\u0117 \u2013 tavo drabu\u017eiai ir \u012franga visada i\u0161liks sausi<\/h1>\n<p><img fetchpriority=\"high\" decoding=\"async\" class=\"wp-image-22536 size-thumbnail alignright\" src=\"https:\/\/toidupakk.ee\/wp-content\/uploads\/2024\/05\/Taktikaline-Dry-Bag-Seljakott-MIL-TEC-2-500x500.png\" alt=\"vandeniui atspari kuprin\u0117 sausmai\u0161is\" width=\"500\" height=\"500\" srcset=\"https:\/\/toidupakk.ee\/wp-content\/uploads\/2024\/05\/Taktikaline-Dry-Bag-Seljakott-MIL-TEC-2-500x500.png 500w, https:\/\/toidupakk.ee\/wp-content\/uploads\/2024\/05\/Taktikaline-Dry-Bag-Seljakott-MIL-TEC-2-400x400.png 400w, https:\/\/toidupakk.ee\/wp-content\/uploads\/2024\/05\/Taktikaline-Dry-Bag-Seljakott-MIL-TEC-2-100x100.png 100w, https:\/\/toidupakk.ee\/wp-content\/uploads\/2024\/05\/Taktikaline-Dry-Bag-Seljakott-MIL-TEC-2-600x600.png 600w, https:\/\/toidupakk.ee\/wp-content\/uploads\/2024\/05\/Taktikaline-Dry-Bag-Seljakott-MIL-TEC-2-300x300.png 300w, https:\/\/toidupakk.ee\/wp-content\/uploads\/2024\/05\/Taktikaline-Dry-Bag-Seljakott-MIL-TEC-2-768x768.png 768w, https:\/\/toidupakk.ee\/wp-content\/uploads\/2024\/05\/Taktikaline-Dry-Bag-Seljakott-MIL-TEC-2.png 800w\" sizes=\"(max-width: 500px) 100vw, 500px\" \/><\/p>\n<h2>Kuprin\u0117s ir sausmai\u0161io hibridas \u2013 vandeniui atspari kuprin\u0117<\/h2>\n<p>Taktinis sausmai\u0161is-kuprin\u0117 yra puikus kuprin\u0117s ir sausmai\u0161io derinys, sukurtas saugiam \u012frangos transportavimui dr\u0117gnomis ar vandeningomis s\u0105lygomis. Jos patvari konstrukcija atlaiko trumpalaik\u012f \u012fkritim\u0105 \u012f vanden\u012f ir u\u017etikrina patikim\u0105 tavo \u012frangos apsaug\u0105 \u017eygiuose, pratybose ar u\u017esiimant vandens sportu. <\/p>\n<h4>Patvarumas ir talpa<\/h4>\n<p>\u0160i kuprin\u0117 pagaminta i\u0161 itin stiprios ir patvarios PVC med\u017eiagos, u\u017etikrinan\u010dios atsparum\u0105 net ekstremaliausiomis s\u0105lygomis. Ma\u017edaug 35 litr\u0173 talpa leid\u017eia pasiimti vis\u0105 reikiam\u0105 \u012frang\u0105, b\u016bnant tikram, kad j\u0105 saugo vandeniui atspari konstrukcija. <\/p>\n<h4>Patogumas ir funkcionalumas<\/h4>\n<p>Taktinis sausmai\u0161is-kuprin\u0117 turi MOLLE sistem\u0105 tiek priekyje, tiek \u0161onuose, tod\u0117l patogiai pritvirtinsi papildom\u0105 \u012frang\u0105. Ergonomi\u0161ki pe\u010di\u0173 dir\u017eai ir reguliuojamas juosmens dir\u017eas u\u017etikrina optimal\u0173 komfort\u0105 bei atram\u0105 ne\u0161ant net did\u017eiausius krovinius. Be to, kuprin\u0117s \u0161onuose yra kompresiniai dir\u017eeliai, padedantys stabilizuoti turin\u012f ir i\u0161laikyti kompakti\u0161kum\u0105.  <\/p>\n<p><iframe style=\"width: 455px; height: 809px;\" title=\"YouTube vaizdo grotuvas\" src=\"https:\/\/www.youtube.com\/embed\/k_aSGi697NQ\" frameborder=\"0\" allowfullscreen=\"allowfullscreen\"><span data-mce-type=\"bookmark\" style=\"display: inline-block; width: 0px; overflow: hidden; line-height: 0;\" class=\"mce_SELRES_start\"><\/span><\/iframe><\/p>\n<p>Daugiau \u017eygio preki\u0173 rasi <a href=\"https:\/\/toidupakk.ee\/lt\/tootekategooria\/zygio-iranga\/#section-3-79\">\u010cIA<\/a><\/p>\n<p>Pasisemk \u012fkv\u0117pimo kitiems nuotykiams Toidupakk <a href=\"https:\/\/www.instagram.com\/toidupakk\/\">Instagram<\/a> ir <a href=\"https:\/\/www.facebook.com\/Toidupakk\/\">Facebook<\/a> paskyrose.<\/p>\n","protected":false},"excerpt":{"rendered":"<p><strong>Kuprin\u0117s ir sausmai\u0161io hibridas, skirtas \u012frangai ne\u0161ti dr\u0117gnomis s\u0105lygomis ar prie vandens. Kuprin\u0117 atlaiko trumpalaik\u012f \u012fkritim\u0105 \u012f vanden\u012f. <\/strong><\/p>\n<ul>\n<li>Itin <strong>stiprios ir patvarios med\u017eiagos<\/strong> kuprin\u0117<\/li>\n<li>Talpa apie <strong>35 litrus<\/strong><\/li>\n<li>Pagaminta i\u0161 tvirtos ir grubios PVC med\u017eiagos<\/li>\n<li>Apsaugo turin\u012f nuo <strong>vandens pursl\u0173<\/strong>, o trumpam \u2013 ir <strong>\u012fkritus \u012f vanden\u012f<\/strong><\/li>\n<li>Si\u016bl\u0117s i\u0161 vidaus <strong>sandarintos vandeniui atsparia juosta<\/strong><\/li>\n<li><strong>MOLLE sistema<\/strong> kuprin\u0117s priekyje ir \u0161onuose<\/li>\n<li>\u0160oniniai <strong>kompresiniai dir\u017eeliai<\/strong> turiniui suver\u017eti<\/li>\n<li><strong>Ergonomi\u0161ki pe\u010di\u0173 dir\u017eai<\/strong> yra reguliuojami<\/li>\n<li>Reguliuojamas <strong>juosmens dir\u017eas<\/strong> atramai<\/li>\n<li><strong>Kr\u016btin\u0117s dir\u017eas<\/strong> tvirtesniam fiksavimui<\/li>\n<li><strong>Nugara su papildomu pamink\u0161tinimu<\/strong> (polietileno putos 270 g\/m\u00b2)<\/li>\n<li>Med\u017eiaga: 70 % polivinilchloridas, 30 % poliesteris (250D)<\/li>\n<li>Matmenys: 57 x 29 x 20 cm (talpa apie 35 l)<\/li>\n<li>Svoris: 1180 g<\/li>\n<li>Komplekte yra MIL-TEC\u00ae emblema<\/li>\n<li>Nor\u0117damas tinkamai u\u017edaryti, u\u017elenk vir\u0161\u0173 bent 3 kartus atgal ir u\u017esek vidurin\u0119 sagt\u012f<\/li>\n<\/ul>\n<p><img decoding=\"async\" class=\"alignnone size-full wp-image-22120\" src=\"https:\/\/toidupakk.ee\/wp-content\/uploads\/2024\/04\/MIL-TEC-logo-1200x628-240-x-40-px.png\" alt=\"miltec logotipas skaidrus\" width=\"240\" height=\"40\"><\/p>\n<p>\u2705 Turime sand\u0117lyje, greitas pristatymas per 1\u20133 d. d.<\/p>\n","protected":false},"featured_media":22535,"comment_status":"open","ping_status":"closed","template":"","meta":{"_acf_changed":false},"product_brand":[],"product_cat":[193,201,210,264,189,190],"product_tag":[],"class_list":{"0":"post-48382","1":"product","2":"type-product","3":"status-publish","4":"has-post-thumbnail","6":"product_cat-karine-ekipuote","7":"product_cat-kuprines","8":"product_cat-mil-tec","9":"product_cat-vandeniui-atsparus-krepsiai-drybag","10":"product_cat-zygio-iranga","11":"product_cat-zygio-prekes","13":"first","14":"instock","15":"taxable","16":"shipping-taxable","17":"purchasable","18":"product-type-simple"},"bundled_by":[],"bundle_stock_status":"instock","bundle_stock_quantity":1,"bundle_virtual":false,"bundle_layout":"","bundle_add_to_cart_form_location":"","bundle_editable_in_cart":false,"bundle_sold_individually_context":"","bundle_item_grouping":"","bundle_min_size":"","bundle_max_size":"","bundle_price":[],"bundled_items":[],"bundle_sell_ids":[],"acf":[],"yoast_head":"<!-- This site is optimized with the Yoast SEO plugin v27.3 - https:\/\/yoast.com\/product\/yoast-seo-wordpress\/ -->\n<title>Taktikinis sausmai\u0161is \/ kuprin\u0117 MIL-TEC\u00ae<\/title>\n<meta name=\"description\" content=\"Kuprin\u0117s ir sausmai\u0161io hibridas, skirtas \u012frangai ne\u0161ti dr\u0117gnomis s\u0105lygomis ar prie vandens. Kuprin\u0117 atlaiko trumpalaik\u012f \u012fkritim\u0105 \u012f vanden\u012f.\" \/>\n<meta name=\"robots\" content=\"index, follow, max-snippet:-1, max-image-preview:large, max-video-preview:-1\" \/>\n<link rel=\"canonical\" href=\"https:\/\/toidupakk.ee\/lt\/toode\/taktikinis-sausmaisis-kuprine-mil-tec\/\" \/>\n<meta property=\"og:locale\" content=\"lt_LT\" \/>\n<meta property=\"og:type\" content=\"article\" \/>\n<meta property=\"og:title\" content=\"Taktikinis sausmai\u0161is \/ kuprin\u0117 MIL-TEC\u00ae\" \/>\n<meta property=\"og:description\" content=\"Kuprin\u0117s ir sausmai\u0161io hibridas, skirtas \u012frangai ne\u0161ti dr\u0117gnomis s\u0105lygomis ar prie vandens. Kuprin\u0117 atlaiko trumpalaik\u012f \u012fkritim\u0105 \u012f vanden\u012f.\" \/>\n<meta property=\"og:url\" content=\"https:\/\/toidupakk.ee\/lt\/toode\/taktikinis-sausmaisis-kuprine-mil-tec\/\" \/>\n<meta property=\"og:site_name\" content=\"Toidupakk.ee - Tactical Foodpack toidupakid\" \/>\n<meta property=\"article:publisher\" content=\"https:\/\/www.facebook.com\/Toidupakk\" \/>\n<meta property=\"article:modified_time\" content=\"2026-04-29T13:30:37+00:00\" \/>\n<meta property=\"og:image\" content=\"https:\/\/toidupakk.ee\/wp-content\/uploads\/2024\/05\/Taktikaline-Dry-Bag-Seljakott-MIL-TEC-1.png\" \/>\n\t<meta property=\"og:image:width\" content=\"800\" \/>\n\t<meta property=\"og:image:height\" content=\"800\" \/>\n\t<meta property=\"og:image:type\" content=\"image\/png\" \/>\n<meta name=\"twitter:card\" content=\"summary_large_image\" \/>\n<meta name=\"twitter:label1\" content=\"Est. reading time\" \/>\n\t<meta name=\"twitter:data1\" content=\"1 minut\u0117\" \/>\n<script type=\"application\/ld+json\" class=\"yoast-schema-graph\">{\"@context\":\"https:\\\/\\\/schema.org\",\"@graph\":[{\"@type\":\"WebPage\",\"@id\":\"https:\\\/\\\/toidupakk.ee\\\/lt\\\/toode\\\/taktikinis-sausmaisis-kuprine-mil-tec\\\/\",\"url\":\"https:\\\/\\\/toidupakk.ee\\\/lt\\\/toode\\\/taktikinis-sausmaisis-kuprine-mil-tec\\\/\",\"name\":\"Taktikinis sausmai\u0161is \\\/ kuprin\u0117 MIL-TEC\u00ae\",\"isPartOf\":{\"@id\":\"https:\\\/\\\/toidupakk.ee\\\/lt\\\/#website\"},\"primaryImageOfPage\":{\"@id\":\"https:\\\/\\\/toidupakk.ee\\\/lt\\\/toode\\\/taktikinis-sausmaisis-kuprine-mil-tec\\\/#primaryimage\"},\"image\":{\"@id\":\"https:\\\/\\\/toidupakk.ee\\\/lt\\\/toode\\\/taktikinis-sausmaisis-kuprine-mil-tec\\\/#primaryimage\"},\"thumbnailUrl\":\"https:\\\/\\\/toidupakk.ee\\\/wp-content\\\/uploads\\\/2024\\\/05\\\/Taktikaline-Dry-Bag-Seljakott-MIL-TEC-1.png\",\"datePublished\":\"2024-05-03T14:06:02+00:00\",\"dateModified\":\"2026-04-29T13:30:37+00:00\",\"description\":\"Kuprin\u0117s ir sausmai\u0161io hibridas, skirtas \u012frangai ne\u0161ti dr\u0117gnomis s\u0105lygomis ar prie vandens. Kuprin\u0117 atlaiko trumpalaik\u012f \u012fkritim\u0105 \u012f vanden\u012f.\",\"breadcrumb\":{\"@id\":\"https:\\\/\\\/toidupakk.ee\\\/lt\\\/toode\\\/taktikinis-sausmaisis-kuprine-mil-tec\\\/#breadcrumb\"},\"inLanguage\":\"lt-LT\",\"potentialAction\":[{\"@type\":\"ReadAction\",\"target\":[\"https:\\\/\\\/toidupakk.ee\\\/lt\\\/toode\\\/taktikinis-sausmaisis-kuprine-mil-tec\\\/\"]}]},{\"@type\":\"ImageObject\",\"inLanguage\":\"lt-LT\",\"@id\":\"https:\\\/\\\/toidupakk.ee\\\/lt\\\/toode\\\/taktikinis-sausmaisis-kuprine-mil-tec\\\/#primaryimage\",\"url\":\"https:\\\/\\\/toidupakk.ee\\\/wp-content\\\/uploads\\\/2024\\\/05\\\/Taktikaline-Dry-Bag-Seljakott-MIL-TEC-1.png\",\"contentUrl\":\"https:\\\/\\\/toidupakk.ee\\\/wp-content\\\/uploads\\\/2024\\\/05\\\/Taktikaline-Dry-Bag-Seljakott-MIL-TEC-1.png\",\"width\":800,\"height\":800,\"caption\":\"dry bag seljakott\"},{\"@type\":\"BreadcrumbList\",\"@id\":\"https:\\\/\\\/toidupakk.ee\\\/lt\\\/toode\\\/taktikinis-sausmaisis-kuprine-mil-tec\\\/#breadcrumb\",\"itemListElement\":[{\"@type\":\"ListItem\",\"position\":1,\"name\":\"Avaleht\",\"item\":\"https:\\\/\\\/toidupakk.ee\\\/lt\\\/\"},{\"@type\":\"ListItem\",\"position\":2,\"name\":\"El. parduotuv\u0117\",\"item\":\"https:\\\/\\\/toidupakk.ee\\\/lt\\\/el-parduotuve\\\/\"},{\"@type\":\"ListItem\",\"position\":3,\"name\":\"Taktikinis sausmai\u0161is \\\/ kuprin\u0117 MIL-TEC\u00ae\"}]},{\"@type\":\"WebSite\",\"@id\":\"https:\\\/\\\/toidupakk.ee\\\/lt\\\/#website\",\"url\":\"https:\\\/\\\/toidupakk.ee\\\/lt\\\/\",\"name\":\"Toidupakk.ee - Tactical Foodpack toidupakid\",\"description\":\"Tactical Foodpack k\u00fclmkuivatatud toidupakid ja matkaeined\",\"publisher\":{\"@id\":\"https:\\\/\\\/toidupakk.ee\\\/lt\\\/#organization\"},\"potentialAction\":[{\"@type\":\"SearchAction\",\"target\":{\"@type\":\"EntryPoint\",\"urlTemplate\":\"https:\\\/\\\/toidupakk.ee\\\/lt\\\/?s={search_term_string}\"},\"query-input\":{\"@type\":\"PropertyValueSpecification\",\"valueRequired\":true,\"valueName\":\"search_term_string\"}}],\"inLanguage\":\"lt-LT\"},{\"@type\":\"Organization\",\"@id\":\"https:\\\/\\\/toidupakk.ee\\\/lt\\\/#organization\",\"name\":\"Tactical Foodpack matkaeined\",\"url\":\"https:\\\/\\\/toidupakk.ee\\\/lt\\\/\",\"logo\":{\"@type\":\"ImageObject\",\"inLanguage\":\"lt-LT\",\"@id\":\"https:\\\/\\\/toidupakk.ee\\\/lt\\\/#\\\/schema\\\/logo\\\/image\\\/\",\"url\":\"https:\\\/\\\/toidupakk.ee\\\/wp-content\\\/uploads\\\/2022\\\/01\\\/Toidupakk-matkapood-logo-transparent.png\",\"contentUrl\":\"https:\\\/\\\/toidupakk.ee\\\/wp-content\\\/uploads\\\/2022\\\/01\\\/Toidupakk-matkapood-logo-transparent.png\",\"width\":500,\"height\":500,\"caption\":\"Tactical Foodpack matkaeined\"},\"image\":{\"@id\":\"https:\\\/\\\/toidupakk.ee\\\/lt\\\/#\\\/schema\\\/logo\\\/image\\\/\"},\"sameAs\":[\"https:\\\/\\\/www.facebook.com\\\/Toidupakk\",\"https:\\\/\\\/www.instagram.com\\\/toidupakk\\\/\"]}]}<\/script>\n<!-- \/ Yoast SEO plugin. -->","yoast_head_json":{"title":"Taktikinis sausmai\u0161is \/ kuprin\u0117 MIL-TEC\u00ae","description":"Kuprin\u0117s ir sausmai\u0161io hibridas, skirtas \u012frangai ne\u0161ti dr\u0117gnomis s\u0105lygomis ar prie vandens. Kuprin\u0117 atlaiko trumpalaik\u012f \u012fkritim\u0105 \u012f vanden\u012f.","robots":{"index":"index","follow":"follow","max-snippet":"max-snippet:-1","max-image-preview":"max-image-preview:large","max-video-preview":"max-video-preview:-1"},"canonical":"https:\/\/toidupakk.ee\/lt\/toode\/taktikinis-sausmaisis-kuprine-mil-tec\/","og_locale":"lt_LT","og_type":"article","og_title":"Taktikinis sausmai\u0161is \/ kuprin\u0117 MIL-TEC\u00ae","og_description":"Kuprin\u0117s ir sausmai\u0161io hibridas, skirtas \u012frangai ne\u0161ti dr\u0117gnomis s\u0105lygomis ar prie vandens. Kuprin\u0117 atlaiko trumpalaik\u012f \u012fkritim\u0105 \u012f vanden\u012f.","og_url":"https:\/\/toidupakk.ee\/lt\/toode\/taktikinis-sausmaisis-kuprine-mil-tec\/","og_site_name":"Toidupakk.ee - Tactical Foodpack toidupakid","article_publisher":"https:\/\/www.facebook.com\/Toidupakk","article_modified_time":"2026-04-29T13:30:37+00:00","og_image":[{"width":800,"height":800,"url":"https:\/\/toidupakk.ee\/wp-content\/uploads\/2024\/05\/Taktikaline-Dry-Bag-Seljakott-MIL-TEC-1.png","type":"image\/png"}],"twitter_card":"summary_large_image","twitter_misc":{"Est. reading time":"1 minut\u0117"},"schema":{"@context":"https:\/\/schema.org","@graph":[{"@type":"WebPage","@id":"https:\/\/toidupakk.ee\/lt\/toode\/taktikinis-sausmaisis-kuprine-mil-tec\/","url":"https:\/\/toidupakk.ee\/lt\/toode\/taktikinis-sausmaisis-kuprine-mil-tec\/","name":"Taktikinis sausmai\u0161is \/ kuprin\u0117 MIL-TEC\u00ae","isPartOf":{"@id":"https:\/\/toidupakk.ee\/lt\/#website"},"primaryImageOfPage":{"@id":"https:\/\/toidupakk.ee\/lt\/toode\/taktikinis-sausmaisis-kuprine-mil-tec\/#primaryimage"},"image":{"@id":"https:\/\/toidupakk.ee\/lt\/toode\/taktikinis-sausmaisis-kuprine-mil-tec\/#primaryimage"},"thumbnailUrl":"https:\/\/toidupakk.ee\/wp-content\/uploads\/2024\/05\/Taktikaline-Dry-Bag-Seljakott-MIL-TEC-1.png","datePublished":"2024-05-03T14:06:02+00:00","dateModified":"2026-04-29T13:30:37+00:00","description":"Kuprin\u0117s ir sausmai\u0161io hibridas, skirtas \u012frangai ne\u0161ti dr\u0117gnomis s\u0105lygomis ar prie vandens. Kuprin\u0117 atlaiko trumpalaik\u012f \u012fkritim\u0105 \u012f vanden\u012f.","breadcrumb":{"@id":"https:\/\/toidupakk.ee\/lt\/toode\/taktikinis-sausmaisis-kuprine-mil-tec\/#breadcrumb"},"inLanguage":"lt-LT","potentialAction":[{"@type":"ReadAction","target":["https:\/\/toidupakk.ee\/lt\/toode\/taktikinis-sausmaisis-kuprine-mil-tec\/"]}]},{"@type":"ImageObject","inLanguage":"lt-LT","@id":"https:\/\/toidupakk.ee\/lt\/toode\/taktikinis-sausmaisis-kuprine-mil-tec\/#primaryimage","url":"https:\/\/toidupakk.ee\/wp-content\/uploads\/2024\/05\/Taktikaline-Dry-Bag-Seljakott-MIL-TEC-1.png","contentUrl":"https:\/\/toidupakk.ee\/wp-content\/uploads\/2024\/05\/Taktikaline-Dry-Bag-Seljakott-MIL-TEC-1.png","width":800,"height":800,"caption":"dry bag seljakott"},{"@type":"BreadcrumbList","@id":"https:\/\/toidupakk.ee\/lt\/toode\/taktikinis-sausmaisis-kuprine-mil-tec\/#breadcrumb","itemListElement":[{"@type":"ListItem","position":1,"name":"Avaleht","item":"https:\/\/toidupakk.ee\/lt\/"},{"@type":"ListItem","position":2,"name":"El. parduotuv\u0117","item":"https:\/\/toidupakk.ee\/lt\/el-parduotuve\/"},{"@type":"ListItem","position":3,"name":"Taktikinis sausmai\u0161is \/ kuprin\u0117 MIL-TEC\u00ae"}]},{"@type":"WebSite","@id":"https:\/\/toidupakk.ee\/lt\/#website","url":"https:\/\/toidupakk.ee\/lt\/","name":"Toidupakk.ee - Tactical Foodpack toidupakid","description":"Tactical Foodpack k\u00fclmkuivatatud toidupakid ja matkaeined","publisher":{"@id":"https:\/\/toidupakk.ee\/lt\/#organization"},"potentialAction":[{"@type":"SearchAction","target":{"@type":"EntryPoint","urlTemplate":"https:\/\/toidupakk.ee\/lt\/?s={search_term_string}"},"query-input":{"@type":"PropertyValueSpecification","valueRequired":true,"valueName":"search_term_string"}}],"inLanguage":"lt-LT"},{"@type":"Organization","@id":"https:\/\/toidupakk.ee\/lt\/#organization","name":"Tactical Foodpack matkaeined","url":"https:\/\/toidupakk.ee\/lt\/","logo":{"@type":"ImageObject","inLanguage":"lt-LT","@id":"https:\/\/toidupakk.ee\/lt\/#\/schema\/logo\/image\/","url":"https:\/\/toidupakk.ee\/wp-content\/uploads\/2022\/01\/Toidupakk-matkapood-logo-transparent.png","contentUrl":"https:\/\/toidupakk.ee\/wp-content\/uploads\/2022\/01\/Toidupakk-matkapood-logo-transparent.png","width":500,"height":500,"caption":"Tactical Foodpack matkaeined"},"image":{"@id":"https:\/\/toidupakk.ee\/lt\/#\/schema\/logo\/image\/"},"sameAs":["https:\/\/www.facebook.com\/Toidupakk","https:\/\/www.instagram.com\/toidupakk\/"]}]}},"jetpack_sharing_enabled":true,"_links":{"self":[{"href":"https:\/\/toidupakk.ee\/lt\/wp-json\/wp\/v2\/product\/48382","targetHints":{"allow":["GET"]}}],"collection":[{"href":"https:\/\/toidupakk.ee\/lt\/wp-json\/wp\/v2\/product"}],"about":[{"href":"https:\/\/toidupakk.ee\/lt\/wp-json\/wp\/v2\/types\/product"}],"replies":[{"embeddable":true,"href":"https:\/\/toidupakk.ee\/lt\/wp-json\/wp\/v2\/comments?post=48382"}],"wp:featuredmedia":[{"embeddable":true,"href":"https:\/\/toidupakk.ee\/lt\/wp-json\/wp\/v2\/media\/22535"}],"wp:attachment":[{"href":"https:\/\/toidupakk.ee\/lt\/wp-json\/wp\/v2\/media?parent=48382"}],"wp:term":[{"taxonomy":"product_brand","embeddable":true,"href":"https:\/\/toidupakk.ee\/lt\/wp-json\/wp\/v2\/product_brand?post=48382"},{"taxonomy":"product_cat","embeddable":true,"href":"https:\/\/toidupakk.ee\/lt\/wp-json\/wp\/v2\/product_cat?post=48382"},{"taxonomy":"product_tag","embeddable":true,"href":"https:\/\/toidupakk.ee\/lt\/wp-json\/wp\/v2\/product_tag?post=48382"}],"curies":[{"name":"wp","href":"https:\/\/api.w.org\/{rel}","templated":true}]}}