{"id":48351,"date":"2023-08-24T10:53:44","date_gmt":"2023-08-24T07:53:44","guid":{"rendered":"https:\/\/toidupakk.ee\/toode\/kepure-su-snapeliu-flexfit-camo\/"},"modified":"2026-04-16T00:31:40","modified_gmt":"2026-04-15T21:31:40","slug":"kepure-su-snapeliu-flexfit-camo","status":"publish","type":"product","link":"https:\/\/toidupakk.ee\/lt\/toode\/kepure-su-snapeliu-flexfit-camo\/","title":{"rendered":"Kepur\u0117 su snapeliu \u201eFlexfit Camo\u201c"},"content":{"rendered":"<p>\u201eFlexfit\u201c \u2013 stilinga ir patogi kepur\u0117 su snapeliu, turinti tampri\u0105 \u201eA-Flex\u201c juost\u0105, u\u017etikrinan\u010di\u0105 komfort\u0105 d\u0117vint. \u0160i tiksliai priglundanti beisbolo tipo kepur\u0117 ypa\u010d populiari tarp kari\u0161ki\u0173, nes suteikia patogumo ir stiliaus aktyviems \u017emon\u0117ms. <\/p>\n<p>\u201eFlexfit\u201c kepur\u0117s tampri \u201eA-Flex\u201c juosta leid\u017eia jai prisitaikyti prie \u012fvairaus dyd\u017eio galv\u0173, u\u017etikrinant ideal\u0173 prigludim\u0105 ir komfort\u0105 be papildomo reguliavimo. Tai puikus pasirinkimas ie\u0161kantiems patogumo ir stiliaus tiek kasdienai, tiek nuotykiams gamtoje. <\/p>\n<p>\u0160i kepur\u0117 puikiai tinka tiek vyrams, tiek moterims \u2013 tai stilingas ir prakti\u0161kas aksesuaras, papildantis \u012fvairi\u0105 aprang\u0105. \u201eFostex Garments\u201c prek\u0117s \u017eenklo kokyb\u0117 garantuoja patvarum\u0105 bei patikimum\u0105, tod\u0117l \u0161i kepur\u0117 yra geid\u017eiamas pasirinkimas vertinantiems kokyb\u0119 ir mading\u0105 dizain\u0105. <\/p>\n<p data-wp-editing=\"1\"><img decoding=\"async\" class=\"alignnone size-medium wp-image-13181\" src=\"https:\/\/toidupakk.ee\/wp-content\/uploads\/2023\/08\/bleach_2.png\" alt=\"\" width=\"120\" height=\"120\" srcset=\"https:\/\/toidupakk.ee\/wp-content\/uploads\/2023\/08\/bleach_2.png 120w, https:\/\/toidupakk.ee\/wp-content\/uploads\/2023\/08\/bleach_2-100x100.png 100w\" sizes=\"(max-width: 120px) 100vw, 120px\" \/><img decoding=\"async\" class=\"alignnone size-full wp-image-13180\" src=\"https:\/\/toidupakk.ee\/wp-content\/uploads\/2023\/08\/washing_4.png\" alt=\"\" width=\"120\" height=\"120\" srcset=\"https:\/\/toidupakk.ee\/wp-content\/uploads\/2023\/08\/washing_4.png 120w, https:\/\/toidupakk.ee\/wp-content\/uploads\/2023\/08\/washing_4-100x100.png 100w\" sizes=\"(max-width: 120px) 100vw, 120px\" \/><img decoding=\"async\" class=\"alignnone size-full wp-image-13179\" src=\"https:\/\/toidupakk.ee\/wp-content\/uploads\/2023\/08\/drying_3.png\" alt=\"\" width=\"120\" height=\"120\" srcset=\"https:\/\/toidupakk.ee\/wp-content\/uploads\/2023\/08\/drying_3.png 120w, https:\/\/toidupakk.ee\/wp-content\/uploads\/2023\/08\/drying_3-100x100.png 100w\" sizes=\"(max-width: 120px) 100vw, 120px\" \/><img loading=\"lazy\" decoding=\"async\" class=\"alignnone size-full wp-image-13178\" src=\"https:\/\/toidupakk.ee\/wp-content\/uploads\/2023\/08\/ironing_2.png\" alt=\"\" width=\"120\" height=\"120\" srcset=\"https:\/\/toidupakk.ee\/wp-content\/uploads\/2023\/08\/ironing_2.png 120w, https:\/\/toidupakk.ee\/wp-content\/uploads\/2023\/08\/ironing_2-100x100.png 100w\" sizes=\"(max-width: 120px) 100vw, 120px\" \/><img loading=\"lazy\" decoding=\"async\" class=\"alignnone size-full wp-image-13177\" src=\"https:\/\/toidupakk.ee\/wp-content\/uploads\/2023\/08\/professional_cleaning_1.png\" alt=\"\" width=\"120\" height=\"120\" srcset=\"https:\/\/toidupakk.ee\/wp-content\/uploads\/2023\/08\/professional_cleaning_1.png 120w, https:\/\/toidupakk.ee\/wp-content\/uploads\/2023\/08\/professional_cleaning_1-100x100.png 100w\" sizes=\"(max-width: 120px) 100vw, 120px\" \/><\/p>\n<p>&nbsp;<\/p>\n<p><img loading=\"lazy\" decoding=\"async\" class=\"alignnone size-medium wp-image-12692\" src=\"https:\/\/toidupakk.ee\/wp-content\/uploads\/2023\/08\/Fostex-Garments-logo-300x126.png\" alt=\"\u201efostex\u201c logotipas\" width=\"300\" height=\"126\" srcset=\"https:\/\/toidupakk.ee\/wp-content\/uploads\/2023\/08\/Fostex-Garments-logo-300x126.png 300w, https:\/\/toidupakk.ee\/wp-content\/uploads\/2023\/08\/Fostex-Garments-logo.png 420w\" sizes=\"(max-width: 300px) 100vw, 300px\" \/><\/p>\n<p>Pasisemk \u012fkv\u0117pimo kitiems nuotykiams \u201eToidupakk\u201c <a href=\"https:\/\/www.instagram.com\/toidupakk\/\">Instagram<\/a> ir <a href=\"https:\/\/www.facebook.com\/Toidupakk\/\">Facebook<\/a> paskyrose.<\/p>\n<p>\u017di\u016br\u0117k \u017eygio reikmenis <a href=\"https:\/\/toidupakk.ee\/lt\/tootekategooria\/zygio-iranga\/#section-3-79\">\u010cIA<\/a>.<\/p>\n","protected":false},"excerpt":{"rendered":"<p>\u201eFlexfit\u201c \u2013 stilinga ir patogi kepur\u0117 su snapeliu ir tampria \u201eA-Flex\u201c juosta, puikiai tinkanti aktyviam gyvenimo b\u016bdui ir ypa\u010d m\u0117gstama kari\u0161ki\u0173. Idealiai tinka tiems, kurie teikia pirmenyb\u0119 juodai aprangai. \u201eA-Flex\u201c technologija u\u017etikrina mink\u0161tum\u0105 ir komfort\u0105 d\u0117vint.  <\/p>\n<ul>\n<li>Spalva: kamuflia\u017ein\u0117 \/ mi\u0161ko spalv\u0173<\/li>\n<li>Dydis: \u201eFlexfit\u201c \u2013 <em>vienas dydis visiems \/ universalus dydis d\u0117l \u201eFlexfit\u201c technologijos<\/em><\/li>\n<\/ul>\n<p>\u2705 Pristatymas per 1\u20133 darbo dienas<br \/>\n\u2705 NEMOKAMAS gr\u0105\u017einimas ir keitimas<\/p>\n","protected":false},"featured_media":13182,"comment_status":"open","ping_status":"closed","template":"","meta":{"_acf_changed":false},"product_brand":[],"product_cat":[284,191,189,190],"product_tag":[],"class_list":{"0":"post-48351","1":"product","2":"type-product","3":"status-publish","4":"has-post-thumbnail","6":"product_cat-beisbolo-kepures","7":"product_cat-drabuziai","8":"product_cat-zygio-iranga","9":"product_cat-zygio-prekes","11":"first","12":"instock","13":"sale","14":"taxable","15":"shipping-taxable","16":"purchasable","17":"product-type-simple"},"bundled_by":[],"bundle_stock_status":"instock","bundle_stock_quantity":5,"bundle_virtual":false,"bundle_layout":"","bundle_add_to_cart_form_location":"","bundle_editable_in_cart":false,"bundle_sold_individually_context":"","bundle_item_grouping":"","bundle_min_size":"","bundle_max_size":"","bundle_price":[],"bundled_items":[],"bundle_sell_ids":[],"acf":[],"yoast_head":"<!-- This site is optimized with the Yoast SEO plugin v27.3 - https:\/\/yoast.com\/product\/yoast-seo-wordpress\/ -->\n<title>Kepur\u0117 su snapeliu \u201eFlexfit Camo\u201c<\/title>\n<meta name=\"description\" content=\"\u201eFlexfit\u201c yra universali kepur\u0117 su snapeliu ir patogia tampria juosta, puikiai tinkanti aktyv\u0173 gyvenimo b\u016bd\u0105 m\u0117gstantiems \u017emon\u0117ms.\" \/>\n<meta name=\"robots\" content=\"index, follow, max-snippet:-1, max-image-preview:large, max-video-preview:-1\" \/>\n<link rel=\"canonical\" href=\"https:\/\/toidupakk.ee\/lt\/toode\/kepure-su-snapeliu-flexfit-camo\/\" \/>\n<meta property=\"og:locale\" content=\"lt_LT\" \/>\n<meta property=\"og:type\" content=\"article\" \/>\n<meta property=\"og:title\" content=\"Kepur\u0117 su snapeliu \u201eFlexfit Camo\u201c\" \/>\n<meta property=\"og:description\" content=\"\u201eFlexfit\u201c yra universali kepur\u0117 su snapeliu ir patogia tampria juosta, puikiai tinkanti aktyv\u0173 gyvenimo b\u016bd\u0105 m\u0117gstantiems \u017emon\u0117ms.\" \/>\n<meta property=\"og:url\" content=\"https:\/\/toidupakk.ee\/lt\/toode\/kepure-su-snapeliu-flexfit-camo\/\" \/>\n<meta property=\"og:site_name\" content=\"Toidupakk.ee - Tactical Foodpack toidupakid\" \/>\n<meta property=\"article:publisher\" content=\"https:\/\/www.facebook.com\/Toidupakk\" \/>\n<meta property=\"article:modified_time\" content=\"2026-04-15T21:31:40+00:00\" \/>\n<meta property=\"og:image\" content=\"https:\/\/toidupakk.ee\/wp-content\/uploads\/2023\/08\/Nokamuts-Flexfit-Camo.png\" \/>\n\t<meta property=\"og:image:width\" content=\"1080\" \/>\n\t<meta property=\"og:image:height\" content=\"1080\" \/>\n\t<meta property=\"og:image:type\" content=\"image\/png\" \/>\n<meta name=\"twitter:card\" content=\"summary_large_image\" \/>\n<meta name=\"twitter:label1\" content=\"Est. reading time\" \/>\n\t<meta name=\"twitter:data1\" content=\"1 minut\u0117\" \/>\n<script type=\"application\/ld+json\" class=\"yoast-schema-graph\">{\"@context\":\"https:\\\/\\\/schema.org\",\"@graph\":[{\"@type\":\"WebPage\",\"@id\":\"https:\\\/\\\/toidupakk.ee\\\/lt\\\/toode\\\/kepure-su-snapeliu-flexfit-camo\\\/\",\"url\":\"https:\\\/\\\/toidupakk.ee\\\/lt\\\/toode\\\/kepure-su-snapeliu-flexfit-camo\\\/\",\"name\":\"Kepur\u0117 su snapeliu \u201eFlexfit Camo\u201c\",\"isPartOf\":{\"@id\":\"https:\\\/\\\/toidupakk.ee\\\/lt\\\/#website\"},\"primaryImageOfPage\":{\"@id\":\"https:\\\/\\\/toidupakk.ee\\\/lt\\\/toode\\\/kepure-su-snapeliu-flexfit-camo\\\/#primaryimage\"},\"image\":{\"@id\":\"https:\\\/\\\/toidupakk.ee\\\/lt\\\/toode\\\/kepure-su-snapeliu-flexfit-camo\\\/#primaryimage\"},\"thumbnailUrl\":\"https:\\\/\\\/toidupakk.ee\\\/wp-content\\\/uploads\\\/2023\\\/08\\\/Nokamuts-Flexfit-Camo.png\",\"datePublished\":\"2023-08-24T07:53:44+00:00\",\"dateModified\":\"2026-04-15T21:31:40+00:00\",\"description\":\"\u201eFlexfit\u201c yra universali kepur\u0117 su snapeliu ir patogia tampria juosta, puikiai tinkanti aktyv\u0173 gyvenimo b\u016bd\u0105 m\u0117gstantiems \u017emon\u0117ms.\",\"breadcrumb\":{\"@id\":\"https:\\\/\\\/toidupakk.ee\\\/lt\\\/toode\\\/kepure-su-snapeliu-flexfit-camo\\\/#breadcrumb\"},\"inLanguage\":\"lt-LT\",\"potentialAction\":[{\"@type\":\"ReadAction\",\"target\":[\"https:\\\/\\\/toidupakk.ee\\\/lt\\\/toode\\\/kepure-su-snapeliu-flexfit-camo\\\/\"]}]},{\"@type\":\"ImageObject\",\"inLanguage\":\"lt-LT\",\"@id\":\"https:\\\/\\\/toidupakk.ee\\\/lt\\\/toode\\\/kepure-su-snapeliu-flexfit-camo\\\/#primaryimage\",\"url\":\"https:\\\/\\\/toidupakk.ee\\\/wp-content\\\/uploads\\\/2023\\\/08\\\/Nokamuts-Flexfit-Camo.png\",\"contentUrl\":\"https:\\\/\\\/toidupakk.ee\\\/wp-content\\\/uploads\\\/2023\\\/08\\\/Nokamuts-Flexfit-Camo.png\",\"width\":1080,\"height\":1080},{\"@type\":\"BreadcrumbList\",\"@id\":\"https:\\\/\\\/toidupakk.ee\\\/lt\\\/toode\\\/kepure-su-snapeliu-flexfit-camo\\\/#breadcrumb\",\"itemListElement\":[{\"@type\":\"ListItem\",\"position\":1,\"name\":\"Avaleht\",\"item\":\"https:\\\/\\\/toidupakk.ee\\\/lt\\\/\"},{\"@type\":\"ListItem\",\"position\":2,\"name\":\"El. parduotuv\u0117\",\"item\":\"https:\\\/\\\/toidupakk.ee\\\/lt\\\/el-parduotuve\\\/\"},{\"@type\":\"ListItem\",\"position\":3,\"name\":\"Kepur\u0117 su snapeliu \u201eFlexfit Camo\u201c\"}]},{\"@type\":\"WebSite\",\"@id\":\"https:\\\/\\\/toidupakk.ee\\\/lt\\\/#website\",\"url\":\"https:\\\/\\\/toidupakk.ee\\\/lt\\\/\",\"name\":\"Toidupakk.ee - Tactical Foodpack toidupakid\",\"description\":\"Tactical Foodpack k\u00fclmkuivatatud toidupakid ja matkaeined\",\"publisher\":{\"@id\":\"https:\\\/\\\/toidupakk.ee\\\/lt\\\/#organization\"},\"potentialAction\":[{\"@type\":\"SearchAction\",\"target\":{\"@type\":\"EntryPoint\",\"urlTemplate\":\"https:\\\/\\\/toidupakk.ee\\\/lt\\\/?s={search_term_string}\"},\"query-input\":{\"@type\":\"PropertyValueSpecification\",\"valueRequired\":true,\"valueName\":\"search_term_string\"}}],\"inLanguage\":\"lt-LT\"},{\"@type\":\"Organization\",\"@id\":\"https:\\\/\\\/toidupakk.ee\\\/lt\\\/#organization\",\"name\":\"Tactical Foodpack matkaeined\",\"url\":\"https:\\\/\\\/toidupakk.ee\\\/lt\\\/\",\"logo\":{\"@type\":\"ImageObject\",\"inLanguage\":\"lt-LT\",\"@id\":\"https:\\\/\\\/toidupakk.ee\\\/lt\\\/#\\\/schema\\\/logo\\\/image\\\/\",\"url\":\"https:\\\/\\\/toidupakk.ee\\\/wp-content\\\/uploads\\\/2022\\\/01\\\/Toidupakk-matkapood-logo-transparent.png\",\"contentUrl\":\"https:\\\/\\\/toidupakk.ee\\\/wp-content\\\/uploads\\\/2022\\\/01\\\/Toidupakk-matkapood-logo-transparent.png\",\"width\":500,\"height\":500,\"caption\":\"Tactical Foodpack matkaeined\"},\"image\":{\"@id\":\"https:\\\/\\\/toidupakk.ee\\\/lt\\\/#\\\/schema\\\/logo\\\/image\\\/\"},\"sameAs\":[\"https:\\\/\\\/www.facebook.com\\\/Toidupakk\",\"https:\\\/\\\/www.instagram.com\\\/toidupakk\\\/\"]}]}<\/script>\n<!-- \/ Yoast SEO plugin. -->","yoast_head_json":{"title":"Kepur\u0117 su snapeliu \u201eFlexfit Camo\u201c","description":"\u201eFlexfit\u201c yra universali kepur\u0117 su snapeliu ir patogia tampria juosta, puikiai tinkanti aktyv\u0173 gyvenimo b\u016bd\u0105 m\u0117gstantiems \u017emon\u0117ms.","robots":{"index":"index","follow":"follow","max-snippet":"max-snippet:-1","max-image-preview":"max-image-preview:large","max-video-preview":"max-video-preview:-1"},"canonical":"https:\/\/toidupakk.ee\/lt\/toode\/kepure-su-snapeliu-flexfit-camo\/","og_locale":"lt_LT","og_type":"article","og_title":"Kepur\u0117 su snapeliu \u201eFlexfit Camo\u201c","og_description":"\u201eFlexfit\u201c yra universali kepur\u0117 su snapeliu ir patogia tampria juosta, puikiai tinkanti aktyv\u0173 gyvenimo b\u016bd\u0105 m\u0117gstantiems \u017emon\u0117ms.","og_url":"https:\/\/toidupakk.ee\/lt\/toode\/kepure-su-snapeliu-flexfit-camo\/","og_site_name":"Toidupakk.ee - Tactical Foodpack toidupakid","article_publisher":"https:\/\/www.facebook.com\/Toidupakk","article_modified_time":"2026-04-15T21:31:40+00:00","og_image":[{"width":1080,"height":1080,"url":"https:\/\/toidupakk.ee\/wp-content\/uploads\/2023\/08\/Nokamuts-Flexfit-Camo.png","type":"image\/png"}],"twitter_card":"summary_large_image","twitter_misc":{"Est. reading time":"1 minut\u0117"},"schema":{"@context":"https:\/\/schema.org","@graph":[{"@type":"WebPage","@id":"https:\/\/toidupakk.ee\/lt\/toode\/kepure-su-snapeliu-flexfit-camo\/","url":"https:\/\/toidupakk.ee\/lt\/toode\/kepure-su-snapeliu-flexfit-camo\/","name":"Kepur\u0117 su snapeliu \u201eFlexfit Camo\u201c","isPartOf":{"@id":"https:\/\/toidupakk.ee\/lt\/#website"},"primaryImageOfPage":{"@id":"https:\/\/toidupakk.ee\/lt\/toode\/kepure-su-snapeliu-flexfit-camo\/#primaryimage"},"image":{"@id":"https:\/\/toidupakk.ee\/lt\/toode\/kepure-su-snapeliu-flexfit-camo\/#primaryimage"},"thumbnailUrl":"https:\/\/toidupakk.ee\/wp-content\/uploads\/2023\/08\/Nokamuts-Flexfit-Camo.png","datePublished":"2023-08-24T07:53:44+00:00","dateModified":"2026-04-15T21:31:40+00:00","description":"\u201eFlexfit\u201c yra universali kepur\u0117 su snapeliu ir patogia tampria juosta, puikiai tinkanti aktyv\u0173 gyvenimo b\u016bd\u0105 m\u0117gstantiems \u017emon\u0117ms.","breadcrumb":{"@id":"https:\/\/toidupakk.ee\/lt\/toode\/kepure-su-snapeliu-flexfit-camo\/#breadcrumb"},"inLanguage":"lt-LT","potentialAction":[{"@type":"ReadAction","target":["https:\/\/toidupakk.ee\/lt\/toode\/kepure-su-snapeliu-flexfit-camo\/"]}]},{"@type":"ImageObject","inLanguage":"lt-LT","@id":"https:\/\/toidupakk.ee\/lt\/toode\/kepure-su-snapeliu-flexfit-camo\/#primaryimage","url":"https:\/\/toidupakk.ee\/wp-content\/uploads\/2023\/08\/Nokamuts-Flexfit-Camo.png","contentUrl":"https:\/\/toidupakk.ee\/wp-content\/uploads\/2023\/08\/Nokamuts-Flexfit-Camo.png","width":1080,"height":1080},{"@type":"BreadcrumbList","@id":"https:\/\/toidupakk.ee\/lt\/toode\/kepure-su-snapeliu-flexfit-camo\/#breadcrumb","itemListElement":[{"@type":"ListItem","position":1,"name":"Avaleht","item":"https:\/\/toidupakk.ee\/lt\/"},{"@type":"ListItem","position":2,"name":"El. parduotuv\u0117","item":"https:\/\/toidupakk.ee\/lt\/el-parduotuve\/"},{"@type":"ListItem","position":3,"name":"Kepur\u0117 su snapeliu \u201eFlexfit Camo\u201c"}]},{"@type":"WebSite","@id":"https:\/\/toidupakk.ee\/lt\/#website","url":"https:\/\/toidupakk.ee\/lt\/","name":"Toidupakk.ee - Tactical Foodpack toidupakid","description":"Tactical Foodpack k\u00fclmkuivatatud toidupakid ja matkaeined","publisher":{"@id":"https:\/\/toidupakk.ee\/lt\/#organization"},"potentialAction":[{"@type":"SearchAction","target":{"@type":"EntryPoint","urlTemplate":"https:\/\/toidupakk.ee\/lt\/?s={search_term_string}"},"query-input":{"@type":"PropertyValueSpecification","valueRequired":true,"valueName":"search_term_string"}}],"inLanguage":"lt-LT"},{"@type":"Organization","@id":"https:\/\/toidupakk.ee\/lt\/#organization","name":"Tactical Foodpack matkaeined","url":"https:\/\/toidupakk.ee\/lt\/","logo":{"@type":"ImageObject","inLanguage":"lt-LT","@id":"https:\/\/toidupakk.ee\/lt\/#\/schema\/logo\/image\/","url":"https:\/\/toidupakk.ee\/wp-content\/uploads\/2022\/01\/Toidupakk-matkapood-logo-transparent.png","contentUrl":"https:\/\/toidupakk.ee\/wp-content\/uploads\/2022\/01\/Toidupakk-matkapood-logo-transparent.png","width":500,"height":500,"caption":"Tactical Foodpack matkaeined"},"image":{"@id":"https:\/\/toidupakk.ee\/lt\/#\/schema\/logo\/image\/"},"sameAs":["https:\/\/www.facebook.com\/Toidupakk","https:\/\/www.instagram.com\/toidupakk\/"]}]}},"jetpack_sharing_enabled":true,"_links":{"self":[{"href":"https:\/\/toidupakk.ee\/lt\/wp-json\/wp\/v2\/product\/48351","targetHints":{"allow":["GET"]}}],"collection":[{"href":"https:\/\/toidupakk.ee\/lt\/wp-json\/wp\/v2\/product"}],"about":[{"href":"https:\/\/toidupakk.ee\/lt\/wp-json\/wp\/v2\/types\/product"}],"replies":[{"embeddable":true,"href":"https:\/\/toidupakk.ee\/lt\/wp-json\/wp\/v2\/comments?post=48351"}],"wp:featuredmedia":[{"embeddable":true,"href":"https:\/\/toidupakk.ee\/lt\/wp-json\/wp\/v2\/media\/13182"}],"wp:attachment":[{"href":"https:\/\/toidupakk.ee\/lt\/wp-json\/wp\/v2\/media?parent=48351"}],"wp:term":[{"taxonomy":"product_brand","embeddable":true,"href":"https:\/\/toidupakk.ee\/lt\/wp-json\/wp\/v2\/product_brand?post=48351"},{"taxonomy":"product_cat","embeddable":true,"href":"https:\/\/toidupakk.ee\/lt\/wp-json\/wp\/v2\/product_cat?post=48351"},{"taxonomy":"product_tag","embeddable":true,"href":"https:\/\/toidupakk.ee\/lt\/wp-json\/wp\/v2\/product_tag?post=48351"}],"curies":[{"name":"wp","href":"https:\/\/api.w.org\/{rel}","templated":true}]}}