{"id":48340,"date":"2024-01-12T12:26:51","date_gmt":"2024-01-12T10:26:51","guid":{"rendered":"https:\/\/toidupakk.ee\/toode\/savaime-prisipuciantis-ciuzinys-hattan-3-8-american-beauty\/"},"modified":"2026-04-04T00:01:25","modified_gmt":"2026-04-03T21:01:25","slug":"savaime-prisipuciantis-ciuzinys-hattan-3-8-american-beauty","status":"publish","type":"product","link":"https:\/\/toidupakk.ee\/lt\/toode\/savaime-prisipuciantis-ciuzinys-hattan-3-8-american-beauty\/","title":{"rendered":"Savaime prisipu\u010diantis \u010diu\u017einys \u201eHattan 3.8 American Beauty\u201c"},"content":{"rendered":"<h1 class=\"my-1 text-base\">Savaime prisipu\u010diantis \u010diu\u017einys \u201eHattan 3.8 American Beauty\u201c<\/h1>\n<p class=\"my-1 text-base\">Lengvas, savaime prisipu\u010diantis \u010diu\u017einys \u201eHattan\u201c \u017eygiams, stovyklavimui ir kelion\u0117ms. \u010ciu\u017einys u\u017etikrina ger\u0105 miego kokyb\u0119 d\u0117l mink\u0161to ir \u0161velnaus tekstilinio pavir\u0161iaus. Jo apatin\u0117 pus\u0117 padengta med\u017eiaga, neleid\u017eian\u010dia \u010diu\u017einiui slysti grindimis.  <\/p>\n<p class=\"my-1 text-base\">\u010ciu\u017einys turi special\u0173 vo\u017etuv\u0105, kuris leid\u017eia greitai prisip\u016bsti, o po naudojimo \u2013 patogiai i\u0161leisti or\u0105. Siekiant suma\u017einti pakuot\u0117s dyd\u012f, \u010diu\u017einys prie\u0161 suvyniojant yra sulankstomas i\u0161ilgai. <\/p>\n<p><img fetchpriority=\"high\" decoding=\"async\" class=\"alignnone wp-image-13248 size-medium\" src=\"https:\/\/toidupakk.ee\/wp-content\/uploads\/2023\/08\/Isetaituv-madrats-Hattan19-300x300.png\" alt=\"Savaime prisipu\u010diantis \u010diu\u017einys \u201eHattan\u201c\" width=\"300\" height=\"300\" srcset=\"https:\/\/toidupakk.ee\/wp-content\/uploads\/2023\/08\/Isetaituv-madrats-Hattan19-300x300.png 300w, https:\/\/toidupakk.ee\/wp-content\/uploads\/2023\/08\/Isetaituv-madrats-Hattan19-400x400.png 400w, https:\/\/toidupakk.ee\/wp-content\/uploads\/2023\/08\/Isetaituv-madrats-Hattan19-100x100.png 100w, https:\/\/toidupakk.ee\/wp-content\/uploads\/2023\/08\/Isetaituv-madrats-Hattan19-800x800.png 800w, https:\/\/toidupakk.ee\/wp-content\/uploads\/2023\/08\/Isetaituv-madrats-Hattan19-1024x1024.png 1024w, https:\/\/toidupakk.ee\/wp-content\/uploads\/2023\/08\/Isetaituv-madrats-Hattan19-500x500.png 500w, https:\/\/toidupakk.ee\/wp-content\/uploads\/2023\/08\/Isetaituv-madrats-Hattan19-768x768.png 768w, https:\/\/toidupakk.ee\/wp-content\/uploads\/2023\/08\/Isetaituv-madrats-Hattan19.png 1080w\" sizes=\"(max-width: 300px) 100vw, 300px\" \/><\/p>\n<p>Domina maistas \u017eygiams? \u017di\u016br\u0117k <a href=\"\/?product_cat=snakk#section-3-79\">\u010cIA<\/a><\/p>\n<p>Pasisemk \u012fkv\u0117pimo kitiems nuotykiams Toidupakk <a href=\"https:\/\/www.instagram.com\/toidupakk\/\">Instagram<\/a> ir <a href=\"https:\/\/www.facebook.com\/Toidupakk\/\">Facebook<\/a> paskyrose.<\/p>\n","protected":false},"excerpt":{"rendered":"<p><strong>Savaime prisipu\u010diantis \u010diu\u017einys \u201eHattan 3.8 American Beauty\u201c leid\u017eia dr\u0105siai leistis \u012f kit\u0105 nuotyk\u012f gryname ore \u017einant, kad turi patikim\u0105 ir patog\u0173 miego pagrind\u0105.<\/strong><\/p>\n<p><img decoding=\"async\" class=\"alignnone wp-image-11348\" src=\"https:\/\/toidupakk.ee\/wp-content\/uploads\/2023\/07\/grandcanyon-logo.png\" alt=\"\" width=\"178\" height=\"112\" srcset=\"https:\/\/toidupakk.ee\/wp-content\/uploads\/2023\/07\/grandcanyon-logo.png 340w, https:\/\/toidupakk.ee\/wp-content\/uploads\/2023\/07\/grandcanyon-logo-300x189.png 300w\" sizes=\"(max-width: 178px) 100vw, 178px\" \/><\/p>\n<ul class=\"my-1 list-disc pl-4\">\n<li>Storis 3,8 cm<\/li>\n<li>Matmenys: 198 x 63 cm<\/li>\n<li>Svoris 1,28 kg<\/li>\n<li class=\"my-1 text-base\">Minimali \u017eem\u0117s temperat\u016bra: -2,4 \u00b0C<\/li>\n<li class=\"my-1 text-base\">Vir\u0161utinis audinis: 75D poliesteris<\/li>\n<li class=\"my-1 text-base\">Apatinis audinis: 75D poliesteris su neslystan\u010dia danga<\/li>\n<li class=\"my-1 text-base\">U\u017epildas: lengvas PU putplastis, tankis 14 kg \/ m3<\/li>\n<li class=\"my-1 text-base\">U\u017epildo konstrukcija: vertikali perforacija<\/li>\n<li class=\"my-1 text-base\">Matmenys supakavus: L \u00d820 x 33 cm<\/li>\n<li class=\"my-1 text-base\">T\u016bris: 10,3 l<\/li>\n<li>Spalva: \u201eAmerican Beauty\u201c (raudona)<\/li>\n<li>Prek\u0117s \u017eenklas: \u201eGrand Canyon\u201c<\/li>\n<\/ul>\n<p><img decoding=\"async\" class=\"alignnone size-full wp-image-18796\" src=\"https:\/\/toidupakk.ee\/wp-content\/uploads\/2024\/01\/Isetaituv-madrats-hattan-moodud-2.png\" alt=\"\" width=\"400\" height=\"100\" srcset=\"https:\/\/toidupakk.ee\/wp-content\/uploads\/2024\/01\/Isetaituv-madrats-hattan-moodud-2.png 400w, https:\/\/toidupakk.ee\/wp-content\/uploads\/2024\/01\/Isetaituv-madrats-hattan-moodud-2-300x75.png 300w\" sizes=\"(max-width: 400px) 100vw, 400px\" \/><\/p>\n<p>\u2705 Yra sand\u0117lyje, greitas pristatymas per 1\u20133 d. d.<br \/>\n\u2705 NEMOKAMAS gr\u0105\u017einimas ir keitimas<br \/>\n\u2705 Pirk dabar, mok\u0117k v\u0117liau (pal\u016bkanos 0 %)<\/p>\n<p class=\"my-1 text-base\">\n","protected":false},"featured_media":13239,"comment_status":"open","ping_status":"closed","template":"","meta":{"_acf_changed":false},"product_brand":[],"product_cat":[216,189,190],"product_tag":[],"class_list":{"0":"post-48340","1":"product","2":"type-product","3":"status-publish","4":"has-post-thumbnail","6":"product_cat-pripuciami-kilimeliai-turistiniai-kilimeliai","7":"product_cat-zygio-iranga","8":"product_cat-zygio-prekes","10":"first","11":"outofstock","12":"taxable","13":"shipping-taxable","14":"purchasable","15":"product-type-simple"},"bundled_by":[],"bundle_stock_status":"outofstock","bundle_stock_quantity":0,"bundle_virtual":false,"bundle_layout":"","bundle_add_to_cart_form_location":"","bundle_editable_in_cart":false,"bundle_sold_individually_context":"","bundle_item_grouping":"","bundle_min_size":"","bundle_max_size":"","bundle_price":[],"bundled_items":[],"bundle_sell_ids":[],"acf":[],"yoast_head":"<!-- This site is optimized with the Yoast SEO plugin v27.1.1 - https:\/\/yoast.com\/product\/yoast-seo-wordpress\/ -->\n<title>Savaime prisipu\u010diantis \u010diu\u017einys \u201eHattan 3.8 American Beauty\u201c<\/title>\n<meta name=\"description\" content=\"Savaime prisipu\u010diantis \u010diu\u017einys \u201eHattan 3.8 American Beauty\u201c yra lengvas \u010diu\u017einys, skirtas stovyklavimui, \u017eygiams ar kitoms kelion\u0117ms. Specialus vo\u017etuvas leid\u017eia \u010diu\u017einiui greitai prisipildyti oro.\" \/>\n<meta name=\"robots\" content=\"index, follow, max-snippet:-1, max-image-preview:large, max-video-preview:-1\" \/>\n<link rel=\"canonical\" href=\"https:\/\/toidupakk.ee\/lt\/toode\/savaime-prisipuciantis-ciuzinys-hattan-3-8-american-beauty\/\" \/>\n<meta property=\"og:locale\" content=\"lt_LT\" \/>\n<meta property=\"og:type\" content=\"article\" \/>\n<meta property=\"og:title\" content=\"Savaime prisipu\u010diantis \u010diu\u017einys \u201eHattan 3.8 American Beauty\u201c\" \/>\n<meta property=\"og:description\" content=\"Savaime prisipu\u010diantis \u010diu\u017einys \u201eHattan 3.8 American Beauty\u201c yra lengvas \u010diu\u017einys, skirtas stovyklavimui, \u017eygiams ar kitoms kelion\u0117ms. Specialus vo\u017etuvas leid\u017eia \u010diu\u017einiui greitai prisipildyti oro.\" \/>\n<meta property=\"og:url\" content=\"https:\/\/toidupakk.ee\/lt\/toode\/savaime-prisipuciantis-ciuzinys-hattan-3-8-american-beauty\/\" \/>\n<meta property=\"og:site_name\" content=\"Toidupakk.ee - Tactical Foodpack toidupakid\" \/>\n<meta property=\"article:publisher\" content=\"https:\/\/www.facebook.com\/Toidupakk\" \/>\n<meta property=\"article:modified_time\" content=\"2026-04-03T21:01:25+00:00\" \/>\n<meta property=\"og:image\" content=\"https:\/\/toidupakk.ee\/wp-content\/uploads\/2023\/08\/Isetaituv-madrats-Hattan10.png\" \/>\n\t<meta property=\"og:image:width\" content=\"1080\" \/>\n\t<meta property=\"og:image:height\" content=\"1080\" \/>\n\t<meta property=\"og:image:type\" content=\"image\/png\" \/>\n<meta name=\"twitter:card\" content=\"summary_large_image\" \/>\n<script type=\"application\/ld+json\" class=\"yoast-schema-graph\">{\"@context\":\"https:\/\/schema.org\",\"@graph\":[{\"@type\":\"WebPage\",\"@id\":\"https:\/\/toidupakk.ee\/lt\/toode\/savaime-prisipuciantis-ciuzinys-hattan-3-8-american-beauty\/\",\"url\":\"https:\/\/toidupakk.ee\/lt\/toode\/savaime-prisipuciantis-ciuzinys-hattan-3-8-american-beauty\/\",\"name\":\"Savaime prisipu\u010diantis \u010diu\u017einys \u201eHattan 3.8 American Beauty\u201c\",\"isPartOf\":{\"@id\":\"https:\/\/toidupakk.ee\/lt\/#website\"},\"primaryImageOfPage\":{\"@id\":\"https:\/\/toidupakk.ee\/lt\/toode\/savaime-prisipuciantis-ciuzinys-hattan-3-8-american-beauty\/#primaryimage\"},\"image\":{\"@id\":\"https:\/\/toidupakk.ee\/lt\/toode\/savaime-prisipuciantis-ciuzinys-hattan-3-8-american-beauty\/#primaryimage\"},\"thumbnailUrl\":\"https:\/\/toidupakk.ee\/wp-content\/uploads\/2023\/08\/Isetaituv-madrats-Hattan10.png\",\"datePublished\":\"2024-01-12T10:26:51+00:00\",\"dateModified\":\"2026-04-03T21:01:25+00:00\",\"description\":\"Savaime prisipu\u010diantis \u010diu\u017einys \u201eHattan 3.8 American Beauty\u201c yra lengvas \u010diu\u017einys, skirtas stovyklavimui, \u017eygiams ar kitoms kelion\u0117ms. Specialus vo\u017etuvas leid\u017eia \u010diu\u017einiui greitai prisipildyti oro.\",\"breadcrumb\":{\"@id\":\"https:\/\/toidupakk.ee\/lt\/toode\/savaime-prisipuciantis-ciuzinys-hattan-3-8-american-beauty\/#breadcrumb\"},\"inLanguage\":\"lt-LT\",\"potentialAction\":[{\"@type\":\"ReadAction\",\"target\":[\"https:\/\/toidupakk.ee\/lt\/toode\/savaime-prisipuciantis-ciuzinys-hattan-3-8-american-beauty\/\"]}]},{\"@type\":\"ImageObject\",\"inLanguage\":\"lt-LT\",\"@id\":\"https:\/\/toidupakk.ee\/lt\/toode\/savaime-prisipuciantis-ciuzinys-hattan-3-8-american-beauty\/#primaryimage\",\"url\":\"https:\/\/toidupakk.ee\/wp-content\/uploads\/2023\/08\/Isetaituv-madrats-Hattan10.png\",\"contentUrl\":\"https:\/\/toidupakk.ee\/wp-content\/uploads\/2023\/08\/Isetaituv-madrats-Hattan10.png\",\"width\":1080,\"height\":1080,\"caption\":\"Iset\u00e4ituv madrats Hattan American Beauty\"},{\"@type\":\"BreadcrumbList\",\"@id\":\"https:\/\/toidupakk.ee\/lt\/toode\/savaime-prisipuciantis-ciuzinys-hattan-3-8-american-beauty\/#breadcrumb\",\"itemListElement\":[{\"@type\":\"ListItem\",\"position\":1,\"name\":\"Avaleht\",\"item\":\"https:\/\/toidupakk.ee\/lt\/\"},{\"@type\":\"ListItem\",\"position\":2,\"name\":\"El. parduotuv\u0117\",\"item\":\"https:\/\/toidupakk.ee\/lt\/el-parduotuve\/\"},{\"@type\":\"ListItem\",\"position\":3,\"name\":\"Savaime prisipu\u010diantis \u010diu\u017einys \u201eHattan 3.8 American Beauty\u201c\"}]},{\"@type\":\"WebSite\",\"@id\":\"https:\/\/toidupakk.ee\/lt\/#website\",\"url\":\"https:\/\/toidupakk.ee\/lt\/\",\"name\":\"Toidupakk.ee - Tactical Foodpack toidupakid\",\"description\":\"Tactical Foodpack k\u00fclmkuivatatud toidupakid ja matkaeined\",\"publisher\":{\"@id\":\"https:\/\/toidupakk.ee\/lt\/#organization\"},\"potentialAction\":[{\"@type\":\"SearchAction\",\"target\":{\"@type\":\"EntryPoint\",\"urlTemplate\":\"https:\/\/toidupakk.ee\/lt\/?s={search_term_string}\"},\"query-input\":{\"@type\":\"PropertyValueSpecification\",\"valueRequired\":true,\"valueName\":\"search_term_string\"}}],\"inLanguage\":\"lt-LT\"},{\"@type\":\"Organization\",\"@id\":\"https:\/\/toidupakk.ee\/lt\/#organization\",\"name\":\"Tactical Foodpack matkaeined\",\"url\":\"https:\/\/toidupakk.ee\/lt\/\",\"logo\":{\"@type\":\"ImageObject\",\"inLanguage\":\"lt-LT\",\"@id\":\"https:\/\/toidupakk.ee\/lt\/#\/schema\/logo\/image\/\",\"url\":\"https:\/\/toidupakk.ee\/wp-content\/uploads\/2022\/01\/Toidupakk-matkapood-logo-transparent.png\",\"contentUrl\":\"https:\/\/toidupakk.ee\/wp-content\/uploads\/2022\/01\/Toidupakk-matkapood-logo-transparent.png\",\"width\":500,\"height\":500,\"caption\":\"Tactical Foodpack matkaeined\"},\"image\":{\"@id\":\"https:\/\/toidupakk.ee\/lt\/#\/schema\/logo\/image\/\"},\"sameAs\":[\"https:\/\/www.facebook.com\/Toidupakk\",\"https:\/\/www.instagram.com\/toidupakk\/\"]}]}<\/script>\n<!-- \/ Yoast SEO plugin. -->","yoast_head_json":{"title":"Savaime prisipu\u010diantis \u010diu\u017einys \u201eHattan 3.8 American Beauty\u201c","description":"Savaime prisipu\u010diantis \u010diu\u017einys \u201eHattan 3.8 American Beauty\u201c yra lengvas \u010diu\u017einys, skirtas stovyklavimui, \u017eygiams ar kitoms kelion\u0117ms. Specialus vo\u017etuvas leid\u017eia \u010diu\u017einiui greitai prisipildyti oro.","robots":{"index":"index","follow":"follow","max-snippet":"max-snippet:-1","max-image-preview":"max-image-preview:large","max-video-preview":"max-video-preview:-1"},"canonical":"https:\/\/toidupakk.ee\/lt\/toode\/savaime-prisipuciantis-ciuzinys-hattan-3-8-american-beauty\/","og_locale":"lt_LT","og_type":"article","og_title":"Savaime prisipu\u010diantis \u010diu\u017einys \u201eHattan 3.8 American Beauty\u201c","og_description":"Savaime prisipu\u010diantis \u010diu\u017einys \u201eHattan 3.8 American Beauty\u201c yra lengvas \u010diu\u017einys, skirtas stovyklavimui, \u017eygiams ar kitoms kelion\u0117ms. Specialus vo\u017etuvas leid\u017eia \u010diu\u017einiui greitai prisipildyti oro.","og_url":"https:\/\/toidupakk.ee\/lt\/toode\/savaime-prisipuciantis-ciuzinys-hattan-3-8-american-beauty\/","og_site_name":"Toidupakk.ee - Tactical Foodpack toidupakid","article_publisher":"https:\/\/www.facebook.com\/Toidupakk","article_modified_time":"2026-04-03T21:01:25+00:00","og_image":[{"width":1080,"height":1080,"url":"https:\/\/toidupakk.ee\/wp-content\/uploads\/2023\/08\/Isetaituv-madrats-Hattan10.png","type":"image\/png"}],"twitter_card":"summary_large_image","schema":{"@context":"https:\/\/schema.org","@graph":[{"@type":"WebPage","@id":"https:\/\/toidupakk.ee\/lt\/toode\/savaime-prisipuciantis-ciuzinys-hattan-3-8-american-beauty\/","url":"https:\/\/toidupakk.ee\/lt\/toode\/savaime-prisipuciantis-ciuzinys-hattan-3-8-american-beauty\/","name":"Savaime prisipu\u010diantis \u010diu\u017einys \u201eHattan 3.8 American Beauty\u201c","isPartOf":{"@id":"https:\/\/toidupakk.ee\/lt\/#website"},"primaryImageOfPage":{"@id":"https:\/\/toidupakk.ee\/lt\/toode\/savaime-prisipuciantis-ciuzinys-hattan-3-8-american-beauty\/#primaryimage"},"image":{"@id":"https:\/\/toidupakk.ee\/lt\/toode\/savaime-prisipuciantis-ciuzinys-hattan-3-8-american-beauty\/#primaryimage"},"thumbnailUrl":"https:\/\/toidupakk.ee\/wp-content\/uploads\/2023\/08\/Isetaituv-madrats-Hattan10.png","datePublished":"2024-01-12T10:26:51+00:00","dateModified":"2026-04-03T21:01:25+00:00","description":"Savaime prisipu\u010diantis \u010diu\u017einys \u201eHattan 3.8 American Beauty\u201c yra lengvas \u010diu\u017einys, skirtas stovyklavimui, \u017eygiams ar kitoms kelion\u0117ms. Specialus vo\u017etuvas leid\u017eia \u010diu\u017einiui greitai prisipildyti oro.","breadcrumb":{"@id":"https:\/\/toidupakk.ee\/lt\/toode\/savaime-prisipuciantis-ciuzinys-hattan-3-8-american-beauty\/#breadcrumb"},"inLanguage":"lt-LT","potentialAction":[{"@type":"ReadAction","target":["https:\/\/toidupakk.ee\/lt\/toode\/savaime-prisipuciantis-ciuzinys-hattan-3-8-american-beauty\/"]}]},{"@type":"ImageObject","inLanguage":"lt-LT","@id":"https:\/\/toidupakk.ee\/lt\/toode\/savaime-prisipuciantis-ciuzinys-hattan-3-8-american-beauty\/#primaryimage","url":"https:\/\/toidupakk.ee\/wp-content\/uploads\/2023\/08\/Isetaituv-madrats-Hattan10.png","contentUrl":"https:\/\/toidupakk.ee\/wp-content\/uploads\/2023\/08\/Isetaituv-madrats-Hattan10.png","width":1080,"height":1080,"caption":"Iset\u00e4ituv madrats Hattan American Beauty"},{"@type":"BreadcrumbList","@id":"https:\/\/toidupakk.ee\/lt\/toode\/savaime-prisipuciantis-ciuzinys-hattan-3-8-american-beauty\/#breadcrumb","itemListElement":[{"@type":"ListItem","position":1,"name":"Avaleht","item":"https:\/\/toidupakk.ee\/lt\/"},{"@type":"ListItem","position":2,"name":"El. parduotuv\u0117","item":"https:\/\/toidupakk.ee\/lt\/el-parduotuve\/"},{"@type":"ListItem","position":3,"name":"Savaime prisipu\u010diantis \u010diu\u017einys \u201eHattan 3.8 American Beauty\u201c"}]},{"@type":"WebSite","@id":"https:\/\/toidupakk.ee\/lt\/#website","url":"https:\/\/toidupakk.ee\/lt\/","name":"Toidupakk.ee - Tactical Foodpack toidupakid","description":"Tactical Foodpack k\u00fclmkuivatatud toidupakid ja matkaeined","publisher":{"@id":"https:\/\/toidupakk.ee\/lt\/#organization"},"potentialAction":[{"@type":"SearchAction","target":{"@type":"EntryPoint","urlTemplate":"https:\/\/toidupakk.ee\/lt\/?s={search_term_string}"},"query-input":{"@type":"PropertyValueSpecification","valueRequired":true,"valueName":"search_term_string"}}],"inLanguage":"lt-LT"},{"@type":"Organization","@id":"https:\/\/toidupakk.ee\/lt\/#organization","name":"Tactical Foodpack matkaeined","url":"https:\/\/toidupakk.ee\/lt\/","logo":{"@type":"ImageObject","inLanguage":"lt-LT","@id":"https:\/\/toidupakk.ee\/lt\/#\/schema\/logo\/image\/","url":"https:\/\/toidupakk.ee\/wp-content\/uploads\/2022\/01\/Toidupakk-matkapood-logo-transparent.png","contentUrl":"https:\/\/toidupakk.ee\/wp-content\/uploads\/2022\/01\/Toidupakk-matkapood-logo-transparent.png","width":500,"height":500,"caption":"Tactical Foodpack matkaeined"},"image":{"@id":"https:\/\/toidupakk.ee\/lt\/#\/schema\/logo\/image\/"},"sameAs":["https:\/\/www.facebook.com\/Toidupakk","https:\/\/www.instagram.com\/toidupakk\/"]}]}},"jetpack_sharing_enabled":true,"_links":{"self":[{"href":"https:\/\/toidupakk.ee\/lt\/wp-json\/wp\/v2\/product\/48340","targetHints":{"allow":["GET"]}}],"collection":[{"href":"https:\/\/toidupakk.ee\/lt\/wp-json\/wp\/v2\/product"}],"about":[{"href":"https:\/\/toidupakk.ee\/lt\/wp-json\/wp\/v2\/types\/product"}],"replies":[{"embeddable":true,"href":"https:\/\/toidupakk.ee\/lt\/wp-json\/wp\/v2\/comments?post=48340"}],"wp:featuredmedia":[{"embeddable":true,"href":"https:\/\/toidupakk.ee\/lt\/wp-json\/wp\/v2\/media\/13239"}],"wp:attachment":[{"href":"https:\/\/toidupakk.ee\/lt\/wp-json\/wp\/v2\/media?parent=48340"}],"wp:term":[{"taxonomy":"product_brand","embeddable":true,"href":"https:\/\/toidupakk.ee\/lt\/wp-json\/wp\/v2\/product_brand?post=48340"},{"taxonomy":"product_cat","embeddable":true,"href":"https:\/\/toidupakk.ee\/lt\/wp-json\/wp\/v2\/product_cat?post=48340"},{"taxonomy":"product_tag","embeddable":true,"href":"https:\/\/toidupakk.ee\/lt\/wp-json\/wp\/v2\/product_tag?post=48340"}],"curies":[{"name":"wp","href":"https:\/\/api.w.org\/{rel}","templated":true}]}}