{"id":48339,"date":"2023-08-18T10:42:30","date_gmt":"2023-08-18T07:42:30","guid":{"rendered":"https:\/\/toidupakk.ee\/toode\/isgyvenimo-rinkinys-atsparus-vandeniui\/"},"modified":"2026-04-29T18:01:29","modified_gmt":"2026-04-29T15:01:29","slug":"isgyvenimo-rinkinys-atsparus-vandeniui","status":"publish","type":"product","link":"https:\/\/toidupakk.ee\/lt\/toode\/isgyvenimo-rinkinys-atsparus-vandeniui\/","title":{"rendered":"I\u0161gyvenimo rinkinys (atsparus vandeniui)"},"content":{"rendered":"<p><img fetchpriority=\"high\" decoding=\"async\" class=\"alignright wp-image-9905 size-thumbnail\" src=\"https:\/\/toidupakk.ee\/wp-content\/uploads\/2023\/06\/Ellujaamiskomplekt49-500x500.png\" alt=\"I\u0161gyvenimo rinkinys 3\" width=\"500\" height=\"500\" srcset=\"https:\/\/toidupakk.ee\/wp-content\/uploads\/2023\/06\/Ellujaamiskomplekt49-500x500.png 500w, https:\/\/toidupakk.ee\/wp-content\/uploads\/2023\/06\/Ellujaamiskomplekt49-400x400.png 400w, https:\/\/toidupakk.ee\/wp-content\/uploads\/2023\/06\/Ellujaamiskomplekt49-100x100.png 100w, https:\/\/toidupakk.ee\/wp-content\/uploads\/2023\/06\/Ellujaamiskomplekt49-800x800.png 800w, https:\/\/toidupakk.ee\/wp-content\/uploads\/2023\/06\/Ellujaamiskomplekt49-300x300.png 300w, https:\/\/toidupakk.ee\/wp-content\/uploads\/2023\/06\/Ellujaamiskomplekt49-1024x1024.png 1024w, https:\/\/toidupakk.ee\/wp-content\/uploads\/2023\/06\/Ellujaamiskomplekt49-768x768.png 768w, https:\/\/toidupakk.ee\/wp-content\/uploads\/2023\/06\/Ellujaamiskomplekt49.png 1080w\" sizes=\"(max-width: 500px) 100vw, 500px\" \/><\/p>\n<h1>I\u0161gyvenimo rinkinys tur\u0117t\u0173 b\u016bti kiekvienuose namuose<\/h1>\n<p>I\u0161gyvenimo rinkinio tikslas \u2013 suteikti priemones, pad\u0117sian\u010dias u\u017esikurti ugn\u012f, pasir\u016bpinti saugumu, gauti maisto, \u012fsirengti pastog\u0119 ir duoti signal\u0105 nelaim\u0117s atveju. Svarbu prisiminti, kad rinkinio dalys naudingos i\u0161gyvenimui, ta\u010diau j\u0173 saugus naudojimas reikalauja \u017eini\u0173 ir patirties. <\/p>\n<p>Rinkinys yra atsparus vandeniui, tad tavo \u012franga bus apsaugota nuo dr\u0117gm\u0117s. Tai idealus pasirinkimas ten, kur daug vandens arba kyla rizika su\u0161lapti. <\/p>\n<p>Rinkinys sveria 180 g, tod\u0117l j\u012f lengva ir patogu ne\u0161iotis. Puikiai tinka \u017eygiams, stovyklavimui ir kitoms i\u0161\u0161\u016bki\u0173 kupinoms situacijoms. <\/p>\n<p>\u201eFosco Industries\u201c yra gamintojas, \u017einomas d\u0117l kokybi\u0161kos lauko ir i\u0161gyvenimo \u012frangos. J\u0173 gaminiai patikimi, patvar\u016bs ir veiksmingi net ekstremaliausiomis s\u0105lygomis. <\/p>\n<p>Kit\u0173 \u017eygio preki\u0173 ie\u0161kok <a href=\"https:\/\/toidupakk.ee\/lt\/tootekategooria\/zygio-iranga\/#section-3-79\">\u010cIA<\/a><\/p>\n<p>O gal domiesi \u017eygio maistu? \u017di\u016br\u0117k <a href=\"\/?product_cat=snakk#section-3-79\">\u010cIA<\/a><\/p>\n<p>Pasisemk \u012fkv\u0117pimo kitiems nuotykiams Toidupakk <a href=\"https:\/\/www.instagram.com\/toidupakk\/\">Instagram<\/a> ir <a href=\"https:\/\/www.facebook.com\/Toidupakk\/\">Facebook<\/a> paskyrose.<\/p>\n","protected":false},"excerpt":{"rendered":"<p><strong>I\u0161gyvenimo rinkinyje rasi \u012frankius, b\u016btinus i\u0161gyventi ekstremaliomis s\u0105lygomis. Jis pad\u0117s susitvarkyti nelaim\u0117s atveju ar gamtoje. Sveria 180 g.  <\/strong><\/p>\n<p>I\u0161gyvenimo rinkin\u012f sudaro:<\/p>\n<ul>\n<li><strong>Pj\u016bklas<\/strong> \u0161akoms pjauti ar med\u017eiams versti<\/li>\n<li><strong>Skeltuvas<\/strong> ugniai u\u017ekurti<\/li>\n<li><strong>Kompasas<\/strong> orientavimuisi<\/li>\n<li><strong>Pie\u0161tukas<\/strong> u\u017era\u0161ams<\/li>\n<li><strong>\u017dvak\u0117<\/strong> ugniai u\u017ekurti ar signalui duoti<\/li>\n<li><strong>Tvirtinimo viela<\/strong><\/li>\n<li><strong>Vata<\/strong> ugniai u\u017ekurti<\/li>\n<li><strong>Signalinis veidrod\u0117lis<\/strong> duoti \u017eenkl\u0105 i\u0161 toli<\/li>\n<li><strong>\u017dvejybos kabliukai<\/strong> maistui i\u0161 up\u0117s ar e\u017eero gauti<\/li>\n<li><strong>Siuvimo rinkinys<\/strong><\/li>\n<li><strong>\u0160vilpukas<\/strong><\/li>\n<li><strong>Skustuvo peiliukas<\/strong><\/li>\n<li><strong>I\u0161gyvenimo gamtoje instrukcija.<\/strong> Pirmoji pagalba, vietos nustatymas, signal\u0173 davimas, Morz\u0117s ab\u0117c\u0117l\u0117, ugnies u\u017ek\u016brimas, apsauga nuo \u0161al\u010dio ir dr\u0117gm\u0117s, maisto ir vandens gavimas bei valymas, navigacija, jud\u0117jimas, orientavimasis pagal kompas\u0105 ir saul\u0119 ir kt.<\/li>\n<\/ul>\n<p>\u2705 Turime sand\u0117lyje, greitas pristatymas per 1\u20133 darbo dienas<\/p>\n","protected":false},"featured_media":9903,"comment_status":"open","ping_status":"closed","template":"","meta":{"_acf_changed":false},"product_brand":[],"product_cat":[210,254,200,189,190],"product_tag":[],"class_list":{"0":"post-48339","1":"product","2":"type-product","3":"status-publish","4":"has-post-thumbnail","6":"product_cat-mil-tec","7":"product_cat-pirmosios-pagalbos-rinkiniai","8":"product_cat-praktiskos-dovanu-idejos","9":"product_cat-zygio-iranga","10":"product_cat-zygio-prekes","12":"first","13":"instock","14":"taxable","15":"shipping-taxable","16":"purchasable","17":"product-type-simple"},"bundled_by":[],"bundle_stock_status":"instock","bundle_stock_quantity":10,"bundle_virtual":false,"bundle_layout":"","bundle_add_to_cart_form_location":"","bundle_editable_in_cart":false,"bundle_sold_individually_context":"","bundle_item_grouping":"","bundle_min_size":"","bundle_max_size":"","bundle_price":[],"bundled_items":[],"bundle_sell_ids":[],"acf":[],"yoast_head":"<!-- This site is optimized with the Yoast SEO plugin v27.3 - https:\/\/yoast.com\/product\/yoast-seo-wordpress\/ -->\n<title>I\u0161gyvenimo rinkinys (atsparus vandeniui)<\/title>\n<meta name=\"description\" content=\"\u0160is i\u0161gyvenimo rinkinys yra atsparus vandeniui, tod\u0117l tavo \u012franga bus apsaugota nuo dr\u0117gm\u0117s \u2013 tai ypa\u010d svarbu ekstremaliomis oro s\u0105lygomis.\" \/>\n<meta name=\"robots\" content=\"index, follow, max-snippet:-1, max-image-preview:large, max-video-preview:-1\" \/>\n<link rel=\"canonical\" href=\"https:\/\/toidupakk.ee\/lt\/toode\/isgyvenimo-rinkinys-atsparus-vandeniui\/\" \/>\n<meta property=\"og:locale\" content=\"lt_LT\" \/>\n<meta property=\"og:type\" content=\"article\" \/>\n<meta property=\"og:title\" content=\"I\u0161gyvenimo rinkinys (atsparus vandeniui)\" \/>\n<meta property=\"og:description\" content=\"\u0160is i\u0161gyvenimo rinkinys yra atsparus vandeniui, tod\u0117l tavo \u012franga bus apsaugota nuo dr\u0117gm\u0117s \u2013 tai ypa\u010d svarbu ekstremaliomis oro s\u0105lygomis.\" \/>\n<meta property=\"og:url\" content=\"https:\/\/toidupakk.ee\/lt\/toode\/isgyvenimo-rinkinys-atsparus-vandeniui\/\" \/>\n<meta property=\"og:site_name\" content=\"Toidupakk.ee - Tactical Foodpack toidupakid\" \/>\n<meta property=\"article:publisher\" content=\"https:\/\/www.facebook.com\/Toidupakk\" \/>\n<meta property=\"article:modified_time\" content=\"2026-04-29T15:01:29+00:00\" \/>\n<meta property=\"og:image\" content=\"https:\/\/toidupakk.ee\/wp-content\/uploads\/2023\/06\/Ellujaamiskomplekt47-1.png\" \/>\n\t<meta property=\"og:image:width\" content=\"1080\" \/>\n\t<meta property=\"og:image:height\" content=\"1080\" \/>\n\t<meta property=\"og:image:type\" content=\"image\/png\" \/>\n<meta name=\"twitter:card\" content=\"summary_large_image\" \/>\n<meta name=\"twitter:label1\" content=\"Est. reading time\" \/>\n\t<meta name=\"twitter:data1\" content=\"1 minut\u0117\" \/>\n<script type=\"application\/ld+json\" class=\"yoast-schema-graph\">{\"@context\":\"https:\\\/\\\/schema.org\",\"@graph\":[{\"@type\":\"WebPage\",\"@id\":\"https:\\\/\\\/toidupakk.ee\\\/lt\\\/toode\\\/isgyvenimo-rinkinys-atsparus-vandeniui\\\/\",\"url\":\"https:\\\/\\\/toidupakk.ee\\\/lt\\\/toode\\\/isgyvenimo-rinkinys-atsparus-vandeniui\\\/\",\"name\":\"I\u0161gyvenimo rinkinys (atsparus vandeniui)\",\"isPartOf\":{\"@id\":\"https:\\\/\\\/toidupakk.ee\\\/lt\\\/#website\"},\"primaryImageOfPage\":{\"@id\":\"https:\\\/\\\/toidupakk.ee\\\/lt\\\/toode\\\/isgyvenimo-rinkinys-atsparus-vandeniui\\\/#primaryimage\"},\"image\":{\"@id\":\"https:\\\/\\\/toidupakk.ee\\\/lt\\\/toode\\\/isgyvenimo-rinkinys-atsparus-vandeniui\\\/#primaryimage\"},\"thumbnailUrl\":\"https:\\\/\\\/toidupakk.ee\\\/wp-content\\\/uploads\\\/2023\\\/06\\\/Ellujaamiskomplekt47-1.png\",\"datePublished\":\"2023-08-18T07:42:30+00:00\",\"dateModified\":\"2026-04-29T15:01:29+00:00\",\"description\":\"\u0160is i\u0161gyvenimo rinkinys yra atsparus vandeniui, tod\u0117l tavo \u012franga bus apsaugota nuo dr\u0117gm\u0117s \u2013 tai ypa\u010d svarbu ekstremaliomis oro s\u0105lygomis.\",\"breadcrumb\":{\"@id\":\"https:\\\/\\\/toidupakk.ee\\\/lt\\\/toode\\\/isgyvenimo-rinkinys-atsparus-vandeniui\\\/#breadcrumb\"},\"inLanguage\":\"lt-LT\",\"potentialAction\":[{\"@type\":\"ReadAction\",\"target\":[\"https:\\\/\\\/toidupakk.ee\\\/lt\\\/toode\\\/isgyvenimo-rinkinys-atsparus-vandeniui\\\/\"]}]},{\"@type\":\"ImageObject\",\"inLanguage\":\"lt-LT\",\"@id\":\"https:\\\/\\\/toidupakk.ee\\\/lt\\\/toode\\\/isgyvenimo-rinkinys-atsparus-vandeniui\\\/#primaryimage\",\"url\":\"https:\\\/\\\/toidupakk.ee\\\/wp-content\\\/uploads\\\/2023\\\/06\\\/Ellujaamiskomplekt47-1.png\",\"contentUrl\":\"https:\\\/\\\/toidupakk.ee\\\/wp-content\\\/uploads\\\/2023\\\/06\\\/Ellujaamiskomplekt47-1.png\",\"width\":1080,\"height\":1080,\"caption\":\"Elluj\u00e4\u00e4miskomplekt 1\"},{\"@type\":\"BreadcrumbList\",\"@id\":\"https:\\\/\\\/toidupakk.ee\\\/lt\\\/toode\\\/isgyvenimo-rinkinys-atsparus-vandeniui\\\/#breadcrumb\",\"itemListElement\":[{\"@type\":\"ListItem\",\"position\":1,\"name\":\"Avaleht\",\"item\":\"https:\\\/\\\/toidupakk.ee\\\/lt\\\/\"},{\"@type\":\"ListItem\",\"position\":2,\"name\":\"El. parduotuv\u0117\",\"item\":\"https:\\\/\\\/toidupakk.ee\\\/lt\\\/el-parduotuve\\\/\"},{\"@type\":\"ListItem\",\"position\":3,\"name\":\"I\u0161gyvenimo rinkinys (atsparus vandeniui)\"}]},{\"@type\":\"WebSite\",\"@id\":\"https:\\\/\\\/toidupakk.ee\\\/lt\\\/#website\",\"url\":\"https:\\\/\\\/toidupakk.ee\\\/lt\\\/\",\"name\":\"Toidupakk.ee - Tactical Foodpack toidupakid\",\"description\":\"Tactical Foodpack k\u00fclmkuivatatud toidupakid ja matkaeined\",\"publisher\":{\"@id\":\"https:\\\/\\\/toidupakk.ee\\\/lt\\\/#organization\"},\"potentialAction\":[{\"@type\":\"SearchAction\",\"target\":{\"@type\":\"EntryPoint\",\"urlTemplate\":\"https:\\\/\\\/toidupakk.ee\\\/lt\\\/?s={search_term_string}\"},\"query-input\":{\"@type\":\"PropertyValueSpecification\",\"valueRequired\":true,\"valueName\":\"search_term_string\"}}],\"inLanguage\":\"lt-LT\"},{\"@type\":\"Organization\",\"@id\":\"https:\\\/\\\/toidupakk.ee\\\/lt\\\/#organization\",\"name\":\"Tactical Foodpack matkaeined\",\"url\":\"https:\\\/\\\/toidupakk.ee\\\/lt\\\/\",\"logo\":{\"@type\":\"ImageObject\",\"inLanguage\":\"lt-LT\",\"@id\":\"https:\\\/\\\/toidupakk.ee\\\/lt\\\/#\\\/schema\\\/logo\\\/image\\\/\",\"url\":\"https:\\\/\\\/toidupakk.ee\\\/wp-content\\\/uploads\\\/2022\\\/01\\\/Toidupakk-matkapood-logo-transparent.png\",\"contentUrl\":\"https:\\\/\\\/toidupakk.ee\\\/wp-content\\\/uploads\\\/2022\\\/01\\\/Toidupakk-matkapood-logo-transparent.png\",\"width\":500,\"height\":500,\"caption\":\"Tactical Foodpack matkaeined\"},\"image\":{\"@id\":\"https:\\\/\\\/toidupakk.ee\\\/lt\\\/#\\\/schema\\\/logo\\\/image\\\/\"},\"sameAs\":[\"https:\\\/\\\/www.facebook.com\\\/Toidupakk\",\"https:\\\/\\\/www.instagram.com\\\/toidupakk\\\/\"]}]}<\/script>\n<!-- \/ Yoast SEO plugin. -->","yoast_head_json":{"title":"I\u0161gyvenimo rinkinys (atsparus vandeniui)","description":"\u0160is i\u0161gyvenimo rinkinys yra atsparus vandeniui, tod\u0117l tavo \u012franga bus apsaugota nuo dr\u0117gm\u0117s \u2013 tai ypa\u010d svarbu ekstremaliomis oro s\u0105lygomis.","robots":{"index":"index","follow":"follow","max-snippet":"max-snippet:-1","max-image-preview":"max-image-preview:large","max-video-preview":"max-video-preview:-1"},"canonical":"https:\/\/toidupakk.ee\/lt\/toode\/isgyvenimo-rinkinys-atsparus-vandeniui\/","og_locale":"lt_LT","og_type":"article","og_title":"I\u0161gyvenimo rinkinys (atsparus vandeniui)","og_description":"\u0160is i\u0161gyvenimo rinkinys yra atsparus vandeniui, tod\u0117l tavo \u012franga bus apsaugota nuo dr\u0117gm\u0117s \u2013 tai ypa\u010d svarbu ekstremaliomis oro s\u0105lygomis.","og_url":"https:\/\/toidupakk.ee\/lt\/toode\/isgyvenimo-rinkinys-atsparus-vandeniui\/","og_site_name":"Toidupakk.ee - Tactical Foodpack toidupakid","article_publisher":"https:\/\/www.facebook.com\/Toidupakk","article_modified_time":"2026-04-29T15:01:29+00:00","og_image":[{"width":1080,"height":1080,"url":"https:\/\/toidupakk.ee\/wp-content\/uploads\/2023\/06\/Ellujaamiskomplekt47-1.png","type":"image\/png"}],"twitter_card":"summary_large_image","twitter_misc":{"Est. reading time":"1 minut\u0117"},"schema":{"@context":"https:\/\/schema.org","@graph":[{"@type":"WebPage","@id":"https:\/\/toidupakk.ee\/lt\/toode\/isgyvenimo-rinkinys-atsparus-vandeniui\/","url":"https:\/\/toidupakk.ee\/lt\/toode\/isgyvenimo-rinkinys-atsparus-vandeniui\/","name":"I\u0161gyvenimo rinkinys (atsparus vandeniui)","isPartOf":{"@id":"https:\/\/toidupakk.ee\/lt\/#website"},"primaryImageOfPage":{"@id":"https:\/\/toidupakk.ee\/lt\/toode\/isgyvenimo-rinkinys-atsparus-vandeniui\/#primaryimage"},"image":{"@id":"https:\/\/toidupakk.ee\/lt\/toode\/isgyvenimo-rinkinys-atsparus-vandeniui\/#primaryimage"},"thumbnailUrl":"https:\/\/toidupakk.ee\/wp-content\/uploads\/2023\/06\/Ellujaamiskomplekt47-1.png","datePublished":"2023-08-18T07:42:30+00:00","dateModified":"2026-04-29T15:01:29+00:00","description":"\u0160is i\u0161gyvenimo rinkinys yra atsparus vandeniui, tod\u0117l tavo \u012franga bus apsaugota nuo dr\u0117gm\u0117s \u2013 tai ypa\u010d svarbu ekstremaliomis oro s\u0105lygomis.","breadcrumb":{"@id":"https:\/\/toidupakk.ee\/lt\/toode\/isgyvenimo-rinkinys-atsparus-vandeniui\/#breadcrumb"},"inLanguage":"lt-LT","potentialAction":[{"@type":"ReadAction","target":["https:\/\/toidupakk.ee\/lt\/toode\/isgyvenimo-rinkinys-atsparus-vandeniui\/"]}]},{"@type":"ImageObject","inLanguage":"lt-LT","@id":"https:\/\/toidupakk.ee\/lt\/toode\/isgyvenimo-rinkinys-atsparus-vandeniui\/#primaryimage","url":"https:\/\/toidupakk.ee\/wp-content\/uploads\/2023\/06\/Ellujaamiskomplekt47-1.png","contentUrl":"https:\/\/toidupakk.ee\/wp-content\/uploads\/2023\/06\/Ellujaamiskomplekt47-1.png","width":1080,"height":1080,"caption":"Elluj\u00e4\u00e4miskomplekt 1"},{"@type":"BreadcrumbList","@id":"https:\/\/toidupakk.ee\/lt\/toode\/isgyvenimo-rinkinys-atsparus-vandeniui\/#breadcrumb","itemListElement":[{"@type":"ListItem","position":1,"name":"Avaleht","item":"https:\/\/toidupakk.ee\/lt\/"},{"@type":"ListItem","position":2,"name":"El. parduotuv\u0117","item":"https:\/\/toidupakk.ee\/lt\/el-parduotuve\/"},{"@type":"ListItem","position":3,"name":"I\u0161gyvenimo rinkinys (atsparus vandeniui)"}]},{"@type":"WebSite","@id":"https:\/\/toidupakk.ee\/lt\/#website","url":"https:\/\/toidupakk.ee\/lt\/","name":"Toidupakk.ee - Tactical Foodpack toidupakid","description":"Tactical Foodpack k\u00fclmkuivatatud toidupakid ja matkaeined","publisher":{"@id":"https:\/\/toidupakk.ee\/lt\/#organization"},"potentialAction":[{"@type":"SearchAction","target":{"@type":"EntryPoint","urlTemplate":"https:\/\/toidupakk.ee\/lt\/?s={search_term_string}"},"query-input":{"@type":"PropertyValueSpecification","valueRequired":true,"valueName":"search_term_string"}}],"inLanguage":"lt-LT"},{"@type":"Organization","@id":"https:\/\/toidupakk.ee\/lt\/#organization","name":"Tactical Foodpack matkaeined","url":"https:\/\/toidupakk.ee\/lt\/","logo":{"@type":"ImageObject","inLanguage":"lt-LT","@id":"https:\/\/toidupakk.ee\/lt\/#\/schema\/logo\/image\/","url":"https:\/\/toidupakk.ee\/wp-content\/uploads\/2022\/01\/Toidupakk-matkapood-logo-transparent.png","contentUrl":"https:\/\/toidupakk.ee\/wp-content\/uploads\/2022\/01\/Toidupakk-matkapood-logo-transparent.png","width":500,"height":500,"caption":"Tactical Foodpack matkaeined"},"image":{"@id":"https:\/\/toidupakk.ee\/lt\/#\/schema\/logo\/image\/"},"sameAs":["https:\/\/www.facebook.com\/Toidupakk","https:\/\/www.instagram.com\/toidupakk\/"]}]}},"jetpack_sharing_enabled":true,"_links":{"self":[{"href":"https:\/\/toidupakk.ee\/lt\/wp-json\/wp\/v2\/product\/48339","targetHints":{"allow":["GET"]}}],"collection":[{"href":"https:\/\/toidupakk.ee\/lt\/wp-json\/wp\/v2\/product"}],"about":[{"href":"https:\/\/toidupakk.ee\/lt\/wp-json\/wp\/v2\/types\/product"}],"replies":[{"embeddable":true,"href":"https:\/\/toidupakk.ee\/lt\/wp-json\/wp\/v2\/comments?post=48339"}],"wp:featuredmedia":[{"embeddable":true,"href":"https:\/\/toidupakk.ee\/lt\/wp-json\/wp\/v2\/media\/9903"}],"wp:attachment":[{"href":"https:\/\/toidupakk.ee\/lt\/wp-json\/wp\/v2\/media?parent=48339"}],"wp:term":[{"taxonomy":"product_brand","embeddable":true,"href":"https:\/\/toidupakk.ee\/lt\/wp-json\/wp\/v2\/product_brand?post=48339"},{"taxonomy":"product_cat","embeddable":true,"href":"https:\/\/toidupakk.ee\/lt\/wp-json\/wp\/v2\/product_cat?post=48339"},{"taxonomy":"product_tag","embeddable":true,"href":"https:\/\/toidupakk.ee\/lt\/wp-json\/wp\/v2\/product_tag?post=48339"}],"curies":[{"name":"wp","href":"https:\/\/api.w.org\/{rel}","templated":true}]}}