{"id":48330,"date":"2024-01-11T15:20:50","date_gmt":"2024-01-11T13:20:50","guid":{"rendered":"https:\/\/toidupakk.ee\/toode\/kompasas-ranger\/"},"modified":"2026-04-04T00:01:33","modified_gmt":"2026-04-03T21:01:33","slug":"kompasas-ranger","status":"publish","type":"product","link":"https:\/\/toidupakk.ee\/lt\/toode\/kompasas-ranger\/","title":{"rendered":"Kompasas \u201eRanger\u201c"},"content":{"rendered":"<h1>Kompasas \u201eRanger\u201c \u2013 svarbi priemon\u0117 einant \u012f mi\u0161k\u0105<\/h1>\n<p>Kompas\u0105 \u201eRanger\u201c verta pasiimti kaskart, kai planuoji eiti \u012f mi\u0161k\u0105. Nesvarbu, ar eini \u017eygiuoti, grybauti, uogauti, stovyklauti, b\u0117gioti ar tiesiog pasivaik\u0161\u010dioti mi\u0161ko takais. <\/p>\n<p><img fetchpriority=\"high\" decoding=\"async\" class=\"alignnone wp-image-18737 size-thumbnail\" src=\"https:\/\/toidupakk.ee\/wp-content\/uploads\/2024\/01\/Kompass-Ranger-5-500x500.png\" alt=\"Kompasas\" width=\"500\" height=\"500\" srcset=\"https:\/\/toidupakk.ee\/wp-content\/uploads\/2024\/01\/Kompass-Ranger-5-500x500.png 500w, https:\/\/toidupakk.ee\/wp-content\/uploads\/2024\/01\/Kompass-Ranger-5-400x400.png 400w, https:\/\/toidupakk.ee\/wp-content\/uploads\/2024\/01\/Kompass-Ranger-5-100x100.png 100w, https:\/\/toidupakk.ee\/wp-content\/uploads\/2024\/01\/Kompass-Ranger-5-300x300.png 300w, https:\/\/toidupakk.ee\/wp-content\/uploads\/2024\/01\/Kompass-Ranger-5-768x768.png 768w, https:\/\/toidupakk.ee\/wp-content\/uploads\/2024\/01\/Kompass-Ranger-5.png 800w\" sizes=\"(max-width: 500px) 100vw, 500px\" \/><\/p>\n<p><strong>Kompasas \u201eRanger\u201c \u2013 tikslus ir patikimas orientavimosi \u012frankis<\/strong><\/p>\n<p><strong>Produkto ap\u017evalga:<\/strong> Kompasas \u201eRanger\u201c sukurtas pirmiausia kari\u0161kiams, u\u017etikrinant patikim\u0105 ir tiksl\u0173 orientavim\u0105si bet kokioje vietov\u0117je. Jo veikimo principas pagr\u012fstas \u012fmontuot\u0173 nuolatini\u0173 magnet\u0173 ir \u017dem\u0117s magnetinio lauko s\u0105veika, kur rodykl\u0117s visada rodo \u0161iaur\u0119 ir pietus. \u0160is kompasas yra idealus pasirinkimas tiems, kuriems reikia u\u017etikrintumo, kad nei\u0161klys i\u0161 kelio net sud\u0117tingiausiomis s\u0105lygomis.  <\/p>\n<p><strong>Savyb\u0117s:<\/strong><\/p>\n<ul>\n<li><strong>Matmenys ir svoris:<\/strong> Kompasas yra kompakti\u0161kas ir patogus ne\u0161iotis, jo matmenys sulankstyto \u2013 5,5 x 7,5 cm, o svoris \u2013 tik 120 g.<\/li>\n<li><strong>Aliuminio r\u0117mas:<\/strong> \u201eM-Tac\u201c kompasas turi tvirt\u0105 aliuminio r\u0117m\u0105 su dangteliu, kuriame \u012frengtas taikiklis, ir pagrind\u0105, prie kurio pritvirtinta kompaso kapsul\u0117.<\/li>\n<li><strong>Azimuto nustatymas:<\/strong> Naudojant ilg\u0105j\u0105 kompaso kra\u0161tin\u0119, jis nukreipiamas \u012f orientyr\u0105, tada ciferblatas pasukamas taip, kad \u0161iaur\u0117s rodykl\u0117 sutapt\u0173 su \u0161iaur\u0117s \u017eyma. Tikslesniam azimuto nuskaitymui kompasas turi steb\u0117jimo langel\u012f. <\/li>\n<\/ul>\n<p><strong>Kod\u0117l verta rinktis kompas\u0105 \u201eRanger\u201c?<\/strong><\/p>\n<ul>\n<li><strong>Patikimumas:<\/strong> Tiksl\u016bs parodymai bet kokioje situacijoje d\u0117l \u012fmontuot\u0173 nuolatini\u0173 magnet\u0173.<\/li>\n<li><strong>Tvirta konstrukcija:<\/strong> Kokybi\u0161kas aliuminio r\u0117mas u\u017etikrina ilgaam\u017ei\u0161kum\u0105.<\/li>\n<li><strong>Daugiafunkci\u0161kumas:<\/strong> Be krypties nustatymo, kompas\u0105 galima naudoti ir matavimams, tod\u0117l tai universalus \u012frankis.<\/li>\n<\/ul>\n<p><strong>Panaudojimo galimyb\u0117s:<\/strong> Kompasas \u201eRanger\u201c puikiai tinka \u017eygiams, kariniams mokymams, orientavimuisi gamtoje ir visiems, kuriems reikia tikslaus bei patikimo navigacijos prietaiso.<\/p>\n<p>&nbsp;<\/p>\n<p>Per\u017ei\u016br\u0117k ir kitas \u017eygio prekes <a href=\"https:\/\/toidupakk.ee\/lt\/tootekategooria\/zygio-iranga\/#section-3-79\">\u010cIA<\/a><\/p>\n<p>Domina maistas \u017eygiams? \u017di\u016br\u0117k <a href=\"https:\/\/toidupakk.ee\/lt\/tootekategooria\/zygio-maistas\/\">\u010cIA<\/a><\/p>\n<p>Pasisemk \u012fkv\u0117pimo kitiems nuotykiams Toidupakk <a href=\"https:\/\/www.instagram.com\/toidupakk\/\">Instagram<\/a> ir <a href=\"https:\/\/www.facebook.com\/Toidupakk\/\">Facebook<\/a> paskyrose.<\/p>\n","protected":false},"excerpt":{"rendered":"<p><strong>Kompasas yra svarbi priemon\u0117, kuri\u0105 verta tur\u0117ti ki\u0161en\u0117je kaskart, kai planuoji eiti \u012f mi\u0161k\u0105. Nesvarbu, ar eini \u017eygiuoti, grybauti, uogauti, stovyklauti, b\u0117gioti ar tiesiog pasivaik\u0161\u010dioti. <\/strong><\/p>\n<ul>\n<li>Kompaso konstrukcijoje panaudotas aliuminis ir plastikas<\/li>\n<li>Matmenys: 5,5 x 7,5 cm (sulankstytas transportavimo pad\u0117tyje)<\/li>\n<li>Svoris: 120 g<\/li>\n<\/ul>\n<p>\u2705 Turime sand\u0117lyje, greitas pristatymas per 1\u20133 d. d.<\/p>\n","protected":false},"featured_media":18737,"comment_status":"open","ping_status":"closed","template":"","meta":{"_acf_changed":false},"product_brand":[],"product_cat":[212,189,190],"product_tag":[],"class_list":{"0":"post-48330","1":"product","2":"type-product","3":"status-publish","4":"has-post-thumbnail","6":"product_cat-kompasai","7":"product_cat-zygio-iranga","8":"product_cat-zygio-prekes","10":"first","11":"outofstock","12":"taxable","13":"shipping-taxable","14":"purchasable","15":"product-type-simple"},"bundled_by":[],"bundle_stock_status":"outofstock","bundle_stock_quantity":0,"bundle_virtual":false,"bundle_layout":"","bundle_add_to_cart_form_location":"","bundle_editable_in_cart":false,"bundle_sold_individually_context":"","bundle_item_grouping":"","bundle_min_size":"","bundle_max_size":"","bundle_price":[],"bundled_items":[],"bundle_sell_ids":[],"acf":[],"yoast_head":"<!-- This site is optimized with the Yoast SEO plugin v27.1.1 - https:\/\/yoast.com\/product\/yoast-seo-wordpress\/ -->\n<title>Kompasas \u201eRanger\u201c<\/title>\n<meta name=\"description\" content=\"Kompasas \u201eRanger\u201c yra nepakei\u010diamas \u012frankis, kur\u012f verta tur\u0117ti ki\u0161en\u0117je kaskart ruo\u0161iantis \u012f mi\u0161k\u0105. Nesvarbu, ar tai b\u016bt\u0173 \u017eygis, grybavimas, ar tiesiog greitas pab\u0117giojimas mi\u0161ke.\" \/>\n<meta name=\"robots\" content=\"index, follow, max-snippet:-1, max-image-preview:large, max-video-preview:-1\" \/>\n<link rel=\"canonical\" href=\"https:\/\/toidupakk.ee\/lt\/toode\/kompasas-ranger\/\" \/>\n<meta property=\"og:locale\" content=\"lt_LT\" \/>\n<meta property=\"og:type\" content=\"article\" \/>\n<meta property=\"og:title\" content=\"Kompasas \u201eRanger\u201c\" \/>\n<meta property=\"og:description\" content=\"Kompasas \u201eRanger\u201c yra nepakei\u010diamas \u012frankis, kur\u012f verta tur\u0117ti ki\u0161en\u0117je kaskart ruo\u0161iantis \u012f mi\u0161k\u0105. Nesvarbu, ar tai b\u016bt\u0173 \u017eygis, grybavimas, ar tiesiog greitas pab\u0117giojimas mi\u0161ke.\" \/>\n<meta property=\"og:url\" content=\"https:\/\/toidupakk.ee\/lt\/toode\/kompasas-ranger\/\" \/>\n<meta property=\"og:site_name\" content=\"Toidupakk.ee - Tactical Foodpack toidupakid\" \/>\n<meta property=\"article:publisher\" content=\"https:\/\/www.facebook.com\/Toidupakk\" \/>\n<meta property=\"article:modified_time\" content=\"2026-04-03T21:01:33+00:00\" \/>\n<meta property=\"og:image\" content=\"https:\/\/toidupakk.ee\/wp-content\/uploads\/2024\/01\/Kompass-Ranger-5.png\" \/>\n\t<meta property=\"og:image:width\" content=\"800\" \/>\n\t<meta property=\"og:image:height\" content=\"800\" \/>\n\t<meta property=\"og:image:type\" content=\"image\/png\" \/>\n<meta name=\"twitter:card\" content=\"summary_large_image\" \/>\n<meta name=\"twitter:label1\" content=\"Est. reading time\" \/>\n\t<meta name=\"twitter:data1\" content=\"1 minut\u0117\" \/>\n<script type=\"application\/ld+json\" class=\"yoast-schema-graph\">{\"@context\":\"https:\/\/schema.org\",\"@graph\":[{\"@type\":\"WebPage\",\"@id\":\"https:\/\/toidupakk.ee\/lt\/toode\/kompasas-ranger\/\",\"url\":\"https:\/\/toidupakk.ee\/lt\/toode\/kompasas-ranger\/\",\"name\":\"Kompasas \u201eRanger\u201c\",\"isPartOf\":{\"@id\":\"https:\/\/toidupakk.ee\/lt\/#website\"},\"primaryImageOfPage\":{\"@id\":\"https:\/\/toidupakk.ee\/lt\/toode\/kompasas-ranger\/#primaryimage\"},\"image\":{\"@id\":\"https:\/\/toidupakk.ee\/lt\/toode\/kompasas-ranger\/#primaryimage\"},\"thumbnailUrl\":\"https:\/\/toidupakk.ee\/wp-content\/uploads\/2024\/01\/Kompass-Ranger-5.png\",\"datePublished\":\"2024-01-11T13:20:50+00:00\",\"dateModified\":\"2026-04-03T21:01:33+00:00\",\"description\":\"Kompasas \u201eRanger\u201c yra nepakei\u010diamas \u012frankis, kur\u012f verta tur\u0117ti ki\u0161en\u0117je kaskart ruo\u0161iantis \u012f mi\u0161k\u0105. Nesvarbu, ar tai b\u016bt\u0173 \u017eygis, grybavimas, ar tiesiog greitas pab\u0117giojimas mi\u0161ke.\",\"breadcrumb\":{\"@id\":\"https:\/\/toidupakk.ee\/lt\/toode\/kompasas-ranger\/#breadcrumb\"},\"inLanguage\":\"lt-LT\",\"potentialAction\":[{\"@type\":\"ReadAction\",\"target\":[\"https:\/\/toidupakk.ee\/lt\/toode\/kompasas-ranger\/\"]}]},{\"@type\":\"ImageObject\",\"inLanguage\":\"lt-LT\",\"@id\":\"https:\/\/toidupakk.ee\/lt\/toode\/kompasas-ranger\/#primaryimage\",\"url\":\"https:\/\/toidupakk.ee\/wp-content\/uploads\/2024\/01\/Kompass-Ranger-5.png\",\"contentUrl\":\"https:\/\/toidupakk.ee\/wp-content\/uploads\/2024\/01\/Kompass-Ranger-5.png\",\"width\":800,\"height\":800,\"caption\":\"Kompass\"},{\"@type\":\"BreadcrumbList\",\"@id\":\"https:\/\/toidupakk.ee\/lt\/toode\/kompasas-ranger\/#breadcrumb\",\"itemListElement\":[{\"@type\":\"ListItem\",\"position\":1,\"name\":\"Avaleht\",\"item\":\"https:\/\/toidupakk.ee\/lt\/\"},{\"@type\":\"ListItem\",\"position\":2,\"name\":\"El. parduotuv\u0117\",\"item\":\"https:\/\/toidupakk.ee\/lt\/el-parduotuve\/\"},{\"@type\":\"ListItem\",\"position\":3,\"name\":\"Kompasas \u201eRanger\u201c\"}]},{\"@type\":\"WebSite\",\"@id\":\"https:\/\/toidupakk.ee\/lt\/#website\",\"url\":\"https:\/\/toidupakk.ee\/lt\/\",\"name\":\"Toidupakk.ee - Tactical Foodpack toidupakid\",\"description\":\"Tactical Foodpack k\u00fclmkuivatatud toidupakid ja matkaeined\",\"publisher\":{\"@id\":\"https:\/\/toidupakk.ee\/lt\/#organization\"},\"potentialAction\":[{\"@type\":\"SearchAction\",\"target\":{\"@type\":\"EntryPoint\",\"urlTemplate\":\"https:\/\/toidupakk.ee\/lt\/?s={search_term_string}\"},\"query-input\":{\"@type\":\"PropertyValueSpecification\",\"valueRequired\":true,\"valueName\":\"search_term_string\"}}],\"inLanguage\":\"lt-LT\"},{\"@type\":\"Organization\",\"@id\":\"https:\/\/toidupakk.ee\/lt\/#organization\",\"name\":\"Tactical Foodpack matkaeined\",\"url\":\"https:\/\/toidupakk.ee\/lt\/\",\"logo\":{\"@type\":\"ImageObject\",\"inLanguage\":\"lt-LT\",\"@id\":\"https:\/\/toidupakk.ee\/lt\/#\/schema\/logo\/image\/\",\"url\":\"https:\/\/toidupakk.ee\/wp-content\/uploads\/2022\/01\/Toidupakk-matkapood-logo-transparent.png\",\"contentUrl\":\"https:\/\/toidupakk.ee\/wp-content\/uploads\/2022\/01\/Toidupakk-matkapood-logo-transparent.png\",\"width\":500,\"height\":500,\"caption\":\"Tactical Foodpack matkaeined\"},\"image\":{\"@id\":\"https:\/\/toidupakk.ee\/lt\/#\/schema\/logo\/image\/\"},\"sameAs\":[\"https:\/\/www.facebook.com\/Toidupakk\",\"https:\/\/www.instagram.com\/toidupakk\/\"]}]}<\/script>\n<!-- \/ Yoast SEO plugin. -->","yoast_head_json":{"title":"Kompasas \u201eRanger\u201c","description":"Kompasas \u201eRanger\u201c yra nepakei\u010diamas \u012frankis, kur\u012f verta tur\u0117ti ki\u0161en\u0117je kaskart ruo\u0161iantis \u012f mi\u0161k\u0105. Nesvarbu, ar tai b\u016bt\u0173 \u017eygis, grybavimas, ar tiesiog greitas pab\u0117giojimas mi\u0161ke.","robots":{"index":"index","follow":"follow","max-snippet":"max-snippet:-1","max-image-preview":"max-image-preview:large","max-video-preview":"max-video-preview:-1"},"canonical":"https:\/\/toidupakk.ee\/lt\/toode\/kompasas-ranger\/","og_locale":"lt_LT","og_type":"article","og_title":"Kompasas \u201eRanger\u201c","og_description":"Kompasas \u201eRanger\u201c yra nepakei\u010diamas \u012frankis, kur\u012f verta tur\u0117ti ki\u0161en\u0117je kaskart ruo\u0161iantis \u012f mi\u0161k\u0105. Nesvarbu, ar tai b\u016bt\u0173 \u017eygis, grybavimas, ar tiesiog greitas pab\u0117giojimas mi\u0161ke.","og_url":"https:\/\/toidupakk.ee\/lt\/toode\/kompasas-ranger\/","og_site_name":"Toidupakk.ee - Tactical Foodpack toidupakid","article_publisher":"https:\/\/www.facebook.com\/Toidupakk","article_modified_time":"2026-04-03T21:01:33+00:00","og_image":[{"width":800,"height":800,"url":"https:\/\/toidupakk.ee\/wp-content\/uploads\/2024\/01\/Kompass-Ranger-5.png","type":"image\/png"}],"twitter_card":"summary_large_image","twitter_misc":{"Est. reading time":"1 minut\u0117"},"schema":{"@context":"https:\/\/schema.org","@graph":[{"@type":"WebPage","@id":"https:\/\/toidupakk.ee\/lt\/toode\/kompasas-ranger\/","url":"https:\/\/toidupakk.ee\/lt\/toode\/kompasas-ranger\/","name":"Kompasas \u201eRanger\u201c","isPartOf":{"@id":"https:\/\/toidupakk.ee\/lt\/#website"},"primaryImageOfPage":{"@id":"https:\/\/toidupakk.ee\/lt\/toode\/kompasas-ranger\/#primaryimage"},"image":{"@id":"https:\/\/toidupakk.ee\/lt\/toode\/kompasas-ranger\/#primaryimage"},"thumbnailUrl":"https:\/\/toidupakk.ee\/wp-content\/uploads\/2024\/01\/Kompass-Ranger-5.png","datePublished":"2024-01-11T13:20:50+00:00","dateModified":"2026-04-03T21:01:33+00:00","description":"Kompasas \u201eRanger\u201c yra nepakei\u010diamas \u012frankis, kur\u012f verta tur\u0117ti ki\u0161en\u0117je kaskart ruo\u0161iantis \u012f mi\u0161k\u0105. Nesvarbu, ar tai b\u016bt\u0173 \u017eygis, grybavimas, ar tiesiog greitas pab\u0117giojimas mi\u0161ke.","breadcrumb":{"@id":"https:\/\/toidupakk.ee\/lt\/toode\/kompasas-ranger\/#breadcrumb"},"inLanguage":"lt-LT","potentialAction":[{"@type":"ReadAction","target":["https:\/\/toidupakk.ee\/lt\/toode\/kompasas-ranger\/"]}]},{"@type":"ImageObject","inLanguage":"lt-LT","@id":"https:\/\/toidupakk.ee\/lt\/toode\/kompasas-ranger\/#primaryimage","url":"https:\/\/toidupakk.ee\/wp-content\/uploads\/2024\/01\/Kompass-Ranger-5.png","contentUrl":"https:\/\/toidupakk.ee\/wp-content\/uploads\/2024\/01\/Kompass-Ranger-5.png","width":800,"height":800,"caption":"Kompass"},{"@type":"BreadcrumbList","@id":"https:\/\/toidupakk.ee\/lt\/toode\/kompasas-ranger\/#breadcrumb","itemListElement":[{"@type":"ListItem","position":1,"name":"Avaleht","item":"https:\/\/toidupakk.ee\/lt\/"},{"@type":"ListItem","position":2,"name":"El. parduotuv\u0117","item":"https:\/\/toidupakk.ee\/lt\/el-parduotuve\/"},{"@type":"ListItem","position":3,"name":"Kompasas \u201eRanger\u201c"}]},{"@type":"WebSite","@id":"https:\/\/toidupakk.ee\/lt\/#website","url":"https:\/\/toidupakk.ee\/lt\/","name":"Toidupakk.ee - Tactical Foodpack toidupakid","description":"Tactical Foodpack k\u00fclmkuivatatud toidupakid ja matkaeined","publisher":{"@id":"https:\/\/toidupakk.ee\/lt\/#organization"},"potentialAction":[{"@type":"SearchAction","target":{"@type":"EntryPoint","urlTemplate":"https:\/\/toidupakk.ee\/lt\/?s={search_term_string}"},"query-input":{"@type":"PropertyValueSpecification","valueRequired":true,"valueName":"search_term_string"}}],"inLanguage":"lt-LT"},{"@type":"Organization","@id":"https:\/\/toidupakk.ee\/lt\/#organization","name":"Tactical Foodpack matkaeined","url":"https:\/\/toidupakk.ee\/lt\/","logo":{"@type":"ImageObject","inLanguage":"lt-LT","@id":"https:\/\/toidupakk.ee\/lt\/#\/schema\/logo\/image\/","url":"https:\/\/toidupakk.ee\/wp-content\/uploads\/2022\/01\/Toidupakk-matkapood-logo-transparent.png","contentUrl":"https:\/\/toidupakk.ee\/wp-content\/uploads\/2022\/01\/Toidupakk-matkapood-logo-transparent.png","width":500,"height":500,"caption":"Tactical Foodpack matkaeined"},"image":{"@id":"https:\/\/toidupakk.ee\/lt\/#\/schema\/logo\/image\/"},"sameAs":["https:\/\/www.facebook.com\/Toidupakk","https:\/\/www.instagram.com\/toidupakk\/"]}]}},"jetpack_sharing_enabled":true,"_links":{"self":[{"href":"https:\/\/toidupakk.ee\/lt\/wp-json\/wp\/v2\/product\/48330","targetHints":{"allow":["GET"]}}],"collection":[{"href":"https:\/\/toidupakk.ee\/lt\/wp-json\/wp\/v2\/product"}],"about":[{"href":"https:\/\/toidupakk.ee\/lt\/wp-json\/wp\/v2\/types\/product"}],"replies":[{"embeddable":true,"href":"https:\/\/toidupakk.ee\/lt\/wp-json\/wp\/v2\/comments?post=48330"}],"wp:featuredmedia":[{"embeddable":true,"href":"https:\/\/toidupakk.ee\/lt\/wp-json\/wp\/v2\/media\/18737"}],"wp:attachment":[{"href":"https:\/\/toidupakk.ee\/lt\/wp-json\/wp\/v2\/media?parent=48330"}],"wp:term":[{"taxonomy":"product_brand","embeddable":true,"href":"https:\/\/toidupakk.ee\/lt\/wp-json\/wp\/v2\/product_brand?post=48330"},{"taxonomy":"product_cat","embeddable":true,"href":"https:\/\/toidupakk.ee\/lt\/wp-json\/wp\/v2\/product_cat?post=48330"},{"taxonomy":"product_tag","embeddable":true,"href":"https:\/\/toidupakk.ee\/lt\/wp-json\/wp\/v2\/product_tag?post=48330"}],"curies":[{"name":"wp","href":"https:\/\/api.w.org\/{rel}","templated":true}]}}