{"id":48307,"date":"2024-01-09T10:55:16","date_gmt":"2024-01-09T08:55:16","guid":{"rendered":"https:\/\/toidupakk.ee\/toode\/irankiu-rinkinys-su-karabinu\/"},"modified":"2026-04-15T22:30:24","modified_gmt":"2026-04-15T19:30:24","slug":"irankiu-rinkinys-su-karabinu","status":"publish","type":"product","link":"https:\/\/toidupakk.ee\/lt\/toode\/irankiu-rinkinys-su-karabinu\/","title":{"rendered":"\u012eranki\u0173 rinkinys su karabinu"},"content":{"rendered":"<h1>\u012eranki\u0173 rinkinys su karabinu<\/h1>\n<p class=\"my-1 text-base\">\u012eranki\u0173 rinkinys su karabinu \u2013 puikus pagalbininkas valgant lauke, ypa\u010d \u017eygiuojant, stovyklaujant ar i\u0161kylose. Tvirtas plastikas u\u017etikrina lengvum\u0105 ir patvarum\u0105, tod\u0117l tai idealus palydovas gamtos myl\u0117tojams. Rinkinyje esantis karabinas leid\u017eia patogiai pritvirtinti \u012frankius, pavyzd\u017eiui, prie kuprin\u0117s.  <\/p>\n<p class=\"my-1 text-base\">\u0160io rinkinio privalumai \u2013 paprastas laikymas ir transportavimas d\u0117l ma\u017eo svorio bei didelis patvarumas, u\u017etikrinantis ilgalaik\u012f naudojim\u0105. Jis puikiai tinka \u017eygeiviams, stovyklautojams, \u017evejams ir visiems, kurie m\u0117gsta leisti laik\u0105 gamtoje bei nori tur\u0117ti kompakti\u0161k\u0105 ir prakti\u0161k\u0105 \u012franki\u0173 rinkin\u012f su karabinu savo poreikiams. <\/p>\n<p>Domiesi \u017eygio reikmenimis? Su\u017einok daugiau  <a href=\"https:\/\/toidupakk.ee\/lt\/tootekategooria\/zygio-iranga\/#section-3-79\">\u010cIA<\/a><\/p>\n<p>O gal domina \u017eygio maistas? \u017di\u016br\u0117k <a href=\"https:\/\/toidupakk.ee\/lt\/tootekategooria\/pagrindiniai-patiekalai\/\">\u010cIA<\/a><\/p>\n<p>Pasisemk \u012fkv\u0117pimo kitiems nuotykiams Toidupakk <a href=\"https:\/\/www.instagram.com\/toidupakk\/\">Instagram<\/a> ir <a href=\"https:\/\/www.facebook.com\/Toidupakk\/\">Facebook<\/a> paskyrose.<\/p>\n","protected":false},"excerpt":{"rendered":"<p>\u012eranki\u0173 rinkinys gali b\u016bti naudingas \u012fvairiais b\u016bdais. Pavyzd\u017eiui, tai puikus pasirinkimas \u017eygiams, stovyklavimui ar i\u0161kyloms. Toks lengvas ir kompakti\u0161kas rinkinys leid\u017eia lengvai m\u0117gautis maistu lauke, kartu b\u016bdamas patogus ir prakti\u0161kas palydovas. Be to, jis pravers ir keliaujant, kai nori tur\u0117ti kompakti\u0161k\u0105, lengv\u0105 ir patog\u0173 ne\u0161iotis \u012franki\u0173 rinkin\u012f.   <\/p>\n<ul>\n<li>Rinkinyje: \u0161akut\u0117, peilis ir \u0161auk\u0161tas<\/li>\n<li>Lengvas, bet tvirtas plastikas<\/li>\n<li>Patogiai tvirtinamas karabinu, pavyzd\u017eiui, prie kuprin\u0117s<\/li>\n<li>Svoris: 45 g<\/li>\n<li>Prek\u0117s \u017eenklas: Fosco Industries<\/li>\n<li>Spalva: \u017ealia<\/li>\n<\/ul>\n<p>\u2705 Turime sand\u0117lyje, greitas pristatymas per 1\u20133 darbo dienas<\/p>\n","protected":false},"featured_media":17971,"comment_status":"open","ping_status":"closed","template":"","meta":{"_acf_changed":false},"product_brand":[],"product_cat":[197,189,190],"product_tag":[],"class_list":{"0":"post-48307","1":"product","2":"type-product","3":"status-publish","4":"has-post-thumbnail","6":"product_cat-stalo-irankiai","7":"product_cat-zygio-iranga","8":"product_cat-zygio-prekes","10":"first","11":"onbackorder","12":"taxable","13":"shipping-taxable","14":"purchasable","15":"product-type-simple"},"bundled_by":[],"bundle_stock_status":"onbackorder","bundle_stock_quantity":0,"bundle_virtual":false,"bundle_layout":"","bundle_add_to_cart_form_location":"","bundle_editable_in_cart":false,"bundle_sold_individually_context":"","bundle_item_grouping":"","bundle_min_size":"","bundle_max_size":"","bundle_price":[],"bundled_items":[],"bundle_sell_ids":[],"acf":[],"yoast_head":"<!-- This site is optimized with the Yoast SEO plugin v27.3 - https:\/\/yoast.com\/product\/yoast-seo-wordpress\/ -->\n<title>\u012eranki\u0173 rinkinys su karabinu - Toidupakk.ee - Tactical Foodpack toidupakid<\/title>\n<meta name=\"description\" content=\"\u012eranki\u0173 rinkinys su karabinu. Lengvas, bet tvirtas plastiko rinkinys, kur\u012f sudaro \u0161akut\u0117, peilis ir \u0161auk\u0161tas.\" \/>\n<meta name=\"robots\" content=\"index, follow, max-snippet:-1, max-image-preview:large, max-video-preview:-1\" \/>\n<link rel=\"canonical\" href=\"https:\/\/toidupakk.ee\/lt\/toode\/irankiu-rinkinys-su-karabinu\/\" \/>\n<meta property=\"og:locale\" content=\"lt_LT\" \/>\n<meta property=\"og:type\" content=\"article\" \/>\n<meta property=\"og:title\" content=\"\u012eranki\u0173 rinkinys su karabinu - Toidupakk.ee - Tactical Foodpack toidupakid\" \/>\n<meta property=\"og:description\" content=\"\u012eranki\u0173 rinkinys su karabinu. Lengvas, bet tvirtas plastiko rinkinys, kur\u012f sudaro \u0161akut\u0117, peilis ir \u0161auk\u0161tas.\" \/>\n<meta property=\"og:url\" content=\"https:\/\/toidupakk.ee\/lt\/toode\/irankiu-rinkinys-su-karabinu\/\" \/>\n<meta property=\"og:site_name\" content=\"Toidupakk.ee - Tactical Foodpack toidupakid\" \/>\n<meta property=\"article:publisher\" content=\"https:\/\/www.facebook.com\/Toidupakk\" \/>\n<meta property=\"article:modified_time\" content=\"2026-04-15T19:30:24+00:00\" \/>\n<meta property=\"og:image\" content=\"https:\/\/toidupakk.ee\/wp-content\/uploads\/2023\/12\/Soogiriistade-komplekt-matkale-karabiiniga30.png\" \/>\n\t<meta property=\"og:image:width\" content=\"800\" \/>\n\t<meta property=\"og:image:height\" content=\"800\" \/>\n\t<meta property=\"og:image:type\" content=\"image\/png\" \/>\n<meta name=\"twitter:card\" content=\"summary_large_image\" \/>\n<meta name=\"twitter:label1\" content=\"Est. reading time\" \/>\n\t<meta name=\"twitter:data1\" content=\"1 minut\u0117\" \/>\n<script type=\"application\/ld+json\" class=\"yoast-schema-graph\">{\"@context\":\"https:\\\/\\\/schema.org\",\"@graph\":[{\"@type\":\"WebPage\",\"@id\":\"https:\\\/\\\/toidupakk.ee\\\/lt\\\/toode\\\/irankiu-rinkinys-su-karabinu\\\/\",\"url\":\"https:\\\/\\\/toidupakk.ee\\\/lt\\\/toode\\\/irankiu-rinkinys-su-karabinu\\\/\",\"name\":\"\u012eranki\u0173 rinkinys su karabinu - Toidupakk.ee - Tactical Foodpack toidupakid\",\"isPartOf\":{\"@id\":\"https:\\\/\\\/toidupakk.ee\\\/lt\\\/#website\"},\"primaryImageOfPage\":{\"@id\":\"https:\\\/\\\/toidupakk.ee\\\/lt\\\/toode\\\/irankiu-rinkinys-su-karabinu\\\/#primaryimage\"},\"image\":{\"@id\":\"https:\\\/\\\/toidupakk.ee\\\/lt\\\/toode\\\/irankiu-rinkinys-su-karabinu\\\/#primaryimage\"},\"thumbnailUrl\":\"https:\\\/\\\/toidupakk.ee\\\/wp-content\\\/uploads\\\/2023\\\/12\\\/Soogiriistade-komplekt-matkale-karabiiniga30.png\",\"datePublished\":\"2024-01-09T08:55:16+00:00\",\"dateModified\":\"2026-04-15T19:30:24+00:00\",\"description\":\"\u012eranki\u0173 rinkinys su karabinu. Lengvas, bet tvirtas plastiko rinkinys, kur\u012f sudaro \u0161akut\u0117, peilis ir \u0161auk\u0161tas.\",\"breadcrumb\":{\"@id\":\"https:\\\/\\\/toidupakk.ee\\\/lt\\\/toode\\\/irankiu-rinkinys-su-karabinu\\\/#breadcrumb\"},\"inLanguage\":\"lt-LT\",\"potentialAction\":[{\"@type\":\"ReadAction\",\"target\":[\"https:\\\/\\\/toidupakk.ee\\\/lt\\\/toode\\\/irankiu-rinkinys-su-karabinu\\\/\"]}]},{\"@type\":\"ImageObject\",\"inLanguage\":\"lt-LT\",\"@id\":\"https:\\\/\\\/toidupakk.ee\\\/lt\\\/toode\\\/irankiu-rinkinys-su-karabinu\\\/#primaryimage\",\"url\":\"https:\\\/\\\/toidupakk.ee\\\/wp-content\\\/uploads\\\/2023\\\/12\\\/Soogiriistade-komplekt-matkale-karabiiniga30.png\",\"contentUrl\":\"https:\\\/\\\/toidupakk.ee\\\/wp-content\\\/uploads\\\/2023\\\/12\\\/Soogiriistade-komplekt-matkale-karabiiniga30.png\",\"width\":800,\"height\":800,\"caption\":\"S\u00f6\u00f6giriistade komplekt matkale karabiiniga 1\"},{\"@type\":\"BreadcrumbList\",\"@id\":\"https:\\\/\\\/toidupakk.ee\\\/lt\\\/toode\\\/irankiu-rinkinys-su-karabinu\\\/#breadcrumb\",\"itemListElement\":[{\"@type\":\"ListItem\",\"position\":1,\"name\":\"Avaleht\",\"item\":\"https:\\\/\\\/toidupakk.ee\\\/lt\\\/\"},{\"@type\":\"ListItem\",\"position\":2,\"name\":\"El. parduotuv\u0117\",\"item\":\"https:\\\/\\\/toidupakk.ee\\\/lt\\\/el-parduotuve\\\/\"},{\"@type\":\"ListItem\",\"position\":3,\"name\":\"\u012eranki\u0173 rinkinys su karabinu\"}]},{\"@type\":\"WebSite\",\"@id\":\"https:\\\/\\\/toidupakk.ee\\\/lt\\\/#website\",\"url\":\"https:\\\/\\\/toidupakk.ee\\\/lt\\\/\",\"name\":\"Toidupakk.ee - Tactical Foodpack toidupakid\",\"description\":\"Tactical Foodpack k\u00fclmkuivatatud toidupakid ja matkaeined\",\"publisher\":{\"@id\":\"https:\\\/\\\/toidupakk.ee\\\/lt\\\/#organization\"},\"potentialAction\":[{\"@type\":\"SearchAction\",\"target\":{\"@type\":\"EntryPoint\",\"urlTemplate\":\"https:\\\/\\\/toidupakk.ee\\\/lt\\\/?s={search_term_string}\"},\"query-input\":{\"@type\":\"PropertyValueSpecification\",\"valueRequired\":true,\"valueName\":\"search_term_string\"}}],\"inLanguage\":\"lt-LT\"},{\"@type\":\"Organization\",\"@id\":\"https:\\\/\\\/toidupakk.ee\\\/lt\\\/#organization\",\"name\":\"Tactical Foodpack matkaeined\",\"url\":\"https:\\\/\\\/toidupakk.ee\\\/lt\\\/\",\"logo\":{\"@type\":\"ImageObject\",\"inLanguage\":\"lt-LT\",\"@id\":\"https:\\\/\\\/toidupakk.ee\\\/lt\\\/#\\\/schema\\\/logo\\\/image\\\/\",\"url\":\"https:\\\/\\\/toidupakk.ee\\\/wp-content\\\/uploads\\\/2022\\\/01\\\/Toidupakk-matkapood-logo-transparent.png\",\"contentUrl\":\"https:\\\/\\\/toidupakk.ee\\\/wp-content\\\/uploads\\\/2022\\\/01\\\/Toidupakk-matkapood-logo-transparent.png\",\"width\":500,\"height\":500,\"caption\":\"Tactical Foodpack matkaeined\"},\"image\":{\"@id\":\"https:\\\/\\\/toidupakk.ee\\\/lt\\\/#\\\/schema\\\/logo\\\/image\\\/\"},\"sameAs\":[\"https:\\\/\\\/www.facebook.com\\\/Toidupakk\",\"https:\\\/\\\/www.instagram.com\\\/toidupakk\\\/\"]}]}<\/script>\n<!-- \/ Yoast SEO plugin. -->","yoast_head_json":{"title":"\u012eranki\u0173 rinkinys su karabinu - Toidupakk.ee - Tactical Foodpack toidupakid","description":"\u012eranki\u0173 rinkinys su karabinu. Lengvas, bet tvirtas plastiko rinkinys, kur\u012f sudaro \u0161akut\u0117, peilis ir \u0161auk\u0161tas.","robots":{"index":"index","follow":"follow","max-snippet":"max-snippet:-1","max-image-preview":"max-image-preview:large","max-video-preview":"max-video-preview:-1"},"canonical":"https:\/\/toidupakk.ee\/lt\/toode\/irankiu-rinkinys-su-karabinu\/","og_locale":"lt_LT","og_type":"article","og_title":"\u012eranki\u0173 rinkinys su karabinu - Toidupakk.ee - Tactical Foodpack toidupakid","og_description":"\u012eranki\u0173 rinkinys su karabinu. Lengvas, bet tvirtas plastiko rinkinys, kur\u012f sudaro \u0161akut\u0117, peilis ir \u0161auk\u0161tas.","og_url":"https:\/\/toidupakk.ee\/lt\/toode\/irankiu-rinkinys-su-karabinu\/","og_site_name":"Toidupakk.ee - Tactical Foodpack toidupakid","article_publisher":"https:\/\/www.facebook.com\/Toidupakk","article_modified_time":"2026-04-15T19:30:24+00:00","og_image":[{"width":800,"height":800,"url":"https:\/\/toidupakk.ee\/wp-content\/uploads\/2023\/12\/Soogiriistade-komplekt-matkale-karabiiniga30.png","type":"image\/png"}],"twitter_card":"summary_large_image","twitter_misc":{"Est. reading time":"1 minut\u0117"},"schema":{"@context":"https:\/\/schema.org","@graph":[{"@type":"WebPage","@id":"https:\/\/toidupakk.ee\/lt\/toode\/irankiu-rinkinys-su-karabinu\/","url":"https:\/\/toidupakk.ee\/lt\/toode\/irankiu-rinkinys-su-karabinu\/","name":"\u012eranki\u0173 rinkinys su karabinu - Toidupakk.ee - Tactical Foodpack toidupakid","isPartOf":{"@id":"https:\/\/toidupakk.ee\/lt\/#website"},"primaryImageOfPage":{"@id":"https:\/\/toidupakk.ee\/lt\/toode\/irankiu-rinkinys-su-karabinu\/#primaryimage"},"image":{"@id":"https:\/\/toidupakk.ee\/lt\/toode\/irankiu-rinkinys-su-karabinu\/#primaryimage"},"thumbnailUrl":"https:\/\/toidupakk.ee\/wp-content\/uploads\/2023\/12\/Soogiriistade-komplekt-matkale-karabiiniga30.png","datePublished":"2024-01-09T08:55:16+00:00","dateModified":"2026-04-15T19:30:24+00:00","description":"\u012eranki\u0173 rinkinys su karabinu. Lengvas, bet tvirtas plastiko rinkinys, kur\u012f sudaro \u0161akut\u0117, peilis ir \u0161auk\u0161tas.","breadcrumb":{"@id":"https:\/\/toidupakk.ee\/lt\/toode\/irankiu-rinkinys-su-karabinu\/#breadcrumb"},"inLanguage":"lt-LT","potentialAction":[{"@type":"ReadAction","target":["https:\/\/toidupakk.ee\/lt\/toode\/irankiu-rinkinys-su-karabinu\/"]}]},{"@type":"ImageObject","inLanguage":"lt-LT","@id":"https:\/\/toidupakk.ee\/lt\/toode\/irankiu-rinkinys-su-karabinu\/#primaryimage","url":"https:\/\/toidupakk.ee\/wp-content\/uploads\/2023\/12\/Soogiriistade-komplekt-matkale-karabiiniga30.png","contentUrl":"https:\/\/toidupakk.ee\/wp-content\/uploads\/2023\/12\/Soogiriistade-komplekt-matkale-karabiiniga30.png","width":800,"height":800,"caption":"S\u00f6\u00f6giriistade komplekt matkale karabiiniga 1"},{"@type":"BreadcrumbList","@id":"https:\/\/toidupakk.ee\/lt\/toode\/irankiu-rinkinys-su-karabinu\/#breadcrumb","itemListElement":[{"@type":"ListItem","position":1,"name":"Avaleht","item":"https:\/\/toidupakk.ee\/lt\/"},{"@type":"ListItem","position":2,"name":"El. parduotuv\u0117","item":"https:\/\/toidupakk.ee\/lt\/el-parduotuve\/"},{"@type":"ListItem","position":3,"name":"\u012eranki\u0173 rinkinys su karabinu"}]},{"@type":"WebSite","@id":"https:\/\/toidupakk.ee\/lt\/#website","url":"https:\/\/toidupakk.ee\/lt\/","name":"Toidupakk.ee - Tactical Foodpack toidupakid","description":"Tactical Foodpack k\u00fclmkuivatatud toidupakid ja matkaeined","publisher":{"@id":"https:\/\/toidupakk.ee\/lt\/#organization"},"potentialAction":[{"@type":"SearchAction","target":{"@type":"EntryPoint","urlTemplate":"https:\/\/toidupakk.ee\/lt\/?s={search_term_string}"},"query-input":{"@type":"PropertyValueSpecification","valueRequired":true,"valueName":"search_term_string"}}],"inLanguage":"lt-LT"},{"@type":"Organization","@id":"https:\/\/toidupakk.ee\/lt\/#organization","name":"Tactical Foodpack matkaeined","url":"https:\/\/toidupakk.ee\/lt\/","logo":{"@type":"ImageObject","inLanguage":"lt-LT","@id":"https:\/\/toidupakk.ee\/lt\/#\/schema\/logo\/image\/","url":"https:\/\/toidupakk.ee\/wp-content\/uploads\/2022\/01\/Toidupakk-matkapood-logo-transparent.png","contentUrl":"https:\/\/toidupakk.ee\/wp-content\/uploads\/2022\/01\/Toidupakk-matkapood-logo-transparent.png","width":500,"height":500,"caption":"Tactical Foodpack matkaeined"},"image":{"@id":"https:\/\/toidupakk.ee\/lt\/#\/schema\/logo\/image\/"},"sameAs":["https:\/\/www.facebook.com\/Toidupakk","https:\/\/www.instagram.com\/toidupakk\/"]}]}},"jetpack_sharing_enabled":true,"_links":{"self":[{"href":"https:\/\/toidupakk.ee\/lt\/wp-json\/wp\/v2\/product\/48307","targetHints":{"allow":["GET"]}}],"collection":[{"href":"https:\/\/toidupakk.ee\/lt\/wp-json\/wp\/v2\/product"}],"about":[{"href":"https:\/\/toidupakk.ee\/lt\/wp-json\/wp\/v2\/types\/product"}],"replies":[{"embeddable":true,"href":"https:\/\/toidupakk.ee\/lt\/wp-json\/wp\/v2\/comments?post=48307"}],"wp:featuredmedia":[{"embeddable":true,"href":"https:\/\/toidupakk.ee\/lt\/wp-json\/wp\/v2\/media\/17971"}],"wp:attachment":[{"href":"https:\/\/toidupakk.ee\/lt\/wp-json\/wp\/v2\/media?parent=48307"}],"wp:term":[{"taxonomy":"product_brand","embeddable":true,"href":"https:\/\/toidupakk.ee\/lt\/wp-json\/wp\/v2\/product_brand?post=48307"},{"taxonomy":"product_cat","embeddable":true,"href":"https:\/\/toidupakk.ee\/lt\/wp-json\/wp\/v2\/product_cat?post=48307"},{"taxonomy":"product_tag","embeddable":true,"href":"https:\/\/toidupakk.ee\/lt\/wp-json\/wp\/v2\/product_tag?post=48307"}],"curies":[{"name":"wp","href":"https:\/\/api.w.org\/{rel}","templated":true}]}}