{"id":48293,"date":"2023-08-16T17:00:31","date_gmt":"2023-08-16T14:00:31","guid":{"rendered":"https:\/\/toidupakk.ee\/toode\/palapine-topeka-2\/"},"modified":"2026-04-14T11:30:36","modified_gmt":"2026-04-14T08:30:36","slug":"palapine-topeka-2","status":"publish","type":"product","link":"https:\/\/toidupakk.ee\/lt\/toode\/palapine-topeka-2\/","title":{"rendered":"Palapin\u0117 Topeka 2"},"content":{"rendered":"<div class=\"group w-full text-gray-800 dark:text-gray-100 border-b border-black\/10 dark:border-gray-900\/50 bg-gray-50 dark:bg-[#444654]\">\n<div class=\"flex p-4 gap-4 text-base md:gap-6 md:max-w-2xl lg:max-w-[38rem] xl:max-w-3xl md:py-6 lg:px-0 m-auto\">\n<div class=\"relative flex w-[calc(100%-50px)] flex-col gap-1 md:gap-3 lg:w-[calc(100%-115px)]\">\n<div class=\"flex flex-grow flex-col gap-3\">\n<div class=\"min-h-[20px] flex items-start overflow-x-auto whitespace-pre-wrap break-words flex-col gap-4\">\n<div class=\"markdown prose w-full break-words dark:prose-invert dark\">\n<h1>Palapin\u0117 Topeka 2<\/h1>\n<p>Palapin\u0117 Topeka 2 yra naujausias klasikin\u0117s Topeka kupolini\u0173 palapini\u0173 serijos papildymas. Ji lengvesn\u0117 ir kompakti\u0161kesn\u0117, ta\u010diau joje vis tiek pakanka vietos dviem \u017emon\u0117ms ir j\u0173 \u012frangai. Palapin\u0117 pasi\u017eymi puikiu reguliuojamu vidiniu mikroklimatu d\u0117l \u201eGrandFlow\u201c ventiliacijos sistemos. Be to, joje yra prieangis, suteikiantis pav\u0117s\u012f vidinei palapinei, saugantis nuo lietaus bei suteikiantis vietos \u0161lapiems ir purviniems daiktams laikyti. Topeka 2 yra idealus palydovas \u017eygiams ir stovyklavimo kelion\u0117ms.    <\/p>\n<p><img fetchpriority=\"high\" decoding=\"async\" class=\"alignnone size-medium wp-image-11348\" src=\"https:\/\/toidupakk.ee\/wp-content\/uploads\/2023\/07\/grandcanyon-logo-300x189.png\" alt=\"\" width=\"300\" height=\"189\" srcset=\"https:\/\/toidupakk.ee\/wp-content\/uploads\/2023\/07\/grandcanyon-logo-300x189.png 300w, https:\/\/toidupakk.ee\/wp-content\/uploads\/2023\/07\/grandcanyon-logo.png 340w\" sizes=\"(max-width: 300px) 100vw, 300px\" \/><\/p>\n<h2>Konstrukcija ir papildomos dalys<\/h2>\n<p><span style=\"font-family: -apple-system, BlinkMacSystemFont, 'Segoe UI', Roboto, Oxygen-Sans, Ubuntu, Cantarell, 'Helvetica Neue', sans-serif;\">Palapin\u0117 turi kelet\u0105 svarbi\u0173 savybi\u0173, d\u0117l kuri\u0173 ji yra patrauklus pasirinkimas. Klasikin\u0117 kupolin\u0117 konstrukcija su prieangiu u\u017etikrina erdvum\u0105, lengv\u0105 ir greit\u0105 pastatym\u0105 bei bendr\u0105 stabilum\u0105 v\u0117juotomis s\u0105lygomis. Vidin\u0119 palapin\u0119 galima statyti atskirai, tod\u0117l sausu oru galima nuimti apsaug\u0105 nuo lietaus, kad atsiv\u0117sintum arba miegotum po \u017evaig\u017ed\u0117mis.  <\/span><\/p>\n<\/div>\n<div><\/div>\n<div class=\"markdown prose w-full break-words dark:prose-invert dark\">\n<p>Palapin\u0117 Topeka 2 suteikia daug vietos dviem \u017emon\u0117ms ir j\u0173 asmeniniams daiktams. Palapin\u0117 yra kupolin\u0117s konstrukcijos, kuri u\u017etikrina puik\u0173 i\u0161ilgin\u012f atsparum\u0105 v\u0117jui ir patikim\u0105 apsaug\u0105 nuo \u012fvairi\u0173 oro s\u0105lyg\u0173. Be to, \u0161i palapin\u0117 turi kv\u0117puojan\u010di\u0105 vidin\u0119 dal\u012f su tinkleliu nuo vabzd\u017ei\u0173, u\u017etikrinan\u010di\u0105 ger\u0105 mikroklimat\u0105 ir ventiliacij\u0105. Tai leid\u017eia orui cirkuliuoti palapin\u0117je ir garantuoja patog\u0173 bei malon\u0173 mieg\u0105. Palapin\u0117 Topeka 2 taip pat i\u0161siskiria inovatyvia \u201eGrandFlow\u201c ventiliacijos sistema. Ji leid\u017eia palaipsniui atidaryti ventiliacijos ang\u0105, prireikus padidinant oro sraut\u0105. \u0160i savyb\u0117 leid\u017eia pritaikyti palapin\u0119 \u0161iltesn\u0117ms naktims ir kar\u0161toms dienoms.     <img decoding=\"async\" class=\"alignnone size-full wp-image-11597\" src=\"https:\/\/toidupakk.ee\/wp-content\/uploads\/2023\/07\/topeka-2.png\" alt=\"\" width=\"250\" height=\"250\" srcset=\"https:\/\/toidupakk.ee\/wp-content\/uploads\/2023\/07\/topeka-2.png 250w, https:\/\/toidupakk.ee\/wp-content\/uploads\/2023\/07\/topeka-2-100x100.png 100w\" sizes=\"(max-width: 250px) 100vw, 250px\" \/><\/p>\n<p>Vidin\u0117 palapin\u0117 pagaminta i\u0161 kv\u0117puojan\u010dio audinio su tinkleliu nuo vabzd\u017ei\u0173. Tai u\u017etikrina ger\u0105 mikroklimat\u0105, ventiliacij\u0105 bei malon\u0173 mieg\u0105. Lengvi palapin\u0117s audiniai ir komponentai suma\u017eina svor\u012f bei pakuot\u0117s dyd\u012f, tod\u0117l gal\u0117si ne\u0161tis ma\u017eiau svorio arba pasiimti daugiau \u012frangos.  <\/p>\n<p>Daugiau preki\u0173 \u017eygiams rasi <a href=\"https:\/\/toidupakk.ee\/lt\/tootekategooria\/zygio-iranga\/#section-3-79\">\u010cIA<\/a><\/p>\n<p>O gal domiesi \u017eygio maistu? \u017di\u016br\u0117k <a href=\"\/?product_cat=snakk#section-3-79\">\u010cIA<\/a><\/p>\n<p>Pasisemk \u012fkv\u0117pimo kitiems nuotykiams Toidupakk <a href=\"https:\/\/www.instagram.com\/toidupakk\/\">Instagram<\/a> ir <a href=\"https:\/\/www.facebook.com\/Toidupakk\/\">Facebook<\/a> paskyrose.<\/p>\n<\/div>\n<\/div>\n<\/div>\n<\/div>\n<\/div>\n<\/div>\n","protected":false},"excerpt":{"rendered":"<p>Topeka 2 yra naujausias klasikin\u0117s Topeka kupolini\u0173 palapini\u0173 serijos papildymas. Ji lengva, kompakti\u0161ka ir talpina du \u017emones bei j\u0173 \u012frang\u0105. Palapin\u0117 turi reguliuojam\u0105 mikroklimat\u0105 d\u0117l ventiliacijos sistemos. Taip pat yra prieangis, suteikiantis pav\u0117s\u012f ir vietos daiktams. Topeka 2 yra idealus sprendimas \u017eygiui su palapin\u0117mis.    <\/p>\n<ul>\n<li><strong>Viet\u0173 skai\u010dius:<\/strong> 2 asmenys<\/li>\n<li><strong>Prek\u0117s \u017eenklas:<\/strong> GRAND CANYON\u00ae<\/li>\n<li><strong>I\u0161orinio sluoksnio med\u017eiaga:<\/strong> 100 % poliesteris 68D (190T) \u2013 atsparus vandeniui, v\u0117jui, kv\u0117puojantis<\/li>\n<li><strong>Vidin\u0117s palapin\u0117s med\u017eiaga:<\/strong> patvarus tinklinis audinis (apsaugo nuo uod\u0173 ir kit\u0173 vabzd\u017ei\u0173)<\/li>\n<li><strong>Dugno med\u017eiaga:<\/strong> polietilenas, padengtas poliuretano sluoksniu<\/li>\n<li><strong>Lankai:<\/strong> stiklo pluo\u0161tas<\/li>\n<li><strong>Kuoliukai:<\/strong> plienas<\/li>\n<li><strong>Svoris: 3340 g<\/strong><\/li>\n<li><strong>Matmenys:<\/strong> 16&#215;52 cm (supakuotos)<\/li>\n<li><strong>Atsparumas vandeniui:<\/strong> 3000 mm i\u0161orinis sluoksnis, 4000 mm dugnas<\/li>\n<li><strong>Spalva:<\/strong> Blue Grass (m\u0117lyna)<\/li>\n<\/ul>\n<p>\u2705 Greitas pristatymas per 1\u20133 d. d. \u012f tavo pa\u0161tomat\u0105<br \/>\n\u2705 NEMOKAMAS gr\u0105\u017einimas ir keitimas<br \/>\n\u2705 Pirk dabar, mok\u0117k v\u0117liau (pal\u016bkanos 0 %)<\/p>\n<p><img decoding=\"async\" class=\"alignnone wp-image-13490 size-medium\" src=\"https:\/\/toidupakk.ee\/wp-content\/uploads\/2023\/02\/ee-split-3-300x68.png\" alt=\"Pirk dabar, mok\u0117k v\u0117liau\" width=\"300\" height=\"68\" srcset=\"https:\/\/toidupakk.ee\/wp-content\/uploads\/2023\/02\/ee-split-3-300x68.png 300w, https:\/\/toidupakk.ee\/wp-content\/uploads\/2023\/02\/ee-split-3.png 600w\" sizes=\"(max-width: 300px) 100vw, 300px\" \/><\/p>\n","protected":false},"featured_media":48306,"comment_status":"open","ping_status":"closed","template":"","meta":{"_acf_changed":false},"product_brand":[],"product_cat":[217,257,189,190],"product_tag":[],"class_list":{"0":"post-48293","1":"product","2":"type-product","3":"status-publish","4":"has-post-thumbnail","6":"product_cat-nakvyne-gamtoje","7":"product_cat-palapines","8":"product_cat-zygio-iranga","9":"product_cat-zygio-prekes","11":"first","12":"outofstock","13":"taxable","14":"shipping-taxable","15":"purchasable","16":"product-type-simple"},"bundled_by":[],"bundle_stock_status":"outofstock","bundle_stock_quantity":0,"bundle_virtual":false,"bundle_layout":"","bundle_add_to_cart_form_location":"","bundle_editable_in_cart":false,"bundle_sold_individually_context":"","bundle_item_grouping":"","bundle_min_size":"","bundle_max_size":"","bundle_price":[],"bundled_items":[],"bundle_sell_ids":[],"acf":[],"yoast_head":"<!-- This site is optimized with the Yoast SEO plugin v27.3 - https:\/\/yoast.com\/product\/yoast-seo-wordpress\/ -->\n<title>Palapin\u0117 Topeka 2<\/title>\n<meta name=\"description\" content=\"Palapin\u0117 Topeka 2 yra naujausias GRAND CANYON kupolin\u0117s palapin\u0117s modelis su reguliuojama ventiliacija, prieangiu \u0161lapiai \u012frangai bei vandeniui atspariomis med\u017eiagomis.\" \/>\n<meta name=\"robots\" content=\"index, follow, max-snippet:-1, max-image-preview:large, max-video-preview:-1\" \/>\n<link rel=\"canonical\" href=\"https:\/\/toidupakk.ee\/lt\/toode\/palapine-topeka-2\/\" \/>\n<meta property=\"og:locale\" content=\"lt_LT\" \/>\n<meta property=\"og:type\" content=\"article\" \/>\n<meta property=\"og:title\" content=\"Palapin\u0117 Topeka 2\" \/>\n<meta property=\"og:description\" content=\"Palapin\u0117 Topeka 2 yra naujausias GRAND CANYON kupolin\u0117s palapin\u0117s modelis su reguliuojama ventiliacija, prieangiu \u0161lapiai \u012frangai bei vandeniui atspariomis med\u017eiagomis.\" \/>\n<meta property=\"og:url\" content=\"https:\/\/toidupakk.ee\/lt\/toode\/palapine-topeka-2\/\" \/>\n<meta property=\"og:site_name\" content=\"Toidupakk.ee - Tactical Foodpack toidupakid\" \/>\n<meta property=\"article:publisher\" content=\"https:\/\/www.facebook.com\/Toidupakk\" \/>\n<meta property=\"article:modified_time\" content=\"2026-04-14T08:30:36+00:00\" \/>\n<meta property=\"og:image\" content=\"https:\/\/toidupakk.ee\/wp-content\/uploads\/2023\/07\/Telk-Topeka-2.png\" \/>\n\t<meta property=\"og:image:width\" content=\"1080\" \/>\n\t<meta property=\"og:image:height\" content=\"1080\" \/>\n\t<meta property=\"og:image:type\" content=\"image\/png\" \/>\n<meta name=\"twitter:card\" content=\"summary_large_image\" \/>\n<meta name=\"twitter:label1\" content=\"Est. reading time\" \/>\n\t<meta name=\"twitter:data1\" content=\"2 minut\u0117s\" \/>\n<script type=\"application\/ld+json\" class=\"yoast-schema-graph\">{\"@context\":\"https:\\\/\\\/schema.org\",\"@graph\":[{\"@type\":\"WebPage\",\"@id\":\"https:\\\/\\\/toidupakk.ee\\\/lt\\\/toode\\\/palapine-topeka-2\\\/\",\"url\":\"https:\\\/\\\/toidupakk.ee\\\/lt\\\/toode\\\/palapine-topeka-2\\\/\",\"name\":\"Palapin\u0117 Topeka 2\",\"isPartOf\":{\"@id\":\"https:\\\/\\\/toidupakk.ee\\\/lt\\\/#website\"},\"primaryImageOfPage\":{\"@id\":\"https:\\\/\\\/toidupakk.ee\\\/lt\\\/toode\\\/palapine-topeka-2\\\/#primaryimage\"},\"image\":{\"@id\":\"https:\\\/\\\/toidupakk.ee\\\/lt\\\/toode\\\/palapine-topeka-2\\\/#primaryimage\"},\"thumbnailUrl\":\"https:\\\/\\\/toidupakk.ee\\\/wp-content\\\/uploads\\\/2023\\\/07\\\/Telk-Topeka-2.png\",\"datePublished\":\"2023-08-16T14:00:31+00:00\",\"dateModified\":\"2026-04-14T08:30:36+00:00\",\"description\":\"Palapin\u0117 Topeka 2 yra naujausias GRAND CANYON kupolin\u0117s palapin\u0117s modelis su reguliuojama ventiliacija, prieangiu \u0161lapiai \u012frangai bei vandeniui atspariomis med\u017eiagomis.\",\"breadcrumb\":{\"@id\":\"https:\\\/\\\/toidupakk.ee\\\/lt\\\/toode\\\/palapine-topeka-2\\\/#breadcrumb\"},\"inLanguage\":\"lt-LT\",\"potentialAction\":[{\"@type\":\"ReadAction\",\"target\":[\"https:\\\/\\\/toidupakk.ee\\\/lt\\\/toode\\\/palapine-topeka-2\\\/\"]}]},{\"@type\":\"ImageObject\",\"inLanguage\":\"lt-LT\",\"@id\":\"https:\\\/\\\/toidupakk.ee\\\/lt\\\/toode\\\/palapine-topeka-2\\\/#primaryimage\",\"url\":\"https:\\\/\\\/toidupakk.ee\\\/wp-content\\\/uploads\\\/2023\\\/07\\\/Telk-Topeka-2.png\",\"contentUrl\":\"https:\\\/\\\/toidupakk.ee\\\/wp-content\\\/uploads\\\/2023\\\/07\\\/Telk-Topeka-2.png\",\"width\":1080,\"height\":1080,\"caption\":\"Palapin\u0117 Topeka 2\"},{\"@type\":\"BreadcrumbList\",\"@id\":\"https:\\\/\\\/toidupakk.ee\\\/lt\\\/toode\\\/palapine-topeka-2\\\/#breadcrumb\",\"itemListElement\":[{\"@type\":\"ListItem\",\"position\":1,\"name\":\"Avaleht\",\"item\":\"https:\\\/\\\/toidupakk.ee\\\/lt\\\/\"},{\"@type\":\"ListItem\",\"position\":2,\"name\":\"El. parduotuv\u0117\",\"item\":\"https:\\\/\\\/toidupakk.ee\\\/lt\\\/el-parduotuve\\\/\"},{\"@type\":\"ListItem\",\"position\":3,\"name\":\"Palapin\u0117 Topeka 2\"}]},{\"@type\":\"WebSite\",\"@id\":\"https:\\\/\\\/toidupakk.ee\\\/lt\\\/#website\",\"url\":\"https:\\\/\\\/toidupakk.ee\\\/lt\\\/\",\"name\":\"Toidupakk.ee - Tactical Foodpack toidupakid\",\"description\":\"Tactical Foodpack k\u00fclmkuivatatud toidupakid ja matkaeined\",\"publisher\":{\"@id\":\"https:\\\/\\\/toidupakk.ee\\\/lt\\\/#organization\"},\"potentialAction\":[{\"@type\":\"SearchAction\",\"target\":{\"@type\":\"EntryPoint\",\"urlTemplate\":\"https:\\\/\\\/toidupakk.ee\\\/lt\\\/?s={search_term_string}\"},\"query-input\":{\"@type\":\"PropertyValueSpecification\",\"valueRequired\":true,\"valueName\":\"search_term_string\"}}],\"inLanguage\":\"lt-LT\"},{\"@type\":\"Organization\",\"@id\":\"https:\\\/\\\/toidupakk.ee\\\/lt\\\/#organization\",\"name\":\"Tactical Foodpack matkaeined\",\"url\":\"https:\\\/\\\/toidupakk.ee\\\/lt\\\/\",\"logo\":{\"@type\":\"ImageObject\",\"inLanguage\":\"lt-LT\",\"@id\":\"https:\\\/\\\/toidupakk.ee\\\/lt\\\/#\\\/schema\\\/logo\\\/image\\\/\",\"url\":\"https:\\\/\\\/toidupakk.ee\\\/wp-content\\\/uploads\\\/2022\\\/01\\\/Toidupakk-matkapood-logo-transparent.png\",\"contentUrl\":\"https:\\\/\\\/toidupakk.ee\\\/wp-content\\\/uploads\\\/2022\\\/01\\\/Toidupakk-matkapood-logo-transparent.png\",\"width\":500,\"height\":500,\"caption\":\"Tactical Foodpack matkaeined\"},\"image\":{\"@id\":\"https:\\\/\\\/toidupakk.ee\\\/lt\\\/#\\\/schema\\\/logo\\\/image\\\/\"},\"sameAs\":[\"https:\\\/\\\/www.facebook.com\\\/Toidupakk\",\"https:\\\/\\\/www.instagram.com\\\/toidupakk\\\/\"]}]}<\/script>\n<!-- \/ Yoast SEO plugin. -->","yoast_head_json":{"title":"Palapin\u0117 Topeka 2","description":"Palapin\u0117 Topeka 2 yra naujausias GRAND CANYON kupolin\u0117s palapin\u0117s modelis su reguliuojama ventiliacija, prieangiu \u0161lapiai \u012frangai bei vandeniui atspariomis med\u017eiagomis.","robots":{"index":"index","follow":"follow","max-snippet":"max-snippet:-1","max-image-preview":"max-image-preview:large","max-video-preview":"max-video-preview:-1"},"canonical":"https:\/\/toidupakk.ee\/lt\/toode\/palapine-topeka-2\/","og_locale":"lt_LT","og_type":"article","og_title":"Palapin\u0117 Topeka 2","og_description":"Palapin\u0117 Topeka 2 yra naujausias GRAND CANYON kupolin\u0117s palapin\u0117s modelis su reguliuojama ventiliacija, prieangiu \u0161lapiai \u012frangai bei vandeniui atspariomis med\u017eiagomis.","og_url":"https:\/\/toidupakk.ee\/lt\/toode\/palapine-topeka-2\/","og_site_name":"Toidupakk.ee - Tactical Foodpack toidupakid","article_publisher":"https:\/\/www.facebook.com\/Toidupakk","article_modified_time":"2026-04-14T08:30:36+00:00","og_image":[{"width":1080,"height":1080,"url":"https:\/\/toidupakk.ee\/wp-content\/uploads\/2023\/07\/Telk-Topeka-2.png","type":"image\/png"}],"twitter_card":"summary_large_image","twitter_misc":{"Est. reading time":"2 minut\u0117s"},"schema":{"@context":"https:\/\/schema.org","@graph":[{"@type":"WebPage","@id":"https:\/\/toidupakk.ee\/lt\/toode\/palapine-topeka-2\/","url":"https:\/\/toidupakk.ee\/lt\/toode\/palapine-topeka-2\/","name":"Palapin\u0117 Topeka 2","isPartOf":{"@id":"https:\/\/toidupakk.ee\/lt\/#website"},"primaryImageOfPage":{"@id":"https:\/\/toidupakk.ee\/lt\/toode\/palapine-topeka-2\/#primaryimage"},"image":{"@id":"https:\/\/toidupakk.ee\/lt\/toode\/palapine-topeka-2\/#primaryimage"},"thumbnailUrl":"https:\/\/toidupakk.ee\/wp-content\/uploads\/2023\/07\/Telk-Topeka-2.png","datePublished":"2023-08-16T14:00:31+00:00","dateModified":"2026-04-14T08:30:36+00:00","description":"Palapin\u0117 Topeka 2 yra naujausias GRAND CANYON kupolin\u0117s palapin\u0117s modelis su reguliuojama ventiliacija, prieangiu \u0161lapiai \u012frangai bei vandeniui atspariomis med\u017eiagomis.","breadcrumb":{"@id":"https:\/\/toidupakk.ee\/lt\/toode\/palapine-topeka-2\/#breadcrumb"},"inLanguage":"lt-LT","potentialAction":[{"@type":"ReadAction","target":["https:\/\/toidupakk.ee\/lt\/toode\/palapine-topeka-2\/"]}]},{"@type":"ImageObject","inLanguage":"lt-LT","@id":"https:\/\/toidupakk.ee\/lt\/toode\/palapine-topeka-2\/#primaryimage","url":"https:\/\/toidupakk.ee\/wp-content\/uploads\/2023\/07\/Telk-Topeka-2.png","contentUrl":"https:\/\/toidupakk.ee\/wp-content\/uploads\/2023\/07\/Telk-Topeka-2.png","width":1080,"height":1080,"caption":"Palapin\u0117 Topeka 2"},{"@type":"BreadcrumbList","@id":"https:\/\/toidupakk.ee\/lt\/toode\/palapine-topeka-2\/#breadcrumb","itemListElement":[{"@type":"ListItem","position":1,"name":"Avaleht","item":"https:\/\/toidupakk.ee\/lt\/"},{"@type":"ListItem","position":2,"name":"El. parduotuv\u0117","item":"https:\/\/toidupakk.ee\/lt\/el-parduotuve\/"},{"@type":"ListItem","position":3,"name":"Palapin\u0117 Topeka 2"}]},{"@type":"WebSite","@id":"https:\/\/toidupakk.ee\/lt\/#website","url":"https:\/\/toidupakk.ee\/lt\/","name":"Toidupakk.ee - Tactical Foodpack toidupakid","description":"Tactical Foodpack k\u00fclmkuivatatud toidupakid ja matkaeined","publisher":{"@id":"https:\/\/toidupakk.ee\/lt\/#organization"},"potentialAction":[{"@type":"SearchAction","target":{"@type":"EntryPoint","urlTemplate":"https:\/\/toidupakk.ee\/lt\/?s={search_term_string}"},"query-input":{"@type":"PropertyValueSpecification","valueRequired":true,"valueName":"search_term_string"}}],"inLanguage":"lt-LT"},{"@type":"Organization","@id":"https:\/\/toidupakk.ee\/lt\/#organization","name":"Tactical Foodpack matkaeined","url":"https:\/\/toidupakk.ee\/lt\/","logo":{"@type":"ImageObject","inLanguage":"lt-LT","@id":"https:\/\/toidupakk.ee\/lt\/#\/schema\/logo\/image\/","url":"https:\/\/toidupakk.ee\/wp-content\/uploads\/2022\/01\/Toidupakk-matkapood-logo-transparent.png","contentUrl":"https:\/\/toidupakk.ee\/wp-content\/uploads\/2022\/01\/Toidupakk-matkapood-logo-transparent.png","width":500,"height":500,"caption":"Tactical Foodpack matkaeined"},"image":{"@id":"https:\/\/toidupakk.ee\/lt\/#\/schema\/logo\/image\/"},"sameAs":["https:\/\/www.facebook.com\/Toidupakk","https:\/\/www.instagram.com\/toidupakk\/"]}]}},"jetpack_sharing_enabled":true,"_links":{"self":[{"href":"https:\/\/toidupakk.ee\/lt\/wp-json\/wp\/v2\/product\/48293","targetHints":{"allow":["GET"]}}],"collection":[{"href":"https:\/\/toidupakk.ee\/lt\/wp-json\/wp\/v2\/product"}],"about":[{"href":"https:\/\/toidupakk.ee\/lt\/wp-json\/wp\/v2\/types\/product"}],"replies":[{"embeddable":true,"href":"https:\/\/toidupakk.ee\/lt\/wp-json\/wp\/v2\/comments?post=48293"}],"wp:featuredmedia":[{"embeddable":true,"href":"https:\/\/toidupakk.ee\/lt\/wp-json\/wp\/v2\/media\/48306"}],"wp:attachment":[{"href":"https:\/\/toidupakk.ee\/lt\/wp-json\/wp\/v2\/media?parent=48293"}],"wp:term":[{"taxonomy":"product_brand","embeddable":true,"href":"https:\/\/toidupakk.ee\/lt\/wp-json\/wp\/v2\/product_brand?post=48293"},{"taxonomy":"product_cat","embeddable":true,"href":"https:\/\/toidupakk.ee\/lt\/wp-json\/wp\/v2\/product_cat?post=48293"},{"taxonomy":"product_tag","embeddable":true,"href":"https:\/\/toidupakk.ee\/lt\/wp-json\/wp\/v2\/product_tag?post=48293"}],"curies":[{"name":"wp","href":"https:\/\/api.w.org\/{rel}","templated":true}]}}