{"id":48283,"date":"2023-11-06T17:10:43","date_gmt":"2023-11-06T15:10:43","guid":{"rendered":"https:\/\/toidupakk.ee\/toode\/readywise-maisto-atsargu-rinkinys-ryziai-su-ivairia-mesa-80-porciju\/"},"modified":"2026-04-04T00:01:04","modified_gmt":"2026-04-03T21:01:04","slug":"readywise-maisto-atsargu-rinkinys-ryziai-su-ivairia-mesa-80-porciju","status":"publish","type":"product","link":"https:\/\/toidupakk.ee\/lt\/toode\/readywise-maisto-atsargu-rinkinys-ryziai-su-ivairia-mesa-80-porciju\/","title":{"rendered":"READYWISE\u00ae maisto atsarg\u0173 rinkinys \u2013 ry\u017eiai su \u012fvairia m\u0117sa \u2013 80 porcij\u0173"},"content":{"rendered":"<h1 data-start=\"319\" data-end=\"398\"><strong data-start=\"322\" data-end=\"398\">READYWISE\u00ae maisto atsarg\u0173 rinkinys su ry\u017eiais ir \u012fvairia m\u0117sa \u2013 80 porcij\u0173<\/strong><\/h1>\n<p data-start=\"400\" data-end=\"681\"><strong data-start=\"400\" data-end=\"431\">\u201eReadywise\u201c maisto atsarg\u0173 rinkinys<\/strong> yra idealus pasirinkimas netik\u0117toms situacijoms, krizi\u0173 atsargoms, \u017eygiams ar tiesiog patogiam maisto rezervui namuose. Rinkinys u\u017etikrins tau ir tavo \u0161eimai skanius, maistingus ir ilgai galiojan\u010dius patiekalus bet kuriuo metu \u2013 net ir tada, kai \u012fprast\u0173 galimybi\u0173 n\u0117ra. <\/p>\n<p data-start=\"683\" data-end=\"890\">Visi patiekalai yra <strong data-start=\"698\" data-end=\"715\">dehidratuoti<\/strong>, tod\u0117l i\u0161laiko \u0161vie\u017eum\u0105 ir skon\u012f iki <strong data-start=\"754\" data-end=\"768\">15 met\u0173<\/strong> nuo pagaminimo datos. Rinkinyje yra vi\u0161tienos ir jautienos patiekal\u0173 bei paruo\u0161t\u0173 ry\u017ei\u0173, i\u0161 viso <strong data-start=\"872\" data-end=\"889\">80 porcij\u0173<\/strong>. <\/p>\n<h2><img fetchpriority=\"high\" decoding=\"async\" class=\"alignnone wp-image-14383 size-full\" src=\"https:\/\/toidupakk.ee\/wp-content\/uploads\/2023\/09\/Graphic-Design.jpg\" alt=\"\u201eReadywise\u201c maisto atsarg\u0173 rinkinys si\u016blo 80 skani\u0173 ir ilgai galiojan\u010di\u0173 porcij\u0173 krizi\u0173 atvejams ar \u017eygiams. Lengvai paruo\u0161iamas, supakuotas oro s\u0105lygoms atsparioje pakuot\u0117je.\" width=\"1280\" height=\"1280\" srcset=\"https:\/\/toidupakk.ee\/wp-content\/uploads\/2023\/09\/Graphic-Design.jpg 1280w, https:\/\/toidupakk.ee\/wp-content\/uploads\/2023\/09\/Graphic-Design-400x400.jpg 400w, https:\/\/toidupakk.ee\/wp-content\/uploads\/2023\/09\/Graphic-Design-100x100.jpg 100w, https:\/\/toidupakk.ee\/wp-content\/uploads\/2023\/09\/Graphic-Design-800x800.jpg 800w, https:\/\/toidupakk.ee\/wp-content\/uploads\/2023\/09\/Graphic-Design-300x300.jpg 300w, https:\/\/toidupakk.ee\/wp-content\/uploads\/2023\/09\/Graphic-Design-1024x1024.jpg 1024w, https:\/\/toidupakk.ee\/wp-content\/uploads\/2023\/09\/Graphic-Design-500x500.jpg 500w, https:\/\/toidupakk.ee\/wp-content\/uploads\/2023\/09\/Graphic-Design-768x768.jpg 768w\" sizes=\"(max-width: 1280px) 100vw, 1280px\" \/><\/h2>\n<h2 data-start=\"683\" data-end=\"890\"><strong data-start=\"900\" data-end=\"949\">Kaip naudoti \u201eReadywise\u201c maisto atsarg\u0173 rinkin\u012f?<\/strong><\/h2>\n<h3 data-start=\"951\" data-end=\"979\"><strong data-start=\"955\" data-end=\"977\">1. Pasirink tinkam\u0105 patiekal\u0105<\/strong><\/h3>\n<p data-start=\"980\" data-end=\"1047\">Atidaryk vandeniui atspari\u0105, pakartotinai u\u017edarom\u0105 pakuot\u0119 ir i\u0161sirink norim\u0105 skon\u012f.<\/p>\n<h3 data-start=\"1049\" data-end=\"1089\"><strong data-start=\"1053\" data-end=\"1087\">2. \u012epilk vandens (\u0161alto arba kar\u0161to)<\/strong><\/h3>\n<p data-start=\"1090\" data-end=\"1179\">\u201eReadyWise\u201c maistas apdorojamas specialiu b\u016bdu, kuris i\u0161saugo tiek skon\u012f, tiek tekst\u016br\u0105.<\/p>\n<ul>\n<li data-start=\"1182\" data-end=\"1224\">Vienai porcijai \u012fpilk <strong data-start=\"1207\" data-end=\"1222\">1 puodel\u012f vandens<\/strong><\/li>\n<li data-start=\"1227\" data-end=\"1316\">Maist\u0105 galima ruo\u0161ti tiek su <strong data-start=\"1253\" data-end=\"1262\">kar\u0161tu<\/strong>, tiek su <strong data-start=\"1267\" data-end=\"1276\">\u0161altu<\/strong> vandeniu (kar\u0161tas vanduo suteikia geriausi\u0105 rezultat\u0105)<\/li>\n<\/ul>\n<p>&nbsp;<\/p>\n<h3 data-start=\"1318\" data-end=\"1343\"><strong data-start=\"1322\" data-end=\"1341\">3. I\u0161mai\u0161yk ir palauk<\/strong><\/h3>\n<p data-start=\"1344\" data-end=\"1387\">Supilk patiekalo turin\u012f \u012f vanden\u012f, i\u0161mai\u0161yk ir u\u017edenk.<\/p>\n<ul>\n<li data-start=\"1390\" data-end=\"1419\">Su kar\u0161tu vandeniu: <strong data-start=\"1403\" data-end=\"1417\">15 minu\u010di\u0173<\/strong><\/li>\n<li data-start=\"1422\" data-end=\"1466\">Su kambario temperat\u016bros vandeniu: <strong data-start=\"1450\" data-end=\"1464\">30 minu\u010di\u0173<\/strong><\/li>\n<\/ul>\n<p data-start=\"1468\" data-end=\"1503\">Tuomet \u012fsid\u0117k \u012f l\u0117k\u0161t\u0119 ir m\u0117gaukis!<\/p>\n<p data-start=\"1468\" data-end=\"1503\"><img decoding=\"async\" class=\"aligncenter size-full wp-image-42377\" src=\"https:\/\/toidupakk.ee\/wp-content\/uploads\/2023\/11\/3a43bc88eee14b5d97ab235af9a3dc3a.SD-480p-1.5Mbps-18937233.gif\" alt=\"\" width=\"854\" height=\"480\"><\/p>\n<p data-start=\"1468\" data-end=\"1503\">\n<p><strong data-start=\"1513\" data-end=\"1565\">Turinys \u2013 k\u0105 rasi oro s\u0105lygoms atspariame kibire?<\/strong><\/p>\n<ul>\n<li data-start=\"1569\" data-end=\"1613\"><strong data-start=\"1569\" data-end=\"1586\">Kepta vi\u0161tiena<\/strong>: 2 mai\u0161eliai \/ 32 porcijos<\/li>\n<li data-start=\"1616\" data-end=\"1655\"><strong data-start=\"1616\" data-end=\"1645\">Keptos vi\u0161tienos prieskoniai<\/strong>: 1 mai\u0161elis<\/li>\n<li data-start=\"1658\" data-end=\"1707\"><strong data-start=\"1658\" data-end=\"1680\">Kepta jautiena<\/strong>: 2 mai\u0161eliai \/ 28 porcijos<\/li>\n<li data-start=\"1710\" data-end=\"1754\"><strong data-start=\"1710\" data-end=\"1744\">Keptos jautienos prieskoniai<\/strong>: 1 mai\u0161elis<\/li>\n<li data-start=\"1757\" data-end=\"1807\"><strong data-start=\"1757\" data-end=\"1780\">Paruo\u0161ti ry\u017eiai<\/strong>: 4 mai\u0161eliai \/ 20 porcij\u0173<\/li>\n<\/ul>\n<h2 data-start=\"1814\" data-end=\"1861\"><strong data-start=\"1817\" data-end=\"1861\">Kod\u0117l verta rinktis \u201eReadywise\u201c maisto atsarg\u0173 rinkin\u012f?<\/strong><\/h2>\n<ul>\n<li data-start=\"1863\" data-end=\"1889\"><strong data-start=\"1867\" data-end=\"1887\">Ilgas galiojimo laikas<\/strong><\/li>\n<\/ul>\n<p data-start=\"1890\" data-end=\"2106\">Dehidratuotas maistas i\u0161lieka tinkamas vartoti <strong data-start=\"1920\" data-end=\"1938\">iki 15 met\u0173<\/strong>, tod\u0117l idealiai tinka krizi\u0173 atsargoms namuose, r\u016bsyje, gara\u017ee, valtyje ar sodyboje. Vandeniui atsparus krep\u0161ys saugo maist\u0105 nuo dr\u0117gm\u0117s ir aplinkos poveikio. <\/p>\n<ul>\n<li data-start=\"1890\" data-end=\"2106\"><strong data-start=\"2112\" data-end=\"2149\">Maistingas ir visavertis<\/strong><\/li>\n<\/ul>\n<p data-start=\"2152\" data-end=\"2288\">\u201eReadyWise\u201c patiekaluose gausu <strong data-start=\"2190\" data-end=\"2233\">baltym\u0173, skaidul\u0173 ir svarbi\u0173 maistini\u0173 med\u017eiag\u0173<\/strong>, padedan\u010di\u0173 palaikyti energijos lyg\u012f net ir sud\u0117tingomis s\u0105lygomis.<\/p>\n<ul>\n<li data-start=\"2290\" data-end=\"2326\"><strong data-start=\"2294\" data-end=\"2324\">\u012evair\u016bs skonio pasirinkimai<\/strong><\/li>\n<\/ul>\n<p data-start=\"2327\" data-end=\"2422\">Rinkinyje rasi tinkam\u0105 patiekal\u0105 pusry\u010diams, pietums ir vakarienei \u2013 visada bus ka\u017ekas, kas tau patiks.<\/p>\n<ul>\n<li data-start=\"2424\" data-end=\"2461\"><strong data-start=\"2428\" data-end=\"2459\">Lengvas ir patogus transportuoti<\/strong><\/li>\n<\/ul>\n<p data-start=\"2462\" data-end=\"2559\">Kompakti\u0161ka ir lengva pakuot\u0117 kartu su vandeniui atspariu kibiru leid\u017eia paprastai pasiimti maisto atsargas su savimi.<\/p>\n<h2 data-start=\"2566\" data-end=\"2623\"><strong data-start=\"2569\" data-end=\"2623\">\u201eReadyWise\u201c maisto atsarg\u0173 rinkinys \u2013 patikimas partneris pasiruo\u0161imui<\/strong><\/h2>\n<p data-start=\"2625\" data-end=\"2805\">\u201eReadyWise\u201c naudoja inovatyvi\u0105 \u0161aldymo d\u017eiovinant technologij\u0105, kad pasi\u016blyt\u0173 <strong data-start=\"2693\" data-end=\"2733\">paprastus, skanius ir prieinamus<\/strong> sprendimus situacijoms, kai \u012fprastas maisto gaminimas ne\u012fmanomas.<\/p>\n<p>&nbsp;<\/p>\n<p>Daugiau \u017eygio preki\u0173 rasi <a href=\"https:\/\/toidupakk.ee\/lt\/tootekategooria\/zygio-iranga\/#section-3-79\">\u010cIA<\/a><\/p>\n<p>Jei domina \u017eygi\u0173 maistas \u2013 \u017ei\u016br\u0117k <a href=\"https:\/\/toidupakk.ee\/lt\/tootekategooria\/zygio-maistas\/\">\u010cIA<\/a><\/p>\n<p>Pasisemk \u012fkv\u0117pimo kitiems nuotykiams \u201eToidupakk\u201c <a href=\"https:\/\/www.instagram.com\/toidupakk\/\">Instagram<\/a> ir <a href=\"https:\/\/www.facebook.com\/Toidupakk\/\">Facebook<\/a> paskyrose.<\/p>\n","protected":false},"excerpt":{"rendered":"<p>\u201eReadyWise\u201c maisto rinkinys <strong>su \u012fvairia m\u0117sa<\/strong> skirtas situacijoms, kai maisto gaminimas gali b\u016bti apsunkintas arba ne\u012fmanomas. Rinkinyje <strong>yra 80 porcij\u0173 maisto su vi\u0161tiena ir jautiena<\/strong>, jis <strong>galioja 15 met\u0173<\/strong>. Patogu naudoti \u017eygiuose, stovyklaujant ar leid\u017eiant laik\u0105 gryname ore. Maistas supakuotas sandariuose \u201eMylar\u201c mai\u0161eliuose, kurie u\u017etikrina ilg\u0105 galiojimo laik\u0105. Dehidratuotas maistas paruo\u0161iamas per kelias minutes, tereikia \u012fpilti vandens.    <\/p>\n<ul>\n<li>Maisto atsarg\u0173 rinkinys su vi\u0161tiena ir jautiena: <strong>80 maisto porcij\u0173<\/strong><\/li>\n<li>Tik \u012fpilk vandens: rekomenduojamas kar\u0161tas vanduo, bet tinka ir \u0161altas (tokiu atveju paruo\u0161imo laikas tiesiog ilgesnis)<\/li>\n<li><strong>Galioja 15 met\u0173 nuo pagaminimo datos<\/strong><\/li>\n<li><strong>Oro s\u0105lygoms atsparus kibiras su \u201eGrab-N-GO\u201c rankena<\/strong> leid\u017eia j\u012f lengvai transportuoti ir patogiai ne\u0161tis su savimi<\/li>\n<li>Maisto pakuot\u0117s yra pakartotinai u\u017edaromos<\/li>\n<li>Grynasis maisto svoris: <strong>1,73 kg<\/strong><\/li>\n<li>Bendra rinkinio <strong>energin\u0117 vert\u0117 \u2013 7839 kalorijos<\/strong><\/li>\n<li>Vienam rinkiniui paruo\u0161ti reikia apie 19 litr\u0173 vandens <\/li>\n<li>Maisto kibiro matmenys: 30 cm x 25 cm x 32 cm<\/li>\n<li>Rinkinyje yra patiekalai su kepta vi\u0161tiena ir kepta jautiena<\/li>\n<\/ul>\n<p>\u2705 Turime sand\u0117lyje, greitas pristatymas per 1\u20133 d. d.<br \/>\n\u2705 Pirk dabar, mok\u0117k v\u0117liau (pal\u016bkanos 0 %)<\/p>\n","protected":false},"featured_media":48284,"comment_status":"open","ping_status":"closed","template":"","meta":{"_acf_changed":false},"product_brand":[],"product_cat":[235,246,245,189,190],"product_tag":[],"class_list":{"0":"post-48283","1":"product","2":"type-product","3":"status-publish","4":"has-post-thumbnail","6":"product_cat-dideli-maisto-atsargu-rinkiniai","7":"product_cat-maisto-atsargu-rinkiniai","8":"product_cat-ypac-dideli-readywise-maisto-atsargu-rinkiniai","9":"product_cat-zygio-iranga","10":"product_cat-zygio-prekes","12":"first","13":"onbackorder","14":"sale","15":"taxable","16":"shipping-taxable","17":"purchasable","18":"product-type-simple"},"bundled_by":[],"bundle_stock_status":"onbackorder","bundle_stock_quantity":-2,"bundle_virtual":false,"bundle_layout":"","bundle_add_to_cart_form_location":"","bundle_editable_in_cart":false,"bundle_sold_individually_context":"","bundle_item_grouping":"","bundle_min_size":"","bundle_max_size":"","bundle_price":[],"bundled_items":[],"bundle_sell_ids":[],"acf":[],"yoast_head":"<!-- This site is optimized with the Yoast SEO plugin v27.1.1 - https:\/\/yoast.com\/product\/yoast-seo-wordpress\/ -->\n<title>READYWISE\u00ae maisto atsarg\u0173 rinkinys \u2013 ry\u017eiai su \u012fvairia m\u0117sa \u2013 80 porcij\u0173<\/title>\n<meta name=\"description\" content=\"\u201eReadywise\u201c maisto atsarg\u0173 rinkinys si\u016blo 80 skani\u0173 ir ilgai galiojan\u010di\u0173 porcij\u0173 krizi\u0173 atvejams ar \u017eygiams. Lengvai paruo\u0161iamas, supakuotas oro s\u0105lygoms atsparioje pakuot\u0117je.\" \/>\n<meta name=\"robots\" content=\"index, follow, max-snippet:-1, max-image-preview:large, max-video-preview:-1\" \/>\n<link rel=\"canonical\" href=\"https:\/\/toidupakk.ee\/lt\/toode\/readywise-maisto-atsargu-rinkinys-ryziai-su-ivairia-mesa-80-porciju\/\" \/>\n<meta property=\"og:locale\" content=\"lt_LT\" \/>\n<meta property=\"og:type\" content=\"article\" \/>\n<meta property=\"og:title\" content=\"READYWISE\u00ae maisto atsarg\u0173 rinkinys \u2013 ry\u017eiai su \u012fvairia m\u0117sa \u2013 80 porcij\u0173\" \/>\n<meta property=\"og:description\" content=\"\u201eReadywise\u201c maisto atsarg\u0173 rinkinys si\u016blo 80 skani\u0173 ir ilgai galiojan\u010di\u0173 porcij\u0173 krizi\u0173 atvejams ar \u017eygiams. Lengvai paruo\u0161iamas, supakuotas oro s\u0105lygoms atsparioje pakuot\u0117je.\" \/>\n<meta property=\"og:url\" content=\"https:\/\/toidupakk.ee\/lt\/toode\/readywise-maisto-atsargu-rinkinys-ryziai-su-ivairia-mesa-80-porciju\/\" \/>\n<meta property=\"og:site_name\" content=\"Toidupakk.ee - Tactical Foodpack toidupakid\" \/>\n<meta property=\"article:publisher\" content=\"https:\/\/www.facebook.com\/Toidupakk\" \/>\n<meta property=\"article:modified_time\" content=\"2026-04-03T21:01:04+00:00\" \/>\n<meta property=\"og:image\" content=\"https:\/\/toidupakk.ee\/wp-content\/uploads\/2023\/11\/Readywise-riis-erineva-lihaga-80-portsjonit-1.png\" \/>\n\t<meta property=\"og:image:width\" content=\"800\" \/>\n\t<meta property=\"og:image:height\" content=\"800\" \/>\n\t<meta property=\"og:image:type\" content=\"image\/png\" \/>\n<meta name=\"twitter:card\" content=\"summary_large_image\" \/>\n<meta name=\"twitter:label1\" content=\"Est. reading time\" \/>\n\t<meta name=\"twitter:data1\" content=\"2 minut\u0117s\" \/>\n<script type=\"application\/ld+json\" class=\"yoast-schema-graph\">{\"@context\":\"https:\/\/schema.org\",\"@graph\":[{\"@type\":\"WebPage\",\"@id\":\"https:\/\/toidupakk.ee\/lt\/toode\/readywise-maisto-atsargu-rinkinys-ryziai-su-ivairia-mesa-80-porciju\/\",\"url\":\"https:\/\/toidupakk.ee\/lt\/toode\/readywise-maisto-atsargu-rinkinys-ryziai-su-ivairia-mesa-80-porciju\/\",\"name\":\"READYWISE\u00ae maisto atsarg\u0173 rinkinys \u2013 ry\u017eiai su \u012fvairia m\u0117sa \u2013 80 porcij\u0173\",\"isPartOf\":{\"@id\":\"https:\/\/toidupakk.ee\/lt\/#website\"},\"primaryImageOfPage\":{\"@id\":\"https:\/\/toidupakk.ee\/lt\/toode\/readywise-maisto-atsargu-rinkinys-ryziai-su-ivairia-mesa-80-porciju\/#primaryimage\"},\"image\":{\"@id\":\"https:\/\/toidupakk.ee\/lt\/toode\/readywise-maisto-atsargu-rinkinys-ryziai-su-ivairia-mesa-80-porciju\/#primaryimage\"},\"thumbnailUrl\":\"https:\/\/toidupakk.ee\/wp-content\/uploads\/2023\/11\/Readywise-riis-erineva-lihaga-80-portsjonit-1.png\",\"datePublished\":\"2023-11-06T15:10:43+00:00\",\"dateModified\":\"2026-04-03T21:01:04+00:00\",\"description\":\"\u201eReadywise\u201c maisto atsarg\u0173 rinkinys si\u016blo 80 skani\u0173 ir ilgai galiojan\u010di\u0173 porcij\u0173 krizi\u0173 atvejams ar \u017eygiams. Lengvai paruo\u0161iamas, supakuotas oro s\u0105lygoms atsparioje pakuot\u0117je.\",\"breadcrumb\":{\"@id\":\"https:\/\/toidupakk.ee\/lt\/toode\/readywise-maisto-atsargu-rinkinys-ryziai-su-ivairia-mesa-80-porciju\/#breadcrumb\"},\"inLanguage\":\"lt-LT\",\"potentialAction\":[{\"@type\":\"ReadAction\",\"target\":[\"https:\/\/toidupakk.ee\/lt\/toode\/readywise-maisto-atsargu-rinkinys-ryziai-su-ivairia-mesa-80-porciju\/\"]}]},{\"@type\":\"ImageObject\",\"inLanguage\":\"lt-LT\",\"@id\":\"https:\/\/toidupakk.ee\/lt\/toode\/readywise-maisto-atsargu-rinkinys-ryziai-su-ivairia-mesa-80-porciju\/#primaryimage\",\"url\":\"https:\/\/toidupakk.ee\/wp-content\/uploads\/2023\/11\/Readywise-riis-erineva-lihaga-80-portsjonit-1.png\",\"contentUrl\":\"https:\/\/toidupakk.ee\/wp-content\/uploads\/2023\/11\/Readywise-riis-erineva-lihaga-80-portsjonit-1.png\",\"width\":800,\"height\":800,\"caption\":\"\u201eReadywise\u201c m\u0117sos rinkinys\"},{\"@type\":\"BreadcrumbList\",\"@id\":\"https:\/\/toidupakk.ee\/lt\/toode\/readywise-maisto-atsargu-rinkinys-ryziai-su-ivairia-mesa-80-porciju\/#breadcrumb\",\"itemListElement\":[{\"@type\":\"ListItem\",\"position\":1,\"name\":\"Avaleht\",\"item\":\"https:\/\/toidupakk.ee\/lt\/\"},{\"@type\":\"ListItem\",\"position\":2,\"name\":\"El. parduotuv\u0117\",\"item\":\"https:\/\/toidupakk.ee\/lt\/el-parduotuve\/\"},{\"@type\":\"ListItem\",\"position\":3,\"name\":\"READYWISE\u00ae maisto atsarg\u0173 rinkinys \u2013 ry\u017eiai su \u012fvairia m\u0117sa \u2013 80 porcij\u0173\"}]},{\"@type\":\"WebSite\",\"@id\":\"https:\/\/toidupakk.ee\/lt\/#website\",\"url\":\"https:\/\/toidupakk.ee\/lt\/\",\"name\":\"Toidupakk.ee - Tactical Foodpack toidupakid\",\"description\":\"Tactical Foodpack k\u00fclmkuivatatud toidupakid ja matkaeined\",\"publisher\":{\"@id\":\"https:\/\/toidupakk.ee\/lt\/#organization\"},\"potentialAction\":[{\"@type\":\"SearchAction\",\"target\":{\"@type\":\"EntryPoint\",\"urlTemplate\":\"https:\/\/toidupakk.ee\/lt\/?s={search_term_string}\"},\"query-input\":{\"@type\":\"PropertyValueSpecification\",\"valueRequired\":true,\"valueName\":\"search_term_string\"}}],\"inLanguage\":\"lt-LT\"},{\"@type\":\"Organization\",\"@id\":\"https:\/\/toidupakk.ee\/lt\/#organization\",\"name\":\"Tactical Foodpack matkaeined\",\"url\":\"https:\/\/toidupakk.ee\/lt\/\",\"logo\":{\"@type\":\"ImageObject\",\"inLanguage\":\"lt-LT\",\"@id\":\"https:\/\/toidupakk.ee\/lt\/#\/schema\/logo\/image\/\",\"url\":\"https:\/\/toidupakk.ee\/wp-content\/uploads\/2022\/01\/Toidupakk-matkapood-logo-transparent.png\",\"contentUrl\":\"https:\/\/toidupakk.ee\/wp-content\/uploads\/2022\/01\/Toidupakk-matkapood-logo-transparent.png\",\"width\":500,\"height\":500,\"caption\":\"Tactical Foodpack matkaeined\"},\"image\":{\"@id\":\"https:\/\/toidupakk.ee\/lt\/#\/schema\/logo\/image\/\"},\"sameAs\":[\"https:\/\/www.facebook.com\/Toidupakk\",\"https:\/\/www.instagram.com\/toidupakk\/\"]}]}<\/script>\n<!-- \/ Yoast SEO plugin. -->","yoast_head_json":{"title":"READYWISE\u00ae maisto atsarg\u0173 rinkinys \u2013 ry\u017eiai su \u012fvairia m\u0117sa \u2013 80 porcij\u0173","description":"\u201eReadywise\u201c maisto atsarg\u0173 rinkinys si\u016blo 80 skani\u0173 ir ilgai galiojan\u010di\u0173 porcij\u0173 krizi\u0173 atvejams ar \u017eygiams. Lengvai paruo\u0161iamas, supakuotas oro s\u0105lygoms atsparioje pakuot\u0117je.","robots":{"index":"index","follow":"follow","max-snippet":"max-snippet:-1","max-image-preview":"max-image-preview:large","max-video-preview":"max-video-preview:-1"},"canonical":"https:\/\/toidupakk.ee\/lt\/toode\/readywise-maisto-atsargu-rinkinys-ryziai-su-ivairia-mesa-80-porciju\/","og_locale":"lt_LT","og_type":"article","og_title":"READYWISE\u00ae maisto atsarg\u0173 rinkinys \u2013 ry\u017eiai su \u012fvairia m\u0117sa \u2013 80 porcij\u0173","og_description":"\u201eReadywise\u201c maisto atsarg\u0173 rinkinys si\u016blo 80 skani\u0173 ir ilgai galiojan\u010di\u0173 porcij\u0173 krizi\u0173 atvejams ar \u017eygiams. Lengvai paruo\u0161iamas, supakuotas oro s\u0105lygoms atsparioje pakuot\u0117je.","og_url":"https:\/\/toidupakk.ee\/lt\/toode\/readywise-maisto-atsargu-rinkinys-ryziai-su-ivairia-mesa-80-porciju\/","og_site_name":"Toidupakk.ee - Tactical Foodpack toidupakid","article_publisher":"https:\/\/www.facebook.com\/Toidupakk","article_modified_time":"2026-04-03T21:01:04+00:00","og_image":[{"width":800,"height":800,"url":"https:\/\/toidupakk.ee\/wp-content\/uploads\/2023\/11\/Readywise-riis-erineva-lihaga-80-portsjonit-1.png","type":"image\/png"}],"twitter_card":"summary_large_image","twitter_misc":{"Est. reading time":"2 minut\u0117s"},"schema":{"@context":"https:\/\/schema.org","@graph":[{"@type":"WebPage","@id":"https:\/\/toidupakk.ee\/lt\/toode\/readywise-maisto-atsargu-rinkinys-ryziai-su-ivairia-mesa-80-porciju\/","url":"https:\/\/toidupakk.ee\/lt\/toode\/readywise-maisto-atsargu-rinkinys-ryziai-su-ivairia-mesa-80-porciju\/","name":"READYWISE\u00ae maisto atsarg\u0173 rinkinys \u2013 ry\u017eiai su \u012fvairia m\u0117sa \u2013 80 porcij\u0173","isPartOf":{"@id":"https:\/\/toidupakk.ee\/lt\/#website"},"primaryImageOfPage":{"@id":"https:\/\/toidupakk.ee\/lt\/toode\/readywise-maisto-atsargu-rinkinys-ryziai-su-ivairia-mesa-80-porciju\/#primaryimage"},"image":{"@id":"https:\/\/toidupakk.ee\/lt\/toode\/readywise-maisto-atsargu-rinkinys-ryziai-su-ivairia-mesa-80-porciju\/#primaryimage"},"thumbnailUrl":"https:\/\/toidupakk.ee\/wp-content\/uploads\/2023\/11\/Readywise-riis-erineva-lihaga-80-portsjonit-1.png","datePublished":"2023-11-06T15:10:43+00:00","dateModified":"2026-04-03T21:01:04+00:00","description":"\u201eReadywise\u201c maisto atsarg\u0173 rinkinys si\u016blo 80 skani\u0173 ir ilgai galiojan\u010di\u0173 porcij\u0173 krizi\u0173 atvejams ar \u017eygiams. Lengvai paruo\u0161iamas, supakuotas oro s\u0105lygoms atsparioje pakuot\u0117je.","breadcrumb":{"@id":"https:\/\/toidupakk.ee\/lt\/toode\/readywise-maisto-atsargu-rinkinys-ryziai-su-ivairia-mesa-80-porciju\/#breadcrumb"},"inLanguage":"lt-LT","potentialAction":[{"@type":"ReadAction","target":["https:\/\/toidupakk.ee\/lt\/toode\/readywise-maisto-atsargu-rinkinys-ryziai-su-ivairia-mesa-80-porciju\/"]}]},{"@type":"ImageObject","inLanguage":"lt-LT","@id":"https:\/\/toidupakk.ee\/lt\/toode\/readywise-maisto-atsargu-rinkinys-ryziai-su-ivairia-mesa-80-porciju\/#primaryimage","url":"https:\/\/toidupakk.ee\/wp-content\/uploads\/2023\/11\/Readywise-riis-erineva-lihaga-80-portsjonit-1.png","contentUrl":"https:\/\/toidupakk.ee\/wp-content\/uploads\/2023\/11\/Readywise-riis-erineva-lihaga-80-portsjonit-1.png","width":800,"height":800,"caption":"\u201eReadywise\u201c m\u0117sos rinkinys"},{"@type":"BreadcrumbList","@id":"https:\/\/toidupakk.ee\/lt\/toode\/readywise-maisto-atsargu-rinkinys-ryziai-su-ivairia-mesa-80-porciju\/#breadcrumb","itemListElement":[{"@type":"ListItem","position":1,"name":"Avaleht","item":"https:\/\/toidupakk.ee\/lt\/"},{"@type":"ListItem","position":2,"name":"El. parduotuv\u0117","item":"https:\/\/toidupakk.ee\/lt\/el-parduotuve\/"},{"@type":"ListItem","position":3,"name":"READYWISE\u00ae maisto atsarg\u0173 rinkinys \u2013 ry\u017eiai su \u012fvairia m\u0117sa \u2013 80 porcij\u0173"}]},{"@type":"WebSite","@id":"https:\/\/toidupakk.ee\/lt\/#website","url":"https:\/\/toidupakk.ee\/lt\/","name":"Toidupakk.ee - Tactical Foodpack toidupakid","description":"Tactical Foodpack k\u00fclmkuivatatud toidupakid ja matkaeined","publisher":{"@id":"https:\/\/toidupakk.ee\/lt\/#organization"},"potentialAction":[{"@type":"SearchAction","target":{"@type":"EntryPoint","urlTemplate":"https:\/\/toidupakk.ee\/lt\/?s={search_term_string}"},"query-input":{"@type":"PropertyValueSpecification","valueRequired":true,"valueName":"search_term_string"}}],"inLanguage":"lt-LT"},{"@type":"Organization","@id":"https:\/\/toidupakk.ee\/lt\/#organization","name":"Tactical Foodpack matkaeined","url":"https:\/\/toidupakk.ee\/lt\/","logo":{"@type":"ImageObject","inLanguage":"lt-LT","@id":"https:\/\/toidupakk.ee\/lt\/#\/schema\/logo\/image\/","url":"https:\/\/toidupakk.ee\/wp-content\/uploads\/2022\/01\/Toidupakk-matkapood-logo-transparent.png","contentUrl":"https:\/\/toidupakk.ee\/wp-content\/uploads\/2022\/01\/Toidupakk-matkapood-logo-transparent.png","width":500,"height":500,"caption":"Tactical Foodpack matkaeined"},"image":{"@id":"https:\/\/toidupakk.ee\/lt\/#\/schema\/logo\/image\/"},"sameAs":["https:\/\/www.facebook.com\/Toidupakk","https:\/\/www.instagram.com\/toidupakk\/"]}]}},"jetpack_sharing_enabled":true,"_links":{"self":[{"href":"https:\/\/toidupakk.ee\/lt\/wp-json\/wp\/v2\/product\/48283","targetHints":{"allow":["GET"]}}],"collection":[{"href":"https:\/\/toidupakk.ee\/lt\/wp-json\/wp\/v2\/product"}],"about":[{"href":"https:\/\/toidupakk.ee\/lt\/wp-json\/wp\/v2\/types\/product"}],"replies":[{"embeddable":true,"href":"https:\/\/toidupakk.ee\/lt\/wp-json\/wp\/v2\/comments?post=48283"}],"wp:featuredmedia":[{"embeddable":true,"href":"https:\/\/toidupakk.ee\/lt\/wp-json\/wp\/v2\/media\/48284"}],"wp:attachment":[{"href":"https:\/\/toidupakk.ee\/lt\/wp-json\/wp\/v2\/media?parent=48283"}],"wp:term":[{"taxonomy":"product_brand","embeddable":true,"href":"https:\/\/toidupakk.ee\/lt\/wp-json\/wp\/v2\/product_brand?post=48283"},{"taxonomy":"product_cat","embeddable":true,"href":"https:\/\/toidupakk.ee\/lt\/wp-json\/wp\/v2\/product_cat?post=48283"},{"taxonomy":"product_tag","embeddable":true,"href":"https:\/\/toidupakk.ee\/lt\/wp-json\/wp\/v2\/product_tag?post=48283"}],"curies":[{"name":"wp","href":"https:\/\/api.w.org\/{rel}","templated":true}]}}