{"id":48270,"date":"2023-09-18T15:56:49","date_gmt":"2023-09-18T12:56:49","guid":{"rendered":"https:\/\/toidupakk.ee\/toode\/nugaros-sildiklis-thermopad\/"},"modified":"2026-04-04T02:01:24","modified_gmt":"2026-04-03T23:01:24","slug":"nugaros-sildiklis-thermopad","status":"publish","type":"product","link":"https:\/\/toidupakk.ee\/lt\/toode\/nugaros-sildiklis-thermopad\/","title":{"rendered":"Nugaros \u0161ildiklis \u201eThermopad\u201c"},"content":{"rendered":"<h1>\u201eThermopad\u201c nugaros \u0161ildikliai \u2013 naudojimo instrukcija<\/h1>\n<p>Atidaryk pakuot\u0119, nuimk apsaugin\u012f popieri\u0173 nuo lipnios nugaros \u0161ildiklio dalies ir palauk kelias minutes, kol deguonis j\u012f aktyvuos. Priklijuok \u0161ildikl\u012f ant drabu\u017eio, esan\u010dio prie pat k\u016bno, i\u0161orin\u0117s pus\u0117s. Ideali vieta yra vir\u0161utin\u0117 nugaros dalis arba sprando sritis. Nugaros \u0161ildiklis pasiekia maksimali\u0105 temperat\u016br\u0105 vos per kelias minutes.<br \/>\nPo vienkartinio naudojimo atv\u0117sus\u012f \u0161ildikl\u012f i\u0161mesk \u012f buitines atliekas.   <\/p>\n<p>&nbsp;<\/p>\n<p><img fetchpriority=\"high\" decoding=\"async\" class=\"alignright wp-image-14069 size-thumbnail\" src=\"https:\/\/toidupakk.ee\/wp-content\/uploads\/2023\/01\/Seljasoojendaja-Thermopad-1-500x500.png\" alt=\"Nugaros \u0161ildiklis \u201eThermopad\u201c\" width=\"500\" height=\"500\" srcset=\"https:\/\/toidupakk.ee\/wp-content\/uploads\/2023\/01\/Seljasoojendaja-Thermopad-1-500x500.png 500w, https:\/\/toidupakk.ee\/wp-content\/uploads\/2023\/01\/Seljasoojendaja-Thermopad-1-400x400.png 400w, https:\/\/toidupakk.ee\/wp-content\/uploads\/2023\/01\/Seljasoojendaja-Thermopad-1-100x100.png 100w, https:\/\/toidupakk.ee\/wp-content\/uploads\/2023\/01\/Seljasoojendaja-Thermopad-1-800x800.png 800w, https:\/\/toidupakk.ee\/wp-content\/uploads\/2023\/01\/Seljasoojendaja-Thermopad-1-300x300.png 300w, https:\/\/toidupakk.ee\/wp-content\/uploads\/2023\/01\/Seljasoojendaja-Thermopad-1-1024x1024.png 1024w, https:\/\/toidupakk.ee\/wp-content\/uploads\/2023\/01\/Seljasoojendaja-Thermopad-1-768x768.png 768w, https:\/\/toidupakk.ee\/wp-content\/uploads\/2023\/01\/Seljasoojendaja-Thermopad-1.png 1080w\" sizes=\"(max-width: 500px) 100vw, 500px\" \/><\/p>\n<h2>Nugaros \u0161ildikli\u0173 saugos instrukcija<\/h2>\n<p>Neskirta medicininiam naudojimui.<br \/>\nNerekomenduojama vaikams iki 6 met\u0173.<br \/>\nNenaudoti tiesiai ant odos \u2013 nudegimo ir odos sudirginimo pavojus.<br \/>\nNuimk \u0161ildikl\u012f, jei kar\u0161tis tampa nemalonus.<br \/>\nNepa\u017eeisk pakuot\u0117s.<br \/>\nVenk kontakto su \u0161ildiklio viduje esan\u010diu turiniu.<\/p>\n<p><strong>Sud\u0117tis:<\/strong> gele\u017eies milteliai, druska, aktyvuota anglis, vanduo, vermikulitas.<\/p>\n<p>Puikiai tinka slidininkams, med\u017eiotojams, dviratininkams, taip pat kal\u0117dini\u0173 mugi\u0173 ir stadion\u0173 lankytojams!<\/p>\n<p>&nbsp;<\/p>\n<p>Daugiau \u017eygio preki\u0173 rasi <a href=\"https:\/\/toidupakk.ee\/lt\/tootekategooria\/zygio-iranga\/#section-3-79\">\u010cIA<\/a><\/p>\n<p>Pasisemk \u012fkv\u0117pimo kitiems nuotykiams Toidupakk <a href=\"https:\/\/www.instagram.com\/toidupakk\/\">Instagram<\/a> ir <a href=\"https:\/\/www.facebook.com\/Toidupakk\/\">Facebook<\/a> paskyrose.<\/p>\n","protected":false},"excerpt":{"rendered":"<p><strong>Da\u017enai \u0161\u0105li? \u201eThermopad\u201c nugaros \u0161ildiklis palaikys \u0161ilum\u0105 vis\u0105 dien\u0105. Priklijuok \u201eThermopad\u201c \u0161ildant\u012f pleistr\u0105 ant mar\u0161kini\u0173 vir\u0161utin\u0117je nugaros ar sprando srityje ir m\u0117gaukis ilgalaike \u0161iluma! Nugaros \u0161ildikliai yra naudinga priemon\u0117 visiems, kuriems \u0161altuoju periodu reikia papildomos \u0161ilumos. \u201eThermopad\u201c nugaros \u0161ildikliai idealiai tinka \u0161ilumai palaikyti judant lauke \u0161altu oru, dirbant ar tiesiog m\u0117gaujantis \u017eiemos pramogomis.    <\/strong><\/p>\n<ul>\n<li>Nugaros \u0161ildikli\u0173 rinkinys \u201eThermopad\u00ae\u201c \u2013 m\u0117gaukis \u017eiemos veiklomis \u0161iltai<\/li>\n<li>Nugaros \u0161ildiklis aktyvuojasi i\u0161traukus i\u0161 pakuot\u0117s ir susilietus su oru<\/li>\n<li>Veikimo laikas iki 8 valand\u0173<\/li>\n<li>Plonas ir patogus \u2013 tinka naudoti po bet kokiais drabu\u017eiais<\/li>\n<li>Maksimali temperat\u016bra 45 \u00b0C<\/li>\n<li>\u0160ildan\u010dio padelio matmenys 9 x 24 cm<\/li>\n<\/ul>\n<p>Puikiai tinka \u017eygeiviams, v\u0117sioje aplinkoje dirbantiems \u017emon\u0117ms, \u017evejams, med\u017eiotojams, dviratininkams, slidininkams. Taip pat kal\u0117dini\u0173 mugi\u0173 ir stadion\u0173 lankytojams! <\/p>\n<p>\u2705 Turime sand\u0117lyje, greitas pristatymas per 1\u20133 darbo dienas<\/p>\n","protected":false},"featured_media":14071,"comment_status":"open","ping_status":"closed","template":"","meta":{"_acf_changed":false},"product_brand":[],"product_cat":[229,269,189,190],"product_tag":[],"class_list":{"0":"post-48270","1":"product","2":"type-product","3":"status-publish","4":"has-post-thumbnail","6":"product_cat-kuno-sildytuvai","7":"product_cat-siluma","8":"product_cat-zygio-iranga","9":"product_cat-zygio-prekes","11":"first","12":"instock","13":"taxable","14":"shipping-taxable","15":"purchasable","16":"product-type-simple"},"bundled_by":[],"bundle_stock_status":"instock","bundle_stock_quantity":11,"bundle_virtual":false,"bundle_layout":"","bundle_add_to_cart_form_location":"","bundle_editable_in_cart":false,"bundle_sold_individually_context":"","bundle_item_grouping":"","bundle_min_size":"","bundle_max_size":"","bundle_price":[],"bundled_items":[],"bundle_sell_ids":[],"acf":[],"yoast_head":"<!-- This site is optimized with the Yoast SEO plugin v27.1.1 - https:\/\/yoast.com\/product\/yoast-seo-wordpress\/ -->\n<title>Nugaros \u0161ildiklis \u201eThermopad\u201c<\/title>\n<meta name=\"description\" content=\"\u201eThermopad\u201c nugaros \u0161ildikliai idealiai tinka visiems, kuriems \u0161altuoju periodu reikia papildomos \u0161ilumos. Nugaros \u0161ildiklis skirtas veikloms lauke \u0161altu oru.\" \/>\n<meta name=\"robots\" content=\"index, follow, max-snippet:-1, max-image-preview:large, max-video-preview:-1\" \/>\n<link rel=\"canonical\" href=\"https:\/\/toidupakk.ee\/lt\/toode\/nugaros-sildiklis-thermopad\/\" \/>\n<meta property=\"og:locale\" content=\"lt_LT\" \/>\n<meta property=\"og:type\" content=\"article\" \/>\n<meta property=\"og:title\" content=\"Nugaros \u0161ildiklis \u201eThermopad\u201c\" \/>\n<meta property=\"og:description\" content=\"\u201eThermopad\u201c nugaros \u0161ildikliai idealiai tinka visiems, kuriems \u0161altuoju periodu reikia papildomos \u0161ilumos. Nugaros \u0161ildiklis skirtas veikloms lauke \u0161altu oru.\" \/>\n<meta property=\"og:url\" content=\"https:\/\/toidupakk.ee\/lt\/toode\/nugaros-sildiklis-thermopad\/\" \/>\n<meta property=\"og:site_name\" content=\"Toidupakk.ee - Tactical Foodpack toidupakid\" \/>\n<meta property=\"article:publisher\" content=\"https:\/\/www.facebook.com\/Toidupakk\" \/>\n<meta property=\"article:modified_time\" content=\"2026-04-03T23:01:24+00:00\" \/>\n<meta property=\"og:image\" content=\"https:\/\/toidupakk.ee\/wp-content\/uploads\/2023\/01\/Seljasoojendaja-Thermopad-3.png\" \/>\n\t<meta property=\"og:image:width\" content=\"1080\" \/>\n\t<meta property=\"og:image:height\" content=\"1080\" \/>\n\t<meta property=\"og:image:type\" content=\"image\/png\" \/>\n<meta name=\"twitter:card\" content=\"summary_large_image\" \/>\n<meta name=\"twitter:label1\" content=\"Est. reading time\" \/>\n\t<meta name=\"twitter:data1\" content=\"1 minut\u0117\" \/>\n<script type=\"application\/ld+json\" class=\"yoast-schema-graph\">{\"@context\":\"https:\/\/schema.org\",\"@graph\":[{\"@type\":\"WebPage\",\"@id\":\"https:\/\/toidupakk.ee\/lt\/toode\/nugaros-sildiklis-thermopad\/\",\"url\":\"https:\/\/toidupakk.ee\/lt\/toode\/nugaros-sildiklis-thermopad\/\",\"name\":\"Nugaros \u0161ildiklis \u201eThermopad\u201c\",\"isPartOf\":{\"@id\":\"https:\/\/toidupakk.ee\/lt\/#website\"},\"primaryImageOfPage\":{\"@id\":\"https:\/\/toidupakk.ee\/lt\/toode\/nugaros-sildiklis-thermopad\/#primaryimage\"},\"image\":{\"@id\":\"https:\/\/toidupakk.ee\/lt\/toode\/nugaros-sildiklis-thermopad\/#primaryimage\"},\"thumbnailUrl\":\"https:\/\/toidupakk.ee\/wp-content\/uploads\/2023\/01\/Seljasoojendaja-Thermopad-3.png\",\"datePublished\":\"2023-09-18T12:56:49+00:00\",\"dateModified\":\"2026-04-03T23:01:24+00:00\",\"description\":\"\u201eThermopad\u201c nugaros \u0161ildikliai idealiai tinka visiems, kuriems \u0161altuoju periodu reikia papildomos \u0161ilumos. Nugaros \u0161ildiklis skirtas veikloms lauke \u0161altu oru.\",\"breadcrumb\":{\"@id\":\"https:\/\/toidupakk.ee\/lt\/toode\/nugaros-sildiklis-thermopad\/#breadcrumb\"},\"inLanguage\":\"lt-LT\",\"potentialAction\":[{\"@type\":\"ReadAction\",\"target\":[\"https:\/\/toidupakk.ee\/lt\/toode\/nugaros-sildiklis-thermopad\/\"]}]},{\"@type\":\"ImageObject\",\"inLanguage\":\"lt-LT\",\"@id\":\"https:\/\/toidupakk.ee\/lt\/toode\/nugaros-sildiklis-thermopad\/#primaryimage\",\"url\":\"https:\/\/toidupakk.ee\/wp-content\/uploads\/2023\/01\/Seljasoojendaja-Thermopad-3.png\",\"contentUrl\":\"https:\/\/toidupakk.ee\/wp-content\/uploads\/2023\/01\/Seljasoojendaja-Thermopad-3.png\",\"width\":1080,\"height\":1080,\"caption\":\"Seljasoojendaja Thermopad\"},{\"@type\":\"BreadcrumbList\",\"@id\":\"https:\/\/toidupakk.ee\/lt\/toode\/nugaros-sildiklis-thermopad\/#breadcrumb\",\"itemListElement\":[{\"@type\":\"ListItem\",\"position\":1,\"name\":\"Avaleht\",\"item\":\"https:\/\/toidupakk.ee\/lt\/\"},{\"@type\":\"ListItem\",\"position\":2,\"name\":\"El. parduotuv\u0117\",\"item\":\"https:\/\/toidupakk.ee\/lt\/el-parduotuve\/\"},{\"@type\":\"ListItem\",\"position\":3,\"name\":\"Nugaros \u0161ildiklis \u201eThermopad\u201c\"}]},{\"@type\":\"WebSite\",\"@id\":\"https:\/\/toidupakk.ee\/lt\/#website\",\"url\":\"https:\/\/toidupakk.ee\/lt\/\",\"name\":\"Toidupakk.ee - Tactical Foodpack toidupakid\",\"description\":\"Tactical Foodpack k\u00fclmkuivatatud toidupakid ja matkaeined\",\"publisher\":{\"@id\":\"https:\/\/toidupakk.ee\/lt\/#organization\"},\"potentialAction\":[{\"@type\":\"SearchAction\",\"target\":{\"@type\":\"EntryPoint\",\"urlTemplate\":\"https:\/\/toidupakk.ee\/lt\/?s={search_term_string}\"},\"query-input\":{\"@type\":\"PropertyValueSpecification\",\"valueRequired\":true,\"valueName\":\"search_term_string\"}}],\"inLanguage\":\"lt-LT\"},{\"@type\":\"Organization\",\"@id\":\"https:\/\/toidupakk.ee\/lt\/#organization\",\"name\":\"Tactical Foodpack matkaeined\",\"url\":\"https:\/\/toidupakk.ee\/lt\/\",\"logo\":{\"@type\":\"ImageObject\",\"inLanguage\":\"lt-LT\",\"@id\":\"https:\/\/toidupakk.ee\/lt\/#\/schema\/logo\/image\/\",\"url\":\"https:\/\/toidupakk.ee\/wp-content\/uploads\/2022\/01\/Toidupakk-matkapood-logo-transparent.png\",\"contentUrl\":\"https:\/\/toidupakk.ee\/wp-content\/uploads\/2022\/01\/Toidupakk-matkapood-logo-transparent.png\",\"width\":500,\"height\":500,\"caption\":\"Tactical Foodpack matkaeined\"},\"image\":{\"@id\":\"https:\/\/toidupakk.ee\/lt\/#\/schema\/logo\/image\/\"},\"sameAs\":[\"https:\/\/www.facebook.com\/Toidupakk\",\"https:\/\/www.instagram.com\/toidupakk\/\"]}]}<\/script>\n<!-- \/ Yoast SEO plugin. -->","yoast_head_json":{"title":"Nugaros \u0161ildiklis \u201eThermopad\u201c","description":"\u201eThermopad\u201c nugaros \u0161ildikliai idealiai tinka visiems, kuriems \u0161altuoju periodu reikia papildomos \u0161ilumos. Nugaros \u0161ildiklis skirtas veikloms lauke \u0161altu oru.","robots":{"index":"index","follow":"follow","max-snippet":"max-snippet:-1","max-image-preview":"max-image-preview:large","max-video-preview":"max-video-preview:-1"},"canonical":"https:\/\/toidupakk.ee\/lt\/toode\/nugaros-sildiklis-thermopad\/","og_locale":"lt_LT","og_type":"article","og_title":"Nugaros \u0161ildiklis \u201eThermopad\u201c","og_description":"\u201eThermopad\u201c nugaros \u0161ildikliai idealiai tinka visiems, kuriems \u0161altuoju periodu reikia papildomos \u0161ilumos. Nugaros \u0161ildiklis skirtas veikloms lauke \u0161altu oru.","og_url":"https:\/\/toidupakk.ee\/lt\/toode\/nugaros-sildiklis-thermopad\/","og_site_name":"Toidupakk.ee - Tactical Foodpack toidupakid","article_publisher":"https:\/\/www.facebook.com\/Toidupakk","article_modified_time":"2026-04-03T23:01:24+00:00","og_image":[{"width":1080,"height":1080,"url":"https:\/\/toidupakk.ee\/wp-content\/uploads\/2023\/01\/Seljasoojendaja-Thermopad-3.png","type":"image\/png"}],"twitter_card":"summary_large_image","twitter_misc":{"Est. reading time":"1 minut\u0117"},"schema":{"@context":"https:\/\/schema.org","@graph":[{"@type":"WebPage","@id":"https:\/\/toidupakk.ee\/lt\/toode\/nugaros-sildiklis-thermopad\/","url":"https:\/\/toidupakk.ee\/lt\/toode\/nugaros-sildiklis-thermopad\/","name":"Nugaros \u0161ildiklis \u201eThermopad\u201c","isPartOf":{"@id":"https:\/\/toidupakk.ee\/lt\/#website"},"primaryImageOfPage":{"@id":"https:\/\/toidupakk.ee\/lt\/toode\/nugaros-sildiklis-thermopad\/#primaryimage"},"image":{"@id":"https:\/\/toidupakk.ee\/lt\/toode\/nugaros-sildiklis-thermopad\/#primaryimage"},"thumbnailUrl":"https:\/\/toidupakk.ee\/wp-content\/uploads\/2023\/01\/Seljasoojendaja-Thermopad-3.png","datePublished":"2023-09-18T12:56:49+00:00","dateModified":"2026-04-03T23:01:24+00:00","description":"\u201eThermopad\u201c nugaros \u0161ildikliai idealiai tinka visiems, kuriems \u0161altuoju periodu reikia papildomos \u0161ilumos. Nugaros \u0161ildiklis skirtas veikloms lauke \u0161altu oru.","breadcrumb":{"@id":"https:\/\/toidupakk.ee\/lt\/toode\/nugaros-sildiklis-thermopad\/#breadcrumb"},"inLanguage":"lt-LT","potentialAction":[{"@type":"ReadAction","target":["https:\/\/toidupakk.ee\/lt\/toode\/nugaros-sildiklis-thermopad\/"]}]},{"@type":"ImageObject","inLanguage":"lt-LT","@id":"https:\/\/toidupakk.ee\/lt\/toode\/nugaros-sildiklis-thermopad\/#primaryimage","url":"https:\/\/toidupakk.ee\/wp-content\/uploads\/2023\/01\/Seljasoojendaja-Thermopad-3.png","contentUrl":"https:\/\/toidupakk.ee\/wp-content\/uploads\/2023\/01\/Seljasoojendaja-Thermopad-3.png","width":1080,"height":1080,"caption":"Seljasoojendaja Thermopad"},{"@type":"BreadcrumbList","@id":"https:\/\/toidupakk.ee\/lt\/toode\/nugaros-sildiklis-thermopad\/#breadcrumb","itemListElement":[{"@type":"ListItem","position":1,"name":"Avaleht","item":"https:\/\/toidupakk.ee\/lt\/"},{"@type":"ListItem","position":2,"name":"El. parduotuv\u0117","item":"https:\/\/toidupakk.ee\/lt\/el-parduotuve\/"},{"@type":"ListItem","position":3,"name":"Nugaros \u0161ildiklis \u201eThermopad\u201c"}]},{"@type":"WebSite","@id":"https:\/\/toidupakk.ee\/lt\/#website","url":"https:\/\/toidupakk.ee\/lt\/","name":"Toidupakk.ee - Tactical Foodpack toidupakid","description":"Tactical Foodpack k\u00fclmkuivatatud toidupakid ja matkaeined","publisher":{"@id":"https:\/\/toidupakk.ee\/lt\/#organization"},"potentialAction":[{"@type":"SearchAction","target":{"@type":"EntryPoint","urlTemplate":"https:\/\/toidupakk.ee\/lt\/?s={search_term_string}"},"query-input":{"@type":"PropertyValueSpecification","valueRequired":true,"valueName":"search_term_string"}}],"inLanguage":"lt-LT"},{"@type":"Organization","@id":"https:\/\/toidupakk.ee\/lt\/#organization","name":"Tactical Foodpack matkaeined","url":"https:\/\/toidupakk.ee\/lt\/","logo":{"@type":"ImageObject","inLanguage":"lt-LT","@id":"https:\/\/toidupakk.ee\/lt\/#\/schema\/logo\/image\/","url":"https:\/\/toidupakk.ee\/wp-content\/uploads\/2022\/01\/Toidupakk-matkapood-logo-transparent.png","contentUrl":"https:\/\/toidupakk.ee\/wp-content\/uploads\/2022\/01\/Toidupakk-matkapood-logo-transparent.png","width":500,"height":500,"caption":"Tactical Foodpack matkaeined"},"image":{"@id":"https:\/\/toidupakk.ee\/lt\/#\/schema\/logo\/image\/"},"sameAs":["https:\/\/www.facebook.com\/Toidupakk","https:\/\/www.instagram.com\/toidupakk\/"]}]}},"jetpack_sharing_enabled":true,"_links":{"self":[{"href":"https:\/\/toidupakk.ee\/lt\/wp-json\/wp\/v2\/product\/48270","targetHints":{"allow":["GET"]}}],"collection":[{"href":"https:\/\/toidupakk.ee\/lt\/wp-json\/wp\/v2\/product"}],"about":[{"href":"https:\/\/toidupakk.ee\/lt\/wp-json\/wp\/v2\/types\/product"}],"replies":[{"embeddable":true,"href":"https:\/\/toidupakk.ee\/lt\/wp-json\/wp\/v2\/comments?post=48270"}],"wp:featuredmedia":[{"embeddable":true,"href":"https:\/\/toidupakk.ee\/lt\/wp-json\/wp\/v2\/media\/14071"}],"wp:attachment":[{"href":"https:\/\/toidupakk.ee\/lt\/wp-json\/wp\/v2\/media?parent=48270"}],"wp:term":[{"taxonomy":"product_brand","embeddable":true,"href":"https:\/\/toidupakk.ee\/lt\/wp-json\/wp\/v2\/product_brand?post=48270"},{"taxonomy":"product_cat","embeddable":true,"href":"https:\/\/toidupakk.ee\/lt\/wp-json\/wp\/v2\/product_cat?post=48270"},{"taxonomy":"product_tag","embeddable":true,"href":"https:\/\/toidupakk.ee\/lt\/wp-json\/wp\/v2\/product_tag?post=48270"}],"curies":[{"name":"wp","href":"https:\/\/api.w.org\/{rel}","templated":true}]}}