{"id":48262,"date":"2023-08-16T13:50:53","date_gmt":"2023-08-16T10:50:53","guid":{"rendered":"https:\/\/toidupakk.ee\/toode\/kepure-su-snapeliu-bolle-juoda\/"},"modified":"2026-04-04T00:01:17","modified_gmt":"2026-04-03T21:01:17","slug":"kepure-su-snapeliu-bolle-juoda","status":"publish","type":"product","link":"https:\/\/toidupakk.ee\/lt\/toode\/kepure-su-snapeliu-bolle-juoda\/","title":{"rendered":"Kepur\u0117 su snapeliu \u201eBoll\u00e9\u201c (juoda)"},"content":{"rendered":"<p>\u201eBoll\u00e9\u201c yra stilinga beisbolo tipo kepur\u0117. Ji yra universalaus dyd\u017eio, tod\u0117l tinka visiems. Kepur\u0117 sveria 85 gramus, tod\u0117l ji lengva ir patogi d\u0117v\u0117ti lauke.  <\/p>\n<p>\u201eBoll\u00e9\u201c kepur\u0117 \u2013 tai kokyb\u0117, sujungianti mad\u0105 ir funkcionalum\u0105. Kepur\u0117s dizainas \u012fkv\u0117ptas tradicini\u0173 beisbolo kepuri\u0173, ji turi lenkt\u0105 snapel\u012f, saugant\u012f akis nuo tiesiogini\u0173 saul\u0117s spinduli\u0173. Kepur\u0117 yra vieno dyd\u017eio ir idealiai tinka \u012fvairios apimties galvoms. \u201eBoll\u00e9\u201c \u2013 gerai \u017einomas auk\u0161tos kokyb\u0117s sporto preki\u0173 ir aksesuar\u0173 prek\u0117s \u017eenklas.   <\/p>\n<p>Kepur\u0117 \u201eBoll\u00e9\u201c pagaminta i\u0161 patvaraus ir kv\u0117puojan\u010dio audinio, idealiai tinkan\u010dio aktyviam gyvenimo b\u016bdui ir veiklai lauke. Prie\u017ei\u016bra paprasta: galima skalbti skalbykl\u0117je iki 40 laipsni\u0173 temperat\u016broje ir lyginti ne kar\u0161tesniu kaip 150 laipsni\u0173 lygintuvu. D\u017eiovinti d\u017eiovykl\u0117je draud\u017eiama, ta\u010diau prireikus galima valyti sausuoju b\u016bdu.  <\/p>\n<p>&nbsp;<\/p>\n<p>Pasisemk \u012fkv\u0117pimo kitiems nuotykiams \u201eToidupakk\u201c <a href=\"https:\/\/www.instagram.com\/toidupakk\/\">Instagram<\/a> ir <a href=\"https:\/\/www.facebook.com\/Toidupakk\/\">Facebook<\/a> paskyrose.<\/p>\n<p>\u017di\u016br\u0117k \u017eygio reikmenis <a href=\"https:\/\/toidupakk.ee\/lt\/tootekategooria\/zygio-iranga\/#section-3-79\">\u010cIA<\/a>.<\/p>\n","protected":false},"excerpt":{"rendered":"<p>\u201eBoll\u00e9\u201c \u2013 kokybi\u0161ka ir stilinga kepur\u0117 su snapeliu, puikiai tinkanti kasdieniam d\u0117v\u0117jimui, sporto renginiams ar \u017eygiams gamtoje. D\u0117l reguliuojamo dizaino ir ma\u017eo svorio tai populiarus pasirinkimas aktyviems \u017emon\u0117ms, ie\u0161kantiems prakti\u0161ko ir madingo aksesuaro. <\/p>\n<p>\u2705 Pristatymas per 1\u20133 d. d.<br \/>\n\u2705 NEMOKAMAS gr\u0105\u017einimas ir keitimas<\/p>\n","protected":false},"featured_media":48263,"comment_status":"open","ping_status":"closed","template":"","meta":{"_acf_changed":false},"product_brand":[],"product_cat":[284,191,189,190],"product_tag":[],"class_list":{"0":"post-48262","1":"product","2":"type-product","3":"status-publish","4":"has-post-thumbnail","6":"product_cat-beisbolo-kepures","7":"product_cat-drabuziai","8":"product_cat-zygio-iranga","9":"product_cat-zygio-prekes","11":"first","12":"instock","13":"sale","14":"taxable","15":"shipping-taxable","16":"purchasable","17":"product-type-simple"},"bundled_by":[],"bundle_stock_status":"instock","bundle_stock_quantity":5,"bundle_virtual":false,"bundle_layout":"","bundle_add_to_cart_form_location":"","bundle_editable_in_cart":false,"bundle_sold_individually_context":"","bundle_item_grouping":"","bundle_min_size":"","bundle_max_size":"","bundle_price":[],"bundled_items":[],"bundle_sell_ids":[],"acf":[],"yoast_head":"<!-- This site is optimized with the Yoast SEO plugin v27.1.1 - https:\/\/yoast.com\/product\/yoast-seo-wordpress\/ -->\n<title>Kepur\u0117 su snapeliu \u201eBoll\u00e9\u201c (juoda)<\/title>\n<meta name=\"description\" content=\"\u201eBoll\u00e9\u201c \u2013 stilinga ir patogi kepur\u0117, sauganti nuo saul\u0117s. Reguliuojamas dir\u017eelis gale u\u017etikrina tinkam\u0105 prigludim\u0105 prie \u012fvairaus dyd\u017eio galvos.\" \/>\n<meta name=\"robots\" content=\"index, follow, max-snippet:-1, max-image-preview:large, max-video-preview:-1\" \/>\n<link rel=\"canonical\" href=\"https:\/\/toidupakk.ee\/lt\/toode\/kepure-su-snapeliu-bolle-juoda\/\" \/>\n<meta property=\"og:locale\" content=\"lt_LT\" \/>\n<meta property=\"og:type\" content=\"article\" \/>\n<meta property=\"og:title\" content=\"Kepur\u0117 su snapeliu \u201eBoll\u00e9\u201c (juoda)\" \/>\n<meta property=\"og:description\" content=\"\u201eBoll\u00e9\u201c \u2013 stilinga ir patogi kepur\u0117, sauganti nuo saul\u0117s. Reguliuojamas dir\u017eelis gale u\u017etikrina tinkam\u0105 prigludim\u0105 prie \u012fvairaus dyd\u017eio galvos.\" \/>\n<meta property=\"og:url\" content=\"https:\/\/toidupakk.ee\/lt\/toode\/kepure-su-snapeliu-bolle-juoda\/\" \/>\n<meta property=\"og:site_name\" content=\"Toidupakk.ee - Tactical Foodpack toidupakid\" \/>\n<meta property=\"article:publisher\" content=\"https:\/\/www.facebook.com\/Toidupakk\" \/>\n<meta property=\"article:modified_time\" content=\"2026-04-03T21:01:17+00:00\" \/>\n<meta property=\"og:image\" content=\"https:\/\/toidupakk.ee\/wp-content\/uploads\/2023\/08\/Bolle-nokamuts115.png\" \/>\n\t<meta property=\"og:image:width\" content=\"1080\" \/>\n\t<meta property=\"og:image:height\" content=\"1080\" \/>\n\t<meta property=\"og:image:type\" content=\"image\/png\" \/>\n<meta name=\"twitter:card\" content=\"summary_large_image\" \/>\n<meta name=\"twitter:label1\" content=\"Est. reading time\" \/>\n\t<meta name=\"twitter:data1\" content=\"1 minut\u0117\" \/>\n<script type=\"application\/ld+json\" class=\"yoast-schema-graph\">{\"@context\":\"https:\/\/schema.org\",\"@graph\":[{\"@type\":\"WebPage\",\"@id\":\"https:\/\/toidupakk.ee\/lt\/toode\/kepure-su-snapeliu-bolle-juoda\/\",\"url\":\"https:\/\/toidupakk.ee\/lt\/toode\/kepure-su-snapeliu-bolle-juoda\/\",\"name\":\"Kepur\u0117 su snapeliu \u201eBoll\u00e9\u201c (juoda)\",\"isPartOf\":{\"@id\":\"https:\/\/toidupakk.ee\/lt\/#website\"},\"primaryImageOfPage\":{\"@id\":\"https:\/\/toidupakk.ee\/lt\/toode\/kepure-su-snapeliu-bolle-juoda\/#primaryimage\"},\"image\":{\"@id\":\"https:\/\/toidupakk.ee\/lt\/toode\/kepure-su-snapeliu-bolle-juoda\/#primaryimage\"},\"thumbnailUrl\":\"https:\/\/toidupakk.ee\/wp-content\/uploads\/2023\/08\/Bolle-nokamuts115.png\",\"datePublished\":\"2023-08-16T10:50:53+00:00\",\"dateModified\":\"2026-04-03T21:01:17+00:00\",\"description\":\"\u201eBoll\u00e9\u201c \u2013 stilinga ir patogi kepur\u0117, sauganti nuo saul\u0117s. Reguliuojamas dir\u017eelis gale u\u017etikrina tinkam\u0105 prigludim\u0105 prie \u012fvairaus dyd\u017eio galvos.\",\"breadcrumb\":{\"@id\":\"https:\/\/toidupakk.ee\/lt\/toode\/kepure-su-snapeliu-bolle-juoda\/#breadcrumb\"},\"inLanguage\":\"lt-LT\",\"potentialAction\":[{\"@type\":\"ReadAction\",\"target\":[\"https:\/\/toidupakk.ee\/lt\/toode\/kepure-su-snapeliu-bolle-juoda\/\"]}]},{\"@type\":\"ImageObject\",\"inLanguage\":\"lt-LT\",\"@id\":\"https:\/\/toidupakk.ee\/lt\/toode\/kepure-su-snapeliu-bolle-juoda\/#primaryimage\",\"url\":\"https:\/\/toidupakk.ee\/wp-content\/uploads\/2023\/08\/Bolle-nokamuts115.png\",\"contentUrl\":\"https:\/\/toidupakk.ee\/wp-content\/uploads\/2023\/08\/Bolle-nokamuts115.png\",\"width\":1080,\"height\":1080,\"caption\":\"\u201eBoll\u00e9\u201c kepur\u0117 su snapeliu\"},{\"@type\":\"BreadcrumbList\",\"@id\":\"https:\/\/toidupakk.ee\/lt\/toode\/kepure-su-snapeliu-bolle-juoda\/#breadcrumb\",\"itemListElement\":[{\"@type\":\"ListItem\",\"position\":1,\"name\":\"Avaleht\",\"item\":\"https:\/\/toidupakk.ee\/lt\/\"},{\"@type\":\"ListItem\",\"position\":2,\"name\":\"El. parduotuv\u0117\",\"item\":\"https:\/\/toidupakk.ee\/lt\/el-parduotuve\/\"},{\"@type\":\"ListItem\",\"position\":3,\"name\":\"Kepur\u0117 su snapeliu \u201eBoll\u00e9\u201c (juoda)\"}]},{\"@type\":\"WebSite\",\"@id\":\"https:\/\/toidupakk.ee\/lt\/#website\",\"url\":\"https:\/\/toidupakk.ee\/lt\/\",\"name\":\"Toidupakk.ee - Tactical Foodpack toidupakid\",\"description\":\"Tactical Foodpack k\u00fclmkuivatatud toidupakid ja matkaeined\",\"publisher\":{\"@id\":\"https:\/\/toidupakk.ee\/lt\/#organization\"},\"potentialAction\":[{\"@type\":\"SearchAction\",\"target\":{\"@type\":\"EntryPoint\",\"urlTemplate\":\"https:\/\/toidupakk.ee\/lt\/?s={search_term_string}\"},\"query-input\":{\"@type\":\"PropertyValueSpecification\",\"valueRequired\":true,\"valueName\":\"search_term_string\"}}],\"inLanguage\":\"lt-LT\"},{\"@type\":\"Organization\",\"@id\":\"https:\/\/toidupakk.ee\/lt\/#organization\",\"name\":\"Tactical Foodpack matkaeined\",\"url\":\"https:\/\/toidupakk.ee\/lt\/\",\"logo\":{\"@type\":\"ImageObject\",\"inLanguage\":\"lt-LT\",\"@id\":\"https:\/\/toidupakk.ee\/lt\/#\/schema\/logo\/image\/\",\"url\":\"https:\/\/toidupakk.ee\/wp-content\/uploads\/2022\/01\/Toidupakk-matkapood-logo-transparent.png\",\"contentUrl\":\"https:\/\/toidupakk.ee\/wp-content\/uploads\/2022\/01\/Toidupakk-matkapood-logo-transparent.png\",\"width\":500,\"height\":500,\"caption\":\"Tactical Foodpack matkaeined\"},\"image\":{\"@id\":\"https:\/\/toidupakk.ee\/lt\/#\/schema\/logo\/image\/\"},\"sameAs\":[\"https:\/\/www.facebook.com\/Toidupakk\",\"https:\/\/www.instagram.com\/toidupakk\/\"]}]}<\/script>\n<!-- \/ Yoast SEO plugin. -->","yoast_head_json":{"title":"Kepur\u0117 su snapeliu \u201eBoll\u00e9\u201c (juoda)","description":"\u201eBoll\u00e9\u201c \u2013 stilinga ir patogi kepur\u0117, sauganti nuo saul\u0117s. Reguliuojamas dir\u017eelis gale u\u017etikrina tinkam\u0105 prigludim\u0105 prie \u012fvairaus dyd\u017eio galvos.","robots":{"index":"index","follow":"follow","max-snippet":"max-snippet:-1","max-image-preview":"max-image-preview:large","max-video-preview":"max-video-preview:-1"},"canonical":"https:\/\/toidupakk.ee\/lt\/toode\/kepure-su-snapeliu-bolle-juoda\/","og_locale":"lt_LT","og_type":"article","og_title":"Kepur\u0117 su snapeliu \u201eBoll\u00e9\u201c (juoda)","og_description":"\u201eBoll\u00e9\u201c \u2013 stilinga ir patogi kepur\u0117, sauganti nuo saul\u0117s. Reguliuojamas dir\u017eelis gale u\u017etikrina tinkam\u0105 prigludim\u0105 prie \u012fvairaus dyd\u017eio galvos.","og_url":"https:\/\/toidupakk.ee\/lt\/toode\/kepure-su-snapeliu-bolle-juoda\/","og_site_name":"Toidupakk.ee - Tactical Foodpack toidupakid","article_publisher":"https:\/\/www.facebook.com\/Toidupakk","article_modified_time":"2026-04-03T21:01:17+00:00","og_image":[{"width":1080,"height":1080,"url":"https:\/\/toidupakk.ee\/wp-content\/uploads\/2023\/08\/Bolle-nokamuts115.png","type":"image\/png"}],"twitter_card":"summary_large_image","twitter_misc":{"Est. reading time":"1 minut\u0117"},"schema":{"@context":"https:\/\/schema.org","@graph":[{"@type":"WebPage","@id":"https:\/\/toidupakk.ee\/lt\/toode\/kepure-su-snapeliu-bolle-juoda\/","url":"https:\/\/toidupakk.ee\/lt\/toode\/kepure-su-snapeliu-bolle-juoda\/","name":"Kepur\u0117 su snapeliu \u201eBoll\u00e9\u201c (juoda)","isPartOf":{"@id":"https:\/\/toidupakk.ee\/lt\/#website"},"primaryImageOfPage":{"@id":"https:\/\/toidupakk.ee\/lt\/toode\/kepure-su-snapeliu-bolle-juoda\/#primaryimage"},"image":{"@id":"https:\/\/toidupakk.ee\/lt\/toode\/kepure-su-snapeliu-bolle-juoda\/#primaryimage"},"thumbnailUrl":"https:\/\/toidupakk.ee\/wp-content\/uploads\/2023\/08\/Bolle-nokamuts115.png","datePublished":"2023-08-16T10:50:53+00:00","dateModified":"2026-04-03T21:01:17+00:00","description":"\u201eBoll\u00e9\u201c \u2013 stilinga ir patogi kepur\u0117, sauganti nuo saul\u0117s. Reguliuojamas dir\u017eelis gale u\u017etikrina tinkam\u0105 prigludim\u0105 prie \u012fvairaus dyd\u017eio galvos.","breadcrumb":{"@id":"https:\/\/toidupakk.ee\/lt\/toode\/kepure-su-snapeliu-bolle-juoda\/#breadcrumb"},"inLanguage":"lt-LT","potentialAction":[{"@type":"ReadAction","target":["https:\/\/toidupakk.ee\/lt\/toode\/kepure-su-snapeliu-bolle-juoda\/"]}]},{"@type":"ImageObject","inLanguage":"lt-LT","@id":"https:\/\/toidupakk.ee\/lt\/toode\/kepure-su-snapeliu-bolle-juoda\/#primaryimage","url":"https:\/\/toidupakk.ee\/wp-content\/uploads\/2023\/08\/Bolle-nokamuts115.png","contentUrl":"https:\/\/toidupakk.ee\/wp-content\/uploads\/2023\/08\/Bolle-nokamuts115.png","width":1080,"height":1080,"caption":"\u201eBoll\u00e9\u201c kepur\u0117 su snapeliu"},{"@type":"BreadcrumbList","@id":"https:\/\/toidupakk.ee\/lt\/toode\/kepure-su-snapeliu-bolle-juoda\/#breadcrumb","itemListElement":[{"@type":"ListItem","position":1,"name":"Avaleht","item":"https:\/\/toidupakk.ee\/lt\/"},{"@type":"ListItem","position":2,"name":"El. parduotuv\u0117","item":"https:\/\/toidupakk.ee\/lt\/el-parduotuve\/"},{"@type":"ListItem","position":3,"name":"Kepur\u0117 su snapeliu \u201eBoll\u00e9\u201c (juoda)"}]},{"@type":"WebSite","@id":"https:\/\/toidupakk.ee\/lt\/#website","url":"https:\/\/toidupakk.ee\/lt\/","name":"Toidupakk.ee - Tactical Foodpack toidupakid","description":"Tactical Foodpack k\u00fclmkuivatatud toidupakid ja matkaeined","publisher":{"@id":"https:\/\/toidupakk.ee\/lt\/#organization"},"potentialAction":[{"@type":"SearchAction","target":{"@type":"EntryPoint","urlTemplate":"https:\/\/toidupakk.ee\/lt\/?s={search_term_string}"},"query-input":{"@type":"PropertyValueSpecification","valueRequired":true,"valueName":"search_term_string"}}],"inLanguage":"lt-LT"},{"@type":"Organization","@id":"https:\/\/toidupakk.ee\/lt\/#organization","name":"Tactical Foodpack matkaeined","url":"https:\/\/toidupakk.ee\/lt\/","logo":{"@type":"ImageObject","inLanguage":"lt-LT","@id":"https:\/\/toidupakk.ee\/lt\/#\/schema\/logo\/image\/","url":"https:\/\/toidupakk.ee\/wp-content\/uploads\/2022\/01\/Toidupakk-matkapood-logo-transparent.png","contentUrl":"https:\/\/toidupakk.ee\/wp-content\/uploads\/2022\/01\/Toidupakk-matkapood-logo-transparent.png","width":500,"height":500,"caption":"Tactical Foodpack matkaeined"},"image":{"@id":"https:\/\/toidupakk.ee\/lt\/#\/schema\/logo\/image\/"},"sameAs":["https:\/\/www.facebook.com\/Toidupakk","https:\/\/www.instagram.com\/toidupakk\/"]}]}},"jetpack_sharing_enabled":true,"_links":{"self":[{"href":"https:\/\/toidupakk.ee\/lt\/wp-json\/wp\/v2\/product\/48262","targetHints":{"allow":["GET"]}}],"collection":[{"href":"https:\/\/toidupakk.ee\/lt\/wp-json\/wp\/v2\/product"}],"about":[{"href":"https:\/\/toidupakk.ee\/lt\/wp-json\/wp\/v2\/types\/product"}],"replies":[{"embeddable":true,"href":"https:\/\/toidupakk.ee\/lt\/wp-json\/wp\/v2\/comments?post=48262"}],"wp:featuredmedia":[{"embeddable":true,"href":"https:\/\/toidupakk.ee\/lt\/wp-json\/wp\/v2\/media\/48263"}],"wp:attachment":[{"href":"https:\/\/toidupakk.ee\/lt\/wp-json\/wp\/v2\/media?parent=48262"}],"wp:term":[{"taxonomy":"product_brand","embeddable":true,"href":"https:\/\/toidupakk.ee\/lt\/wp-json\/wp\/v2\/product_brand?post=48262"},{"taxonomy":"product_cat","embeddable":true,"href":"https:\/\/toidupakk.ee\/lt\/wp-json\/wp\/v2\/product_cat?post=48262"},{"taxonomy":"product_tag","embeddable":true,"href":"https:\/\/toidupakk.ee\/lt\/wp-json\/wp\/v2\/product_tag?post=48262"}],"curies":[{"name":"wp","href":"https:\/\/api.w.org\/{rel}","templated":true}]}}