{"id":48248,"date":"2023-08-14T13:37:53","date_gmt":"2023-08-14T10:37:53","guid":{"rendered":"https:\/\/toidupakk.ee\/toode\/vandeniui-atsparus-krepsys-hydroguard-mil-tec-50-l\/"},"modified":"2026-04-17T04:01:17","modified_gmt":"2026-04-17T01:01:17","slug":"vandeniui-atsparus-krepsys-hydroguard-mil-tec-50-l","status":"publish","type":"product","link":"https:\/\/toidupakk.ee\/lt\/toode\/vandeniui-atsparus-krepsys-hydroguard-mil-tec-50-l\/","title":{"rendered":"Vandeniui atsparus krep\u0161ys \u201eHydroGuard\u201c MIL-TEC\u00ae 50 l"},"content":{"rendered":"<h1>Vandeniui atsparus krep\u0161ys \u201eHydroGuard\u201c MIL-TEC\u00ae 50 l<\/h1>\n<p>Vandeniui atspari ir tvirta med\u017eiaga u\u017etikrina veiksming\u0105 tavo daikt\u0173 apsaug\u0105 nuo vandens ir dr\u0117gm\u0117s.<\/p>\n<p>Vandeniui atsparus krep\u0161ys \u201eHydroGuard\u201c MIL-TEC \u2013 tai patikimas ir patvarus sprendimas tavo \u012frangai apsaugoti ekstremaliomis s\u0105lygomis. Neleisk oro s\u0105lygoms trukdyti tavo nuotykiams \u2013 rinkis \u201eHydroGuard\u201c ir b\u016bk pasiruo\u0161\u0119s viskam, k\u0105 gali pasi\u016blyti gamta. <\/p>\n<p>&nbsp;<\/p>\n<p><img fetchpriority=\"high\" decoding=\"async\" class=\"alignnone size-medium wp-image-12847\" src=\"https:\/\/toidupakk.ee\/wp-content\/uploads\/2023\/08\/MIL-TEC-logo-300x300.png\" alt=\"MIL-TEC logotipas\" width=\"300\" height=\"300\" srcset=\"https:\/\/toidupakk.ee\/wp-content\/uploads\/2023\/08\/MIL-TEC-logo-300x300.png 300w, https:\/\/toidupakk.ee\/wp-content\/uploads\/2023\/08\/MIL-TEC-logo-400x400.png 400w, https:\/\/toidupakk.ee\/wp-content\/uploads\/2023\/08\/MIL-TEC-logo-100x100.png 100w, https:\/\/toidupakk.ee\/wp-content\/uploads\/2023\/08\/MIL-TEC-logo-800x800.png 800w, https:\/\/toidupakk.ee\/wp-content\/uploads\/2023\/08\/MIL-TEC-logo-1024x1024.png 1024w, https:\/\/toidupakk.ee\/wp-content\/uploads\/2023\/08\/MIL-TEC-logo-500x500.png 500w, https:\/\/toidupakk.ee\/wp-content\/uploads\/2023\/08\/MIL-TEC-logo-768x768.png 768w, https:\/\/toidupakk.ee\/wp-content\/uploads\/2023\/08\/MIL-TEC-logo.png 1080w\" sizes=\"(max-width: 300px) 100vw, 300px\" \/><\/p>\n<p>Kitus \u017eygio reikmenis rasi <a href=\"https:\/\/toidupakk.ee\/lt\/tootekategooria\/zygio-iranga\/#section-3-79\">\u010cIA<\/a><\/p>\n<p>O gal domiesi \u017eygio maistu? \u017di\u016br\u0117k <a href=\"\/?product_cat=snakk#section-3-79\">\u010cIA<\/a><\/p>\n<p>Pasisemk \u012fkv\u0117pimo kitiems nuotykiams Toidupakk <a href=\"https:\/\/www.instagram.com\/toidupakk\/\">Instagram<\/a> ir <a href=\"https:\/\/www.facebook.com\/Toidupakk\/\">Facebook<\/a> paskyrose.<\/p>\n","protected":false},"excerpt":{"rendered":"<p><strong>Vandeniui atsparus krep\u0161ys \u201eHydroGuard\u201c MIL-TEC yra patikimas tavo nuotyki\u0173 palydovas \u017eygiuojant, plaukiant kanoja ar tiesiog leid\u017eiant laik\u0105 gryname ore. 50 litr\u0173 talpos tvirtas vandeniui atsparus krep\u0161ys sukurtas veiksmingai apsaugoti tavo verting\u0105 \u012frang\u0105 nuo vandens, lietaus, sm\u0117lio ir dulki\u0173. <\/strong><\/p>\n<ul>\n<li><strong>Vandeniui atsparus dizainas:<\/strong> \u201eHydroGuard\u201c krep\u0161ys pagamintas i\u0161 kokybi\u0161kos vandeniui atsparios med\u017eiagos, kuri i\u0161laikys tavo \u012frang\u0105 saus\u0105 net ir sud\u0117tingiausiomis oro s\u0105lygomis.<\/li>\n<li><strong>Tvirta konstrukcija:<\/strong> krep\u0161ys turi patvar\u0173 vandeniui atspar\u0173 u\u017esegim\u0105 ir stiprias si\u016bles, u\u017etikrinan\u010dias ilgalaik\u012f naudojim\u0105.<\/li>\n<li><strong>Universalus naudojimas:<\/strong> \u201eHydroGuard\u201c vandeniui atsparus krep\u0161ys puikiai tinka kelion\u0117ms, \u017eygiams, stovyklavimui, vandens sportui ir daugeliui kit\u0173 veikl\u0173.<\/li>\n<li><strong>Krep\u0161io med\u017eiagos:<\/strong> 75 % polivinilchloridas, 25 % poliesteris<\/li>\n<li><strong>Tvirtinimo dir\u017eas:<\/strong> 100 % nailonas<\/li>\n<li><strong>Tvirtinimo sagtis:<\/strong> tvirtas plastikas<\/li>\n<li><strong>Spalva:<\/strong> juoda<\/li>\n<li><strong>Talpa:<\/strong> 50 litr\u0173<\/li>\n<li><strong>Matmenys:<\/strong> 73 x 33 cm<\/li>\n<\/ul>\n<p>\u2705 Turime sand\u0117lyje, greitas pristatymas per 1\u20133 d. d.<br \/>\n\u2705 Pirk dabar, mok\u0117k v\u0117liau (pal\u016bkanos 0 %)<\/p>\n","protected":false},"featured_media":12836,"comment_status":"open","ping_status":"closed","template":"","meta":{"_acf_changed":false},"product_brand":[],"product_cat":[193,202,210,264,189,190],"product_tag":[],"class_list":{"0":"post-48248","1":"product","2":"type-product","3":"status-publish","4":"has-post-thumbnail","6":"product_cat-karine-ekipuote","7":"product_cat-krepsiai","8":"product_cat-mil-tec","9":"product_cat-vandeniui-atsparus-krepsiai-drybag","10":"product_cat-zygio-iranga","11":"product_cat-zygio-prekes","13":"first","14":"instock","15":"taxable","16":"shipping-taxable","17":"purchasable","18":"product-type-simple"},"bundled_by":[],"bundle_stock_status":"instock","bundle_stock_quantity":5,"bundle_virtual":false,"bundle_layout":"","bundle_add_to_cart_form_location":"","bundle_editable_in_cart":false,"bundle_sold_individually_context":"","bundle_item_grouping":"","bundle_min_size":"","bundle_max_size":"","bundle_price":[],"bundled_items":[],"bundle_sell_ids":[],"acf":[],"yoast_head":"<!-- This site is optimized with the Yoast SEO plugin v27.3 - https:\/\/yoast.com\/product\/yoast-seo-wordpress\/ -->\n<title>Vandeniui atsparus krep\u0161ys \u201eHydroGuard\u201c MIL-TEC\u00ae 50 l<\/title>\n<meta name=\"description\" content=\"Vandeniui atsparus krep\u0161ys \u201eHydroGuard\u201c MIL-TEC \u017eygiams, \u017evejybai, plaukimui kanoja, buriavimui. Apsaugok savo \u012frang\u0105 nuo vandens, lietaus, sm\u0117lio ir dulki\u0173.\" \/>\n<meta name=\"robots\" content=\"index, follow, max-snippet:-1, max-image-preview:large, max-video-preview:-1\" \/>\n<link rel=\"canonical\" href=\"https:\/\/toidupakk.ee\/lt\/toode\/vandeniui-atsparus-krepsys-hydroguard-mil-tec-50-l\/\" \/>\n<meta property=\"og:locale\" content=\"lt_LT\" \/>\n<meta property=\"og:type\" content=\"article\" \/>\n<meta property=\"og:title\" content=\"Vandeniui atsparus krep\u0161ys \u201eHydroGuard\u201c MIL-TEC\u00ae 50 l\" \/>\n<meta property=\"og:description\" content=\"Vandeniui atsparus krep\u0161ys \u201eHydroGuard\u201c MIL-TEC \u017eygiams, \u017evejybai, plaukimui kanoja, buriavimui. Apsaugok savo \u012frang\u0105 nuo vandens, lietaus, sm\u0117lio ir dulki\u0173.\" \/>\n<meta property=\"og:url\" content=\"https:\/\/toidupakk.ee\/lt\/toode\/vandeniui-atsparus-krepsys-hydroguard-mil-tec-50-l\/\" \/>\n<meta property=\"og:site_name\" content=\"Toidupakk.ee - Tactical Foodpack toidupakid\" \/>\n<meta property=\"article:publisher\" content=\"https:\/\/www.facebook.com\/Toidupakk\" \/>\n<meta property=\"article:modified_time\" content=\"2026-04-17T01:01:17+00:00\" \/>\n<meta property=\"og:image\" content=\"https:\/\/toidupakk.ee\/wp-content\/uploads\/2023\/08\/Veekindel-kott-DRYBAG-50L.png\" \/>\n\t<meta property=\"og:image:width\" content=\"1080\" \/>\n\t<meta property=\"og:image:height\" content=\"1080\" \/>\n\t<meta property=\"og:image:type\" content=\"image\/png\" \/>\n<meta name=\"twitter:card\" content=\"summary_large_image\" \/>\n<script type=\"application\/ld+json\" class=\"yoast-schema-graph\">{\"@context\":\"https:\\\/\\\/schema.org\",\"@graph\":[{\"@type\":\"WebPage\",\"@id\":\"https:\\\/\\\/toidupakk.ee\\\/lt\\\/toode\\\/vandeniui-atsparus-krepsys-hydroguard-mil-tec-50-l\\\/\",\"url\":\"https:\\\/\\\/toidupakk.ee\\\/lt\\\/toode\\\/vandeniui-atsparus-krepsys-hydroguard-mil-tec-50-l\\\/\",\"name\":\"Vandeniui atsparus krep\u0161ys \u201eHydroGuard\u201c MIL-TEC\u00ae 50 l\",\"isPartOf\":{\"@id\":\"https:\\\/\\\/toidupakk.ee\\\/lt\\\/#website\"},\"primaryImageOfPage\":{\"@id\":\"https:\\\/\\\/toidupakk.ee\\\/lt\\\/toode\\\/vandeniui-atsparus-krepsys-hydroguard-mil-tec-50-l\\\/#primaryimage\"},\"image\":{\"@id\":\"https:\\\/\\\/toidupakk.ee\\\/lt\\\/toode\\\/vandeniui-atsparus-krepsys-hydroguard-mil-tec-50-l\\\/#primaryimage\"},\"thumbnailUrl\":\"https:\\\/\\\/toidupakk.ee\\\/wp-content\\\/uploads\\\/2023\\\/08\\\/Veekindel-kott-DRYBAG-50L.png\",\"datePublished\":\"2023-08-14T10:37:53+00:00\",\"dateModified\":\"2026-04-17T01:01:17+00:00\",\"description\":\"Vandeniui atsparus krep\u0161ys \u201eHydroGuard\u201c MIL-TEC \u017eygiams, \u017evejybai, plaukimui kanoja, buriavimui. Apsaugok savo \u012frang\u0105 nuo vandens, lietaus, sm\u0117lio ir dulki\u0173.\",\"breadcrumb\":{\"@id\":\"https:\\\/\\\/toidupakk.ee\\\/lt\\\/toode\\\/vandeniui-atsparus-krepsys-hydroguard-mil-tec-50-l\\\/#breadcrumb\"},\"inLanguage\":\"lt-LT\",\"potentialAction\":[{\"@type\":\"ReadAction\",\"target\":[\"https:\\\/\\\/toidupakk.ee\\\/lt\\\/toode\\\/vandeniui-atsparus-krepsys-hydroguard-mil-tec-50-l\\\/\"]}]},{\"@type\":\"ImageObject\",\"inLanguage\":\"lt-LT\",\"@id\":\"https:\\\/\\\/toidupakk.ee\\\/lt\\\/toode\\\/vandeniui-atsparus-krepsys-hydroguard-mil-tec-50-l\\\/#primaryimage\",\"url\":\"https:\\\/\\\/toidupakk.ee\\\/wp-content\\\/uploads\\\/2023\\\/08\\\/Veekindel-kott-DRYBAG-50L.png\",\"contentUrl\":\"https:\\\/\\\/toidupakk.ee\\\/wp-content\\\/uploads\\\/2023\\\/08\\\/Veekindel-kott-DRYBAG-50L.png\",\"width\":1080,\"height\":1080},{\"@type\":\"BreadcrumbList\",\"@id\":\"https:\\\/\\\/toidupakk.ee\\\/lt\\\/toode\\\/vandeniui-atsparus-krepsys-hydroguard-mil-tec-50-l\\\/#breadcrumb\",\"itemListElement\":[{\"@type\":\"ListItem\",\"position\":1,\"name\":\"Avaleht\",\"item\":\"https:\\\/\\\/toidupakk.ee\\\/lt\\\/\"},{\"@type\":\"ListItem\",\"position\":2,\"name\":\"El. parduotuv\u0117\",\"item\":\"https:\\\/\\\/toidupakk.ee\\\/lt\\\/el-parduotuve\\\/\"},{\"@type\":\"ListItem\",\"position\":3,\"name\":\"Vandeniui atsparus krep\u0161ys \u201eHydroGuard\u201c MIL-TEC\u00ae 50 l\"}]},{\"@type\":\"WebSite\",\"@id\":\"https:\\\/\\\/toidupakk.ee\\\/lt\\\/#website\",\"url\":\"https:\\\/\\\/toidupakk.ee\\\/lt\\\/\",\"name\":\"Toidupakk.ee - Tactical Foodpack toidupakid\",\"description\":\"Tactical Foodpack k\u00fclmkuivatatud toidupakid ja matkaeined\",\"publisher\":{\"@id\":\"https:\\\/\\\/toidupakk.ee\\\/lt\\\/#organization\"},\"potentialAction\":[{\"@type\":\"SearchAction\",\"target\":{\"@type\":\"EntryPoint\",\"urlTemplate\":\"https:\\\/\\\/toidupakk.ee\\\/lt\\\/?s={search_term_string}\"},\"query-input\":{\"@type\":\"PropertyValueSpecification\",\"valueRequired\":true,\"valueName\":\"search_term_string\"}}],\"inLanguage\":\"lt-LT\"},{\"@type\":\"Organization\",\"@id\":\"https:\\\/\\\/toidupakk.ee\\\/lt\\\/#organization\",\"name\":\"Tactical Foodpack matkaeined\",\"url\":\"https:\\\/\\\/toidupakk.ee\\\/lt\\\/\",\"logo\":{\"@type\":\"ImageObject\",\"inLanguage\":\"lt-LT\",\"@id\":\"https:\\\/\\\/toidupakk.ee\\\/lt\\\/#\\\/schema\\\/logo\\\/image\\\/\",\"url\":\"https:\\\/\\\/toidupakk.ee\\\/wp-content\\\/uploads\\\/2022\\\/01\\\/Toidupakk-matkapood-logo-transparent.png\",\"contentUrl\":\"https:\\\/\\\/toidupakk.ee\\\/wp-content\\\/uploads\\\/2022\\\/01\\\/Toidupakk-matkapood-logo-transparent.png\",\"width\":500,\"height\":500,\"caption\":\"Tactical Foodpack matkaeined\"},\"image\":{\"@id\":\"https:\\\/\\\/toidupakk.ee\\\/lt\\\/#\\\/schema\\\/logo\\\/image\\\/\"},\"sameAs\":[\"https:\\\/\\\/www.facebook.com\\\/Toidupakk\",\"https:\\\/\\\/www.instagram.com\\\/toidupakk\\\/\"]}]}<\/script>\n<!-- \/ Yoast SEO plugin. -->","yoast_head_json":{"title":"Vandeniui atsparus krep\u0161ys \u201eHydroGuard\u201c MIL-TEC\u00ae 50 l","description":"Vandeniui atsparus krep\u0161ys \u201eHydroGuard\u201c MIL-TEC \u017eygiams, \u017evejybai, plaukimui kanoja, buriavimui. Apsaugok savo \u012frang\u0105 nuo vandens, lietaus, sm\u0117lio ir dulki\u0173.","robots":{"index":"index","follow":"follow","max-snippet":"max-snippet:-1","max-image-preview":"max-image-preview:large","max-video-preview":"max-video-preview:-1"},"canonical":"https:\/\/toidupakk.ee\/lt\/toode\/vandeniui-atsparus-krepsys-hydroguard-mil-tec-50-l\/","og_locale":"lt_LT","og_type":"article","og_title":"Vandeniui atsparus krep\u0161ys \u201eHydroGuard\u201c MIL-TEC\u00ae 50 l","og_description":"Vandeniui atsparus krep\u0161ys \u201eHydroGuard\u201c MIL-TEC \u017eygiams, \u017evejybai, plaukimui kanoja, buriavimui. Apsaugok savo \u012frang\u0105 nuo vandens, lietaus, sm\u0117lio ir dulki\u0173.","og_url":"https:\/\/toidupakk.ee\/lt\/toode\/vandeniui-atsparus-krepsys-hydroguard-mil-tec-50-l\/","og_site_name":"Toidupakk.ee - Tactical Foodpack toidupakid","article_publisher":"https:\/\/www.facebook.com\/Toidupakk","article_modified_time":"2026-04-17T01:01:17+00:00","og_image":[{"width":1080,"height":1080,"url":"https:\/\/toidupakk.ee\/wp-content\/uploads\/2023\/08\/Veekindel-kott-DRYBAG-50L.png","type":"image\/png"}],"twitter_card":"summary_large_image","schema":{"@context":"https:\/\/schema.org","@graph":[{"@type":"WebPage","@id":"https:\/\/toidupakk.ee\/lt\/toode\/vandeniui-atsparus-krepsys-hydroguard-mil-tec-50-l\/","url":"https:\/\/toidupakk.ee\/lt\/toode\/vandeniui-atsparus-krepsys-hydroguard-mil-tec-50-l\/","name":"Vandeniui atsparus krep\u0161ys \u201eHydroGuard\u201c MIL-TEC\u00ae 50 l","isPartOf":{"@id":"https:\/\/toidupakk.ee\/lt\/#website"},"primaryImageOfPage":{"@id":"https:\/\/toidupakk.ee\/lt\/toode\/vandeniui-atsparus-krepsys-hydroguard-mil-tec-50-l\/#primaryimage"},"image":{"@id":"https:\/\/toidupakk.ee\/lt\/toode\/vandeniui-atsparus-krepsys-hydroguard-mil-tec-50-l\/#primaryimage"},"thumbnailUrl":"https:\/\/toidupakk.ee\/wp-content\/uploads\/2023\/08\/Veekindel-kott-DRYBAG-50L.png","datePublished":"2023-08-14T10:37:53+00:00","dateModified":"2026-04-17T01:01:17+00:00","description":"Vandeniui atsparus krep\u0161ys \u201eHydroGuard\u201c MIL-TEC \u017eygiams, \u017evejybai, plaukimui kanoja, buriavimui. Apsaugok savo \u012frang\u0105 nuo vandens, lietaus, sm\u0117lio ir dulki\u0173.","breadcrumb":{"@id":"https:\/\/toidupakk.ee\/lt\/toode\/vandeniui-atsparus-krepsys-hydroguard-mil-tec-50-l\/#breadcrumb"},"inLanguage":"lt-LT","potentialAction":[{"@type":"ReadAction","target":["https:\/\/toidupakk.ee\/lt\/toode\/vandeniui-atsparus-krepsys-hydroguard-mil-tec-50-l\/"]}]},{"@type":"ImageObject","inLanguage":"lt-LT","@id":"https:\/\/toidupakk.ee\/lt\/toode\/vandeniui-atsparus-krepsys-hydroguard-mil-tec-50-l\/#primaryimage","url":"https:\/\/toidupakk.ee\/wp-content\/uploads\/2023\/08\/Veekindel-kott-DRYBAG-50L.png","contentUrl":"https:\/\/toidupakk.ee\/wp-content\/uploads\/2023\/08\/Veekindel-kott-DRYBAG-50L.png","width":1080,"height":1080},{"@type":"BreadcrumbList","@id":"https:\/\/toidupakk.ee\/lt\/toode\/vandeniui-atsparus-krepsys-hydroguard-mil-tec-50-l\/#breadcrumb","itemListElement":[{"@type":"ListItem","position":1,"name":"Avaleht","item":"https:\/\/toidupakk.ee\/lt\/"},{"@type":"ListItem","position":2,"name":"El. parduotuv\u0117","item":"https:\/\/toidupakk.ee\/lt\/el-parduotuve\/"},{"@type":"ListItem","position":3,"name":"Vandeniui atsparus krep\u0161ys \u201eHydroGuard\u201c MIL-TEC\u00ae 50 l"}]},{"@type":"WebSite","@id":"https:\/\/toidupakk.ee\/lt\/#website","url":"https:\/\/toidupakk.ee\/lt\/","name":"Toidupakk.ee - Tactical Foodpack toidupakid","description":"Tactical Foodpack k\u00fclmkuivatatud toidupakid ja matkaeined","publisher":{"@id":"https:\/\/toidupakk.ee\/lt\/#organization"},"potentialAction":[{"@type":"SearchAction","target":{"@type":"EntryPoint","urlTemplate":"https:\/\/toidupakk.ee\/lt\/?s={search_term_string}"},"query-input":{"@type":"PropertyValueSpecification","valueRequired":true,"valueName":"search_term_string"}}],"inLanguage":"lt-LT"},{"@type":"Organization","@id":"https:\/\/toidupakk.ee\/lt\/#organization","name":"Tactical Foodpack matkaeined","url":"https:\/\/toidupakk.ee\/lt\/","logo":{"@type":"ImageObject","inLanguage":"lt-LT","@id":"https:\/\/toidupakk.ee\/lt\/#\/schema\/logo\/image\/","url":"https:\/\/toidupakk.ee\/wp-content\/uploads\/2022\/01\/Toidupakk-matkapood-logo-transparent.png","contentUrl":"https:\/\/toidupakk.ee\/wp-content\/uploads\/2022\/01\/Toidupakk-matkapood-logo-transparent.png","width":500,"height":500,"caption":"Tactical Foodpack matkaeined"},"image":{"@id":"https:\/\/toidupakk.ee\/lt\/#\/schema\/logo\/image\/"},"sameAs":["https:\/\/www.facebook.com\/Toidupakk","https:\/\/www.instagram.com\/toidupakk\/"]}]}},"jetpack_sharing_enabled":true,"_links":{"self":[{"href":"https:\/\/toidupakk.ee\/lt\/wp-json\/wp\/v2\/product\/48248","targetHints":{"allow":["GET"]}}],"collection":[{"href":"https:\/\/toidupakk.ee\/lt\/wp-json\/wp\/v2\/product"}],"about":[{"href":"https:\/\/toidupakk.ee\/lt\/wp-json\/wp\/v2\/types\/product"}],"replies":[{"embeddable":true,"href":"https:\/\/toidupakk.ee\/lt\/wp-json\/wp\/v2\/comments?post=48248"}],"wp:featuredmedia":[{"embeddable":true,"href":"https:\/\/toidupakk.ee\/lt\/wp-json\/wp\/v2\/media\/12836"}],"wp:attachment":[{"href":"https:\/\/toidupakk.ee\/lt\/wp-json\/wp\/v2\/media?parent=48248"}],"wp:term":[{"taxonomy":"product_brand","embeddable":true,"href":"https:\/\/toidupakk.ee\/lt\/wp-json\/wp\/v2\/product_brand?post=48248"},{"taxonomy":"product_cat","embeddable":true,"href":"https:\/\/toidupakk.ee\/lt\/wp-json\/wp\/v2\/product_cat?post=48248"},{"taxonomy":"product_tag","embeddable":true,"href":"https:\/\/toidupakk.ee\/lt\/wp-json\/wp\/v2\/product_tag?post=48248"}],"curies":[{"name":"wp","href":"https:\/\/api.w.org\/{rel}","templated":true}]}}