{"id":48243,"date":"2023-08-16T13:32:47","date_gmt":"2023-08-16T10:32:47","guid":{"rendered":"https:\/\/toidupakk.ee\/toode\/kepure-su-snapeliu-fostex-melyna\/"},"modified":"2026-04-04T00:00:50","modified_gmt":"2026-04-03T21:00:50","slug":"kepure-su-snapeliu-fostex-melyna","status":"publish","type":"product","link":"https:\/\/toidupakk.ee\/lt\/toode\/kepure-su-snapeliu-fostex-melyna\/","title":{"rendered":"Kepur\u0117 su snapeliu \u201eFostex\u201c (m\u0117lyna)"},"content":{"rendered":"<p>\u201eFostex\u201c \u2013 tai auk\u0161tos kokyb\u0117s ir stilinga kepur\u0117 su snapeliu. Jos dizainas \u012fkv\u0117ptas klasikin\u0117s beisbolo kepurait\u0117s, tod\u0117l tai universalus aksesuaras kasdienai ir \u012fvairiai aktyviai veiklai: sporto renginiams, \u017eygiams ar laisvalaikiui. <\/p>\n<p>Kepur\u0117 su snapeliu \u201eFostex\u201c pagaminta i\u0161 patvarios med\u017eiagos, u\u017etikrinan\u010dios kokyb\u0119 ir komfort\u0105. Ji suteiks tavo \u012fvaizd\u017eiui i\u0161skirtinumo bei stiliaus ir pad\u0117s i\u0161siskirti minioje ar tiesiog kasdienyb\u0117je. Stilingos spalvos puikiai dera prie \u012fvairios aprangos.  <\/p>\n<p>\u201eFostex Garments\u201c gars\u0117ja kokybi\u0161kais gaminiais, ir \u0161i kepur\u0117 \u2013 ne i\u0161imtis. Preki\u0173 \u017eenklo reputacija garantuoja, kad kepur\u0117 bus patvari, atspari d\u0117v\u0117jimuisi ir pateisins net i\u0161rankiausi\u0173j\u0173 l\u016bkes\u010dius. Tai patikimas aksesuaras, kur\u012f gal\u0117si d\u0117v\u0117ti ilgai, nesukdamas galvos d\u0117l prast\u0117jan\u010dios kokyb\u0117s.  <\/p>\n<p>Pasisemk \u012fkv\u0117pimo kitiems nuotykiams \u201eToidupakk\u201c <a href=\"https:\/\/www.instagram.com\/toidupakk\/\">Instagram<\/a> ir <a href=\"https:\/\/www.facebook.com\/Toidupakk\/\">Facebook<\/a> paskyrose.<\/p>\n<p>\u017di\u016br\u0117k \u017eygio reikmenis <a href=\"https:\/\/toidupakk.ee\/lt\/tootekategooria\/zygio-iranga\/#section-3-79\">\u010cIA<\/a>.<\/p>\n","protected":false},"excerpt":{"rendered":"<p>\u201eFostex\u201c \u2013 tai kokybi\u0161ka ir stilinga kepur\u0117 su snapeliu, puikiai tinkanti kasdienai ir aktyviam laisvalaikiui. \u0160i klasikin\u0117 beisbolo tipo kepurait\u0117 pagaminta i\u0161 patvarios med\u017eiagos, suteikia komforto ir stiliaus poj\u016bt\u012f. <\/p>\n<p>\u2705 Pristatymas per 1\u20133 darbo dienas<br \/>\n\u2705 NEMOKAMAS gr\u0105\u017einimas ir keitimas<\/p>\n","protected":false},"featured_media":12506,"comment_status":"open","ping_status":"closed","template":"","meta":{"_acf_changed":false},"product_brand":[],"product_cat":[284,191,189,190],"product_tag":[],"class_list":{"0":"post-48243","1":"product","2":"type-product","3":"status-publish","4":"has-post-thumbnail","6":"product_cat-beisbolo-kepures","7":"product_cat-drabuziai","8":"product_cat-zygio-iranga","9":"product_cat-zygio-prekes","11":"first","12":"instock","13":"sale","14":"taxable","15":"shipping-taxable","16":"purchasable","17":"product-type-simple"},"bundled_by":[],"bundle_stock_status":"instock","bundle_stock_quantity":7,"bundle_virtual":false,"bundle_layout":"","bundle_add_to_cart_form_location":"","bundle_editable_in_cart":false,"bundle_sold_individually_context":"","bundle_item_grouping":"","bundle_min_size":"","bundle_max_size":"","bundle_price":[],"bundled_items":[],"bundle_sell_ids":[],"acf":[],"yoast_head":"<!-- This site is optimized with the Yoast SEO plugin v27.1.1 - https:\/\/yoast.com\/product\/yoast-seo-wordpress\/ -->\n<title>Kepur\u0117 su snapeliu \u201eFostex\u201c (m\u0117lyna)<\/title>\n<meta name=\"description\" content=\"Kepur\u0117 su snapeliu \u201eFostex\u201c puikiai tinka bet kokiai veiklai \u2013 tai puikus pasirinkimas vertinantiems kokyb\u0119, mad\u0105 ir aksesuar\u0173 funkcionalum\u0105.\" \/>\n<meta name=\"robots\" content=\"index, follow, max-snippet:-1, max-image-preview:large, max-video-preview:-1\" \/>\n<link rel=\"canonical\" href=\"https:\/\/toidupakk.ee\/lt\/toode\/kepure-su-snapeliu-fostex-melyna\/\" \/>\n<meta property=\"og:locale\" content=\"lt_LT\" \/>\n<meta property=\"og:type\" content=\"article\" \/>\n<meta property=\"og:title\" content=\"Kepur\u0117 su snapeliu \u201eFostex\u201c (m\u0117lyna)\" \/>\n<meta property=\"og:description\" content=\"Kepur\u0117 su snapeliu \u201eFostex\u201c puikiai tinka bet kokiai veiklai \u2013 tai puikus pasirinkimas vertinantiems kokyb\u0119, mad\u0105 ir aksesuar\u0173 funkcionalum\u0105.\" \/>\n<meta property=\"og:url\" content=\"https:\/\/toidupakk.ee\/lt\/toode\/kepure-su-snapeliu-fostex-melyna\/\" \/>\n<meta property=\"og:site_name\" content=\"Toidupakk.ee - Tactical Foodpack toidupakid\" \/>\n<meta property=\"article:publisher\" content=\"https:\/\/www.facebook.com\/Toidupakk\" \/>\n<meta property=\"article:modified_time\" content=\"2026-04-03T21:00:50+00:00\" \/>\n<meta property=\"og:image\" content=\"https:\/\/toidupakk.ee\/wp-content\/uploads\/2023\/08\/Nokamuts-Fostex125.png\" \/>\n\t<meta property=\"og:image:width\" content=\"1080\" \/>\n\t<meta property=\"og:image:height\" content=\"1080\" \/>\n\t<meta property=\"og:image:type\" content=\"image\/png\" \/>\n<meta name=\"twitter:card\" content=\"summary_large_image\" \/>\n<meta name=\"twitter:label1\" content=\"Est. reading time\" \/>\n\t<meta name=\"twitter:data1\" content=\"1 minut\u0117\" \/>\n<script type=\"application\/ld+json\" class=\"yoast-schema-graph\">{\"@context\":\"https:\/\/schema.org\",\"@graph\":[{\"@type\":\"WebPage\",\"@id\":\"https:\/\/toidupakk.ee\/lt\/toode\/kepure-su-snapeliu-fostex-melyna\/\",\"url\":\"https:\/\/toidupakk.ee\/lt\/toode\/kepure-su-snapeliu-fostex-melyna\/\",\"name\":\"Kepur\u0117 su snapeliu \u201eFostex\u201c (m\u0117lyna)\",\"isPartOf\":{\"@id\":\"https:\/\/toidupakk.ee\/lt\/#website\"},\"primaryImageOfPage\":{\"@id\":\"https:\/\/toidupakk.ee\/lt\/toode\/kepure-su-snapeliu-fostex-melyna\/#primaryimage\"},\"image\":{\"@id\":\"https:\/\/toidupakk.ee\/lt\/toode\/kepure-su-snapeliu-fostex-melyna\/#primaryimage\"},\"thumbnailUrl\":\"https:\/\/toidupakk.ee\/wp-content\/uploads\/2023\/08\/Nokamuts-Fostex125.png\",\"datePublished\":\"2023-08-16T10:32:47+00:00\",\"dateModified\":\"2026-04-03T21:00:50+00:00\",\"description\":\"Kepur\u0117 su snapeliu \u201eFostex\u201c puikiai tinka bet kokiai veiklai \u2013 tai puikus pasirinkimas vertinantiems kokyb\u0119, mad\u0105 ir aksesuar\u0173 funkcionalum\u0105.\",\"breadcrumb\":{\"@id\":\"https:\/\/toidupakk.ee\/lt\/toode\/kepure-su-snapeliu-fostex-melyna\/#breadcrumb\"},\"inLanguage\":\"lt-LT\",\"potentialAction\":[{\"@type\":\"ReadAction\",\"target\":[\"https:\/\/toidupakk.ee\/lt\/toode\/kepure-su-snapeliu-fostex-melyna\/\"]}]},{\"@type\":\"ImageObject\",\"inLanguage\":\"lt-LT\",\"@id\":\"https:\/\/toidupakk.ee\/lt\/toode\/kepure-su-snapeliu-fostex-melyna\/#primaryimage\",\"url\":\"https:\/\/toidupakk.ee\/wp-content\/uploads\/2023\/08\/Nokamuts-Fostex125.png\",\"contentUrl\":\"https:\/\/toidupakk.ee\/wp-content\/uploads\/2023\/08\/Nokamuts-Fostex125.png\",\"width\":1080,\"height\":1080,\"caption\":\"Nokam\u00fcts Fostex 1\"},{\"@type\":\"BreadcrumbList\",\"@id\":\"https:\/\/toidupakk.ee\/lt\/toode\/kepure-su-snapeliu-fostex-melyna\/#breadcrumb\",\"itemListElement\":[{\"@type\":\"ListItem\",\"position\":1,\"name\":\"Avaleht\",\"item\":\"https:\/\/toidupakk.ee\/lt\/\"},{\"@type\":\"ListItem\",\"position\":2,\"name\":\"El. parduotuv\u0117\",\"item\":\"https:\/\/toidupakk.ee\/lt\/el-parduotuve\/\"},{\"@type\":\"ListItem\",\"position\":3,\"name\":\"Kepur\u0117 su snapeliu \u201eFostex\u201c (m\u0117lyna)\"}]},{\"@type\":\"WebSite\",\"@id\":\"https:\/\/toidupakk.ee\/lt\/#website\",\"url\":\"https:\/\/toidupakk.ee\/lt\/\",\"name\":\"Toidupakk.ee - Tactical Foodpack toidupakid\",\"description\":\"Tactical Foodpack k\u00fclmkuivatatud toidupakid ja matkaeined\",\"publisher\":{\"@id\":\"https:\/\/toidupakk.ee\/lt\/#organization\"},\"potentialAction\":[{\"@type\":\"SearchAction\",\"target\":{\"@type\":\"EntryPoint\",\"urlTemplate\":\"https:\/\/toidupakk.ee\/lt\/?s={search_term_string}\"},\"query-input\":{\"@type\":\"PropertyValueSpecification\",\"valueRequired\":true,\"valueName\":\"search_term_string\"}}],\"inLanguage\":\"lt-LT\"},{\"@type\":\"Organization\",\"@id\":\"https:\/\/toidupakk.ee\/lt\/#organization\",\"name\":\"Tactical Foodpack matkaeined\",\"url\":\"https:\/\/toidupakk.ee\/lt\/\",\"logo\":{\"@type\":\"ImageObject\",\"inLanguage\":\"lt-LT\",\"@id\":\"https:\/\/toidupakk.ee\/lt\/#\/schema\/logo\/image\/\",\"url\":\"https:\/\/toidupakk.ee\/wp-content\/uploads\/2022\/01\/Toidupakk-matkapood-logo-transparent.png\",\"contentUrl\":\"https:\/\/toidupakk.ee\/wp-content\/uploads\/2022\/01\/Toidupakk-matkapood-logo-transparent.png\",\"width\":500,\"height\":500,\"caption\":\"Tactical Foodpack matkaeined\"},\"image\":{\"@id\":\"https:\/\/toidupakk.ee\/lt\/#\/schema\/logo\/image\/\"},\"sameAs\":[\"https:\/\/www.facebook.com\/Toidupakk\",\"https:\/\/www.instagram.com\/toidupakk\/\"]}]}<\/script>\n<!-- \/ Yoast SEO plugin. -->","yoast_head_json":{"title":"Kepur\u0117 su snapeliu \u201eFostex\u201c (m\u0117lyna)","description":"Kepur\u0117 su snapeliu \u201eFostex\u201c puikiai tinka bet kokiai veiklai \u2013 tai puikus pasirinkimas vertinantiems kokyb\u0119, mad\u0105 ir aksesuar\u0173 funkcionalum\u0105.","robots":{"index":"index","follow":"follow","max-snippet":"max-snippet:-1","max-image-preview":"max-image-preview:large","max-video-preview":"max-video-preview:-1"},"canonical":"https:\/\/toidupakk.ee\/lt\/toode\/kepure-su-snapeliu-fostex-melyna\/","og_locale":"lt_LT","og_type":"article","og_title":"Kepur\u0117 su snapeliu \u201eFostex\u201c (m\u0117lyna)","og_description":"Kepur\u0117 su snapeliu \u201eFostex\u201c puikiai tinka bet kokiai veiklai \u2013 tai puikus pasirinkimas vertinantiems kokyb\u0119, mad\u0105 ir aksesuar\u0173 funkcionalum\u0105.","og_url":"https:\/\/toidupakk.ee\/lt\/toode\/kepure-su-snapeliu-fostex-melyna\/","og_site_name":"Toidupakk.ee - Tactical Foodpack toidupakid","article_publisher":"https:\/\/www.facebook.com\/Toidupakk","article_modified_time":"2026-04-03T21:00:50+00:00","og_image":[{"width":1080,"height":1080,"url":"https:\/\/toidupakk.ee\/wp-content\/uploads\/2023\/08\/Nokamuts-Fostex125.png","type":"image\/png"}],"twitter_card":"summary_large_image","twitter_misc":{"Est. reading time":"1 minut\u0117"},"schema":{"@context":"https:\/\/schema.org","@graph":[{"@type":"WebPage","@id":"https:\/\/toidupakk.ee\/lt\/toode\/kepure-su-snapeliu-fostex-melyna\/","url":"https:\/\/toidupakk.ee\/lt\/toode\/kepure-su-snapeliu-fostex-melyna\/","name":"Kepur\u0117 su snapeliu \u201eFostex\u201c (m\u0117lyna)","isPartOf":{"@id":"https:\/\/toidupakk.ee\/lt\/#website"},"primaryImageOfPage":{"@id":"https:\/\/toidupakk.ee\/lt\/toode\/kepure-su-snapeliu-fostex-melyna\/#primaryimage"},"image":{"@id":"https:\/\/toidupakk.ee\/lt\/toode\/kepure-su-snapeliu-fostex-melyna\/#primaryimage"},"thumbnailUrl":"https:\/\/toidupakk.ee\/wp-content\/uploads\/2023\/08\/Nokamuts-Fostex125.png","datePublished":"2023-08-16T10:32:47+00:00","dateModified":"2026-04-03T21:00:50+00:00","description":"Kepur\u0117 su snapeliu \u201eFostex\u201c puikiai tinka bet kokiai veiklai \u2013 tai puikus pasirinkimas vertinantiems kokyb\u0119, mad\u0105 ir aksesuar\u0173 funkcionalum\u0105.","breadcrumb":{"@id":"https:\/\/toidupakk.ee\/lt\/toode\/kepure-su-snapeliu-fostex-melyna\/#breadcrumb"},"inLanguage":"lt-LT","potentialAction":[{"@type":"ReadAction","target":["https:\/\/toidupakk.ee\/lt\/toode\/kepure-su-snapeliu-fostex-melyna\/"]}]},{"@type":"ImageObject","inLanguage":"lt-LT","@id":"https:\/\/toidupakk.ee\/lt\/toode\/kepure-su-snapeliu-fostex-melyna\/#primaryimage","url":"https:\/\/toidupakk.ee\/wp-content\/uploads\/2023\/08\/Nokamuts-Fostex125.png","contentUrl":"https:\/\/toidupakk.ee\/wp-content\/uploads\/2023\/08\/Nokamuts-Fostex125.png","width":1080,"height":1080,"caption":"Nokam\u00fcts Fostex 1"},{"@type":"BreadcrumbList","@id":"https:\/\/toidupakk.ee\/lt\/toode\/kepure-su-snapeliu-fostex-melyna\/#breadcrumb","itemListElement":[{"@type":"ListItem","position":1,"name":"Avaleht","item":"https:\/\/toidupakk.ee\/lt\/"},{"@type":"ListItem","position":2,"name":"El. parduotuv\u0117","item":"https:\/\/toidupakk.ee\/lt\/el-parduotuve\/"},{"@type":"ListItem","position":3,"name":"Kepur\u0117 su snapeliu \u201eFostex\u201c (m\u0117lyna)"}]},{"@type":"WebSite","@id":"https:\/\/toidupakk.ee\/lt\/#website","url":"https:\/\/toidupakk.ee\/lt\/","name":"Toidupakk.ee - Tactical Foodpack toidupakid","description":"Tactical Foodpack k\u00fclmkuivatatud toidupakid ja matkaeined","publisher":{"@id":"https:\/\/toidupakk.ee\/lt\/#organization"},"potentialAction":[{"@type":"SearchAction","target":{"@type":"EntryPoint","urlTemplate":"https:\/\/toidupakk.ee\/lt\/?s={search_term_string}"},"query-input":{"@type":"PropertyValueSpecification","valueRequired":true,"valueName":"search_term_string"}}],"inLanguage":"lt-LT"},{"@type":"Organization","@id":"https:\/\/toidupakk.ee\/lt\/#organization","name":"Tactical Foodpack matkaeined","url":"https:\/\/toidupakk.ee\/lt\/","logo":{"@type":"ImageObject","inLanguage":"lt-LT","@id":"https:\/\/toidupakk.ee\/lt\/#\/schema\/logo\/image\/","url":"https:\/\/toidupakk.ee\/wp-content\/uploads\/2022\/01\/Toidupakk-matkapood-logo-transparent.png","contentUrl":"https:\/\/toidupakk.ee\/wp-content\/uploads\/2022\/01\/Toidupakk-matkapood-logo-transparent.png","width":500,"height":500,"caption":"Tactical Foodpack matkaeined"},"image":{"@id":"https:\/\/toidupakk.ee\/lt\/#\/schema\/logo\/image\/"},"sameAs":["https:\/\/www.facebook.com\/Toidupakk","https:\/\/www.instagram.com\/toidupakk\/"]}]}},"jetpack_sharing_enabled":true,"_links":{"self":[{"href":"https:\/\/toidupakk.ee\/lt\/wp-json\/wp\/v2\/product\/48243","targetHints":{"allow":["GET"]}}],"collection":[{"href":"https:\/\/toidupakk.ee\/lt\/wp-json\/wp\/v2\/product"}],"about":[{"href":"https:\/\/toidupakk.ee\/lt\/wp-json\/wp\/v2\/types\/product"}],"replies":[{"embeddable":true,"href":"https:\/\/toidupakk.ee\/lt\/wp-json\/wp\/v2\/comments?post=48243"}],"wp:featuredmedia":[{"embeddable":true,"href":"https:\/\/toidupakk.ee\/lt\/wp-json\/wp\/v2\/media\/12506"}],"wp:attachment":[{"href":"https:\/\/toidupakk.ee\/lt\/wp-json\/wp\/v2\/media?parent=48243"}],"wp:term":[{"taxonomy":"product_brand","embeddable":true,"href":"https:\/\/toidupakk.ee\/lt\/wp-json\/wp\/v2\/product_brand?post=48243"},{"taxonomy":"product_cat","embeddable":true,"href":"https:\/\/toidupakk.ee\/lt\/wp-json\/wp\/v2\/product_cat?post=48243"},{"taxonomy":"product_tag","embeddable":true,"href":"https:\/\/toidupakk.ee\/lt\/wp-json\/wp\/v2\/product_tag?post=48243"}],"curies":[{"name":"wp","href":"https:\/\/api.w.org\/{rel}","templated":true}]}}