{"id":48225,"date":"2023-08-02T16:48:35","date_gmt":"2023-08-02T13:48:35","guid":{"rendered":"https:\/\/toidupakk.ee\/toode\/vandeniui-atspari-kuprine-urban-creek-drybag-18-l\/"},"modified":"2026-04-21T12:02:01","modified_gmt":"2026-04-21T09:02:01","slug":"vandeniui-atspari-kuprine-urban-creek-drybag-18-l","status":"publish","type":"product","link":"https:\/\/toidupakk.ee\/lt\/toode\/vandeniui-atspari-kuprine-urban-creek-drybag-18-l\/","title":{"rendered":"Vandeniui atspari kuprin\u0117 \u201eUrban Creek Drybag\u201c, 18 l"},"content":{"rendered":"<h1>Vandeniui atspari kuprin\u0117 \u201eUrban Creek Drybag\u201c, 18 l<\/h1>\n<p class=\"my-1 text-base\">Vandeniui atspari kuprin\u0117 \u201eUrban Creek Drybag\u201c, 18 l, yra stilinga kuprin\u0117, sukurta atlaikyti nepalankias oro s\u0105lygas. \u0160i vandeniui atspari kuprin\u0117 pagaminta i\u0161 patvaraus PVC audinio su sandariomis si\u016bl\u0117mis, kad tavo daiktai i\u0161likt\u0173 sausi. Kuprin\u0117 yra universali, tinkanti tiek kasdieniam naudojimui mieste, tiek veiklai lauke, kur dr\u0117gm\u0117 yra svarbus veiksnys.  <\/p>\n<p class=\"my-1 text-base\">Kompakti\u0161kas dizainas ir nedidelis svoris u\u017etikrina patog\u0173 ne\u0161iojim\u0105. Ergonomi\u0161kos petne\u0161os su putplas\u010dio pamink\u0161tinimu suteikia komfort\u0105 ilgiau ne\u0161iojant. Be to, kuprin\u0117 turi i\u0161imam\u0105 ne\u0161iojamojo kompiuterio d\u0117kl\u0105, tod\u0117l ji puikiai tinka darbui ar mokyklai.  <\/p>\n<p class=\"my-1 text-base\">\u201eTF-2215 Urban Creek Drybag\u201c, 18 l, turi funkcionali\u0105 u\u017esegimo sistem\u0105, u\u017etikrinan\u010di\u0105 veiksming\u0105 atsparum\u0105 vandeniui. Jei nori maksimalaus sandarumo, kuprin\u0117s ang\u0105 reikia u\u017elenkti ir suvynioti 2\u20133 kartus prie\u0161 u\u017esegant kabliuku. Tai suteiks u\u017etikrintumo, kad tavo daiktai i\u0161liks sausi net ir lyjant.  <\/p>\n<p class=\"my-1 text-base\">Kuprin\u0117 taip pat turi tvirt\u0105 ranken\u0105, tod\u0117l j\u0105 patogu ne\u0161ti. Svarbu atsiminti, kad ji n\u0117ra skirta nardymui ar ty\u010diniam laikymui po vandeniu. Kuprin\u0117s matmenys yra 43 x 26 x 16 cm, o talpa \u2013 20 litr\u0173.  <\/p>\n<p>&nbsp;<\/p>\n<p><img fetchpriority=\"high\" decoding=\"async\" class=\"wp-image-12170 size-thumbnail alignright\" src=\"https:\/\/toidupakk.ee\/wp-content\/uploads\/2023\/07\/Veekindel-seljakott112-500x500.png\" alt=\"\" width=\"500\" height=\"500\" srcset=\"https:\/\/toidupakk.ee\/wp-content\/uploads\/2023\/07\/Veekindel-seljakott112-500x500.png 500w, https:\/\/toidupakk.ee\/wp-content\/uploads\/2023\/07\/Veekindel-seljakott112-400x400.png 400w, https:\/\/toidupakk.ee\/wp-content\/uploads\/2023\/07\/Veekindel-seljakott112-100x100.png 100w, https:\/\/toidupakk.ee\/wp-content\/uploads\/2023\/07\/Veekindel-seljakott112-800x800.png 800w, https:\/\/toidupakk.ee\/wp-content\/uploads\/2023\/07\/Veekindel-seljakott112-300x300.png 300w, https:\/\/toidupakk.ee\/wp-content\/uploads\/2023\/07\/Veekindel-seljakott112-1024x1024.png 1024w, https:\/\/toidupakk.ee\/wp-content\/uploads\/2023\/07\/Veekindel-seljakott112-768x768.png 768w, https:\/\/toidupakk.ee\/wp-content\/uploads\/2023\/07\/Veekindel-seljakott112.png 1080w\" sizes=\"(max-width: 500px) 100vw, 500px\" \/><\/p>\n<h2>Vandeniui atspari kuprin\u0117 \u2013 kaip naudoti<\/h2>\n<p>Norint kuprin\u0119 u\u017edaryti sandariai, rekomenduojame jos kra\u0161t\u0105 suvynioti 2\u20133 kartus ir tada u\u017esegti sagt\u012f. Svarbu! \u0160i kuprin\u0117 n\u0117ra skirta naudoti po vandeniu ir netinka nardymui.  <\/p>\n<p>&nbsp;<\/p>\n<p>Pasisemk \u012fkv\u0117pimo kitiems nuotykiams \u201eToidupakk\u201c <a href=\"https:\/\/www.instagram.com\/toidupakk\/\">Instagram<\/a> ir <a href=\"https:\/\/www.facebook.com\/Toidupakk\/\">Facebook<\/a> paskyrose.<\/p>\n<p>\u017di\u016br\u0117k \u017eygio reikmenis <a href=\"https:\/\/toidupakk.ee\/lt\/tootekategooria\/zygio-iranga\/#section-3-79\">\u010cIA<\/a>.<\/p>\n","protected":false},"excerpt":{"rendered":"<p><strong>Vandeniui atspari kuprin\u0117 \u201eUrban Creek Drybag\u201c<\/strong> yra stilinga miesto tipo kuprin\u0117, idealiai tinkanti blogoms oro s\u0105lygoms. D\u0117l vandeniui atsparaus PVC audinio ir sandari\u0173 si\u016bli\u0173 tavo daiktai \u0161ioje kompakti\u0161koje kuprin\u0117je i\u0161liks sausi. Ji puikiai tinka kasdieniam naudojimui arba aktyviai veiklai lauke. Idealiai tinka va\u017eiuojant motociklu, plaukiant kanojomis ar baidar\u0117mis, valtyje, \u017evejyboje, u\u017esiimant \u017eiemos sportu.   <\/p>\n<ul class=\"my-1 list-disc pl-4\">\n<li class=\"my-1 text-base\">Stilinga kuprin\u0117 i\u0161 vandeniui atsparaus PVC audinio<\/li>\n<li><strong>vandeniui atspar\u016bs YKK u\u017etrauktukai<\/strong><\/li>\n<li><strong>Itin lengva kuprin\u0117<\/strong><\/li>\n<li>Kuprin\u0117s <strong>komplekte taip pat yra i\u0161imamas pamink\u0161tintas d\u0117klas ne\u0161iojamajam kompiuteriui<\/strong>, matmenys 27 x 38 cm<\/li>\n<li class=\"my-1 text-base\"><strong>Ergonomi\u0161kos petne\u0161os<\/strong> su putplas\u010dio pamink\u0161tinimu<\/li>\n<li class=\"my-1 text-base\">Tvirta rankena<\/li>\n<li class=\"my-1 text-base\"><strong>Funkcionali u\u017esegimo sistema<\/strong> sandarumui u\u017etikrinti<\/li>\n<li class=\"my-1 text-base\">Matmenys: 43 x 26 x 16 cm (u\u017edaryta kuprin\u0117)<\/li>\n<li class=\"my-1 text-base\">Talpa: 18 litr\u0173<\/li>\n<\/ul>\n<p>\u2705 Turime sand\u0117lyje, greitas pristatymas per 1\u20133 d. d.<br \/>\n\u2705 Pirk dabar, mok\u0117k v\u0117liau (pal\u016bkanos 0 %)<\/p>\n","protected":false},"featured_media":12168,"comment_status":"open","ping_status":"closed","template":"","meta":{"_acf_changed":false},"product_brand":[],"product_cat":[202,201,200,264,189,190],"product_tag":[],"class_list":{"0":"post-48225","1":"product","2":"type-product","3":"status-publish","4":"has-post-thumbnail","6":"product_cat-krepsiai","7":"product_cat-kuprines","8":"product_cat-praktiskos-dovanu-idejos","9":"product_cat-vandeniui-atsparus-krepsiai-drybag","10":"product_cat-zygio-iranga","11":"product_cat-zygio-prekes","13":"first","14":"instock","15":"sale","16":"taxable","17":"shipping-taxable","18":"purchasable","19":"product-type-variable","20":"has-default-attributes"},"bundled_by":[],"bundle_stock_status":"instock","bundle_stock_quantity":null,"bundle_virtual":false,"bundle_layout":"","bundle_add_to_cart_form_location":"","bundle_editable_in_cart":false,"bundle_sold_individually_context":"","bundle_item_grouping":"","bundle_min_size":"","bundle_max_size":"","bundle_price":[],"bundled_items":[],"bundle_sell_ids":[],"acf":[],"yoast_head":"<!-- This site is optimized with the Yoast SEO plugin v27.3 - https:\/\/yoast.com\/product\/yoast-seo-wordpress\/ -->\n<title>Vandeniui atspari kuprin\u0117 \u201eUrban Creek Drybag\u201c, 18 l<\/title>\n<meta name=\"description\" content=\"Vandeniui atspari kuprin\u0117 pagaminta i\u0161 tvirto ir patvaraus PVC audinio. YKK u\u017etrauktukai nepralaid\u016bs vandeniui. Tinkama ir kasdieniam naudojimui. Spalvos: \u017ealia ir pilka.\" \/>\n<meta name=\"robots\" content=\"index, follow, max-snippet:-1, max-image-preview:large, max-video-preview:-1\" \/>\n<link rel=\"canonical\" href=\"https:\/\/toidupakk.ee\/lt\/toode\/vandeniui-atspari-kuprine-urban-creek-drybag-18-l\/\" \/>\n<meta property=\"og:locale\" content=\"lt_LT\" \/>\n<meta property=\"og:type\" content=\"article\" \/>\n<meta property=\"og:title\" content=\"Vandeniui atspari kuprin\u0117 \u201eUrban Creek Drybag\u201c, 18 l\" \/>\n<meta property=\"og:description\" content=\"Vandeniui atspari kuprin\u0117 pagaminta i\u0161 tvirto ir patvaraus PVC audinio. YKK u\u017etrauktukai nepralaid\u016bs vandeniui. Tinkama ir kasdieniam naudojimui. Spalvos: \u017ealia ir pilka.\" \/>\n<meta property=\"og:url\" content=\"https:\/\/toidupakk.ee\/lt\/toode\/vandeniui-atspari-kuprine-urban-creek-drybag-18-l\/\" \/>\n<meta property=\"og:site_name\" content=\"Toidupakk.ee - Tactical Foodpack toidupakid\" \/>\n<meta property=\"article:publisher\" content=\"https:\/\/www.facebook.com\/Toidupakk\" \/>\n<meta property=\"article:modified_time\" content=\"2026-04-21T09:02:01+00:00\" \/>\n<meta property=\"og:image\" content=\"https:\/\/toidupakk.ee\/wp-content\/uploads\/2023\/07\/Veekindel-seljakott110.png\" \/>\n\t<meta property=\"og:image:width\" content=\"1080\" \/>\n\t<meta property=\"og:image:height\" content=\"1080\" \/>\n\t<meta property=\"og:image:type\" content=\"image\/png\" \/>\n<meta name=\"twitter:card\" content=\"summary_large_image\" \/>\n<meta name=\"twitter:label1\" content=\"Est. reading time\" \/>\n\t<meta name=\"twitter:data1\" content=\"1 minut\u0117\" \/>\n<script type=\"application\/ld+json\" class=\"yoast-schema-graph\">{\"@context\":\"https:\\\/\\\/schema.org\",\"@graph\":[{\"@type\":\"WebPage\",\"@id\":\"https:\\\/\\\/toidupakk.ee\\\/lt\\\/toode\\\/vandeniui-atspari-kuprine-urban-creek-drybag-18-l\\\/\",\"url\":\"https:\\\/\\\/toidupakk.ee\\\/lt\\\/toode\\\/vandeniui-atspari-kuprine-urban-creek-drybag-18-l\\\/\",\"name\":\"Vandeniui atspari kuprin\u0117 \u201eUrban Creek Drybag\u201c, 18 l\",\"isPartOf\":{\"@id\":\"https:\\\/\\\/toidupakk.ee\\\/lt\\\/#website\"},\"primaryImageOfPage\":{\"@id\":\"https:\\\/\\\/toidupakk.ee\\\/lt\\\/toode\\\/vandeniui-atspari-kuprine-urban-creek-drybag-18-l\\\/#primaryimage\"},\"image\":{\"@id\":\"https:\\\/\\\/toidupakk.ee\\\/lt\\\/toode\\\/vandeniui-atspari-kuprine-urban-creek-drybag-18-l\\\/#primaryimage\"},\"thumbnailUrl\":\"https:\\\/\\\/toidupakk.ee\\\/wp-content\\\/uploads\\\/2023\\\/07\\\/Veekindel-seljakott110.png\",\"datePublished\":\"2023-08-02T13:48:35+00:00\",\"dateModified\":\"2026-04-21T09:02:01+00:00\",\"description\":\"Vandeniui atspari kuprin\u0117 pagaminta i\u0161 tvirto ir patvaraus PVC audinio. YKK u\u017etrauktukai nepralaid\u016bs vandeniui. Tinkama ir kasdieniam naudojimui. Spalvos: \u017ealia ir pilka.\",\"breadcrumb\":{\"@id\":\"https:\\\/\\\/toidupakk.ee\\\/lt\\\/toode\\\/vandeniui-atspari-kuprine-urban-creek-drybag-18-l\\\/#breadcrumb\"},\"inLanguage\":\"lt-LT\",\"potentialAction\":[{\"@type\":\"ReadAction\",\"target\":[\"https:\\\/\\\/toidupakk.ee\\\/lt\\\/toode\\\/vandeniui-atspari-kuprine-urban-creek-drybag-18-l\\\/\"]}]},{\"@type\":\"ImageObject\",\"inLanguage\":\"lt-LT\",\"@id\":\"https:\\\/\\\/toidupakk.ee\\\/lt\\\/toode\\\/vandeniui-atspari-kuprine-urban-creek-drybag-18-l\\\/#primaryimage\",\"url\":\"https:\\\/\\\/toidupakk.ee\\\/wp-content\\\/uploads\\\/2023\\\/07\\\/Veekindel-seljakott110.png\",\"contentUrl\":\"https:\\\/\\\/toidupakk.ee\\\/wp-content\\\/uploads\\\/2023\\\/07\\\/Veekindel-seljakott110.png\",\"width\":1080,\"height\":1080,\"caption\":\"veekindel seljakott urban creek\"},{\"@type\":\"BreadcrumbList\",\"@id\":\"https:\\\/\\\/toidupakk.ee\\\/lt\\\/toode\\\/vandeniui-atspari-kuprine-urban-creek-drybag-18-l\\\/#breadcrumb\",\"itemListElement\":[{\"@type\":\"ListItem\",\"position\":1,\"name\":\"Avaleht\",\"item\":\"https:\\\/\\\/toidupakk.ee\\\/lt\\\/\"},{\"@type\":\"ListItem\",\"position\":2,\"name\":\"El. parduotuv\u0117\",\"item\":\"https:\\\/\\\/toidupakk.ee\\\/lt\\\/el-parduotuve\\\/\"},{\"@type\":\"ListItem\",\"position\":3,\"name\":\"Vandeniui atspari kuprin\u0117 \u201eUrban Creek Drybag\u201c, 18 l\"}]},{\"@type\":\"WebSite\",\"@id\":\"https:\\\/\\\/toidupakk.ee\\\/lt\\\/#website\",\"url\":\"https:\\\/\\\/toidupakk.ee\\\/lt\\\/\",\"name\":\"Toidupakk.ee - Tactical Foodpack toidupakid\",\"description\":\"Tactical Foodpack k\u00fclmkuivatatud toidupakid ja matkaeined\",\"publisher\":{\"@id\":\"https:\\\/\\\/toidupakk.ee\\\/lt\\\/#organization\"},\"potentialAction\":[{\"@type\":\"SearchAction\",\"target\":{\"@type\":\"EntryPoint\",\"urlTemplate\":\"https:\\\/\\\/toidupakk.ee\\\/lt\\\/?s={search_term_string}\"},\"query-input\":{\"@type\":\"PropertyValueSpecification\",\"valueRequired\":true,\"valueName\":\"search_term_string\"}}],\"inLanguage\":\"lt-LT\"},{\"@type\":\"Organization\",\"@id\":\"https:\\\/\\\/toidupakk.ee\\\/lt\\\/#organization\",\"name\":\"Tactical Foodpack matkaeined\",\"url\":\"https:\\\/\\\/toidupakk.ee\\\/lt\\\/\",\"logo\":{\"@type\":\"ImageObject\",\"inLanguage\":\"lt-LT\",\"@id\":\"https:\\\/\\\/toidupakk.ee\\\/lt\\\/#\\\/schema\\\/logo\\\/image\\\/\",\"url\":\"https:\\\/\\\/toidupakk.ee\\\/wp-content\\\/uploads\\\/2022\\\/01\\\/Toidupakk-matkapood-logo-transparent.png\",\"contentUrl\":\"https:\\\/\\\/toidupakk.ee\\\/wp-content\\\/uploads\\\/2022\\\/01\\\/Toidupakk-matkapood-logo-transparent.png\",\"width\":500,\"height\":500,\"caption\":\"Tactical Foodpack matkaeined\"},\"image\":{\"@id\":\"https:\\\/\\\/toidupakk.ee\\\/lt\\\/#\\\/schema\\\/logo\\\/image\\\/\"},\"sameAs\":[\"https:\\\/\\\/www.facebook.com\\\/Toidupakk\",\"https:\\\/\\\/www.instagram.com\\\/toidupakk\\\/\"]}]}<\/script>\n<!-- \/ Yoast SEO plugin. -->","yoast_head_json":{"title":"Vandeniui atspari kuprin\u0117 \u201eUrban Creek Drybag\u201c, 18 l","description":"Vandeniui atspari kuprin\u0117 pagaminta i\u0161 tvirto ir patvaraus PVC audinio. YKK u\u017etrauktukai nepralaid\u016bs vandeniui. Tinkama ir kasdieniam naudojimui. Spalvos: \u017ealia ir pilka.","robots":{"index":"index","follow":"follow","max-snippet":"max-snippet:-1","max-image-preview":"max-image-preview:large","max-video-preview":"max-video-preview:-1"},"canonical":"https:\/\/toidupakk.ee\/lt\/toode\/vandeniui-atspari-kuprine-urban-creek-drybag-18-l\/","og_locale":"lt_LT","og_type":"article","og_title":"Vandeniui atspari kuprin\u0117 \u201eUrban Creek Drybag\u201c, 18 l","og_description":"Vandeniui atspari kuprin\u0117 pagaminta i\u0161 tvirto ir patvaraus PVC audinio. YKK u\u017etrauktukai nepralaid\u016bs vandeniui. Tinkama ir kasdieniam naudojimui. Spalvos: \u017ealia ir pilka.","og_url":"https:\/\/toidupakk.ee\/lt\/toode\/vandeniui-atspari-kuprine-urban-creek-drybag-18-l\/","og_site_name":"Toidupakk.ee - Tactical Foodpack toidupakid","article_publisher":"https:\/\/www.facebook.com\/Toidupakk","article_modified_time":"2026-04-21T09:02:01+00:00","og_image":[{"width":1080,"height":1080,"url":"https:\/\/toidupakk.ee\/wp-content\/uploads\/2023\/07\/Veekindel-seljakott110.png","type":"image\/png"}],"twitter_card":"summary_large_image","twitter_misc":{"Est. reading time":"1 minut\u0117"},"schema":{"@context":"https:\/\/schema.org","@graph":[{"@type":"WebPage","@id":"https:\/\/toidupakk.ee\/lt\/toode\/vandeniui-atspari-kuprine-urban-creek-drybag-18-l\/","url":"https:\/\/toidupakk.ee\/lt\/toode\/vandeniui-atspari-kuprine-urban-creek-drybag-18-l\/","name":"Vandeniui atspari kuprin\u0117 \u201eUrban Creek Drybag\u201c, 18 l","isPartOf":{"@id":"https:\/\/toidupakk.ee\/lt\/#website"},"primaryImageOfPage":{"@id":"https:\/\/toidupakk.ee\/lt\/toode\/vandeniui-atspari-kuprine-urban-creek-drybag-18-l\/#primaryimage"},"image":{"@id":"https:\/\/toidupakk.ee\/lt\/toode\/vandeniui-atspari-kuprine-urban-creek-drybag-18-l\/#primaryimage"},"thumbnailUrl":"https:\/\/toidupakk.ee\/wp-content\/uploads\/2023\/07\/Veekindel-seljakott110.png","datePublished":"2023-08-02T13:48:35+00:00","dateModified":"2026-04-21T09:02:01+00:00","description":"Vandeniui atspari kuprin\u0117 pagaminta i\u0161 tvirto ir patvaraus PVC audinio. YKK u\u017etrauktukai nepralaid\u016bs vandeniui. Tinkama ir kasdieniam naudojimui. Spalvos: \u017ealia ir pilka.","breadcrumb":{"@id":"https:\/\/toidupakk.ee\/lt\/toode\/vandeniui-atspari-kuprine-urban-creek-drybag-18-l\/#breadcrumb"},"inLanguage":"lt-LT","potentialAction":[{"@type":"ReadAction","target":["https:\/\/toidupakk.ee\/lt\/toode\/vandeniui-atspari-kuprine-urban-creek-drybag-18-l\/"]}]},{"@type":"ImageObject","inLanguage":"lt-LT","@id":"https:\/\/toidupakk.ee\/lt\/toode\/vandeniui-atspari-kuprine-urban-creek-drybag-18-l\/#primaryimage","url":"https:\/\/toidupakk.ee\/wp-content\/uploads\/2023\/07\/Veekindel-seljakott110.png","contentUrl":"https:\/\/toidupakk.ee\/wp-content\/uploads\/2023\/07\/Veekindel-seljakott110.png","width":1080,"height":1080,"caption":"veekindel seljakott urban creek"},{"@type":"BreadcrumbList","@id":"https:\/\/toidupakk.ee\/lt\/toode\/vandeniui-atspari-kuprine-urban-creek-drybag-18-l\/#breadcrumb","itemListElement":[{"@type":"ListItem","position":1,"name":"Avaleht","item":"https:\/\/toidupakk.ee\/lt\/"},{"@type":"ListItem","position":2,"name":"El. parduotuv\u0117","item":"https:\/\/toidupakk.ee\/lt\/el-parduotuve\/"},{"@type":"ListItem","position":3,"name":"Vandeniui atspari kuprin\u0117 \u201eUrban Creek Drybag\u201c, 18 l"}]},{"@type":"WebSite","@id":"https:\/\/toidupakk.ee\/lt\/#website","url":"https:\/\/toidupakk.ee\/lt\/","name":"Toidupakk.ee - Tactical Foodpack toidupakid","description":"Tactical Foodpack k\u00fclmkuivatatud toidupakid ja matkaeined","publisher":{"@id":"https:\/\/toidupakk.ee\/lt\/#organization"},"potentialAction":[{"@type":"SearchAction","target":{"@type":"EntryPoint","urlTemplate":"https:\/\/toidupakk.ee\/lt\/?s={search_term_string}"},"query-input":{"@type":"PropertyValueSpecification","valueRequired":true,"valueName":"search_term_string"}}],"inLanguage":"lt-LT"},{"@type":"Organization","@id":"https:\/\/toidupakk.ee\/lt\/#organization","name":"Tactical Foodpack matkaeined","url":"https:\/\/toidupakk.ee\/lt\/","logo":{"@type":"ImageObject","inLanguage":"lt-LT","@id":"https:\/\/toidupakk.ee\/lt\/#\/schema\/logo\/image\/","url":"https:\/\/toidupakk.ee\/wp-content\/uploads\/2022\/01\/Toidupakk-matkapood-logo-transparent.png","contentUrl":"https:\/\/toidupakk.ee\/wp-content\/uploads\/2022\/01\/Toidupakk-matkapood-logo-transparent.png","width":500,"height":500,"caption":"Tactical Foodpack matkaeined"},"image":{"@id":"https:\/\/toidupakk.ee\/lt\/#\/schema\/logo\/image\/"},"sameAs":["https:\/\/www.facebook.com\/Toidupakk","https:\/\/www.instagram.com\/toidupakk\/"]}]}},"jetpack_sharing_enabled":true,"_links":{"self":[{"href":"https:\/\/toidupakk.ee\/lt\/wp-json\/wp\/v2\/product\/48225","targetHints":{"allow":["GET"]}}],"collection":[{"href":"https:\/\/toidupakk.ee\/lt\/wp-json\/wp\/v2\/product"}],"about":[{"href":"https:\/\/toidupakk.ee\/lt\/wp-json\/wp\/v2\/types\/product"}],"replies":[{"embeddable":true,"href":"https:\/\/toidupakk.ee\/lt\/wp-json\/wp\/v2\/comments?post=48225"}],"wp:featuredmedia":[{"embeddable":true,"href":"https:\/\/toidupakk.ee\/lt\/wp-json\/wp\/v2\/media\/12168"}],"wp:attachment":[{"href":"https:\/\/toidupakk.ee\/lt\/wp-json\/wp\/v2\/media?parent=48225"}],"wp:term":[{"taxonomy":"product_brand","embeddable":true,"href":"https:\/\/toidupakk.ee\/lt\/wp-json\/wp\/v2\/product_brand?post=48225"},{"taxonomy":"product_cat","embeddable":true,"href":"https:\/\/toidupakk.ee\/lt\/wp-json\/wp\/v2\/product_cat?post=48225"},{"taxonomy":"product_tag","embeddable":true,"href":"https:\/\/toidupakk.ee\/lt\/wp-json\/wp\/v2\/product_tag?post=48225"}],"curies":[{"name":"wp","href":"https:\/\/api.w.org\/{rel}","templated":true}]}}