{"id":48216,"date":"2023-08-02T16:18:35","date_gmt":"2023-08-02T13:18:35","guid":{"rendered":"https:\/\/toidupakk.ee\/toode\/katiliukas\/"},"modified":"2026-04-21T12:01:18","modified_gmt":"2026-04-21T09:01:18","slug":"katiliukas","status":"publish","type":"product","link":"https:\/\/toidupakk.ee\/lt\/toode\/katiliukas\/","title":{"rendered":"Katiliukas"},"content":{"rendered":"<h1><img fetchpriority=\"high\" decoding=\"async\" class=\"wp-image-12415 size-thumbnail alignright\" style=\"font-size: 16px; font-weight: 400;\" src=\"https:\/\/toidupakk.ee\/wp-content\/uploads\/2023\/08\/katelok-lahtise-tulega-500x500.jpg\" alt=\"katiliukas vir\u0161 lau\u017eo\" width=\"500\" height=\"500\" srcset=\"https:\/\/toidupakk.ee\/wp-content\/uploads\/2023\/08\/katelok-lahtise-tulega-500x500.jpg 500w, https:\/\/toidupakk.ee\/wp-content\/uploads\/2023\/08\/katelok-lahtise-tulega-400x400.jpg 400w, https:\/\/toidupakk.ee\/wp-content\/uploads\/2023\/08\/katelok-lahtise-tulega-100x100.jpg 100w, https:\/\/toidupakk.ee\/wp-content\/uploads\/2023\/08\/katelok-lahtise-tulega-800x800.jpg 800w, https:\/\/toidupakk.ee\/wp-content\/uploads\/2023\/08\/katelok-lahtise-tulega-300x300.jpg 300w, https:\/\/toidupakk.ee\/wp-content\/uploads\/2023\/08\/katelok-lahtise-tulega-1024x1024.jpg 1024w, https:\/\/toidupakk.ee\/wp-content\/uploads\/2023\/08\/katelok-lahtise-tulega-768x768.jpg 768w, https:\/\/toidupakk.ee\/wp-content\/uploads\/2023\/08\/katelok-lahtise-tulega.jpg 1080w\" sizes=\"(max-width: 500px) 100vw, 500px\" \/><\/h1>\n<h1>Kas yra katiliukas?<\/h1>\n<p>Katiliukas \u2013 tai kompakti\u0161kas indas maistui gaminti lauko s\u0105lygomis. Vir\u0161utin\u012f dangt\u012f su ranken\u0117le galima naudoti kaip puodel\u012f, jis ypa\u010d tinka kar\u0161tiems g\u0117rimams (pvz., kavai ar arbatai). Did\u017eiausi\u0105 katiliuko dal\u012f galima pakabinti vir\u0161 atviros ugnies. \u012e komplekt\u0105 stalo \u012frankiai ne\u012feina, juos reikia \u012fsigyti atskirai. Tinkamus \u012frankius rasi <a href=\"https:\/\/toidupakk.ee\/toode\/soogiriistade-komplekt-wildo\/\">\u010dia<\/a>.    <\/p>\n<p>Katiliuk\u0105 da\u017eniausiai naudoja kariai, \u0161auliai ir \u017eygeiviai, ne\u0161iodamiesi j\u012f kuprin\u0117je arba ekipuot\u0117s krep\u0161yje.<\/p>\n<p>Gaminys pagamintas i\u0161 100 % aliuminio, tod\u0117l yra lengvas, o maistas jame pagaminamas greitai.<\/p>\n<p>\u017dygio \u012franga vaidina svarb\u0173 vaidmen\u012f tavo kelion\u0117s s\u0117kmei. Tod\u0117l visada svarbu i\u0161 anksto visk\u0105 gerai apgalvoti ir pasiimti tai, ko gali prireikti. Labai svarbu, kad apranga ir avalyn\u0117 b\u016bt\u0173 kuo patogesn\u0117, kad net at\u0161iauriomis s\u0105lygomis i\u0161liktum sausas ir, \u017einoma, neliktum alkanas.  <\/p>\n<p>Pasisemk \u012fkv\u0117pimo kitiems nuotykiams \u201eToidupakk\u201c <a href=\"https:\/\/www.instagram.com\/toidupakk\/\">Instagram<\/a> ir <a href=\"https:\/\/www.facebook.com\/Toidupakk\/\">Facebook<\/a> paskyrose.<\/p>\n<p>Daugiau \u017eygio preki\u0173 rasi <a href=\"https:\/\/toidupakk.ee\/lt\/tootekategooria\/zygio-iranga\/#section-3-79\">\u010cIA<\/a>.<\/p>\n","protected":false},"excerpt":{"rendered":"<div id=\"1689851323.553689\" class=\"c-virtual_list__item c-virtual_list__item--initial-activeitem\" role=\"listitem\" data-qa=\"virtual-list-item\" data-item-key=\"1689851323.553689\">\n<div class=\"c-message_kit__background p-message_pane_message__message c-message_kit__message\" role=\"presentation\" data-qa=\"message_container\" data-qa-unprocessed=\"false\" data-qa-placeholder=\"false\">\n<div class=\"c-message_kit__hover\" role=\"document\" data-qa-hover=\"true\">\n<div class=\"c-message_kit__actions c-message_kit__actions--above\">\n<div class=\"c-message_kit__gutter\">\n<div class=\"c-message_kit__gutter__right\" role=\"presentation\" data-qa=\"message_content\">\n<div class=\"c-message_kit__blocks c-message_kit__blocks--rich_text\">\n<div class=\"c-message__message_blocks c-message__message_blocks--rich_text\" data-qa=\"message-text\">\n<div class=\"p-block_kit_renderer\" data-qa=\"block-kit-renderer\">\n<div class=\"p-block_kit_renderer__block_wrapper p-block_kit_renderer__block_wrapper--first\">\n<div class=\"p-rich_text_block\" dir=\"auto\">\n<p><strong>Katiliukas \u2013 tai prakti\u0161kas indas maistui gaminti ir valgyti lauko s\u0105lygomis. J\u012f da\u017eniausiai naudoja \u0161auliai, kariai ir \u017eygeiviai. <\/strong><\/p>\n<ul>\n<li class=\"p-rich_text_section\">Katiliuko med\u017eiaga: 100 % aliuminis<\/li>\n<li>Komplekte: vir\u0161utinis ir apatinis indas<\/li>\n<li>Gilus dangtis skirtas naudoti kaip duben\u0117lis maistui arba kaip indas g\u0117rimams<\/li>\n<li>Metalin\u0117 ranken\u0117l\u0117 leid\u017eia pakabinti katiliuk\u0105 vir\u0161 lau\u017eo arba patogiai ne\u0161tis rankoje<\/li>\n<li class=\"p-rich_text_section\">Auk\u0161tis: 16,5 cm<\/li>\n<li class=\"p-rich_text_section\">Plotis: 10,5 cm<\/li>\n<li class=\"p-rich_text_section\">Svoris: 460 g<\/li>\n<li>Lengvai plaunamas \u0161iltu vandeniu<\/li>\n<\/ul>\n<\/div>\n<\/div>\n<\/div>\n<\/div>\n<\/div>\n<\/div>\n<\/div>\n<\/div>\n<\/div>\n<\/div>\n<\/div>\n<p>\u2705 Turime sand\u0117lyje, greitas pristatymas per 1\u20133 d. d.<br \/>\n\u2705 Pirk dabar, mok\u0117k v\u0117liau<\/p>\n","protected":false},"featured_media":12413,"comment_status":"open","ping_status":"closed","template":"","meta":{"_acf_changed":false},"product_brand":[],"product_cat":[196,197,189,190],"product_tag":[],"class_list":{"0":"post-48216","1":"product","2":"type-product","3":"status-publish","4":"has-post-thumbnail","6":"product_cat-maisto-gaminimas","7":"product_cat-stalo-irankiai","8":"product_cat-zygio-iranga","9":"product_cat-zygio-prekes","11":"first","12":"onbackorder","13":"sale","14":"taxable","15":"shipping-taxable","16":"purchasable","17":"product-type-simple"},"bundled_by":[],"bundle_stock_status":"onbackorder","bundle_stock_quantity":-2,"bundle_virtual":false,"bundle_layout":"","bundle_add_to_cart_form_location":"","bundle_editable_in_cart":false,"bundle_sold_individually_context":"","bundle_item_grouping":"","bundle_min_size":"","bundle_max_size":"","bundle_price":[],"bundled_items":[],"bundle_sell_ids":[],"acf":[],"yoast_head":"<!-- This site is optimized with the Yoast SEO plugin v27.3 - https:\/\/yoast.com\/product\/yoast-seo-wordpress\/ -->\n<title>Katiliukas<\/title>\n<meta name=\"description\" content=\"Katiliukas \u2013 tai kompakti\u0161kas indas maistui gaminti lauko s\u0105lygomis. Trij\u0173 dali\u0173, su ranken\u0117le pakabinimui. Lengvai plaunamas \u0161iltu vandeniu.\" \/>\n<meta name=\"robots\" content=\"index, follow, max-snippet:-1, max-image-preview:large, max-video-preview:-1\" \/>\n<link rel=\"canonical\" href=\"https:\/\/toidupakk.ee\/lt\/toode\/katiliukas\/\" \/>\n<meta property=\"og:locale\" content=\"lt_LT\" \/>\n<meta property=\"og:type\" content=\"article\" \/>\n<meta property=\"og:title\" content=\"Katiliukas\" \/>\n<meta property=\"og:description\" content=\"Katiliukas \u2013 tai kompakti\u0161kas indas maistui gaminti lauko s\u0105lygomis. Trij\u0173 dali\u0173, su ranken\u0117le pakabinimui. Lengvai plaunamas \u0161iltu vandeniu.\" \/>\n<meta property=\"og:url\" content=\"https:\/\/toidupakk.ee\/lt\/toode\/katiliukas\/\" \/>\n<meta property=\"og:site_name\" content=\"Toidupakk.ee - Tactical Foodpack toidupakid\" \/>\n<meta property=\"article:publisher\" content=\"https:\/\/www.facebook.com\/Toidupakk\" \/>\n<meta property=\"article:modified_time\" content=\"2026-04-21T09:01:18+00:00\" \/>\n<meta property=\"og:image\" content=\"https:\/\/toidupakk.ee\/wp-content\/uploads\/2023\/08\/katelok.png\" \/>\n\t<meta property=\"og:image:width\" content=\"1080\" \/>\n\t<meta property=\"og:image:height\" content=\"1080\" \/>\n\t<meta property=\"og:image:type\" content=\"image\/png\" \/>\n<meta name=\"twitter:card\" content=\"summary_large_image\" \/>\n<meta name=\"twitter:label1\" content=\"Est. reading time\" \/>\n\t<meta name=\"twitter:data1\" content=\"1 minut\u0117\" \/>\n<script type=\"application\/ld+json\" class=\"yoast-schema-graph\">{\"@context\":\"https:\\\/\\\/schema.org\",\"@graph\":[{\"@type\":\"WebPage\",\"@id\":\"https:\\\/\\\/toidupakk.ee\\\/lt\\\/toode\\\/katiliukas\\\/\",\"url\":\"https:\\\/\\\/toidupakk.ee\\\/lt\\\/toode\\\/katiliukas\\\/\",\"name\":\"Katiliukas\",\"isPartOf\":{\"@id\":\"https:\\\/\\\/toidupakk.ee\\\/lt\\\/#website\"},\"primaryImageOfPage\":{\"@id\":\"https:\\\/\\\/toidupakk.ee\\\/lt\\\/toode\\\/katiliukas\\\/#primaryimage\"},\"image\":{\"@id\":\"https:\\\/\\\/toidupakk.ee\\\/lt\\\/toode\\\/katiliukas\\\/#primaryimage\"},\"thumbnailUrl\":\"https:\\\/\\\/toidupakk.ee\\\/wp-content\\\/uploads\\\/2023\\\/08\\\/katelok.png\",\"datePublished\":\"2023-08-02T13:18:35+00:00\",\"dateModified\":\"2026-04-21T09:01:18+00:00\",\"description\":\"Katiliukas \u2013 tai kompakti\u0161kas indas maistui gaminti lauko s\u0105lygomis. Trij\u0173 dali\u0173, su ranken\u0117le pakabinimui. Lengvai plaunamas \u0161iltu vandeniu.\",\"breadcrumb\":{\"@id\":\"https:\\\/\\\/toidupakk.ee\\\/lt\\\/toode\\\/katiliukas\\\/#breadcrumb\"},\"inLanguage\":\"lt-LT\",\"potentialAction\":[{\"@type\":\"ReadAction\",\"target\":[\"https:\\\/\\\/toidupakk.ee\\\/lt\\\/toode\\\/katiliukas\\\/\"]}]},{\"@type\":\"ImageObject\",\"inLanguage\":\"lt-LT\",\"@id\":\"https:\\\/\\\/toidupakk.ee\\\/lt\\\/toode\\\/katiliukas\\\/#primaryimage\",\"url\":\"https:\\\/\\\/toidupakk.ee\\\/wp-content\\\/uploads\\\/2023\\\/08\\\/katelok.png\",\"contentUrl\":\"https:\\\/\\\/toidupakk.ee\\\/wp-content\\\/uploads\\\/2023\\\/08\\\/katelok.png\",\"width\":1080,\"height\":1080,\"caption\":\"katelok\"},{\"@type\":\"BreadcrumbList\",\"@id\":\"https:\\\/\\\/toidupakk.ee\\\/lt\\\/toode\\\/katiliukas\\\/#breadcrumb\",\"itemListElement\":[{\"@type\":\"ListItem\",\"position\":1,\"name\":\"Avaleht\",\"item\":\"https:\\\/\\\/toidupakk.ee\\\/lt\\\/\"},{\"@type\":\"ListItem\",\"position\":2,\"name\":\"El. parduotuv\u0117\",\"item\":\"https:\\\/\\\/toidupakk.ee\\\/lt\\\/el-parduotuve\\\/\"},{\"@type\":\"ListItem\",\"position\":3,\"name\":\"Katiliukas\"}]},{\"@type\":\"WebSite\",\"@id\":\"https:\\\/\\\/toidupakk.ee\\\/lt\\\/#website\",\"url\":\"https:\\\/\\\/toidupakk.ee\\\/lt\\\/\",\"name\":\"Toidupakk.ee - Tactical Foodpack toidupakid\",\"description\":\"Tactical Foodpack k\u00fclmkuivatatud toidupakid ja matkaeined\",\"publisher\":{\"@id\":\"https:\\\/\\\/toidupakk.ee\\\/lt\\\/#organization\"},\"potentialAction\":[{\"@type\":\"SearchAction\",\"target\":{\"@type\":\"EntryPoint\",\"urlTemplate\":\"https:\\\/\\\/toidupakk.ee\\\/lt\\\/?s={search_term_string}\"},\"query-input\":{\"@type\":\"PropertyValueSpecification\",\"valueRequired\":true,\"valueName\":\"search_term_string\"}}],\"inLanguage\":\"lt-LT\"},{\"@type\":\"Organization\",\"@id\":\"https:\\\/\\\/toidupakk.ee\\\/lt\\\/#organization\",\"name\":\"Tactical Foodpack matkaeined\",\"url\":\"https:\\\/\\\/toidupakk.ee\\\/lt\\\/\",\"logo\":{\"@type\":\"ImageObject\",\"inLanguage\":\"lt-LT\",\"@id\":\"https:\\\/\\\/toidupakk.ee\\\/lt\\\/#\\\/schema\\\/logo\\\/image\\\/\",\"url\":\"https:\\\/\\\/toidupakk.ee\\\/wp-content\\\/uploads\\\/2022\\\/01\\\/Toidupakk-matkapood-logo-transparent.png\",\"contentUrl\":\"https:\\\/\\\/toidupakk.ee\\\/wp-content\\\/uploads\\\/2022\\\/01\\\/Toidupakk-matkapood-logo-transparent.png\",\"width\":500,\"height\":500,\"caption\":\"Tactical Foodpack matkaeined\"},\"image\":{\"@id\":\"https:\\\/\\\/toidupakk.ee\\\/lt\\\/#\\\/schema\\\/logo\\\/image\\\/\"},\"sameAs\":[\"https:\\\/\\\/www.facebook.com\\\/Toidupakk\",\"https:\\\/\\\/www.instagram.com\\\/toidupakk\\\/\"]}]}<\/script>\n<!-- \/ Yoast SEO plugin. -->","yoast_head_json":{"title":"Katiliukas","description":"Katiliukas \u2013 tai kompakti\u0161kas indas maistui gaminti lauko s\u0105lygomis. Trij\u0173 dali\u0173, su ranken\u0117le pakabinimui. Lengvai plaunamas \u0161iltu vandeniu.","robots":{"index":"index","follow":"follow","max-snippet":"max-snippet:-1","max-image-preview":"max-image-preview:large","max-video-preview":"max-video-preview:-1"},"canonical":"https:\/\/toidupakk.ee\/lt\/toode\/katiliukas\/","og_locale":"lt_LT","og_type":"article","og_title":"Katiliukas","og_description":"Katiliukas \u2013 tai kompakti\u0161kas indas maistui gaminti lauko s\u0105lygomis. Trij\u0173 dali\u0173, su ranken\u0117le pakabinimui. Lengvai plaunamas \u0161iltu vandeniu.","og_url":"https:\/\/toidupakk.ee\/lt\/toode\/katiliukas\/","og_site_name":"Toidupakk.ee - Tactical Foodpack toidupakid","article_publisher":"https:\/\/www.facebook.com\/Toidupakk","article_modified_time":"2026-04-21T09:01:18+00:00","og_image":[{"width":1080,"height":1080,"url":"https:\/\/toidupakk.ee\/wp-content\/uploads\/2023\/08\/katelok.png","type":"image\/png"}],"twitter_card":"summary_large_image","twitter_misc":{"Est. reading time":"1 minut\u0117"},"schema":{"@context":"https:\/\/schema.org","@graph":[{"@type":"WebPage","@id":"https:\/\/toidupakk.ee\/lt\/toode\/katiliukas\/","url":"https:\/\/toidupakk.ee\/lt\/toode\/katiliukas\/","name":"Katiliukas","isPartOf":{"@id":"https:\/\/toidupakk.ee\/lt\/#website"},"primaryImageOfPage":{"@id":"https:\/\/toidupakk.ee\/lt\/toode\/katiliukas\/#primaryimage"},"image":{"@id":"https:\/\/toidupakk.ee\/lt\/toode\/katiliukas\/#primaryimage"},"thumbnailUrl":"https:\/\/toidupakk.ee\/wp-content\/uploads\/2023\/08\/katelok.png","datePublished":"2023-08-02T13:18:35+00:00","dateModified":"2026-04-21T09:01:18+00:00","description":"Katiliukas \u2013 tai kompakti\u0161kas indas maistui gaminti lauko s\u0105lygomis. Trij\u0173 dali\u0173, su ranken\u0117le pakabinimui. Lengvai plaunamas \u0161iltu vandeniu.","breadcrumb":{"@id":"https:\/\/toidupakk.ee\/lt\/toode\/katiliukas\/#breadcrumb"},"inLanguage":"lt-LT","potentialAction":[{"@type":"ReadAction","target":["https:\/\/toidupakk.ee\/lt\/toode\/katiliukas\/"]}]},{"@type":"ImageObject","inLanguage":"lt-LT","@id":"https:\/\/toidupakk.ee\/lt\/toode\/katiliukas\/#primaryimage","url":"https:\/\/toidupakk.ee\/wp-content\/uploads\/2023\/08\/katelok.png","contentUrl":"https:\/\/toidupakk.ee\/wp-content\/uploads\/2023\/08\/katelok.png","width":1080,"height":1080,"caption":"katelok"},{"@type":"BreadcrumbList","@id":"https:\/\/toidupakk.ee\/lt\/toode\/katiliukas\/#breadcrumb","itemListElement":[{"@type":"ListItem","position":1,"name":"Avaleht","item":"https:\/\/toidupakk.ee\/lt\/"},{"@type":"ListItem","position":2,"name":"El. parduotuv\u0117","item":"https:\/\/toidupakk.ee\/lt\/el-parduotuve\/"},{"@type":"ListItem","position":3,"name":"Katiliukas"}]},{"@type":"WebSite","@id":"https:\/\/toidupakk.ee\/lt\/#website","url":"https:\/\/toidupakk.ee\/lt\/","name":"Toidupakk.ee - Tactical Foodpack toidupakid","description":"Tactical Foodpack k\u00fclmkuivatatud toidupakid ja matkaeined","publisher":{"@id":"https:\/\/toidupakk.ee\/lt\/#organization"},"potentialAction":[{"@type":"SearchAction","target":{"@type":"EntryPoint","urlTemplate":"https:\/\/toidupakk.ee\/lt\/?s={search_term_string}"},"query-input":{"@type":"PropertyValueSpecification","valueRequired":true,"valueName":"search_term_string"}}],"inLanguage":"lt-LT"},{"@type":"Organization","@id":"https:\/\/toidupakk.ee\/lt\/#organization","name":"Tactical Foodpack matkaeined","url":"https:\/\/toidupakk.ee\/lt\/","logo":{"@type":"ImageObject","inLanguage":"lt-LT","@id":"https:\/\/toidupakk.ee\/lt\/#\/schema\/logo\/image\/","url":"https:\/\/toidupakk.ee\/wp-content\/uploads\/2022\/01\/Toidupakk-matkapood-logo-transparent.png","contentUrl":"https:\/\/toidupakk.ee\/wp-content\/uploads\/2022\/01\/Toidupakk-matkapood-logo-transparent.png","width":500,"height":500,"caption":"Tactical Foodpack matkaeined"},"image":{"@id":"https:\/\/toidupakk.ee\/lt\/#\/schema\/logo\/image\/"},"sameAs":["https:\/\/www.facebook.com\/Toidupakk","https:\/\/www.instagram.com\/toidupakk\/"]}]}},"jetpack_sharing_enabled":true,"_links":{"self":[{"href":"https:\/\/toidupakk.ee\/lt\/wp-json\/wp\/v2\/product\/48216","targetHints":{"allow":["GET"]}}],"collection":[{"href":"https:\/\/toidupakk.ee\/lt\/wp-json\/wp\/v2\/product"}],"about":[{"href":"https:\/\/toidupakk.ee\/lt\/wp-json\/wp\/v2\/types\/product"}],"replies":[{"embeddable":true,"href":"https:\/\/toidupakk.ee\/lt\/wp-json\/wp\/v2\/comments?post=48216"}],"wp:featuredmedia":[{"embeddable":true,"href":"https:\/\/toidupakk.ee\/lt\/wp-json\/wp\/v2\/media\/12413"}],"wp:attachment":[{"href":"https:\/\/toidupakk.ee\/lt\/wp-json\/wp\/v2\/media?parent=48216"}],"wp:term":[{"taxonomy":"product_brand","embeddable":true,"href":"https:\/\/toidupakk.ee\/lt\/wp-json\/wp\/v2\/product_brand?post=48216"},{"taxonomy":"product_cat","embeddable":true,"href":"https:\/\/toidupakk.ee\/lt\/wp-json\/wp\/v2\/product_cat?post=48216"},{"taxonomy":"product_tag","embeddable":true,"href":"https:\/\/toidupakk.ee\/lt\/wp-json\/wp\/v2\/product_tag?post=48216"}],"curies":[{"name":"wp","href":"https:\/\/api.w.org\/{rel}","templated":true}]}}