{"id":48207,"date":"2023-07-27T13:38:23","date_gmt":"2023-07-27T10:38:23","guid":{"rendered":"https:\/\/toidupakk.ee\/toode\/maskuojamieji-veido-dazai-su-veidrodeliu\/"},"modified":"2026-04-04T00:00:36","modified_gmt":"2026-04-03T21:00:36","slug":"maskuojamieji-veido-dazai-su-veidrodeliu","status":"publish","type":"product","link":"https:\/\/toidupakk.ee\/lt\/toode\/maskuojamieji-veido-dazai-su-veidrodeliu\/","title":{"rendered":"Maskuojamieji veido da\u017eai su veidrod\u0117liu"},"content":{"rendered":"<h1>Maskuojamieji veido da\u017eai su veidrod\u0117liu \u2013 kada naudoti?<\/h1>\n<p>Maskuojamieji veido da\u017eai su veidrod\u0117liu ypa\u010d naudingi \u017eygiuose, pratybose, \u017eaid\u017eiant airsoft\u0105, da\u017easvyd\u012f ar u\u017esiimant pana\u0161ia veikla. Da\u017eai padeda susilieti su aplinka, u\u017etikrina puik\u0173 maskavim\u0105si ir galimyb\u0119 likti nepasteb\u0117tam. <\/p>\n<p>Veido da\u017e\u0173 naudojimas turi kelet\u0105 privalum\u0173. Pirma, juos paprasta naudoti. Gali eksperimentuoti su skirtingomis spalvomis bei ra\u0161tais ir susikurti unikali\u0105 i\u0161vaizd\u0105. Nesvarbu, ar tai paprastas br\u016bk\u0161nys, ar sud\u0117tingas ra\u0161tas, tai pad\u0117s tau susilieti su gamta ir tapti ma\u017eiau matomam.   <\/p>\n<p>Maskuojamieji veido da\u017eai su veidrod\u0117liu \u2013 tai prakti\u0161kas ir universalus gaminys, skirtas veido maskuotei \u012fvairiose situacijose. \u0160\u012f rinkin\u012f sudaro kelios skirtingos spalvos, leid\u017eian\u010dios pritaikyti savo i\u0161vaizd\u0105 pagal aplink\u0105 ir poreikius. <\/p>\n<p>Prie gaminio prid\u0117tas patogus veidrod\u0117lis, tod\u0117l juo naudotis itin paprasta, lengviau i\u0161gauti tikslias detales ir kurti formas.<\/p>\n<p><img fetchpriority=\"high\" decoding=\"async\" class=\"size-medium wp-image-12112 alignright\" src=\"https:\/\/toidupakk.ee\/wp-content\/uploads\/2023\/07\/97-300x300.png\" alt=\"Maskuojamieji veido da\u017eai su veidrod\u0117liu\" width=\"300\" height=\"300\" srcset=\"https:\/\/toidupakk.ee\/wp-content\/uploads\/2023\/07\/97-300x300.png 300w, https:\/\/toidupakk.ee\/wp-content\/uploads\/2023\/07\/97-400x400.png 400w, https:\/\/toidupakk.ee\/wp-content\/uploads\/2023\/07\/97-100x100.png 100w, https:\/\/toidupakk.ee\/wp-content\/uploads\/2023\/07\/97-800x800.png 800w, https:\/\/toidupakk.ee\/wp-content\/uploads\/2023\/07\/97-1024x1024.png 1024w, https:\/\/toidupakk.ee\/wp-content\/uploads\/2023\/07\/97-500x500.png 500w, https:\/\/toidupakk.ee\/wp-content\/uploads\/2023\/07\/97-768x768.png 768w, https:\/\/toidupakk.ee\/wp-content\/uploads\/2023\/07\/97.png 1080w\" sizes=\"(max-width: 300px) 100vw, 300px\" \/><\/p>\n<p>Maskuojamieji veido da\u017eai su veidrod\u0117liu yra kompakti\u0161ki ir lengvi, tod\u0117l juos patogu ne\u0161iotis \u2013 tai idealus tavo \u012frangos papildymas bet kokiam nuotykiui ar i\u0161\u0161\u016bkiui. Naudodamas \u0161\u012f gamin\u012f gali sukurti profesionalius maskuot\u0117s ra\u0161tus, kurie pad\u0117s likti nepasteb\u0117tam ir pasiruo\u0161usiam viskam. Gaminys pasi\u017eymi nauja sud\u0117timi, kuri ilgiau i\u0161lieka ant veido ir nedirgina odos.  <\/p>\n<p><strong>Naudojimo instrukcija<\/strong><\/p>\n<p>Atidaryk d\u0117\u017eut\u0119.<br \/>\nPir\u0161tu tepk da\u017eus ant veido, drabu\u017ei\u0173 ar \u012frangos.<br \/>\nTrink arba mai\u0161yk spalvas, kad pasiektum norim\u0105 maskuot\u0117s efekt\u0105.<br \/>\nPo naudojimo sandariai u\u017edaryk d\u0117\u017eut\u0119.<br \/>\n\u0160ie veido da\u017eai yra patikimas pasirinkimas \u017eygiams, med\u017eioklei ar kitiems renginiams.<\/p>\n<p>Ideali maskuot\u0117, pad\u0117sianti nepastebimai susilieti su gamta!<\/p>\n<p>Pasisemk \u012fkv\u0117pimo kitiems nuotykiams Toidupakk <a href=\"https:\/\/www.instagram.com\/toidupakk\/\">Instagram<\/a> ir <a href=\"https:\/\/www.facebook.com\/Toidupakk\/\">Facebook<\/a> paskyrose.<\/p>\n<p>Daugiau \u017eygio preki\u0173 rasi <a href=\"https:\/\/toidupakk.ee\/lt\/tootekategooria\/zygio-iranga\/#section-3-79\">\u010cIA<\/a>.<\/p>\n","protected":false},"excerpt":{"rendered":"<ul>\n<li>\u201eMaskuojamieji veido da\u017eai su veidrod\u0117liu\u201c yra kompakti\u0161ki 3 spalv\u0173 maskuojamieji da\u017eai.<\/li>\n<li>Jie supakuoti \u012f patvari\u0105 ABS plastiko d\u0117\u017eut\u0119, kurios dangtelyje integruotas akrilinis veidrod\u0117lis.<\/li>\n<li>Kompakti\u0161ko dyd\u017eio, matmenys: 8 x 7 x 1,5 cm.<\/li>\n<li>Patvirtinta NATO, atitinka standart\u0105 NSN-6859-99-978-5980.<\/li>\n<\/ul>\n<p>Svoris: 50 g.<\/p>\n<p>Kilm\u0117s \u0161alis: Nyderlandai<\/p>\n<p>\u2705 Turime sand\u0117lyje, greitas pristatymas per 1\u20133 darbo dienas<\/p>\n","protected":false},"featured_media":12112,"comment_status":"open","ping_status":"closed","template":"","meta":{"_acf_changed":false},"product_brand":[],"product_cat":[285,189,190],"product_tag":[194],"class_list":{"0":"post-48207","1":"product","2":"type-product","3":"status-publish","4":"has-post-thumbnail","6":"product_cat-camouflage-veido-dazai","7":"product_cat-zygio-iranga","8":"product_cat-zygio-prekes","9":"product_tag-no_ads","11":"first","12":"instock","13":"taxable","14":"shipping-taxable","15":"purchasable","16":"product-type-simple"},"bundled_by":[],"bundle_stock_status":"instock","bundle_stock_quantity":6,"bundle_virtual":false,"bundle_layout":"","bundle_add_to_cart_form_location":"","bundle_editable_in_cart":false,"bundle_sold_individually_context":"","bundle_item_grouping":"","bundle_min_size":"","bundle_max_size":"","bundle_price":[],"bundled_items":[],"bundle_sell_ids":[],"acf":[],"yoast_head":"<!-- This site is optimized with the Yoast SEO plugin v27.1.1 - https:\/\/yoast.com\/product\/yoast-seo-wordpress\/ -->\n<title>Maskuojamieji veido da\u017eai su veidrod\u0117liu -<\/title>\n<meta name=\"description\" content=\"\u201eMaskuojamieji veido da\u017eai su veidrod\u0117liu\u201c \u2013 tai prakti\u0161kas ir universalus gaminys, skirtas veido maskuotei \u012fvairiose situacijose.\" \/>\n<meta name=\"robots\" content=\"index, follow, max-snippet:-1, max-image-preview:large, max-video-preview:-1\" \/>\n<link rel=\"canonical\" href=\"https:\/\/toidupakk.ee\/lt\/toode\/maskuojamieji-veido-dazai-su-veidrodeliu\/\" \/>\n<meta property=\"og:locale\" content=\"lt_LT\" \/>\n<meta property=\"og:type\" content=\"article\" \/>\n<meta property=\"og:title\" content=\"Maskuojamieji veido da\u017eai su veidrod\u0117liu -\" \/>\n<meta property=\"og:description\" content=\"\u201eMaskuojamieji veido da\u017eai su veidrod\u0117liu\u201c \u2013 tai prakti\u0161kas ir universalus gaminys, skirtas veido maskuotei \u012fvairiose situacijose.\" \/>\n<meta property=\"og:url\" content=\"https:\/\/toidupakk.ee\/lt\/toode\/maskuojamieji-veido-dazai-su-veidrodeliu\/\" \/>\n<meta property=\"og:site_name\" content=\"Toidupakk.ee - Tactical Foodpack toidupakid\" \/>\n<meta property=\"article:publisher\" content=\"https:\/\/www.facebook.com\/Toidupakk\" \/>\n<meta property=\"article:modified_time\" content=\"2026-04-03T21:00:36+00:00\" \/>\n<meta property=\"og:image\" content=\"https:\/\/toidupakk.ee\/wp-content\/uploads\/2023\/07\/97.png\" \/>\n\t<meta property=\"og:image:width\" content=\"1080\" \/>\n\t<meta property=\"og:image:height\" content=\"1080\" \/>\n\t<meta property=\"og:image:type\" content=\"image\/png\" \/>\n<meta name=\"twitter:card\" content=\"summary_large_image\" \/>\n<meta name=\"twitter:label1\" content=\"Est. reading time\" \/>\n\t<meta name=\"twitter:data1\" content=\"1 minut\u0117\" \/>\n<script type=\"application\/ld+json\" class=\"yoast-schema-graph\">{\"@context\":\"https:\/\/schema.org\",\"@graph\":[{\"@type\":\"WebPage\",\"@id\":\"https:\/\/toidupakk.ee\/lt\/toode\/maskuojamieji-veido-dazai-su-veidrodeliu\/\",\"url\":\"https:\/\/toidupakk.ee\/lt\/toode\/maskuojamieji-veido-dazai-su-veidrodeliu\/\",\"name\":\"Maskuojamieji veido da\u017eai su veidrod\u0117liu -\",\"isPartOf\":{\"@id\":\"https:\/\/toidupakk.ee\/lt\/#website\"},\"primaryImageOfPage\":{\"@id\":\"https:\/\/toidupakk.ee\/lt\/toode\/maskuojamieji-veido-dazai-su-veidrodeliu\/#primaryimage\"},\"image\":{\"@id\":\"https:\/\/toidupakk.ee\/lt\/toode\/maskuojamieji-veido-dazai-su-veidrodeliu\/#primaryimage\"},\"thumbnailUrl\":\"https:\/\/toidupakk.ee\/wp-content\/uploads\/2023\/07\/97.png\",\"datePublished\":\"2023-07-27T10:38:23+00:00\",\"dateModified\":\"2026-04-03T21:00:36+00:00\",\"description\":\"\u201eMaskuojamieji veido da\u017eai su veidrod\u0117liu\u201c \u2013 tai prakti\u0161kas ir universalus gaminys, skirtas veido maskuotei \u012fvairiose situacijose.\",\"breadcrumb\":{\"@id\":\"https:\/\/toidupakk.ee\/lt\/toode\/maskuojamieji-veido-dazai-su-veidrodeliu\/#breadcrumb\"},\"inLanguage\":\"lt-LT\",\"potentialAction\":[{\"@type\":\"ReadAction\",\"target\":[\"https:\/\/toidupakk.ee\/lt\/toode\/maskuojamieji-veido-dazai-su-veidrodeliu\/\"]}]},{\"@type\":\"ImageObject\",\"inLanguage\":\"lt-LT\",\"@id\":\"https:\/\/toidupakk.ee\/lt\/toode\/maskuojamieji-veido-dazai-su-veidrodeliu\/#primaryimage\",\"url\":\"https:\/\/toidupakk.ee\/wp-content\/uploads\/2023\/07\/97.png\",\"contentUrl\":\"https:\/\/toidupakk.ee\/wp-content\/uploads\/2023\/07\/97.png\",\"width\":1080,\"height\":1080,\"caption\":\"N\u00e4ov\u00e4rvid Camouflage peegliga\"},{\"@type\":\"BreadcrumbList\",\"@id\":\"https:\/\/toidupakk.ee\/lt\/toode\/maskuojamieji-veido-dazai-su-veidrodeliu\/#breadcrumb\",\"itemListElement\":[{\"@type\":\"ListItem\",\"position\":1,\"name\":\"Avaleht\",\"item\":\"https:\/\/toidupakk.ee\/lt\/\"},{\"@type\":\"ListItem\",\"position\":2,\"name\":\"El. parduotuv\u0117\",\"item\":\"https:\/\/toidupakk.ee\/lt\/el-parduotuve\/\"},{\"@type\":\"ListItem\",\"position\":3,\"name\":\"Maskuojamieji veido da\u017eai su veidrod\u0117liu\"}]},{\"@type\":\"WebSite\",\"@id\":\"https:\/\/toidupakk.ee\/lt\/#website\",\"url\":\"https:\/\/toidupakk.ee\/lt\/\",\"name\":\"Toidupakk.ee - Tactical Foodpack toidupakid\",\"description\":\"Tactical Foodpack k\u00fclmkuivatatud toidupakid ja matkaeined\",\"publisher\":{\"@id\":\"https:\/\/toidupakk.ee\/lt\/#organization\"},\"potentialAction\":[{\"@type\":\"SearchAction\",\"target\":{\"@type\":\"EntryPoint\",\"urlTemplate\":\"https:\/\/toidupakk.ee\/lt\/?s={search_term_string}\"},\"query-input\":{\"@type\":\"PropertyValueSpecification\",\"valueRequired\":true,\"valueName\":\"search_term_string\"}}],\"inLanguage\":\"lt-LT\"},{\"@type\":\"Organization\",\"@id\":\"https:\/\/toidupakk.ee\/lt\/#organization\",\"name\":\"Tactical Foodpack matkaeined\",\"url\":\"https:\/\/toidupakk.ee\/lt\/\",\"logo\":{\"@type\":\"ImageObject\",\"inLanguage\":\"lt-LT\",\"@id\":\"https:\/\/toidupakk.ee\/lt\/#\/schema\/logo\/image\/\",\"url\":\"https:\/\/toidupakk.ee\/wp-content\/uploads\/2022\/01\/Toidupakk-matkapood-logo-transparent.png\",\"contentUrl\":\"https:\/\/toidupakk.ee\/wp-content\/uploads\/2022\/01\/Toidupakk-matkapood-logo-transparent.png\",\"width\":500,\"height\":500,\"caption\":\"Tactical Foodpack matkaeined\"},\"image\":{\"@id\":\"https:\/\/toidupakk.ee\/lt\/#\/schema\/logo\/image\/\"},\"sameAs\":[\"https:\/\/www.facebook.com\/Toidupakk\",\"https:\/\/www.instagram.com\/toidupakk\/\"]}]}<\/script>\n<!-- \/ Yoast SEO plugin. -->","yoast_head_json":{"title":"Maskuojamieji veido da\u017eai su veidrod\u0117liu -","description":"\u201eMaskuojamieji veido da\u017eai su veidrod\u0117liu\u201c \u2013 tai prakti\u0161kas ir universalus gaminys, skirtas veido maskuotei \u012fvairiose situacijose.","robots":{"index":"index","follow":"follow","max-snippet":"max-snippet:-1","max-image-preview":"max-image-preview:large","max-video-preview":"max-video-preview:-1"},"canonical":"https:\/\/toidupakk.ee\/lt\/toode\/maskuojamieji-veido-dazai-su-veidrodeliu\/","og_locale":"lt_LT","og_type":"article","og_title":"Maskuojamieji veido da\u017eai su veidrod\u0117liu -","og_description":"\u201eMaskuojamieji veido da\u017eai su veidrod\u0117liu\u201c \u2013 tai prakti\u0161kas ir universalus gaminys, skirtas veido maskuotei \u012fvairiose situacijose.","og_url":"https:\/\/toidupakk.ee\/lt\/toode\/maskuojamieji-veido-dazai-su-veidrodeliu\/","og_site_name":"Toidupakk.ee - Tactical Foodpack toidupakid","article_publisher":"https:\/\/www.facebook.com\/Toidupakk","article_modified_time":"2026-04-03T21:00:36+00:00","og_image":[{"width":1080,"height":1080,"url":"https:\/\/toidupakk.ee\/wp-content\/uploads\/2023\/07\/97.png","type":"image\/png"}],"twitter_card":"summary_large_image","twitter_misc":{"Est. reading time":"1 minut\u0117"},"schema":{"@context":"https:\/\/schema.org","@graph":[{"@type":"WebPage","@id":"https:\/\/toidupakk.ee\/lt\/toode\/maskuojamieji-veido-dazai-su-veidrodeliu\/","url":"https:\/\/toidupakk.ee\/lt\/toode\/maskuojamieji-veido-dazai-su-veidrodeliu\/","name":"Maskuojamieji veido da\u017eai su veidrod\u0117liu -","isPartOf":{"@id":"https:\/\/toidupakk.ee\/lt\/#website"},"primaryImageOfPage":{"@id":"https:\/\/toidupakk.ee\/lt\/toode\/maskuojamieji-veido-dazai-su-veidrodeliu\/#primaryimage"},"image":{"@id":"https:\/\/toidupakk.ee\/lt\/toode\/maskuojamieji-veido-dazai-su-veidrodeliu\/#primaryimage"},"thumbnailUrl":"https:\/\/toidupakk.ee\/wp-content\/uploads\/2023\/07\/97.png","datePublished":"2023-07-27T10:38:23+00:00","dateModified":"2026-04-03T21:00:36+00:00","description":"\u201eMaskuojamieji veido da\u017eai su veidrod\u0117liu\u201c \u2013 tai prakti\u0161kas ir universalus gaminys, skirtas veido maskuotei \u012fvairiose situacijose.","breadcrumb":{"@id":"https:\/\/toidupakk.ee\/lt\/toode\/maskuojamieji-veido-dazai-su-veidrodeliu\/#breadcrumb"},"inLanguage":"lt-LT","potentialAction":[{"@type":"ReadAction","target":["https:\/\/toidupakk.ee\/lt\/toode\/maskuojamieji-veido-dazai-su-veidrodeliu\/"]}]},{"@type":"ImageObject","inLanguage":"lt-LT","@id":"https:\/\/toidupakk.ee\/lt\/toode\/maskuojamieji-veido-dazai-su-veidrodeliu\/#primaryimage","url":"https:\/\/toidupakk.ee\/wp-content\/uploads\/2023\/07\/97.png","contentUrl":"https:\/\/toidupakk.ee\/wp-content\/uploads\/2023\/07\/97.png","width":1080,"height":1080,"caption":"N\u00e4ov\u00e4rvid Camouflage peegliga"},{"@type":"BreadcrumbList","@id":"https:\/\/toidupakk.ee\/lt\/toode\/maskuojamieji-veido-dazai-su-veidrodeliu\/#breadcrumb","itemListElement":[{"@type":"ListItem","position":1,"name":"Avaleht","item":"https:\/\/toidupakk.ee\/lt\/"},{"@type":"ListItem","position":2,"name":"El. parduotuv\u0117","item":"https:\/\/toidupakk.ee\/lt\/el-parduotuve\/"},{"@type":"ListItem","position":3,"name":"Maskuojamieji veido da\u017eai su veidrod\u0117liu"}]},{"@type":"WebSite","@id":"https:\/\/toidupakk.ee\/lt\/#website","url":"https:\/\/toidupakk.ee\/lt\/","name":"Toidupakk.ee - Tactical Foodpack toidupakid","description":"Tactical Foodpack k\u00fclmkuivatatud toidupakid ja matkaeined","publisher":{"@id":"https:\/\/toidupakk.ee\/lt\/#organization"},"potentialAction":[{"@type":"SearchAction","target":{"@type":"EntryPoint","urlTemplate":"https:\/\/toidupakk.ee\/lt\/?s={search_term_string}"},"query-input":{"@type":"PropertyValueSpecification","valueRequired":true,"valueName":"search_term_string"}}],"inLanguage":"lt-LT"},{"@type":"Organization","@id":"https:\/\/toidupakk.ee\/lt\/#organization","name":"Tactical Foodpack matkaeined","url":"https:\/\/toidupakk.ee\/lt\/","logo":{"@type":"ImageObject","inLanguage":"lt-LT","@id":"https:\/\/toidupakk.ee\/lt\/#\/schema\/logo\/image\/","url":"https:\/\/toidupakk.ee\/wp-content\/uploads\/2022\/01\/Toidupakk-matkapood-logo-transparent.png","contentUrl":"https:\/\/toidupakk.ee\/wp-content\/uploads\/2022\/01\/Toidupakk-matkapood-logo-transparent.png","width":500,"height":500,"caption":"Tactical Foodpack matkaeined"},"image":{"@id":"https:\/\/toidupakk.ee\/lt\/#\/schema\/logo\/image\/"},"sameAs":["https:\/\/www.facebook.com\/Toidupakk","https:\/\/www.instagram.com\/toidupakk\/"]}]}},"jetpack_sharing_enabled":true,"_links":{"self":[{"href":"https:\/\/toidupakk.ee\/lt\/wp-json\/wp\/v2\/product\/48207","targetHints":{"allow":["GET"]}}],"collection":[{"href":"https:\/\/toidupakk.ee\/lt\/wp-json\/wp\/v2\/product"}],"about":[{"href":"https:\/\/toidupakk.ee\/lt\/wp-json\/wp\/v2\/types\/product"}],"replies":[{"embeddable":true,"href":"https:\/\/toidupakk.ee\/lt\/wp-json\/wp\/v2\/comments?post=48207"}],"wp:featuredmedia":[{"embeddable":true,"href":"https:\/\/toidupakk.ee\/lt\/wp-json\/wp\/v2\/media\/12112"}],"wp:attachment":[{"href":"https:\/\/toidupakk.ee\/lt\/wp-json\/wp\/v2\/media?parent=48207"}],"wp:term":[{"taxonomy":"product_brand","embeddable":true,"href":"https:\/\/toidupakk.ee\/lt\/wp-json\/wp\/v2\/product_brand?post=48207"},{"taxonomy":"product_cat","embeddable":true,"href":"https:\/\/toidupakk.ee\/lt\/wp-json\/wp\/v2\/product_cat?post=48207"},{"taxonomy":"product_tag","embeddable":true,"href":"https:\/\/toidupakk.ee\/lt\/wp-json\/wp\/v2\/product_tag?post=48207"}],"curies":[{"name":"wp","href":"https:\/\/api.w.org\/{rel}","templated":true}]}}