{"id":48193,"date":"2023-07-24T16:05:24","date_gmt":"2023-07-24T13:05:24","guid":{"rendered":"https:\/\/toidupakk.ee\/toode\/maskuojamieji-veido-dazai-piestukas\/"},"modified":"2026-04-04T00:01:32","modified_gmt":"2026-04-03T21:01:32","slug":"maskuojamieji-veido-dazai-piestukas","status":"publish","type":"product","link":"https:\/\/toidupakk.ee\/lt\/toode\/maskuojamieji-veido-dazai-piestukas\/","title":{"rendered":"Maskuojamieji veido da\u017eai (pie\u0161tukas)"},"content":{"rendered":"<h1>Maskuojamieji veido da\u017eai \u2013 kada naudoti?<\/h1>\n<p>\u201eCamouflage\u201c veido da\u017e\u0173 pie\u0161tuk\u0105 geriausia naudoti \u017eaid\u017eiant da\u017easvyd\u012f, \u0161auli\u0173 ar kariuomen\u0117s pratybose arba net kostium\u0173 vakar\u0117liuose \ud83e\udd23<\/p>\n<p>Tapk nematomu su veido da\u017eais!<\/p>\n<p>Pla\u010diau apie veido da\u017e\u0173 naudojim\u0105.<\/p>\n<p>Pirma, veido da\u017eus naudoti paprasta. Gali eksperimentuoti su skirtingomis spalvomis ir ra\u0161tais, susikurdamas unikali\u0105 i\u0161vaizd\u0105. Nesvarbu, ar tai paprastas br\u016bk\u0161nys, ar sud\u0117tingas ra\u0161tas, tai pad\u0117s tau harmoningai susilieti su gamta ir tapti ma\u017eiau pastebimam.  <\/p>\n<p>Antra, veido da\u017eai yra lengvi ir patog\u016bs. Jie nelimpa ir nevar\u017eo judesi\u0173, tod\u0117l gali laisvai t\u0119sti savo veikl\u0105. Nesvarbu, ar \u017eaidi da\u017easvyd\u012f, b\u0117gi kli\u016b\u010di\u0173 ruo\u017eu, ar \u0161oki gimtadienio vakar\u0117lyje, veido da\u017eai yra patikimas palydovas, padedantis likti gamtos \u0161e\u0161\u0117lyje.  <\/p>\n<p><img fetchpriority=\"high\" decoding=\"async\" class=\"alignnone size-medium wp-image-12115\" src=\"https:\/\/toidupakk.ee\/wp-content\/uploads\/2023\/07\/96-300x300.png\" alt=\"Maskuojamieji veido da\u017eai (pie\u0161tukas)\" width=\"300\" height=\"300\" srcset=\"https:\/\/toidupakk.ee\/wp-content\/uploads\/2023\/07\/96-300x300.png 300w, https:\/\/toidupakk.ee\/wp-content\/uploads\/2023\/07\/96-400x400.png 400w, https:\/\/toidupakk.ee\/wp-content\/uploads\/2023\/07\/96-100x100.png 100w, https:\/\/toidupakk.ee\/wp-content\/uploads\/2023\/07\/96-800x800.png 800w, https:\/\/toidupakk.ee\/wp-content\/uploads\/2023\/07\/96-1024x1024.png 1024w, https:\/\/toidupakk.ee\/wp-content\/uploads\/2023\/07\/96-500x500.png 500w, https:\/\/toidupakk.ee\/wp-content\/uploads\/2023\/07\/96-768x768.png 768w, https:\/\/toidupakk.ee\/wp-content\/uploads\/2023\/07\/96.png 1080w\" sizes=\"(max-width: 300px) 100vw, 300px\" \/><\/p>\n<p>\u201eCamouflage\u201c veido da\u017e\u0173 pie\u0161tukas yra draugi\u0161kas aplinkai. Jis pagamintas i\u0161 netoksi\u0161k\u0173 ingredient\u0173 ir lengvai nuplaunamas vandeniu.<br \/>\nTai rei\u0161kia, kad tavo oda yra apsaugota, o poveikis aplinkai \u2013 minimalus. <\/p>\n<p>\u201eCamouflage\u201c veido da\u017e\u0173 pie\u0161tukas yra prakti\u0161kas ir universalus gaminys, skirtas veido maskavimui \u012fvairiose situacijose. \u0160\u012f rinkin\u012f sudaro kelios spalvos, leid\u017eian\u010dios pritaikyti i\u0161vaizd\u0105 pagal aplink\u0105 ir poreikius. <\/p>\n<p><strong>Naudojimo instrukcija<\/strong><br \/>\nNuimk dangtel\u012f.<br \/>\nPie\u0161tuku tepk da\u017eus ant veido, drabu\u017ei\u0173 ar \u012frangos.<br \/>\nI\u0161sklaidyk arba sumai\u0161yk spalvas, kad pasiektum norim\u0105 maskavimo efekt\u0105.<br \/>\nPo naudojimo tvirtai u\u017ed\u0117k dangtel\u012f.<br \/>\n\u201eCamouflage\u201c veido da\u017e\u0173 pie\u0161tukas yra patikimas pasirinkimas \u017eygiams, med\u017eioklei ar kitiems renginiams.<\/p>\n<p>Idealus maskuojamasis pie\u0161tukas, pad\u0117siantis tau nepastebimai susilieti su gamta!<\/p>\n<p>Pasisemk \u012fkv\u0117pimo kitiems nuotykiams Toidupakk <a href=\"https:\/\/www.instagram.com\/toidupakk\/\">Instagram<\/a> ir <a href=\"https:\/\/www.facebook.com\/Toidupakk\/\">Facebook<\/a> paskyrose.<\/p>\n<p>\u017dygio reikmenis ap\u017ei\u016br\u0117k <a href=\"https:\/\/toidupakk.ee\/lt\/tootekategooria\/zygio-iranga\/#section-3-79\">\u010cIA<\/a>.<\/p>\n<p>&nbsp;<\/p>\n","protected":false},"excerpt":{"rendered":"<ul>\n<li>\u201eCamouflage\u201c veido da\u017e\u0173 pie\u0161tukas yra idealus pasirinkimas, jei nori pasiekti tobul\u0105 maskuot\u0119 ir susilieti su aplinka.<\/li>\n<li>Patogus ir efektyvus b\u016bdas pasl\u0117pti save ir savo \u012frang\u0105.<\/li>\n<li>Dvi spalvos \u2013 juoda ir \u017ealia<\/li>\n<li>Kompakti\u0161kas ir lengvas<\/li>\n<li>Svoris: 30 g<\/li>\n<\/ul>\n<p>Kilm\u0117s \u0161alis: Vokietija<\/p>\n<p>\u2705 Turime sand\u0117lyje, greitas pristatymas per 1\u20133 darbo dienas<\/p>\n","protected":false},"featured_media":12115,"comment_status":"open","ping_status":"closed","template":"","meta":{"_acf_changed":false},"product_brand":[],"product_cat":[285,189,190],"product_tag":[194],"class_list":{"0":"post-48193","1":"product","2":"type-product","3":"status-publish","4":"has-post-thumbnail","6":"product_cat-camouflage-veido-dazai","7":"product_cat-zygio-iranga","8":"product_cat-zygio-prekes","9":"product_tag-no_ads","11":"first","12":"instock","13":"taxable","14":"shipping-taxable","15":"purchasable","16":"product-type-simple"},"bundled_by":[],"bundle_stock_status":"instock","bundle_stock_quantity":6,"bundle_virtual":false,"bundle_layout":"","bundle_add_to_cart_form_location":"","bundle_editable_in_cart":false,"bundle_sold_individually_context":"","bundle_item_grouping":"","bundle_min_size":"","bundle_max_size":"","bundle_price":[],"bundled_items":[],"bundle_sell_ids":[],"acf":[],"yoast_head":"<!-- This site is optimized with the Yoast SEO plugin v27.1.1 - https:\/\/yoast.com\/product\/yoast-seo-wordpress\/ -->\n<title>Maskuojamieji veido da\u017eai (pie\u0161tukas)<\/title>\n<meta name=\"description\" content=\"\u201eCamouflage\u201c veido da\u017e\u0173 pie\u0161tukas yra dviej\u0173 spalv\u0173 priemon\u0117 veidui ir k\u016bnui maskuoti, padedanti tapti nematomam vietov\u0117je ir susilieti su gamta.\" \/>\n<meta name=\"robots\" content=\"index, follow, max-snippet:-1, max-image-preview:large, max-video-preview:-1\" \/>\n<link rel=\"canonical\" href=\"https:\/\/toidupakk.ee\/lt\/toode\/maskuojamieji-veido-dazai-piestukas\/\" \/>\n<meta property=\"og:locale\" content=\"lt_LT\" \/>\n<meta property=\"og:type\" content=\"article\" \/>\n<meta property=\"og:title\" content=\"Maskuojamieji veido da\u017eai (pie\u0161tukas)\" \/>\n<meta property=\"og:description\" content=\"\u201eCamouflage\u201c veido da\u017e\u0173 pie\u0161tukas yra dviej\u0173 spalv\u0173 priemon\u0117 veidui ir k\u016bnui maskuoti, padedanti tapti nematomam vietov\u0117je ir susilieti su gamta.\" \/>\n<meta property=\"og:url\" content=\"https:\/\/toidupakk.ee\/lt\/toode\/maskuojamieji-veido-dazai-piestukas\/\" \/>\n<meta property=\"og:site_name\" content=\"Toidupakk.ee - Tactical Foodpack toidupakid\" \/>\n<meta property=\"article:publisher\" content=\"https:\/\/www.facebook.com\/Toidupakk\" \/>\n<meta property=\"article:modified_time\" content=\"2026-04-03T21:01:32+00:00\" \/>\n<meta property=\"og:image\" content=\"https:\/\/toidupakk.ee\/wp-content\/uploads\/2023\/07\/96.png\" \/>\n\t<meta property=\"og:image:width\" content=\"1080\" \/>\n\t<meta property=\"og:image:height\" content=\"1080\" \/>\n\t<meta property=\"og:image:type\" content=\"image\/png\" \/>\n<meta name=\"twitter:card\" content=\"summary_large_image\" \/>\n<meta name=\"twitter:label1\" content=\"Est. reading time\" \/>\n\t<meta name=\"twitter:data1\" content=\"1 minut\u0117\" \/>\n<script type=\"application\/ld+json\" class=\"yoast-schema-graph\">{\"@context\":\"https:\/\/schema.org\",\"@graph\":[{\"@type\":\"WebPage\",\"@id\":\"https:\/\/toidupakk.ee\/lt\/toode\/maskuojamieji-veido-dazai-piestukas\/\",\"url\":\"https:\/\/toidupakk.ee\/lt\/toode\/maskuojamieji-veido-dazai-piestukas\/\",\"name\":\"Maskuojamieji veido da\u017eai (pie\u0161tukas)\",\"isPartOf\":{\"@id\":\"https:\/\/toidupakk.ee\/lt\/#website\"},\"primaryImageOfPage\":{\"@id\":\"https:\/\/toidupakk.ee\/lt\/toode\/maskuojamieji-veido-dazai-piestukas\/#primaryimage\"},\"image\":{\"@id\":\"https:\/\/toidupakk.ee\/lt\/toode\/maskuojamieji-veido-dazai-piestukas\/#primaryimage\"},\"thumbnailUrl\":\"https:\/\/toidupakk.ee\/wp-content\/uploads\/2023\/07\/96.png\",\"datePublished\":\"2023-07-24T13:05:24+00:00\",\"dateModified\":\"2026-04-03T21:01:32+00:00\",\"description\":\"\u201eCamouflage\u201c veido da\u017e\u0173 pie\u0161tukas yra dviej\u0173 spalv\u0173 priemon\u0117 veidui ir k\u016bnui maskuoti, padedanti tapti nematomam vietov\u0117je ir susilieti su gamta.\",\"breadcrumb\":{\"@id\":\"https:\/\/toidupakk.ee\/lt\/toode\/maskuojamieji-veido-dazai-piestukas\/#breadcrumb\"},\"inLanguage\":\"lt-LT\",\"potentialAction\":[{\"@type\":\"ReadAction\",\"target\":[\"https:\/\/toidupakk.ee\/lt\/toode\/maskuojamieji-veido-dazai-piestukas\/\"]}]},{\"@type\":\"ImageObject\",\"inLanguage\":\"lt-LT\",\"@id\":\"https:\/\/toidupakk.ee\/lt\/toode\/maskuojamieji-veido-dazai-piestukas\/#primaryimage\",\"url\":\"https:\/\/toidupakk.ee\/wp-content\/uploads\/2023\/07\/96.png\",\"contentUrl\":\"https:\/\/toidupakk.ee\/wp-content\/uploads\/2023\/07\/96.png\",\"width\":1080,\"height\":1080,\"caption\":\"N\u00e4ov\u00e4rvid Camouflage pulk\"},{\"@type\":\"BreadcrumbList\",\"@id\":\"https:\/\/toidupakk.ee\/lt\/toode\/maskuojamieji-veido-dazai-piestukas\/#breadcrumb\",\"itemListElement\":[{\"@type\":\"ListItem\",\"position\":1,\"name\":\"Avaleht\",\"item\":\"https:\/\/toidupakk.ee\/lt\/\"},{\"@type\":\"ListItem\",\"position\":2,\"name\":\"El. parduotuv\u0117\",\"item\":\"https:\/\/toidupakk.ee\/lt\/el-parduotuve\/\"},{\"@type\":\"ListItem\",\"position\":3,\"name\":\"Maskuojamieji veido da\u017eai (pie\u0161tukas)\"}]},{\"@type\":\"WebSite\",\"@id\":\"https:\/\/toidupakk.ee\/lt\/#website\",\"url\":\"https:\/\/toidupakk.ee\/lt\/\",\"name\":\"Toidupakk.ee - Tactical Foodpack toidupakid\",\"description\":\"Tactical Foodpack k\u00fclmkuivatatud toidupakid ja matkaeined\",\"publisher\":{\"@id\":\"https:\/\/toidupakk.ee\/lt\/#organization\"},\"potentialAction\":[{\"@type\":\"SearchAction\",\"target\":{\"@type\":\"EntryPoint\",\"urlTemplate\":\"https:\/\/toidupakk.ee\/lt\/?s={search_term_string}\"},\"query-input\":{\"@type\":\"PropertyValueSpecification\",\"valueRequired\":true,\"valueName\":\"search_term_string\"}}],\"inLanguage\":\"lt-LT\"},{\"@type\":\"Organization\",\"@id\":\"https:\/\/toidupakk.ee\/lt\/#organization\",\"name\":\"Tactical Foodpack matkaeined\",\"url\":\"https:\/\/toidupakk.ee\/lt\/\",\"logo\":{\"@type\":\"ImageObject\",\"inLanguage\":\"lt-LT\",\"@id\":\"https:\/\/toidupakk.ee\/lt\/#\/schema\/logo\/image\/\",\"url\":\"https:\/\/toidupakk.ee\/wp-content\/uploads\/2022\/01\/Toidupakk-matkapood-logo-transparent.png\",\"contentUrl\":\"https:\/\/toidupakk.ee\/wp-content\/uploads\/2022\/01\/Toidupakk-matkapood-logo-transparent.png\",\"width\":500,\"height\":500,\"caption\":\"Tactical Foodpack matkaeined\"},\"image\":{\"@id\":\"https:\/\/toidupakk.ee\/lt\/#\/schema\/logo\/image\/\"},\"sameAs\":[\"https:\/\/www.facebook.com\/Toidupakk\",\"https:\/\/www.instagram.com\/toidupakk\/\"]}]}<\/script>\n<!-- \/ Yoast SEO plugin. -->","yoast_head_json":{"title":"Maskuojamieji veido da\u017eai (pie\u0161tukas)","description":"\u201eCamouflage\u201c veido da\u017e\u0173 pie\u0161tukas yra dviej\u0173 spalv\u0173 priemon\u0117 veidui ir k\u016bnui maskuoti, padedanti tapti nematomam vietov\u0117je ir susilieti su gamta.","robots":{"index":"index","follow":"follow","max-snippet":"max-snippet:-1","max-image-preview":"max-image-preview:large","max-video-preview":"max-video-preview:-1"},"canonical":"https:\/\/toidupakk.ee\/lt\/toode\/maskuojamieji-veido-dazai-piestukas\/","og_locale":"lt_LT","og_type":"article","og_title":"Maskuojamieji veido da\u017eai (pie\u0161tukas)","og_description":"\u201eCamouflage\u201c veido da\u017e\u0173 pie\u0161tukas yra dviej\u0173 spalv\u0173 priemon\u0117 veidui ir k\u016bnui maskuoti, padedanti tapti nematomam vietov\u0117je ir susilieti su gamta.","og_url":"https:\/\/toidupakk.ee\/lt\/toode\/maskuojamieji-veido-dazai-piestukas\/","og_site_name":"Toidupakk.ee - Tactical Foodpack toidupakid","article_publisher":"https:\/\/www.facebook.com\/Toidupakk","article_modified_time":"2026-04-03T21:01:32+00:00","og_image":[{"width":1080,"height":1080,"url":"https:\/\/toidupakk.ee\/wp-content\/uploads\/2023\/07\/96.png","type":"image\/png"}],"twitter_card":"summary_large_image","twitter_misc":{"Est. reading time":"1 minut\u0117"},"schema":{"@context":"https:\/\/schema.org","@graph":[{"@type":"WebPage","@id":"https:\/\/toidupakk.ee\/lt\/toode\/maskuojamieji-veido-dazai-piestukas\/","url":"https:\/\/toidupakk.ee\/lt\/toode\/maskuojamieji-veido-dazai-piestukas\/","name":"Maskuojamieji veido da\u017eai (pie\u0161tukas)","isPartOf":{"@id":"https:\/\/toidupakk.ee\/lt\/#website"},"primaryImageOfPage":{"@id":"https:\/\/toidupakk.ee\/lt\/toode\/maskuojamieji-veido-dazai-piestukas\/#primaryimage"},"image":{"@id":"https:\/\/toidupakk.ee\/lt\/toode\/maskuojamieji-veido-dazai-piestukas\/#primaryimage"},"thumbnailUrl":"https:\/\/toidupakk.ee\/wp-content\/uploads\/2023\/07\/96.png","datePublished":"2023-07-24T13:05:24+00:00","dateModified":"2026-04-03T21:01:32+00:00","description":"\u201eCamouflage\u201c veido da\u017e\u0173 pie\u0161tukas yra dviej\u0173 spalv\u0173 priemon\u0117 veidui ir k\u016bnui maskuoti, padedanti tapti nematomam vietov\u0117je ir susilieti su gamta.","breadcrumb":{"@id":"https:\/\/toidupakk.ee\/lt\/toode\/maskuojamieji-veido-dazai-piestukas\/#breadcrumb"},"inLanguage":"lt-LT","potentialAction":[{"@type":"ReadAction","target":["https:\/\/toidupakk.ee\/lt\/toode\/maskuojamieji-veido-dazai-piestukas\/"]}]},{"@type":"ImageObject","inLanguage":"lt-LT","@id":"https:\/\/toidupakk.ee\/lt\/toode\/maskuojamieji-veido-dazai-piestukas\/#primaryimage","url":"https:\/\/toidupakk.ee\/wp-content\/uploads\/2023\/07\/96.png","contentUrl":"https:\/\/toidupakk.ee\/wp-content\/uploads\/2023\/07\/96.png","width":1080,"height":1080,"caption":"N\u00e4ov\u00e4rvid Camouflage pulk"},{"@type":"BreadcrumbList","@id":"https:\/\/toidupakk.ee\/lt\/toode\/maskuojamieji-veido-dazai-piestukas\/#breadcrumb","itemListElement":[{"@type":"ListItem","position":1,"name":"Avaleht","item":"https:\/\/toidupakk.ee\/lt\/"},{"@type":"ListItem","position":2,"name":"El. parduotuv\u0117","item":"https:\/\/toidupakk.ee\/lt\/el-parduotuve\/"},{"@type":"ListItem","position":3,"name":"Maskuojamieji veido da\u017eai (pie\u0161tukas)"}]},{"@type":"WebSite","@id":"https:\/\/toidupakk.ee\/lt\/#website","url":"https:\/\/toidupakk.ee\/lt\/","name":"Toidupakk.ee - Tactical Foodpack toidupakid","description":"Tactical Foodpack k\u00fclmkuivatatud toidupakid ja matkaeined","publisher":{"@id":"https:\/\/toidupakk.ee\/lt\/#organization"},"potentialAction":[{"@type":"SearchAction","target":{"@type":"EntryPoint","urlTemplate":"https:\/\/toidupakk.ee\/lt\/?s={search_term_string}"},"query-input":{"@type":"PropertyValueSpecification","valueRequired":true,"valueName":"search_term_string"}}],"inLanguage":"lt-LT"},{"@type":"Organization","@id":"https:\/\/toidupakk.ee\/lt\/#organization","name":"Tactical Foodpack matkaeined","url":"https:\/\/toidupakk.ee\/lt\/","logo":{"@type":"ImageObject","inLanguage":"lt-LT","@id":"https:\/\/toidupakk.ee\/lt\/#\/schema\/logo\/image\/","url":"https:\/\/toidupakk.ee\/wp-content\/uploads\/2022\/01\/Toidupakk-matkapood-logo-transparent.png","contentUrl":"https:\/\/toidupakk.ee\/wp-content\/uploads\/2022\/01\/Toidupakk-matkapood-logo-transparent.png","width":500,"height":500,"caption":"Tactical Foodpack matkaeined"},"image":{"@id":"https:\/\/toidupakk.ee\/lt\/#\/schema\/logo\/image\/"},"sameAs":["https:\/\/www.facebook.com\/Toidupakk","https:\/\/www.instagram.com\/toidupakk\/"]}]}},"jetpack_sharing_enabled":true,"_links":{"self":[{"href":"https:\/\/toidupakk.ee\/lt\/wp-json\/wp\/v2\/product\/48193","targetHints":{"allow":["GET"]}}],"collection":[{"href":"https:\/\/toidupakk.ee\/lt\/wp-json\/wp\/v2\/product"}],"about":[{"href":"https:\/\/toidupakk.ee\/lt\/wp-json\/wp\/v2\/types\/product"}],"replies":[{"embeddable":true,"href":"https:\/\/toidupakk.ee\/lt\/wp-json\/wp\/v2\/comments?post=48193"}],"wp:featuredmedia":[{"embeddable":true,"href":"https:\/\/toidupakk.ee\/lt\/wp-json\/wp\/v2\/media\/12115"}],"wp:attachment":[{"href":"https:\/\/toidupakk.ee\/lt\/wp-json\/wp\/v2\/media?parent=48193"}],"wp:term":[{"taxonomy":"product_brand","embeddable":true,"href":"https:\/\/toidupakk.ee\/lt\/wp-json\/wp\/v2\/product_brand?post=48193"},{"taxonomy":"product_cat","embeddable":true,"href":"https:\/\/toidupakk.ee\/lt\/wp-json\/wp\/v2\/product_cat?post=48193"},{"taxonomy":"product_tag","embeddable":true,"href":"https:\/\/toidupakk.ee\/lt\/wp-json\/wp\/v2\/product_tag?post=48193"}],"curies":[{"name":"wp","href":"https:\/\/api.w.org\/{rel}","templated":true}]}}