{"id":48172,"date":"2023-07-21T11:09:01","date_gmt":"2023-07-21T08:09:01","guid":{"rendered":"https:\/\/toidupakk.ee\/toode\/palapine-robson-2\/"},"modified":"2026-04-29T16:32:07","modified_gmt":"2026-04-29T13:32:07","slug":"palapine-robson-2","status":"publish","type":"product","link":"https:\/\/toidupakk.ee\/lt\/toode\/palapine-robson-2\/","title":{"rendered":"Palapin\u0117 Robson 2"},"content":{"rendered":"<h1>Palapin\u0117 Robson 2<\/h1>\n<p>Palapin\u0117 Robson 2 suteikia daug erdv\u0117s dviem \u017emon\u0117ms ir j\u0173 asmeniniams daiktams. Palapin\u0117 yra tunelin\u0117s konstrukcijos, kuri u\u017etikrina puik\u0173 i\u0161ilgin\u012f atsparum\u0105 v\u0117jui ir patikim\u0105 apsaug\u0105 nuo \u012fvairi\u0173 oro s\u0105lyg\u0173. Be to, \u0161i palapin\u0117 turi kv\u0117puojan\u010di\u0105 vidin\u0119 dal\u012f su tinkleliu nuo vabzd\u017ei\u0173, u\u017etikrinan\u010di\u0105 ger\u0105 mikroklimat\u0105 ir ventiliacij\u0105. Tai leid\u017eia orui cirkuliuoti palapin\u0117je bei garantuoja patog\u0173 ir malon\u0173 mieg\u0105.   <\/p>\n<p><img fetchpriority=\"high\" decoding=\"async\" class=\"alignnone size-medium wp-image-11348\" src=\"https:\/\/toidupakk.ee\/wp-content\/uploads\/2023\/07\/grandcanyon-logo-300x189.png\" alt=\"\" width=\"300\" height=\"189\" srcset=\"https:\/\/toidupakk.ee\/wp-content\/uploads\/2023\/07\/grandcanyon-logo-300x189.png 300w, https:\/\/toidupakk.ee\/wp-content\/uploads\/2023\/07\/grandcanyon-logo.png 340w\" sizes=\"(max-width: 300px) 100vw, 300px\" \/><\/p>\n<h2>Konstrukcija ir papildomos palapin\u0117s dalys<\/h2>\n<p>Didel\u0117s ventiliacijos angos i\u0161oriniame sluoksnyje u\u017etikrina geresn\u012f oro sraut\u0105 ir padeda i\u0161vengti kondensato susidarymo palapin\u0117je. Tai garantuoja komfort\u0105 ir ger\u0105 savijaut\u0105 bet kuriuo metu. Be to, palapin\u0117s med\u017eiagos ir komponentai yra lengvi, tod\u0117l suma\u017e\u0117ja palapin\u0117s svoris ir pakuot\u0117s dydis. D\u0117l to palapin\u0119 lengva ne\u0161tis bei transportuoti, o tai suteikia daugiau laisv\u0117s imant kit\u0105 \u012frang\u0105.   <\/p>\n<p><img decoding=\"async\" class=\"alignnone size-full wp-image-11651\" src=\"https:\/\/toidupakk.ee\/wp-content\/uploads\/2023\/07\/Robson-2-13.png\" alt=\"\" width=\"250\" height=\"250\" srcset=\"https:\/\/toidupakk.ee\/wp-content\/uploads\/2023\/07\/Robson-2-13.png 250w, https:\/\/toidupakk.ee\/wp-content\/uploads\/2023\/07\/Robson-2-13-100x100.png 100w\" sizes=\"(max-width: 250px) 100vw, 250px\" \/><\/p>\n<p>Palapin\u0117s Robson 2 i\u0161orinis sluoksnis ir dugnas yra padengti poliuretano danga, o si\u016bl\u0117s sandarintos, tod\u0117l u\u017etikrinamas atsparumas vandeniui net ir per stipr\u0173 liet\u0173. Tai leid\u017eia i\u0161likti sausiems ir saugiems, nepriklausomai nuo lietaus intensyvumo ar trukm\u0117s. <\/p>\n<p>Palapin\u0117 taip pat turi kelet\u0105 papildom\u0173 funkcij\u0173, kurios palengvina naudojim\u0105si ja. Priekyje esantis prieangis suteikia papildomos vietos \u0161lapiems ar purviniems daiktams laikyti, tod\u0117l vidin\u0117 palapin\u0117 i\u0161lieka sausa ir \u0161vari. Atspindin\u010dios \u012ftempimo virv\u0117s leid\u017eia geriau matyti palapin\u0119 tamsoje, padeda lengviau rasti stovyklaviet\u0119 ir apsaugo nuo u\u017ekliuvimo.  <\/p>\n<p>Daugiau turizmo preki\u0173 rasi <a href=\"https:\/\/toidupakk.ee\/lt\/tootekategooria\/zygio-iranga\/#section-3-79\">\u010cIA<\/a><\/p>\n<p>O gal domiesi \u017eygio maistu? \u017di\u016br\u0117k <a href=\"\/?product_cat=snakk#section-3-79\">\u010cIA<\/a><\/p>\n<p>Pasisemk \u012fkv\u0117pimo kitiems nuotykiams \u201eToidupakk\u201c <a href=\"https:\/\/www.instagram.com\/toidupakk\/\">Instagram<\/a> ir <a href=\"https:\/\/www.facebook.com\/Toidupakk\/\">Facebook<\/a> paskyrose.<\/p>\n","protected":false},"excerpt":{"rendered":"<p>Palapin\u0117 Robson 2 yra naujausia GRAND CANYON\u00ae prek\u0117s \u017eenklo tunelini\u0173 palapini\u0173 serijos nar\u0117, pasi\u017eyminti erdve, patvarumu ir komfortu. \u0160i 2 asmen\u0173 palapin\u0117 turi vienod\u0105 vidin\u0117s dalies auk\u0161t\u012f ir priekyje esant\u012f prieang\u012f, tod\u0117l yra idealus palydovas \u017eygiams ir kempingui. Palapin\u0117je pakanka vietos 2 \u017emon\u0117ms miegoti, jud\u0117ti ir susid\u0117ti \u012frang\u0105. Palapin\u0117s priekyje yra erdv\u0117 dr\u0117gniems drabu\u017eiams ir lauko avalynei. Kv\u0117puojanti tinklin\u0117 vidin\u0117 dalis saugo nuo uod\u0173 ir kit\u0173 \u012fkyri\u0173 vabzd\u017ei\u0173. Galima statyti atskirai nuo i\u0161orinio sluoksnio.     <\/p>\n<ul>\n<li><strong>Viet\u0173 skai\u010dius:<\/strong> 2 asmenys<\/li>\n<li><strong>Prek\u0117s \u017eenklas:<\/strong> GRAND CANYON\u00ae<\/li>\n<li><strong>I\u0161orinio sluoksnio med\u017eiaga:<\/strong> 100 % poliesteris 68D (190T) \u2013 <em>atsparus vandeniui, atsparus v\u0117jui, kv\u0117puojantis<\/em><\/li>\n<li><strong>Vidin\u0117s palapin\u0117s med\u017eiaga:<\/strong> patvarus tinklinis audinys <em>(apsaugo nuo uod\u0173 ir kit\u0173 vabzd\u017ei\u0173)<\/em><\/li>\n<li><strong>Dugno med\u017eiaga:<\/strong> polietilenas, padengtas poliuretano sluoksniu<\/li>\n<li><strong>Lankai:<\/strong> stiklo pluo\u0161tas<\/li>\n<li><strong>Kuoliukai:<\/strong> plienas<\/li>\n<li><strong>Svoris:<\/strong> 3300 gram\u0173<\/li>\n<li><strong>Matmenys:<\/strong> \u00d816 x 58 cm (supakuotos)<\/li>\n<li><strong>Atsparumas vandeniui:<\/strong> 3000 mm i\u0161orinis sluoksnis, 4000 mm dugnas<\/li>\n<li><strong>Spalva:<\/strong> Blue Grass (m\u0117lyna) arba mi\u0161ko \u017ealia (Capulet Olive)<\/li>\n<\/ul>\n<p>\u2705 Prek\u0117s \u0161iuo metu sand\u0117lyje n\u0117ra<br \/>\n\u2705 Pirk dabar, mok\u0117k v\u0117liau (pal\u016bkanos 0 %)<\/p>\n","protected":false},"featured_media":48185,"comment_status":"open","ping_status":"closed","template":"","meta":{"_acf_changed":false},"product_brand":[],"product_cat":[217,257,189,190],"product_tag":[],"class_list":{"0":"post-48172","1":"product","2":"type-product","3":"status-publish","4":"has-post-thumbnail","6":"product_cat-nakvyne-gamtoje","7":"product_cat-palapines","8":"product_cat-zygio-iranga","9":"product_cat-zygio-prekes","11":"first","12":"instock","13":"taxable","14":"shipping-taxable","15":"purchasable","16":"product-type-variable","17":"has-default-attributes"},"bundled_by":[],"bundle_stock_status":"instock","bundle_stock_quantity":null,"bundle_virtual":false,"bundle_layout":"","bundle_add_to_cart_form_location":"","bundle_editable_in_cart":false,"bundle_sold_individually_context":"","bundle_item_grouping":"","bundle_min_size":"","bundle_max_size":"","bundle_price":[],"bundled_items":[],"bundle_sell_ids":[],"acf":[],"yoast_head":"<!-- This site is optimized with the Yoast SEO plugin v27.3 - https:\/\/yoast.com\/product\/yoast-seo-wordpress\/ -->\n<title>Palapin\u0117 Robson 2<\/title>\n<meta name=\"description\" content=\"Palapin\u0117 Robson 2 yra naujausia GRAND CANYON\u00ae prek\u0117s \u017eenklo \u0161eimos nar\u0117. \u0160i 2 asmen\u0173 tunelin\u0117 palapin\u0117 yra vienodo auk\u0161\u010dio, dvisluoksn\u0117, su prieangiu ir tinkleliu nuo uod\u0173, o sveria tik 3300 g.\" \/>\n<meta name=\"robots\" content=\"index, follow, max-snippet:-1, max-image-preview:large, max-video-preview:-1\" \/>\n<link rel=\"canonical\" href=\"https:\/\/toidupakk.ee\/lt\/toode\/palapine-robson-2\/\" \/>\n<meta property=\"og:locale\" content=\"lt_LT\" \/>\n<meta property=\"og:type\" content=\"article\" \/>\n<meta property=\"og:title\" content=\"Palapin\u0117 Robson 2\" \/>\n<meta property=\"og:description\" content=\"Palapin\u0117 Robson 2 yra naujausia GRAND CANYON\u00ae prek\u0117s \u017eenklo \u0161eimos nar\u0117. \u0160i 2 asmen\u0173 tunelin\u0117 palapin\u0117 yra vienodo auk\u0161\u010dio, dvisluoksn\u0117, su prieangiu ir tinkleliu nuo uod\u0173, o sveria tik 3300 g.\" \/>\n<meta property=\"og:url\" content=\"https:\/\/toidupakk.ee\/lt\/toode\/palapine-robson-2\/\" \/>\n<meta property=\"og:site_name\" content=\"Toidupakk.ee - Tactical Foodpack toidupakid\" \/>\n<meta property=\"article:publisher\" content=\"https:\/\/www.facebook.com\/Toidupakk\" \/>\n<meta property=\"article:modified_time\" content=\"2026-04-29T13:32:07+00:00\" \/>\n<meta property=\"og:image\" content=\"https:\/\/toidupakk.ee\/wp-content\/uploads\/2023\/07\/Robson-2-.png\" \/>\n\t<meta property=\"og:image:width\" content=\"1080\" \/>\n\t<meta property=\"og:image:height\" content=\"1080\" \/>\n\t<meta property=\"og:image:type\" content=\"image\/png\" \/>\n<meta name=\"twitter:card\" content=\"summary_large_image\" \/>\n<meta name=\"twitter:label1\" content=\"Est. reading time\" \/>\n\t<meta name=\"twitter:data1\" content=\"1 minut\u0117\" \/>\n<script type=\"application\/ld+json\" class=\"yoast-schema-graph\">{\"@context\":\"https:\\\/\\\/schema.org\",\"@graph\":[{\"@type\":\"WebPage\",\"@id\":\"https:\\\/\\\/toidupakk.ee\\\/lt\\\/toode\\\/palapine-robson-2\\\/\",\"url\":\"https:\\\/\\\/toidupakk.ee\\\/lt\\\/toode\\\/palapine-robson-2\\\/\",\"name\":\"Palapin\u0117 Robson 2\",\"isPartOf\":{\"@id\":\"https:\\\/\\\/toidupakk.ee\\\/lt\\\/#website\"},\"primaryImageOfPage\":{\"@id\":\"https:\\\/\\\/toidupakk.ee\\\/lt\\\/toode\\\/palapine-robson-2\\\/#primaryimage\"},\"image\":{\"@id\":\"https:\\\/\\\/toidupakk.ee\\\/lt\\\/toode\\\/palapine-robson-2\\\/#primaryimage\"},\"thumbnailUrl\":\"https:\\\/\\\/toidupakk.ee\\\/wp-content\\\/uploads\\\/2023\\\/07\\\/Robson-2-.png\",\"datePublished\":\"2023-07-21T08:09:01+00:00\",\"dateModified\":\"2026-04-29T13:32:07+00:00\",\"description\":\"Palapin\u0117 Robson 2 yra naujausia GRAND CANYON\u00ae prek\u0117s \u017eenklo \u0161eimos nar\u0117. \u0160i 2 asmen\u0173 tunelin\u0117 palapin\u0117 yra vienodo auk\u0161\u010dio, dvisluoksn\u0117, su prieangiu ir tinkleliu nuo uod\u0173, o sveria tik 3300 g.\",\"breadcrumb\":{\"@id\":\"https:\\\/\\\/toidupakk.ee\\\/lt\\\/toode\\\/palapine-robson-2\\\/#breadcrumb\"},\"inLanguage\":\"lt-LT\",\"potentialAction\":[{\"@type\":\"ReadAction\",\"target\":[\"https:\\\/\\\/toidupakk.ee\\\/lt\\\/toode\\\/palapine-robson-2\\\/\"]}]},{\"@type\":\"ImageObject\",\"inLanguage\":\"lt-LT\",\"@id\":\"https:\\\/\\\/toidupakk.ee\\\/lt\\\/toode\\\/palapine-robson-2\\\/#primaryimage\",\"url\":\"https:\\\/\\\/toidupakk.ee\\\/wp-content\\\/uploads\\\/2023\\\/07\\\/Robson-2-.png\",\"contentUrl\":\"https:\\\/\\\/toidupakk.ee\\\/wp-content\\\/uploads\\\/2023\\\/07\\\/Robson-2-.png\",\"width\":1080,\"height\":1080},{\"@type\":\"BreadcrumbList\",\"@id\":\"https:\\\/\\\/toidupakk.ee\\\/lt\\\/toode\\\/palapine-robson-2\\\/#breadcrumb\",\"itemListElement\":[{\"@type\":\"ListItem\",\"position\":1,\"name\":\"Avaleht\",\"item\":\"https:\\\/\\\/toidupakk.ee\\\/lt\\\/\"},{\"@type\":\"ListItem\",\"position\":2,\"name\":\"El. parduotuv\u0117\",\"item\":\"https:\\\/\\\/toidupakk.ee\\\/lt\\\/el-parduotuve\\\/\"},{\"@type\":\"ListItem\",\"position\":3,\"name\":\"Palapin\u0117 Robson 2\"}]},{\"@type\":\"WebSite\",\"@id\":\"https:\\\/\\\/toidupakk.ee\\\/lt\\\/#website\",\"url\":\"https:\\\/\\\/toidupakk.ee\\\/lt\\\/\",\"name\":\"Toidupakk.ee - Tactical Foodpack toidupakid\",\"description\":\"Tactical Foodpack k\u00fclmkuivatatud toidupakid ja matkaeined\",\"publisher\":{\"@id\":\"https:\\\/\\\/toidupakk.ee\\\/lt\\\/#organization\"},\"potentialAction\":[{\"@type\":\"SearchAction\",\"target\":{\"@type\":\"EntryPoint\",\"urlTemplate\":\"https:\\\/\\\/toidupakk.ee\\\/lt\\\/?s={search_term_string}\"},\"query-input\":{\"@type\":\"PropertyValueSpecification\",\"valueRequired\":true,\"valueName\":\"search_term_string\"}}],\"inLanguage\":\"lt-LT\"},{\"@type\":\"Organization\",\"@id\":\"https:\\\/\\\/toidupakk.ee\\\/lt\\\/#organization\",\"name\":\"Tactical Foodpack matkaeined\",\"url\":\"https:\\\/\\\/toidupakk.ee\\\/lt\\\/\",\"logo\":{\"@type\":\"ImageObject\",\"inLanguage\":\"lt-LT\",\"@id\":\"https:\\\/\\\/toidupakk.ee\\\/lt\\\/#\\\/schema\\\/logo\\\/image\\\/\",\"url\":\"https:\\\/\\\/toidupakk.ee\\\/wp-content\\\/uploads\\\/2022\\\/01\\\/Toidupakk-matkapood-logo-transparent.png\",\"contentUrl\":\"https:\\\/\\\/toidupakk.ee\\\/wp-content\\\/uploads\\\/2022\\\/01\\\/Toidupakk-matkapood-logo-transparent.png\",\"width\":500,\"height\":500,\"caption\":\"Tactical Foodpack matkaeined\"},\"image\":{\"@id\":\"https:\\\/\\\/toidupakk.ee\\\/lt\\\/#\\\/schema\\\/logo\\\/image\\\/\"},\"sameAs\":[\"https:\\\/\\\/www.facebook.com\\\/Toidupakk\",\"https:\\\/\\\/www.instagram.com\\\/toidupakk\\\/\"]}]}<\/script>\n<!-- \/ Yoast SEO plugin. -->","yoast_head_json":{"title":"Palapin\u0117 Robson 2","description":"Palapin\u0117 Robson 2 yra naujausia GRAND CANYON\u00ae prek\u0117s \u017eenklo \u0161eimos nar\u0117. \u0160i 2 asmen\u0173 tunelin\u0117 palapin\u0117 yra vienodo auk\u0161\u010dio, dvisluoksn\u0117, su prieangiu ir tinkleliu nuo uod\u0173, o sveria tik 3300 g.","robots":{"index":"index","follow":"follow","max-snippet":"max-snippet:-1","max-image-preview":"max-image-preview:large","max-video-preview":"max-video-preview:-1"},"canonical":"https:\/\/toidupakk.ee\/lt\/toode\/palapine-robson-2\/","og_locale":"lt_LT","og_type":"article","og_title":"Palapin\u0117 Robson 2","og_description":"Palapin\u0117 Robson 2 yra naujausia GRAND CANYON\u00ae prek\u0117s \u017eenklo \u0161eimos nar\u0117. \u0160i 2 asmen\u0173 tunelin\u0117 palapin\u0117 yra vienodo auk\u0161\u010dio, dvisluoksn\u0117, su prieangiu ir tinkleliu nuo uod\u0173, o sveria tik 3300 g.","og_url":"https:\/\/toidupakk.ee\/lt\/toode\/palapine-robson-2\/","og_site_name":"Toidupakk.ee - Tactical Foodpack toidupakid","article_publisher":"https:\/\/www.facebook.com\/Toidupakk","article_modified_time":"2026-04-29T13:32:07+00:00","og_image":[{"width":1080,"height":1080,"url":"https:\/\/toidupakk.ee\/wp-content\/uploads\/2023\/07\/Robson-2-.png","type":"image\/png"}],"twitter_card":"summary_large_image","twitter_misc":{"Est. reading time":"1 minut\u0117"},"schema":{"@context":"https:\/\/schema.org","@graph":[{"@type":"WebPage","@id":"https:\/\/toidupakk.ee\/lt\/toode\/palapine-robson-2\/","url":"https:\/\/toidupakk.ee\/lt\/toode\/palapine-robson-2\/","name":"Palapin\u0117 Robson 2","isPartOf":{"@id":"https:\/\/toidupakk.ee\/lt\/#website"},"primaryImageOfPage":{"@id":"https:\/\/toidupakk.ee\/lt\/toode\/palapine-robson-2\/#primaryimage"},"image":{"@id":"https:\/\/toidupakk.ee\/lt\/toode\/palapine-robson-2\/#primaryimage"},"thumbnailUrl":"https:\/\/toidupakk.ee\/wp-content\/uploads\/2023\/07\/Robson-2-.png","datePublished":"2023-07-21T08:09:01+00:00","dateModified":"2026-04-29T13:32:07+00:00","description":"Palapin\u0117 Robson 2 yra naujausia GRAND CANYON\u00ae prek\u0117s \u017eenklo \u0161eimos nar\u0117. \u0160i 2 asmen\u0173 tunelin\u0117 palapin\u0117 yra vienodo auk\u0161\u010dio, dvisluoksn\u0117, su prieangiu ir tinkleliu nuo uod\u0173, o sveria tik 3300 g.","breadcrumb":{"@id":"https:\/\/toidupakk.ee\/lt\/toode\/palapine-robson-2\/#breadcrumb"},"inLanguage":"lt-LT","potentialAction":[{"@type":"ReadAction","target":["https:\/\/toidupakk.ee\/lt\/toode\/palapine-robson-2\/"]}]},{"@type":"ImageObject","inLanguage":"lt-LT","@id":"https:\/\/toidupakk.ee\/lt\/toode\/palapine-robson-2\/#primaryimage","url":"https:\/\/toidupakk.ee\/wp-content\/uploads\/2023\/07\/Robson-2-.png","contentUrl":"https:\/\/toidupakk.ee\/wp-content\/uploads\/2023\/07\/Robson-2-.png","width":1080,"height":1080},{"@type":"BreadcrumbList","@id":"https:\/\/toidupakk.ee\/lt\/toode\/palapine-robson-2\/#breadcrumb","itemListElement":[{"@type":"ListItem","position":1,"name":"Avaleht","item":"https:\/\/toidupakk.ee\/lt\/"},{"@type":"ListItem","position":2,"name":"El. parduotuv\u0117","item":"https:\/\/toidupakk.ee\/lt\/el-parduotuve\/"},{"@type":"ListItem","position":3,"name":"Palapin\u0117 Robson 2"}]},{"@type":"WebSite","@id":"https:\/\/toidupakk.ee\/lt\/#website","url":"https:\/\/toidupakk.ee\/lt\/","name":"Toidupakk.ee - Tactical Foodpack toidupakid","description":"Tactical Foodpack k\u00fclmkuivatatud toidupakid ja matkaeined","publisher":{"@id":"https:\/\/toidupakk.ee\/lt\/#organization"},"potentialAction":[{"@type":"SearchAction","target":{"@type":"EntryPoint","urlTemplate":"https:\/\/toidupakk.ee\/lt\/?s={search_term_string}"},"query-input":{"@type":"PropertyValueSpecification","valueRequired":true,"valueName":"search_term_string"}}],"inLanguage":"lt-LT"},{"@type":"Organization","@id":"https:\/\/toidupakk.ee\/lt\/#organization","name":"Tactical Foodpack matkaeined","url":"https:\/\/toidupakk.ee\/lt\/","logo":{"@type":"ImageObject","inLanguage":"lt-LT","@id":"https:\/\/toidupakk.ee\/lt\/#\/schema\/logo\/image\/","url":"https:\/\/toidupakk.ee\/wp-content\/uploads\/2022\/01\/Toidupakk-matkapood-logo-transparent.png","contentUrl":"https:\/\/toidupakk.ee\/wp-content\/uploads\/2022\/01\/Toidupakk-matkapood-logo-transparent.png","width":500,"height":500,"caption":"Tactical Foodpack matkaeined"},"image":{"@id":"https:\/\/toidupakk.ee\/lt\/#\/schema\/logo\/image\/"},"sameAs":["https:\/\/www.facebook.com\/Toidupakk","https:\/\/www.instagram.com\/toidupakk\/"]}]}},"jetpack_sharing_enabled":true,"_links":{"self":[{"href":"https:\/\/toidupakk.ee\/lt\/wp-json\/wp\/v2\/product\/48172","targetHints":{"allow":["GET"]}}],"collection":[{"href":"https:\/\/toidupakk.ee\/lt\/wp-json\/wp\/v2\/product"}],"about":[{"href":"https:\/\/toidupakk.ee\/lt\/wp-json\/wp\/v2\/types\/product"}],"replies":[{"embeddable":true,"href":"https:\/\/toidupakk.ee\/lt\/wp-json\/wp\/v2\/comments?post=48172"}],"wp:featuredmedia":[{"embeddable":true,"href":"https:\/\/toidupakk.ee\/lt\/wp-json\/wp\/v2\/media\/48185"}],"wp:attachment":[{"href":"https:\/\/toidupakk.ee\/lt\/wp-json\/wp\/v2\/media?parent=48172"}],"wp:term":[{"taxonomy":"product_brand","embeddable":true,"href":"https:\/\/toidupakk.ee\/lt\/wp-json\/wp\/v2\/product_brand?post=48172"},{"taxonomy":"product_cat","embeddable":true,"href":"https:\/\/toidupakk.ee\/lt\/wp-json\/wp\/v2\/product_cat?post=48172"},{"taxonomy":"product_tag","embeddable":true,"href":"https:\/\/toidupakk.ee\/lt\/wp-json\/wp\/v2\/product_tag?post=48172"}],"curies":[{"name":"wp","href":"https:\/\/api.w.org\/{rel}","templated":true}]}}