{"id":48171,"date":"2023-08-04T12:19:17","date_gmt":"2023-08-04T09:19:17","guid":{"rendered":"https:\/\/toidupakk.ee\/toode\/beisbolo-kepure-baseball-sniper-juoda\/"},"modified":"2026-04-15T13:30:43","modified_gmt":"2026-04-15T10:30:43","slug":"beisbolo-kepure-baseball-sniper-juoda","status":"publish","type":"product","link":"https:\/\/toidupakk.ee\/lt\/toode\/beisbolo-kepure-baseball-sniper-juoda\/","title":{"rendered":"Beisbolo kepur\u0117 \u201eBaseball Sniper\u201c (juoda)"},"content":{"rendered":"<p>\u201eBaseball Sniper\u201c yra madinga ir prakti\u0161ka beisbolo stiliaus kepur\u0117, sukurta patogiam d\u0117v\u0117jimui bet kokioje situacijoje. I\u0161skirtin\u0117 kepur\u0117s savyb\u0117 \u2013 elastingas dir\u017eelis, u\u017etikrinantis tinkam\u0105 ir patog\u0173 prigludim\u0105 prie \u012fvairaus dyd\u017eio galv\u0173, tod\u0117l dydis yra universalus. Pagaminta i\u0161 kokybi\u0161kos med\u017eiagos, kepur\u0117 yra lengva, tod\u0117l ji idealiai tinka kasdienei veiklai ir nuotykiams lauke.  <\/p>\n<p>\u201eBaseball Sniper\u201c kepur\u0117 \u017einoma d\u0117l savo paprasto ir nesenstan\u010dio dizaino, kur\u012f puikiai papildo auk\u0161tesnio profilio i\u0161lenktas snapelis. \u0160i stilinga kepur\u0117 puikiai saugo nuo tiesiogini\u0173 saul\u0117s spinduli\u0173, suteikdama komfort\u0105 ir aki\u0173 apsaug\u0105 spiginant saulei ar \u017eygi\u0173 metu. Taip pat kepur\u0117 padeda apsaugoti veid\u0105 nuo v\u0117jo, u\u017etikrindama malon\u0173 d\u0117v\u0117jim\u0105 net ir v\u0117sesn\u0117mis dienomis.  <\/p>\n<p>\u201e101INC\u201c prek\u0117s \u017eenklas gars\u0117ja auk\u0161tos kokyb\u0117s drabu\u017eiais bei aksesuarais, ir \u0161i beisbolo stiliaus kepur\u0117 n\u0117ra i\u0161imtis. Prek\u0117s \u017eenklo pavadinimas suteikia pasitik\u0117jimo gaminio kokybe, patvarumu ir patikimumu. Paprastas ir eleganti\u0161kas kepur\u0117s dizainas paver\u010dia j\u0105 universaliu pasirinkimu, tinkan\u010diu tiek vyrams, tiek moterims, bei puikiai papildan\u010diu kasdien\u0119 ar sportin\u0119 aprang\u0105.  <\/p>\n<p>Pasisemk \u012fkv\u0117pimo kitiems nuotykiams Toidupakk <a href=\"https:\/\/www.instagram.com\/toidupakk\/\">Instagram<\/a> ir <a href=\"https:\/\/www.facebook.com\/Toidupakk\/\">Facebook<\/a> paskyrose.<\/p>\n<p>\u017dygio reikmenis ap\u017ei\u016br\u0117k <a href=\"https:\/\/toidupakk.ee\/lt\/tootekategooria\/zygio-iranga\/#section-3-79\">\u010cIA<\/a>.<\/p>\n","protected":false},"excerpt":{"rendered":"<p>\u201eBaseball Sniper\u201c yra madinga ir prakti\u0161ka beisbolo kepur\u0117, suteikianti patogum\u0105 bet kokioje situacijoje. Tai ideali kepur\u0117 tau, jei ie\u0161kai visi\u0161kai juodos beisbolo kepur\u0117s. Paprastas jos dizainas puikiai tinka tiek vyrams, tiek moterims, o elastingas dir\u017eelis u\u017etikrina tinkam\u0105 prigludim\u0105 prie \u012fvairaus dyd\u017eio galv\u0173. I\u0161lenktas snapelis saugo akis nuo saul\u0117s spinduli\u0173.   <\/p>\n<p>Spalva: all black<\/p>\n<p>\u2705 Pristatymas per 1\u20133 darbo dienas<br \/>\n\u2705 NEMOKAMAS gr\u0105\u017einimas ir keitimas<\/p>\n","protected":false},"featured_media":12401,"comment_status":"open","ping_status":"closed","template":"","meta":{"_acf_changed":false},"product_brand":[],"product_cat":[284,191,189,190],"product_tag":[],"class_list":{"0":"post-48171","1":"product","2":"type-product","3":"status-publish","4":"has-post-thumbnail","6":"product_cat-beisbolo-kepures","7":"product_cat-drabuziai","8":"product_cat-zygio-iranga","9":"product_cat-zygio-prekes","11":"first","12":"instock","13":"sale","14":"taxable","15":"shipping-taxable","16":"purchasable","17":"product-type-simple"},"bundled_by":[],"bundle_stock_status":"instock","bundle_stock_quantity":4,"bundle_virtual":false,"bundle_layout":"","bundle_add_to_cart_form_location":"","bundle_editable_in_cart":false,"bundle_sold_individually_context":"","bundle_item_grouping":"","bundle_min_size":"","bundle_max_size":"","bundle_price":[],"bundled_items":[],"bundle_sell_ids":[],"acf":[],"yoast_head":"<!-- This site is optimized with the Yoast SEO plugin v27.3 - https:\/\/yoast.com\/product\/yoast-seo-wordpress\/ -->\n<title>Beisbolo kepur\u0117 \u201eBaseball Sniper\u201c (juoda)<\/title>\n<meta name=\"description\" content=\"\u201eBaseball Sniper\u201c \u2013 tai prakti\u0161ka ir stilinga beisbolo kepur\u0117, u\u017etikrinanti patogum\u0105 bei apsaug\u0105 nuo saul\u0117s ir v\u0117jo.\" \/>\n<meta name=\"robots\" content=\"index, follow, max-snippet:-1, max-image-preview:large, max-video-preview:-1\" \/>\n<link rel=\"canonical\" href=\"https:\/\/toidupakk.ee\/lt\/toode\/beisbolo-kepure-baseball-sniper-juoda\/\" \/>\n<meta property=\"og:locale\" content=\"lt_LT\" \/>\n<meta property=\"og:type\" content=\"article\" \/>\n<meta property=\"og:title\" content=\"Beisbolo kepur\u0117 \u201eBaseball Sniper\u201c (juoda)\" \/>\n<meta property=\"og:description\" content=\"\u201eBaseball Sniper\u201c \u2013 tai prakti\u0161ka ir stilinga beisbolo kepur\u0117, u\u017etikrinanti patogum\u0105 bei apsaug\u0105 nuo saul\u0117s ir v\u0117jo.\" \/>\n<meta property=\"og:url\" content=\"https:\/\/toidupakk.ee\/lt\/toode\/beisbolo-kepure-baseball-sniper-juoda\/\" \/>\n<meta property=\"og:site_name\" content=\"Toidupakk.ee - Tactical Foodpack toidupakid\" \/>\n<meta property=\"article:publisher\" content=\"https:\/\/www.facebook.com\/Toidupakk\" \/>\n<meta property=\"article:modified_time\" content=\"2026-04-15T10:30:43+00:00\" \/>\n<meta property=\"og:image\" content=\"https:\/\/toidupakk.ee\/wp-content\/uploads\/2023\/08\/Baseball-Sniper-nokamuts120.png\" \/>\n\t<meta property=\"og:image:width\" content=\"1080\" \/>\n\t<meta property=\"og:image:height\" content=\"1080\" \/>\n\t<meta property=\"og:image:type\" content=\"image\/png\" \/>\n<meta name=\"twitter:card\" content=\"summary_large_image\" \/>\n<meta name=\"twitter:label1\" content=\"Est. reading time\" \/>\n\t<meta name=\"twitter:data1\" content=\"1 minut\u0117\" \/>\n<script type=\"application\/ld+json\" class=\"yoast-schema-graph\">{\"@context\":\"https:\\\/\\\/schema.org\",\"@graph\":[{\"@type\":\"WebPage\",\"@id\":\"https:\\\/\\\/toidupakk.ee\\\/lt\\\/toode\\\/beisbolo-kepure-baseball-sniper-juoda\\\/\",\"url\":\"https:\\\/\\\/toidupakk.ee\\\/lt\\\/toode\\\/beisbolo-kepure-baseball-sniper-juoda\\\/\",\"name\":\"Beisbolo kepur\u0117 \u201eBaseball Sniper\u201c (juoda)\",\"isPartOf\":{\"@id\":\"https:\\\/\\\/toidupakk.ee\\\/lt\\\/#website\"},\"primaryImageOfPage\":{\"@id\":\"https:\\\/\\\/toidupakk.ee\\\/lt\\\/toode\\\/beisbolo-kepure-baseball-sniper-juoda\\\/#primaryimage\"},\"image\":{\"@id\":\"https:\\\/\\\/toidupakk.ee\\\/lt\\\/toode\\\/beisbolo-kepure-baseball-sniper-juoda\\\/#primaryimage\"},\"thumbnailUrl\":\"https:\\\/\\\/toidupakk.ee\\\/wp-content\\\/uploads\\\/2023\\\/08\\\/Baseball-Sniper-nokamuts120.png\",\"datePublished\":\"2023-08-04T09:19:17+00:00\",\"dateModified\":\"2026-04-15T10:30:43+00:00\",\"description\":\"\u201eBaseball Sniper\u201c \u2013 tai prakti\u0161ka ir stilinga beisbolo kepur\u0117, u\u017etikrinanti patogum\u0105 bei apsaug\u0105 nuo saul\u0117s ir v\u0117jo.\",\"breadcrumb\":{\"@id\":\"https:\\\/\\\/toidupakk.ee\\\/lt\\\/toode\\\/beisbolo-kepure-baseball-sniper-juoda\\\/#breadcrumb\"},\"inLanguage\":\"lt-LT\",\"potentialAction\":[{\"@type\":\"ReadAction\",\"target\":[\"https:\\\/\\\/toidupakk.ee\\\/lt\\\/toode\\\/beisbolo-kepure-baseball-sniper-juoda\\\/\"]}]},{\"@type\":\"ImageObject\",\"inLanguage\":\"lt-LT\",\"@id\":\"https:\\\/\\\/toidupakk.ee\\\/lt\\\/toode\\\/beisbolo-kepure-baseball-sniper-juoda\\\/#primaryimage\",\"url\":\"https:\\\/\\\/toidupakk.ee\\\/wp-content\\\/uploads\\\/2023\\\/08\\\/Baseball-Sniper-nokamuts120.png\",\"contentUrl\":\"https:\\\/\\\/toidupakk.ee\\\/wp-content\\\/uploads\\\/2023\\\/08\\\/Baseball-Sniper-nokamuts120.png\",\"width\":1080,\"height\":1080,\"caption\":\"Baseball Sniper nokam\u00fcts 1\"},{\"@type\":\"BreadcrumbList\",\"@id\":\"https:\\\/\\\/toidupakk.ee\\\/lt\\\/toode\\\/beisbolo-kepure-baseball-sniper-juoda\\\/#breadcrumb\",\"itemListElement\":[{\"@type\":\"ListItem\",\"position\":1,\"name\":\"Avaleht\",\"item\":\"https:\\\/\\\/toidupakk.ee\\\/lt\\\/\"},{\"@type\":\"ListItem\",\"position\":2,\"name\":\"El. parduotuv\u0117\",\"item\":\"https:\\\/\\\/toidupakk.ee\\\/lt\\\/el-parduotuve\\\/\"},{\"@type\":\"ListItem\",\"position\":3,\"name\":\"Beisbolo kepur\u0117 \u201eBaseball Sniper\u201c (juoda)\"}]},{\"@type\":\"WebSite\",\"@id\":\"https:\\\/\\\/toidupakk.ee\\\/lt\\\/#website\",\"url\":\"https:\\\/\\\/toidupakk.ee\\\/lt\\\/\",\"name\":\"Toidupakk.ee - Tactical Foodpack toidupakid\",\"description\":\"Tactical Foodpack k\u00fclmkuivatatud toidupakid ja matkaeined\",\"publisher\":{\"@id\":\"https:\\\/\\\/toidupakk.ee\\\/lt\\\/#organization\"},\"potentialAction\":[{\"@type\":\"SearchAction\",\"target\":{\"@type\":\"EntryPoint\",\"urlTemplate\":\"https:\\\/\\\/toidupakk.ee\\\/lt\\\/?s={search_term_string}\"},\"query-input\":{\"@type\":\"PropertyValueSpecification\",\"valueRequired\":true,\"valueName\":\"search_term_string\"}}],\"inLanguage\":\"lt-LT\"},{\"@type\":\"Organization\",\"@id\":\"https:\\\/\\\/toidupakk.ee\\\/lt\\\/#organization\",\"name\":\"Tactical Foodpack matkaeined\",\"url\":\"https:\\\/\\\/toidupakk.ee\\\/lt\\\/\",\"logo\":{\"@type\":\"ImageObject\",\"inLanguage\":\"lt-LT\",\"@id\":\"https:\\\/\\\/toidupakk.ee\\\/lt\\\/#\\\/schema\\\/logo\\\/image\\\/\",\"url\":\"https:\\\/\\\/toidupakk.ee\\\/wp-content\\\/uploads\\\/2022\\\/01\\\/Toidupakk-matkapood-logo-transparent.png\",\"contentUrl\":\"https:\\\/\\\/toidupakk.ee\\\/wp-content\\\/uploads\\\/2022\\\/01\\\/Toidupakk-matkapood-logo-transparent.png\",\"width\":500,\"height\":500,\"caption\":\"Tactical Foodpack matkaeined\"},\"image\":{\"@id\":\"https:\\\/\\\/toidupakk.ee\\\/lt\\\/#\\\/schema\\\/logo\\\/image\\\/\"},\"sameAs\":[\"https:\\\/\\\/www.facebook.com\\\/Toidupakk\",\"https:\\\/\\\/www.instagram.com\\\/toidupakk\\\/\"]}]}<\/script>\n<!-- \/ Yoast SEO plugin. -->","yoast_head_json":{"title":"Beisbolo kepur\u0117 \u201eBaseball Sniper\u201c (juoda)","description":"\u201eBaseball Sniper\u201c \u2013 tai prakti\u0161ka ir stilinga beisbolo kepur\u0117, u\u017etikrinanti patogum\u0105 bei apsaug\u0105 nuo saul\u0117s ir v\u0117jo.","robots":{"index":"index","follow":"follow","max-snippet":"max-snippet:-1","max-image-preview":"max-image-preview:large","max-video-preview":"max-video-preview:-1"},"canonical":"https:\/\/toidupakk.ee\/lt\/toode\/beisbolo-kepure-baseball-sniper-juoda\/","og_locale":"lt_LT","og_type":"article","og_title":"Beisbolo kepur\u0117 \u201eBaseball Sniper\u201c (juoda)","og_description":"\u201eBaseball Sniper\u201c \u2013 tai prakti\u0161ka ir stilinga beisbolo kepur\u0117, u\u017etikrinanti patogum\u0105 bei apsaug\u0105 nuo saul\u0117s ir v\u0117jo.","og_url":"https:\/\/toidupakk.ee\/lt\/toode\/beisbolo-kepure-baseball-sniper-juoda\/","og_site_name":"Toidupakk.ee - Tactical Foodpack toidupakid","article_publisher":"https:\/\/www.facebook.com\/Toidupakk","article_modified_time":"2026-04-15T10:30:43+00:00","og_image":[{"width":1080,"height":1080,"url":"https:\/\/toidupakk.ee\/wp-content\/uploads\/2023\/08\/Baseball-Sniper-nokamuts120.png","type":"image\/png"}],"twitter_card":"summary_large_image","twitter_misc":{"Est. reading time":"1 minut\u0117"},"schema":{"@context":"https:\/\/schema.org","@graph":[{"@type":"WebPage","@id":"https:\/\/toidupakk.ee\/lt\/toode\/beisbolo-kepure-baseball-sniper-juoda\/","url":"https:\/\/toidupakk.ee\/lt\/toode\/beisbolo-kepure-baseball-sniper-juoda\/","name":"Beisbolo kepur\u0117 \u201eBaseball Sniper\u201c (juoda)","isPartOf":{"@id":"https:\/\/toidupakk.ee\/lt\/#website"},"primaryImageOfPage":{"@id":"https:\/\/toidupakk.ee\/lt\/toode\/beisbolo-kepure-baseball-sniper-juoda\/#primaryimage"},"image":{"@id":"https:\/\/toidupakk.ee\/lt\/toode\/beisbolo-kepure-baseball-sniper-juoda\/#primaryimage"},"thumbnailUrl":"https:\/\/toidupakk.ee\/wp-content\/uploads\/2023\/08\/Baseball-Sniper-nokamuts120.png","datePublished":"2023-08-04T09:19:17+00:00","dateModified":"2026-04-15T10:30:43+00:00","description":"\u201eBaseball Sniper\u201c \u2013 tai prakti\u0161ka ir stilinga beisbolo kepur\u0117, u\u017etikrinanti patogum\u0105 bei apsaug\u0105 nuo saul\u0117s ir v\u0117jo.","breadcrumb":{"@id":"https:\/\/toidupakk.ee\/lt\/toode\/beisbolo-kepure-baseball-sniper-juoda\/#breadcrumb"},"inLanguage":"lt-LT","potentialAction":[{"@type":"ReadAction","target":["https:\/\/toidupakk.ee\/lt\/toode\/beisbolo-kepure-baseball-sniper-juoda\/"]}]},{"@type":"ImageObject","inLanguage":"lt-LT","@id":"https:\/\/toidupakk.ee\/lt\/toode\/beisbolo-kepure-baseball-sniper-juoda\/#primaryimage","url":"https:\/\/toidupakk.ee\/wp-content\/uploads\/2023\/08\/Baseball-Sniper-nokamuts120.png","contentUrl":"https:\/\/toidupakk.ee\/wp-content\/uploads\/2023\/08\/Baseball-Sniper-nokamuts120.png","width":1080,"height":1080,"caption":"Baseball Sniper nokam\u00fcts 1"},{"@type":"BreadcrumbList","@id":"https:\/\/toidupakk.ee\/lt\/toode\/beisbolo-kepure-baseball-sniper-juoda\/#breadcrumb","itemListElement":[{"@type":"ListItem","position":1,"name":"Avaleht","item":"https:\/\/toidupakk.ee\/lt\/"},{"@type":"ListItem","position":2,"name":"El. parduotuv\u0117","item":"https:\/\/toidupakk.ee\/lt\/el-parduotuve\/"},{"@type":"ListItem","position":3,"name":"Beisbolo kepur\u0117 \u201eBaseball Sniper\u201c (juoda)"}]},{"@type":"WebSite","@id":"https:\/\/toidupakk.ee\/lt\/#website","url":"https:\/\/toidupakk.ee\/lt\/","name":"Toidupakk.ee - Tactical Foodpack toidupakid","description":"Tactical Foodpack k\u00fclmkuivatatud toidupakid ja matkaeined","publisher":{"@id":"https:\/\/toidupakk.ee\/lt\/#organization"},"potentialAction":[{"@type":"SearchAction","target":{"@type":"EntryPoint","urlTemplate":"https:\/\/toidupakk.ee\/lt\/?s={search_term_string}"},"query-input":{"@type":"PropertyValueSpecification","valueRequired":true,"valueName":"search_term_string"}}],"inLanguage":"lt-LT"},{"@type":"Organization","@id":"https:\/\/toidupakk.ee\/lt\/#organization","name":"Tactical Foodpack matkaeined","url":"https:\/\/toidupakk.ee\/lt\/","logo":{"@type":"ImageObject","inLanguage":"lt-LT","@id":"https:\/\/toidupakk.ee\/lt\/#\/schema\/logo\/image\/","url":"https:\/\/toidupakk.ee\/wp-content\/uploads\/2022\/01\/Toidupakk-matkapood-logo-transparent.png","contentUrl":"https:\/\/toidupakk.ee\/wp-content\/uploads\/2022\/01\/Toidupakk-matkapood-logo-transparent.png","width":500,"height":500,"caption":"Tactical Foodpack matkaeined"},"image":{"@id":"https:\/\/toidupakk.ee\/lt\/#\/schema\/logo\/image\/"},"sameAs":["https:\/\/www.facebook.com\/Toidupakk","https:\/\/www.instagram.com\/toidupakk\/"]}]}},"jetpack_sharing_enabled":true,"_links":{"self":[{"href":"https:\/\/toidupakk.ee\/lt\/wp-json\/wp\/v2\/product\/48171","targetHints":{"allow":["GET"]}}],"collection":[{"href":"https:\/\/toidupakk.ee\/lt\/wp-json\/wp\/v2\/product"}],"about":[{"href":"https:\/\/toidupakk.ee\/lt\/wp-json\/wp\/v2\/types\/product"}],"replies":[{"embeddable":true,"href":"https:\/\/toidupakk.ee\/lt\/wp-json\/wp\/v2\/comments?post=48171"}],"wp:featuredmedia":[{"embeddable":true,"href":"https:\/\/toidupakk.ee\/lt\/wp-json\/wp\/v2\/media\/12401"}],"wp:attachment":[{"href":"https:\/\/toidupakk.ee\/lt\/wp-json\/wp\/v2\/media?parent=48171"}],"wp:term":[{"taxonomy":"product_brand","embeddable":true,"href":"https:\/\/toidupakk.ee\/lt\/wp-json\/wp\/v2\/product_brand?post=48171"},{"taxonomy":"product_cat","embeddable":true,"href":"https:\/\/toidupakk.ee\/lt\/wp-json\/wp\/v2\/product_cat?post=48171"},{"taxonomy":"product_tag","embeddable":true,"href":"https:\/\/toidupakk.ee\/lt\/wp-json\/wp\/v2\/product_tag?post=48171"}],"curies":[{"name":"wp","href":"https:\/\/api.w.org\/{rel}","templated":true}]}}