{"id":48151,"date":"2023-07-18T13:22:37","date_gmt":"2023-07-18T10:22:37","guid":{"rendered":"https:\/\/toidupakk.ee\/toode\/palapine-apex-1\/"},"modified":"2026-04-29T16:32:10","modified_gmt":"2026-04-29T13:32:10","slug":"palapine-apex-1","status":"publish","type":"product","link":"https:\/\/toidupakk.ee\/lt\/toode\/palapine-apex-1\/","title":{"rendered":"Palapin\u0117 \u201eApex 1\u201c"},"content":{"rendered":"<h1>Palapin\u0117 \u201eApex 1\u201c<\/h1>\n<p>Palapin\u0117 APEX 1 \u2013 naujausias GRAND CANYON palapini\u0173 serijos papildymas. Geodezinio kupolo architekt\u016bra ir aerodinamin\u0117 forma paver\u010dia APEX 1 tvirtu ir patikimu \u017eygi\u0173 palydovu. Ant uol\u0117to ar sm\u0117l\u0117to pavir\u0161iaus j\u0105 galima pastatyti be kuoliuk\u0173. Palapin\u0117je pakanka vietos 1\u20132 asmenims ir j\u0173 \u017eygio \u012frangai. \u0160oninis prieangis skirtas \u0161lapiems drabu\u017eiams ir purviniems batams.    <\/p>\n<p><img fetchpriority=\"high\" decoding=\"async\" class=\"alignnone size-full wp-image-11442\" src=\"https:\/\/toidupakk.ee\/wp-content\/uploads\/2023\/07\/apex-1-2.png\" alt=\"\" width=\"250\" height=\"250\" srcset=\"https:\/\/toidupakk.ee\/wp-content\/uploads\/2023\/07\/apex-1-2.png 250w, https:\/\/toidupakk.ee\/wp-content\/uploads\/2023\/07\/apex-1-2-100x100.png 100w\" sizes=\"(max-width: 250px) 100vw, 250px\" \/><\/p>\n<h2>Palapin\u0117 \u201eApex 1\u201c \u2013 kokios med\u017eiagos naudojamos?<\/h2>\n<p>Palapin\u0117s dangos ir konstrukcijos med\u017eiagos yra itin lengvos. Naudojamos plonos, bet patvarios \u201ei\u0161maniosios\u201c med\u017eiagos. D\u0117l to bendras palapin\u0117s svoris yra minimalus, tod\u0117l j\u0105 patogu ne\u0161tis p\u0117s\u010di\u0173j\u0173 \u017eygiuose. I\u0161orinis sluoksnis ir dugnas padengti poliuretanu, u\u017etikrinan\u010diu puik\u0173 atsparum\u0105 vandeniui. Si\u016bl\u0117s sandarintos. Tai leis tau jaustis patogiai, \u0161iltai ir sausai net ir dr\u0117gnu oru.      <\/p>\n<p><img decoding=\"async\" class=\"alignnone size-medium wp-image-11348\" src=\"https:\/\/toidupakk.ee\/wp-content\/uploads\/2023\/07\/grandcanyon-logo-300x189.png\" alt=\"\" width=\"300\" height=\"189\" srcset=\"https:\/\/toidupakk.ee\/wp-content\/uploads\/2023\/07\/grandcanyon-logo-300x189.png 300w, https:\/\/toidupakk.ee\/wp-content\/uploads\/2023\/07\/grandcanyon-logo.png 340w\" sizes=\"(max-width: 300px) 100vw, 300px\" \/><\/p>\n<p>&nbsp;<\/p>\n<h2>Papildomos palapin\u0117s dalys<\/h2>\n<p>Po palapin\u0117s danga yra erdv\u0117, kurioje gali laikyti savo \u012frang\u0105 saugiai ir arti sav\u0119s. Ji skirta dr\u0117gniems drabu\u017eiams, batams ir kuprinei. D\u0117l to vidin\u0117 miegamoji dalis i\u0161lieka sausa. Galvos srityje esantis lankas yra didesnis ir auk\u0161tesnis, tod\u0117l palapin\u0117je daugiau erdv\u0117s ir patogiau jud\u0117ti.   <\/p>\n<p>SVARBU! Palapin\u0117s virv\u0117s yra su at\u0161vaitais, tod\u0117l tamsoje jos kur kas geriau matomos. Daugiau jokio u\u017ekliuvimo u\u017e virvi\u0173 nakt\u012f. Be to, taip lengviau rasi savo palapin\u0119 tamsoje.   <\/p>\n<p>Per\u017ei\u016br\u0117k kitas \u017eygio prekes <a href=\"https:\/\/toidupakk.ee\/lt\/tootekategooria\/zygio-iranga\/#section-3-79\">\u010cIA<\/a><\/p>\n<p>O gal domiesi \u017eygio maistu? \u017di\u016br\u0117k <a href=\"\/?product_cat=snakk#section-3-79\">\u010cIA<\/a><\/p>\n<p>Pasisemk \u012fkv\u0117pimo kitiems nuotykiams \u201eToidupakk\u201c <a href=\"https:\/\/www.instagram.com\/toidupakk\/\">Instagram<\/a> ir <a href=\"https:\/\/www.facebook.com\/Toidupakk\/\">Facebook<\/a> paskyrose.<\/p>\n","protected":false},"excerpt":{"rendered":"<p>Palapin\u0117 APEX 1 yra naujausia GRAND CANYON\u00ae prek\u0117s \u017eenklo palapin\u0117, skirta 1\u20132 asmenims ir j\u0173 \u012frangai. Aerodinamin\u0117 forma u\u017etikrina ypating\u0105 palapin\u0117s stabilum\u0105 ir tvirtum\u0105 v\u0117juotomis s\u0105lygomis. Sm\u0117l\u0117toje ar uol\u0117toje vietov\u0117je palapin\u0119 galima naudoti ir be kuoliuk\u0173. Palapin\u0117je pakanka vietos 1\u20132 asmenims miegoti ir \u012frangai susid\u0117ti. Palapin\u0117s \u0161one yra papildoma erdv\u0117 dr\u0117gniems drabu\u017eiams ir lauko avalynei. Kv\u0117puojanti tinklin\u0117 vidin\u0117 dalis saugo nuo uod\u0173 ir kit\u0173 \u012fkyri\u0173 vabzd\u017ei\u0173. Galima statyti atskirai nuo i\u0161orinio sluoksnio.      <\/p>\n<ul>\n<li><strong>Viet\u0173 skai\u010dius:<\/strong> nuo 1 iki 2 asmen\u0173<\/li>\n<li><strong>Prek\u0117s \u017eenklas:<\/strong> GRAND CANYON\u00ae<\/li>\n<li><strong>I\u0161orinio sluoksnio med\u017eiaga:<\/strong> 100 % poliesteris 68D (190T) \u2013 <em>atsparus vandeniui, v\u0117jui, kv\u0117puojantis<\/em><\/li>\n<li><strong>Vidin\u0117s palapin\u0117s med\u017eiaga:<\/strong> patvarus tinklinis audinys <em>(saugo nuo uod\u0173 ir kit\u0173 vabzd\u017ei\u0173)<\/em><\/li>\n<li><strong>Grind\u0173 danga:<\/strong> polietilenas, padengtas poliuretano sluoksniu<\/li>\n<li><strong>Lankai:<\/strong> stiklo pluo\u0161tas<\/li>\n<li><strong>Kuoliukai:<\/strong> plienas<\/li>\n<li><strong>Svoris:<\/strong> 2350 gram\u0173<\/li>\n<li><strong>Matmenys:<\/strong> 15 x 58 cm (supakuotos)<\/li>\n<li><strong>Matmenys pastatytos:<\/strong> 235 x 165 x 80 cm<\/li>\n<li><strong>Atsparumas vandeniui:<\/strong> 3000 mm<\/li>\n<li><strong>Spalva:<\/strong> Blue Grass (m\u0117lyna) arba Capulet Olive (\u017ealia)<\/li>\n<li><strong>Komplekte:<\/strong> virv\u0117s, kuoliukai, krep\u0161ys, vidin\u0117 palapin\u0117, i\u0161orin\u0117 palapin\u0117 ir at\u0161vaitai<\/li>\n<li><strong>Tinkamas sezonas:<\/strong> pavasaris, vasara, ruduo<\/li>\n<\/ul>\n<p>\u2705 Turime sand\u0117lyje, greitas pristatymas per 1\u20133 d. d.<br \/>\n\u2705 NEMOKAMAS gr\u0105\u017einimas ir keitimas<br \/>\n\u2705 Pirk dabar, mok\u0117k v\u0117liau (pal\u016bkanos 0 %)<\/p>\n","protected":false},"featured_media":48165,"comment_status":"open","ping_status":"closed","template":"","meta":{"_acf_changed":false},"product_brand":[],"product_cat":[217,257,189,190],"product_tag":[],"class_list":{"0":"post-48151","1":"product","2":"type-product","3":"status-publish","4":"has-post-thumbnail","6":"product_cat-nakvyne-gamtoje","7":"product_cat-palapines","8":"product_cat-zygio-iranga","9":"product_cat-zygio-prekes","11":"first","12":"instock","13":"taxable","14":"shipping-taxable","15":"purchasable","16":"product-type-variable","17":"has-default-attributes"},"bundled_by":[],"bundle_stock_status":"instock","bundle_stock_quantity":1,"bundle_virtual":false,"bundle_layout":"","bundle_add_to_cart_form_location":"","bundle_editable_in_cart":false,"bundle_sold_individually_context":"","bundle_item_grouping":"","bundle_min_size":"","bundle_max_size":"","bundle_price":[],"bundled_items":[],"bundle_sell_ids":[],"acf":[],"yoast_head":"<!-- This site is optimized with the Yoast SEO plugin v27.3 - https:\/\/yoast.com\/product\/yoast-seo-wordpress\/ -->\n<title>Palapin\u0117 \u201eApex 1\u201c<\/title>\n<meta name=\"description\" content=\"Palapin\u0117 APEX 1 yra naujausia GRAND CANYON\u00ae prek\u0117s \u017eenklo palapin\u0117, skirta 1\u20132 asmenims ir \u012frangai. Aerodinamin\u0117 forma u\u017etikrina ypating\u0105 palapin\u0117s stabilum\u0105 v\u0117juotomis s\u0105lygomis.\" \/>\n<meta name=\"robots\" content=\"index, follow, max-snippet:-1, max-image-preview:large, max-video-preview:-1\" \/>\n<link rel=\"canonical\" href=\"https:\/\/toidupakk.ee\/lt\/toode\/palapine-apex-1\/\" \/>\n<meta property=\"og:locale\" content=\"lt_LT\" \/>\n<meta property=\"og:type\" content=\"article\" \/>\n<meta property=\"og:title\" content=\"Palapin\u0117 \u201eApex 1\u201c\" \/>\n<meta property=\"og:description\" content=\"Palapin\u0117 APEX 1 yra naujausia GRAND CANYON\u00ae prek\u0117s \u017eenklo palapin\u0117, skirta 1\u20132 asmenims ir \u012frangai. Aerodinamin\u0117 forma u\u017etikrina ypating\u0105 palapin\u0117s stabilum\u0105 v\u0117juotomis s\u0105lygomis.\" \/>\n<meta property=\"og:url\" content=\"https:\/\/toidupakk.ee\/lt\/toode\/palapine-apex-1\/\" \/>\n<meta property=\"og:site_name\" content=\"Toidupakk.ee - Tactical Foodpack toidupakid\" \/>\n<meta property=\"article:publisher\" content=\"https:\/\/www.facebook.com\/Toidupakk\" \/>\n<meta property=\"article:modified_time\" content=\"2026-04-29T13:32:10+00:00\" \/>\n<meta property=\"og:image\" content=\"https:\/\/toidupakk.ee\/wp-content\/uploads\/2023\/07\/Telk-Apex-1-.png\" \/>\n\t<meta property=\"og:image:width\" content=\"1080\" \/>\n\t<meta property=\"og:image:height\" content=\"1080\" \/>\n\t<meta property=\"og:image:type\" content=\"image\/png\" \/>\n<meta name=\"twitter:card\" content=\"summary_large_image\" \/>\n<meta name=\"twitter:label1\" content=\"Est. reading time\" \/>\n\t<meta name=\"twitter:data1\" content=\"1 minut\u0117\" \/>\n<script type=\"application\/ld+json\" class=\"yoast-schema-graph\">{\"@context\":\"https:\\\/\\\/schema.org\",\"@graph\":[{\"@type\":\"WebPage\",\"@id\":\"https:\\\/\\\/toidupakk.ee\\\/lt\\\/toode\\\/palapine-apex-1\\\/\",\"url\":\"https:\\\/\\\/toidupakk.ee\\\/lt\\\/toode\\\/palapine-apex-1\\\/\",\"name\":\"Palapin\u0117 \u201eApex 1\u201c\",\"isPartOf\":{\"@id\":\"https:\\\/\\\/toidupakk.ee\\\/lt\\\/#website\"},\"primaryImageOfPage\":{\"@id\":\"https:\\\/\\\/toidupakk.ee\\\/lt\\\/toode\\\/palapine-apex-1\\\/#primaryimage\"},\"image\":{\"@id\":\"https:\\\/\\\/toidupakk.ee\\\/lt\\\/toode\\\/palapine-apex-1\\\/#primaryimage\"},\"thumbnailUrl\":\"https:\\\/\\\/toidupakk.ee\\\/wp-content\\\/uploads\\\/2023\\\/07\\\/Telk-Apex-1-.png\",\"datePublished\":\"2023-07-18T10:22:37+00:00\",\"dateModified\":\"2026-04-29T13:32:10+00:00\",\"description\":\"Palapin\u0117 APEX 1 yra naujausia GRAND CANYON\u00ae prek\u0117s \u017eenklo palapin\u0117, skirta 1\u20132 asmenims ir \u012frangai. Aerodinamin\u0117 forma u\u017etikrina ypating\u0105 palapin\u0117s stabilum\u0105 v\u0117juotomis s\u0105lygomis.\",\"breadcrumb\":{\"@id\":\"https:\\\/\\\/toidupakk.ee\\\/lt\\\/toode\\\/palapine-apex-1\\\/#breadcrumb\"},\"inLanguage\":\"lt-LT\",\"potentialAction\":[{\"@type\":\"ReadAction\",\"target\":[\"https:\\\/\\\/toidupakk.ee\\\/lt\\\/toode\\\/palapine-apex-1\\\/\"]}]},{\"@type\":\"ImageObject\",\"inLanguage\":\"lt-LT\",\"@id\":\"https:\\\/\\\/toidupakk.ee\\\/lt\\\/toode\\\/palapine-apex-1\\\/#primaryimage\",\"url\":\"https:\\\/\\\/toidupakk.ee\\\/wp-content\\\/uploads\\\/2023\\\/07\\\/Telk-Apex-1-.png\",\"contentUrl\":\"https:\\\/\\\/toidupakk.ee\\\/wp-content\\\/uploads\\\/2023\\\/07\\\/Telk-Apex-1-.png\",\"width\":1080,\"height\":1080,\"caption\":\"Palapin\u0117 \u201eApex 1\u201c\"},{\"@type\":\"BreadcrumbList\",\"@id\":\"https:\\\/\\\/toidupakk.ee\\\/lt\\\/toode\\\/palapine-apex-1\\\/#breadcrumb\",\"itemListElement\":[{\"@type\":\"ListItem\",\"position\":1,\"name\":\"Avaleht\",\"item\":\"https:\\\/\\\/toidupakk.ee\\\/lt\\\/\"},{\"@type\":\"ListItem\",\"position\":2,\"name\":\"El. parduotuv\u0117\",\"item\":\"https:\\\/\\\/toidupakk.ee\\\/lt\\\/el-parduotuve\\\/\"},{\"@type\":\"ListItem\",\"position\":3,\"name\":\"Palapin\u0117 \u201eApex 1\u201c\"}]},{\"@type\":\"WebSite\",\"@id\":\"https:\\\/\\\/toidupakk.ee\\\/lt\\\/#website\",\"url\":\"https:\\\/\\\/toidupakk.ee\\\/lt\\\/\",\"name\":\"Toidupakk.ee - Tactical Foodpack toidupakid\",\"description\":\"Tactical Foodpack k\u00fclmkuivatatud toidupakid ja matkaeined\",\"publisher\":{\"@id\":\"https:\\\/\\\/toidupakk.ee\\\/lt\\\/#organization\"},\"potentialAction\":[{\"@type\":\"SearchAction\",\"target\":{\"@type\":\"EntryPoint\",\"urlTemplate\":\"https:\\\/\\\/toidupakk.ee\\\/lt\\\/?s={search_term_string}\"},\"query-input\":{\"@type\":\"PropertyValueSpecification\",\"valueRequired\":true,\"valueName\":\"search_term_string\"}}],\"inLanguage\":\"lt-LT\"},{\"@type\":\"Organization\",\"@id\":\"https:\\\/\\\/toidupakk.ee\\\/lt\\\/#organization\",\"name\":\"Tactical Foodpack matkaeined\",\"url\":\"https:\\\/\\\/toidupakk.ee\\\/lt\\\/\",\"logo\":{\"@type\":\"ImageObject\",\"inLanguage\":\"lt-LT\",\"@id\":\"https:\\\/\\\/toidupakk.ee\\\/lt\\\/#\\\/schema\\\/logo\\\/image\\\/\",\"url\":\"https:\\\/\\\/toidupakk.ee\\\/wp-content\\\/uploads\\\/2022\\\/01\\\/Toidupakk-matkapood-logo-transparent.png\",\"contentUrl\":\"https:\\\/\\\/toidupakk.ee\\\/wp-content\\\/uploads\\\/2022\\\/01\\\/Toidupakk-matkapood-logo-transparent.png\",\"width\":500,\"height\":500,\"caption\":\"Tactical Foodpack matkaeined\"},\"image\":{\"@id\":\"https:\\\/\\\/toidupakk.ee\\\/lt\\\/#\\\/schema\\\/logo\\\/image\\\/\"},\"sameAs\":[\"https:\\\/\\\/www.facebook.com\\\/Toidupakk\",\"https:\\\/\\\/www.instagram.com\\\/toidupakk\\\/\"]}]}<\/script>\n<!-- \/ Yoast SEO plugin. -->","yoast_head_json":{"title":"Palapin\u0117 \u201eApex 1\u201c","description":"Palapin\u0117 APEX 1 yra naujausia GRAND CANYON\u00ae prek\u0117s \u017eenklo palapin\u0117, skirta 1\u20132 asmenims ir \u012frangai. Aerodinamin\u0117 forma u\u017etikrina ypating\u0105 palapin\u0117s stabilum\u0105 v\u0117juotomis s\u0105lygomis.","robots":{"index":"index","follow":"follow","max-snippet":"max-snippet:-1","max-image-preview":"max-image-preview:large","max-video-preview":"max-video-preview:-1"},"canonical":"https:\/\/toidupakk.ee\/lt\/toode\/palapine-apex-1\/","og_locale":"lt_LT","og_type":"article","og_title":"Palapin\u0117 \u201eApex 1\u201c","og_description":"Palapin\u0117 APEX 1 yra naujausia GRAND CANYON\u00ae prek\u0117s \u017eenklo palapin\u0117, skirta 1\u20132 asmenims ir \u012frangai. Aerodinamin\u0117 forma u\u017etikrina ypating\u0105 palapin\u0117s stabilum\u0105 v\u0117juotomis s\u0105lygomis.","og_url":"https:\/\/toidupakk.ee\/lt\/toode\/palapine-apex-1\/","og_site_name":"Toidupakk.ee - Tactical Foodpack toidupakid","article_publisher":"https:\/\/www.facebook.com\/Toidupakk","article_modified_time":"2026-04-29T13:32:10+00:00","og_image":[{"width":1080,"height":1080,"url":"https:\/\/toidupakk.ee\/wp-content\/uploads\/2023\/07\/Telk-Apex-1-.png","type":"image\/png"}],"twitter_card":"summary_large_image","twitter_misc":{"Est. reading time":"1 minut\u0117"},"schema":{"@context":"https:\/\/schema.org","@graph":[{"@type":"WebPage","@id":"https:\/\/toidupakk.ee\/lt\/toode\/palapine-apex-1\/","url":"https:\/\/toidupakk.ee\/lt\/toode\/palapine-apex-1\/","name":"Palapin\u0117 \u201eApex 1\u201c","isPartOf":{"@id":"https:\/\/toidupakk.ee\/lt\/#website"},"primaryImageOfPage":{"@id":"https:\/\/toidupakk.ee\/lt\/toode\/palapine-apex-1\/#primaryimage"},"image":{"@id":"https:\/\/toidupakk.ee\/lt\/toode\/palapine-apex-1\/#primaryimage"},"thumbnailUrl":"https:\/\/toidupakk.ee\/wp-content\/uploads\/2023\/07\/Telk-Apex-1-.png","datePublished":"2023-07-18T10:22:37+00:00","dateModified":"2026-04-29T13:32:10+00:00","description":"Palapin\u0117 APEX 1 yra naujausia GRAND CANYON\u00ae prek\u0117s \u017eenklo palapin\u0117, skirta 1\u20132 asmenims ir \u012frangai. Aerodinamin\u0117 forma u\u017etikrina ypating\u0105 palapin\u0117s stabilum\u0105 v\u0117juotomis s\u0105lygomis.","breadcrumb":{"@id":"https:\/\/toidupakk.ee\/lt\/toode\/palapine-apex-1\/#breadcrumb"},"inLanguage":"lt-LT","potentialAction":[{"@type":"ReadAction","target":["https:\/\/toidupakk.ee\/lt\/toode\/palapine-apex-1\/"]}]},{"@type":"ImageObject","inLanguage":"lt-LT","@id":"https:\/\/toidupakk.ee\/lt\/toode\/palapine-apex-1\/#primaryimage","url":"https:\/\/toidupakk.ee\/wp-content\/uploads\/2023\/07\/Telk-Apex-1-.png","contentUrl":"https:\/\/toidupakk.ee\/wp-content\/uploads\/2023\/07\/Telk-Apex-1-.png","width":1080,"height":1080,"caption":"Palapin\u0117 \u201eApex 1\u201c"},{"@type":"BreadcrumbList","@id":"https:\/\/toidupakk.ee\/lt\/toode\/palapine-apex-1\/#breadcrumb","itemListElement":[{"@type":"ListItem","position":1,"name":"Avaleht","item":"https:\/\/toidupakk.ee\/lt\/"},{"@type":"ListItem","position":2,"name":"El. parduotuv\u0117","item":"https:\/\/toidupakk.ee\/lt\/el-parduotuve\/"},{"@type":"ListItem","position":3,"name":"Palapin\u0117 \u201eApex 1\u201c"}]},{"@type":"WebSite","@id":"https:\/\/toidupakk.ee\/lt\/#website","url":"https:\/\/toidupakk.ee\/lt\/","name":"Toidupakk.ee - Tactical Foodpack toidupakid","description":"Tactical Foodpack k\u00fclmkuivatatud toidupakid ja matkaeined","publisher":{"@id":"https:\/\/toidupakk.ee\/lt\/#organization"},"potentialAction":[{"@type":"SearchAction","target":{"@type":"EntryPoint","urlTemplate":"https:\/\/toidupakk.ee\/lt\/?s={search_term_string}"},"query-input":{"@type":"PropertyValueSpecification","valueRequired":true,"valueName":"search_term_string"}}],"inLanguage":"lt-LT"},{"@type":"Organization","@id":"https:\/\/toidupakk.ee\/lt\/#organization","name":"Tactical Foodpack matkaeined","url":"https:\/\/toidupakk.ee\/lt\/","logo":{"@type":"ImageObject","inLanguage":"lt-LT","@id":"https:\/\/toidupakk.ee\/lt\/#\/schema\/logo\/image\/","url":"https:\/\/toidupakk.ee\/wp-content\/uploads\/2022\/01\/Toidupakk-matkapood-logo-transparent.png","contentUrl":"https:\/\/toidupakk.ee\/wp-content\/uploads\/2022\/01\/Toidupakk-matkapood-logo-transparent.png","width":500,"height":500,"caption":"Tactical Foodpack matkaeined"},"image":{"@id":"https:\/\/toidupakk.ee\/lt\/#\/schema\/logo\/image\/"},"sameAs":["https:\/\/www.facebook.com\/Toidupakk","https:\/\/www.instagram.com\/toidupakk\/"]}]}},"jetpack_sharing_enabled":true,"_links":{"self":[{"href":"https:\/\/toidupakk.ee\/lt\/wp-json\/wp\/v2\/product\/48151","targetHints":{"allow":["GET"]}}],"collection":[{"href":"https:\/\/toidupakk.ee\/lt\/wp-json\/wp\/v2\/product"}],"about":[{"href":"https:\/\/toidupakk.ee\/lt\/wp-json\/wp\/v2\/types\/product"}],"replies":[{"embeddable":true,"href":"https:\/\/toidupakk.ee\/lt\/wp-json\/wp\/v2\/comments?post=48151"}],"wp:featuredmedia":[{"embeddable":true,"href":"https:\/\/toidupakk.ee\/lt\/wp-json\/wp\/v2\/media\/48165"}],"wp:attachment":[{"href":"https:\/\/toidupakk.ee\/lt\/wp-json\/wp\/v2\/media?parent=48151"}],"wp:term":[{"taxonomy":"product_brand","embeddable":true,"href":"https:\/\/toidupakk.ee\/lt\/wp-json\/wp\/v2\/product_brand?post=48151"},{"taxonomy":"product_cat","embeddable":true,"href":"https:\/\/toidupakk.ee\/lt\/wp-json\/wp\/v2\/product_cat?post=48151"},{"taxonomy":"product_tag","embeddable":true,"href":"https:\/\/toidupakk.ee\/lt\/wp-json\/wp\/v2\/product_tag?post=48151"}],"curies":[{"name":"wp","href":"https:\/\/api.w.org\/{rel}","templated":true}]}}