{"id":48141,"date":"2023-07-06T16:36:35","date_gmt":"2023-07-06T13:36:35","guid":{"rendered":"https:\/\/toidupakk.ee\/toode\/vakuuminiai-maisai-drabuziams\/"},"modified":"2026-04-20T13:32:06","modified_gmt":"2026-04-20T10:32:06","slug":"vakuuminiai-maisai-drabuziams","status":"publish","type":"product","link":"https:\/\/toidupakk.ee\/lt\/toode\/vakuuminiai-maisai-drabuziams\/","title":{"rendered":"Vakuuminiai mai\u0161ai drabu\u017eiams"},"content":{"rendered":"<h1><img fetchpriority=\"high\" decoding=\"async\" class=\"alignright wp-image-10992 size-thumbnail\" style=\"font-size: 16px; font-weight: 400;\" src=\"https:\/\/toidupakk.ee\/wp-content\/uploads\/2023\/07\/Vaakumkotid-riietele-5-500x500.png\" alt=\"Vakuuminis mai\u0161as vakuuminei pompai\" width=\"500\" height=\"500\" srcset=\"https:\/\/toidupakk.ee\/wp-content\/uploads\/2023\/07\/Vaakumkotid-riietele-5-500x500.png 500w, https:\/\/toidupakk.ee\/wp-content\/uploads\/2023\/07\/Vaakumkotid-riietele-5-400x400.png 400w, https:\/\/toidupakk.ee\/wp-content\/uploads\/2023\/07\/Vaakumkotid-riietele-5-100x100.png 100w, https:\/\/toidupakk.ee\/wp-content\/uploads\/2023\/07\/Vaakumkotid-riietele-5-800x800.png 800w, https:\/\/toidupakk.ee\/wp-content\/uploads\/2023\/07\/Vaakumkotid-riietele-5-300x300.png 300w, https:\/\/toidupakk.ee\/wp-content\/uploads\/2023\/07\/Vaakumkotid-riietele-5-1024x1024.png 1024w, https:\/\/toidupakk.ee\/wp-content\/uploads\/2023\/07\/Vaakumkotid-riietele-5-768x768.png 768w, https:\/\/toidupakk.ee\/wp-content\/uploads\/2023\/07\/Vaakumkotid-riietele-5.png 1080w\" sizes=\"(max-width: 500px) 100vw, 500px\" \/><\/h1>\n<h1>Vakuuminiai mai\u0161ai FLEXTAIL<\/h1>\n<p>FLEXTAIL vakuuminiai mai\u0161ai yra ideal\u016bs pagalbininkai u\u017etikrinant drabu\u017ei\u0173 \u0161vie\u017eum\u0105 ir taupant viet\u0105. \u0160ie kokybi\u0161ki vakuuminiai mai\u0161ai leid\u017eia sukurti hermeti\u0161k\u0105 aplink\u0105, saugan\u010di\u0105 drabu\u017eius nuo dr\u0117gm\u0117s, dulki\u0173 ir nemaloni\u0173 kvap\u0173. <\/p>\n<p>Vakuuminiai mai\u0161ai FLEXTAIL pagaminti i\u0161 patvarios ir saugios med\u017eiagos, u\u017etikrinan\u010dios ilgalaik\u0119 drabu\u017ei\u0173 apsaug\u0105. Hermeti\u0161kas dizainas neleid\u017eia patekti dulk\u0117ms, dr\u0117gmei ir kvapams.<br \/>\nPaprasta naudoti: \u0161ie vakuuminiai mai\u0161ai turi sandar\u0173 vo\u017etuv\u0105, leid\u017eiant\u012f greitai ir lengvai juos v\u0117l atidaryti \/ u\u017edaryti. Skirti naudoti su <a href=\"https:\/\/toidupakk.ee\/lt\/toode\/akumuliatorine-pripuciamu-ciuziniu-pompa\/\">akumuliatorine oro \u010diu\u017eini\u0173 pompa<\/a> arba \u012fprastu dulki\u0173 siurbliu.  <\/p>\n<p>Didel\u0117 talpa: galima rinktis i\u0161 trij\u0173 skirting\u0173 dyd\u017ei\u0173, \u0161ie vakuuminiai mai\u0161ai idealiai tinka drabu\u017eiams laikyti, nesvarbu, ar tai b\u016bt\u0173 striuk\u0117, suknel\u0117, keln\u0117s ar sezonin\u0117 apranga.<\/p>\n<p><img decoding=\"async\" class=\"alignnone wp-image-10994 size-thumbnail\" src=\"https:\/\/toidupakk.ee\/wp-content\/uploads\/2023\/07\/Vaakumkotid-riietele-7-500x500.jpg\" alt=\"Vakuuminis mai\u0161as atlaisvina 80 % vietos\" width=\"500\" height=\"500\" srcset=\"https:\/\/toidupakk.ee\/wp-content\/uploads\/2023\/07\/Vaakumkotid-riietele-7-500x500.jpg 500w, https:\/\/toidupakk.ee\/wp-content\/uploads\/2023\/07\/Vaakumkotid-riietele-7-400x400.jpg 400w, https:\/\/toidupakk.ee\/wp-content\/uploads\/2023\/07\/Vaakumkotid-riietele-7-100x100.jpg 100w, https:\/\/toidupakk.ee\/wp-content\/uploads\/2023\/07\/Vaakumkotid-riietele-7-800x800.jpg 800w, https:\/\/toidupakk.ee\/wp-content\/uploads\/2023\/07\/Vaakumkotid-riietele-7-300x300.jpg 300w, https:\/\/toidupakk.ee\/wp-content\/uploads\/2023\/07\/Vaakumkotid-riietele-7-1024x1024.jpg 1024w, https:\/\/toidupakk.ee\/wp-content\/uploads\/2023\/07\/Vaakumkotid-riietele-7-768x768.jpg 768w, https:\/\/toidupakk.ee\/wp-content\/uploads\/2023\/07\/Vaakumkotid-riietele-7.jpg 1080w\" sizes=\"(max-width: 500px) 100vw, 500px\" \/><\/p>\n<p>Viet\u0105 taupantis sprendimas: vakuuminiai mai\u0161ai FLEXTAIL leid\u017eia sutaupyti daug vietos spintoje, stal\u010diuje ar lagamine. Tai puikus pasirinkimas keliaujant, kad drabu\u017eiai b\u016bt\u0173 laikomi kompakti\u0161kai ir tvarkingai. <\/p>\n<p><img decoding=\"async\" class=\"alignnone wp-image-10991 size-thumbnail\" src=\"https:\/\/toidupakk.ee\/wp-content\/uploads\/2023\/07\/Vaakumkotid-riietele-4-500x500.png\" alt=\"Vakuuminiai mai\u0161ai 60x80 cm\" width=\"500\" height=\"500\" srcset=\"https:\/\/toidupakk.ee\/wp-content\/uploads\/2023\/07\/Vaakumkotid-riietele-4-500x500.png 500w, https:\/\/toidupakk.ee\/wp-content\/uploads\/2023\/07\/Vaakumkotid-riietele-4-400x400.png 400w, https:\/\/toidupakk.ee\/wp-content\/uploads\/2023\/07\/Vaakumkotid-riietele-4-100x100.png 100w, https:\/\/toidupakk.ee\/wp-content\/uploads\/2023\/07\/Vaakumkotid-riietele-4-800x800.png 800w, https:\/\/toidupakk.ee\/wp-content\/uploads\/2023\/07\/Vaakumkotid-riietele-4-300x300.png 300w, https:\/\/toidupakk.ee\/wp-content\/uploads\/2023\/07\/Vaakumkotid-riietele-4-1024x1024.png 1024w, https:\/\/toidupakk.ee\/wp-content\/uploads\/2023\/07\/Vaakumkotid-riietele-4-768x768.png 768w, https:\/\/toidupakk.ee\/wp-content\/uploads\/2023\/07\/Vaakumkotid-riietele-4.png 1080w\" sizes=\"(max-width: 500px) 100vw, 500px\" \/><br \/>\nNesvarbu, ar tau reikia susid\u0117ti sezoninius drabu\u017eius, sutaupyti vietos lagamine keliaujant, ar palaikyti tvark\u0105 bei \u0161vie\u017eum\u0105 garderobe, FLEXTAIL mai\u0161ai si\u016blo prakti\u0161k\u0105 ir efektyv\u0173 sprendim\u0105. Suteik savo drabu\u017eiams geriausi\u0105 apsaug\u0105 ir naudok FLEXTAIL vakuuminius mai\u0161us! <\/p>\n<p>Nori daugiau vietos savo spintoje? M\u016bs\u0173 vakuuminiai mai\u0161ai drabu\u017eiams yra idealus sprendimas! Naudodamas vakuuminius mai\u0161us, drabu\u017eius gal\u0117si laikyti kompakti\u0161kiau, taip sutaupydamas vietos ir apsaugodamas juos nuo dulki\u0173 bei dr\u0117gm\u0117s.  <\/p>\n<p><strong>Produkto savyb\u0117s:<\/strong><\/p>\n<ul>\n<li><strong>Kompakti\u0161kas laikymas:<\/strong> naudojant vakuuminius mai\u0161us, drabu\u017ei\u0173 t\u016bris suma\u017e\u0117ja iki 80 %, o tai padeda sutaupyti nema\u017eai vietos.<\/li>\n<li><strong>Apsauga nuo dulki\u0173 ir dr\u0117gm\u0117s:<\/strong> \u012f vakuuminius mai\u0161us supakuoti drabu\u017eiai yra apsaugoti nuo dulki\u0173, dr\u0117gm\u0117s ir kenk\u0117j\u0173.<\/li>\n<li><strong>Paprasta naudoti:<\/strong> tiesiog i\u0161trauk or\u0105 i\u0161 vakuumini\u0173 mai\u0161\u0173 dulki\u0173 siurbliu ir u\u017edaryk mai\u0161\u0105. Mai\u0161ams u\u017edaryti pridedamas specialus spaustukas. <\/li>\n<li><strong>Universal\u016bs matmenys:<\/strong> m\u016bs\u0173 rinkinyje yra \u012fvairi\u0173 dyd\u017ei\u0173 mai\u0161\u0173, tinkan\u010di\u0173 tiek ma\u017eesniems daiktams, tiek didesniems drabu\u017eiams ar patalynei.<\/li>\n<li><strong>Daugkartinio naudojimo:<\/strong> vakuuminiai mai\u0161ai pagaminti i\u0161 kokybi\u0161kos ir patvarios med\u017eiagos, u\u017etikrinan\u010dios ilgalaik\u012f j\u0173 naudojim\u0105.<\/li>\n<\/ul>\n<p><strong>Naudojimo instrukcija:<\/strong><\/p>\n<ol>\n<li>\u012ed\u0117k drabu\u017eius \u012f mai\u0161\u0105.<\/li>\n<li>U\u017edaryk mai\u0161\u0105 specialiu spaustuku.<\/li>\n<li>I\u0161trauk or\u0105 i\u0161 mai\u0161o dulki\u0173 siurbliu arba specialia akumuliatorine <a href=\"https:\/\/toidupakk.ee\/lt\/toode\/akumuliatorine-pripuciamu-ciuziniu-pompa\/\">minipompa<\/a>, kuri taip pat tinka \u010diu\u017einiams p\u016bsti ir kartu yra LED \u017eibintas.<\/li>\n<li>Laikyk mai\u0161\u0105 saugioje ir sausoje vietoje.<\/li>\n<\/ol>\n<p><strong>Rinkin\u012f sudaro:<\/strong><\/p>\n<ul>\n<li>4 x vakuuminiai mai\u0161ai<\/li>\n<li>Specialus spaustukas mai\u0161ams u\u017edaryti<\/li>\n<\/ul>\n<p>Daugiau \u017eygio preki\u0173 rasi <a href=\"https:\/\/toidupakk.ee\/lt\/tootekategooria\/zygio-iranga\/#section-3-79\">\u010cIA<\/a><\/p>\n<p>Pasisemk \u012fkv\u0117pimo kitiems nuotykiams Toidupakk <a href=\"https:\/\/www.instagram.com\/toidupakk\/\">Instagram<\/a> ir <a href=\"https:\/\/www.facebook.com\/Toidupakk\/\">Facebook<\/a> paskyrose.<\/p>\n","protected":false},"excerpt":{"rendered":"<p>Vakuuminiai mai\u0161ai padeda sukurti vietos tavo spintose, saugo drabu\u017eius nuo dr\u0117gm\u0117s, nemalonaus kvapo, pel\u0117sio ir vabzd\u017ei\u0173. Idealiai tinka naudoti kartu su <strong><a href=\"https:\/\/toidupakk.ee\/lt\/toode\/akumuliatorine-pripuciamu-ciuziniu-pompa\/\">akumuliatorine \u010diu\u017eini\u0173 pompa<\/a>.<\/strong> Taip pat galima naudoti su \u012fprastu dulki\u0173 siurbliu. <\/p>\n<p><strong>NB! Rinkinyje yra 4 vakuuminiai mai\u0161ai <\/strong><\/p>\n<ul>\n<li><strong>Daugiau vietos spintose<\/strong> \u2013 \u012f vakuuminius mai\u0161us sud\u0117ti drabu\u017eiai ir patalyn\u0117 <strong>tavo spintoje u\u017eims 80 % ma\u017eiau vietos.<\/strong><\/li>\n<li>Sezoniniai drabu\u017eiai, antklod\u0117s, pagalv\u0117s, patalyn\u0117.<\/li>\n<li><strong>Hermeti\u0161ki ir tvirti<\/strong> plastikiniai mai\u0161ai.<\/li>\n<li><strong>Naudok v\u0117l<\/strong> ir v\u0117l.<\/li>\n<li>Saugo drabu\u017eius nuo dr\u0117gm\u0117s, nemalonaus kvapo, pel\u0117sio ir vabzd\u017ei\u0173.<\/li>\n<li>Ideali galimyb\u0117<strong> sand\u0117liuoti \u0161iuo metu nereikalingus drabu\u017eius<\/strong> gara\u017ee, r\u016bsyje, sand\u0117lyje, pal\u0117p\u0117je, lagamine ar spintos apa\u010dioje.<\/li>\n<\/ul>\n<p>\u2705 Turime sand\u0117lyje, greitas pristatymas per 1\u20133 darbo dienas<\/p>\n","protected":false},"featured_media":48142,"comment_status":"open","ping_status":"closed","template":"","meta":{"_acf_changed":false},"product_brand":[],"product_cat":[200,189,190],"product_tag":[],"class_list":{"0":"post-48141","1":"product","2":"type-product","3":"status-publish","4":"has-post-thumbnail","6":"product_cat-praktiskos-dovanu-idejos","7":"product_cat-zygio-iranga","8":"product_cat-zygio-prekes","10":"first","11":"onbackorder","12":"sale","13":"taxable","14":"shipping-taxable","15":"purchasable","16":"product-type-variable","17":"has-default-attributes"},"bundled_by":[],"bundle_stock_status":"onbackorder","bundle_stock_quantity":null,"bundle_virtual":false,"bundle_layout":"","bundle_add_to_cart_form_location":"","bundle_editable_in_cart":false,"bundle_sold_individually_context":"","bundle_item_grouping":"","bundle_min_size":"","bundle_max_size":"","bundle_price":[],"bundled_items":[],"bundle_sell_ids":[],"acf":[],"yoast_head":"<!-- This site is optimized with the Yoast SEO plugin v27.3 - https:\/\/yoast.com\/product\/yoast-seo-wordpress\/ -->\n<title>Vakuuminiai mai\u0161ai drabu\u017eiams FLEXTAIL\u00ae 3 dyd\u017ei\u0173<\/title>\n<meta name=\"description\" content=\"Vakuuminiai mai\u0161ai padeda sukurti vietos tavo spintose, saugo drabu\u017eius nuo dr\u0117gm\u0117s, nemalonaus kvapo, pel\u0117sio ir vabzd\u017ei\u0173.\" \/>\n<meta name=\"robots\" content=\"index, follow, max-snippet:-1, max-image-preview:large, max-video-preview:-1\" \/>\n<link rel=\"canonical\" href=\"https:\/\/toidupakk.ee\/lt\/toode\/vakuuminiai-maisai-drabuziams\/\" \/>\n<meta property=\"og:locale\" content=\"lt_LT\" \/>\n<meta property=\"og:type\" content=\"article\" \/>\n<meta property=\"og:title\" content=\"Vakuuminiai mai\u0161ai drabu\u017eiams FLEXTAIL\u00ae 3 dyd\u017ei\u0173\" \/>\n<meta property=\"og:description\" content=\"Vakuuminiai mai\u0161ai padeda sukurti vietos tavo spintose, saugo drabu\u017eius nuo dr\u0117gm\u0117s, nemalonaus kvapo, pel\u0117sio ir vabzd\u017ei\u0173.\" \/>\n<meta property=\"og:url\" content=\"https:\/\/toidupakk.ee\/lt\/toode\/vakuuminiai-maisai-drabuziams\/\" \/>\n<meta property=\"og:site_name\" content=\"Toidupakk.ee - Tactical Foodpack toidupakid\" \/>\n<meta property=\"article:publisher\" content=\"https:\/\/www.facebook.com\/Toidupakk\" \/>\n<meta property=\"article:modified_time\" content=\"2026-04-20T10:32:06+00:00\" \/>\n<meta property=\"og:image\" content=\"https:\/\/toidupakk.ee\/wp-content\/uploads\/2023\/07\/Vaakumkotid-riietele-1.png\" \/>\n\t<meta property=\"og:image:width\" content=\"1080\" \/>\n\t<meta property=\"og:image:height\" content=\"1080\" \/>\n\t<meta property=\"og:image:type\" content=\"image\/png\" \/>\n<meta name=\"twitter:card\" content=\"summary_large_image\" \/>\n<meta name=\"twitter:label1\" content=\"Est. reading time\" \/>\n\t<meta name=\"twitter:data1\" content=\"2 minut\u0117s\" \/>\n<script type=\"application\/ld+json\" class=\"yoast-schema-graph\">{\"@context\":\"https:\\\/\\\/schema.org\",\"@graph\":[{\"@type\":\"WebPage\",\"@id\":\"https:\\\/\\\/toidupakk.ee\\\/lt\\\/toode\\\/vakuuminiai-maisai-drabuziams\\\/\",\"url\":\"https:\\\/\\\/toidupakk.ee\\\/lt\\\/toode\\\/vakuuminiai-maisai-drabuziams\\\/\",\"name\":\"Vakuuminiai mai\u0161ai drabu\u017eiams FLEXTAIL\u00ae 3 dyd\u017ei\u0173\",\"isPartOf\":{\"@id\":\"https:\\\/\\\/toidupakk.ee\\\/lt\\\/#website\"},\"primaryImageOfPage\":{\"@id\":\"https:\\\/\\\/toidupakk.ee\\\/lt\\\/toode\\\/vakuuminiai-maisai-drabuziams\\\/#primaryimage\"},\"image\":{\"@id\":\"https:\\\/\\\/toidupakk.ee\\\/lt\\\/toode\\\/vakuuminiai-maisai-drabuziams\\\/#primaryimage\"},\"thumbnailUrl\":\"https:\\\/\\\/toidupakk.ee\\\/wp-content\\\/uploads\\\/2023\\\/07\\\/Vaakumkotid-riietele-1.png\",\"datePublished\":\"2023-07-06T13:36:35+00:00\",\"dateModified\":\"2026-04-20T10:32:06+00:00\",\"description\":\"Vakuuminiai mai\u0161ai padeda sukurti vietos tavo spintose, saugo drabu\u017eius nuo dr\u0117gm\u0117s, nemalonaus kvapo, pel\u0117sio ir vabzd\u017ei\u0173.\",\"breadcrumb\":{\"@id\":\"https:\\\/\\\/toidupakk.ee\\\/lt\\\/toode\\\/vakuuminiai-maisai-drabuziams\\\/#breadcrumb\"},\"inLanguage\":\"lt-LT\",\"potentialAction\":[{\"@type\":\"ReadAction\",\"target\":[\"https:\\\/\\\/toidupakk.ee\\\/lt\\\/toode\\\/vakuuminiai-maisai-drabuziams\\\/\"]}]},{\"@type\":\"ImageObject\",\"inLanguage\":\"lt-LT\",\"@id\":\"https:\\\/\\\/toidupakk.ee\\\/lt\\\/toode\\\/vakuuminiai-maisai-drabuziams\\\/#primaryimage\",\"url\":\"https:\\\/\\\/toidupakk.ee\\\/wp-content\\\/uploads\\\/2023\\\/07\\\/Vaakumkotid-riietele-1.png\",\"contentUrl\":\"https:\\\/\\\/toidupakk.ee\\\/wp-content\\\/uploads\\\/2023\\\/07\\\/Vaakumkotid-riietele-1.png\",\"width\":1080,\"height\":1080,\"caption\":\"Vakuuminiai drabu\u017ei\u0173 mai\u0161ai\"},{\"@type\":\"BreadcrumbList\",\"@id\":\"https:\\\/\\\/toidupakk.ee\\\/lt\\\/toode\\\/vakuuminiai-maisai-drabuziams\\\/#breadcrumb\",\"itemListElement\":[{\"@type\":\"ListItem\",\"position\":1,\"name\":\"Avaleht\",\"item\":\"https:\\\/\\\/toidupakk.ee\\\/lt\\\/\"},{\"@type\":\"ListItem\",\"position\":2,\"name\":\"El. parduotuv\u0117\",\"item\":\"https:\\\/\\\/toidupakk.ee\\\/lt\\\/el-parduotuve\\\/\"},{\"@type\":\"ListItem\",\"position\":3,\"name\":\"Vakuuminiai mai\u0161ai drabu\u017eiams\"}]},{\"@type\":\"WebSite\",\"@id\":\"https:\\\/\\\/toidupakk.ee\\\/lt\\\/#website\",\"url\":\"https:\\\/\\\/toidupakk.ee\\\/lt\\\/\",\"name\":\"Toidupakk.ee - Tactical Foodpack toidupakid\",\"description\":\"Tactical Foodpack k\u00fclmkuivatatud toidupakid ja matkaeined\",\"publisher\":{\"@id\":\"https:\\\/\\\/toidupakk.ee\\\/lt\\\/#organization\"},\"potentialAction\":[{\"@type\":\"SearchAction\",\"target\":{\"@type\":\"EntryPoint\",\"urlTemplate\":\"https:\\\/\\\/toidupakk.ee\\\/lt\\\/?s={search_term_string}\"},\"query-input\":{\"@type\":\"PropertyValueSpecification\",\"valueRequired\":true,\"valueName\":\"search_term_string\"}}],\"inLanguage\":\"lt-LT\"},{\"@type\":\"Organization\",\"@id\":\"https:\\\/\\\/toidupakk.ee\\\/lt\\\/#organization\",\"name\":\"Tactical Foodpack matkaeined\",\"url\":\"https:\\\/\\\/toidupakk.ee\\\/lt\\\/\",\"logo\":{\"@type\":\"ImageObject\",\"inLanguage\":\"lt-LT\",\"@id\":\"https:\\\/\\\/toidupakk.ee\\\/lt\\\/#\\\/schema\\\/logo\\\/image\\\/\",\"url\":\"https:\\\/\\\/toidupakk.ee\\\/wp-content\\\/uploads\\\/2022\\\/01\\\/Toidupakk-matkapood-logo-transparent.png\",\"contentUrl\":\"https:\\\/\\\/toidupakk.ee\\\/wp-content\\\/uploads\\\/2022\\\/01\\\/Toidupakk-matkapood-logo-transparent.png\",\"width\":500,\"height\":500,\"caption\":\"Tactical Foodpack matkaeined\"},\"image\":{\"@id\":\"https:\\\/\\\/toidupakk.ee\\\/lt\\\/#\\\/schema\\\/logo\\\/image\\\/\"},\"sameAs\":[\"https:\\\/\\\/www.facebook.com\\\/Toidupakk\",\"https:\\\/\\\/www.instagram.com\\\/toidupakk\\\/\"]}]}<\/script>\n<!-- \/ Yoast SEO plugin. -->","yoast_head_json":{"title":"Vakuuminiai mai\u0161ai drabu\u017eiams FLEXTAIL\u00ae 3 dyd\u017ei\u0173","description":"Vakuuminiai mai\u0161ai padeda sukurti vietos tavo spintose, saugo drabu\u017eius nuo dr\u0117gm\u0117s, nemalonaus kvapo, pel\u0117sio ir vabzd\u017ei\u0173.","robots":{"index":"index","follow":"follow","max-snippet":"max-snippet:-1","max-image-preview":"max-image-preview:large","max-video-preview":"max-video-preview:-1"},"canonical":"https:\/\/toidupakk.ee\/lt\/toode\/vakuuminiai-maisai-drabuziams\/","og_locale":"lt_LT","og_type":"article","og_title":"Vakuuminiai mai\u0161ai drabu\u017eiams FLEXTAIL\u00ae 3 dyd\u017ei\u0173","og_description":"Vakuuminiai mai\u0161ai padeda sukurti vietos tavo spintose, saugo drabu\u017eius nuo dr\u0117gm\u0117s, nemalonaus kvapo, pel\u0117sio ir vabzd\u017ei\u0173.","og_url":"https:\/\/toidupakk.ee\/lt\/toode\/vakuuminiai-maisai-drabuziams\/","og_site_name":"Toidupakk.ee - Tactical Foodpack toidupakid","article_publisher":"https:\/\/www.facebook.com\/Toidupakk","article_modified_time":"2026-04-20T10:32:06+00:00","og_image":[{"width":1080,"height":1080,"url":"https:\/\/toidupakk.ee\/wp-content\/uploads\/2023\/07\/Vaakumkotid-riietele-1.png","type":"image\/png"}],"twitter_card":"summary_large_image","twitter_misc":{"Est. reading time":"2 minut\u0117s"},"schema":{"@context":"https:\/\/schema.org","@graph":[{"@type":"WebPage","@id":"https:\/\/toidupakk.ee\/lt\/toode\/vakuuminiai-maisai-drabuziams\/","url":"https:\/\/toidupakk.ee\/lt\/toode\/vakuuminiai-maisai-drabuziams\/","name":"Vakuuminiai mai\u0161ai drabu\u017eiams FLEXTAIL\u00ae 3 dyd\u017ei\u0173","isPartOf":{"@id":"https:\/\/toidupakk.ee\/lt\/#website"},"primaryImageOfPage":{"@id":"https:\/\/toidupakk.ee\/lt\/toode\/vakuuminiai-maisai-drabuziams\/#primaryimage"},"image":{"@id":"https:\/\/toidupakk.ee\/lt\/toode\/vakuuminiai-maisai-drabuziams\/#primaryimage"},"thumbnailUrl":"https:\/\/toidupakk.ee\/wp-content\/uploads\/2023\/07\/Vaakumkotid-riietele-1.png","datePublished":"2023-07-06T13:36:35+00:00","dateModified":"2026-04-20T10:32:06+00:00","description":"Vakuuminiai mai\u0161ai padeda sukurti vietos tavo spintose, saugo drabu\u017eius nuo dr\u0117gm\u0117s, nemalonaus kvapo, pel\u0117sio ir vabzd\u017ei\u0173.","breadcrumb":{"@id":"https:\/\/toidupakk.ee\/lt\/toode\/vakuuminiai-maisai-drabuziams\/#breadcrumb"},"inLanguage":"lt-LT","potentialAction":[{"@type":"ReadAction","target":["https:\/\/toidupakk.ee\/lt\/toode\/vakuuminiai-maisai-drabuziams\/"]}]},{"@type":"ImageObject","inLanguage":"lt-LT","@id":"https:\/\/toidupakk.ee\/lt\/toode\/vakuuminiai-maisai-drabuziams\/#primaryimage","url":"https:\/\/toidupakk.ee\/wp-content\/uploads\/2023\/07\/Vaakumkotid-riietele-1.png","contentUrl":"https:\/\/toidupakk.ee\/wp-content\/uploads\/2023\/07\/Vaakumkotid-riietele-1.png","width":1080,"height":1080,"caption":"Vakuuminiai drabu\u017ei\u0173 mai\u0161ai"},{"@type":"BreadcrumbList","@id":"https:\/\/toidupakk.ee\/lt\/toode\/vakuuminiai-maisai-drabuziams\/#breadcrumb","itemListElement":[{"@type":"ListItem","position":1,"name":"Avaleht","item":"https:\/\/toidupakk.ee\/lt\/"},{"@type":"ListItem","position":2,"name":"El. parduotuv\u0117","item":"https:\/\/toidupakk.ee\/lt\/el-parduotuve\/"},{"@type":"ListItem","position":3,"name":"Vakuuminiai mai\u0161ai drabu\u017eiams"}]},{"@type":"WebSite","@id":"https:\/\/toidupakk.ee\/lt\/#website","url":"https:\/\/toidupakk.ee\/lt\/","name":"Toidupakk.ee - Tactical Foodpack toidupakid","description":"Tactical Foodpack k\u00fclmkuivatatud toidupakid ja matkaeined","publisher":{"@id":"https:\/\/toidupakk.ee\/lt\/#organization"},"potentialAction":[{"@type":"SearchAction","target":{"@type":"EntryPoint","urlTemplate":"https:\/\/toidupakk.ee\/lt\/?s={search_term_string}"},"query-input":{"@type":"PropertyValueSpecification","valueRequired":true,"valueName":"search_term_string"}}],"inLanguage":"lt-LT"},{"@type":"Organization","@id":"https:\/\/toidupakk.ee\/lt\/#organization","name":"Tactical Foodpack matkaeined","url":"https:\/\/toidupakk.ee\/lt\/","logo":{"@type":"ImageObject","inLanguage":"lt-LT","@id":"https:\/\/toidupakk.ee\/lt\/#\/schema\/logo\/image\/","url":"https:\/\/toidupakk.ee\/wp-content\/uploads\/2022\/01\/Toidupakk-matkapood-logo-transparent.png","contentUrl":"https:\/\/toidupakk.ee\/wp-content\/uploads\/2022\/01\/Toidupakk-matkapood-logo-transparent.png","width":500,"height":500,"caption":"Tactical Foodpack matkaeined"},"image":{"@id":"https:\/\/toidupakk.ee\/lt\/#\/schema\/logo\/image\/"},"sameAs":["https:\/\/www.facebook.com\/Toidupakk","https:\/\/www.instagram.com\/toidupakk\/"]}]}},"jetpack_sharing_enabled":true,"_links":{"self":[{"href":"https:\/\/toidupakk.ee\/lt\/wp-json\/wp\/v2\/product\/48141","targetHints":{"allow":["GET"]}}],"collection":[{"href":"https:\/\/toidupakk.ee\/lt\/wp-json\/wp\/v2\/product"}],"about":[{"href":"https:\/\/toidupakk.ee\/lt\/wp-json\/wp\/v2\/types\/product"}],"replies":[{"embeddable":true,"href":"https:\/\/toidupakk.ee\/lt\/wp-json\/wp\/v2\/comments?post=48141"}],"wp:featuredmedia":[{"embeddable":true,"href":"https:\/\/toidupakk.ee\/lt\/wp-json\/wp\/v2\/media\/48142"}],"wp:attachment":[{"href":"https:\/\/toidupakk.ee\/lt\/wp-json\/wp\/v2\/media?parent=48141"}],"wp:term":[{"taxonomy":"product_brand","embeddable":true,"href":"https:\/\/toidupakk.ee\/lt\/wp-json\/wp\/v2\/product_brand?post=48141"},{"taxonomy":"product_cat","embeddable":true,"href":"https:\/\/toidupakk.ee\/lt\/wp-json\/wp\/v2\/product_cat?post=48141"},{"taxonomy":"product_tag","embeddable":true,"href":"https:\/\/toidupakk.ee\/lt\/wp-json\/wp\/v2\/product_tag?post=48141"}],"curies":[{"name":"wp","href":"https:\/\/api.w.org\/{rel}","templated":true}]}}