{"id":48097,"date":"2023-07-13T17:22:31","date_gmt":"2023-07-13T14:22:31","guid":{"rendered":"https:\/\/toidupakk.ee\/toode\/sulankstomas-stovyklavimo-stalas-su-kedemis\/"},"modified":"2026-04-16T11:30:31","modified_gmt":"2026-04-16T08:30:31","slug":"sulankstomas-stovyklavimo-stalas-su-kedemis","status":"publish","type":"product","link":"https:\/\/toidupakk.ee\/lt\/toode\/sulankstomas-stovyklavimo-stalas-su-kedemis\/","title":{"rendered":"Sulankstomas stovyklavimo stalas su k\u0117d\u0117mis"},"content":{"rendered":"<h1>Sulankstomas stovyklavimo stalas su k\u0117d\u0117mis<\/h1>\n<p>Ie\u0161kai patogaus ir prakti\u0161ko stovyklavimo stalo, prie kurio gal\u0117t\u0173 s\u0117d\u0117ti ir valgyti iki 4 \u017emoni\u0173? Tuomet skaityk toliau. \u0160is sulankstomas stovyklavimo stalas su k\u0117d\u0117mis sukurtas galvojant apie patogum\u0105 ir patvarum\u0105. Stalvir\u0161io matmenys \u2013 120&#215;60 cm, auk\u0161tis reguliuojamas iki 70 cm. Tai rei\u0161kia pakankamai vietos maisto gaminimui, valgymui ir \u017eaidimams. Nesvarbu, ar planuoji vakarieniauti su \u0161eima, ar nori pa\u017eaisti kortomis lauke, \u0161is stalas u\u017etikrins stabil\u0173 pavir\u0161i\u0173 bet kokiai veiklai.     <\/p>\n<p>Be stalo, rinkinyje taip pat yra keturios k\u0117d\u0117s, pagamintos i\u0161 patvari\u0173 med\u017eiag\u0173 ir atsparios \u012fvairioms oro s\u0105lygoms. Ant sulankstom\u0173 k\u0117d\u017ei\u0173 patogu s\u0117d\u0117ti, jas lengva surinkti. Kompakti\u0161kas dizainas leid\u017eia jas paprastai ne\u0161iotis ir transportuoti.  <\/p>\n<p>&nbsp;<\/p>\n<p><img fetchpriority=\"high\" decoding=\"async\" class=\"alignnone wp-image-11383 size-thumbnail\" src=\"https:\/\/toidupakk.ee\/wp-content\/uploads\/2023\/07\/Kokkupandav-matkalaud-toolidega-10-500x500.jpg\" alt=\"sulankstomas stovyklavimo stalas\" width=\"500\" height=\"500\" srcset=\"https:\/\/toidupakk.ee\/wp-content\/uploads\/2023\/07\/Kokkupandav-matkalaud-toolidega-10-500x500.jpg 500w, https:\/\/toidupakk.ee\/wp-content\/uploads\/2023\/07\/Kokkupandav-matkalaud-toolidega-10-400x400.jpg 400w, https:\/\/toidupakk.ee\/wp-content\/uploads\/2023\/07\/Kokkupandav-matkalaud-toolidega-10-100x100.jpg 100w, https:\/\/toidupakk.ee\/wp-content\/uploads\/2023\/07\/Kokkupandav-matkalaud-toolidega-10-800x800.jpg 800w, https:\/\/toidupakk.ee\/wp-content\/uploads\/2023\/07\/Kokkupandav-matkalaud-toolidega-10-300x300.jpg 300w, https:\/\/toidupakk.ee\/wp-content\/uploads\/2023\/07\/Kokkupandav-matkalaud-toolidega-10-1024x1024.jpg 1024w, https:\/\/toidupakk.ee\/wp-content\/uploads\/2023\/07\/Kokkupandav-matkalaud-toolidega-10-768x768.jpg 768w, https:\/\/toidupakk.ee\/wp-content\/uploads\/2023\/07\/Kokkupandav-matkalaud-toolidega-10.jpg 1080w\" sizes=\"(max-width: 500px) 100vw, 500px\" \/><\/p>\n<h2>Sulankstomas stovyklavimo stalas su k\u0117d\u0117mis \u2013 stal\u0105 padenk, pavyzd\u017eiui, specialiu \u017eygi\u0173 maistu<\/h2>\n<p>\u201eToidupakk\u201c el. parduotuv\u0117s asortimente rasi \u201eTactical Foodpack\u201c <a href=\"\/?product_cat=weekpack#section-3-79\">savait\u0117s maisto atsarg\u0173 rinkinius<\/a>, <a href=\"\/?product_cat=combo#section-3-79\">\u0161e\u0161i\u0173 porcij\u0173 kombinuotus paketus<\/a>, <a href=\"\/?product_cat=hommikusook#section-3-79\">skanius pusry\u010dius<\/a>, <a href=\"\/?product_cat=snakk#section-3-79\">u\u017ekand\u017eius<\/a> bei atskirus maisto paketus tiek i\u0161 <a href=\"\/?product_cat=pearoog#section-3-79\">\u201eTactical Foodpack\u201c<\/a>, tiek i\u0161 <a href=\"https:\/\/toidupakk.ee\/lt\/tootekategooria\/meki-maistas-zygiams\/\">\u201eMeki\u201c<\/a>.<br \/>\nTaip pat pasiimk reikiam\u0105 kiek\u012f valgymo \u012franki\u0173, t. y. <a href=\"https:\/\/toidupakk.ee\/tactical-foodpack\/matkalusikas-wildo-spork-3in1\/\">\u0161auk\u0161t\u0161aki\u0173<\/a>, duj\u0173 viryklei \u2013 <a href=\"https:\/\/toidupakk.ee\/tactical-foodpack\/gaasiballoon-matkale-300g-keermega\/\">duj\u0173 balion\u0105<\/a>, pakankamai geriamojo vandens <a href=\"https:\/\/toidupakk.ee\/tactical-foodpack\/joogipudel-mil-tec-06l\/\">butelyje<\/a>, d\u0117l viso pikto \u2013 <a href=\"https:\/\/toidupakk.ee\/tactical-foodpack\/multitooriist-mil-tec-black-cobra\/\">daugiafunkc\u012f \u012frank\u012f<\/a> ir visus reikiamus daiktus susid\u0117k \u012f didel\u0119 <a href=\"https:\/\/toidupakk.ee\/tactical-foodpack\/matka-seljakott-75l-mil-tec\/\">kuprin\u0119<\/a>. <\/p>\n<p>Kaip paruo\u0161ti \u017eygi\u0173 maist\u0105, \u017ei\u016br\u0117k <a href=\"https:\/\/toidupakk.ee\/kuidas-kasutada\/\">\u010cIA<\/a><\/p>\n<p>Visus stovyklavimo reikmenis \u017ei\u016br\u0117k <a href=\"https:\/\/toidupakk.ee\/lt\/tootekategooria\/zygio-iranga\/#section-3-79\">\u010cIA<\/a><\/p>\n<p>Pasisemk \u012fkv\u0117pimo kitiems nuotykiams Toidupakk <a href=\"https:\/\/www.instagram.com\/toidupakk\/\">Instagram<\/a> ir <a href=\"https:\/\/www.facebook.com\/Toidupakk\/\">Facebook<\/a> paskyrose.<\/p>\n","protected":false},"excerpt":{"rendered":"<p><strong>Sulankstomas stovyklavimo stalas su k\u0117d\u0117mis \u2013 rinkinys, kuris stovyklavim\u0105 ir i\u0161kylas pavers malonumu. Planuoji \u017eyg\u012f? Tokiu atveju \u012frangos svoris ir dydis visada svarb\u016bs. Sulankstomas stalo ir k\u0117d\u017ei\u0173 rinkinys yra lengvas ir kompakti\u0161kas. Naudok j\u012f leisti laik\u0105 su \u0161eima gamtoje, s\u0117d\u0117ti su draugais prie lau\u017eo ar tiesiog m\u0117gautis patogia vakariene gryname ore.    <\/strong><\/p>\n<ul>\n<li>Rinkinyje 5 dalys \u2013 sulankstomas stalas ir 4 sulankstomos k\u0117d\u0117s<\/li>\n<li>Stalo matmenys: 120&#215;60 cm (stalvir\u0161is), auk\u0161tis iki 70 cm. Stalo auk\u0161tis reguliuojamas, galima nustatyti 62 cm arba 55 cm auk\u0161t\u012f. <\/li>\n<li>Sulankstyto stalo matmenys: 60x60x6,5 cm<\/li>\n<li>Sulankstomo stalo r\u0117mo viduje yra vietos k\u0117d\u0117ms sud\u0117ti<\/li>\n<li>Med\u017eiaga: lengvas aliuminis.<\/li>\n<li>Stalo apkrova iki 50 kg, k\u0117d\u017ei\u0173 \u2013 iki 110 kg<\/li>\n<li>K\u0117d\u0117s pagamintos i\u0161 aliuminio ir patvaraus \u201eOxford 600D\u201c poliesterio<\/li>\n<li>Tinka naudoti tiek lauke, tiek viduje<\/li>\n<li>Rinkinys lengvas, sveria 6,7 kg (viso rinkinio svoris)<\/li>\n<li>Kompakti\u0161kas dizainas \u2013 u\u017eima ma\u017eai vietos, patogiai telpa, pavyzd\u017eiui, automobilio baga\u017ein\u0117s dugne<\/li>\n<li>Ne\u0161iojamas: kompakti\u0161kas dizainas leid\u017eia lengvai transportuoti<\/li>\n<\/ul>\n<p>\u2705 Turime sand\u0117lyje, greitas pristatymas per 1\u20133 d. d.<br \/>\n\u2705 Pirk dabar, mok\u0117k v\u0117liau (pal\u016bkanos 0 %)<\/p>\n","protected":false},"featured_media":11374,"comment_status":"open","ping_status":"closed","template":"","meta":{"_acf_changed":false},"product_brand":[],"product_cat":[217,189,190,255],"product_tag":[],"class_list":{"0":"post-48097","1":"product","2":"type-product","3":"status-publish","4":"has-post-thumbnail","6":"product_cat-nakvyne-gamtoje","7":"product_cat-zygio-iranga","8":"product_cat-zygio-prekes","9":"product_cat-zygio-stalai","11":"first","12":"instock","13":"sale","14":"taxable","15":"shipping-taxable","16":"purchasable","17":"product-type-simple"},"bundled_by":[],"bundle_stock_status":"instock","bundle_stock_quantity":1,"bundle_virtual":false,"bundle_layout":"","bundle_add_to_cart_form_location":"","bundle_editable_in_cart":false,"bundle_sold_individually_context":"","bundle_item_grouping":"","bundle_min_size":"","bundle_max_size":"","bundle_price":[],"bundled_items":[],"bundle_sell_ids":[],"acf":[],"yoast_head":"<!-- This site is optimized with the Yoast SEO plugin v27.3 - https:\/\/yoast.com\/product\/yoast-seo-wordpress\/ -->\n<title>Sulankstomas stovyklavimo stalas su k\u0117d\u0117mis<\/title>\n<meta name=\"description\" content=\"Sulankstomo stovyklavimo stalo su k\u0117d\u0117mis rinkin\u012f sudaro erdvus valgomojo stalas ir 4 k\u0117d\u0117s, kurios lengvai susilanksto, neu\u017eima vietos automobilyje ir yra lengvos.\" \/>\n<meta name=\"robots\" content=\"index, follow, max-snippet:-1, max-image-preview:large, max-video-preview:-1\" \/>\n<link rel=\"canonical\" href=\"https:\/\/toidupakk.ee\/lt\/toode\/sulankstomas-stovyklavimo-stalas-su-kedemis\/\" \/>\n<meta property=\"og:locale\" content=\"lt_LT\" \/>\n<meta property=\"og:type\" content=\"article\" \/>\n<meta property=\"og:title\" content=\"Sulankstomas stovyklavimo stalas su k\u0117d\u0117mis\" \/>\n<meta property=\"og:description\" content=\"Sulankstomo stovyklavimo stalo su k\u0117d\u0117mis rinkin\u012f sudaro erdvus valgomojo stalas ir 4 k\u0117d\u0117s, kurios lengvai susilanksto, neu\u017eima vietos automobilyje ir yra lengvos.\" \/>\n<meta property=\"og:url\" content=\"https:\/\/toidupakk.ee\/lt\/toode\/sulankstomas-stovyklavimo-stalas-su-kedemis\/\" \/>\n<meta property=\"og:site_name\" content=\"Toidupakk.ee - Tactical Foodpack toidupakid\" \/>\n<meta property=\"article:publisher\" content=\"https:\/\/www.facebook.com\/Toidupakk\" \/>\n<meta property=\"article:modified_time\" content=\"2026-04-16T08:30:31+00:00\" \/>\n<meta property=\"og:image\" content=\"https:\/\/toidupakk.ee\/wp-content\/uploads\/2023\/07\/Kokkupandav-matkalaud-toolidega-1.png\" \/>\n\t<meta property=\"og:image:width\" content=\"1080\" \/>\n\t<meta property=\"og:image:height\" content=\"1080\" \/>\n\t<meta property=\"og:image:type\" content=\"image\/png\" \/>\n<meta name=\"twitter:card\" content=\"summary_large_image\" \/>\n<meta name=\"twitter:label1\" content=\"Est. reading time\" \/>\n\t<meta name=\"twitter:data1\" content=\"1 minut\u0117\" \/>\n<script type=\"application\/ld+json\" class=\"yoast-schema-graph\">{\"@context\":\"https:\\\/\\\/schema.org\",\"@graph\":[{\"@type\":\"WebPage\",\"@id\":\"https:\\\/\\\/toidupakk.ee\\\/lt\\\/toode\\\/sulankstomas-stovyklavimo-stalas-su-kedemis\\\/\",\"url\":\"https:\\\/\\\/toidupakk.ee\\\/lt\\\/toode\\\/sulankstomas-stovyklavimo-stalas-su-kedemis\\\/\",\"name\":\"Sulankstomas stovyklavimo stalas su k\u0117d\u0117mis\",\"isPartOf\":{\"@id\":\"https:\\\/\\\/toidupakk.ee\\\/lt\\\/#website\"},\"primaryImageOfPage\":{\"@id\":\"https:\\\/\\\/toidupakk.ee\\\/lt\\\/toode\\\/sulankstomas-stovyklavimo-stalas-su-kedemis\\\/#primaryimage\"},\"image\":{\"@id\":\"https:\\\/\\\/toidupakk.ee\\\/lt\\\/toode\\\/sulankstomas-stovyklavimo-stalas-su-kedemis\\\/#primaryimage\"},\"thumbnailUrl\":\"https:\\\/\\\/toidupakk.ee\\\/wp-content\\\/uploads\\\/2023\\\/07\\\/Kokkupandav-matkalaud-toolidega-1.png\",\"datePublished\":\"2023-07-13T14:22:31+00:00\",\"dateModified\":\"2026-04-16T08:30:31+00:00\",\"description\":\"Sulankstomo stovyklavimo stalo su k\u0117d\u0117mis rinkin\u012f sudaro erdvus valgomojo stalas ir 4 k\u0117d\u0117s, kurios lengvai susilanksto, neu\u017eima vietos automobilyje ir yra lengvos.\",\"breadcrumb\":{\"@id\":\"https:\\\/\\\/toidupakk.ee\\\/lt\\\/toode\\\/sulankstomas-stovyklavimo-stalas-su-kedemis\\\/#breadcrumb\"},\"inLanguage\":\"lt-LT\",\"potentialAction\":[{\"@type\":\"ReadAction\",\"target\":[\"https:\\\/\\\/toidupakk.ee\\\/lt\\\/toode\\\/sulankstomas-stovyklavimo-stalas-su-kedemis\\\/\"]}]},{\"@type\":\"ImageObject\",\"inLanguage\":\"lt-LT\",\"@id\":\"https:\\\/\\\/toidupakk.ee\\\/lt\\\/toode\\\/sulankstomas-stovyklavimo-stalas-su-kedemis\\\/#primaryimage\",\"url\":\"https:\\\/\\\/toidupakk.ee\\\/wp-content\\\/uploads\\\/2023\\\/07\\\/Kokkupandav-matkalaud-toolidega-1.png\",\"contentUrl\":\"https:\\\/\\\/toidupakk.ee\\\/wp-content\\\/uploads\\\/2023\\\/07\\\/Kokkupandav-matkalaud-toolidega-1.png\",\"width\":1080,\"height\":1080,\"caption\":\"Kokkupandav matkalaud\"},{\"@type\":\"BreadcrumbList\",\"@id\":\"https:\\\/\\\/toidupakk.ee\\\/lt\\\/toode\\\/sulankstomas-stovyklavimo-stalas-su-kedemis\\\/#breadcrumb\",\"itemListElement\":[{\"@type\":\"ListItem\",\"position\":1,\"name\":\"Avaleht\",\"item\":\"https:\\\/\\\/toidupakk.ee\\\/lt\\\/\"},{\"@type\":\"ListItem\",\"position\":2,\"name\":\"El. parduotuv\u0117\",\"item\":\"https:\\\/\\\/toidupakk.ee\\\/lt\\\/el-parduotuve\\\/\"},{\"@type\":\"ListItem\",\"position\":3,\"name\":\"Sulankstomas stovyklavimo stalas su k\u0117d\u0117mis\"}]},{\"@type\":\"WebSite\",\"@id\":\"https:\\\/\\\/toidupakk.ee\\\/lt\\\/#website\",\"url\":\"https:\\\/\\\/toidupakk.ee\\\/lt\\\/\",\"name\":\"Toidupakk.ee - Tactical Foodpack toidupakid\",\"description\":\"Tactical Foodpack k\u00fclmkuivatatud toidupakid ja matkaeined\",\"publisher\":{\"@id\":\"https:\\\/\\\/toidupakk.ee\\\/lt\\\/#organization\"},\"potentialAction\":[{\"@type\":\"SearchAction\",\"target\":{\"@type\":\"EntryPoint\",\"urlTemplate\":\"https:\\\/\\\/toidupakk.ee\\\/lt\\\/?s={search_term_string}\"},\"query-input\":{\"@type\":\"PropertyValueSpecification\",\"valueRequired\":true,\"valueName\":\"search_term_string\"}}],\"inLanguage\":\"lt-LT\"},{\"@type\":\"Organization\",\"@id\":\"https:\\\/\\\/toidupakk.ee\\\/lt\\\/#organization\",\"name\":\"Tactical Foodpack matkaeined\",\"url\":\"https:\\\/\\\/toidupakk.ee\\\/lt\\\/\",\"logo\":{\"@type\":\"ImageObject\",\"inLanguage\":\"lt-LT\",\"@id\":\"https:\\\/\\\/toidupakk.ee\\\/lt\\\/#\\\/schema\\\/logo\\\/image\\\/\",\"url\":\"https:\\\/\\\/toidupakk.ee\\\/wp-content\\\/uploads\\\/2022\\\/01\\\/Toidupakk-matkapood-logo-transparent.png\",\"contentUrl\":\"https:\\\/\\\/toidupakk.ee\\\/wp-content\\\/uploads\\\/2022\\\/01\\\/Toidupakk-matkapood-logo-transparent.png\",\"width\":500,\"height\":500,\"caption\":\"Tactical Foodpack matkaeined\"},\"image\":{\"@id\":\"https:\\\/\\\/toidupakk.ee\\\/lt\\\/#\\\/schema\\\/logo\\\/image\\\/\"},\"sameAs\":[\"https:\\\/\\\/www.facebook.com\\\/Toidupakk\",\"https:\\\/\\\/www.instagram.com\\\/toidupakk\\\/\"]}]}<\/script>\n<!-- \/ Yoast SEO plugin. -->","yoast_head_json":{"title":"Sulankstomas stovyklavimo stalas su k\u0117d\u0117mis","description":"Sulankstomo stovyklavimo stalo su k\u0117d\u0117mis rinkin\u012f sudaro erdvus valgomojo stalas ir 4 k\u0117d\u0117s, kurios lengvai susilanksto, neu\u017eima vietos automobilyje ir yra lengvos.","robots":{"index":"index","follow":"follow","max-snippet":"max-snippet:-1","max-image-preview":"max-image-preview:large","max-video-preview":"max-video-preview:-1"},"canonical":"https:\/\/toidupakk.ee\/lt\/toode\/sulankstomas-stovyklavimo-stalas-su-kedemis\/","og_locale":"lt_LT","og_type":"article","og_title":"Sulankstomas stovyklavimo stalas su k\u0117d\u0117mis","og_description":"Sulankstomo stovyklavimo stalo su k\u0117d\u0117mis rinkin\u012f sudaro erdvus valgomojo stalas ir 4 k\u0117d\u0117s, kurios lengvai susilanksto, neu\u017eima vietos automobilyje ir yra lengvos.","og_url":"https:\/\/toidupakk.ee\/lt\/toode\/sulankstomas-stovyklavimo-stalas-su-kedemis\/","og_site_name":"Toidupakk.ee - Tactical Foodpack toidupakid","article_publisher":"https:\/\/www.facebook.com\/Toidupakk","article_modified_time":"2026-04-16T08:30:31+00:00","og_image":[{"width":1080,"height":1080,"url":"https:\/\/toidupakk.ee\/wp-content\/uploads\/2023\/07\/Kokkupandav-matkalaud-toolidega-1.png","type":"image\/png"}],"twitter_card":"summary_large_image","twitter_misc":{"Est. reading time":"1 minut\u0117"},"schema":{"@context":"https:\/\/schema.org","@graph":[{"@type":"WebPage","@id":"https:\/\/toidupakk.ee\/lt\/toode\/sulankstomas-stovyklavimo-stalas-su-kedemis\/","url":"https:\/\/toidupakk.ee\/lt\/toode\/sulankstomas-stovyklavimo-stalas-su-kedemis\/","name":"Sulankstomas stovyklavimo stalas su k\u0117d\u0117mis","isPartOf":{"@id":"https:\/\/toidupakk.ee\/lt\/#website"},"primaryImageOfPage":{"@id":"https:\/\/toidupakk.ee\/lt\/toode\/sulankstomas-stovyklavimo-stalas-su-kedemis\/#primaryimage"},"image":{"@id":"https:\/\/toidupakk.ee\/lt\/toode\/sulankstomas-stovyklavimo-stalas-su-kedemis\/#primaryimage"},"thumbnailUrl":"https:\/\/toidupakk.ee\/wp-content\/uploads\/2023\/07\/Kokkupandav-matkalaud-toolidega-1.png","datePublished":"2023-07-13T14:22:31+00:00","dateModified":"2026-04-16T08:30:31+00:00","description":"Sulankstomo stovyklavimo stalo su k\u0117d\u0117mis rinkin\u012f sudaro erdvus valgomojo stalas ir 4 k\u0117d\u0117s, kurios lengvai susilanksto, neu\u017eima vietos automobilyje ir yra lengvos.","breadcrumb":{"@id":"https:\/\/toidupakk.ee\/lt\/toode\/sulankstomas-stovyklavimo-stalas-su-kedemis\/#breadcrumb"},"inLanguage":"lt-LT","potentialAction":[{"@type":"ReadAction","target":["https:\/\/toidupakk.ee\/lt\/toode\/sulankstomas-stovyklavimo-stalas-su-kedemis\/"]}]},{"@type":"ImageObject","inLanguage":"lt-LT","@id":"https:\/\/toidupakk.ee\/lt\/toode\/sulankstomas-stovyklavimo-stalas-su-kedemis\/#primaryimage","url":"https:\/\/toidupakk.ee\/wp-content\/uploads\/2023\/07\/Kokkupandav-matkalaud-toolidega-1.png","contentUrl":"https:\/\/toidupakk.ee\/wp-content\/uploads\/2023\/07\/Kokkupandav-matkalaud-toolidega-1.png","width":1080,"height":1080,"caption":"Kokkupandav matkalaud"},{"@type":"BreadcrumbList","@id":"https:\/\/toidupakk.ee\/lt\/toode\/sulankstomas-stovyklavimo-stalas-su-kedemis\/#breadcrumb","itemListElement":[{"@type":"ListItem","position":1,"name":"Avaleht","item":"https:\/\/toidupakk.ee\/lt\/"},{"@type":"ListItem","position":2,"name":"El. parduotuv\u0117","item":"https:\/\/toidupakk.ee\/lt\/el-parduotuve\/"},{"@type":"ListItem","position":3,"name":"Sulankstomas stovyklavimo stalas su k\u0117d\u0117mis"}]},{"@type":"WebSite","@id":"https:\/\/toidupakk.ee\/lt\/#website","url":"https:\/\/toidupakk.ee\/lt\/","name":"Toidupakk.ee - Tactical Foodpack toidupakid","description":"Tactical Foodpack k\u00fclmkuivatatud toidupakid ja matkaeined","publisher":{"@id":"https:\/\/toidupakk.ee\/lt\/#organization"},"potentialAction":[{"@type":"SearchAction","target":{"@type":"EntryPoint","urlTemplate":"https:\/\/toidupakk.ee\/lt\/?s={search_term_string}"},"query-input":{"@type":"PropertyValueSpecification","valueRequired":true,"valueName":"search_term_string"}}],"inLanguage":"lt-LT"},{"@type":"Organization","@id":"https:\/\/toidupakk.ee\/lt\/#organization","name":"Tactical Foodpack matkaeined","url":"https:\/\/toidupakk.ee\/lt\/","logo":{"@type":"ImageObject","inLanguage":"lt-LT","@id":"https:\/\/toidupakk.ee\/lt\/#\/schema\/logo\/image\/","url":"https:\/\/toidupakk.ee\/wp-content\/uploads\/2022\/01\/Toidupakk-matkapood-logo-transparent.png","contentUrl":"https:\/\/toidupakk.ee\/wp-content\/uploads\/2022\/01\/Toidupakk-matkapood-logo-transparent.png","width":500,"height":500,"caption":"Tactical Foodpack matkaeined"},"image":{"@id":"https:\/\/toidupakk.ee\/lt\/#\/schema\/logo\/image\/"},"sameAs":["https:\/\/www.facebook.com\/Toidupakk","https:\/\/www.instagram.com\/toidupakk\/"]}]}},"jetpack_sharing_enabled":true,"_links":{"self":[{"href":"https:\/\/toidupakk.ee\/lt\/wp-json\/wp\/v2\/product\/48097","targetHints":{"allow":["GET"]}}],"collection":[{"href":"https:\/\/toidupakk.ee\/lt\/wp-json\/wp\/v2\/product"}],"about":[{"href":"https:\/\/toidupakk.ee\/lt\/wp-json\/wp\/v2\/types\/product"}],"replies":[{"embeddable":true,"href":"https:\/\/toidupakk.ee\/lt\/wp-json\/wp\/v2\/comments?post=48097"}],"wp:featuredmedia":[{"embeddable":true,"href":"https:\/\/toidupakk.ee\/lt\/wp-json\/wp\/v2\/media\/11374"}],"wp:attachment":[{"href":"https:\/\/toidupakk.ee\/lt\/wp-json\/wp\/v2\/media?parent=48097"}],"wp:term":[{"taxonomy":"product_brand","embeddable":true,"href":"https:\/\/toidupakk.ee\/lt\/wp-json\/wp\/v2\/product_brand?post=48097"},{"taxonomy":"product_cat","embeddable":true,"href":"https:\/\/toidupakk.ee\/lt\/wp-json\/wp\/v2\/product_cat?post=48097"},{"taxonomy":"product_tag","embeddable":true,"href":"https:\/\/toidupakk.ee\/lt\/wp-json\/wp\/v2\/product_tag?post=48097"}],"curies":[{"name":"wp","href":"https:\/\/api.w.org\/{rel}","templated":true}]}}